{"id":311431,"date":"2022-11-21T14:47:31","date_gmt":"2022-11-21T14:47:31","guid":{"rendered":""},"modified":"2023-08-22T11:10:20","modified_gmt":"2023-08-22T11:10:20","slug":"resurssit-ammattilaisille","status":"publish","type":"page","link":"https:\/\/v2charge.com\/fi\/resurssit-ammattilaisille\/","title":{"rendered":"Resurssit ammattilaisille"},"content":{"rendered":"\n<div class=\"wp-block-uagb-container uagb-block-7211df93 alignfull uagb-is-root-container\"><div class=\"uagb-container-inner-blocks-wrap\"><div class=\"wp-block-uagb-advanced-heading uagb-block-41e9a6b6\"><h1 class=\"uagb-heading-text\">Resurssit ammattilaisille<\/h1><\/div>\n\n<div class=\"wp-block-uagb-advanced-heading uagb-block-08d99d7b\"><p class=\"uagb-heading-text\">Tutustu e-Chargerien katalogeihin, teknisiin tietoihin ja p\u00e4ivityksiin.&nbsp;<\/p><\/div><\/div><\/div>\n\n\n\n<div class=\"wp-block-uagb-container uagb-block-d2655a15 alignfull uagb-is-root-container\"><div class=\"uagb-container-inner-blocks-wrap\">\n<div class=\"wp-block-uagb-container uagb-block-64da30f4\"><div class=\"wp-block-uagb-advanced-heading uagb-block-c03634e5\"><h2 class=\"uagb-heading-text\">Trydan<\/h2><\/div>\n\n\n<div class=\"wp-block-uagb-image aligncenter uagb-block-389eccac wp-block-uagb-image--layout-default wp-block-uagb-image--effect-static wp-block-uagb-image--align-center\"><figure class=\"wp-block-uagb-image__figure\"><img decoding=\"async\" srcset=\"https:\/\/v2charge.com\/wp-content\/uploads\/2022\/11\/Cargador-Trydan.png \" sizes=\"auto, (max-width: 480px) 150px\" src=\"https:\/\/v2charge.com\/wp-content\/uploads\/2022\/11\/Cargador-Trydan.png\" alt=\"Cargador Trydan con manguera lisa\" class=\"uag-image-88908\" width=\"250\" height=\"268\" title=\"\" loading=\"lazy\"\/><\/figure><\/div>\n\n\n\n<ul class=\"has-contrast-2-color has-text-color wp-block-list\" style=\"font-size:18px\"><li><a title=\"Katalogi\" href=\"https:\/\/v2charge.com\/wp-content\/uploads\/2023\/04\/catalogo-trydan-v2c.pdf\">Katalogi<\/a><br><\/li>\n\n<li><a href=\"https:\/\/v2charge.com\/wp-content\/uploads\/2023\/04\/ficha-tecnica-trydan.pdf\" title=\"ficha t\u00e9cnica trydan\">Tekninen tietosivu<\/a><br><\/li>\n\n<li><a href=\"https:\/\/v2charge.com\/fi\/trydanin-paivitykset\/\" title=\"actualizaciones trydan\">P\u00e4ivitykset<\/a><br><\/li>\n\n<li><a href=\"https:\/\/v2charge.com\/wp-content\/uploads\/2023\/04\/v2c-trydan-manual.pdf\" title=\"asennusopas trydan\">Asennusopas<\/a><br><\/li><\/ul>\n<\/div>\n\n\n\n<div class=\"wp-block-uagb-container uagb-block-ce711a73\"><div class=\"wp-block-uagb-advanced-heading uagb-block-947f853c\"><h2 class=\"uagb-heading-text\">Pole Pro<\/h2><\/div>\n\n\n<div class=\"wp-block-uagb-image aligncenter uagb-block-fd96e2ee wp-block-uagb-image--layout-default wp-block-uagb-image--effect-static wp-block-uagb-image--align-center\"><figure class=\"wp-block-uagb-image__figure\"><img decoding=\"async\" srcset=\"https:\/\/v2charge.com\/wp-content\/uploads\/2023\/06\/pole-pro-echarger.png \" sizes=\"auto, (max-width: 480px) 150px\" src=\"https:\/\/v2charge.com\/wp-content\/uploads\/2023\/06\/pole-pro-echarger.png\" alt=\"cargador el\u00e9ctrico urbano pared suelo\" class=\"uag-image-107359\" width=\"215\" height=\"268\" title=\"\" loading=\"lazy\"\/><\/figure><\/div>\n\n\n\n<ul class=\"has-contrast-2-color has-text-color wp-block-list\" style=\"font-size:18px\"><li><a href=\"https:\/\/v2charge.com\/wp-content\/uploads\/2023\/04\/catalogo-pole-v2c.pdf\" title=\"cat\u00e1logo pole pro\">Katalogi<\/a><br><\/li>\n\n<li>\n<a href=\"https:\/\/v2charge.com\/wp-content\/uploads\/2023\/04\/ficha-tecnica-pole.pdf\" title=\"ficha t\u00e9cnica pole pro\">Tekninen tietosivu<\/a><br><\/li>\n\n<li><a href=\"https:\/\/v2charge.com\/fi\/paivitykset-pole\/\" title=\"actualizaciones pole pro\">P\u00e4ivitykset<\/a><br><\/li>\n\n<li><a href=\"https:\/\/v2charge.com\/wp-content\/uploads\/2023\/04\/manual-pole.pdf\" title=\"manual de instalaci\u00f3n pole pro\">Asennusopas<\/a><br><\/li><\/ul>\n<\/div>\n\n\n\n<div class=\"wp-block-uagb-container uagb-block-1d8e9d7b\"><div class=\"wp-block-uagb-advanced-heading uagb-block-f1dfc7a6\"><h2 class=\"uagb-heading-text\">Screen<\/h2><\/div>\n\n\n<div class=\"wp-block-uagb-image aligncenter uagb-block-f801d556 wp-block-uagb-image--layout-default wp-block-uagb-image--effect-static wp-block-uagb-image--align-center\"><figure class=\"wp-block-uagb-image__figure\"><img decoding=\"async\" srcset=\"https:\/\/v2charge.com\/wp-content\/uploads\/2022\/11\/screen-2sockets.png , https:\/\/v2charge.com\/wp-content\/uploads\/2022\/11\/screen-2sockets.png 360w\" sizes=\"auto, (max-width: 480px) 150px\" src=\"https:\/\/v2charge.com\/wp-content\/uploads\/2022\/11\/screen-2sockets.png\" alt=\"Screen con dos sockets\" class=\"uag-image-87177\" width=\"255\" height=\"268\" title=\"\" loading=\"lazy\"\/><\/figure><\/div>\n\n\n\n<ul class=\"has-contrast-2-color has-text-color wp-block-list\" style=\"font-size:18px\"><li><a href=\"https:\/\/v2charge.com\/wp-content\/uploads\/2023\/04\/catalogo-screen-v2c.pdf\" title=\"cat\u00e1logo screen\">Katalogi<\/a><br><\/li>\n\n<li><a href=\"https:\/\/v2charge.com\/wp-content\/uploads\/2023\/04\/ficha-tecnica-screen.pdf\" title=\"ficha t\u00e9cnica screen\">Tekninen tietosivu<\/a><br><\/li>\n\n<li><a href=\"https:\/\/v2charge.com\/fi\/paivitykset-screen\/\" title=\"actualizaciones screen\">P\u00e4ivitykset<\/a><br><\/li>\n\n<li><a href=\"https:\/\/v2charge.com\/wp-content\/uploads\/2023\/04\/manual-screen.pdf\" title=\"manual de instalaci\u00f3n screen\">Asennusopas<\/a><br><\/li><\/ul>\n<\/div>\n\n\n\n<div class=\"wp-block-uagb-container uagb-block-b75c1f11\"><div class=\"wp-block-uagb-advanced-heading uagb-block-4ef0d44e\"><h2 class=\"uagb-heading-text\">EV Portable<\/h2><\/div>\n\n\n<div class=\"wp-block-uagb-image aligncenter uagb-block-67cb099d wp-block-uagb-image--layout-default wp-block-uagb-image--effect-static wp-block-uagb-image--align-center\"><figure class=\"wp-block-uagb-image__figure\"><img decoding=\"async\" srcset=\"https:\/\/v2charge.com\/wp-content\/uploads\/2022\/11\/Cargador-EVPortable.png \" sizes=\"auto, (max-width: 480px) 150px\" src=\"https:\/\/v2charge.com\/wp-content\/uploads\/2022\/11\/Cargador-EVPortable.png\" alt=\"\" class=\"uag-image-88930\" width=\"303\" height=\"268\" title=\"\" loading=\"lazy\"\/><\/figure><\/div>\n\n\n\n<ul class=\"has-contrast-2-color has-text-color wp-block-list\" style=\"font-size:18px\"><li><a href=\"https:\/\/v2charge.com\/wp-content\/uploads\/2023\/04\/catalogo-ev-portable-v2c.pdf\" title=\"ev portable -luettelo\">Luettelo<\/a><br><\/li>\n\n<li><a href=\"https:\/\/v2charge.com\/wp-content\/uploads\/2023\/04\/ficha-tecnica-ev-portable.pdf\" title=\"ev portable tekniset tiedot\">Tekninen tietosivu<\/a><br><\/li><\/ul>\n<\/div>\n<\/div><\/div>\n\n\n\n<div class=\"wp-block-uagb-container uagb-block-238ed3e0 alignfull uagb-is-root-container\"><div class=\"uagb-container-inner-blocks-wrap\">\n<div class=\"wp-block-uagb-container uagb-block-bd044709\">\n<div class=\"wp-block-uagb-container uagb-block-a68e2c5c\"><div class=\"wp-block-uagb-advanced-heading uagb-block-2aecff76\"><h2 class=\"uagb-heading-text\">Kysy kaikki graafinen materiaali<\/h2><\/div>\n\n<p class=\"has-base-3-color has-text-color\">Tarjoamme sinulle kuvia, videoita ja muita graafisia resursseja k\u00e4ytett\u00e4v\u00e4ksi.<\/p><\/div>\n\n\n\n<div class=\"wp-block-uagb-container uagb-block-d179c2b2\">\n<div class=\"wp-block-uagb-buttons uagb-buttons__outer-wrap uagb-btn__default-btn uagb-btn-tablet__default-btn uagb-btn-mobile__default-btn uagb-block-120bc34a\"><div class=\"uagb-buttons__wrap uagb-buttons-layout-wrap\"><div class=\"wp-block-uagb-buttons-child uagb-buttons__outer-wrap uagb-block-a521b3bf wp-block-button\"><div class=\"uagb-button__wrapper\"><a class=\"uagb-buttons-repeater wp-block-button__link\" href=\"https:\/\/v2charge.com\/fi\/graafinen-materiaali\/\" onclick=\"return true;\" rel=\"follow noopener\" target=\"_self\"><div class=\"uagb-button__link\">Siirry<\/div><\/a><\/div><\/div><\/div><\/div>\n<\/div>\n<\/div>\n<\/div><\/div>\n\n\n\n<div class=\"wp-block-uagb-container uagb-block-dc97b37c alignfull uagb-is-root-container\"><div class=\"uagb-container-inner-blocks-wrap\"><div class=\"wp-block-uagb-advanced-heading uagb-block-11c4ae4d\"><h2 class=\"uagb-heading-text\">Tarvitsetko teknist\u00e4 tukea?<\/h2><\/div>\n\n<div class=\"wp-block-uagb-advanced-heading uagb-block-e2e230b3\"><p class=\"uagb-heading-text\">Siirry tukialueelle tarkistaaksesi kaikki tekniset tiedot e-Chargereista.<\/p><\/div>\n\n\n<div class=\"wp-block-uagb-buttons uagb-buttons__outer-wrap uagb-btn__default-btn uagb-btn-tablet__default-btn uagb-btn-mobile__default-btn uagb-block-9ee2f79c\"><div class=\"uagb-buttons__wrap uagb-buttons-layout-wrap\"><div class=\"wp-block-uagb-buttons-child uagb-buttons__outer-wrap uagb-block-e3a84a91 wp-block-button\"><div class=\"uagb-button__wrapper\"><a class=\"uagb-buttons-repeater wp-block-button__link\" href=\"https:\/\/v2charge.com\/fi\/tukialue\/\" onclick=\"return true;\" rel=\"follow noopener\" target=\"_self\"><div class=\"uagb-button__link\">Siirry<\/div><\/a><\/div><\/div><\/div><\/div>\n<\/div><\/div>\n","protected":false},"excerpt":{"rendered":"<p>Resurssit ammattilaisille Tutustu e-Chargerien katalogeihin, teknisiin tietoihin ja p\u00e4ivityksiin.&nbsp; Trydan Pole Pro Screen EV Portable Kysy kaikki graafinen materiaali Tarjoamme sinulle kuvia, videoita ja muita graafisia resursseja k\u00e4ytett\u00e4v\u00e4ksi. Tarvitsetko teknist\u00e4 tukea? Siirry tukialueelle tarkistaaksesi kaikki tekniset tiedot e-Chargereista.<\/p>\n","protected":false},"author":1,"featured_media":170346,"parent":0,"menu_order":0,"comment_status":"closed","ping_status":"closed","template":"","meta":{"_eb_attr":"","content-type":"","_uag_custom_page_level_css":"","footnotes":""},"class_list":["post-311431","page","type-page","status-publish","has-post-thumbnail"],"yoast_head":"<!-- This site is optimized with the Yoast SEO plugin v25.3.1 - https:\/\/yoast.com\/wordpress\/plugins\/seo\/ -->\n<title>Resurssit ammattilaisille [Tarvitsemasi tiedot] | V2C \u00ae<\/title>\n<meta name=\"description\" content=\"Kysy kaikki tarvitsemasi tiedot ammattilaisille suunnatulta alueelta.\u3010Katalogit, tekniset tiedot, asennusohjeet ja graafinen materiaali\u3011.\" \/>\n<meta name=\"robots\" content=\"index, follow, max-snippet:-1, max-image-preview:large, max-video-preview:-1\" \/>\n<link rel=\"canonical\" href=\"https:\/\/v2charge.com\/fi\/resurssit-ammattilaisille\/\" \/>\n<meta property=\"og:locale\" content=\"fi_FI\" \/>\n<meta property=\"og:type\" content=\"article\" \/>\n<meta property=\"og:title\" content=\"Resurssit ammattilaisille [Tarvitsemasi tiedot] | V2C \u00ae\" \/>\n<meta property=\"og:description\" content=\"Kysy kaikki tarvitsemasi tiedot ammattilaisille suunnatulta alueelta.\u3010Katalogit, tekniset tiedot, asennusohjeet ja graafinen materiaali\u3011.\" \/>\n<meta property=\"og:url\" content=\"https:\/\/v2charge.com\/fi\/resurssit-ammattilaisille\/\" \/>\n<meta property=\"og:site_name\" content=\"V2C\" \/>\n<meta property=\"article:publisher\" content=\"https:\/\/www.facebook.com\/V2C.Charge\" \/>\n<meta property=\"article:modified_time\" content=\"2023-08-22T11:10:20+00:00\" \/>\n<meta property=\"og:image\" content=\"https:\/\/v2charge.com\/wp-content\/uploads\/2024\/07\/v2c-electric-chargers.jpg\" \/>\n\t<meta property=\"og:image:width\" content=\"1200\" \/>\n\t<meta property=\"og:image:height\" content=\"675\" \/>\n\t<meta property=\"og:image:type\" content=\"image\/jpeg\" \/>\n<meta name=\"twitter:card\" content=\"summary_large_image\" \/>\n<meta name=\"twitter:site\" content=\"@V2C_Charge\" \/>\n<meta name=\"twitter:label1\" content=\"Arvioitu lukuaika\" \/>\n\t<meta name=\"twitter:data1\" content=\"2 minuuttia\" \/>\n<script type=\"application\/ld+json\" class=\"yoast-schema-graph\">{\"@context\":\"https:\/\/schema.org\",\"@graph\":[{\"@type\":\"WebPage\",\"@id\":\"https:\/\/v2charge.com\/fi\/resurssit-ammattilaisille\/\",\"url\":\"https:\/\/v2charge.com\/fi\/resurssit-ammattilaisille\/\",\"name\":\"Resurssit ammattilaisille [Tarvitsemasi tiedot] | V2C \u00ae\",\"isPartOf\":{\"@id\":\"https:\/\/v2charge.com\/fi\/#website\"},\"primaryImageOfPage\":{\"@id\":\"https:\/\/v2charge.com\/fi\/resurssit-ammattilaisille\/#primaryimage\"},\"image\":{\"@id\":\"https:\/\/v2charge.com\/fi\/resurssit-ammattilaisille\/#primaryimage\"},\"thumbnailUrl\":\"https:\/\/v2charge.com\/wp-content\/uploads\/2024\/07\/v2c-electric-chargers.jpg\",\"datePublished\":\"2022-11-21T14:47:31+00:00\",\"dateModified\":\"2023-08-22T11:10:20+00:00\",\"description\":\"Kysy kaikki tarvitsemasi tiedot ammattilaisille suunnatulta alueelta.\u3010Katalogit, tekniset tiedot, asennusohjeet ja graafinen materiaali\u3011.\",\"breadcrumb\":{\"@id\":\"https:\/\/v2charge.com\/fi\/resurssit-ammattilaisille\/#breadcrumb\"},\"inLanguage\":\"fi\",\"potentialAction\":[{\"@type\":\"ReadAction\",\"target\":[\"https:\/\/v2charge.com\/fi\/resurssit-ammattilaisille\/\"]}]},{\"@type\":\"ImageObject\",\"inLanguage\":\"fi\",\"@id\":\"https:\/\/v2charge.com\/fi\/resurssit-ammattilaisille\/#primaryimage\",\"url\":\"https:\/\/v2charge.com\/wp-content\/uploads\/2024\/07\/v2c-electric-chargers.jpg\",\"contentUrl\":\"https:\/\/v2charge.com\/wp-content\/uploads\/2024\/07\/v2c-electric-chargers.jpg\",\"width\":1200,\"height\":675,\"caption\":\"V2C Electric Chargers\"},{\"@type\":\"BreadcrumbList\",\"@id\":\"https:\/\/v2charge.com\/fi\/resurssit-ammattilaisille\/#breadcrumb\",\"itemListElement\":[{\"@type\":\"ListItem\",\"position\":1,\"name\":\"V2C\",\"item\":\"https:\/\/v2charge.com\/fi\/\"},{\"@type\":\"ListItem\",\"position\":2,\"name\":\"Resurssit ammattilaisille\"}]},{\"@type\":\"WebSite\",\"@id\":\"https:\/\/v2charge.com\/fi\/#website\",\"url\":\"https:\/\/v2charge.com\/fi\/\",\"name\":\"V2C\",\"description\":\"#CargandoElMa\u00f1ana\",\"publisher\":{\"@id\":\"https:\/\/v2charge.com\/fi\/#organization\"},\"potentialAction\":[{\"@type\":\"SearchAction\",\"target\":{\"@type\":\"EntryPoint\",\"urlTemplate\":\"https:\/\/v2charge.com\/fi\/?s={search_term_string}\"},\"query-input\":{\"@type\":\"PropertyValueSpecification\",\"valueRequired\":true,\"valueName\":\"search_term_string\"}}],\"inLanguage\":\"fi\"},{\"@type\":\"Organization\",\"@id\":\"https:\/\/v2charge.com\/fi\/#organization\",\"name\":\"V2C\",\"url\":\"https:\/\/v2charge.com\/fi\/\",\"logo\":{\"@type\":\"ImageObject\",\"inLanguage\":\"fi\",\"@id\":\"https:\/\/v2charge.com\/fi\/#\/schema\/logo\/image\/\",\"url\":\"https:\/\/v2charge.com\/wp-content\/uploads\/2024\/11\/cropped-v2c-charge-logo-menu.png\",\"contentUrl\":\"https:\/\/v2charge.com\/wp-content\/uploads\/2024\/11\/cropped-v2c-charge-logo-menu.png\",\"width\":984,\"height\":431,\"caption\":\"V2C\"},\"image\":{\"@id\":\"https:\/\/v2charge.com\/fi\/#\/schema\/logo\/image\/\"},\"sameAs\":[\"https:\/\/www.facebook.com\/V2C.Charge\",\"https:\/\/x.com\/V2C_Charge\",\"https:\/\/www.instagram.com\/v2c.charge\/\",\"https:\/\/www.youtube.com\/@V2C\",\"https:\/\/www.linkedin.com\/company\/v2c-chargers\/\"]}]}<\/script>\n<!-- \/ Yoast SEO plugin. -->","yoast_head_json":{"title":"Resurssit ammattilaisille [Tarvitsemasi tiedot] | V2C \u00ae","description":"Kysy kaikki tarvitsemasi tiedot ammattilaisille suunnatulta alueelta.\u3010Katalogit, tekniset tiedot, asennusohjeet ja graafinen materiaali\u3011.","robots":{"index":"index","follow":"follow","max-snippet":"max-snippet:-1","max-image-preview":"max-image-preview:large","max-video-preview":"max-video-preview:-1"},"canonical":"https:\/\/v2charge.com\/fi\/resurssit-ammattilaisille\/","og_locale":"fi_FI","og_type":"article","og_title":"Resurssit ammattilaisille [Tarvitsemasi tiedot] | V2C \u00ae","og_description":"Kysy kaikki tarvitsemasi tiedot ammattilaisille suunnatulta alueelta.\u3010Katalogit, tekniset tiedot, asennusohjeet ja graafinen materiaali\u3011.","og_url":"https:\/\/v2charge.com\/fi\/resurssit-ammattilaisille\/","og_site_name":"V2C","article_publisher":"https:\/\/www.facebook.com\/V2C.Charge","article_modified_time":"2023-08-22T11:10:20+00:00","og_image":[{"width":1200,"height":675,"url":"https:\/\/v2charge.com\/wp-content\/uploads\/2024\/07\/v2c-electric-chargers.jpg","type":"image\/jpeg"}],"twitter_card":"summary_large_image","twitter_site":"@V2C_Charge","twitter_misc":{"Arvioitu lukuaika":"2 minuuttia"},"schema":{"@context":"https:\/\/schema.org","@graph":[{"@type":"WebPage","@id":"https:\/\/v2charge.com\/fi\/resurssit-ammattilaisille\/","url":"https:\/\/v2charge.com\/fi\/resurssit-ammattilaisille\/","name":"Resurssit ammattilaisille [Tarvitsemasi tiedot] | V2C \u00ae","isPartOf":{"@id":"https:\/\/v2charge.com\/fi\/#website"},"primaryImageOfPage":{"@id":"https:\/\/v2charge.com\/fi\/resurssit-ammattilaisille\/#primaryimage"},"image":{"@id":"https:\/\/v2charge.com\/fi\/resurssit-ammattilaisille\/#primaryimage"},"thumbnailUrl":"https:\/\/v2charge.com\/wp-content\/uploads\/2024\/07\/v2c-electric-chargers.jpg","datePublished":"2022-11-21T14:47:31+00:00","dateModified":"2023-08-22T11:10:20+00:00","description":"Kysy kaikki tarvitsemasi tiedot ammattilaisille suunnatulta alueelta.\u3010Katalogit, tekniset tiedot, asennusohjeet ja graafinen materiaali\u3011.","breadcrumb":{"@id":"https:\/\/v2charge.com\/fi\/resurssit-ammattilaisille\/#breadcrumb"},"inLanguage":"fi","potentialAction":[{"@type":"ReadAction","target":["https:\/\/v2charge.com\/fi\/resurssit-ammattilaisille\/"]}]},{"@type":"ImageObject","inLanguage":"fi","@id":"https:\/\/v2charge.com\/fi\/resurssit-ammattilaisille\/#primaryimage","url":"https:\/\/v2charge.com\/wp-content\/uploads\/2024\/07\/v2c-electric-chargers.jpg","contentUrl":"https:\/\/v2charge.com\/wp-content\/uploads\/2024\/07\/v2c-electric-chargers.jpg","width":1200,"height":675,"caption":"V2C Electric Chargers"},{"@type":"BreadcrumbList","@id":"https:\/\/v2charge.com\/fi\/resurssit-ammattilaisille\/#breadcrumb","itemListElement":[{"@type":"ListItem","position":1,"name":"V2C","item":"https:\/\/v2charge.com\/fi\/"},{"@type":"ListItem","position":2,"name":"Resurssit ammattilaisille"}]},{"@type":"WebSite","@id":"https:\/\/v2charge.com\/fi\/#website","url":"https:\/\/v2charge.com\/fi\/","name":"V2C","description":"#CargandoElMa\u00f1ana","publisher":{"@id":"https:\/\/v2charge.com\/fi\/#organization"},"potentialAction":[{"@type":"SearchAction","target":{"@type":"EntryPoint","urlTemplate":"https:\/\/v2charge.com\/fi\/?s={search_term_string}"},"query-input":{"@type":"PropertyValueSpecification","valueRequired":true,"valueName":"search_term_string"}}],"inLanguage":"fi"},{"@type":"Organization","@id":"https:\/\/v2charge.com\/fi\/#organization","name":"V2C","url":"https:\/\/v2charge.com\/fi\/","logo":{"@type":"ImageObject","inLanguage":"fi","@id":"https:\/\/v2charge.com\/fi\/#\/schema\/logo\/image\/","url":"https:\/\/v2charge.com\/wp-content\/uploads\/2024\/11\/cropped-v2c-charge-logo-menu.png","contentUrl":"https:\/\/v2charge.com\/wp-content\/uploads\/2024\/11\/cropped-v2c-charge-logo-menu.png","width":984,"height":431,"caption":"V2C"},"image":{"@id":"https:\/\/v2charge.com\/fi\/#\/schema\/logo\/image\/"},"sameAs":["https:\/\/www.facebook.com\/V2C.Charge","https:\/\/x.com\/V2C_Charge","https:\/\/www.instagram.com\/v2c.charge\/","https:\/\/www.youtube.com\/@V2C","https:\/\/www.linkedin.com\/company\/v2c-chargers\/"]}]}},"uagb_featured_image_src":{"full":["https:\/\/v2charge.com\/wp-content\/uploads\/2024\/07\/v2c-electric-chargers.jpg",1200,675,false],"thumbnail":["https:\/\/v2charge.com\/wp-content\/uploads\/2024\/07\/v2c-electric-chargers-150x150.jpg",150,150,true],"medium":["https:\/\/v2charge.com\/wp-content\/uploads\/2024\/07\/v2c-electric-chargers-300x169.jpg",300,169,true],"medium_large":["https:\/\/v2charge.com\/wp-content\/uploads\/2024\/07\/v2c-electric-chargers-768x432.jpg",768,432,true],"large":["https:\/\/v2charge.com\/wp-content\/uploads\/2024\/07\/v2c-electric-chargers-1024x576.jpg",1024,576,true],"gs-tiny":["https:\/\/v2charge.com\/wp-content\/uploads\/2024\/07\/v2c-electric-chargers.jpg",50,28,false],"xl":["https:\/\/v2charge.com\/wp-content\/uploads\/2024\/07\/v2c-electric-chargers.jpg",1200,675,false],"xxl":["https:\/\/v2charge.com\/wp-content\/uploads\/2024\/07\/v2c-electric-chargers.jpg",1200,675,false],"xxxl":["https:\/\/v2charge.com\/wp-content\/uploads\/2024\/07\/v2c-electric-chargers.jpg",1200,675,false],"xxxxl":["https:\/\/v2charge.com\/wp-content\/uploads\/2024\/07\/v2c-electric-chargers.jpg",1200,675,false],"xxxxxl":["https:\/\/v2charge.com\/wp-content\/uploads\/2024\/07\/v2c-electric-chargers.jpg",1200,675,false],"1536x1536":["https:\/\/v2charge.com\/wp-content\/uploads\/2024\/07\/v2c-electric-chargers.jpg",1200,675,false],"2048x2048":["https:\/\/v2charge.com\/wp-content\/uploads\/2024\/07\/v2c-electric-chargers.jpg",1200,675,false]},"uagb_author_info":{"display_name":"V2C","author_link":"https:\/\/v2charge.com\/fi\/author\/root_k4eu7ki8\/"},"uagb_comment_info":0,"uagb_excerpt":"Resurssit ammattilaisille Tutustu e-Chargerien katalogeihin, teknisiin tietoihin ja p\u00e4ivityksiin.&nbsp; Trydan Pole Pro Screen EV Portable Kysy kaikki graafinen materiaali Tarjoamme sinulle kuvia, videoita ja muita graafisia resursseja k\u00e4ytett\u00e4v\u00e4ksi. Tarvitsetko teknist\u00e4 tukea? Siirry tukialueelle tarkistaaksesi kaikki tekniset tiedot e-Chargereista.","_links":{"self":[{"href":"https:\/\/v2charge.com\/fi\/wp-json\/wp\/v2\/pages\/311431","targetHints":{"allow":["GET"]}}],"collection":[{"href":"https:\/\/v2charge.com\/fi\/wp-json\/wp\/v2\/pages"}],"about":[{"href":"https:\/\/v2charge.com\/fi\/wp-json\/wp\/v2\/types\/page"}],"author":[{"embeddable":true,"href":"https:\/\/v2charge.com\/fi\/wp-json\/wp\/v2\/users\/1"}],"replies":[{"embeddable":true,"href":"https:\/\/v2charge.com\/fi\/wp-json\/wp\/v2\/comments?post=311431"}],"version-history":[{"count":0,"href":"https:\/\/v2charge.com\/fi\/wp-json\/wp\/v2\/pages\/311431\/revisions"}],"wp:featuredmedia":[{"embeddable":true,"href":"https:\/\/v2charge.com\/fi\/wp-json\/wp\/v2\/media\/170346"}],"wp:attachment":[{"href":"https:\/\/v2charge.com\/fi\/wp-json\/wp\/v2\/media?parent=311431"}],"curies":[{"name":"wp","href":"https:\/\/api.w.org\/{rel}","templated":true}]}}