{"id":311437,"date":"2023-02-03T14:19:30","date_gmt":"2023-02-03T14:19:30","guid":{"rendered":""},"modified":"2023-06-12T13:51:56","modified_gmt":"2023-06-12T13:51:56","slug":"modbus-rtu-yhteys-trydan-latauspisteelle-mittarille-orjana","status":"publish","type":"page","link":"https:\/\/v2charge.com\/fi\/modbus-rtu-yhteys-trydan-latauspisteelle-mittarille-orjana\/","title":{"rendered":"MODBUS RTU -yhteys Trydan-latauspisteelle mittarille orjana"},"content":{"rendered":"\n<div style=\"height:60px\" aria-hidden=\"true\" class=\"wp-block-spacer\"><\/div>\n<h1>MODBUS RTU -yhteys Trydan-latauspisteelle orjaparametrille<\/h1><p>Trydan-latauspisteess\u00e4 on yhteys Modbus RTU -protokollan kautta, kahdella tarkoituksella.<\/p>\n\n<ol class=\"wp-block-list\"><li>Hallita latausasema et\u00e4yhteydell\u00e4. Edistyneet k\u00e4ytt\u00e4j\u00e4t voivat katsoa: <a href=\"https:\/\/docs.google.com\/spreadsheets\/d\/e\/2PACX-1vQGA_7Z4YaSMZeHRTnAP6z_82dVPmM33NxJhvsDBEFn8LyWjX-RX_fkR7KCErqAE4aGFvPrUufooHoM\/pubhtml?gid=0&amp;single=true\" target=\"_blank\" rel=\"noreferrer noopener\">MODBUS-muistio<\/a><\/li><li>Hanki tietoja kaupallisista \u00e4lymittareista, integroimista varten orjaksi, aurinkos\u00e4hk\u00f6n yhteensopivuudella.<\/li><\/ol>\n\n<h2 class=\"wp-block-heading\">Yhteensopivat mittarit<\/h2>\n\n<p>Mittareita lis\u00e4t\u00e4\u00e4n jatkuvasti, ja nykyinen lista on:<\/p>\n\n<ul class=\"wp-block-list\"><li>Chint DDSU666-H (yleens\u00e4 k\u00e4ytet\u00e4\u00e4n Huawei, SAJ.. inverttereiss\u00e4)<\/li><li>Eastron (SDM120\/220\/320)<\/li><li>Phoneix Contact<\/li><li>Carlo Gavazzi<\/li><\/ul>\n\n<h2 class=\"wp-block-heading\">S\u00e4hkoyhteys<\/h2>\n\n<p>MODBUS RTU -liit\u00e4nn\u00e4t tehd\u00e4\u00e4n kahden kaapelin kautta. Mittarissa tulee olla A- ja B-portti. T\u00e4m\u00e4 kaapeli on viet\u00e4v\u00e4 latauspisteellemme. Mittarin on oltava asetettu osoitteeseen 1 ja Baud Rate -nopeuteen 9600 (yleens\u00e4 t\u00e4m\u00e4 on oletusasetuksena, ja useimmat aurinkoenergiamittarit k\u00e4ytt\u00e4v\u00e4t t\u00e4t\u00e4 oletusasetusta). Liit\u00e4nt\u00e4 menee suoraan latauspisteen RJ45-liittimeen. A ja B ovat kaapeleita, jotka tulevat alhaalta merkittyin\u00e4. Muut kaapelit eiv\u00e4t ole tarpeen. 4 B ja 5 A. Kaapelin tyyppi ei ole t\u00e4rke\u00e4, vaikka ethernet-kaapeli on halvempi ja varustettu suojauksella.<\/p>\n\n\n<figure><img decoding=\"async\" src=\"https:\/\/v2charge.com\/wp-content\/uploads\/2023\/01\/conexion-trydan-solis-734x1024.jpg\" alt=\"\" width=\"274\" height=\"382\"\/><\/figure>\n\n\n\n<figure><img decoding=\"async\" src=\"https:\/\/v2charge.com\/wp-content\/uploads\/2023\/01\/image-3.png\" alt=\"\" width=\"476\" height=\"331\"\/><\/figure>\n\n\n<h2 class=\"wp-block-heading\">Valitse sovelluksesta vastaava mittari<\/h2>\n\n\n<figure><img decoding=\"async\" src=\"https:\/\/v2charge.com\/wp-content\/uploads\/2023\/02\/WhatsApp-Image-2023-02-03-at-15.12.00_iphone13blue_portrait-548x1024.png\" alt=\"\" width=\"449\" height=\"839\"\/><\/figure>\n\n\n<p><em>Huomio fotovolta m\u00f3deissa, kaikki toimintatavat toimivat, vaikka asiakas ei n\u00e4e fotovoltaista tuotantoa latauspisteess\u00e4.<\/em><\/p>\n\n\n<div style=\"height:60px\" aria-hidden=\"true\" class=\"wp-block-spacer\"><\/div>\n","protected":false},"excerpt":{"rendered":"<p>MODBUS RTU -yhteys Trydan-latauspisteelle orjaparametrille Trydan-latauspisteess\u00e4 on yhteys Modbus RTU -protokollan kautta, kahdella tarkoituksella. Hallita latausasema et\u00e4yhteydell\u00e4. Edistyneet k\u00e4ytt\u00e4j\u00e4t voivat katsoa: MODBUS-muistio Hanki tietoja kaupallisista \u00e4lymittareista, integroimista varten orjaksi, aurinkos\u00e4hk\u00f6n yhteensopivuudella. Yhteensopivat mittarit Mittareita lis\u00e4t\u00e4\u00e4n jatkuvasti, ja nykyinen lista on: Chint DDSU666-H (yleens\u00e4 k\u00e4ytet\u00e4\u00e4n Huawei, SAJ.. inverttereiss\u00e4) Eastron (SDM120\/220\/320) Phoneix Contact Carlo Gavazzi S\u00e4hkoyhteys MODBUS &#8230; <a title=\"MODBUS RTU -yhteys Trydan-latauspisteelle mittarille orjana\" class=\"read-more\" href=\"https:\/\/v2charge.com\/fi\/modbus-rtu-yhteys-trydan-latauspisteelle-mittarille-orjana\/\" aria-label=\"Lue lis\u00e4\u00e4 aiheesta MODBUS RTU -yhteys Trydan-latauspisteelle mittarille orjana\">Lue lis\u00e4\u00e4<\/a><\/p>\n","protected":false},"author":1,"featured_media":170354,"parent":0,"menu_order":0,"comment_status":"closed","ping_status":"closed","template":"","meta":{"_eb_attr":"","content-type":"","_uag_custom_page_level_css":"","footnotes":""},"class_list":["post-311437","page","type-page","status-publish","has-post-thumbnail"],"yoast_head":"<!-- This site is optimized with the Yoast SEO plugin v25.3.1 - https:\/\/yoast.com\/wordpress\/plugins\/seo\/ -->\n<title>MODBUS RTU -yhteys Trydan-latauspisteelle mittarille orjana - V2C<\/title>\n<meta name=\"robots\" content=\"index, follow, max-snippet:-1, max-image-preview:large, max-video-preview:-1\" \/>\n<link rel=\"canonical\" href=\"https:\/\/v2charge.com\/fi\/modbus-rtu-yhteys-trydan-latauspisteelle-mittarille-orjana\/\" \/>\n<meta property=\"og:locale\" content=\"fi_FI\" \/>\n<meta property=\"og:type\" content=\"article\" \/>\n<meta property=\"og:title\" content=\"MODBUS RTU -yhteys Trydan-latauspisteelle mittarille orjana - V2C\" \/>\n<meta property=\"og:description\" content=\"MODBUS RTU -yhteys Trydan-latauspisteelle orjaparametrille Trydan-latauspisteess\u00e4 on yhteys Modbus RTU -protokollan kautta, kahdella tarkoituksella. Hallita latausasema et\u00e4yhteydell\u00e4. Edistyneet k\u00e4ytt\u00e4j\u00e4t voivat katsoa: MODBUS-muistio Hanki tietoja kaupallisista \u00e4lymittareista, integroimista varten orjaksi, aurinkos\u00e4hk\u00f6n yhteensopivuudella. Yhteensopivat mittarit Mittareita lis\u00e4t\u00e4\u00e4n jatkuvasti, ja nykyinen lista on: Chint DDSU666-H (yleens\u00e4 k\u00e4ytet\u00e4\u00e4n Huawei, SAJ.. inverttereiss\u00e4) Eastron (SDM120\/220\/320) Phoneix Contact Carlo Gavazzi S\u00e4hkoyhteys MODBUS ... Lue lis\u00e4\u00e4\" \/>\n<meta property=\"og:url\" content=\"https:\/\/v2charge.com\/fi\/modbus-rtu-yhteys-trydan-latauspisteelle-mittarille-orjana\/\" \/>\n<meta property=\"og:site_name\" content=\"V2C\" \/>\n<meta property=\"article:publisher\" content=\"https:\/\/www.facebook.com\/V2C.Charge\" \/>\n<meta property=\"article:modified_time\" content=\"2023-06-12T13:51:56+00:00\" \/>\n<meta property=\"og:image\" content=\"https:\/\/v2charge.com\/wp-content\/uploads\/2024\/07\/v2c-electric-chargers.jpg\" \/>\n\t<meta property=\"og:image:width\" content=\"1200\" \/>\n\t<meta property=\"og:image:height\" content=\"675\" \/>\n\t<meta property=\"og:image:type\" content=\"image\/jpeg\" \/>\n<meta name=\"twitter:card\" content=\"summary_large_image\" \/>\n<meta name=\"twitter:site\" content=\"@V2C_Charge\" \/>\n<meta name=\"twitter:label1\" content=\"Arvioitu lukuaika\" \/>\n\t<meta name=\"twitter:data1\" content=\"2 minuuttia\" \/>\n<script type=\"application\/ld+json\" class=\"yoast-schema-graph\">{\"@context\":\"https:\/\/schema.org\",\"@graph\":[{\"@type\":\"WebPage\",\"@id\":\"https:\/\/v2charge.com\/fi\/modbus-rtu-yhteys-trydan-latauspisteelle-mittarille-orjana\/\",\"url\":\"https:\/\/v2charge.com\/fi\/modbus-rtu-yhteys-trydan-latauspisteelle-mittarille-orjana\/\",\"name\":\"MODBUS RTU -yhteys Trydan-latauspisteelle mittarille orjana - V2C\",\"isPartOf\":{\"@id\":\"https:\/\/v2charge.com\/fi\/#website\"},\"primaryImageOfPage\":{\"@id\":\"https:\/\/v2charge.com\/fi\/modbus-rtu-yhteys-trydan-latauspisteelle-mittarille-orjana\/#primaryimage\"},\"image\":{\"@id\":\"https:\/\/v2charge.com\/fi\/modbus-rtu-yhteys-trydan-latauspisteelle-mittarille-orjana\/#primaryimage\"},\"thumbnailUrl\":\"https:\/\/v2charge.com\/wp-content\/uploads\/2024\/07\/v2c-electric-chargers.jpg\",\"datePublished\":\"2023-02-03T14:19:30+00:00\",\"dateModified\":\"2023-06-12T13:51:56+00:00\",\"breadcrumb\":{\"@id\":\"https:\/\/v2charge.com\/fi\/modbus-rtu-yhteys-trydan-latauspisteelle-mittarille-orjana\/#breadcrumb\"},\"inLanguage\":\"fi\",\"potentialAction\":[{\"@type\":\"ReadAction\",\"target\":[\"https:\/\/v2charge.com\/fi\/modbus-rtu-yhteys-trydan-latauspisteelle-mittarille-orjana\/\"]}]},{\"@type\":\"ImageObject\",\"inLanguage\":\"fi\",\"@id\":\"https:\/\/v2charge.com\/fi\/modbus-rtu-yhteys-trydan-latauspisteelle-mittarille-orjana\/#primaryimage\",\"url\":\"https:\/\/v2charge.com\/wp-content\/uploads\/2024\/07\/v2c-electric-chargers.jpg\",\"contentUrl\":\"https:\/\/v2charge.com\/wp-content\/uploads\/2024\/07\/v2c-electric-chargers.jpg\",\"width\":1200,\"height\":675,\"caption\":\"V2C Electric Chargers\"},{\"@type\":\"BreadcrumbList\",\"@id\":\"https:\/\/v2charge.com\/fi\/modbus-rtu-yhteys-trydan-latauspisteelle-mittarille-orjana\/#breadcrumb\",\"itemListElement\":[{\"@type\":\"ListItem\",\"position\":1,\"name\":\"V2C\",\"item\":\"https:\/\/v2charge.com\/fi\/\"},{\"@type\":\"ListItem\",\"position\":2,\"name\":\"MODBUS RTU -yhteys Trydan-latauspisteelle mittarille orjana\"}]},{\"@type\":\"WebSite\",\"@id\":\"https:\/\/v2charge.com\/fi\/#website\",\"url\":\"https:\/\/v2charge.com\/fi\/\",\"name\":\"V2C\",\"description\":\"#CargandoElMa\u00f1ana\",\"publisher\":{\"@id\":\"https:\/\/v2charge.com\/fi\/#organization\"},\"potentialAction\":[{\"@type\":\"SearchAction\",\"target\":{\"@type\":\"EntryPoint\",\"urlTemplate\":\"https:\/\/v2charge.com\/fi\/?s={search_term_string}\"},\"query-input\":{\"@type\":\"PropertyValueSpecification\",\"valueRequired\":true,\"valueName\":\"search_term_string\"}}],\"inLanguage\":\"fi\"},{\"@type\":\"Organization\",\"@id\":\"https:\/\/v2charge.com\/fi\/#organization\",\"name\":\"V2C\",\"url\":\"https:\/\/v2charge.com\/fi\/\",\"logo\":{\"@type\":\"ImageObject\",\"inLanguage\":\"fi\",\"@id\":\"https:\/\/v2charge.com\/fi\/#\/schema\/logo\/image\/\",\"url\":\"https:\/\/v2charge.com\/wp-content\/uploads\/2024\/11\/cropped-v2c-charge-logo-menu.png\",\"contentUrl\":\"https:\/\/v2charge.com\/wp-content\/uploads\/2024\/11\/cropped-v2c-charge-logo-menu.png\",\"width\":984,\"height\":431,\"caption\":\"V2C\"},\"image\":{\"@id\":\"https:\/\/v2charge.com\/fi\/#\/schema\/logo\/image\/\"},\"sameAs\":[\"https:\/\/www.facebook.com\/V2C.Charge\",\"https:\/\/x.com\/V2C_Charge\",\"https:\/\/www.instagram.com\/v2c.charge\/\",\"https:\/\/www.youtube.com\/@V2C\",\"https:\/\/www.linkedin.com\/company\/v2c-chargers\/\"]}]}<\/script>\n<!-- \/ Yoast SEO plugin. -->","yoast_head_json":{"title":"MODBUS RTU -yhteys Trydan-latauspisteelle mittarille orjana - V2C","robots":{"index":"index","follow":"follow","max-snippet":"max-snippet:-1","max-image-preview":"max-image-preview:large","max-video-preview":"max-video-preview:-1"},"canonical":"https:\/\/v2charge.com\/fi\/modbus-rtu-yhteys-trydan-latauspisteelle-mittarille-orjana\/","og_locale":"fi_FI","og_type":"article","og_title":"MODBUS RTU -yhteys Trydan-latauspisteelle mittarille orjana - V2C","og_description":"MODBUS RTU -yhteys Trydan-latauspisteelle orjaparametrille Trydan-latauspisteess\u00e4 on yhteys Modbus RTU -protokollan kautta, kahdella tarkoituksella. Hallita latausasema et\u00e4yhteydell\u00e4. Edistyneet k\u00e4ytt\u00e4j\u00e4t voivat katsoa: MODBUS-muistio Hanki tietoja kaupallisista \u00e4lymittareista, integroimista varten orjaksi, aurinkos\u00e4hk\u00f6n yhteensopivuudella. Yhteensopivat mittarit Mittareita lis\u00e4t\u00e4\u00e4n jatkuvasti, ja nykyinen lista on: Chint DDSU666-H (yleens\u00e4 k\u00e4ytet\u00e4\u00e4n Huawei, SAJ.. inverttereiss\u00e4) Eastron (SDM120\/220\/320) Phoneix Contact Carlo Gavazzi S\u00e4hkoyhteys MODBUS ... Lue lis\u00e4\u00e4","og_url":"https:\/\/v2charge.com\/fi\/modbus-rtu-yhteys-trydan-latauspisteelle-mittarille-orjana\/","og_site_name":"V2C","article_publisher":"https:\/\/www.facebook.com\/V2C.Charge","article_modified_time":"2023-06-12T13:51:56+00:00","og_image":[{"width":1200,"height":675,"url":"https:\/\/v2charge.com\/wp-content\/uploads\/2024\/07\/v2c-electric-chargers.jpg","type":"image\/jpeg"}],"twitter_card":"summary_large_image","twitter_site":"@V2C_Charge","twitter_misc":{"Arvioitu lukuaika":"2 minuuttia"},"schema":{"@context":"https:\/\/schema.org","@graph":[{"@type":"WebPage","@id":"https:\/\/v2charge.com\/fi\/modbus-rtu-yhteys-trydan-latauspisteelle-mittarille-orjana\/","url":"https:\/\/v2charge.com\/fi\/modbus-rtu-yhteys-trydan-latauspisteelle-mittarille-orjana\/","name":"MODBUS RTU -yhteys Trydan-latauspisteelle mittarille orjana - V2C","isPartOf":{"@id":"https:\/\/v2charge.com\/fi\/#website"},"primaryImageOfPage":{"@id":"https:\/\/v2charge.com\/fi\/modbus-rtu-yhteys-trydan-latauspisteelle-mittarille-orjana\/#primaryimage"},"image":{"@id":"https:\/\/v2charge.com\/fi\/modbus-rtu-yhteys-trydan-latauspisteelle-mittarille-orjana\/#primaryimage"},"thumbnailUrl":"https:\/\/v2charge.com\/wp-content\/uploads\/2024\/07\/v2c-electric-chargers.jpg","datePublished":"2023-02-03T14:19:30+00:00","dateModified":"2023-06-12T13:51:56+00:00","breadcrumb":{"@id":"https:\/\/v2charge.com\/fi\/modbus-rtu-yhteys-trydan-latauspisteelle-mittarille-orjana\/#breadcrumb"},"inLanguage":"fi","potentialAction":[{"@type":"ReadAction","target":["https:\/\/v2charge.com\/fi\/modbus-rtu-yhteys-trydan-latauspisteelle-mittarille-orjana\/"]}]},{"@type":"ImageObject","inLanguage":"fi","@id":"https:\/\/v2charge.com\/fi\/modbus-rtu-yhteys-trydan-latauspisteelle-mittarille-orjana\/#primaryimage","url":"https:\/\/v2charge.com\/wp-content\/uploads\/2024\/07\/v2c-electric-chargers.jpg","contentUrl":"https:\/\/v2charge.com\/wp-content\/uploads\/2024\/07\/v2c-electric-chargers.jpg","width":1200,"height":675,"caption":"V2C Electric Chargers"},{"@type":"BreadcrumbList","@id":"https:\/\/v2charge.com\/fi\/modbus-rtu-yhteys-trydan-latauspisteelle-mittarille-orjana\/#breadcrumb","itemListElement":[{"@type":"ListItem","position":1,"name":"V2C","item":"https:\/\/v2charge.com\/fi\/"},{"@type":"ListItem","position":2,"name":"MODBUS RTU -yhteys Trydan-latauspisteelle mittarille orjana"}]},{"@type":"WebSite","@id":"https:\/\/v2charge.com\/fi\/#website","url":"https:\/\/v2charge.com\/fi\/","name":"V2C","description":"#CargandoElMa\u00f1ana","publisher":{"@id":"https:\/\/v2charge.com\/fi\/#organization"},"potentialAction":[{"@type":"SearchAction","target":{"@type":"EntryPoint","urlTemplate":"https:\/\/v2charge.com\/fi\/?s={search_term_string}"},"query-input":{"@type":"PropertyValueSpecification","valueRequired":true,"valueName":"search_term_string"}}],"inLanguage":"fi"},{"@type":"Organization","@id":"https:\/\/v2charge.com\/fi\/#organization","name":"V2C","url":"https:\/\/v2charge.com\/fi\/","logo":{"@type":"ImageObject","inLanguage":"fi","@id":"https:\/\/v2charge.com\/fi\/#\/schema\/logo\/image\/","url":"https:\/\/v2charge.com\/wp-content\/uploads\/2024\/11\/cropped-v2c-charge-logo-menu.png","contentUrl":"https:\/\/v2charge.com\/wp-content\/uploads\/2024\/11\/cropped-v2c-charge-logo-menu.png","width":984,"height":431,"caption":"V2C"},"image":{"@id":"https:\/\/v2charge.com\/fi\/#\/schema\/logo\/image\/"},"sameAs":["https:\/\/www.facebook.com\/V2C.Charge","https:\/\/x.com\/V2C_Charge","https:\/\/www.instagram.com\/v2c.charge\/","https:\/\/www.youtube.com\/@V2C","https:\/\/www.linkedin.com\/company\/v2c-chargers\/"]}]}},"uagb_featured_image_src":{"full":["https:\/\/v2charge.com\/wp-content\/uploads\/2024\/07\/v2c-electric-chargers.jpg",1200,675,false],"thumbnail":["https:\/\/v2charge.com\/wp-content\/uploads\/2024\/07\/v2c-electric-chargers-150x150.jpg",150,150,true],"medium":["https:\/\/v2charge.com\/wp-content\/uploads\/2024\/07\/v2c-electric-chargers-300x169.jpg",300,169,true],"medium_large":["https:\/\/v2charge.com\/wp-content\/uploads\/2024\/07\/v2c-electric-chargers-768x432.jpg",768,432,true],"large":["https:\/\/v2charge.com\/wp-content\/uploads\/2024\/07\/v2c-electric-chargers-1024x576.jpg",1024,576,true],"gs-tiny":["https:\/\/v2charge.com\/wp-content\/uploads\/2024\/07\/v2c-electric-chargers.jpg",50,28,false],"xl":["https:\/\/v2charge.com\/wp-content\/uploads\/2024\/07\/v2c-electric-chargers.jpg",1200,675,false],"xxl":["https:\/\/v2charge.com\/wp-content\/uploads\/2024\/07\/v2c-electric-chargers.jpg",1200,675,false],"xxxl":["https:\/\/v2charge.com\/wp-content\/uploads\/2024\/07\/v2c-electric-chargers.jpg",1200,675,false],"xxxxl":["https:\/\/v2charge.com\/wp-content\/uploads\/2024\/07\/v2c-electric-chargers.jpg",1200,675,false],"xxxxxl":["https:\/\/v2charge.com\/wp-content\/uploads\/2024\/07\/v2c-electric-chargers.jpg",1200,675,false],"1536x1536":["https:\/\/v2charge.com\/wp-content\/uploads\/2024\/07\/v2c-electric-chargers.jpg",1200,675,false],"2048x2048":["https:\/\/v2charge.com\/wp-content\/uploads\/2024\/07\/v2c-electric-chargers.jpg",1200,675,false]},"uagb_author_info":{"display_name":"V2C","author_link":"https:\/\/v2charge.com\/fi\/author\/root_k4eu7ki8\/"},"uagb_comment_info":0,"uagb_excerpt":"MODBUS RTU -yhteys Trydan-latauspisteelle orjaparametrille Trydan-latauspisteess\u00e4 on yhteys Modbus RTU -protokollan kautta, kahdella tarkoituksella. Hallita latausasema et\u00e4yhteydell\u00e4. Edistyneet k\u00e4ytt\u00e4j\u00e4t voivat katsoa: MODBUS-muistio Hanki tietoja kaupallisista \u00e4lymittareista, integroimista varten orjaksi, aurinkos\u00e4hk\u00f6n yhteensopivuudella. Yhteensopivat mittarit Mittareita lis\u00e4t\u00e4\u00e4n jatkuvasti, ja nykyinen lista on: Chint DDSU666-H (yleens\u00e4 k\u00e4ytet\u00e4\u00e4n Huawei, SAJ.. inverttereiss\u00e4) Eastron (SDM120\/220\/320) Phoneix Contact Carlo Gavazzi S\u00e4hkoyhteys MODBUS&hellip;","_links":{"self":[{"href":"https:\/\/v2charge.com\/fi\/wp-json\/wp\/v2\/pages\/311437","targetHints":{"allow":["GET"]}}],"collection":[{"href":"https:\/\/v2charge.com\/fi\/wp-json\/wp\/v2\/pages"}],"about":[{"href":"https:\/\/v2charge.com\/fi\/wp-json\/wp\/v2\/types\/page"}],"author":[{"embeddable":true,"href":"https:\/\/v2charge.com\/fi\/wp-json\/wp\/v2\/users\/1"}],"replies":[{"embeddable":true,"href":"https:\/\/v2charge.com\/fi\/wp-json\/wp\/v2\/comments?post=311437"}],"version-history":[{"count":0,"href":"https:\/\/v2charge.com\/fi\/wp-json\/wp\/v2\/pages\/311437\/revisions"}],"wp:featuredmedia":[{"embeddable":true,"href":"https:\/\/v2charge.com\/fi\/wp-json\/wp\/v2\/media\/170354"}],"wp:attachment":[{"href":"https:\/\/v2charge.com\/fi\/wp-json\/wp\/v2\/media?parent=311437"}],"curies":[{"name":"wp","href":"https:\/\/api.w.org\/{rel}","templated":true}]}}