{"id":311446,"date":"2023-07-12T13:58:30","date_gmt":"2023-07-12T13:58:30","guid":{"rendered":""},"modified":"2023-07-14T11:18:58","modified_gmt":"2023-07-14T11:18:58","slug":"linkita-google-home-laturisi-kanssa","status":"publish","type":"page","link":"https:\/\/v2charge.com\/fi\/linkita-google-home-laturisi-kanssa\/","title":{"rendered":"Linkit\u00e4 Google Home laturisi kanssa"},"content":{"rendered":"\n<div style=\"height:60px\" aria-hidden=\"true\" class=\"wp-block-spacer\"><\/div>\n\n\n<h1 class=\"wp-block-heading\">Linkit\u00e4 Google Home laturisi kanssa<\/h1>\n\n<p>Trydan-latauspiste pystyy yhdist\u00e4m\u00e4\u00e4n \u00e4lylaitteisiin, kuten Google Homeen.<\/p>\n\n<h2 class=\"wp-block-heading\">Ennen vaiheita<\/h2>\n\n<p>Ennen kuin yhdist\u00e4t laturisi Google Home -laitteeseesi, sinun on asennettava Google Home -sovellus mobiililaitteeseesi. Siirry App Storeen (iOS) tai Google Playhin (Android) ja etsi &#8217;Google Home&#8217; ladataksesi sovelluksen.<\/p>\n\n\n<div class=\"wp-block-uagb-container uagb-block-4e29f302 alignfull uagb-is-root-container\"><div class=\"uagb-container-inner-blocks-wrap\">\n<div class=\"wp-block-uagb-container uagb-block-906101be\"><div class=\"wp-block-uagb-image aligncenter uagb-block-63d2556d wp-block-uagb-image--layout-default wp-block-uagb-image--effect-static wp-block-uagb-image--align-center\"><figure class=\"wp-block-uagb-image__figure\"><img decoding=\"async\" srcset=\"https:\/\/v2charge.com\/wp-content\/uploads\/2023\/07\/descarga-google-home.jpg \" sizes=\"auto, (max-width: 480px) 150px\" src=\"https:\/\/v2charge.com\/wp-content\/uploads\/2023\/07\/descarga-google-home.jpg\" alt=\"\" class=\"uag-image-110536\" width=\"400\" height=\"560\" title=\"\" loading=\"lazy\"\/><figcaption class=\"uagb-image-caption\">Etsi sovellus ja paina &#8217;hanki&#8217;.<\/figcaption><\/figure><\/div><\/div>\n<\/div><\/div>\n\n\n\n<div style=\"height:50px\" aria-hidden=\"true\" class=\"wp-block-spacer\"><\/div>\n\n\n<h2 class=\"wp-block-heading\">Linkit\u00e4 V2C Cloud -tilisi Google Homeen<\/h2>\n\n\n<div class=\"wp-block-uagb-container uagb-block-94cd315b alignfull uagb-is-root-container\"><div class=\"uagb-container-inner-blocks-wrap\">\n<div class=\"wp-block-uagb-container uagb-block-2746b2b1\"><div class=\"wp-block-uagb-image uagb-block-9d22b119 wp-block-uagb-image--layout-default wp-block-uagb-image--effect-static wp-block-uagb-image--align-none\"><figure class=\"wp-block-uagb-image__figure\"><img decoding=\"async\" srcset=\"https:\/\/v2charge.com\/wp-content\/uploads\/2023\/07\/anadir-dispositivo-google-home.jpg \" sizes=\"auto, (max-width: 480px) 150px\" src=\"https:\/\/v2charge.com\/wp-content\/uploads\/2023\/07\/anadir-dispositivo-google-home.jpg\" alt=\"\" class=\"uag-image-110568\" width=\"400\" height=\"560\" title=\"\" loading=\"lazy\"\/><figcaption class=\"uagb-image-caption\">1. Siirry alareunan &#8217;Laitteet&#8217; -v\u00e4lilehteen ja napsauta &#8217;Lis\u00e4\u00e4&#8217;.<\/figcaption><\/figure><\/div><\/div>\n\n\n\n<div class=\"wp-block-uagb-container uagb-block-d5f68e50\"><div class=\"wp-block-uagb-image uagb-block-c0ed680a wp-block-uagb-image--layout-default wp-block-uagb-image--effect-static wp-block-uagb-image--align-none\"><figure class=\"wp-block-uagb-image__figure\"><img decoding=\"async\" srcset=\"https:\/\/v2charge.com\/wp-content\/uploads\/2023\/07\/configurar-dispositivo-google-home.jpg \" sizes=\"auto, (max-width: 480px) 150px\" src=\"https:\/\/v2charge.com\/wp-content\/uploads\/2023\/07\/configurar-dispositivo-google-home.jpg\" alt=\"\" class=\"uag-image-110577\" width=\"400\" height=\"560\" title=\"\" loading=\"lazy\"\/><figcaption class=\"uagb-image-caption\">2. Valitse vaihtoehto<br> &#8217;Toimii Googlen kanssa&#8217;.<\/figcaption><\/figure><\/div><\/div>\n\n\n\n<div class=\"wp-block-uagb-container uagb-block-6c252685\"><div class=\"wp-block-uagb-image uagb-block-ebec98cb wp-block-uagb-image--layout-default wp-block-uagb-image--effect-static wp-block-uagb-image--align-none\"><figure class=\"wp-block-uagb-image__figure\"><img decoding=\"async\" srcset=\"https:\/\/v2charge.com\/wp-content\/uploads\/2023\/07\/v2c.jpg \" sizes=\"auto, (max-width: 480px) 150px\" src=\"https:\/\/v2charge.com\/wp-content\/uploads\/2023\/07\/v2c.jpg\" alt=\"\" class=\"uag-image-113442\" width=\"400\" height=\"560\" title=\"\" loading=\"lazy\"\/><figcaption class=\"uagb-image-caption\">3. Kirjoita &#8217;V2C&#8217; <br>hakukentt\u00e4\u00e4n.<\/figcaption><\/figure><\/div><\/div>\n<\/div><\/div>\n\n\n\n<div class=\"wp-block-uagb-container uagb-block-3e52c1b3 alignfull uagb-is-root-container\"><div class=\"uagb-container-inner-blocks-wrap\">\n<div class=\"wp-block-uagb-container uagb-block-32573786\"><div class=\"wp-block-uagb-image uagb-block-a0188092 wp-block-uagb-image--layout-default wp-block-uagb-image--effect-static wp-block-uagb-image--align-none\"><figure class=\"wp-block-uagb-image__figure\"><img decoding=\"async\" srcset=\"https:\/\/v2charge.com\/wp-content\/uploads\/2023\/07\/vincular-v2c-google-home.jpg \" sizes=\"auto, (max-width: 480px) 150px\" src=\"https:\/\/v2charge.com\/wp-content\/uploads\/2023\/07\/vincular-v2c-google-home.jpg\" alt=\"\" class=\"uag-image-110595\" width=\"400\" height=\"560\" title=\"\" loading=\"lazy\"\/><figcaption class=\"uagb-image-caption\">4. Kirjaudu sis\u00e4\u00e4n samalla <br>tilill\u00e4 <br>V2C Cloudissa.<\/figcaption><\/figure><\/div><\/div>\n\n\n\n<div class=\"wp-block-uagb-container uagb-block-8100ad2c\"><div class=\"wp-block-uagb-image uagb-block-a346fd8a wp-block-uagb-image--layout-default wp-block-uagb-image--effect-static wp-block-uagb-image--align-none\"><figure class=\"wp-block-uagb-image__figure\"><img decoding=\"async\" srcset=\"https:\/\/v2charge.com\/wp-content\/uploads\/2023\/07\/dispositivos-google-home.jpg \" sizes=\"auto, (max-width: 480px) 150px\" src=\"https:\/\/v2charge.com\/wp-content\/uploads\/2023\/07\/dispositivos-google-home.jpg\" alt=\"\" class=\"uag-image-110604\" width=\"400\" height=\"560\" title=\"\" loading=\"lazy\"\/><figcaption class=\"uagb-image-caption\">5. Palaa &#8217;Laitteet&#8217;-v\u00e4lilehteen ja <br> varmista, ett\u00e4 se on yhdistetty oikein.<\/figcaption><\/figure><\/div><\/div>\n<\/div><\/div>\n\n\n<p>Nyt kun olet tehnyt linkityksen, tutustu <a href=\"https:\/\/v2charge.com\/fi\/google-homein-toiminnalliset-komennot\/\">Google Home -toimintoihin, joilla voit hallita laturiasi.<\/a><\/p>\n\n\n<div style=\"height:100px\" aria-hidden=\"true\" class=\"wp-block-spacer\"><\/div>\n","protected":false},"excerpt":{"rendered":"<p>Linkit\u00e4 Google Home laturisi kanssa Trydan-latauspiste pystyy yhdist\u00e4m\u00e4\u00e4n \u00e4lylaitteisiin, kuten Google Homeen. Ennen vaiheita Ennen kuin yhdist\u00e4t laturisi Google Home -laitteeseesi, sinun on asennettava Google Home -sovellus mobiililaitteeseesi. Siirry App Storeen (iOS) tai Google Playhin (Android) ja etsi &#8217;Google Home&#8217; ladataksesi sovelluksen. Linkit\u00e4 V2C Cloud -tilisi Google Homeen Nyt kun olet tehnyt linkityksen, tutustu Google &#8230; <a title=\"Linkit\u00e4 Google Home laturisi kanssa\" class=\"read-more\" href=\"https:\/\/v2charge.com\/fi\/linkita-google-home-laturisi-kanssa\/\" aria-label=\"Lue lis\u00e4\u00e4 aiheesta Linkit\u00e4 Google Home laturisi kanssa\">Lue lis\u00e4\u00e4<\/a><\/p>\n","protected":false},"author":400,"featured_media":170346,"parent":0,"menu_order":0,"comment_status":"closed","ping_status":"closed","template":"","meta":{"_eb_attr":"","content-type":"","_uag_custom_page_level_css":"","footnotes":""},"class_list":["post-311446","page","type-page","status-publish","has-post-thumbnail"],"yoast_head":"<!-- This site is optimized with the Yoast SEO plugin v25.3.1 - https:\/\/yoast.com\/wordpress\/plugins\/seo\/ -->\n<title>Linkit\u00e4 laturisi Google Homeen - Yhteensopivuus | V2C<\/title>\n<meta name=\"description\" content=\"Trydan-latauspiste pystyy yhdist\u00e4m\u00e4\u00e4n \u00e4lylaitteisiin, kuten Google Homeen. Liit\u00e4 laturisi ja hallitse e-Chargeriasi.\" \/>\n<meta name=\"robots\" content=\"index, follow, max-snippet:-1, max-image-preview:large, max-video-preview:-1\" \/>\n<link rel=\"canonical\" href=\"https:\/\/v2charge.com\/fi\/modos-de-funcionamiento-fotovoltaico\/\" \/>\n<meta property=\"og:locale\" content=\"fi_FI\" \/>\n<meta property=\"og:type\" content=\"article\" \/>\n<meta property=\"og:title\" content=\"Linkit\u00e4 laturisi Google Homeen - Yhteensopivuus | V2C\" \/>\n<meta property=\"og:description\" content=\"Trydan-latauspiste pystyy yhdist\u00e4m\u00e4\u00e4n \u00e4lylaitteisiin, kuten Google Homeen. Liit\u00e4 laturisi ja hallitse e-Chargeriasi.\" \/>\n<meta property=\"og:url\" content=\"https:\/\/v2charge.com\/fi\/modos-de-funcionamiento-fotovoltaico\/\" \/>\n<meta property=\"og:site_name\" content=\"V2C\" \/>\n<meta property=\"article:publisher\" content=\"https:\/\/www.facebook.com\/V2C.Charge\" \/>\n<meta property=\"article:modified_time\" content=\"2023-07-14T11:18:58+00:00\" \/>\n<meta property=\"og:image\" content=\"https:\/\/v2charge.com\/wp-content\/uploads\/2024\/07\/v2c-electric-chargers.jpg\" \/>\n\t<meta property=\"og:image:width\" content=\"1200\" \/>\n\t<meta property=\"og:image:height\" content=\"675\" \/>\n\t<meta property=\"og:image:type\" content=\"image\/jpeg\" \/>\n<meta name=\"twitter:card\" content=\"summary_large_image\" \/>\n<meta name=\"twitter:site\" content=\"@V2C_Charge\" \/>\n<meta name=\"twitter:label1\" content=\"Arvioitu lukuaika\" \/>\n\t<meta name=\"twitter:data1\" content=\"2 minuuttia\" \/>\n<script type=\"application\/ld+json\" class=\"yoast-schema-graph\">{\"@context\":\"https:\/\/schema.org\",\"@graph\":[{\"@type\":\"WebPage\",\"@id\":\"https:\/\/v2charge.com\/fi\/linkita-google-home-laturisi-kanssa\/\",\"url\":\"https:\/\/v2charge.com\/fi\/modos-de-funcionamiento-fotovoltaico\/\",\"name\":\"Linkit\u00e4 laturisi Google Homeen - Yhteensopivuus | V2C\",\"isPartOf\":{\"@id\":\"https:\/\/v2charge.com\/fi\/#website\"},\"primaryImageOfPage\":{\"@id\":\"https:\/\/v2charge.com\/fi\/modos-de-funcionamiento-fotovoltaico\/#primaryimage\"},\"image\":{\"@id\":\"https:\/\/v2charge.com\/fi\/modos-de-funcionamiento-fotovoltaico\/#primaryimage\"},\"thumbnailUrl\":\"https:\/\/v2charge.com\/wp-content\/uploads\/2024\/07\/v2c-electric-chargers.jpg\",\"datePublished\":\"2023-07-12T13:58:30+00:00\",\"dateModified\":\"2023-07-14T11:18:58+00:00\",\"description\":\"Trydan-latauspiste pystyy yhdist\u00e4m\u00e4\u00e4n \u00e4lylaitteisiin, kuten Google Homeen. Liit\u00e4 laturisi ja hallitse e-Chargeriasi.\",\"breadcrumb\":{\"@id\":\"https:\/\/v2charge.com\/fi\/modos-de-funcionamiento-fotovoltaico\/#breadcrumb\"},\"inLanguage\":\"fi\",\"potentialAction\":[{\"@type\":\"ReadAction\",\"target\":[\"https:\/\/v2charge.com\/fi\/modos-de-funcionamiento-fotovoltaico\/\"]}]},{\"@type\":\"ImageObject\",\"inLanguage\":\"fi\",\"@id\":\"https:\/\/v2charge.com\/fi\/modos-de-funcionamiento-fotovoltaico\/#primaryimage\",\"url\":\"https:\/\/v2charge.com\/wp-content\/uploads\/2024\/07\/v2c-electric-chargers.jpg\",\"contentUrl\":\"https:\/\/v2charge.com\/wp-content\/uploads\/2024\/07\/v2c-electric-chargers.jpg\",\"width\":1200,\"height\":675,\"caption\":\"V2C Electric Chargers\"},{\"@type\":\"BreadcrumbList\",\"@id\":\"https:\/\/v2charge.com\/fi\/modos-de-funcionamiento-fotovoltaico\/#breadcrumb\",\"itemListElement\":[{\"@type\":\"ListItem\",\"position\":1,\"name\":\"V2C\",\"item\":\"https:\/\/v2charge.com\/fi\/\"},{\"@type\":\"ListItem\",\"position\":2,\"name\":\"Linkit\u00e4 Google Home laturisi kanssa\"}]},{\"@type\":\"WebSite\",\"@id\":\"https:\/\/v2charge.com\/fi\/#website\",\"url\":\"https:\/\/v2charge.com\/fi\/\",\"name\":\"V2C\",\"description\":\"#CargandoElMa\u00f1ana\",\"publisher\":{\"@id\":\"https:\/\/v2charge.com\/fi\/#organization\"},\"potentialAction\":[{\"@type\":\"SearchAction\",\"target\":{\"@type\":\"EntryPoint\",\"urlTemplate\":\"https:\/\/v2charge.com\/fi\/?s={search_term_string}\"},\"query-input\":{\"@type\":\"PropertyValueSpecification\",\"valueRequired\":true,\"valueName\":\"search_term_string\"}}],\"inLanguage\":\"fi\"},{\"@type\":\"Organization\",\"@id\":\"https:\/\/v2charge.com\/fi\/#organization\",\"name\":\"V2C\",\"url\":\"https:\/\/v2charge.com\/fi\/\",\"logo\":{\"@type\":\"ImageObject\",\"inLanguage\":\"fi\",\"@id\":\"https:\/\/v2charge.com\/fi\/#\/schema\/logo\/image\/\",\"url\":\"https:\/\/v2charge.com\/wp-content\/uploads\/2024\/11\/cropped-v2c-charge-logo-menu.png\",\"contentUrl\":\"https:\/\/v2charge.com\/wp-content\/uploads\/2024\/11\/cropped-v2c-charge-logo-menu.png\",\"width\":984,\"height\":431,\"caption\":\"V2C\"},\"image\":{\"@id\":\"https:\/\/v2charge.com\/fi\/#\/schema\/logo\/image\/\"},\"sameAs\":[\"https:\/\/www.facebook.com\/V2C.Charge\",\"https:\/\/x.com\/V2C_Charge\",\"https:\/\/www.instagram.com\/v2c.charge\/\",\"https:\/\/www.youtube.com\/@V2C\",\"https:\/\/www.linkedin.com\/company\/v2c-chargers\/\"]}]}<\/script>\n<!-- \/ Yoast SEO plugin. -->","yoast_head_json":{"title":"Linkit\u00e4 laturisi Google Homeen - Yhteensopivuus | V2C","description":"Trydan-latauspiste pystyy yhdist\u00e4m\u00e4\u00e4n \u00e4lylaitteisiin, kuten Google Homeen. Liit\u00e4 laturisi ja hallitse e-Chargeriasi.","robots":{"index":"index","follow":"follow","max-snippet":"max-snippet:-1","max-image-preview":"max-image-preview:large","max-video-preview":"max-video-preview:-1"},"canonical":"https:\/\/v2charge.com\/fi\/modos-de-funcionamiento-fotovoltaico\/","og_locale":"fi_FI","og_type":"article","og_title":"Linkit\u00e4 laturisi Google Homeen - Yhteensopivuus | V2C","og_description":"Trydan-latauspiste pystyy yhdist\u00e4m\u00e4\u00e4n \u00e4lylaitteisiin, kuten Google Homeen. Liit\u00e4 laturisi ja hallitse e-Chargeriasi.","og_url":"https:\/\/v2charge.com\/fi\/modos-de-funcionamiento-fotovoltaico\/","og_site_name":"V2C","article_publisher":"https:\/\/www.facebook.com\/V2C.Charge","article_modified_time":"2023-07-14T11:18:58+00:00","og_image":[{"width":1200,"height":675,"url":"https:\/\/v2charge.com\/wp-content\/uploads\/2024\/07\/v2c-electric-chargers.jpg","type":"image\/jpeg"}],"twitter_card":"summary_large_image","twitter_site":"@V2C_Charge","twitter_misc":{"Arvioitu lukuaika":"2 minuuttia"},"schema":{"@context":"https:\/\/schema.org","@graph":[{"@type":"WebPage","@id":"https:\/\/v2charge.com\/fi\/linkita-google-home-laturisi-kanssa\/","url":"https:\/\/v2charge.com\/fi\/modos-de-funcionamiento-fotovoltaico\/","name":"Linkit\u00e4 laturisi Google Homeen - Yhteensopivuus | V2C","isPartOf":{"@id":"https:\/\/v2charge.com\/fi\/#website"},"primaryImageOfPage":{"@id":"https:\/\/v2charge.com\/fi\/modos-de-funcionamiento-fotovoltaico\/#primaryimage"},"image":{"@id":"https:\/\/v2charge.com\/fi\/modos-de-funcionamiento-fotovoltaico\/#primaryimage"},"thumbnailUrl":"https:\/\/v2charge.com\/wp-content\/uploads\/2024\/07\/v2c-electric-chargers.jpg","datePublished":"2023-07-12T13:58:30+00:00","dateModified":"2023-07-14T11:18:58+00:00","description":"Trydan-latauspiste pystyy yhdist\u00e4m\u00e4\u00e4n \u00e4lylaitteisiin, kuten Google Homeen. Liit\u00e4 laturisi ja hallitse e-Chargeriasi.","breadcrumb":{"@id":"https:\/\/v2charge.com\/fi\/modos-de-funcionamiento-fotovoltaico\/#breadcrumb"},"inLanguage":"fi","potentialAction":[{"@type":"ReadAction","target":["https:\/\/v2charge.com\/fi\/modos-de-funcionamiento-fotovoltaico\/"]}]},{"@type":"ImageObject","inLanguage":"fi","@id":"https:\/\/v2charge.com\/fi\/modos-de-funcionamiento-fotovoltaico\/#primaryimage","url":"https:\/\/v2charge.com\/wp-content\/uploads\/2024\/07\/v2c-electric-chargers.jpg","contentUrl":"https:\/\/v2charge.com\/wp-content\/uploads\/2024\/07\/v2c-electric-chargers.jpg","width":1200,"height":675,"caption":"V2C Electric Chargers"},{"@type":"BreadcrumbList","@id":"https:\/\/v2charge.com\/fi\/modos-de-funcionamiento-fotovoltaico\/#breadcrumb","itemListElement":[{"@type":"ListItem","position":1,"name":"V2C","item":"https:\/\/v2charge.com\/fi\/"},{"@type":"ListItem","position":2,"name":"Linkit\u00e4 Google Home laturisi kanssa"}]},{"@type":"WebSite","@id":"https:\/\/v2charge.com\/fi\/#website","url":"https:\/\/v2charge.com\/fi\/","name":"V2C","description":"#CargandoElMa\u00f1ana","publisher":{"@id":"https:\/\/v2charge.com\/fi\/#organization"},"potentialAction":[{"@type":"SearchAction","target":{"@type":"EntryPoint","urlTemplate":"https:\/\/v2charge.com\/fi\/?s={search_term_string}"},"query-input":{"@type":"PropertyValueSpecification","valueRequired":true,"valueName":"search_term_string"}}],"inLanguage":"fi"},{"@type":"Organization","@id":"https:\/\/v2charge.com\/fi\/#organization","name":"V2C","url":"https:\/\/v2charge.com\/fi\/","logo":{"@type":"ImageObject","inLanguage":"fi","@id":"https:\/\/v2charge.com\/fi\/#\/schema\/logo\/image\/","url":"https:\/\/v2charge.com\/wp-content\/uploads\/2024\/11\/cropped-v2c-charge-logo-menu.png","contentUrl":"https:\/\/v2charge.com\/wp-content\/uploads\/2024\/11\/cropped-v2c-charge-logo-menu.png","width":984,"height":431,"caption":"V2C"},"image":{"@id":"https:\/\/v2charge.com\/fi\/#\/schema\/logo\/image\/"},"sameAs":["https:\/\/www.facebook.com\/V2C.Charge","https:\/\/x.com\/V2C_Charge","https:\/\/www.instagram.com\/v2c.charge\/","https:\/\/www.youtube.com\/@V2C","https:\/\/www.linkedin.com\/company\/v2c-chargers\/"]}]}},"uagb_featured_image_src":{"full":["https:\/\/v2charge.com\/wp-content\/uploads\/2024\/07\/v2c-electric-chargers.jpg",1200,675,false],"thumbnail":["https:\/\/v2charge.com\/wp-content\/uploads\/2024\/07\/v2c-electric-chargers-150x150.jpg",150,150,true],"medium":["https:\/\/v2charge.com\/wp-content\/uploads\/2024\/07\/v2c-electric-chargers-300x169.jpg",300,169,true],"medium_large":["https:\/\/v2charge.com\/wp-content\/uploads\/2024\/07\/v2c-electric-chargers-768x432.jpg",768,432,true],"large":["https:\/\/v2charge.com\/wp-content\/uploads\/2024\/07\/v2c-electric-chargers-1024x576.jpg",1024,576,true],"gs-tiny":["https:\/\/v2charge.com\/wp-content\/uploads\/2024\/07\/v2c-electric-chargers.jpg",50,28,false],"xl":["https:\/\/v2charge.com\/wp-content\/uploads\/2024\/07\/v2c-electric-chargers.jpg",1200,675,false],"xxl":["https:\/\/v2charge.com\/wp-content\/uploads\/2024\/07\/v2c-electric-chargers.jpg",1200,675,false],"xxxl":["https:\/\/v2charge.com\/wp-content\/uploads\/2024\/07\/v2c-electric-chargers.jpg",1200,675,false],"xxxxl":["https:\/\/v2charge.com\/wp-content\/uploads\/2024\/07\/v2c-electric-chargers.jpg",1200,675,false],"xxxxxl":["https:\/\/v2charge.com\/wp-content\/uploads\/2024\/07\/v2c-electric-chargers.jpg",1200,675,false],"1536x1536":["https:\/\/v2charge.com\/wp-content\/uploads\/2024\/07\/v2c-electric-chargers.jpg",1200,675,false],"2048x2048":["https:\/\/v2charge.com\/wp-content\/uploads\/2024\/07\/v2c-electric-chargers.jpg",1200,675,false]},"uagb_author_info":{"display_name":"V2C","author_link":"https:\/\/v2charge.com\/fi\/author\/marketing\/"},"uagb_comment_info":0,"uagb_excerpt":"Linkit\u00e4 Google Home laturisi kanssa Trydan-latauspiste pystyy yhdist\u00e4m\u00e4\u00e4n \u00e4lylaitteisiin, kuten Google Homeen. Ennen vaiheita Ennen kuin yhdist\u00e4t laturisi Google Home -laitteeseesi, sinun on asennettava Google Home -sovellus mobiililaitteeseesi. Siirry App Storeen (iOS) tai Google Playhin (Android) ja etsi &#8217;Google Home&#8217; ladataksesi sovelluksen. Linkit\u00e4 V2C Cloud -tilisi Google Homeen Nyt kun olet tehnyt linkityksen, tutustu Google&hellip;","_links":{"self":[{"href":"https:\/\/v2charge.com\/fi\/wp-json\/wp\/v2\/pages\/311446","targetHints":{"allow":["GET"]}}],"collection":[{"href":"https:\/\/v2charge.com\/fi\/wp-json\/wp\/v2\/pages"}],"about":[{"href":"https:\/\/v2charge.com\/fi\/wp-json\/wp\/v2\/types\/page"}],"author":[{"embeddable":true,"href":"https:\/\/v2charge.com\/fi\/wp-json\/wp\/v2\/users\/400"}],"replies":[{"embeddable":true,"href":"https:\/\/v2charge.com\/fi\/wp-json\/wp\/v2\/comments?post=311446"}],"version-history":[{"count":0,"href":"https:\/\/v2charge.com\/fi\/wp-json\/wp\/v2\/pages\/311446\/revisions"}],"wp:featuredmedia":[{"embeddable":true,"href":"https:\/\/v2charge.com\/fi\/wp-json\/wp\/v2\/media\/170346"}],"wp:attachment":[{"href":"https:\/\/v2charge.com\/fi\/wp-json\/wp\/v2\/media?parent=311446"}],"curies":[{"name":"wp","href":"https:\/\/api.w.org\/{rel}","templated":true}]}}