{"id":311451,"date":"2023-09-11T19:00:06","date_gmt":"2023-09-11T17:00:06","guid":{"rendered":""},"modified":"2023-09-12T08:52:17","modified_gmt":"2023-09-12T06:52:17","slug":"toiminta-v2c-n-trydan-latauspisteella-eristyksissa-olevilla","status":"publish","type":"page","link":"https:\/\/v2charge.com\/fi\/toiminta-v2c-n-trydan-latauspisteella-eristyksissa-olevilla\/","title":{"rendered":"Toiminta V2C:n Trydan-latauspisteell\u00e4 eristyksiss\u00e4 olevilla aurinkos\u00e4hk\u00f6laitteilla"},"content":{"rendered":"<p>Trydan voi toimia eristyksiss\u00e4 olevissa aurinkoenergiaj\u00e4rjestelmiss\u00e4, kunhan n\u00e4m\u00e4 vaatimukset t\u00e4yttyv\u00e4t, ja ladata aurinkoenergialla.<\/p>\n\n\n<ul class=\"wp-block-list\"><li>On suora yhteys muuntajaan ja akkuparametrin lukeminen on mahdollista. <a href=\"https:\/\/docs.google.com\/spreadsheets\/u\/2\/d\/e\/2PACX-1vRQhkUJ9xtuh6NpmFMmu5lc8WvXcZNdArvjyiktAr1JTnZIWsxxPTpYBczdAml2ojB2Kxv-Dc0LaNTp\/pubhtml?gid=817354572&amp;single=true\" target=\"_blank\" rel=\"noreferrer noopener nofollow\">Katso luettelo muuntajista t\u00e4\u00e4lt\u00e4.<\/a><\/li>\n\n<li>T\u00e4m\u00e4 j\u00e4rjestelm\u00e4 toimii my\u00f6s, jos &#8221;nollainjektio&#8221; -parametri on aktivoitu.<\/li><\/ul>\n\n\n<p>Toiminnan m\u00e4\u00e4ritt\u00e4miseksi dynaamisen teho-ohjauksen jaksoissa sinun on valittava t\u00e4m\u00e4 tila sovelluksessa sek\u00e4 aikav\u00e4li.<\/p>\n\n<div class=\"wp-block-image\">\n<figure class=\"aligncenter size-full is-resized\"><img decoding=\"async\" src=\"https:\/\/v2charge.com\/wp-content\/uploads\/2023\/09\/tramo-potencias.jpeg\" alt=\"\" class=\"wp-image-120082\" width=\"257\" height=\"583\"\/><\/figure>\n<\/div>\n\n<div class=\"wp-block-image\">\n<figure class=\"aligncenter size-full is-resized\"><img decoding=\"async\" src=\"https:\/\/v2charge.com\/wp-content\/uploads\/2023\/09\/modo-funcionamiento.jpeg\" alt=\"\" class=\"wp-image-120092\" width=\"257\" height=\"583\"\/><\/figure>\n<\/div>\n\n<p>Algoritmi toimii siten, ett\u00e4 se purkaa akusta aina 260 wattia (1 ampeeri), jolloin k\u00e4ytet\u00e4\u00e4n 100 % saatavilla olevasta aurinkoenergiasta sill\u00e4 hetkell\u00e4. Jos halutaan pakottaa suurempi purku, se voidaan valita asetuksista. Mik\u00e4li auton toimimiseksi akusta on purettava enemm\u00e4n, lataus keskeytett\u00e4isiin.<\/p>","protected":false},"excerpt":{"rendered":"<p>Trydan voi toimia eristyksiss\u00e4 olevissa aurinkoenergiaj\u00e4rjestelmiss\u00e4, kunhan n\u00e4m\u00e4 vaatimukset t\u00e4yttyv\u00e4t, ja ladata aurinkoenergialla. Toiminnan m\u00e4\u00e4ritt\u00e4miseksi dynaamisen teho-ohjauksen jaksoissa sinun on valittava t\u00e4m\u00e4 tila sovelluksessa sek\u00e4 aikav\u00e4li. Algoritmi toimii siten, ett\u00e4 se purkaa akusta aina 260 wattia (1 ampeeri), jolloin k\u00e4ytet\u00e4\u00e4n 100 % saatavilla olevasta aurinkoenergiasta sill\u00e4 hetkell\u00e4. Jos halutaan pakottaa suurempi purku, se voidaan valita &#8230; <a title=\"Toiminta V2C:n Trydan-latauspisteell\u00e4 eristyksiss\u00e4 olevilla aurinkos\u00e4hk\u00f6laitteilla\" class=\"read-more\" href=\"https:\/\/v2charge.com\/fi\/toiminta-v2c-n-trydan-latauspisteella-eristyksissa-olevilla\/\" aria-label=\"Lue lis\u00e4\u00e4 aiheesta Toiminta V2C:n Trydan-latauspisteell\u00e4 eristyksiss\u00e4 olevilla aurinkos\u00e4hk\u00f6laitteilla\">Lue lis\u00e4\u00e4<\/a><\/p>\n","protected":false},"author":1,"featured_media":170354,"parent":0,"menu_order":0,"comment_status":"closed","ping_status":"closed","template":"","meta":{"_eb_attr":"","content-type":"","_uag_custom_page_level_css":"","footnotes":""},"class_list":["post-311451","page","type-page","status-publish","has-post-thumbnail"],"yoast_head":"<!-- This site is optimized with the Yoast SEO plugin v25.3.1 - https:\/\/yoast.com\/wordpress\/plugins\/seo\/ -->\n<title>Toiminta V2C:n Trydan-latauspisteell\u00e4 eristyksiss\u00e4 olevilla aurinkos\u00e4hk\u00f6laitteilla - V2C<\/title>\n<meta name=\"robots\" content=\"index, follow, max-snippet:-1, max-image-preview:large, max-video-preview:-1\" \/>\n<link rel=\"canonical\" href=\"https:\/\/v2charge.com\/fi\/toiminta-v2c-n-trydan-latauspisteella-eristyksissa-olevilla\/\" \/>\n<meta property=\"og:locale\" content=\"fi_FI\" \/>\n<meta property=\"og:type\" content=\"article\" \/>\n<meta property=\"og:title\" content=\"Toiminta V2C:n Trydan-latauspisteell\u00e4 eristyksiss\u00e4 olevilla aurinkos\u00e4hk\u00f6laitteilla - V2C\" \/>\n<meta property=\"og:description\" content=\"Trydan voi toimia eristyksiss\u00e4 olevissa aurinkoenergiaj\u00e4rjestelmiss\u00e4, kunhan n\u00e4m\u00e4 vaatimukset t\u00e4yttyv\u00e4t, ja ladata aurinkoenergialla. Toiminnan m\u00e4\u00e4ritt\u00e4miseksi dynaamisen teho-ohjauksen jaksoissa sinun on valittava t\u00e4m\u00e4 tila sovelluksessa sek\u00e4 aikav\u00e4li. Algoritmi toimii siten, ett\u00e4 se purkaa akusta aina 260 wattia (1 ampeeri), jolloin k\u00e4ytet\u00e4\u00e4n 100 % saatavilla olevasta aurinkoenergiasta sill\u00e4 hetkell\u00e4. Jos halutaan pakottaa suurempi purku, se voidaan valita ... Lue lis\u00e4\u00e4\" \/>\n<meta property=\"og:url\" content=\"https:\/\/v2charge.com\/fi\/toiminta-v2c-n-trydan-latauspisteella-eristyksissa-olevilla\/\" \/>\n<meta property=\"og:site_name\" content=\"V2C\" \/>\n<meta property=\"article:publisher\" content=\"https:\/\/www.facebook.com\/V2C.Charge\" \/>\n<meta property=\"article:modified_time\" content=\"2023-09-12T06:52:17+00:00\" \/>\n<meta property=\"og:image\" content=\"https:\/\/v2charge.com\/wp-content\/uploads\/2024\/07\/v2c-electric-chargers.jpg\" \/>\n\t<meta property=\"og:image:width\" content=\"1200\" \/>\n\t<meta property=\"og:image:height\" content=\"675\" \/>\n\t<meta property=\"og:image:type\" content=\"image\/jpeg\" \/>\n<meta name=\"twitter:card\" content=\"summary_large_image\" \/>\n<meta name=\"twitter:site\" content=\"@V2C_Charge\" \/>\n<meta name=\"twitter:label1\" content=\"Arvioitu lukuaika\" \/>\n\t<meta name=\"twitter:data1\" content=\"2 minuuttia\" \/>\n<script type=\"application\/ld+json\" class=\"yoast-schema-graph\">{\"@context\":\"https:\/\/schema.org\",\"@graph\":[{\"@type\":\"WebPage\",\"@id\":\"https:\/\/v2charge.com\/fi\/toiminta-v2c-n-trydan-latauspisteella-eristyksissa-olevilla\/\",\"url\":\"https:\/\/v2charge.com\/fi\/toiminta-v2c-n-trydan-latauspisteella-eristyksissa-olevilla\/\",\"name\":\"Toiminta V2C:n Trydan-latauspisteell\u00e4 eristyksiss\u00e4 olevilla aurinkos\u00e4hk\u00f6laitteilla - V2C\",\"isPartOf\":{\"@id\":\"https:\/\/v2charge.com\/fi\/#website\"},\"primaryImageOfPage\":{\"@id\":\"https:\/\/v2charge.com\/fi\/toiminta-v2c-n-trydan-latauspisteella-eristyksissa-olevilla\/#primaryimage\"},\"image\":{\"@id\":\"https:\/\/v2charge.com\/fi\/toiminta-v2c-n-trydan-latauspisteella-eristyksissa-olevilla\/#primaryimage\"},\"thumbnailUrl\":\"https:\/\/v2charge.com\/wp-content\/uploads\/2024\/07\/v2c-electric-chargers.jpg\",\"datePublished\":\"2023-09-11T17:00:06+00:00\",\"dateModified\":\"2023-09-12T06:52:17+00:00\",\"breadcrumb\":{\"@id\":\"https:\/\/v2charge.com\/fi\/toiminta-v2c-n-trydan-latauspisteella-eristyksissa-olevilla\/#breadcrumb\"},\"inLanguage\":\"fi\",\"potentialAction\":[{\"@type\":\"ReadAction\",\"target\":[\"https:\/\/v2charge.com\/fi\/toiminta-v2c-n-trydan-latauspisteella-eristyksissa-olevilla\/\"]}]},{\"@type\":\"ImageObject\",\"inLanguage\":\"fi\",\"@id\":\"https:\/\/v2charge.com\/fi\/toiminta-v2c-n-trydan-latauspisteella-eristyksissa-olevilla\/#primaryimage\",\"url\":\"https:\/\/v2charge.com\/wp-content\/uploads\/2024\/07\/v2c-electric-chargers.jpg\",\"contentUrl\":\"https:\/\/v2charge.com\/wp-content\/uploads\/2024\/07\/v2c-electric-chargers.jpg\",\"width\":1200,\"height\":675,\"caption\":\"V2C Electric Chargers\"},{\"@type\":\"BreadcrumbList\",\"@id\":\"https:\/\/v2charge.com\/fi\/toiminta-v2c-n-trydan-latauspisteella-eristyksissa-olevilla\/#breadcrumb\",\"itemListElement\":[{\"@type\":\"ListItem\",\"position\":1,\"name\":\"V2C\",\"item\":\"https:\/\/v2charge.com\/fi\/\"},{\"@type\":\"ListItem\",\"position\":2,\"name\":\"Toiminta V2C:n Trydan-latauspisteell\u00e4 eristyksiss\u00e4 olevilla aurinkos\u00e4hk\u00f6laitteilla\"}]},{\"@type\":\"WebSite\",\"@id\":\"https:\/\/v2charge.com\/fi\/#website\",\"url\":\"https:\/\/v2charge.com\/fi\/\",\"name\":\"V2C\",\"description\":\"#CargandoElMa\u00f1ana\",\"publisher\":{\"@id\":\"https:\/\/v2charge.com\/fi\/#organization\"},\"potentialAction\":[{\"@type\":\"SearchAction\",\"target\":{\"@type\":\"EntryPoint\",\"urlTemplate\":\"https:\/\/v2charge.com\/fi\/?s={search_term_string}\"},\"query-input\":{\"@type\":\"PropertyValueSpecification\",\"valueRequired\":true,\"valueName\":\"search_term_string\"}}],\"inLanguage\":\"fi\"},{\"@type\":\"Organization\",\"@id\":\"https:\/\/v2charge.com\/fi\/#organization\",\"name\":\"V2C\",\"url\":\"https:\/\/v2charge.com\/fi\/\",\"logo\":{\"@type\":\"ImageObject\",\"inLanguage\":\"fi\",\"@id\":\"https:\/\/v2charge.com\/fi\/#\/schema\/logo\/image\/\",\"url\":\"https:\/\/v2charge.com\/wp-content\/uploads\/2024\/11\/cropped-v2c-charge-logo-menu.png\",\"contentUrl\":\"https:\/\/v2charge.com\/wp-content\/uploads\/2024\/11\/cropped-v2c-charge-logo-menu.png\",\"width\":984,\"height\":431,\"caption\":\"V2C\"},\"image\":{\"@id\":\"https:\/\/v2charge.com\/fi\/#\/schema\/logo\/image\/\"},\"sameAs\":[\"https:\/\/www.facebook.com\/V2C.Charge\",\"https:\/\/x.com\/V2C_Charge\",\"https:\/\/www.instagram.com\/v2c.charge\/\",\"https:\/\/www.youtube.com\/@V2C\",\"https:\/\/www.linkedin.com\/company\/v2c-chargers\/\"]}]}<\/script>\n<!-- \/ Yoast SEO plugin. -->","yoast_head_json":{"title":"Toiminta V2C:n Trydan-latauspisteell\u00e4 eristyksiss\u00e4 olevilla aurinkos\u00e4hk\u00f6laitteilla - V2C","robots":{"index":"index","follow":"follow","max-snippet":"max-snippet:-1","max-image-preview":"max-image-preview:large","max-video-preview":"max-video-preview:-1"},"canonical":"https:\/\/v2charge.com\/fi\/toiminta-v2c-n-trydan-latauspisteella-eristyksissa-olevilla\/","og_locale":"fi_FI","og_type":"article","og_title":"Toiminta V2C:n Trydan-latauspisteell\u00e4 eristyksiss\u00e4 olevilla aurinkos\u00e4hk\u00f6laitteilla - V2C","og_description":"Trydan voi toimia eristyksiss\u00e4 olevissa aurinkoenergiaj\u00e4rjestelmiss\u00e4, kunhan n\u00e4m\u00e4 vaatimukset t\u00e4yttyv\u00e4t, ja ladata aurinkoenergialla. Toiminnan m\u00e4\u00e4ritt\u00e4miseksi dynaamisen teho-ohjauksen jaksoissa sinun on valittava t\u00e4m\u00e4 tila sovelluksessa sek\u00e4 aikav\u00e4li. Algoritmi toimii siten, ett\u00e4 se purkaa akusta aina 260 wattia (1 ampeeri), jolloin k\u00e4ytet\u00e4\u00e4n 100 % saatavilla olevasta aurinkoenergiasta sill\u00e4 hetkell\u00e4. Jos halutaan pakottaa suurempi purku, se voidaan valita ... Lue lis\u00e4\u00e4","og_url":"https:\/\/v2charge.com\/fi\/toiminta-v2c-n-trydan-latauspisteella-eristyksissa-olevilla\/","og_site_name":"V2C","article_publisher":"https:\/\/www.facebook.com\/V2C.Charge","article_modified_time":"2023-09-12T06:52:17+00:00","og_image":[{"width":1200,"height":675,"url":"https:\/\/v2charge.com\/wp-content\/uploads\/2024\/07\/v2c-electric-chargers.jpg","type":"image\/jpeg"}],"twitter_card":"summary_large_image","twitter_site":"@V2C_Charge","twitter_misc":{"Arvioitu lukuaika":"2 minuuttia"},"schema":{"@context":"https:\/\/schema.org","@graph":[{"@type":"WebPage","@id":"https:\/\/v2charge.com\/fi\/toiminta-v2c-n-trydan-latauspisteella-eristyksissa-olevilla\/","url":"https:\/\/v2charge.com\/fi\/toiminta-v2c-n-trydan-latauspisteella-eristyksissa-olevilla\/","name":"Toiminta V2C:n Trydan-latauspisteell\u00e4 eristyksiss\u00e4 olevilla aurinkos\u00e4hk\u00f6laitteilla - V2C","isPartOf":{"@id":"https:\/\/v2charge.com\/fi\/#website"},"primaryImageOfPage":{"@id":"https:\/\/v2charge.com\/fi\/toiminta-v2c-n-trydan-latauspisteella-eristyksissa-olevilla\/#primaryimage"},"image":{"@id":"https:\/\/v2charge.com\/fi\/toiminta-v2c-n-trydan-latauspisteella-eristyksissa-olevilla\/#primaryimage"},"thumbnailUrl":"https:\/\/v2charge.com\/wp-content\/uploads\/2024\/07\/v2c-electric-chargers.jpg","datePublished":"2023-09-11T17:00:06+00:00","dateModified":"2023-09-12T06:52:17+00:00","breadcrumb":{"@id":"https:\/\/v2charge.com\/fi\/toiminta-v2c-n-trydan-latauspisteella-eristyksissa-olevilla\/#breadcrumb"},"inLanguage":"fi","potentialAction":[{"@type":"ReadAction","target":["https:\/\/v2charge.com\/fi\/toiminta-v2c-n-trydan-latauspisteella-eristyksissa-olevilla\/"]}]},{"@type":"ImageObject","inLanguage":"fi","@id":"https:\/\/v2charge.com\/fi\/toiminta-v2c-n-trydan-latauspisteella-eristyksissa-olevilla\/#primaryimage","url":"https:\/\/v2charge.com\/wp-content\/uploads\/2024\/07\/v2c-electric-chargers.jpg","contentUrl":"https:\/\/v2charge.com\/wp-content\/uploads\/2024\/07\/v2c-electric-chargers.jpg","width":1200,"height":675,"caption":"V2C Electric Chargers"},{"@type":"BreadcrumbList","@id":"https:\/\/v2charge.com\/fi\/toiminta-v2c-n-trydan-latauspisteella-eristyksissa-olevilla\/#breadcrumb","itemListElement":[{"@type":"ListItem","position":1,"name":"V2C","item":"https:\/\/v2charge.com\/fi\/"},{"@type":"ListItem","position":2,"name":"Toiminta V2C:n Trydan-latauspisteell\u00e4 eristyksiss\u00e4 olevilla aurinkos\u00e4hk\u00f6laitteilla"}]},{"@type":"WebSite","@id":"https:\/\/v2charge.com\/fi\/#website","url":"https:\/\/v2charge.com\/fi\/","name":"V2C","description":"#CargandoElMa\u00f1ana","publisher":{"@id":"https:\/\/v2charge.com\/fi\/#organization"},"potentialAction":[{"@type":"SearchAction","target":{"@type":"EntryPoint","urlTemplate":"https:\/\/v2charge.com\/fi\/?s={search_term_string}"},"query-input":{"@type":"PropertyValueSpecification","valueRequired":true,"valueName":"search_term_string"}}],"inLanguage":"fi"},{"@type":"Organization","@id":"https:\/\/v2charge.com\/fi\/#organization","name":"V2C","url":"https:\/\/v2charge.com\/fi\/","logo":{"@type":"ImageObject","inLanguage":"fi","@id":"https:\/\/v2charge.com\/fi\/#\/schema\/logo\/image\/","url":"https:\/\/v2charge.com\/wp-content\/uploads\/2024\/11\/cropped-v2c-charge-logo-menu.png","contentUrl":"https:\/\/v2charge.com\/wp-content\/uploads\/2024\/11\/cropped-v2c-charge-logo-menu.png","width":984,"height":431,"caption":"V2C"},"image":{"@id":"https:\/\/v2charge.com\/fi\/#\/schema\/logo\/image\/"},"sameAs":["https:\/\/www.facebook.com\/V2C.Charge","https:\/\/x.com\/V2C_Charge","https:\/\/www.instagram.com\/v2c.charge\/","https:\/\/www.youtube.com\/@V2C","https:\/\/www.linkedin.com\/company\/v2c-chargers\/"]}]}},"uagb_featured_image_src":{"full":["https:\/\/v2charge.com\/wp-content\/uploads\/2024\/07\/v2c-electric-chargers.jpg",1200,675,false],"thumbnail":["https:\/\/v2charge.com\/wp-content\/uploads\/2024\/07\/v2c-electric-chargers-150x150.jpg",150,150,true],"medium":["https:\/\/v2charge.com\/wp-content\/uploads\/2024\/07\/v2c-electric-chargers-300x169.jpg",300,169,true],"medium_large":["https:\/\/v2charge.com\/wp-content\/uploads\/2024\/07\/v2c-electric-chargers-768x432.jpg",768,432,true],"large":["https:\/\/v2charge.com\/wp-content\/uploads\/2024\/07\/v2c-electric-chargers-1024x576.jpg",1024,576,true],"gs-tiny":["https:\/\/v2charge.com\/wp-content\/uploads\/2024\/07\/v2c-electric-chargers.jpg",50,28,false],"xl":["https:\/\/v2charge.com\/wp-content\/uploads\/2024\/07\/v2c-electric-chargers.jpg",1200,675,false],"xxl":["https:\/\/v2charge.com\/wp-content\/uploads\/2024\/07\/v2c-electric-chargers.jpg",1200,675,false],"xxxl":["https:\/\/v2charge.com\/wp-content\/uploads\/2024\/07\/v2c-electric-chargers.jpg",1200,675,false],"xxxxl":["https:\/\/v2charge.com\/wp-content\/uploads\/2024\/07\/v2c-electric-chargers.jpg",1200,675,false],"xxxxxl":["https:\/\/v2charge.com\/wp-content\/uploads\/2024\/07\/v2c-electric-chargers.jpg",1200,675,false],"1536x1536":["https:\/\/v2charge.com\/wp-content\/uploads\/2024\/07\/v2c-electric-chargers.jpg",1200,675,false],"2048x2048":["https:\/\/v2charge.com\/wp-content\/uploads\/2024\/07\/v2c-electric-chargers.jpg",1200,675,false]},"uagb_author_info":{"display_name":"V2C","author_link":"https:\/\/v2charge.com\/fi\/author\/root_k4eu7ki8\/"},"uagb_comment_info":0,"uagb_excerpt":"Trydan voi toimia eristyksiss\u00e4 olevissa aurinkoenergiaj\u00e4rjestelmiss\u00e4, kunhan n\u00e4m\u00e4 vaatimukset t\u00e4yttyv\u00e4t, ja ladata aurinkoenergialla. Toiminnan m\u00e4\u00e4ritt\u00e4miseksi dynaamisen teho-ohjauksen jaksoissa sinun on valittava t\u00e4m\u00e4 tila sovelluksessa sek\u00e4 aikav\u00e4li. Algoritmi toimii siten, ett\u00e4 se purkaa akusta aina 260 wattia (1 ampeeri), jolloin k\u00e4ytet\u00e4\u00e4n 100 % saatavilla olevasta aurinkoenergiasta sill\u00e4 hetkell\u00e4. Jos halutaan pakottaa suurempi purku, se voidaan valita&hellip;","_links":{"self":[{"href":"https:\/\/v2charge.com\/fi\/wp-json\/wp\/v2\/pages\/311451","targetHints":{"allow":["GET"]}}],"collection":[{"href":"https:\/\/v2charge.com\/fi\/wp-json\/wp\/v2\/pages"}],"about":[{"href":"https:\/\/v2charge.com\/fi\/wp-json\/wp\/v2\/types\/page"}],"author":[{"embeddable":true,"href":"https:\/\/v2charge.com\/fi\/wp-json\/wp\/v2\/users\/1"}],"replies":[{"embeddable":true,"href":"https:\/\/v2charge.com\/fi\/wp-json\/wp\/v2\/comments?post=311451"}],"version-history":[{"count":0,"href":"https:\/\/v2charge.com\/fi\/wp-json\/wp\/v2\/pages\/311451\/revisions"}],"wp:featuredmedia":[{"embeddable":true,"href":"https:\/\/v2charge.com\/fi\/wp-json\/wp\/v2\/media\/170354"}],"wp:attachment":[{"href":"https:\/\/v2charge.com\/fi\/wp-json\/wp\/v2\/media?parent=311451"}],"curies":[{"name":"wp","href":"https:\/\/api.w.org\/{rel}","templated":true}]}}