{"id":311487,"date":"2024-06-24T14:09:11","date_gmt":"2024-06-24T12:09:11","guid":{"rendered":""},"modified":"2026-01-09T16:35:36","modified_gmt":"2026-01-09T14:35:36","slug":"aarettoman-impedanssi","status":"publish","type":"page","link":"https:\/\/v2charge.com\/fi\/tukialue\/trydan-tuki\/aarettoman-impedanssi\/","title":{"rendered":"\u00c4\u00e4rett\u00f6m\u00e4n impedanssi"},"content":{"rendered":"\n<div class=\"wp-block-uagb-container uagb-block-2b438ecc alignfull uagb-is-root-container\"><div class=\"uagb-container-inner-blocks-wrap\">\n<div style=\"height:20px\" aria-hidden=\"true\" class=\"wp-block-spacer\"><\/div>\n\n\n<div class=\"yoast-breadcrumbs\"><span><span><a href=\"https:\/\/v2charge.com\/fi\/\">V2C<\/a><\/span> \u00bb <span><a href=\"https:\/\/v2charge.com\/fi\/trydan-tuki\/\">Soporte para Trydan<\/a><\/span> \u00bb <span class=\"breadcrumb_last\" aria-current=\"page\">\u00c4\u00e4rett\u00f6m\u00e4n impedanssi<\/span><\/span><\/div>\n\n\n<div style=\"height:0px\" aria-hidden=\"true\" class=\"wp-block-spacer\"><\/div>\n\n\n<h1 class=\"wp-block-heading\" style=\"font-size:29px\">\u00c4\u00e4rett\u00f6m\u00e4n impedanssi<\/h1>\n\n<p>e-Charger Trydan, suojauksilla varustettuna versiona, tarjoaa \u00e4\u00e4rett\u00f6m\u00e4n impedanssin (tai nollaimpedanssin), <strong>teknologia, jonka on kehitt\u00e4nyt V2C<\/strong>, joka mahdollistaa, ett\u00e4 mittari ei havaitse latauspistett\u00e4. Siksi <strong>s\u00e4hk\u00f6n katketessa asennuksen voi palauttaa vain laskemalla ja nostamalla asunnon p\u00e4\u00e4katkaisijaa.<\/strong><\/p>\n\n<p><strong>\u00c4\u00e4rimm\u00e4inen impedanssi toimii seuraavissa olosuhteissa:<\/strong><\/p>\n\n\n<ul class=\"wp-block-list\"><li>Mittarin tulee olla <strong>Iberdrola<\/strong>, <strong>Landis Gyr<\/strong>, <strong>ZiV<\/strong> tai <strong>Gridspertise<\/strong>.<\/li>\n\n<li>Laturin tulee olla <strong>yksivaiheinen<\/strong> ja siin\u00e4 on oltava valmistajan tarjoama suojalohko, erityisesti CHINT- tai TOSCANO-merkeilt\u00e4.<\/li>\n\n<li>\u00c4l\u00e4 tee <strong>mit\u00e4\u00e4n sis\u00e4isi\u00e4 muutoksia<\/strong> laturiin, kuten ylim\u00e4\u00e4r\u00e4isen pistorasian, Schuko-pistorasian tai muun tyyppisen pistorasian asentamista.<\/li>\n\n<li>Laturin sy\u00f6tt\u00f6linjassa ei saa olla<strong> mit\u00e4\u00e4n haaroituksia tai liitoksia.<\/strong><\/li>\n\n<li>Komponentti &#8217;<strong>COMP1<\/strong>&#8217; liitet\u00e4\u00e4n <strong>liittimeen P2<\/strong> kuvan mukaisesti.<\/li>\n\n<li>Komponentin &#8217;<strong>COMP1<\/strong>&#8217; numero 1:n on <strong>vastattava<\/strong> liittimen P2 numero 1:st\u00e4.<\/li>\n\n<li>Komponentti &#8217;<strong>POV-1<\/strong>&#8217; on kytkett\u00e4v\u00e4 <strong>kuvassa olevan mukaisesti<\/strong>, eli vaihe (F) on kytkett\u00e4v\u00e4 liit\u00e4nt\u00e4\u00e4n 1 ja nolla (N) on kytkett\u00e4v\u00e4 liit\u00e4nt\u00e4\u00e4n 2.<\/li><\/ul>\n\n\n\n<div class=\"wp-block-uagb-container uagb-block-e8b823d8\">\n<div class=\"wp-block-uagb-container uagb-block-077528da alignfull uagb-is-root-container\"><div class=\"uagb-container-inner-blocks-wrap\">\n<div class=\"wp-block-uagb-container uagb-block-dda246f1\">\n<div class=\"wp-block-uagb-image uagb-block-2af6dd92 wp-block-uagb-image--layout-default wp-block-uagb-image--effect-static wp-block-uagb-image--align-none\"><figure class=\"wp-block-uagb-image__figure\"><img decoding=\"async\" srcset=\"https:\/\/v2charge.com\/wp-content\/uploads\/2024\/06\/impedancia-infinita.jpg ,https:\/\/v2charge.com\/wp-content\/uploads\/2024\/06\/impedancia-infinita.jpg 780w, https:\/\/v2charge.com\/wp-content\/uploads\/2024\/06\/impedancia-infinita.jpg 360w\" sizes=\"auto, (max-width: 480px) 150px\" src=\"https:\/\/v2charge.com\/wp-content\/uploads\/2024\/06\/impedancia-infinita.jpg\" alt=\"\" class=\"uag-image-161775\" width=\"724\" height=\"686\" title=\"impedancia-infinita\" loading=\"lazy\" role=\"img\"\/><\/figure><\/div>\n<\/div>\n\n\n\n<div class=\"wp-block-uagb-container uagb-block-3c1b7031\"><div class=\"wp-block-uagb-info-box uagb-block-518cd380 uagb-infobox__content-wrap  uagb-infobox-icon-left uagb-infobox-left uagb-infobox-stacked-tablet uagb-infobox-image-valign-top\"><div class=\"uagb-ifb-image-content\"><img decoding=\"async\" src=\"https:\/\/v2charge.com\/wp-content\/uploads\/2023\/11\/numero-uno.png\" alt=\"\" width=\"25\" height=\"25\" loading=\"lazy\"\/><\/div><div class=\"uagb-ifb-content\"><div class=\"uagb-ifb-title-wrap\"><\/div><p class=\"uagb-ifb-desc\">Laskuri<\/p><\/div><\/div>\n\n\n<div class=\"wp-block-uagb-info-box uagb-block-d38bd8b9 uagb-infobox__content-wrap  uagb-infobox-icon-left uagb-infobox-left uagb-infobox-stacked-tablet uagb-infobox-image-valign-top\"><div class=\"uagb-ifb-image-content\"><img decoding=\"async\" src=\"https:\/\/v2charge.com\/wp-content\/uploads\/2023\/11\/numero-dos.png\" alt=\"\" width=\"25\" height=\"25\" loading=\"lazy\"\/><\/div><div class=\"uagb-ifb-content\"><div class=\"uagb-ifb-title-wrap\"><\/div><p class=\"uagb-ifb-desc\">P2<\/p><\/div><\/div>\n\n\n<div class=\"wp-block-uagb-info-box uagb-block-e81d4244 uagb-infobox__content-wrap  uagb-infobox-icon-left uagb-infobox-left uagb-infobox-stacked-tablet uagb-infobox-image-valign-top\"><div class=\"uagb-ifb-image-content\"><img decoding=\"async\" src=\"https:\/\/v2charge.com\/wp-content\/uploads\/2023\/11\/numero-tres.png\" alt=\"\" width=\"25\" height=\"25\" loading=\"lazy\"\/><\/div><div class=\"uagb-ifb-content\"><div class=\"uagb-ifb-title-wrap\"><\/div><p class=\"uagb-ifb-desc\">COMP1<\/p><\/div><\/div><\/div>\n<\/div><\/div>\n<\/div>\n\n\n\n<div style=\"height:40px\" aria-hidden=\"true\" class=\"wp-block-spacer\"><\/div>\n<\/div><\/div>\n\n\n\n<div class=\"wp-block-uagb-container uagb-block-c6f38013 alignfull uagb-is-root-container\"><div class=\"uagb-container-inner-blocks-wrap\"><div class=\"wp-block-uagb-advanced-heading uagb-block-6963d70c\"><h2 class=\"uagb-heading-text\"><strong>Tarvitsetko teknist\u00e4 tukea?<\/strong><\/h2><\/div>\n\n<div class=\"wp-block-uagb-advanced-heading uagb-block-408243eb\"><p class=\"uagb-heading-text\">Ratkaise ongelmasi heti IA-chatimme kautta. Jos ongelma ei ratkea, luo pyynt\u00f6 Tekniseen Tukikeskukseen, ja otamme sinuun yhteytt\u00e4 mahdollisimman pian tarjotaksemme parhaan ratkaisun.<\/p><\/div>\n\n<div class=\"wp-block-uagb-info-box uagb-block-12e3cf1c uagb-infobox__content-wrap  uagb-infobox-icon-left uagb-infobox-left uagb-infobox-image-valign-top wp-block-uagb-info-box--has-margin ai-chatbot-button\"><div class=\"uagb-infobox-margin-wrapper\"><div class=\"uagb-ifb-image-content\"><img decoding=\"async\" src=\"https:\/\/v2charge.com\/wp-content\/uploads\/2026\/01\/support-ai-chatbot.png\" alt=\"\" width=\"20\" height=\"19\" loading=\"lazy\"\/><\/div><div class=\"uagb-ifb-content\"><div class=\"uagb-ifb-title-wrap\"><\/div><div class=\"uagb-ifb-button-wrapper wp-block-button\"><a href=\"https:\/\/v2charge.com\/v2c-support-web\/\" class=\"uagb-infobox-cta-link wp-block-button__link\" target=\"_blank\" rel=\"noopener noreferrer\" onclick=\"return true;\"><span class=\"uagb-inline-editing\">Kysy AI-chatbotiltamme<\/span><\/a><\/div><\/div><\/div><\/div>\n\n\n<div class=\"wp-block-uagb-buttons uagb-buttons__outer-wrap uagb-btn__default-btn uagb-btn-tablet__default-btn uagb-btn-mobile__default-btn uagb-block-ba1e67d1\"><div class=\"uagb-buttons__wrap uagb-buttons-layout-wrap \"><div class=\"wp-block-uagb-buttons-child uagb-buttons__outer-wrap uagb-block-23cfb623 wp-block-button\"><div class=\"uagb-button__wrapper\"><a class=\"uagb-buttons-repeater wp-block-button__link\" aria-label=\"\" href=\"https:\/\/v2charge.atlassian.net\/servicedesk\/customer\/portal\/3\" rel=\"follow noopener\" target=\"_blank\" role=\"button\"><div class=\"uagb-button__link\">Ota yhteytt\u00e4 tekniseen tukeen<\/div><\/a><\/div><\/div><\/div><\/div>\n<\/div><\/div>\n","protected":false},"excerpt":{"rendered":"<p>\u00c4\u00e4rett\u00f6m\u00e4n impedanssi e-Charger Trydan, suojauksilla varustettuna versiona, tarjoaa \u00e4\u00e4rett\u00f6m\u00e4n impedanssin (tai nollaimpedanssin), teknologia, jonka on kehitt\u00e4nyt V2C, joka mahdollistaa, ett\u00e4 mittari ei havaitse latauspistett\u00e4. Siksi s\u00e4hk\u00f6n katketessa asennuksen voi palauttaa vain laskemalla ja nostamalla asunnon p\u00e4\u00e4katkaisijaa. \u00c4\u00e4rimm\u00e4inen impedanssi toimii seuraavissa olosuhteissa: Tarvitsetko teknist\u00e4 tukea? Ratkaise ongelmasi heti IA-chatimme kautta. Jos ongelma ei ratkea, luo pyynt\u00f6 &#8230; <a title=\"\u00c4\u00e4rett\u00f6m\u00e4n impedanssi\" class=\"read-more\" href=\"https:\/\/v2charge.com\/fi\/tukialue\/trydan-tuki\/aarettoman-impedanssi\/\" aria-label=\"Lue lis\u00e4\u00e4 aiheesta \u00c4\u00e4rett\u00f6m\u00e4n impedanssi\">Lue lis\u00e4\u00e4<\/a><\/p>\n","protected":false},"author":400,"featured_media":170346,"parent":311398,"menu_order":0,"comment_status":"closed","ping_status":"closed","template":"","meta":{"_eb_attr":"","content-type":"","_uag_custom_page_level_css":"","footnotes":""},"class_list":["post-311487","page","type-page","status-publish","has-post-thumbnail"],"yoast_head":"<!-- This site is optimized with the Yoast SEO plugin v25.3.1 - https:\/\/yoast.com\/wordpress\/plugins\/seo\/ -->\n<title>\u00c4\u00e4rett\u00f6m\u00e4n impedanssi - V2C<\/title>\n<meta name=\"description\" content=\"\u00c4\u00e4rett\u00f6m\u00e4n impedanssin ansiosta asennuksen voi palauttaa vain laskemalla ja nostamalla asunnon p\u00e4\u00e4katkaisijaa.\" \/>\n<meta name=\"robots\" content=\"index, follow, max-snippet:-1, max-image-preview:large, max-video-preview:-1\" \/>\n<link rel=\"canonical\" href=\"https:\/\/v2charge.com\/fi\/tukialue\/trydan-tuki\/aarettoman-impedanssi\/\" \/>\n<meta property=\"og:locale\" content=\"fi_FI\" \/>\n<meta property=\"og:type\" content=\"article\" \/>\n<meta property=\"og:title\" content=\"\u00c4\u00e4rett\u00f6m\u00e4n impedanssi - V2C\" \/>\n<meta property=\"og:description\" content=\"\u00c4\u00e4rett\u00f6m\u00e4n impedanssin ansiosta asennuksen voi palauttaa vain laskemalla ja nostamalla asunnon p\u00e4\u00e4katkaisijaa.\" \/>\n<meta property=\"og:url\" content=\"https:\/\/v2charge.com\/fi\/tukialue\/trydan-tuki\/aarettoman-impedanssi\/\" \/>\n<meta property=\"og:site_name\" content=\"V2C\" \/>\n<meta property=\"article:publisher\" content=\"https:\/\/www.facebook.com\/V2C.Charge\" \/>\n<meta property=\"article:modified_time\" content=\"2026-01-09T14:35:36+00:00\" \/>\n<meta property=\"og:image\" content=\"https:\/\/v2charge.com\/wp-content\/uploads\/2024\/07\/v2c-electric-chargers.jpg\" \/>\n\t<meta property=\"og:image:width\" content=\"1200\" \/>\n\t<meta property=\"og:image:height\" content=\"675\" \/>\n\t<meta property=\"og:image:type\" content=\"image\/jpeg\" \/>\n<meta name=\"twitter:card\" content=\"summary_large_image\" \/>\n<meta name=\"twitter:site\" content=\"@V2C_Charge\" \/>\n<meta name=\"twitter:label1\" content=\"Arvioitu lukuaika\" \/>\n\t<meta name=\"twitter:data1\" content=\"2 minuuttia\" \/>\n<script type=\"application\/ld+json\" class=\"yoast-schema-graph\">{\"@context\":\"https:\/\/schema.org\",\"@graph\":[{\"@type\":\"WebPage\",\"@id\":\"https:\/\/v2charge.com\/fi\/tukialue\/trydan-tuki\/aarettoman-impedanssi\/\",\"url\":\"https:\/\/v2charge.com\/fi\/tukialue\/trydan-tuki\/aarettoman-impedanssi\/\",\"name\":\"\u00c4\u00e4rett\u00f6m\u00e4n impedanssi - V2C\",\"isPartOf\":{\"@id\":\"https:\/\/v2charge.com\/fi\/#website\"},\"primaryImageOfPage\":{\"@id\":\"https:\/\/v2charge.com\/fi\/tukialue\/trydan-tuki\/aarettoman-impedanssi\/#primaryimage\"},\"image\":{\"@id\":\"https:\/\/v2charge.com\/fi\/tukialue\/trydan-tuki\/aarettoman-impedanssi\/#primaryimage\"},\"thumbnailUrl\":\"https:\/\/v2charge.com\/wp-content\/uploads\/2024\/07\/v2c-electric-chargers.jpg\",\"datePublished\":\"2024-06-24T12:09:11+00:00\",\"dateModified\":\"2026-01-09T14:35:36+00:00\",\"description\":\"\u00c4\u00e4rett\u00f6m\u00e4n impedanssin ansiosta asennuksen voi palauttaa vain laskemalla ja nostamalla asunnon p\u00e4\u00e4katkaisijaa.\",\"breadcrumb\":{\"@id\":\"https:\/\/v2charge.com\/fi\/tukialue\/trydan-tuki\/aarettoman-impedanssi\/#breadcrumb\"},\"inLanguage\":\"fi\",\"potentialAction\":[{\"@type\":\"ReadAction\",\"target\":[\"https:\/\/v2charge.com\/fi\/tukialue\/trydan-tuki\/aarettoman-impedanssi\/\"]}]},{\"@type\":\"ImageObject\",\"inLanguage\":\"fi\",\"@id\":\"https:\/\/v2charge.com\/fi\/tukialue\/trydan-tuki\/aarettoman-impedanssi\/#primaryimage\",\"url\":\"https:\/\/v2charge.com\/wp-content\/uploads\/2024\/07\/v2c-electric-chargers.jpg\",\"contentUrl\":\"https:\/\/v2charge.com\/wp-content\/uploads\/2024\/07\/v2c-electric-chargers.jpg\",\"width\":1200,\"height\":675,\"caption\":\"V2C Electric Chargers\"},{\"@type\":\"BreadcrumbList\",\"@id\":\"https:\/\/v2charge.com\/fi\/tukialue\/trydan-tuki\/aarettoman-impedanssi\/#breadcrumb\",\"itemListElement\":[{\"@type\":\"ListItem\",\"position\":1,\"name\":\"V2C\",\"item\":\"https:\/\/v2charge.com\/fi\/\"},{\"@type\":\"ListItem\",\"position\":2,\"name\":\"Soporte para Trydan\",\"item\":\"https:\/\/v2charge.com\/fi\/trydan-tuki\/\"},{\"@type\":\"ListItem\",\"position\":3,\"name\":\"\u00c4\u00e4rett\u00f6m\u00e4n impedanssi\"}]},{\"@type\":\"WebSite\",\"@id\":\"https:\/\/v2charge.com\/fi\/#website\",\"url\":\"https:\/\/v2charge.com\/fi\/\",\"name\":\"V2C\",\"description\":\"#CargandoElMa\u00f1ana\",\"publisher\":{\"@id\":\"https:\/\/v2charge.com\/fi\/#organization\"},\"potentialAction\":[{\"@type\":\"SearchAction\",\"target\":{\"@type\":\"EntryPoint\",\"urlTemplate\":\"https:\/\/v2charge.com\/fi\/?s={search_term_string}\"},\"query-input\":{\"@type\":\"PropertyValueSpecification\",\"valueRequired\":true,\"valueName\":\"search_term_string\"}}],\"inLanguage\":\"fi\"},{\"@type\":\"Organization\",\"@id\":\"https:\/\/v2charge.com\/fi\/#organization\",\"name\":\"V2C\",\"url\":\"https:\/\/v2charge.com\/fi\/\",\"logo\":{\"@type\":\"ImageObject\",\"inLanguage\":\"fi\",\"@id\":\"https:\/\/v2charge.com\/fi\/#\/schema\/logo\/image\/\",\"url\":\"https:\/\/v2charge.com\/wp-content\/uploads\/2024\/11\/cropped-v2c-charge-logo-menu.png\",\"contentUrl\":\"https:\/\/v2charge.com\/wp-content\/uploads\/2024\/11\/cropped-v2c-charge-logo-menu.png\",\"width\":984,\"height\":431,\"caption\":\"V2C\"},\"image\":{\"@id\":\"https:\/\/v2charge.com\/fi\/#\/schema\/logo\/image\/\"},\"sameAs\":[\"https:\/\/www.facebook.com\/V2C.Charge\",\"https:\/\/x.com\/V2C_Charge\",\"https:\/\/www.instagram.com\/v2c.charge\/\",\"https:\/\/www.youtube.com\/@V2C\",\"https:\/\/www.linkedin.com\/company\/v2c-chargers\/\"]}]}<\/script>\n<!-- \/ Yoast SEO plugin. -->","yoast_head_json":{"title":"\u00c4\u00e4rett\u00f6m\u00e4n impedanssi - V2C","description":"\u00c4\u00e4rett\u00f6m\u00e4n impedanssin ansiosta asennuksen voi palauttaa vain laskemalla ja nostamalla asunnon p\u00e4\u00e4katkaisijaa.","robots":{"index":"index","follow":"follow","max-snippet":"max-snippet:-1","max-image-preview":"max-image-preview:large","max-video-preview":"max-video-preview:-1"},"canonical":"https:\/\/v2charge.com\/fi\/tukialue\/trydan-tuki\/aarettoman-impedanssi\/","og_locale":"fi_FI","og_type":"article","og_title":"\u00c4\u00e4rett\u00f6m\u00e4n impedanssi - V2C","og_description":"\u00c4\u00e4rett\u00f6m\u00e4n impedanssin ansiosta asennuksen voi palauttaa vain laskemalla ja nostamalla asunnon p\u00e4\u00e4katkaisijaa.","og_url":"https:\/\/v2charge.com\/fi\/tukialue\/trydan-tuki\/aarettoman-impedanssi\/","og_site_name":"V2C","article_publisher":"https:\/\/www.facebook.com\/V2C.Charge","article_modified_time":"2026-01-09T14:35:36+00:00","og_image":[{"width":1200,"height":675,"url":"https:\/\/v2charge.com\/wp-content\/uploads\/2024\/07\/v2c-electric-chargers.jpg","type":"image\/jpeg"}],"twitter_card":"summary_large_image","twitter_site":"@V2C_Charge","twitter_misc":{"Arvioitu lukuaika":"2 minuuttia"},"schema":{"@context":"https:\/\/schema.org","@graph":[{"@type":"WebPage","@id":"https:\/\/v2charge.com\/fi\/tukialue\/trydan-tuki\/aarettoman-impedanssi\/","url":"https:\/\/v2charge.com\/fi\/tukialue\/trydan-tuki\/aarettoman-impedanssi\/","name":"\u00c4\u00e4rett\u00f6m\u00e4n impedanssi - V2C","isPartOf":{"@id":"https:\/\/v2charge.com\/fi\/#website"},"primaryImageOfPage":{"@id":"https:\/\/v2charge.com\/fi\/tukialue\/trydan-tuki\/aarettoman-impedanssi\/#primaryimage"},"image":{"@id":"https:\/\/v2charge.com\/fi\/tukialue\/trydan-tuki\/aarettoman-impedanssi\/#primaryimage"},"thumbnailUrl":"https:\/\/v2charge.com\/wp-content\/uploads\/2024\/07\/v2c-electric-chargers.jpg","datePublished":"2024-06-24T12:09:11+00:00","dateModified":"2026-01-09T14:35:36+00:00","description":"\u00c4\u00e4rett\u00f6m\u00e4n impedanssin ansiosta asennuksen voi palauttaa vain laskemalla ja nostamalla asunnon p\u00e4\u00e4katkaisijaa.","breadcrumb":{"@id":"https:\/\/v2charge.com\/fi\/tukialue\/trydan-tuki\/aarettoman-impedanssi\/#breadcrumb"},"inLanguage":"fi","potentialAction":[{"@type":"ReadAction","target":["https:\/\/v2charge.com\/fi\/tukialue\/trydan-tuki\/aarettoman-impedanssi\/"]}]},{"@type":"ImageObject","inLanguage":"fi","@id":"https:\/\/v2charge.com\/fi\/tukialue\/trydan-tuki\/aarettoman-impedanssi\/#primaryimage","url":"https:\/\/v2charge.com\/wp-content\/uploads\/2024\/07\/v2c-electric-chargers.jpg","contentUrl":"https:\/\/v2charge.com\/wp-content\/uploads\/2024\/07\/v2c-electric-chargers.jpg","width":1200,"height":675,"caption":"V2C Electric Chargers"},{"@type":"BreadcrumbList","@id":"https:\/\/v2charge.com\/fi\/tukialue\/trydan-tuki\/aarettoman-impedanssi\/#breadcrumb","itemListElement":[{"@type":"ListItem","position":1,"name":"V2C","item":"https:\/\/v2charge.com\/fi\/"},{"@type":"ListItem","position":2,"name":"Soporte para Trydan","item":"https:\/\/v2charge.com\/fi\/trydan-tuki\/"},{"@type":"ListItem","position":3,"name":"\u00c4\u00e4rett\u00f6m\u00e4n impedanssi"}]},{"@type":"WebSite","@id":"https:\/\/v2charge.com\/fi\/#website","url":"https:\/\/v2charge.com\/fi\/","name":"V2C","description":"#CargandoElMa\u00f1ana","publisher":{"@id":"https:\/\/v2charge.com\/fi\/#organization"},"potentialAction":[{"@type":"SearchAction","target":{"@type":"EntryPoint","urlTemplate":"https:\/\/v2charge.com\/fi\/?s={search_term_string}"},"query-input":{"@type":"PropertyValueSpecification","valueRequired":true,"valueName":"search_term_string"}}],"inLanguage":"fi"},{"@type":"Organization","@id":"https:\/\/v2charge.com\/fi\/#organization","name":"V2C","url":"https:\/\/v2charge.com\/fi\/","logo":{"@type":"ImageObject","inLanguage":"fi","@id":"https:\/\/v2charge.com\/fi\/#\/schema\/logo\/image\/","url":"https:\/\/v2charge.com\/wp-content\/uploads\/2024\/11\/cropped-v2c-charge-logo-menu.png","contentUrl":"https:\/\/v2charge.com\/wp-content\/uploads\/2024\/11\/cropped-v2c-charge-logo-menu.png","width":984,"height":431,"caption":"V2C"},"image":{"@id":"https:\/\/v2charge.com\/fi\/#\/schema\/logo\/image\/"},"sameAs":["https:\/\/www.facebook.com\/V2C.Charge","https:\/\/x.com\/V2C_Charge","https:\/\/www.instagram.com\/v2c.charge\/","https:\/\/www.youtube.com\/@V2C","https:\/\/www.linkedin.com\/company\/v2c-chargers\/"]}]}},"uagb_featured_image_src":{"full":["https:\/\/v2charge.com\/wp-content\/uploads\/2024\/07\/v2c-electric-chargers.jpg",1200,675,false],"thumbnail":["https:\/\/v2charge.com\/wp-content\/uploads\/2024\/07\/v2c-electric-chargers-150x150.jpg",150,150,true],"medium":["https:\/\/v2charge.com\/wp-content\/uploads\/2024\/07\/v2c-electric-chargers-300x169.jpg",300,169,true],"medium_large":["https:\/\/v2charge.com\/wp-content\/uploads\/2024\/07\/v2c-electric-chargers-768x432.jpg",768,432,true],"large":["https:\/\/v2charge.com\/wp-content\/uploads\/2024\/07\/v2c-electric-chargers-1024x576.jpg",1024,576,true],"gs-tiny":["https:\/\/v2charge.com\/wp-content\/uploads\/2024\/07\/v2c-electric-chargers.jpg",50,28,false],"xl":["https:\/\/v2charge.com\/wp-content\/uploads\/2024\/07\/v2c-electric-chargers.jpg",1200,675,false],"xxl":["https:\/\/v2charge.com\/wp-content\/uploads\/2024\/07\/v2c-electric-chargers.jpg",1200,675,false],"xxxl":["https:\/\/v2charge.com\/wp-content\/uploads\/2024\/07\/v2c-electric-chargers.jpg",1200,675,false],"xxxxl":["https:\/\/v2charge.com\/wp-content\/uploads\/2024\/07\/v2c-electric-chargers.jpg",1200,675,false],"xxxxxl":["https:\/\/v2charge.com\/wp-content\/uploads\/2024\/07\/v2c-electric-chargers.jpg",1200,675,false],"1536x1536":["https:\/\/v2charge.com\/wp-content\/uploads\/2024\/07\/v2c-electric-chargers.jpg",1200,675,false],"2048x2048":["https:\/\/v2charge.com\/wp-content\/uploads\/2024\/07\/v2c-electric-chargers.jpg",1200,675,false]},"uagb_author_info":{"display_name":"V2C","author_link":"https:\/\/v2charge.com\/fi\/author\/marketing\/"},"uagb_comment_info":0,"uagb_excerpt":"\u00c4\u00e4rett\u00f6m\u00e4n impedanssi e-Charger Trydan, suojauksilla varustettuna versiona, tarjoaa \u00e4\u00e4rett\u00f6m\u00e4n impedanssin (tai nollaimpedanssin), teknologia, jonka on kehitt\u00e4nyt V2C, joka mahdollistaa, ett\u00e4 mittari ei havaitse latauspistett\u00e4. Siksi s\u00e4hk\u00f6n katketessa asennuksen voi palauttaa vain laskemalla ja nostamalla asunnon p\u00e4\u00e4katkaisijaa. \u00c4\u00e4rimm\u00e4inen impedanssi toimii seuraavissa olosuhteissa: Tarvitsetko teknist\u00e4 tukea? Ratkaise ongelmasi heti IA-chatimme kautta. Jos ongelma ei ratkea, luo pyynt\u00f6&hellip;","_links":{"self":[{"href":"https:\/\/v2charge.com\/fi\/wp-json\/wp\/v2\/pages\/311487","targetHints":{"allow":["GET"]}}],"collection":[{"href":"https:\/\/v2charge.com\/fi\/wp-json\/wp\/v2\/pages"}],"about":[{"href":"https:\/\/v2charge.com\/fi\/wp-json\/wp\/v2\/types\/page"}],"author":[{"embeddable":true,"href":"https:\/\/v2charge.com\/fi\/wp-json\/wp\/v2\/users\/400"}],"replies":[{"embeddable":true,"href":"https:\/\/v2charge.com\/fi\/wp-json\/wp\/v2\/comments?post=311487"}],"version-history":[{"count":0,"href":"https:\/\/v2charge.com\/fi\/wp-json\/wp\/v2\/pages\/311487\/revisions"}],"up":[{"embeddable":true,"href":"https:\/\/v2charge.com\/fi\/wp-json\/wp\/v2\/pages\/311398"}],"wp:featuredmedia":[{"embeddable":true,"href":"https:\/\/v2charge.com\/fi\/wp-json\/wp\/v2\/media\/170346"}],"wp:attachment":[{"href":"https:\/\/v2charge.com\/fi\/wp-json\/wp\/v2\/media?parent=311487"}],"curies":[{"name":"wp","href":"https:\/\/api.w.org\/{rel}","templated":true}]}}