{"id":311500,"date":"2024-10-04T11:29:02","date_gmt":"2024-10-04T09:29:02","guid":{"rendered":""},"modified":"2026-01-09T16:26:44","modified_gmt":"2026-01-09T14:26:44","slug":"staattinen-tehohallinta","status":"publish","type":"page","link":"https:\/\/v2charge.com\/fi\/tukialue\/tehonhallinta\/staattinen-tehohallinta\/","title":{"rendered":"Staattinen tehohallinta"},"content":{"rendered":"\n<div class=\"wp-block-uagb-container uagb-block-9d828d1c alignfull uagb-is-root-container\"><div class=\"uagb-container-inner-blocks-wrap\"><div class=\"yoast-breadcrumbs\"><span><span><a href=\"https:\/\/v2charge.com\/fi\/\">V2C<\/a><\/span> \u00bb <span><a href=\"https:\/\/v2charge.com\/fi\/tehonhallinta\/\">Control de potencia<\/a><\/span> \u00bb <span class=\"breadcrumb_last\" aria-current=\"page\">Est\u00e1tico<\/span><\/span><\/div>\n\n<div class=\"wp-block-uagb-advanced-heading uagb-block-be8360a4\"><h1 class=\"uagb-heading-text\">Staattinen tehohallinta<\/h1><\/div>\n\n<p><strong>Staattinen tehohallinta<\/strong> on V2C:n edistynyt toiminto, joka <strong>jakaa energiaa tehokkaasti eri liit\u00e4nn\u00f6ille samassa e-Chargerissa tai useille e-Chargereille<\/strong>, est\u00e4en ylikuormituksia ja taaten sopivan k\u00e4yt\u00f6n sopimuksen mukaisesta tehosta.<br><br>Kun energia tasapainotetaan automaattisesti latauslaitteiden v\u00e4lill\u00e4, j\u00e4rjestelm\u00e4 varmistaa <strong>optimaalisen ja turvallisen suorituskyvyn<\/strong>, maksimoiden energiatehokkuuden.<br><br>T\u00e4m\u00e4ntyyppinen hallinta <strong>ei vuorovaikuta asunnon tai yrityksen kanssa, eik\u00e4 aurinkos\u00e4hk\u00f6systeemien kanssa<\/strong>. Energianhallinnan integroimiseksi yleiseen asennukseen tai aurinkos\u00e4hk\u00f6n kanssa, sinun tulee tarkistaa <a href=\"https:\/\/v2charge.com\/fi\/tukialue\/tehonhallinta\/dynaaminen-tehohallinta\/\">dynaaminen tehohallinta<\/a>.<\/p><\/div><\/div>\n\n\n\n<div class=\"wp-block-uagb-container uagb-block-9b644119 alignfull uagb-is-root-container\"><div class=\"uagb-container-inner-blocks-wrap\"><div class=\"wp-block-uagb-advanced-heading uagb-block-bead9183\"><p class=\"uagb-heading-text\">Valitse staattisen teho-ohjauksen tyyppi<\/p><\/div>\n\n\n<div class=\"wp-block-uagb-container uag-hide-mob uagb-block-e5a60c2b alignwide uagb-is-root-container\">\n<div class=\"wp-block-uagb-container uagb-block-d79fe4cc\">\n<div class=\"wp-block-uagb-image aligncenter uagb-block-e15e89e5 wp-block-uagb-image--layout-default wp-block-uagb-image--effect-static wp-block-uagb-image--align-center\"><figure class=\"wp-block-uagb-image__figure\"><a class=\"\" href=\"https:\/\/v2charge.com\/fi\/tukialue\/tehonhallinta\/staattinen-tehohallinta\/tasapaino-liitannoissa\/\" target=\"\" rel=\"noopener\"><img decoding=\"async\" srcset=\"https:\/\/v2charge.com\/wp-content\/uploads\/2024\/08\/cdp-balanceo-tomas.png ,https:\/\/v2charge.com\/wp-content\/uploads\/2024\/08\/cdp-balanceo-tomas.png 780w, https:\/\/v2charge.com\/wp-content\/uploads\/2024\/08\/cdp-balanceo-tomas.png 360w\" sizes=\"auto, (max-width: 480px) 150px\" src=\"https:\/\/v2charge.com\/wp-content\/uploads\/2024\/08\/cdp-balanceo-tomas.png\" alt=\"\" class=\"uag-image-172797\" width=\"300\" height=\"300\" title=\"cdp-balanceo-tomas\" loading=\"lazy\" role=\"img\"\/><\/a><\/figure><\/div>\n\n\n<div class=\"wp-block-uagb-advanced-heading uagb-block-3c368daa\"><p class=\"uagb-heading-text\"><a href=\"https:\/\/v2charge.com\/fi\/tukialue\/tehonhallinta\/staattinen-tehohallinta\/tasapaino-liitannoissa\/\">Tasapainottaminen pistorasioiden v\u00e4lill\u00e4<\/a><\/p><\/div><\/div>\n\n\n\n<div class=\"wp-block-uagb-container uagb-block-39ec5039\">\n<div class=\"wp-block-uagb-image aligncenter uagb-block-d0c3b9cc wp-block-uagb-image--layout-default wp-block-uagb-image--effect-static wp-block-uagb-image--align-center\"><figure class=\"wp-block-uagb-image__figure\"><a class=\"\" href=\"https:\/\/v2charge.com\/fi\/tukialue\/tehonhallinta\/staattinen-tehohallinta\/tasapaino-e-chargersin-valilla\/\" target=\"\" rel=\"noopener\"><img decoding=\"async\" srcset=\"https:\/\/v2charge.com\/wp-content\/uploads\/2024\/08\/cdp-balanceo-echargers.png ,https:\/\/v2charge.com\/wp-content\/uploads\/2024\/08\/cdp-balanceo-echargers.png 780w, https:\/\/v2charge.com\/wp-content\/uploads\/2024\/08\/cdp-balanceo-echargers.png 360w\" sizes=\"auto, (max-width: 480px) 150px\" src=\"https:\/\/v2charge.com\/wp-content\/uploads\/2024\/08\/cdp-balanceo-echargers.png\" alt=\"\" class=\"uag-image-172808\" width=\"300\" height=\"300\" title=\"cdp-balanceo-echargers\" loading=\"lazy\" role=\"img\"\/><\/a><\/figure><\/div>\n\n\n<div class=\"wp-block-uagb-advanced-heading uagb-block-afda75d0\"><p class=\"uagb-heading-text\"><a href=\"https:\/\/v2charge.com\/fi\/tukialue\/tehonhallinta\/staattinen-tehohallinta\/tasapaino-e-chargersin-valilla\/\">Tasapainottaminen e-Chargersien v\u00e4lill\u00e4<\/a><\/p><\/div><\/div>\n<\/div>\n<\/div><\/div>\n\n\n\n<div style=\"height:20px\" aria-hidden=\"true\" class=\"wp-block-spacer uag-hide-desktop uag-hide-tab uag-hide-mob\"><\/div>\n\n\n\n<div class=\"wp-block-uagb-container uagb-block-c6f38013 alignfull uagb-is-root-container\"><div class=\"uagb-container-inner-blocks-wrap\"><div class=\"wp-block-uagb-advanced-heading uagb-block-6963d70c\"><h2 class=\"uagb-heading-text\"><strong>Tarvitsetko teknist\u00e4 tukea?<\/strong><\/h2><\/div>\n\n<div class=\"wp-block-uagb-advanced-heading uagb-block-408243eb\"><p class=\"uagb-heading-text\">Ratkaise ongelmasi heti IA-chatimme kautta. Jos ongelma ei ratkea, luo pyynt\u00f6 Tekniseen Tukikeskukseen, ja otamme sinuun yhteytt\u00e4 mahdollisimman pian tarjotaksemme parhaan ratkaisun.<\/p><\/div>\n\n<div class=\"wp-block-uagb-info-box uagb-block-12e3cf1c uagb-infobox__content-wrap  uagb-infobox-icon-left uagb-infobox-left uagb-infobox-image-valign-top wp-block-uagb-info-box--has-margin ai-chatbot-button\"><div class=\"uagb-infobox-margin-wrapper\"><div class=\"uagb-ifb-image-content\"><img decoding=\"async\" src=\"https:\/\/v2charge.com\/wp-content\/uploads\/2026\/01\/support-ai-chatbot.png\" alt=\"\" width=\"20\" height=\"19\" loading=\"lazy\"\/><\/div><div class=\"uagb-ifb-content\"><div class=\"uagb-ifb-title-wrap\"><\/div><div class=\"uagb-ifb-button-wrapper wp-block-button\"><a href=\"https:\/\/v2charge.com\/v2c-support-web\/\" class=\"uagb-infobox-cta-link wp-block-button__link\" target=\"_blank\" rel=\"noopener noreferrer\" onclick=\"return true;\"><span class=\"uagb-inline-editing\">Kysy AI-chatbotiltamme<\/span><\/a><\/div><\/div><\/div><\/div>\n\n\n<div class=\"wp-block-uagb-buttons uagb-buttons__outer-wrap uagb-btn__default-btn uagb-btn-tablet__default-btn uagb-btn-mobile__default-btn uagb-block-ba1e67d1\"><div class=\"uagb-buttons__wrap uagb-buttons-layout-wrap \"><div class=\"wp-block-uagb-buttons-child uagb-buttons__outer-wrap uagb-block-23cfb623 wp-block-button\"><div class=\"uagb-button__wrapper\"><a class=\"uagb-buttons-repeater wp-block-button__link\" aria-label=\"\" href=\"https:\/\/v2charge.atlassian.net\/servicedesk\/customer\/portal\/3\" rel=\"follow noopener\" target=\"_blank\" role=\"button\"><div class=\"uagb-button__link\">Ota yhteytt\u00e4 tekniseen tukeen<\/div><\/a><\/div><\/div><\/div><\/div>\n<\/div><\/div>\n","protected":false},"excerpt":{"rendered":"<p>Staattinen tehohallinta Staattinen tehohallinta on V2C:n edistynyt toiminto, joka jakaa energiaa tehokkaasti eri liit\u00e4nn\u00f6ille samassa e-Chargerissa tai useille e-Chargereille, est\u00e4en ylikuormituksia ja taaten sopivan k\u00e4yt\u00f6n sopimuksen mukaisesta tehosta. Kun energia tasapainotetaan automaattisesti latauslaitteiden v\u00e4lill\u00e4, j\u00e4rjestelm\u00e4 varmistaa optimaalisen ja turvallisen suorituskyvyn, maksimoiden energiatehokkuuden. T\u00e4m\u00e4ntyyppinen hallinta ei vuorovaikuta asunnon tai yrityksen kanssa, eik\u00e4 aurinkos\u00e4hk\u00f6systeemien kanssa. Energianhallinnan integroimiseksi &#8230; <a title=\"Staattinen tehohallinta\" class=\"read-more\" href=\"https:\/\/v2charge.com\/fi\/tukialue\/tehonhallinta\/staattinen-tehohallinta\/\" aria-label=\"Lue lis\u00e4\u00e4 aiheesta Staattinen tehohallinta\">Lue lis\u00e4\u00e4<\/a><\/p>\n","protected":false},"author":400,"featured_media":170346,"parent":311486,"menu_order":0,"comment_status":"closed","ping_status":"closed","template":"","meta":{"_eb_attr":"","content-type":"","_uag_custom_page_level_css":"","footnotes":""},"class_list":["post-311500","page","type-page","status-publish","has-post-thumbnail"],"yoast_head":"<!-- This site is optimized with the Yoast SEO plugin v25.3.1 - https:\/\/yoast.com\/wordpress\/plugins\/seo\/ -->\n<title>Staattinen tehohallinta - V2C Tuki-alue<\/title>\n<meta name=\"description\" content=\"Staattinen tehohallinta - Valitse e-Chargerien v\u00e4linen tasapainotus tai e-Chargerien v\u00e4linen tasapainotus | V2C\" \/>\n<meta name=\"robots\" content=\"index, follow, max-snippet:-1, max-image-preview:large, max-video-preview:-1\" \/>\n<link rel=\"canonical\" href=\"https:\/\/v2charge.com\/fi\/tukialue\/tehonhallinta\/staattinen-tehohallinta\/\" \/>\n<meta property=\"og:locale\" content=\"fi_FI\" \/>\n<meta property=\"og:type\" content=\"article\" \/>\n<meta property=\"og:title\" content=\"Staattinen tehohallinta - V2C Tuki-alue\" \/>\n<meta property=\"og:description\" content=\"Staattinen tehohallinta - Valitse e-Chargerien v\u00e4linen tasapainotus tai e-Chargerien v\u00e4linen tasapainotus | V2C\" \/>\n<meta property=\"og:url\" content=\"https:\/\/v2charge.com\/fi\/tukialue\/tehonhallinta\/staattinen-tehohallinta\/\" \/>\n<meta property=\"og:site_name\" content=\"V2C\" \/>\n<meta property=\"article:publisher\" content=\"https:\/\/www.facebook.com\/V2C.Charge\" \/>\n<meta property=\"article:modified_time\" content=\"2026-01-09T14:26:44+00:00\" \/>\n<meta property=\"og:image\" content=\"https:\/\/v2charge.com\/wp-content\/uploads\/2024\/07\/v2c-electric-chargers.jpg\" \/>\n\t<meta property=\"og:image:width\" content=\"1200\" \/>\n\t<meta property=\"og:image:height\" content=\"675\" \/>\n\t<meta property=\"og:image:type\" content=\"image\/jpeg\" \/>\n<meta name=\"twitter:card\" content=\"summary_large_image\" \/>\n<meta name=\"twitter:site\" content=\"@V2C_Charge\" \/>\n<meta name=\"twitter:label1\" content=\"Arvioitu lukuaika\" \/>\n\t<meta name=\"twitter:data1\" content=\"2 minuuttia\" \/>\n<script type=\"application\/ld+json\" class=\"yoast-schema-graph\">{\"@context\":\"https:\/\/schema.org\",\"@graph\":[{\"@type\":\"WebPage\",\"@id\":\"https:\/\/v2charge.com\/fi\/tukialue\/tehonhallinta\/staattinen-tehohallinta\/\",\"url\":\"https:\/\/v2charge.com\/fi\/tukialue\/tehonhallinta\/staattinen-tehohallinta\/\",\"name\":\"Staattinen tehohallinta - V2C Tuki-alue\",\"isPartOf\":{\"@id\":\"https:\/\/v2charge.com\/fi\/#website\"},\"primaryImageOfPage\":{\"@id\":\"https:\/\/v2charge.com\/fi\/tukialue\/tehonhallinta\/staattinen-tehohallinta\/#primaryimage\"},\"image\":{\"@id\":\"https:\/\/v2charge.com\/fi\/tukialue\/tehonhallinta\/staattinen-tehohallinta\/#primaryimage\"},\"thumbnailUrl\":\"https:\/\/v2charge.com\/wp-content\/uploads\/2024\/07\/v2c-electric-chargers.jpg\",\"datePublished\":\"2024-10-04T09:29:02+00:00\",\"dateModified\":\"2026-01-09T14:26:44+00:00\",\"description\":\"Staattinen tehohallinta - Valitse e-Chargerien v\u00e4linen tasapainotus tai e-Chargerien v\u00e4linen tasapainotus | V2C\",\"breadcrumb\":{\"@id\":\"https:\/\/v2charge.com\/fi\/tukialue\/tehonhallinta\/staattinen-tehohallinta\/#breadcrumb\"},\"inLanguage\":\"fi\",\"potentialAction\":[{\"@type\":\"ReadAction\",\"target\":[\"https:\/\/v2charge.com\/fi\/tukialue\/tehonhallinta\/staattinen-tehohallinta\/\"]}]},{\"@type\":\"ImageObject\",\"inLanguage\":\"fi\",\"@id\":\"https:\/\/v2charge.com\/fi\/tukialue\/tehonhallinta\/staattinen-tehohallinta\/#primaryimage\",\"url\":\"https:\/\/v2charge.com\/wp-content\/uploads\/2024\/07\/v2c-electric-chargers.jpg\",\"contentUrl\":\"https:\/\/v2charge.com\/wp-content\/uploads\/2024\/07\/v2c-electric-chargers.jpg\",\"width\":1200,\"height\":675,\"caption\":\"V2C Electric Chargers\"},{\"@type\":\"BreadcrumbList\",\"@id\":\"https:\/\/v2charge.com\/fi\/tukialue\/tehonhallinta\/staattinen-tehohallinta\/#breadcrumb\",\"itemListElement\":[{\"@type\":\"ListItem\",\"position\":1,\"name\":\"V2C\",\"item\":\"https:\/\/v2charge.com\/fi\/\"},{\"@type\":\"ListItem\",\"position\":2,\"name\":\"Control de potencia\",\"item\":\"https:\/\/v2charge.com\/fi\/tehonhallinta\/\"},{\"@type\":\"ListItem\",\"position\":3,\"name\":\"Est\u00e1tico\"}]},{\"@type\":\"WebSite\",\"@id\":\"https:\/\/v2charge.com\/fi\/#website\",\"url\":\"https:\/\/v2charge.com\/fi\/\",\"name\":\"V2C\",\"description\":\"#CargandoElMa\u00f1ana\",\"publisher\":{\"@id\":\"https:\/\/v2charge.com\/fi\/#organization\"},\"potentialAction\":[{\"@type\":\"SearchAction\",\"target\":{\"@type\":\"EntryPoint\",\"urlTemplate\":\"https:\/\/v2charge.com\/fi\/?s={search_term_string}\"},\"query-input\":{\"@type\":\"PropertyValueSpecification\",\"valueRequired\":true,\"valueName\":\"search_term_string\"}}],\"inLanguage\":\"fi\"},{\"@type\":\"Organization\",\"@id\":\"https:\/\/v2charge.com\/fi\/#organization\",\"name\":\"V2C\",\"url\":\"https:\/\/v2charge.com\/fi\/\",\"logo\":{\"@type\":\"ImageObject\",\"inLanguage\":\"fi\",\"@id\":\"https:\/\/v2charge.com\/fi\/#\/schema\/logo\/image\/\",\"url\":\"https:\/\/v2charge.com\/wp-content\/uploads\/2024\/11\/cropped-v2c-charge-logo-menu.png\",\"contentUrl\":\"https:\/\/v2charge.com\/wp-content\/uploads\/2024\/11\/cropped-v2c-charge-logo-menu.png\",\"width\":984,\"height\":431,\"caption\":\"V2C\"},\"image\":{\"@id\":\"https:\/\/v2charge.com\/fi\/#\/schema\/logo\/image\/\"},\"sameAs\":[\"https:\/\/www.facebook.com\/V2C.Charge\",\"https:\/\/x.com\/V2C_Charge\",\"https:\/\/www.instagram.com\/v2c.charge\/\",\"https:\/\/www.youtube.com\/@V2C\",\"https:\/\/www.linkedin.com\/company\/v2c-chargers\/\"]}]}<\/script>\n<!-- \/ Yoast SEO plugin. -->","yoast_head_json":{"title":"Staattinen tehohallinta - V2C Tuki-alue","description":"Staattinen tehohallinta - Valitse e-Chargerien v\u00e4linen tasapainotus tai e-Chargerien v\u00e4linen tasapainotus | V2C","robots":{"index":"index","follow":"follow","max-snippet":"max-snippet:-1","max-image-preview":"max-image-preview:large","max-video-preview":"max-video-preview:-1"},"canonical":"https:\/\/v2charge.com\/fi\/tukialue\/tehonhallinta\/staattinen-tehohallinta\/","og_locale":"fi_FI","og_type":"article","og_title":"Staattinen tehohallinta - V2C Tuki-alue","og_description":"Staattinen tehohallinta - Valitse e-Chargerien v\u00e4linen tasapainotus tai e-Chargerien v\u00e4linen tasapainotus | V2C","og_url":"https:\/\/v2charge.com\/fi\/tukialue\/tehonhallinta\/staattinen-tehohallinta\/","og_site_name":"V2C","article_publisher":"https:\/\/www.facebook.com\/V2C.Charge","article_modified_time":"2026-01-09T14:26:44+00:00","og_image":[{"width":1200,"height":675,"url":"https:\/\/v2charge.com\/wp-content\/uploads\/2024\/07\/v2c-electric-chargers.jpg","type":"image\/jpeg"}],"twitter_card":"summary_large_image","twitter_site":"@V2C_Charge","twitter_misc":{"Arvioitu lukuaika":"2 minuuttia"},"schema":{"@context":"https:\/\/schema.org","@graph":[{"@type":"WebPage","@id":"https:\/\/v2charge.com\/fi\/tukialue\/tehonhallinta\/staattinen-tehohallinta\/","url":"https:\/\/v2charge.com\/fi\/tukialue\/tehonhallinta\/staattinen-tehohallinta\/","name":"Staattinen tehohallinta - V2C Tuki-alue","isPartOf":{"@id":"https:\/\/v2charge.com\/fi\/#website"},"primaryImageOfPage":{"@id":"https:\/\/v2charge.com\/fi\/tukialue\/tehonhallinta\/staattinen-tehohallinta\/#primaryimage"},"image":{"@id":"https:\/\/v2charge.com\/fi\/tukialue\/tehonhallinta\/staattinen-tehohallinta\/#primaryimage"},"thumbnailUrl":"https:\/\/v2charge.com\/wp-content\/uploads\/2024\/07\/v2c-electric-chargers.jpg","datePublished":"2024-10-04T09:29:02+00:00","dateModified":"2026-01-09T14:26:44+00:00","description":"Staattinen tehohallinta - Valitse e-Chargerien v\u00e4linen tasapainotus tai e-Chargerien v\u00e4linen tasapainotus | V2C","breadcrumb":{"@id":"https:\/\/v2charge.com\/fi\/tukialue\/tehonhallinta\/staattinen-tehohallinta\/#breadcrumb"},"inLanguage":"fi","potentialAction":[{"@type":"ReadAction","target":["https:\/\/v2charge.com\/fi\/tukialue\/tehonhallinta\/staattinen-tehohallinta\/"]}]},{"@type":"ImageObject","inLanguage":"fi","@id":"https:\/\/v2charge.com\/fi\/tukialue\/tehonhallinta\/staattinen-tehohallinta\/#primaryimage","url":"https:\/\/v2charge.com\/wp-content\/uploads\/2024\/07\/v2c-electric-chargers.jpg","contentUrl":"https:\/\/v2charge.com\/wp-content\/uploads\/2024\/07\/v2c-electric-chargers.jpg","width":1200,"height":675,"caption":"V2C Electric Chargers"},{"@type":"BreadcrumbList","@id":"https:\/\/v2charge.com\/fi\/tukialue\/tehonhallinta\/staattinen-tehohallinta\/#breadcrumb","itemListElement":[{"@type":"ListItem","position":1,"name":"V2C","item":"https:\/\/v2charge.com\/fi\/"},{"@type":"ListItem","position":2,"name":"Control de potencia","item":"https:\/\/v2charge.com\/fi\/tehonhallinta\/"},{"@type":"ListItem","position":3,"name":"Est\u00e1tico"}]},{"@type":"WebSite","@id":"https:\/\/v2charge.com\/fi\/#website","url":"https:\/\/v2charge.com\/fi\/","name":"V2C","description":"#CargandoElMa\u00f1ana","publisher":{"@id":"https:\/\/v2charge.com\/fi\/#organization"},"potentialAction":[{"@type":"SearchAction","target":{"@type":"EntryPoint","urlTemplate":"https:\/\/v2charge.com\/fi\/?s={search_term_string}"},"query-input":{"@type":"PropertyValueSpecification","valueRequired":true,"valueName":"search_term_string"}}],"inLanguage":"fi"},{"@type":"Organization","@id":"https:\/\/v2charge.com\/fi\/#organization","name":"V2C","url":"https:\/\/v2charge.com\/fi\/","logo":{"@type":"ImageObject","inLanguage":"fi","@id":"https:\/\/v2charge.com\/fi\/#\/schema\/logo\/image\/","url":"https:\/\/v2charge.com\/wp-content\/uploads\/2024\/11\/cropped-v2c-charge-logo-menu.png","contentUrl":"https:\/\/v2charge.com\/wp-content\/uploads\/2024\/11\/cropped-v2c-charge-logo-menu.png","width":984,"height":431,"caption":"V2C"},"image":{"@id":"https:\/\/v2charge.com\/fi\/#\/schema\/logo\/image\/"},"sameAs":["https:\/\/www.facebook.com\/V2C.Charge","https:\/\/x.com\/V2C_Charge","https:\/\/www.instagram.com\/v2c.charge\/","https:\/\/www.youtube.com\/@V2C","https:\/\/www.linkedin.com\/company\/v2c-chargers\/"]}]}},"uagb_featured_image_src":{"full":["https:\/\/v2charge.com\/wp-content\/uploads\/2024\/07\/v2c-electric-chargers.jpg",1200,675,false],"thumbnail":["https:\/\/v2charge.com\/wp-content\/uploads\/2024\/07\/v2c-electric-chargers-150x150.jpg",150,150,true],"medium":["https:\/\/v2charge.com\/wp-content\/uploads\/2024\/07\/v2c-electric-chargers-300x169.jpg",300,169,true],"medium_large":["https:\/\/v2charge.com\/wp-content\/uploads\/2024\/07\/v2c-electric-chargers-768x432.jpg",768,432,true],"large":["https:\/\/v2charge.com\/wp-content\/uploads\/2024\/07\/v2c-electric-chargers-1024x576.jpg",1024,576,true],"gs-tiny":["https:\/\/v2charge.com\/wp-content\/uploads\/2024\/07\/v2c-electric-chargers.jpg",50,28,false],"xl":["https:\/\/v2charge.com\/wp-content\/uploads\/2024\/07\/v2c-electric-chargers.jpg",1200,675,false],"xxl":["https:\/\/v2charge.com\/wp-content\/uploads\/2024\/07\/v2c-electric-chargers.jpg",1200,675,false],"xxxl":["https:\/\/v2charge.com\/wp-content\/uploads\/2024\/07\/v2c-electric-chargers.jpg",1200,675,false],"xxxxl":["https:\/\/v2charge.com\/wp-content\/uploads\/2024\/07\/v2c-electric-chargers.jpg",1200,675,false],"xxxxxl":["https:\/\/v2charge.com\/wp-content\/uploads\/2024\/07\/v2c-electric-chargers.jpg",1200,675,false],"1536x1536":["https:\/\/v2charge.com\/wp-content\/uploads\/2024\/07\/v2c-electric-chargers.jpg",1200,675,false],"2048x2048":["https:\/\/v2charge.com\/wp-content\/uploads\/2024\/07\/v2c-electric-chargers.jpg",1200,675,false]},"uagb_author_info":{"display_name":"V2C","author_link":"https:\/\/v2charge.com\/fi\/author\/marketing\/"},"uagb_comment_info":0,"uagb_excerpt":"Staattinen tehohallinta Staattinen tehohallinta on V2C:n edistynyt toiminto, joka jakaa energiaa tehokkaasti eri liit\u00e4nn\u00f6ille samassa e-Chargerissa tai useille e-Chargereille, est\u00e4en ylikuormituksia ja taaten sopivan k\u00e4yt\u00f6n sopimuksen mukaisesta tehosta. Kun energia tasapainotetaan automaattisesti latauslaitteiden v\u00e4lill\u00e4, j\u00e4rjestelm\u00e4 varmistaa optimaalisen ja turvallisen suorituskyvyn, maksimoiden energiatehokkuuden. T\u00e4m\u00e4ntyyppinen hallinta ei vuorovaikuta asunnon tai yrityksen kanssa, eik\u00e4 aurinkos\u00e4hk\u00f6systeemien kanssa. Energianhallinnan integroimiseksi&hellip;","_links":{"self":[{"href":"https:\/\/v2charge.com\/fi\/wp-json\/wp\/v2\/pages\/311500","targetHints":{"allow":["GET"]}}],"collection":[{"href":"https:\/\/v2charge.com\/fi\/wp-json\/wp\/v2\/pages"}],"about":[{"href":"https:\/\/v2charge.com\/fi\/wp-json\/wp\/v2\/types\/page"}],"author":[{"embeddable":true,"href":"https:\/\/v2charge.com\/fi\/wp-json\/wp\/v2\/users\/400"}],"replies":[{"embeddable":true,"href":"https:\/\/v2charge.com\/fi\/wp-json\/wp\/v2\/comments?post=311500"}],"version-history":[{"count":0,"href":"https:\/\/v2charge.com\/fi\/wp-json\/wp\/v2\/pages\/311500\/revisions"}],"up":[{"embeddable":true,"href":"https:\/\/v2charge.com\/fi\/wp-json\/wp\/v2\/pages\/311486"}],"wp:featuredmedia":[{"embeddable":true,"href":"https:\/\/v2charge.com\/fi\/wp-json\/wp\/v2\/media\/170346"}],"wp:attachment":[{"href":"https:\/\/v2charge.com\/fi\/wp-json\/wp\/v2\/media?parent=311500"}],"curies":[{"name":"wp","href":"https:\/\/api.w.org\/{rel}","templated":true}]}}