{"id":311504,"date":"2025-01-16T13:08:35","date_gmt":"2025-01-16T11:08:35","guid":{"rendered":""},"modified":"2026-01-09T13:16:37","modified_gmt":"2026-01-09T11:16:37","slug":"sungrow-invertterin-integrointi-trydanin-kanssa","status":"publish","type":"page","link":"https:\/\/v2charge.com\/fi\/tukialue\/tehonhallinta\/dynaaminen-tehohallinta\/aurinkosahkon-integrointi\/sungrow-invertterin-integrointi-trydanin-kanssa\/","title":{"rendered":"Sungrow-invertterin integrointi Trydanin kanssa"},"content":{"rendered":"\n<div class=\"wp-block-uagb-container uagb-block-917b89c6 alignfull uagb-is-root-container\"><div class=\"uagb-container-inner-blocks-wrap\"><div class=\"yoast-breadcrumbs\"><span><span><a href=\"https:\/\/v2charge.com\/fi\/\">V2C<\/a><\/span> \u00bb <span><a href=\"https:\/\/v2charge.com\/fi\/dynaaminen-tehohallinta\/\">Din\u00e1mico<\/a><\/span> \u00bb <span><a href=\"https:\/\/v2charge.com\/fi\/support\/power-control\/dynamic\/photovoltaic\/\">Fotovoltaica<\/a><\/span> \u00bb <span class=\"breadcrumb_last\" aria-current=\"page\">Inversor Sungrow<\/span><\/span><\/div>\n\n<h1 class=\"wp-block-heading\">Sungrow-invertterin integrointi Trydanin kanssa<\/h1>\n\n\n<div class=\"wp-block-uagb-container uagb-block-6ff3315e alignfull uagb-is-root-container\"><div class=\"uagb-container-inner-blocks-wrap\">\n<div class=\"wp-block-uagb-container uagb-block-d07bdd19\"><p>Yhdist\u00e4 Trydan-latauspisteesi Sungrow-invertteriin energian k\u00e4yt\u00f6n maksimoimiseksi.<\/p><\/div>\n\n\n\n<div class=\"wp-block-uagb-container uagb-block-56f0a249\">\n<div class=\"wp-block-uagb-image uagb-block-a6b3aa91 wp-block-uagb-image--layout-default wp-block-uagb-image--effect-static wp-block-uagb-image--align-none\"><figure class=\"wp-block-uagb-image__figure\"><img decoding=\"async\" srcset=\"https:\/\/v2charge.com\/wp-content\/uploads\/2024\/12\/sungrow_logo.png ,https:\/\/v2charge.com\/wp-content\/uploads\/2024\/12\/sungrow_logo.png 780w, https:\/\/v2charge.com\/wp-content\/uploads\/2024\/12\/sungrow_logo.png 360w\" sizes=\"auto, (max-width: 480px) 150px\" src=\"https:\/\/v2charge.com\/wp-content\/uploads\/2024\/12\/sungrow_logo.png\" alt=\"\" class=\"uag-image-198777\" width=\"400\" height=\"68\" title=\"sungrow_logo\" loading=\"lazy\" role=\"img\"\/><\/figure><\/div>\n<\/div>\n<\/div><\/div>\n\n\n\n<div class=\"wp-block-uagb-container uagb-block-333fb119 alignfull uagb-is-root-container\"><div class=\"uagb-container-inner-blocks-wrap\">\n<div class=\"wp-block-uagb-container uagb-block-2ff110d0 default uagb-is-root-container\">\n<div class=\"wp-block-uagb-container uagb-block-cd442c87\">\n<div class=\"wp-block-uagb-image aligncenter uagb-block-4bb46c59 wp-block-uagb-image--layout-default wp-block-uagb-image--effect-static wp-block-uagb-image--align-center\"><figure class=\"wp-block-uagb-image__figure\"><img decoding=\"async\" srcset=\"https:\/\/v2charge.com\/wp-content\/uploads\/2023\/11\/icon-important.png ,https:\/\/v2charge.com\/wp-content\/uploads\/2023\/11\/icon-important.png 780w, https:\/\/v2charge.com\/wp-content\/uploads\/2023\/11\/icon-important.png 360w\" sizes=\"auto, (max-width: 480px) 150px\" src=\"https:\/\/v2charge.com\/wp-content\/uploads\/2023\/11\/icon-important.png\" alt=\"\" class=\"uag-image-125013\" width=\"50\" height=\"50\" title=\"\" loading=\"lazy\" role=\"img\"\/><\/figure><\/div>\n<\/div>\n\n\n\n<div class=\"wp-block-uagb-container uagb-block-38de7166\"><div class=\"wp-block-uagb-advanced-heading uagb-block-37ab01f0\"><p class=\"uagb-heading-text\">Wi-Fi&nbsp;<strong>toistimien<\/strong>&nbsp;tai&nbsp;<strong>mesh-verkkojen<\/strong>&nbsp;k\u00e4ytt\u00f6 voi vaikuttaa j\u00e4rjestelm\u00e4n oikeaan toimintaan. Suosittelemme k\u00e4ytt\u00e4m\u00e4\u00e4n&nbsp;<strong>vakaita Wi-Fi-verkkoja<\/strong>&nbsp;ja&nbsp;<strong>suoria<\/strong>&nbsp;yhteyksi\u00e4 varmistaaksemme optimaalisen yhteyden latauslaitteen ja invertterin v\u00e4lill\u00e4.<\/p><\/div><\/div>\n<\/div>\n\n\n\n<div style=\"height:5px\" aria-hidden=\"true\" class=\"wp-block-spacer\"><\/div>\n<\/div><\/div>\n\n\n\n<div class=\"wp-block-uagb-separator uagb-block-37d1f752\"><div class=\"wp-block-uagb-separator__inner\" style=\"--my-background-image:\"><\/div><\/div>\n\n\n<h2 class=\"wp-block-heading\">Sungrow-invertterin integrointi<\/h2>\n\n<p>Jotta e-Charger Trydanin integrointi Sungrow-inverttereiden kanssa toimisi, on tarpeen, ett\u00e4 ne ovat yhteydess\u00e4 samaan verkkoon kuin Trydan.&nbsp;Invertterimallista riippuen internetiin voidaan yhdist\u00e4\u00e4 eri tavoin.<\/p>\n\n<p>Toisaalta, jos invertteriss\u00e4 on LAN-portti, suositellaan kytkem\u00e4\u00e4n invertteri reitittimeen RJ45-kaapelilla.<\/p>\n\n\n<div class=\"wp-block-uagb-image aligncenter uagb-block-5d46d4c2 wp-block-uagb-image--layout-default wp-block-uagb-image--effect-static wp-block-uagb-image--align-center\"><figure class=\"wp-block-uagb-image__figure\"><img decoding=\"async\" srcset=\"https:\/\/v2charge.com\/wp-content\/uploads\/2024\/12\/configuration_sungrow.jpg ,https:\/\/v2charge.com\/wp-content\/uploads\/2024\/12\/configuration_sungrow.jpg 780w, https:\/\/v2charge.com\/wp-content\/uploads\/2024\/12\/configuration_sungrow.jpg 360w\" sizes=\"auto, (max-width: 480px) 150px\" src=\"https:\/\/v2charge.com\/wp-content\/uploads\/2024\/12\/configuration_sungrow.jpg\" alt=\"\" class=\"uag-image-198789\" width=\"704\" height=\"215\" title=\"configuration_sungrow\" loading=\"lazy\" role=\"img\"\/><\/figure><\/div>\n\n\n<p>Toisaalta, jos invertteriss\u00e4 ei ole t\u00e4t\u00e4 porttia, tarvitaan WiNet-S-moduuli, jotta invertteri voidaan liitt\u00e4\u00e4 WiFin tai Ethernetin kautta.<\/p>\n\n\n<div class=\"wp-block-uagb-image aligncenter uagb-block-ad2c5bfa wp-block-uagb-image--layout-default wp-block-uagb-image--effect-static wp-block-uagb-image--align-center\"><figure class=\"wp-block-uagb-image__figure\"><img decoding=\"async\" srcset=\"https:\/\/v2charge.com\/wp-content\/uploads\/2024\/12\/winet-s.png ,https:\/\/v2charge.com\/wp-content\/uploads\/2024\/12\/winet-s.png 780w, https:\/\/v2charge.com\/wp-content\/uploads\/2024\/12\/winet-s.png 360w\" sizes=\"auto, (max-width: 480px) 150px\" src=\"https:\/\/v2charge.com\/wp-content\/uploads\/2024\/12\/winet-s.png\" alt=\"\" class=\"uag-image-198800\" width=\"800\" height=\"740\" title=\"winet-s\" loading=\"lazy\" role=\"img\"\/><\/figure><\/div>\n\n\n<p>WiNet-S-moduuli tukee sek\u00e4 Ethernet- ett\u00e4 WLAN-viestint\u00e4\u00e4, mutta molempien menetelmien samanaikaista k\u00e4ytt\u00f6\u00e4 ei suositella. Moduuli on liitett\u00e4v\u00e4 COM1-porttiin (2 kuvassa) sek\u00e4 WLAN- ett\u00e4 Ethernet-viestint\u00e4\u00e4 varten, sill\u00e4 Ethernetin osalta moduuliin on liitett\u00e4v\u00e4 RJ45-kaapeli.<\/p>\n\n\n<div class=\"wp-block-uagb-image aligncenter uagb-block-4dd5edd8 wp-block-uagb-image--layout-default wp-block-uagb-image--effect-static wp-block-uagb-image--align-center\"><figure class=\"wp-block-uagb-image__figure\"><img decoding=\"async\" srcset=\"https:\/\/v2charge.com\/wp-content\/uploads\/2024\/12\/sungrow-comands.jpg ,https:\/\/v2charge.com\/wp-content\/uploads\/2024\/12\/sungrow-comands.jpg 780w, https:\/\/v2charge.com\/wp-content\/uploads\/2024\/12\/sungrow-comands.jpg 360w\" sizes=\"auto, (max-width: 480px) 150px\" src=\"https:\/\/v2charge.com\/wp-content\/uploads\/2024\/12\/sungrow-comands.jpg\" alt=\"\" class=\"uag-image-198813\" width=\"416\" height=\"322\" title=\"sungrow-comands\" loading=\"lazy\" role=\"img\"\/><\/figure><\/div>\n\n\n<p>Oletuksena olevalla asetuksella, kun invertteri ja Trydan ovat samassa verkossa, integraatio olisi valmis. On kuitenkin varmistettava, ett\u00e4 invertterin viestint\u00e4parametrit ovat seuraavat:<\/p>\n\n\n<ul class=\"wp-block-list\"><li>Addr (osoite): 1<\/li>\n\n<li>DHCP: P\u00c4\u00c4LL\u00c4<\/li>\n\n<li>Portti (puerto): 502<\/li><\/ul>\n<\/div><\/div>\n\n\n\n<div class=\"wp-block-uagb-container uagb-block-1fb723ac alignfull uagb-is-root-container\"><div class=\"uagb-container-inner-blocks-wrap\">\n<div class=\"wp-block-uagb-container uagb-block-f9070278\"><p>Sovelluksessa seuraa ohjeita aktivoidaksesi <a href=\"https:\/\/v2charge.com\/tukialue\/trydan-tuki\/control-dinamico-potencia\/\">Dynaamisen Tehon Hallinnan<\/a>&nbsp;ja mittarissa<strong> valitse Sungrow<\/strong>.<\/p><\/div>\n\n\n\n<div class=\"wp-block-uagb-container uagb-block-bf7d8139\">\n<div class=\"wp-block-uagb-image aligncenter uagb-block-bfeb1bc2 wp-block-uagb-image--layout-default wp-block-uagb-image--effect-static wp-block-uagb-image--align-center\"><figure class=\"wp-block-uagb-image__figure\"><img decoding=\"async\" srcset=\"https:\/\/v2charge.com\/wp-content\/uploads\/2025\/12\/sungrow-conectar.png ,https:\/\/v2charge.com\/wp-content\/uploads\/2025\/12\/sungrow-conectar.png 780w, https:\/\/v2charge.com\/wp-content\/uploads\/2025\/12\/sungrow-conectar.png 360w\" sizes=\"auto, (max-width: 480px) 150px\" src=\"https:\/\/v2charge.com\/wp-content\/uploads\/2025\/12\/sungrow-conectar.png\" alt=\"\" class=\"uag-image-293063\" width=\"468\" height=\"800\" title=\"sungrow-conectar\" loading=\"lazy\" role=\"img\"\/><\/figure><\/div>\n<\/div>\n<\/div><\/div>\n\n\n\n<div class=\"wp-block-uagb-container uagb-block-c6f38013 alignfull uagb-is-root-container\"><div class=\"uagb-container-inner-blocks-wrap\"><div class=\"wp-block-uagb-advanced-heading uagb-block-6963d70c\"><h2 class=\"uagb-heading-text\"><strong>Tarvitsetko teknist\u00e4 tukea?<\/strong><\/h2><\/div>\n\n<div class=\"wp-block-uagb-advanced-heading uagb-block-408243eb\"><p class=\"uagb-heading-text\">Ratkaise ongelmasi heti IA-chatimme kautta. Jos ongelma ei ratkea, luo pyynt\u00f6 Tekniseen Tukikeskukseen, ja otamme sinuun yhteytt\u00e4 mahdollisimman pian tarjotaksemme parhaan ratkaisun.<\/p><\/div>\n\n<div class=\"wp-block-uagb-info-box uagb-block-12e3cf1c uagb-infobox__content-wrap  uagb-infobox-icon-left uagb-infobox-left uagb-infobox-image-valign-top wp-block-uagb-info-box--has-margin ai-chatbot-button\"><div class=\"uagb-infobox-margin-wrapper\"><div class=\"uagb-ifb-image-content\"><img decoding=\"async\" src=\"https:\/\/v2charge.com\/wp-content\/uploads\/2026\/01\/support-ai-chatbot.png\" alt=\"\" width=\"20\" height=\"19\" loading=\"lazy\"\/><\/div><div class=\"uagb-ifb-content\"><div class=\"uagb-ifb-title-wrap\"><\/div><div class=\"uagb-ifb-button-wrapper wp-block-button\"><a href=\"https:\/\/v2charge.com\/v2c-support-web\/\" class=\"uagb-infobox-cta-link wp-block-button__link\" target=\"_blank\" rel=\"noopener noreferrer\" onclick=\"return true;\"><span class=\"uagb-inline-editing\">Kysy AI-chatbotiltamme<\/span><\/a><\/div><\/div><\/div><\/div>\n\n\n<div class=\"wp-block-uagb-buttons uagb-buttons__outer-wrap uagb-btn__default-btn uagb-btn-tablet__default-btn uagb-btn-mobile__default-btn uagb-block-ba1e67d1\"><div class=\"uagb-buttons__wrap uagb-buttons-layout-wrap \"><div class=\"wp-block-uagb-buttons-child uagb-buttons__outer-wrap uagb-block-23cfb623 wp-block-button\"><div class=\"uagb-button__wrapper\"><a class=\"uagb-buttons-repeater wp-block-button__link\" aria-label=\"\" href=\"https:\/\/v2charge.atlassian.net\/servicedesk\/customer\/portal\/3\" rel=\"follow noopener\" target=\"_blank\" role=\"button\"><div class=\"uagb-button__link\">Ota yhteytt\u00e4 tekniseen tukeen<\/div><\/a><\/div><\/div><\/div><\/div>\n<\/div><\/div>\n","protected":false},"excerpt":{"rendered":"<p>Sungrow-invertterin integrointi Trydanin kanssa Yhdist\u00e4 Trydan-latauspisteesi Sungrow-invertteriin energian k\u00e4yt\u00f6n maksimoimiseksi. Wi-Fi&nbsp;toistimien&nbsp;tai&nbsp;mesh-verkkojen&nbsp;k\u00e4ytt\u00f6 voi vaikuttaa j\u00e4rjestelm\u00e4n oikeaan toimintaan. Suosittelemme k\u00e4ytt\u00e4m\u00e4\u00e4n&nbsp;vakaita Wi-Fi-verkkoja&nbsp;ja&nbsp;suoria&nbsp;yhteyksi\u00e4 varmistaaksemme optimaalisen yhteyden latauslaitteen ja invertterin v\u00e4lill\u00e4. Sungrow-invertterin integrointi Jotta e-Charger Trydanin integrointi Sungrow-inverttereiden kanssa toimisi, on tarpeen, ett\u00e4 ne ovat yhteydess\u00e4 samaan verkkoon kuin Trydan.&nbsp;Invertterimallista riippuen internetiin voidaan yhdist\u00e4\u00e4 eri tavoin. Toisaalta, jos invertteriss\u00e4 on &#8230; <a title=\"Sungrow-invertterin integrointi Trydanin kanssa\" class=\"read-more\" href=\"https:\/\/v2charge.com\/fi\/tukialue\/tehonhallinta\/dynaaminen-tehohallinta\/aurinkosahkon-integrointi\/sungrow-invertterin-integrointi-trydanin-kanssa\/\" aria-label=\"Lue lis\u00e4\u00e4 aiheesta Sungrow-invertterin integrointi Trydanin kanssa\">Lue lis\u00e4\u00e4<\/a><\/p>\n","protected":false},"author":400,"featured_media":0,"parent":311461,"menu_order":0,"comment_status":"closed","ping_status":"closed","template":"","meta":{"_eb_attr":"","content-type":"","_uag_custom_page_level_css":"","footnotes":""},"class_list":["post-311504","page","type-page","status-publish"],"yoast_head":"<!-- This site is optimized with the Yoast SEO plugin v25.3.1 - https:\/\/yoast.com\/wordpress\/plugins\/seo\/ -->\n<title>Sungrow-invertterin integrointi Trydanin kanssa - V2C<\/title>\n<meta name=\"description\" content=\"Sungrow-invertteri voidaan integroida e-Charger Trydanin kanssa Ethernetin tai WiFin kautta. M\u00e4\u00e4rittelemme seuraavat vaiheet.\" \/>\n<meta name=\"robots\" content=\"index, follow, max-snippet:-1, max-image-preview:large, max-video-preview:-1\" \/>\n<link rel=\"canonical\" href=\"https:\/\/v2charge.com\/fi\/tukialue\/tehonhallinta\/dynaaminen-tehohallinta\/aurinkosahkon-integrointi\/sungrow-invertterin-integrointi-trydanin-kanssa\/\" \/>\n<meta property=\"og:locale\" content=\"fi_FI\" \/>\n<meta property=\"og:type\" content=\"article\" \/>\n<meta property=\"og:title\" content=\"Sungrow-invertterin integrointi Trydanin kanssa - V2C\" \/>\n<meta property=\"og:description\" content=\"Sungrow-invertteri voidaan integroida e-Charger Trydanin kanssa Ethernetin tai WiFin kautta. M\u00e4\u00e4rittelemme seuraavat vaiheet.\" \/>\n<meta property=\"og:url\" content=\"https:\/\/v2charge.com\/fi\/tukialue\/tehonhallinta\/dynaaminen-tehohallinta\/aurinkosahkon-integrointi\/sungrow-invertterin-integrointi-trydanin-kanssa\/\" \/>\n<meta property=\"og:site_name\" content=\"V2C\" \/>\n<meta property=\"article:publisher\" content=\"https:\/\/www.facebook.com\/V2C.Charge\" \/>\n<meta property=\"article:modified_time\" content=\"2026-01-09T11:16:37+00:00\" \/>\n<meta property=\"og:image\" content=\"https:\/\/v2charge.com\/wp-content\/uploads\/2024\/12\/sungrow_logo.png\" \/>\n<meta name=\"twitter:card\" content=\"summary_large_image\" \/>\n<meta name=\"twitter:site\" content=\"@V2C_Charge\" \/>\n<meta name=\"twitter:label1\" content=\"Arvioitu lukuaika\" \/>\n\t<meta name=\"twitter:data1\" content=\"3 minuuttia\" \/>\n<script type=\"application\/ld+json\" class=\"yoast-schema-graph\">{\"@context\":\"https:\/\/schema.org\",\"@graph\":[{\"@type\":\"WebPage\",\"@id\":\"https:\/\/v2charge.com\/fi\/tukialue\/tehonhallinta\/dynaaminen-tehohallinta\/aurinkosahkon-integrointi\/sungrow-invertterin-integrointi-trydanin-kanssa\/\",\"url\":\"https:\/\/v2charge.com\/fi\/tukialue\/tehonhallinta\/dynaaminen-tehohallinta\/aurinkosahkon-integrointi\/sungrow-invertterin-integrointi-trydanin-kanssa\/\",\"name\":\"Sungrow-invertterin integrointi Trydanin kanssa - V2C\",\"isPartOf\":{\"@id\":\"https:\/\/v2charge.com\/fi\/#website\"},\"primaryImageOfPage\":{\"@id\":\"https:\/\/v2charge.com\/fi\/tukialue\/tehonhallinta\/dynaaminen-tehohallinta\/aurinkosahkon-integrointi\/sungrow-invertterin-integrointi-trydanin-kanssa\/#primaryimage\"},\"image\":{\"@id\":\"https:\/\/v2charge.com\/fi\/tukialue\/tehonhallinta\/dynaaminen-tehohallinta\/aurinkosahkon-integrointi\/sungrow-invertterin-integrointi-trydanin-kanssa\/#primaryimage\"},\"thumbnailUrl\":\"https:\/\/v2charge.com\/wp-content\/uploads\/2024\/12\/sungrow_logo.png\",\"datePublished\":\"2025-01-16T11:08:35+00:00\",\"dateModified\":\"2026-01-09T11:16:37+00:00\",\"description\":\"Sungrow-invertteri voidaan integroida e-Charger Trydanin kanssa Ethernetin tai WiFin kautta. M\u00e4\u00e4rittelemme seuraavat vaiheet.\",\"breadcrumb\":{\"@id\":\"https:\/\/v2charge.com\/fi\/tukialue\/tehonhallinta\/dynaaminen-tehohallinta\/aurinkosahkon-integrointi\/sungrow-invertterin-integrointi-trydanin-kanssa\/#breadcrumb\"},\"inLanguage\":\"fi\",\"potentialAction\":[{\"@type\":\"ReadAction\",\"target\":[\"https:\/\/v2charge.com\/fi\/tukialue\/tehonhallinta\/dynaaminen-tehohallinta\/aurinkosahkon-integrointi\/sungrow-invertterin-integrointi-trydanin-kanssa\/\"]}]},{\"@type\":\"ImageObject\",\"inLanguage\":\"fi\",\"@id\":\"https:\/\/v2charge.com\/fi\/tukialue\/tehonhallinta\/dynaaminen-tehohallinta\/aurinkosahkon-integrointi\/sungrow-invertterin-integrointi-trydanin-kanssa\/#primaryimage\",\"url\":\"https:\/\/v2charge.com\/wp-content\/uploads\/2024\/12\/sungrow_logo.png\",\"contentUrl\":\"https:\/\/v2charge.com\/wp-content\/uploads\/2024\/12\/sungrow_logo.png\"},{\"@type\":\"BreadcrumbList\",\"@id\":\"https:\/\/v2charge.com\/fi\/tukialue\/tehonhallinta\/dynaaminen-tehohallinta\/aurinkosahkon-integrointi\/sungrow-invertterin-integrointi-trydanin-kanssa\/#breadcrumb\",\"itemListElement\":[{\"@type\":\"ListItem\",\"position\":1,\"name\":\"V2C\",\"item\":\"https:\/\/v2charge.com\/fi\/\"},{\"@type\":\"ListItem\",\"position\":2,\"name\":\"Din\u00e1mico\",\"item\":\"https:\/\/v2charge.com\/fi\/dynaaminen-tehohallinta\/\"},{\"@type\":\"ListItem\",\"position\":3,\"name\":\"Fotovoltaica\",\"item\":\"https:\/\/v2charge.com\/fi\/support\/power-control\/dynamic\/photovoltaic\/\"},{\"@type\":\"ListItem\",\"position\":4,\"name\":\"Inversor Sungrow\"}]},{\"@type\":\"WebSite\",\"@id\":\"https:\/\/v2charge.com\/fi\/#website\",\"url\":\"https:\/\/v2charge.com\/fi\/\",\"name\":\"V2C\",\"description\":\"#CargandoElMa\u00f1ana\",\"publisher\":{\"@id\":\"https:\/\/v2charge.com\/fi\/#organization\"},\"potentialAction\":[{\"@type\":\"SearchAction\",\"target\":{\"@type\":\"EntryPoint\",\"urlTemplate\":\"https:\/\/v2charge.com\/fi\/?s={search_term_string}\"},\"query-input\":{\"@type\":\"PropertyValueSpecification\",\"valueRequired\":true,\"valueName\":\"search_term_string\"}}],\"inLanguage\":\"fi\"},{\"@type\":\"Organization\",\"@id\":\"https:\/\/v2charge.com\/fi\/#organization\",\"name\":\"V2C\",\"url\":\"https:\/\/v2charge.com\/fi\/\",\"logo\":{\"@type\":\"ImageObject\",\"inLanguage\":\"fi\",\"@id\":\"https:\/\/v2charge.com\/fi\/#\/schema\/logo\/image\/\",\"url\":\"https:\/\/v2charge.com\/wp-content\/uploads\/2024\/11\/cropped-v2c-charge-logo-menu.png\",\"contentUrl\":\"https:\/\/v2charge.com\/wp-content\/uploads\/2024\/11\/cropped-v2c-charge-logo-menu.png\",\"width\":984,\"height\":431,\"caption\":\"V2C\"},\"image\":{\"@id\":\"https:\/\/v2charge.com\/fi\/#\/schema\/logo\/image\/\"},\"sameAs\":[\"https:\/\/www.facebook.com\/V2C.Charge\",\"https:\/\/x.com\/V2C_Charge\",\"https:\/\/www.instagram.com\/v2c.charge\/\",\"https:\/\/www.youtube.com\/@V2C\",\"https:\/\/www.linkedin.com\/company\/v2c-chargers\/\"]}]}<\/script>\n<!-- \/ Yoast SEO plugin. -->","yoast_head_json":{"title":"Sungrow-invertterin integrointi Trydanin kanssa - V2C","description":"Sungrow-invertteri voidaan integroida e-Charger Trydanin kanssa Ethernetin tai WiFin kautta. M\u00e4\u00e4rittelemme seuraavat vaiheet.","robots":{"index":"index","follow":"follow","max-snippet":"max-snippet:-1","max-image-preview":"max-image-preview:large","max-video-preview":"max-video-preview:-1"},"canonical":"https:\/\/v2charge.com\/fi\/tukialue\/tehonhallinta\/dynaaminen-tehohallinta\/aurinkosahkon-integrointi\/sungrow-invertterin-integrointi-trydanin-kanssa\/","og_locale":"fi_FI","og_type":"article","og_title":"Sungrow-invertterin integrointi Trydanin kanssa - V2C","og_description":"Sungrow-invertteri voidaan integroida e-Charger Trydanin kanssa Ethernetin tai WiFin kautta. M\u00e4\u00e4rittelemme seuraavat vaiheet.","og_url":"https:\/\/v2charge.com\/fi\/tukialue\/tehonhallinta\/dynaaminen-tehohallinta\/aurinkosahkon-integrointi\/sungrow-invertterin-integrointi-trydanin-kanssa\/","og_site_name":"V2C","article_publisher":"https:\/\/www.facebook.com\/V2C.Charge","article_modified_time":"2026-01-09T11:16:37+00:00","og_image":[{"url":"https:\/\/v2charge.com\/wp-content\/uploads\/2024\/12\/sungrow_logo.png","type":"","width":"","height":""}],"twitter_card":"summary_large_image","twitter_site":"@V2C_Charge","twitter_misc":{"Arvioitu lukuaika":"3 minuuttia"},"schema":{"@context":"https:\/\/schema.org","@graph":[{"@type":"WebPage","@id":"https:\/\/v2charge.com\/fi\/tukialue\/tehonhallinta\/dynaaminen-tehohallinta\/aurinkosahkon-integrointi\/sungrow-invertterin-integrointi-trydanin-kanssa\/","url":"https:\/\/v2charge.com\/fi\/tukialue\/tehonhallinta\/dynaaminen-tehohallinta\/aurinkosahkon-integrointi\/sungrow-invertterin-integrointi-trydanin-kanssa\/","name":"Sungrow-invertterin integrointi Trydanin kanssa - V2C","isPartOf":{"@id":"https:\/\/v2charge.com\/fi\/#website"},"primaryImageOfPage":{"@id":"https:\/\/v2charge.com\/fi\/tukialue\/tehonhallinta\/dynaaminen-tehohallinta\/aurinkosahkon-integrointi\/sungrow-invertterin-integrointi-trydanin-kanssa\/#primaryimage"},"image":{"@id":"https:\/\/v2charge.com\/fi\/tukialue\/tehonhallinta\/dynaaminen-tehohallinta\/aurinkosahkon-integrointi\/sungrow-invertterin-integrointi-trydanin-kanssa\/#primaryimage"},"thumbnailUrl":"https:\/\/v2charge.com\/wp-content\/uploads\/2024\/12\/sungrow_logo.png","datePublished":"2025-01-16T11:08:35+00:00","dateModified":"2026-01-09T11:16:37+00:00","description":"Sungrow-invertteri voidaan integroida e-Charger Trydanin kanssa Ethernetin tai WiFin kautta. M\u00e4\u00e4rittelemme seuraavat vaiheet.","breadcrumb":{"@id":"https:\/\/v2charge.com\/fi\/tukialue\/tehonhallinta\/dynaaminen-tehohallinta\/aurinkosahkon-integrointi\/sungrow-invertterin-integrointi-trydanin-kanssa\/#breadcrumb"},"inLanguage":"fi","potentialAction":[{"@type":"ReadAction","target":["https:\/\/v2charge.com\/fi\/tukialue\/tehonhallinta\/dynaaminen-tehohallinta\/aurinkosahkon-integrointi\/sungrow-invertterin-integrointi-trydanin-kanssa\/"]}]},{"@type":"ImageObject","inLanguage":"fi","@id":"https:\/\/v2charge.com\/fi\/tukialue\/tehonhallinta\/dynaaminen-tehohallinta\/aurinkosahkon-integrointi\/sungrow-invertterin-integrointi-trydanin-kanssa\/#primaryimage","url":"https:\/\/v2charge.com\/wp-content\/uploads\/2024\/12\/sungrow_logo.png","contentUrl":"https:\/\/v2charge.com\/wp-content\/uploads\/2024\/12\/sungrow_logo.png"},{"@type":"BreadcrumbList","@id":"https:\/\/v2charge.com\/fi\/tukialue\/tehonhallinta\/dynaaminen-tehohallinta\/aurinkosahkon-integrointi\/sungrow-invertterin-integrointi-trydanin-kanssa\/#breadcrumb","itemListElement":[{"@type":"ListItem","position":1,"name":"V2C","item":"https:\/\/v2charge.com\/fi\/"},{"@type":"ListItem","position":2,"name":"Din\u00e1mico","item":"https:\/\/v2charge.com\/fi\/dynaaminen-tehohallinta\/"},{"@type":"ListItem","position":3,"name":"Fotovoltaica","item":"https:\/\/v2charge.com\/fi\/support\/power-control\/dynamic\/photovoltaic\/"},{"@type":"ListItem","position":4,"name":"Inversor Sungrow"}]},{"@type":"WebSite","@id":"https:\/\/v2charge.com\/fi\/#website","url":"https:\/\/v2charge.com\/fi\/","name":"V2C","description":"#CargandoElMa\u00f1ana","publisher":{"@id":"https:\/\/v2charge.com\/fi\/#organization"},"potentialAction":[{"@type":"SearchAction","target":{"@type":"EntryPoint","urlTemplate":"https:\/\/v2charge.com\/fi\/?s={search_term_string}"},"query-input":{"@type":"PropertyValueSpecification","valueRequired":true,"valueName":"search_term_string"}}],"inLanguage":"fi"},{"@type":"Organization","@id":"https:\/\/v2charge.com\/fi\/#organization","name":"V2C","url":"https:\/\/v2charge.com\/fi\/","logo":{"@type":"ImageObject","inLanguage":"fi","@id":"https:\/\/v2charge.com\/fi\/#\/schema\/logo\/image\/","url":"https:\/\/v2charge.com\/wp-content\/uploads\/2024\/11\/cropped-v2c-charge-logo-menu.png","contentUrl":"https:\/\/v2charge.com\/wp-content\/uploads\/2024\/11\/cropped-v2c-charge-logo-menu.png","width":984,"height":431,"caption":"V2C"},"image":{"@id":"https:\/\/v2charge.com\/fi\/#\/schema\/logo\/image\/"},"sameAs":["https:\/\/www.facebook.com\/V2C.Charge","https:\/\/x.com\/V2C_Charge","https:\/\/www.instagram.com\/v2c.charge\/","https:\/\/www.youtube.com\/@V2C","https:\/\/www.linkedin.com\/company\/v2c-chargers\/"]}]}},"uagb_featured_image_src":{"full":false,"thumbnail":false,"medium":false,"medium_large":false,"large":false,"gs-tiny":false,"xl":false,"xxl":false,"xxxl":false,"xxxxl":false,"xxxxxl":false,"1536x1536":false,"2048x2048":false},"uagb_author_info":{"display_name":"V2C","author_link":"https:\/\/v2charge.com\/fi\/author\/marketing\/"},"uagb_comment_info":0,"uagb_excerpt":"Sungrow-invertterin integrointi Trydanin kanssa Yhdist\u00e4 Trydan-latauspisteesi Sungrow-invertteriin energian k\u00e4yt\u00f6n maksimoimiseksi. Wi-Fi&nbsp;toistimien&nbsp;tai&nbsp;mesh-verkkojen&nbsp;k\u00e4ytt\u00f6 voi vaikuttaa j\u00e4rjestelm\u00e4n oikeaan toimintaan. Suosittelemme k\u00e4ytt\u00e4m\u00e4\u00e4n&nbsp;vakaita Wi-Fi-verkkoja&nbsp;ja&nbsp;suoria&nbsp;yhteyksi\u00e4 varmistaaksemme optimaalisen yhteyden latauslaitteen ja invertterin v\u00e4lill\u00e4. Sungrow-invertterin integrointi Jotta e-Charger Trydanin integrointi Sungrow-inverttereiden kanssa toimisi, on tarpeen, ett\u00e4 ne ovat yhteydess\u00e4 samaan verkkoon kuin Trydan.&nbsp;Invertterimallista riippuen internetiin voidaan yhdist\u00e4\u00e4 eri tavoin. Toisaalta, jos invertteriss\u00e4 on&hellip;","_links":{"self":[{"href":"https:\/\/v2charge.com\/fi\/wp-json\/wp\/v2\/pages\/311504","targetHints":{"allow":["GET"]}}],"collection":[{"href":"https:\/\/v2charge.com\/fi\/wp-json\/wp\/v2\/pages"}],"about":[{"href":"https:\/\/v2charge.com\/fi\/wp-json\/wp\/v2\/types\/page"}],"author":[{"embeddable":true,"href":"https:\/\/v2charge.com\/fi\/wp-json\/wp\/v2\/users\/400"}],"replies":[{"embeddable":true,"href":"https:\/\/v2charge.com\/fi\/wp-json\/wp\/v2\/comments?post=311504"}],"version-history":[{"count":0,"href":"https:\/\/v2charge.com\/fi\/wp-json\/wp\/v2\/pages\/311504\/revisions"}],"up":[{"embeddable":true,"href":"https:\/\/v2charge.com\/fi\/wp-json\/wp\/v2\/pages\/311461"}],"wp:attachment":[{"href":"https:\/\/v2charge.com\/fi\/wp-json\/wp\/v2\/media?parent=311504"}],"curies":[{"name":"wp","href":"https:\/\/api.w.org\/{rel}","templated":true}]}}