{"id":311530,"date":"2021-06-30T13:54:55","date_gmt":"2021-06-30T13:54:55","guid":{"rendered":""},"modified":"2023-08-03T14:02:29","modified_gmt":"2023-08-03T14:02:29","slug":"jakelijan-portaalin-paasy","status":"publish","type":"page","link":"https:\/\/v2charge.com\/fi\/jakelijan-portaalin-paasy\/","title":{"rendered":"Jakelijan Portaalin P\u00e4\u00e4sy"},"content":{"rendered":"\n<div class=\"wp-block-uagb-container uagb-block-4c0e6936 alignfull uagb-is-root-container\"><div class=\"uagb-container-inner-blocks-wrap\"><div class=\"wp-block-uagb-advanced-heading uagb-block-1bc1fbc2\"><h2 class=\"uagb-heading-text\">KUMPPANIALUE<\/h2><\/div>\n\n\n<div class=\"wp-block-uagb-separator uagb-block-9122c2fb\"><div class=\"wp-block-uagb-separator__inner\" style=\"--my-background-image:\"><\/div><\/div>\n\n\n<div class=\"wp-block-uagb-advanced-heading uagb-block-10180f7d\"><h2 class=\"uagb-heading-text\">T\u00e4m\u00e4 on eksklusiivista sis\u00e4lt\u00f6\u00e4 kumppaneille. Rekister\u00f6idy p\u00e4\u00e4st\u00e4ksesi k\u00e4siksi. Kun pyynt\u00f6 on l\u00e4hetetty, valtuutamme k\u00e4ytt\u00e4j\u00e4si alle 24 tunnissa.<\/h2><\/div>\n\n\n<div class=\"wp-block-uagb-buttons uagb-buttons__outer-wrap uagb-btn__default-btn uagb-btn-tablet__default-btn uagb-btn-mobile__default-btn uagb-block-bee04016\"><div class=\"uagb-buttons__wrap uagb-buttons-layout-wrap\"><div class=\"wp-block-uagb-buttons-child uagb-buttons__outer-wrap uagb-block-b4ecbe45 wp-block-button\"><div class=\"uagb-button__wrapper\"><a class=\"uagb-buttons-repeater wp-block-button__link\" href=\"https:\/\/v2charge.com\/fi\/rekisteroidy\/\" onclick=\"return true;\" rel=\"follow noopener\" target=\"_self\"><div class=\"uagb-button__link\">Rekister\u00f6idy t\u00e4\u00e4ll\u00e4<\/div><\/a><\/div><\/div><\/div><\/div>\n<\/div><\/div>\n\n\n<div class=\"wp-block-uagb-advanced-heading uagb-block-15bb0882\"><h2 class=\"uagb-heading-text\">Oletko jo kumppani?<\/h2><\/div>\n\n<div class=\"wp-block-uagb-advanced-heading uagb-block-033c990a\"><h2 class=\"uagb-heading-text\"><br>Kirjaudu alueelle k\u00e4ytt\u00e4j\u00e4tunnuksellasi ja salasanallasi.<\/h2><\/div>","protected":false},"excerpt":{"rendered":"<p>KUMPPANIALUE T\u00e4m\u00e4 on eksklusiivista sis\u00e4lt\u00f6\u00e4 kumppaneille. Rekister\u00f6idy p\u00e4\u00e4st\u00e4ksesi k\u00e4siksi. Kun pyynt\u00f6 on l\u00e4hetetty, valtuutamme k\u00e4ytt\u00e4j\u00e4si alle 24 tunnissa. Oletko jo kumppani? Kirjaudu alueelle k\u00e4ytt\u00e4j\u00e4tunnuksellasi ja salasanallasi.<\/p>\n","protected":false},"author":1,"featured_media":0,"parent":0,"menu_order":0,"comment_status":"closed","ping_status":"closed","template":"","meta":{"_eb_attr":"","content-type":"","_uag_custom_page_level_css":"","footnotes":""},"class_list":["post-311530","page","type-page","status-publish"],"yoast_head":"<!-- This site is optimized with the Yoast SEO plugin v25.3.1 - https:\/\/yoast.com\/wordpress\/plugins\/seo\/ -->\n<title>Partnerialue - V2C<\/title>\n<meta name=\"robots\" content=\"noindex, follow\" \/>\n<meta property=\"og:locale\" content=\"fi_FI\" \/>\n<meta property=\"og:type\" content=\"article\" \/>\n<meta property=\"og:title\" content=\"Partnerialue - V2C\" \/>\n<meta property=\"og:description\" content=\"KUMPPANIALUE T\u00e4m\u00e4 on eksklusiivista sis\u00e4lt\u00f6\u00e4 kumppaneille. Rekister\u00f6idy p\u00e4\u00e4st\u00e4ksesi k\u00e4siksi. Kun pyynt\u00f6 on l\u00e4hetetty, valtuutamme k\u00e4ytt\u00e4j\u00e4si alle 24 tunnissa. Oletko jo kumppani? Kirjaudu alueelle k\u00e4ytt\u00e4j\u00e4tunnuksellasi ja salasanallasi.\" \/>\n<meta property=\"og:url\" content=\"https:\/\/v2charge.com\/fi\/jakelijan-portaalin-paasy\/\" \/>\n<meta property=\"og:site_name\" content=\"V2C\" \/>\n<meta property=\"article:publisher\" content=\"https:\/\/www.facebook.com\/V2C.Charge\" \/>\n<meta property=\"article:modified_time\" content=\"2023-08-03T14:02:29+00:00\" \/>\n<meta property=\"og:image\" content=\"https:\/\/v2charge.com\/wp-content\/uploads\/2024\/07\/v2c-electric-chargers.jpg\" \/>\n\t<meta property=\"og:image:width\" content=\"1200\" \/>\n\t<meta property=\"og:image:height\" content=\"675\" \/>\n\t<meta property=\"og:image:type\" content=\"image\/jpeg\" \/>\n<meta name=\"twitter:card\" content=\"summary_large_image\" \/>\n<meta name=\"twitter:site\" content=\"@V2C_Charge\" \/>\n<meta name=\"twitter:label1\" content=\"Arvioitu lukuaika\" \/>\n\t<meta name=\"twitter:data1\" content=\"1 minuutti\" \/>\n<script type=\"application\/ld+json\" class=\"yoast-schema-graph\">{\"@context\":\"https:\/\/schema.org\",\"@graph\":[{\"@type\":\"WebPage\",\"@id\":\"https:\/\/v2charge.com\/fi\/jakelijan-portaalin-paasy\/\",\"url\":\"https:\/\/v2charge.com\/fi\/jakelijan-portaalin-paasy\/\",\"name\":\"Partnerialue - V2C\",\"isPartOf\":{\"@id\":\"https:\/\/v2charge.com\/fi\/#website\"},\"datePublished\":\"2021-06-30T13:54:55+00:00\",\"dateModified\":\"2023-08-03T14:02:29+00:00\",\"breadcrumb\":{\"@id\":\"https:\/\/v2charge.com\/fi\/jakelijan-portaalin-paasy\/#breadcrumb\"},\"inLanguage\":\"fi\",\"potentialAction\":[{\"@type\":\"ReadAction\",\"target\":[\"https:\/\/v2charge.com\/fi\/jakelijan-portaalin-paasy\/\"]}]},{\"@type\":\"BreadcrumbList\",\"@id\":\"https:\/\/v2charge.com\/fi\/jakelijan-portaalin-paasy\/#breadcrumb\",\"itemListElement\":[{\"@type\":\"ListItem\",\"position\":1,\"name\":\"V2C\",\"item\":\"https:\/\/v2charge.com\/fi\/\"},{\"@type\":\"ListItem\",\"position\":2,\"name\":\"Jakelijan Portaalin P\u00e4\u00e4sy\"}]},{\"@type\":\"WebSite\",\"@id\":\"https:\/\/v2charge.com\/fi\/#website\",\"url\":\"https:\/\/v2charge.com\/fi\/\",\"name\":\"V2C\",\"description\":\"#CargandoElMa\u00f1ana\",\"publisher\":{\"@id\":\"https:\/\/v2charge.com\/fi\/#organization\"},\"potentialAction\":[{\"@type\":\"SearchAction\",\"target\":{\"@type\":\"EntryPoint\",\"urlTemplate\":\"https:\/\/v2charge.com\/fi\/?s={search_term_string}\"},\"query-input\":{\"@type\":\"PropertyValueSpecification\",\"valueRequired\":true,\"valueName\":\"search_term_string\"}}],\"inLanguage\":\"fi\"},{\"@type\":\"Organization\",\"@id\":\"https:\/\/v2charge.com\/fi\/#organization\",\"name\":\"V2C\",\"url\":\"https:\/\/v2charge.com\/fi\/\",\"logo\":{\"@type\":\"ImageObject\",\"inLanguage\":\"fi\",\"@id\":\"https:\/\/v2charge.com\/fi\/#\/schema\/logo\/image\/\",\"url\":\"https:\/\/v2charge.com\/wp-content\/uploads\/2024\/11\/cropped-v2c-charge-logo-menu.png\",\"contentUrl\":\"https:\/\/v2charge.com\/wp-content\/uploads\/2024\/11\/cropped-v2c-charge-logo-menu.png\",\"width\":984,\"height\":431,\"caption\":\"V2C\"},\"image\":{\"@id\":\"https:\/\/v2charge.com\/fi\/#\/schema\/logo\/image\/\"},\"sameAs\":[\"https:\/\/www.facebook.com\/V2C.Charge\",\"https:\/\/x.com\/V2C_Charge\",\"https:\/\/www.instagram.com\/v2c.charge\/\",\"https:\/\/www.youtube.com\/@V2C\",\"https:\/\/www.linkedin.com\/company\/v2c-chargers\/\"]}]}<\/script>\n<!-- \/ Yoast SEO plugin. -->","yoast_head_json":{"title":"Partnerialue - V2C","robots":{"index":"noindex","follow":"follow"},"og_locale":"fi_FI","og_type":"article","og_title":"Partnerialue - V2C","og_description":"KUMPPANIALUE T\u00e4m\u00e4 on eksklusiivista sis\u00e4lt\u00f6\u00e4 kumppaneille. Rekister\u00f6idy p\u00e4\u00e4st\u00e4ksesi k\u00e4siksi. Kun pyynt\u00f6 on l\u00e4hetetty, valtuutamme k\u00e4ytt\u00e4j\u00e4si alle 24 tunnissa. Oletko jo kumppani? Kirjaudu alueelle k\u00e4ytt\u00e4j\u00e4tunnuksellasi ja salasanallasi.","og_url":"https:\/\/v2charge.com\/fi\/jakelijan-portaalin-paasy\/","og_site_name":"V2C","article_publisher":"https:\/\/www.facebook.com\/V2C.Charge","article_modified_time":"2023-08-03T14:02:29+00:00","og_image":[{"width":1200,"height":675,"url":"https:\/\/v2charge.com\/wp-content\/uploads\/2024\/07\/v2c-electric-chargers.jpg","type":"image\/jpeg"}],"twitter_card":"summary_large_image","twitter_site":"@V2C_Charge","twitter_misc":{"Arvioitu lukuaika":"1 minuutti"},"schema":{"@context":"https:\/\/schema.org","@graph":[{"@type":"WebPage","@id":"https:\/\/v2charge.com\/fi\/jakelijan-portaalin-paasy\/","url":"https:\/\/v2charge.com\/fi\/jakelijan-portaalin-paasy\/","name":"Partnerialue - V2C","isPartOf":{"@id":"https:\/\/v2charge.com\/fi\/#website"},"datePublished":"2021-06-30T13:54:55+00:00","dateModified":"2023-08-03T14:02:29+00:00","breadcrumb":{"@id":"https:\/\/v2charge.com\/fi\/jakelijan-portaalin-paasy\/#breadcrumb"},"inLanguage":"fi","potentialAction":[{"@type":"ReadAction","target":["https:\/\/v2charge.com\/fi\/jakelijan-portaalin-paasy\/"]}]},{"@type":"BreadcrumbList","@id":"https:\/\/v2charge.com\/fi\/jakelijan-portaalin-paasy\/#breadcrumb","itemListElement":[{"@type":"ListItem","position":1,"name":"V2C","item":"https:\/\/v2charge.com\/fi\/"},{"@type":"ListItem","position":2,"name":"Jakelijan Portaalin P\u00e4\u00e4sy"}]},{"@type":"WebSite","@id":"https:\/\/v2charge.com\/fi\/#website","url":"https:\/\/v2charge.com\/fi\/","name":"V2C","description":"#CargandoElMa\u00f1ana","publisher":{"@id":"https:\/\/v2charge.com\/fi\/#organization"},"potentialAction":[{"@type":"SearchAction","target":{"@type":"EntryPoint","urlTemplate":"https:\/\/v2charge.com\/fi\/?s={search_term_string}"},"query-input":{"@type":"PropertyValueSpecification","valueRequired":true,"valueName":"search_term_string"}}],"inLanguage":"fi"},{"@type":"Organization","@id":"https:\/\/v2charge.com\/fi\/#organization","name":"V2C","url":"https:\/\/v2charge.com\/fi\/","logo":{"@type":"ImageObject","inLanguage":"fi","@id":"https:\/\/v2charge.com\/fi\/#\/schema\/logo\/image\/","url":"https:\/\/v2charge.com\/wp-content\/uploads\/2024\/11\/cropped-v2c-charge-logo-menu.png","contentUrl":"https:\/\/v2charge.com\/wp-content\/uploads\/2024\/11\/cropped-v2c-charge-logo-menu.png","width":984,"height":431,"caption":"V2C"},"image":{"@id":"https:\/\/v2charge.com\/fi\/#\/schema\/logo\/image\/"},"sameAs":["https:\/\/www.facebook.com\/V2C.Charge","https:\/\/x.com\/V2C_Charge","https:\/\/www.instagram.com\/v2c.charge\/","https:\/\/www.youtube.com\/@V2C","https:\/\/www.linkedin.com\/company\/v2c-chargers\/"]}]}},"uagb_featured_image_src":{"full":false,"thumbnail":false,"medium":false,"medium_large":false,"large":false,"gs-tiny":false,"xl":false,"xxl":false,"xxxl":false,"xxxxl":false,"xxxxxl":false,"1536x1536":false,"2048x2048":false},"uagb_author_info":{"display_name":"V2C","author_link":"https:\/\/v2charge.com\/fi\/author\/root_k4eu7ki8\/"},"uagb_comment_info":0,"uagb_excerpt":"KUMPPANIALUE T\u00e4m\u00e4 on eksklusiivista sis\u00e4lt\u00f6\u00e4 kumppaneille. Rekister\u00f6idy p\u00e4\u00e4st\u00e4ksesi k\u00e4siksi. Kun pyynt\u00f6 on l\u00e4hetetty, valtuutamme k\u00e4ytt\u00e4j\u00e4si alle 24 tunnissa. Oletko jo kumppani? Kirjaudu alueelle k\u00e4ytt\u00e4j\u00e4tunnuksellasi ja salasanallasi.","_links":{"self":[{"href":"https:\/\/v2charge.com\/fi\/wp-json\/wp\/v2\/pages\/311530","targetHints":{"allow":["GET"]}}],"collection":[{"href":"https:\/\/v2charge.com\/fi\/wp-json\/wp\/v2\/pages"}],"about":[{"href":"https:\/\/v2charge.com\/fi\/wp-json\/wp\/v2\/types\/page"}],"author":[{"embeddable":true,"href":"https:\/\/v2charge.com\/fi\/wp-json\/wp\/v2\/users\/1"}],"replies":[{"embeddable":true,"href":"https:\/\/v2charge.com\/fi\/wp-json\/wp\/v2\/comments?post=311530"}],"version-history":[{"count":0,"href":"https:\/\/v2charge.com\/fi\/wp-json\/wp\/v2\/pages\/311530\/revisions"}],"wp:attachment":[{"href":"https:\/\/v2charge.com\/fi\/wp-json\/wp\/v2\/media?parent=311530"}],"curies":[{"name":"wp","href":"https:\/\/api.w.org\/{rel}","templated":true}]}}