{"id":311535,"date":"2021-10-11T07:44:05","date_gmt":"2021-10-11T07:44:05","guid":{"rendered":""},"modified":"2025-05-15T12:22:10","modified_gmt":"2025-05-15T10:22:10","slug":"e-lataajat","status":"publish","type":"page","link":"https:\/\/v2charge.com\/fi\/e-lataajat\/","title":{"rendered":"e-Lataajat"},"content":{"rendered":"\n<div class=\"wp-block-uagb-container uagb-block-3eeeb7b7 alignfull uagb-is-root-container\"><div class=\"uagb-container-inner-blocks-wrap\"><div class=\"wp-block-uagb-advanced-heading uagb-block-b008c341\"><h1 class=\"uagb-heading-text\">Tutustu <strong>e-Lataajiimme<\/strong><\/h1><\/div>\n\n<div class=\"wp-block-uagb-advanced-heading uagb-block-ead22942\"><h2 class=\"uagb-heading-text\">L\u00f6yd\u00e4 s\u00e4hk\u00f6auton laturi, joka parhaiten vastaa tarpeitasi<\/h2><\/div><\/div><\/div>\n\n\n\n<div class=\"wp-block-uagb-container uagb-block-f63109f1 alignfull uagb-is-root-container\">\n<div class=\"wp-block-uagb-container uagb-block-b8f23ec5\">\n<div class=\"wp-block-uagb-container uagb-block-eaed02da\"><\/div>\n<\/div>\n\n\n\n<div class=\"wp-block-uagb-container uagb-block-af493a86\"><div class=\"wp-block-uagb-advanced-heading uagb-block-b7af62e7\"><h2 class=\"uagb-heading-text\">TRYDAN<\/h2><\/div>\n\n<div class=\"wp-block-uagb-advanced-heading uagb-block-369bffad\"><h3 class=\"uagb-heading-text\">\u00c4lykkyys ja t\u00e4ydellinen hallinta sormiesi ulottuvilla<\/h3><\/div>\n\n<p class=\"has-base-3-color has-text-color\">Trydanin avulla l\u00f6yd\u00e4t uuden tavan ladata: kaikkein alkuper\u00e4isin ja \u00e4lykk\u00e4in, joka tunnetaan t\u00e4h\u00e4n asti.<\/p>\n\n<p class=\"has-base-3-color has-text-color\">Vallankumouksellinen muotoilu, joka koostuu aikakauden huipputekniikasta ja tuo mukanaan eleganssia ja toimivuutta.<\/p>\n\n\n<div class=\"wp-block-uagb-buttons uagb-buttons__outer-wrap uagb-btn__default-btn uagb-btn-tablet__default-btn uagb-btn-mobile__default-btn uagb-block-dc48ca84\"><div class=\"uagb-buttons__wrap uagb-buttons-layout-wrap \"><div class=\"wp-block-uagb-buttons-child uagb-buttons__outer-wrap uagb-block-d99e6b32 wp-block-button\"><div class=\"uagb-button__wrapper\"><a class=\"uagb-buttons-repeater wp-block-button__link\" aria-label=\"\" href=\"https:\/\/v2charge.com\/fi\/trydan-2\/\" rel=\"follow noopener\" target=\"_self\" role=\"button\"><div class=\"uagb-button__link\">N\u00c4E TRYDAN<\/div><\/a><\/div><\/div><\/div><\/div>\n<\/div>\n<\/div>\n\n\n\n<div class=\"wp-block-uagb-container uagb-block-8d83ad62 alignfull uagb-is-root-container\">\n<div class=\"wp-block-uagb-container uagb-block-df871797\"><div class=\"wp-block-uagb-advanced-heading uagb-block-62e0970a\"><h2 class=\"uagb-heading-text\">TRYDAN PRO<\/h2><\/div>\n\n<div class=\"wp-block-uagb-advanced-heading uagb-block-b03b3d2c\"><h3 class=\"uagb-heading-text\">T\u00e4ydellinen evoluutio t\u00e4ydell\u00e4 yhteydell\u00e4<\/h3><\/div>\n\n<p>Pysy aina yhteydess\u00e4 Trydan Pro:hon. 4G-teknologia ja Ethernet tarjoavat v\u00e4litt\u00f6m\u00e4n ja keskeytym\u00e4tt\u00f6m\u00e4n internet-yhteyden.<\/p>\n\n<p>Tunnista useita k\u00e4ytt\u00e4ji\u00e4 ja varmista esteet\u00f6n ja turvallinen lataus RFID\/NFC-teknologiansa avulla.<\/p>\n\n\n<div class=\"wp-block-uagb-buttons uagb-buttons__outer-wrap uagb-btn__default-btn uagb-btn-tablet__default-btn uagb-btn-mobile__default-btn uagb-block-7008c05c\"><div class=\"uagb-buttons__wrap uagb-buttons-layout-wrap \"><div class=\"wp-block-uagb-buttons-child uagb-buttons__outer-wrap uagb-block-1b818de0 wp-block-button is-style-outline\"><div class=\"uagb-button__wrapper\"><a class=\"uagb-buttons-repeater wp-block-button__link\" aria-label=\"\" href=\"https:\/\/v2charge.com\/fi\/soporte-trydan-pro\/\" rel=\"follow noopener\" target=\"_self\" role=\"button\"><div class=\"uagb-button__link\">N\u00c4E TRYDAN PRO<\/div><\/a><\/div><\/div><\/div><\/div>\n<\/div>\n\n\n\n<div class=\"wp-block-uagb-container uagb-block-efb230ef\">\n<div class=\"wp-block-uagb-container uagb-block-15439cb3\"><\/div>\n<\/div>\n<\/div>\n\n\n\n<div class=\"wp-block-uagb-container uagb-block-547d64c6 alignfull uagb-is-root-container\">\n<div class=\"wp-block-uagb-container uagb-block-606cc092\">\n<div class=\"wp-block-uagb-container uagb-block-f01f2188\"><\/div>\n<\/div>\n\n\n\n<div class=\"wp-block-uagb-container uagb-block-a97f2181\"><div class=\"wp-block-uagb-advanced-heading uagb-block-a1df6c01\"><h2 class=\"uagb-heading-text\">POLE PRO<\/h2><\/div>\n\n<div class=\"wp-block-uagb-advanced-heading uagb-block-ce47bbaf\"><h3 class=\"uagb-heading-text\">\u00c4lykk\u00e4in ja kannattavin latauksen jakamisen ratkaisu<\/h3><\/div>\n\n<p class=\"has-base-3-color has-text-color\">Pole Pro yhdist\u00e4\u00e4 uusimman teknologian tarjotakseen tehokkaimman latauksen useille k\u00e4ytt\u00e4jille julkisissa ja yksityisiss\u00e4 tiloissa.<\/p>\n\n<p class=\"has-base-3-color has-text-color\">Tyylik\u00e4s, kest\u00e4v\u00e4 muotoilu, joka tarjoaa parhaan yhteyden vaativimmissa ymp\u00e4rist\u00f6iss\u00e4 kahdessa versiossa, lattia- tai sein\u00e4mallina.<\/p>\n\n\n<div class=\"wp-block-uagb-buttons uagb-buttons__outer-wrap uagb-btn__default-btn uagb-btn-tablet__default-btn uagb-btn-mobile__default-btn uagb-block-dc3d4f70\"><div class=\"uagb-buttons__wrap uagb-buttons-layout-wrap \"><div class=\"wp-block-uagb-buttons-child uagb-buttons__outer-wrap uagb-block-93b88203 wp-block-button\"><div class=\"uagb-button__wrapper\"><a class=\"uagb-buttons-repeater wp-block-button__link\" aria-label=\"\" href=\"https:\/\/v2charge.com\/fi\/pole-2\/\" rel=\"follow noopener\" target=\"_self\" role=\"button\"><div class=\"uagb-button__link\">N\u00c4E POLE PRO<\/div><\/a><\/div><\/div><\/div><\/div>\n<\/div>\n<\/div>\n\n\n\n<div class=\"wp-block-uagb-container uagb-block-bb89d55d alignfull uagb-is-root-container\">\n<div class=\"wp-block-uagb-container uagb-block-03544c89\"><div class=\"wp-block-uagb-advanced-heading uagb-block-ae32fdcf\"><h2 class=\"uagb-heading-text\">DENKA<\/h2><\/div>\n\n<div class=\"wp-block-uagb-advanced-heading uagb-block-ba6ea7bd\"><h3 class=\"uagb-heading-text\">Alueensa kompaktein nopea laturi<\/h3><\/div>\n\n<p class=\"has-contrast-color has-text-color\">Denka on suunniteltu tarjoamaan maksimaalista suorituskyky\u00e4 minimoidussa tilassa. Se mahdollistaa jopa 140 km lataamisen vain 30 minuutissa, yhdist\u00e4en tehon ja tehokkuuden jokaisessa k\u00e4yt\u00f6ss\u00e4.<\/p>\n\n<p class=\"has-contrast-color has-text-color\">Saatavilla 20 kW ja 40 kW versioina.<\/p>\n\n\n<div class=\"wp-block-uagb-buttons uagb-buttons__outer-wrap uagb-btn__default-btn uagb-btn-tablet__default-btn uagb-btn-mobile__default-btn uagb-block-b87795b8\"><div class=\"uagb-buttons__wrap uagb-buttons-layout-wrap \"><div class=\"wp-block-uagb-buttons-child uagb-buttons__outer-wrap uagb-block-f94af162 wp-block-button is-style-outline\"><div class=\"uagb-button__wrapper\"><a class=\"uagb-buttons-repeater wp-block-button__link\" aria-label=\"\" href=\"https:\/\/v2charge.com\/fi\/denka-2\/\" rel=\"follow noopener\" target=\"_self\" role=\"button\"><div class=\"uagb-button__link\">N\u00c4E DENKA<\/div><\/a><\/div><\/div><\/div><\/div>\n<\/div>\n\n\n\n<div class=\"wp-block-uagb-container uagb-block-fa0686a4\">\n<div class=\"wp-block-uagb-container uagb-block-7299d301\"><\/div>\n<\/div>\n<\/div>\n\n\n\n<div class=\"wp-block-uagb-container uagb-block-26ae079b alignfull uagb-is-root-container\">\n<div class=\"wp-block-uagb-container uagb-block-b554521b\">\n<div class=\"wp-block-uagb-container uagb-block-9a000845\"><\/div>\n<\/div>\n\n\n\n<div class=\"wp-block-uagb-container uagb-block-a90475c3\"><div class=\"wp-block-uagb-advanced-heading uagb-block-c2bdcf5e\"><h2 class=\"uagb-heading-text\">SCREEN<\/h2><\/div>\n\n<div class=\"wp-block-uagb-advanced-heading uagb-block-517ae055\"><h3 class=\"uagb-heading-text\">Ensimm\u00e4inen ja ainutlaatuinen e-Latauslaite, joka integroi mainontaa<\/h3><\/div>\n\n<p class=\"has-base-3-color has-text-color\">Screen kehitt\u00e4\u00e4 t\u00e4ysin uudenlaista teknologiaa. T\u00e4m\u00e4 poikkeuksellinen latausasema pystyy lataamaan mit\u00e4 tahansa s\u00e4hk\u00f6autoa ja samalla n\u00e4ytt\u00e4m\u00e4\u00e4n henkil\u00f6kohtaisia mainoksia.<\/p>\n\n<p class=\"has-base-3-color has-text-color\">Ihastu sen suureen 43 tuuman LED-n\u00e4ytt\u00f6\u00f6n.<\/p>\n\n\n<div class=\"wp-block-uagb-buttons uagb-buttons__outer-wrap uagb-btn__default-btn uagb-btn-tablet__default-btn uagb-btn-mobile__default-btn uagb-block-76d98a3d\"><div class=\"uagb-buttons__wrap uagb-buttons-layout-wrap \"><div class=\"wp-block-uagb-buttons-child uagb-buttons__outer-wrap uagb-block-10d6f73f wp-block-button is-style-outline\"><div class=\"uagb-button__wrapper\"><a class=\"uagb-buttons-repeater wp-block-button__link\" aria-label=\"\" href=\"https:\/\/v2charge.com\/fi\/screen-2\/\" rel=\"follow noopener\" target=\"_self\" role=\"button\"><div class=\"uagb-button__link\">N\u00c4YT\u00c4 N\u00c4YTT\u00d6<\/div><\/a><\/div><\/div><\/div><\/div>\n<\/div>\n<\/div>\n\n\n\n<div class=\"wp-block-uagb-container uagb-block-0095458a alignfull uagb-is-root-container\">\n<div class=\"wp-block-uagb-container uagb-block-5361863f\"><div class=\"wp-block-uagb-advanced-heading uagb-block-fae95d4b\"><h2 class=\"uagb-heading-text\">EV KANNETTAVA<\/h2><\/div>\n\n<div class=\"wp-block-uagb-advanced-heading uagb-block-2258c590\"><h3 class=\"uagb-heading-text\">Keveys ja muotoilu miss\u00e4 tahansa oletkin<\/h3><\/div>\n\n<p class=\"has-contrast-color has-text-color\">Voit matkustaa muuttamatta reitti\u00e4si. EV Portable on kevyt, kompakti e-Lataaja ja se on helppo kuljettaa.<\/p>\n\n<p class=\"has-contrast-color has-text-color\">Sen pienet mitat ja maksimiteho tekev\u00e4t siit\u00e4 parhaan kumppanisi matkasi aikana.<\/p>\n\n\n<div class=\"wp-block-uagb-buttons uagb-buttons__outer-wrap uagb-btn__default-btn uagb-btn-tablet__default-btn uagb-btn-mobile__default-btn uagb-block-a428d7ff\"><div class=\"uagb-buttons__wrap uagb-buttons-layout-wrap \"><div class=\"wp-block-uagb-buttons-child uagb-buttons__outer-wrap uagb-block-ec608a32 wp-block-button is-style-outline\"><div class=\"uagb-button__wrapper\"><a class=\"uagb-buttons-repeater wp-block-button__link\" aria-label=\"\" href=\"https:\/\/v2charge.com\/fi\/ev-portable-2\/\" rel=\"follow noopener\" target=\"_self\" role=\"button\"><div class=\"uagb-button__link\">KATSO EV PORTABLE<\/div><\/a><\/div><\/div><\/div><\/div>\n<\/div>\n\n\n\n<div class=\"wp-block-uagb-container uagb-block-7d76ad5b\">\n<div class=\"wp-block-uagb-container uagb-block-4cb2e33a\"><\/div>\n<\/div>\n<\/div>\n\n\n\n<div class=\"wp-block-uagb-container uagb-block-5b548101 alignfull uagb-is-root-container\"><div class=\"uagb-container-inner-blocks-wrap\"><div class=\"wp-block-uagb-advanced-heading uagb-block-cda468fa\"><h2 class=\"uagb-heading-text\">Tutustu V2C-laturiemme katalogiin<\/h2><\/div>\n\n\n<div class=\"wp-block-uagb-buttons uagb-buttons__outer-wrap uagb-btn__default-btn uagb-btn-tablet__default-btn uagb-btn-mobile__default-btn uagb-block-1846dace\"><div class=\"uagb-buttons__wrap uagb-buttons-layout-wrap \"><div class=\"wp-block-uagb-buttons-child uagb-buttons__outer-wrap uagb-block-34f2bffb wp-block-button is-style-outline\"><div class=\"uagb-button__wrapper\"><a class=\"uagb-buttons-repeater wp-block-button__link\" aria-label=\"\" href=\"https:\/\/v2charge.com\/fi\/luettelo\/\" rel=\"follow noopener\" target=\"_self\" role=\"button\"><div class=\"uagb-button__link\">Konsultoi katalogeja<\/div><\/a><\/div><\/div><\/div><\/div>\n<\/div><\/div>\n","protected":false},"excerpt":{"rendered":"<p>Tutustu e-Lataajiimme L\u00f6yd\u00e4 s\u00e4hk\u00f6auton laturi, joka parhaiten vastaa tarpeitasi TRYDAN \u00c4lykkyys ja t\u00e4ydellinen hallinta sormiesi ulottuvilla Trydanin avulla l\u00f6yd\u00e4t uuden tavan ladata: kaikkein alkuper\u00e4isin ja \u00e4lykk\u00e4in, joka tunnetaan t\u00e4h\u00e4n asti. Vallankumouksellinen muotoilu, joka koostuu aikakauden huipputekniikasta ja tuo mukanaan eleganssia ja toimivuutta. TRYDAN PRO T\u00e4ydellinen evoluutio t\u00e4ydell\u00e4 yhteydell\u00e4 Pysy aina yhteydess\u00e4 Trydan Pro:hon. 4G-teknologia ja &#8230; <a title=\"e-Lataajat\" class=\"read-more\" href=\"https:\/\/v2charge.com\/fi\/e-lataajat\/\" aria-label=\"Lue lis\u00e4\u00e4 aiheesta e-Lataajat\">Lue lis\u00e4\u00e4<\/a><\/p>\n","protected":false},"author":1,"featured_media":170346,"parent":0,"menu_order":0,"comment_status":"closed","ping_status":"closed","template":"","meta":{"_eb_attr":"","content-type":"","_uag_custom_page_level_css":"","footnotes":""},"class_list":["post-311535","page","type-page","status-publish","has-post-thumbnail"],"yoast_head":"<!-- This site is optimized with the Yoast SEO plugin v25.3.1 - https:\/\/yoast.com\/wordpress\/plugins\/seo\/ -->\n<title>V2C Laturit \u25b7 L\u00f6yd\u00e4 parhaat s\u00e4hk\u00f6auton laturit<\/title>\n<meta name=\"description\" content=\"Tutustu e-Charger-katalogiimme, V2C-latauslaitteisiin, jotka viev\u00e4t sinut tulevaisuuteen, kest\u00e4vyyteen ja innovaatioon s\u00e4hk\u00f6isen latauksen kautta.\" \/>\n<meta name=\"robots\" content=\"index, follow, max-snippet:-1, max-image-preview:large, max-video-preview:-1\" \/>\n<link rel=\"canonical\" href=\"https:\/\/v2charge.com\/fi\/e-lataajat\/\" \/>\n<meta property=\"og:locale\" content=\"fi_FI\" \/>\n<meta property=\"og:type\" content=\"article\" \/>\n<meta property=\"og:title\" content=\"V2C Laturit \u25b7 L\u00f6yd\u00e4 parhaat s\u00e4hk\u00f6auton laturit\" \/>\n<meta property=\"og:description\" content=\"Tutustu e-Charger-katalogiimme, V2C-latauslaitteisiin, jotka viev\u00e4t sinut tulevaisuuteen, kest\u00e4vyyteen ja innovaatioon s\u00e4hk\u00f6isen latauksen kautta.\" \/>\n<meta property=\"og:url\" content=\"https:\/\/v2charge.com\/fi\/e-lataajat\/\" \/>\n<meta property=\"og:site_name\" content=\"V2C\" \/>\n<meta property=\"article:publisher\" content=\"https:\/\/www.facebook.com\/V2C.Charge\" \/>\n<meta property=\"article:modified_time\" content=\"2025-05-15T10:22:10+00:00\" \/>\n<meta property=\"og:image\" content=\"https:\/\/v2charge.com\/wp-content\/uploads\/2024\/07\/v2c-electric-chargers.jpg\" \/>\n\t<meta property=\"og:image:width\" content=\"1200\" \/>\n\t<meta property=\"og:image:height\" content=\"675\" \/>\n\t<meta property=\"og:image:type\" content=\"image\/jpeg\" \/>\n<meta name=\"twitter:card\" content=\"summary_large_image\" \/>\n<meta name=\"twitter:site\" content=\"@V2C_Charge\" \/>\n<meta name=\"twitter:label1\" content=\"Arvioitu lukuaika\" \/>\n\t<meta name=\"twitter:data1\" content=\"2 minuuttia\" \/>\n<script type=\"application\/ld+json\" class=\"yoast-schema-graph\">{\"@context\":\"https:\/\/schema.org\",\"@graph\":[{\"@type\":\"WebPage\",\"@id\":\"https:\/\/v2charge.com\/fi\/e-lataajat\/\",\"url\":\"https:\/\/v2charge.com\/fi\/e-lataajat\/\",\"name\":\"V2C Laturit \u25b7 L\u00f6yd\u00e4 parhaat s\u00e4hk\u00f6auton laturit\",\"isPartOf\":{\"@id\":\"https:\/\/v2charge.com\/fi\/#website\"},\"primaryImageOfPage\":{\"@id\":\"https:\/\/v2charge.com\/fi\/e-lataajat\/#primaryimage\"},\"image\":{\"@id\":\"https:\/\/v2charge.com\/fi\/e-lataajat\/#primaryimage\"},\"thumbnailUrl\":\"https:\/\/v2charge.com\/wp-content\/uploads\/2024\/07\/v2c-electric-chargers.jpg\",\"datePublished\":\"2021-10-11T07:44:05+00:00\",\"dateModified\":\"2025-05-15T10:22:10+00:00\",\"description\":\"Tutustu e-Charger-katalogiimme, V2C-latauslaitteisiin, jotka viev\u00e4t sinut tulevaisuuteen, kest\u00e4vyyteen ja innovaatioon s\u00e4hk\u00f6isen latauksen kautta.\",\"breadcrumb\":{\"@id\":\"https:\/\/v2charge.com\/fi\/e-lataajat\/#breadcrumb\"},\"inLanguage\":\"fi\",\"potentialAction\":[{\"@type\":\"ReadAction\",\"target\":[\"https:\/\/v2charge.com\/fi\/e-lataajat\/\"]}]},{\"@type\":\"ImageObject\",\"inLanguage\":\"fi\",\"@id\":\"https:\/\/v2charge.com\/fi\/e-lataajat\/#primaryimage\",\"url\":\"https:\/\/v2charge.com\/wp-content\/uploads\/2024\/07\/v2c-electric-chargers.jpg\",\"contentUrl\":\"https:\/\/v2charge.com\/wp-content\/uploads\/2024\/07\/v2c-electric-chargers.jpg\",\"width\":1200,\"height\":675,\"caption\":\"V2C Electric Chargers\"},{\"@type\":\"BreadcrumbList\",\"@id\":\"https:\/\/v2charge.com\/fi\/e-lataajat\/#breadcrumb\",\"itemListElement\":[{\"@type\":\"ListItem\",\"position\":1,\"name\":\"V2C\",\"item\":\"https:\/\/v2charge.com\/fi\/\"},{\"@type\":\"ListItem\",\"position\":2,\"name\":\"e-Lataajat\"}]},{\"@type\":\"WebSite\",\"@id\":\"https:\/\/v2charge.com\/fi\/#website\",\"url\":\"https:\/\/v2charge.com\/fi\/\",\"name\":\"V2C\",\"description\":\"#CargandoElMa\u00f1ana\",\"publisher\":{\"@id\":\"https:\/\/v2charge.com\/fi\/#organization\"},\"potentialAction\":[{\"@type\":\"SearchAction\",\"target\":{\"@type\":\"EntryPoint\",\"urlTemplate\":\"https:\/\/v2charge.com\/fi\/?s={search_term_string}\"},\"query-input\":{\"@type\":\"PropertyValueSpecification\",\"valueRequired\":true,\"valueName\":\"search_term_string\"}}],\"inLanguage\":\"fi\"},{\"@type\":\"Organization\",\"@id\":\"https:\/\/v2charge.com\/fi\/#organization\",\"name\":\"V2C\",\"url\":\"https:\/\/v2charge.com\/fi\/\",\"logo\":{\"@type\":\"ImageObject\",\"inLanguage\":\"fi\",\"@id\":\"https:\/\/v2charge.com\/fi\/#\/schema\/logo\/image\/\",\"url\":\"https:\/\/v2charge.com\/wp-content\/uploads\/2024\/11\/cropped-v2c-charge-logo-menu.png\",\"contentUrl\":\"https:\/\/v2charge.com\/wp-content\/uploads\/2024\/11\/cropped-v2c-charge-logo-menu.png\",\"width\":984,\"height\":431,\"caption\":\"V2C\"},\"image\":{\"@id\":\"https:\/\/v2charge.com\/fi\/#\/schema\/logo\/image\/\"},\"sameAs\":[\"https:\/\/www.facebook.com\/V2C.Charge\",\"https:\/\/x.com\/V2C_Charge\",\"https:\/\/www.instagram.com\/v2c.charge\/\",\"https:\/\/www.youtube.com\/@V2C\",\"https:\/\/www.linkedin.com\/company\/v2c-chargers\/\"]}]}<\/script>\n<!-- \/ Yoast SEO plugin. -->","yoast_head_json":{"title":"V2C Laturit \u25b7 L\u00f6yd\u00e4 parhaat s\u00e4hk\u00f6auton laturit","description":"Tutustu e-Charger-katalogiimme, V2C-latauslaitteisiin, jotka viev\u00e4t sinut tulevaisuuteen, kest\u00e4vyyteen ja innovaatioon s\u00e4hk\u00f6isen latauksen kautta.","robots":{"index":"index","follow":"follow","max-snippet":"max-snippet:-1","max-image-preview":"max-image-preview:large","max-video-preview":"max-video-preview:-1"},"canonical":"https:\/\/v2charge.com\/fi\/e-lataajat\/","og_locale":"fi_FI","og_type":"article","og_title":"V2C Laturit \u25b7 L\u00f6yd\u00e4 parhaat s\u00e4hk\u00f6auton laturit","og_description":"Tutustu e-Charger-katalogiimme, V2C-latauslaitteisiin, jotka viev\u00e4t sinut tulevaisuuteen, kest\u00e4vyyteen ja innovaatioon s\u00e4hk\u00f6isen latauksen kautta.","og_url":"https:\/\/v2charge.com\/fi\/e-lataajat\/","og_site_name":"V2C","article_publisher":"https:\/\/www.facebook.com\/V2C.Charge","article_modified_time":"2025-05-15T10:22:10+00:00","og_image":[{"width":1200,"height":675,"url":"https:\/\/v2charge.com\/wp-content\/uploads\/2024\/07\/v2c-electric-chargers.jpg","type":"image\/jpeg"}],"twitter_card":"summary_large_image","twitter_site":"@V2C_Charge","twitter_misc":{"Arvioitu lukuaika":"2 minuuttia"},"schema":{"@context":"https:\/\/schema.org","@graph":[{"@type":"WebPage","@id":"https:\/\/v2charge.com\/fi\/e-lataajat\/","url":"https:\/\/v2charge.com\/fi\/e-lataajat\/","name":"V2C Laturit \u25b7 L\u00f6yd\u00e4 parhaat s\u00e4hk\u00f6auton laturit","isPartOf":{"@id":"https:\/\/v2charge.com\/fi\/#website"},"primaryImageOfPage":{"@id":"https:\/\/v2charge.com\/fi\/e-lataajat\/#primaryimage"},"image":{"@id":"https:\/\/v2charge.com\/fi\/e-lataajat\/#primaryimage"},"thumbnailUrl":"https:\/\/v2charge.com\/wp-content\/uploads\/2024\/07\/v2c-electric-chargers.jpg","datePublished":"2021-10-11T07:44:05+00:00","dateModified":"2025-05-15T10:22:10+00:00","description":"Tutustu e-Charger-katalogiimme, V2C-latauslaitteisiin, jotka viev\u00e4t sinut tulevaisuuteen, kest\u00e4vyyteen ja innovaatioon s\u00e4hk\u00f6isen latauksen kautta.","breadcrumb":{"@id":"https:\/\/v2charge.com\/fi\/e-lataajat\/#breadcrumb"},"inLanguage":"fi","potentialAction":[{"@type":"ReadAction","target":["https:\/\/v2charge.com\/fi\/e-lataajat\/"]}]},{"@type":"ImageObject","inLanguage":"fi","@id":"https:\/\/v2charge.com\/fi\/e-lataajat\/#primaryimage","url":"https:\/\/v2charge.com\/wp-content\/uploads\/2024\/07\/v2c-electric-chargers.jpg","contentUrl":"https:\/\/v2charge.com\/wp-content\/uploads\/2024\/07\/v2c-electric-chargers.jpg","width":1200,"height":675,"caption":"V2C Electric Chargers"},{"@type":"BreadcrumbList","@id":"https:\/\/v2charge.com\/fi\/e-lataajat\/#breadcrumb","itemListElement":[{"@type":"ListItem","position":1,"name":"V2C","item":"https:\/\/v2charge.com\/fi\/"},{"@type":"ListItem","position":2,"name":"e-Lataajat"}]},{"@type":"WebSite","@id":"https:\/\/v2charge.com\/fi\/#website","url":"https:\/\/v2charge.com\/fi\/","name":"V2C","description":"#CargandoElMa\u00f1ana","publisher":{"@id":"https:\/\/v2charge.com\/fi\/#organization"},"potentialAction":[{"@type":"SearchAction","target":{"@type":"EntryPoint","urlTemplate":"https:\/\/v2charge.com\/fi\/?s={search_term_string}"},"query-input":{"@type":"PropertyValueSpecification","valueRequired":true,"valueName":"search_term_string"}}],"inLanguage":"fi"},{"@type":"Organization","@id":"https:\/\/v2charge.com\/fi\/#organization","name":"V2C","url":"https:\/\/v2charge.com\/fi\/","logo":{"@type":"ImageObject","inLanguage":"fi","@id":"https:\/\/v2charge.com\/fi\/#\/schema\/logo\/image\/","url":"https:\/\/v2charge.com\/wp-content\/uploads\/2024\/11\/cropped-v2c-charge-logo-menu.png","contentUrl":"https:\/\/v2charge.com\/wp-content\/uploads\/2024\/11\/cropped-v2c-charge-logo-menu.png","width":984,"height":431,"caption":"V2C"},"image":{"@id":"https:\/\/v2charge.com\/fi\/#\/schema\/logo\/image\/"},"sameAs":["https:\/\/www.facebook.com\/V2C.Charge","https:\/\/x.com\/V2C_Charge","https:\/\/www.instagram.com\/v2c.charge\/","https:\/\/www.youtube.com\/@V2C","https:\/\/www.linkedin.com\/company\/v2c-chargers\/"]}]}},"uagb_featured_image_src":{"full":["https:\/\/v2charge.com\/wp-content\/uploads\/2024\/07\/v2c-electric-chargers.jpg",1200,675,false],"thumbnail":["https:\/\/v2charge.com\/wp-content\/uploads\/2024\/07\/v2c-electric-chargers-150x150.jpg",150,150,true],"medium":["https:\/\/v2charge.com\/wp-content\/uploads\/2024\/07\/v2c-electric-chargers-300x169.jpg",300,169,true],"medium_large":["https:\/\/v2charge.com\/wp-content\/uploads\/2024\/07\/v2c-electric-chargers-768x432.jpg",768,432,true],"large":["https:\/\/v2charge.com\/wp-content\/uploads\/2024\/07\/v2c-electric-chargers-1024x576.jpg",1024,576,true],"gs-tiny":["https:\/\/v2charge.com\/wp-content\/uploads\/2024\/07\/v2c-electric-chargers.jpg",50,28,false],"xl":["https:\/\/v2charge.com\/wp-content\/uploads\/2024\/07\/v2c-electric-chargers.jpg",1200,675,false],"xxl":["https:\/\/v2charge.com\/wp-content\/uploads\/2024\/07\/v2c-electric-chargers.jpg",1200,675,false],"xxxl":["https:\/\/v2charge.com\/wp-content\/uploads\/2024\/07\/v2c-electric-chargers.jpg",1200,675,false],"xxxxl":["https:\/\/v2charge.com\/wp-content\/uploads\/2024\/07\/v2c-electric-chargers.jpg",1200,675,false],"xxxxxl":["https:\/\/v2charge.com\/wp-content\/uploads\/2024\/07\/v2c-electric-chargers.jpg",1200,675,false],"1536x1536":["https:\/\/v2charge.com\/wp-content\/uploads\/2024\/07\/v2c-electric-chargers.jpg",1200,675,false],"2048x2048":["https:\/\/v2charge.com\/wp-content\/uploads\/2024\/07\/v2c-electric-chargers.jpg",1200,675,false]},"uagb_author_info":{"display_name":"V2C","author_link":"https:\/\/v2charge.com\/fi\/author\/root_k4eu7ki8\/"},"uagb_comment_info":0,"uagb_excerpt":"Tutustu e-Lataajiimme L\u00f6yd\u00e4 s\u00e4hk\u00f6auton laturi, joka parhaiten vastaa tarpeitasi TRYDAN \u00c4lykkyys ja t\u00e4ydellinen hallinta sormiesi ulottuvilla Trydanin avulla l\u00f6yd\u00e4t uuden tavan ladata: kaikkein alkuper\u00e4isin ja \u00e4lykk\u00e4in, joka tunnetaan t\u00e4h\u00e4n asti. Vallankumouksellinen muotoilu, joka koostuu aikakauden huipputekniikasta ja tuo mukanaan eleganssia ja toimivuutta. TRYDAN PRO T\u00e4ydellinen evoluutio t\u00e4ydell\u00e4 yhteydell\u00e4 Pysy aina yhteydess\u00e4 Trydan Pro:hon. 4G-teknologia ja&hellip;","_links":{"self":[{"href":"https:\/\/v2charge.com\/fi\/wp-json\/wp\/v2\/pages\/311535","targetHints":{"allow":["GET"]}}],"collection":[{"href":"https:\/\/v2charge.com\/fi\/wp-json\/wp\/v2\/pages"}],"about":[{"href":"https:\/\/v2charge.com\/fi\/wp-json\/wp\/v2\/types\/page"}],"author":[{"embeddable":true,"href":"https:\/\/v2charge.com\/fi\/wp-json\/wp\/v2\/users\/1"}],"replies":[{"embeddable":true,"href":"https:\/\/v2charge.com\/fi\/wp-json\/wp\/v2\/comments?post=311535"}],"version-history":[{"count":0,"href":"https:\/\/v2charge.com\/fi\/wp-json\/wp\/v2\/pages\/311535\/revisions"}],"wp:featuredmedia":[{"embeddable":true,"href":"https:\/\/v2charge.com\/fi\/wp-json\/wp\/v2\/media\/170346"}],"wp:attachment":[{"href":"https:\/\/v2charge.com\/fi\/wp-json\/wp\/v2\/media?parent=311535"}],"curies":[{"name":"wp","href":"https:\/\/api.w.org\/{rel}","templated":true}]}}