{"id":311545,"date":"2022-11-21T09:15:26","date_gmt":"2022-11-21T09:15:26","guid":{"rendered":""},"modified":"2023-07-14T11:00:39","modified_gmt":"2023-07-14T11:00:39","slug":"e-charger-latausaseman-integrointi-home-assistantin-kanssa","status":"publish","type":"page","link":"https:\/\/v2charge.com\/fi\/e-charger-latausaseman-integrointi-home-assistantin-kanssa\/","title":{"rendered":"e-Charger -latausaseman integrointi Home Assistantin kanssa OCPP:n kautta"},"content":{"rendered":"\n<div style=\"height:60px\" aria-hidden=\"true\" class=\"wp-block-spacer\"><\/div>\n<h1>e-Charger -latausaseman integrointi Home Assistantin kanssa OCPP:n kautta<\/h1><p>Home Assistant on yksi mielenkiintoisimmista kodin automaatiointegraatioalustoista markkinoilla. V2C ty\u00f6skentelee laajennuksen parissa, joka mahdollistaa sen MODBUS TCP:n kautta, mutta t\u00e4ll\u00e4 hetkell\u00e4 OCPP-laajennusta voidaan k\u00e4ytt\u00e4\u00e4 sen integroimiseen.<\/p>\n\n<p>Dokumentaatio on saatavilla t\u00e4ll\u00e4 verkkosivustolla: <a href=\"https:\/\/home-assistant-ocpp.readthedocs.iohttps:\/\/v2charge.com\/fi\/bmw-esittelee-uuden-bmw-ix3-2026-ja-avaa-neue-klasse-ajan\/latest\/\" target=\"_blank\" rel=\"noreferrer noopener nofollow\">https:\/\/home-assistant-ocpp.readthedocs.iohttps:\/\/v2charge.com\/fi\/bmw-esittelee-uuden-bmw-ix3-2026-ja-avaa-neue-klasse-ajan\/latest\/<\/a><\/p>\n\n<h2 class=\"wp-block-heading\">Vaiheet integraatioon OCPP:n kautta:<\/h2>\n\n<h3 class=\"wp-block-heading\">1. Asenna HACS, laajennusten alla.<\/h3>\n\n\n<p><\/p>\n\n\n\n<figure><img decoding=\"async\" src=\"https:\/\/v2charge.com\/wp-content\/uploads\/2022\/11\/hacs-1024x504.png\" alt=\"\"\/><\/figure>\n\n\n<h3 class=\"wp-block-heading\">2. Asenna OCPP Home Assistant ja etsi se sitten HACS:st\u00e4.<\/h3>\n\n\n<figure><img decoding=\"async\" src=\"https:\/\/v2charge.com\/wp-content\/uploads\/2022\/11\/hacs-1-1024x504.png\" alt=\"\"\/><\/figure>\n\n\n<h3 class=\"wp-block-heading\">3. K\u00e4ynnist\u00e4 palvelin uudelleen<\/h3>\n\n<h3 class=\"wp-block-heading\">4. Haku OCPP-laajennuksista<\/h3>\n\n\n<figure><img decoding=\"async\" src=\"https:\/\/v2charge.com\/wp-content\/uploads\/2022\/11\/ocpp-extension-1024x507.png\" alt=\"\"\/><\/figure>\n\n\n<h3 class=\"wp-block-heading\">5. Suorita asennus n\u00e4ill\u00e4 parametreilla: latauspisteen nimi on laitteen nimi ja portti on laitteen portti.<\/h3>\n\n\n<figure><img decoding=\"async\" src=\"https:\/\/v2charge.com\/wp-content\/uploads\/2022\/11\/ocpp-extension-1-1024x507.png\" alt=\"\"\/><\/figure>\n\n\n<h3 class=\"wp-block-heading\">6. Kirjaudu V2C.cloud-tilillesi. Siirry OCPP-osioon ja lis\u00e4\u00e4 asetukset kuten kuvassa, k\u00e4ytt\u00e4en meid\u00e4n Home Assistantin IP-osoitetta, porttia ja nime\u00e4, jonka olemme m\u00e4\u00e4ritt\u00e4neet. T\u00e4m\u00e4n j\u00e4lkeen latauspiste k\u00e4ynnistyy uudelleen.<\/h3>\n\n\n<p><\/p>\n\n\n\n<figure><img decoding=\"async\" src=\"https:\/\/v2charge.com\/wp-content\/uploads\/2022\/11\/home-assistant-EN-1024x524.jpg\" alt=\"\"\/><\/figure>\n\n\n<h3 class=\"wp-block-heading\">7. Lopuksi, odota saadaksesi tietoja Home Assistantilta.<\/h3>\n\n<p><strong>Huomio<\/strong>: Tehon s\u00e4\u00e4t\u00f6 ei toimi kotiohjaimella, ty\u00f6skentelemme sen parissa ja t\u00e4m\u00e4 toiminto lis\u00e4t\u00e4\u00e4n tuleviin versioihin.<\/p>\n\n\n<div style=\"height:60px\" aria-hidden=\"true\" class=\"wp-block-spacer\"><\/div>\n","protected":false},"excerpt":{"rendered":"<p>e-Charger -latausaseman integrointi Home Assistantin kanssa OCPP:n kautta Home Assistant on yksi mielenkiintoisimmista kodin automaatiointegraatioalustoista markkinoilla. V2C ty\u00f6skentelee laajennuksen parissa, joka mahdollistaa sen MODBUS TCP:n kautta, mutta t\u00e4ll\u00e4 hetkell\u00e4 OCPP-laajennusta voidaan k\u00e4ytt\u00e4\u00e4 sen integroimiseen. Dokumentaatio on saatavilla t\u00e4ll\u00e4 verkkosivustolla: https:\/\/home-assistant-ocpp.readthedocs.iohttps:\/\/v2charge.com\/fi\/bmw-esittelee-uuden-bmw-ix3-2026-ja-avaa-neue-klasse-ajan\/latest\/ Vaiheet integraatioon OCPP:n kautta: 1. Asenna HACS, laajennusten alla. 2. Asenna OCPP Home Assistant ja &#8230; <a title=\"e-Charger -latausaseman integrointi Home Assistantin kanssa OCPP:n kautta\" class=\"read-more\" href=\"https:\/\/v2charge.com\/fi\/e-charger-latausaseman-integrointi-home-assistantin-kanssa\/\" aria-label=\"Lue lis\u00e4\u00e4 aiheesta e-Charger -latausaseman integrointi Home Assistantin kanssa OCPP:n kautta\">Lue lis\u00e4\u00e4<\/a><\/p>\n","protected":false},"author":1,"featured_media":0,"parent":0,"menu_order":0,"comment_status":"closed","ping_status":"closed","template":"","meta":{"_eb_attr":"","content-type":"","_uag_custom_page_level_css":"","footnotes":""},"class_list":["post-311545","page","type-page","status-publish"],"yoast_head":"<!-- This site is optimized with the Yoast SEO plugin v25.3.1 - https:\/\/yoast.com\/wordpress\/plugins\/seo\/ -->\n<title>Latauspisteen integrointi Home Assistantin kanssa OCPP:n kautta<\/title>\n<meta name=\"description\" content=\"Tutustu kaikkiin vaiheisiin ja asetuksiin, jotta voit integroida Trydan-latauspisteesi Home Assistantin kanssa OCPP:n kautta. Lataa Home Assistant\" \/>\n<meta name=\"robots\" content=\"index, follow, max-snippet:-1, max-image-preview:large, max-video-preview:-1\" \/>\n<link rel=\"canonical\" href=\"https:\/\/v2charge.com\/fi\/e-charger-latausaseman-integrointi-home-assistantin-kanssa\/\" \/>\n<meta property=\"og:locale\" content=\"fi_FI\" \/>\n<meta property=\"og:type\" content=\"article\" \/>\n<meta property=\"og:title\" content=\"Latauspisteen integrointi Home Assistantin kanssa OCPP:n kautta\" \/>\n<meta property=\"og:description\" content=\"Tutustu kaikkiin vaiheisiin ja asetuksiin, jotta voit integroida Trydan-latauspisteesi Home Assistantin kanssa OCPP:n kautta. Lataa Home Assistant\" \/>\n<meta property=\"og:url\" content=\"https:\/\/v2charge.com\/fi\/e-charger-latausaseman-integrointi-home-assistantin-kanssa\/\" \/>\n<meta property=\"og:site_name\" content=\"V2C\" \/>\n<meta property=\"article:publisher\" content=\"https:\/\/www.facebook.com\/V2C.Charge\" \/>\n<meta property=\"article:modified_time\" content=\"2023-07-14T11:00:39+00:00\" \/>\n<meta property=\"og:image\" content=\"https:\/\/v2charge.com\/wp-content\/uploads\/2022\/11\/hacs-1024x504.png\" \/>\n<meta name=\"twitter:card\" content=\"summary_large_image\" \/>\n<meta name=\"twitter:site\" content=\"@V2C_Charge\" \/>\n<meta name=\"twitter:label1\" content=\"Arvioitu lukuaika\" \/>\n\t<meta name=\"twitter:data1\" content=\"2 minuuttia\" \/>\n<script type=\"application\/ld+json\" class=\"yoast-schema-graph\">{\"@context\":\"https:\/\/schema.org\",\"@graph\":[{\"@type\":\"WebPage\",\"@id\":\"https:\/\/v2charge.com\/fi\/e-charger-latausaseman-integrointi-home-assistantin-kanssa\/\",\"url\":\"https:\/\/v2charge.com\/fi\/e-charger-latausaseman-integrointi-home-assistantin-kanssa\/\",\"name\":\"Latauspisteen integrointi Home Assistantin kanssa OCPP:n kautta\",\"isPartOf\":{\"@id\":\"https:\/\/v2charge.com\/fi\/#website\"},\"primaryImageOfPage\":{\"@id\":\"https:\/\/v2charge.com\/fi\/e-charger-latausaseman-integrointi-home-assistantin-kanssa\/#primaryimage\"},\"image\":{\"@id\":\"https:\/\/v2charge.com\/fi\/e-charger-latausaseman-integrointi-home-assistantin-kanssa\/#primaryimage\"},\"thumbnailUrl\":\"https:\/\/v2charge.com\/wp-content\/uploads\/2022\/11\/hacs-1024x504.png\",\"datePublished\":\"2022-11-21T09:15:26+00:00\",\"dateModified\":\"2023-07-14T11:00:39+00:00\",\"description\":\"Tutustu kaikkiin vaiheisiin ja asetuksiin, jotta voit integroida Trydan-latauspisteesi Home Assistantin kanssa OCPP:n kautta. Lataa Home Assistant\",\"breadcrumb\":{\"@id\":\"https:\/\/v2charge.com\/fi\/e-charger-latausaseman-integrointi-home-assistantin-kanssa\/#breadcrumb\"},\"inLanguage\":\"fi\",\"potentialAction\":[{\"@type\":\"ReadAction\",\"target\":[\"https:\/\/v2charge.com\/fi\/e-charger-latausaseman-integrointi-home-assistantin-kanssa\/\"]}]},{\"@type\":\"ImageObject\",\"inLanguage\":\"fi\",\"@id\":\"https:\/\/v2charge.com\/fi\/e-charger-latausaseman-integrointi-home-assistantin-kanssa\/#primaryimage\",\"url\":\"https:\/\/v2charge.com\/wp-content\/uploads\/2022\/11\/hacs-1024x504.png\",\"contentUrl\":\"https:\/\/v2charge.com\/wp-content\/uploads\/2022\/11\/hacs-1024x504.png\"},{\"@type\":\"BreadcrumbList\",\"@id\":\"https:\/\/v2charge.com\/fi\/e-charger-latausaseman-integrointi-home-assistantin-kanssa\/#breadcrumb\",\"itemListElement\":[{\"@type\":\"ListItem\",\"position\":1,\"name\":\"V2C\",\"item\":\"https:\/\/v2charge.com\/fi\/\"},{\"@type\":\"ListItem\",\"position\":2,\"name\":\"e-Charger -latausaseman integrointi Home Assistantin kanssa OCPP:n kautta\"}]},{\"@type\":\"WebSite\",\"@id\":\"https:\/\/v2charge.com\/fi\/#website\",\"url\":\"https:\/\/v2charge.com\/fi\/\",\"name\":\"V2C\",\"description\":\"#CargandoElMa\u00f1ana\",\"publisher\":{\"@id\":\"https:\/\/v2charge.com\/fi\/#organization\"},\"potentialAction\":[{\"@type\":\"SearchAction\",\"target\":{\"@type\":\"EntryPoint\",\"urlTemplate\":\"https:\/\/v2charge.com\/fi\/?s={search_term_string}\"},\"query-input\":{\"@type\":\"PropertyValueSpecification\",\"valueRequired\":true,\"valueName\":\"search_term_string\"}}],\"inLanguage\":\"fi\"},{\"@type\":\"Organization\",\"@id\":\"https:\/\/v2charge.com\/fi\/#organization\",\"name\":\"V2C\",\"url\":\"https:\/\/v2charge.com\/fi\/\",\"logo\":{\"@type\":\"ImageObject\",\"inLanguage\":\"fi\",\"@id\":\"https:\/\/v2charge.com\/fi\/#\/schema\/logo\/image\/\",\"url\":\"https:\/\/v2charge.com\/wp-content\/uploads\/2024\/11\/cropped-v2c-charge-logo-menu.png\",\"contentUrl\":\"https:\/\/v2charge.com\/wp-content\/uploads\/2024\/11\/cropped-v2c-charge-logo-menu.png\",\"width\":984,\"height\":431,\"caption\":\"V2C\"},\"image\":{\"@id\":\"https:\/\/v2charge.com\/fi\/#\/schema\/logo\/image\/\"},\"sameAs\":[\"https:\/\/www.facebook.com\/V2C.Charge\",\"https:\/\/x.com\/V2C_Charge\",\"https:\/\/www.instagram.com\/v2c.charge\/\",\"https:\/\/www.youtube.com\/@V2C\",\"https:\/\/www.linkedin.com\/company\/v2c-chargers\/\"]}]}<\/script>\n<!-- \/ Yoast SEO plugin. -->","yoast_head_json":{"title":"Latauspisteen integrointi Home Assistantin kanssa OCPP:n kautta","description":"Tutustu kaikkiin vaiheisiin ja asetuksiin, jotta voit integroida Trydan-latauspisteesi Home Assistantin kanssa OCPP:n kautta. Lataa Home Assistant","robots":{"index":"index","follow":"follow","max-snippet":"max-snippet:-1","max-image-preview":"max-image-preview:large","max-video-preview":"max-video-preview:-1"},"canonical":"https:\/\/v2charge.com\/fi\/e-charger-latausaseman-integrointi-home-assistantin-kanssa\/","og_locale":"fi_FI","og_type":"article","og_title":"Latauspisteen integrointi Home Assistantin kanssa OCPP:n kautta","og_description":"Tutustu kaikkiin vaiheisiin ja asetuksiin, jotta voit integroida Trydan-latauspisteesi Home Assistantin kanssa OCPP:n kautta. Lataa Home Assistant","og_url":"https:\/\/v2charge.com\/fi\/e-charger-latausaseman-integrointi-home-assistantin-kanssa\/","og_site_name":"V2C","article_publisher":"https:\/\/www.facebook.com\/V2C.Charge","article_modified_time":"2023-07-14T11:00:39+00:00","og_image":[{"url":"https:\/\/v2charge.com\/wp-content\/uploads\/2022\/11\/hacs-1024x504.png","type":"","width":"","height":""}],"twitter_card":"summary_large_image","twitter_site":"@V2C_Charge","twitter_misc":{"Arvioitu lukuaika":"2 minuuttia"},"schema":{"@context":"https:\/\/schema.org","@graph":[{"@type":"WebPage","@id":"https:\/\/v2charge.com\/fi\/e-charger-latausaseman-integrointi-home-assistantin-kanssa\/","url":"https:\/\/v2charge.com\/fi\/e-charger-latausaseman-integrointi-home-assistantin-kanssa\/","name":"Latauspisteen integrointi Home Assistantin kanssa OCPP:n kautta","isPartOf":{"@id":"https:\/\/v2charge.com\/fi\/#website"},"primaryImageOfPage":{"@id":"https:\/\/v2charge.com\/fi\/e-charger-latausaseman-integrointi-home-assistantin-kanssa\/#primaryimage"},"image":{"@id":"https:\/\/v2charge.com\/fi\/e-charger-latausaseman-integrointi-home-assistantin-kanssa\/#primaryimage"},"thumbnailUrl":"https:\/\/v2charge.com\/wp-content\/uploads\/2022\/11\/hacs-1024x504.png","datePublished":"2022-11-21T09:15:26+00:00","dateModified":"2023-07-14T11:00:39+00:00","description":"Tutustu kaikkiin vaiheisiin ja asetuksiin, jotta voit integroida Trydan-latauspisteesi Home Assistantin kanssa OCPP:n kautta. Lataa Home Assistant","breadcrumb":{"@id":"https:\/\/v2charge.com\/fi\/e-charger-latausaseman-integrointi-home-assistantin-kanssa\/#breadcrumb"},"inLanguage":"fi","potentialAction":[{"@type":"ReadAction","target":["https:\/\/v2charge.com\/fi\/e-charger-latausaseman-integrointi-home-assistantin-kanssa\/"]}]},{"@type":"ImageObject","inLanguage":"fi","@id":"https:\/\/v2charge.com\/fi\/e-charger-latausaseman-integrointi-home-assistantin-kanssa\/#primaryimage","url":"https:\/\/v2charge.com\/wp-content\/uploads\/2022\/11\/hacs-1024x504.png","contentUrl":"https:\/\/v2charge.com\/wp-content\/uploads\/2022\/11\/hacs-1024x504.png"},{"@type":"BreadcrumbList","@id":"https:\/\/v2charge.com\/fi\/e-charger-latausaseman-integrointi-home-assistantin-kanssa\/#breadcrumb","itemListElement":[{"@type":"ListItem","position":1,"name":"V2C","item":"https:\/\/v2charge.com\/fi\/"},{"@type":"ListItem","position":2,"name":"e-Charger -latausaseman integrointi Home Assistantin kanssa OCPP:n kautta"}]},{"@type":"WebSite","@id":"https:\/\/v2charge.com\/fi\/#website","url":"https:\/\/v2charge.com\/fi\/","name":"V2C","description":"#CargandoElMa\u00f1ana","publisher":{"@id":"https:\/\/v2charge.com\/fi\/#organization"},"potentialAction":[{"@type":"SearchAction","target":{"@type":"EntryPoint","urlTemplate":"https:\/\/v2charge.com\/fi\/?s={search_term_string}"},"query-input":{"@type":"PropertyValueSpecification","valueRequired":true,"valueName":"search_term_string"}}],"inLanguage":"fi"},{"@type":"Organization","@id":"https:\/\/v2charge.com\/fi\/#organization","name":"V2C","url":"https:\/\/v2charge.com\/fi\/","logo":{"@type":"ImageObject","inLanguage":"fi","@id":"https:\/\/v2charge.com\/fi\/#\/schema\/logo\/image\/","url":"https:\/\/v2charge.com\/wp-content\/uploads\/2024\/11\/cropped-v2c-charge-logo-menu.png","contentUrl":"https:\/\/v2charge.com\/wp-content\/uploads\/2024\/11\/cropped-v2c-charge-logo-menu.png","width":984,"height":431,"caption":"V2C"},"image":{"@id":"https:\/\/v2charge.com\/fi\/#\/schema\/logo\/image\/"},"sameAs":["https:\/\/www.facebook.com\/V2C.Charge","https:\/\/x.com\/V2C_Charge","https:\/\/www.instagram.com\/v2c.charge\/","https:\/\/www.youtube.com\/@V2C","https:\/\/www.linkedin.com\/company\/v2c-chargers\/"]}]}},"uagb_featured_image_src":{"full":false,"thumbnail":false,"medium":false,"medium_large":false,"large":false,"gs-tiny":false,"xl":false,"xxl":false,"xxxl":false,"xxxxl":false,"xxxxxl":false,"1536x1536":false,"2048x2048":false},"uagb_author_info":{"display_name":"V2C","author_link":"https:\/\/v2charge.com\/fi\/author\/root_k4eu7ki8\/"},"uagb_comment_info":0,"uagb_excerpt":"e-Charger -latausaseman integrointi Home Assistantin kanssa OCPP:n kautta Home Assistant on yksi mielenkiintoisimmista kodin automaatiointegraatioalustoista markkinoilla. V2C ty\u00f6skentelee laajennuksen parissa, joka mahdollistaa sen MODBUS TCP:n kautta, mutta t\u00e4ll\u00e4 hetkell\u00e4 OCPP-laajennusta voidaan k\u00e4ytt\u00e4\u00e4 sen integroimiseen. Dokumentaatio on saatavilla t\u00e4ll\u00e4 verkkosivustolla: https:\/\/home-assistant-ocpp.readthedocs.iohttps:\/\/v2charge.com\/fi\/bmw-esittelee-uuden-bmw-ix3-2026-ja-avaa-neue-klasse-ajan\/latest\/ Vaiheet integraatioon OCPP:n kautta: 1. Asenna HACS, laajennusten alla. 2. Asenna OCPP Home Assistant ja&hellip;","_links":{"self":[{"href":"https:\/\/v2charge.com\/fi\/wp-json\/wp\/v2\/pages\/311545","targetHints":{"allow":["GET"]}}],"collection":[{"href":"https:\/\/v2charge.com\/fi\/wp-json\/wp\/v2\/pages"}],"about":[{"href":"https:\/\/v2charge.com\/fi\/wp-json\/wp\/v2\/types\/page"}],"author":[{"embeddable":true,"href":"https:\/\/v2charge.com\/fi\/wp-json\/wp\/v2\/users\/1"}],"replies":[{"embeddable":true,"href":"https:\/\/v2charge.com\/fi\/wp-json\/wp\/v2\/comments?post=311545"}],"version-history":[{"count":0,"href":"https:\/\/v2charge.com\/fi\/wp-json\/wp\/v2\/pages\/311545\/revisions"}],"wp:attachment":[{"href":"https:\/\/v2charge.com\/fi\/wp-json\/wp\/v2\/media?parent=311545"}],"curies":[{"name":"wp","href":"https:\/\/api.w.org\/{rel}","templated":true}]}}