{"id":311547,"date":"2023-02-01T11:47:32","date_gmt":"2023-02-01T09:47:32","guid":{"rendered":""},"modified":"2025-07-18T14:16:06","modified_gmt":"2025-07-18T12:16:06","slug":"kostal-ksem-yhteys-trydanin-kanssa","status":"publish","type":"page","link":"https:\/\/v2charge.com\/fi\/tukialue\/tehonhallinta\/dynaaminen-tehohallinta\/kostal-ksem-yhteys-trydanin-kanssa\/","title":{"rendered":"Kostal KSEM -yhteys Trydanin kanssa"},"content":{"rendered":"\n<div class=\"wp-block-uagb-container uagb-block-3abc244a alignfull uagb-is-root-container\"><div class=\"uagb-container-inner-blocks-wrap\"><div class=\"yoast-breadcrumbs\"><span><span><a href=\"https:\/\/v2charge.com\/fi\/\">V2C<\/a><\/span> \u00bb <span><a href=\"https:\/\/v2charge.com\/fi\/dynaaminen-tehohallinta\/\">Din\u00e1mico<\/a><\/span> \u00bb <span class=\"breadcrumb_last\" aria-current=\"page\">Kostal KSEM -yhteys Trydanin kanssa<\/span><\/span><\/div>\n\n<h1 class=\"wp-block-heading\">Kostal KSEM:n liitt\u00e4minen Trydanin kanssa<\/h1>\n\n\n<div class=\"wp-block-uagb-container uagb-block-94b2f0a4 alignfull uagb-is-root-container\"><div class=\"uagb-container-inner-blocks-wrap\">\n<div class=\"wp-block-uagb-container uagb-block-c65863b3\"><p><strong>Kostal-inverttereit\u00e4 voidaan liitt\u00e4\u00e4 suoraan Trydaniin KSEM-energiamittarin <\/strong>(Kostal Smart Energy Meter) kautta Modbus TCP -viestinn\u00e4n avulla.<\/p><\/div>\n\n\n\n<div class=\"wp-block-uagb-container uagb-block-260fae18\">\n<div class=\"wp-block-uagb-image uagb-block-9078e420 wp-block-uagb-image--layout-default wp-block-uagb-image--effect-static wp-block-uagb-image--align-none\"><figure class=\"wp-block-uagb-image__figure\"><img decoding=\"async\" srcset=\"https:\/\/v2charge.com\/wp-content\/uploads\/2023\/12\/kostal-logo.png ,https:\/\/v2charge.com\/wp-content\/uploads\/2023\/12\/kostal-logo.png 780w, https:\/\/v2charge.com\/wp-content\/uploads\/2023\/12\/kostal-logo.png 360w\" sizes=\"auto, (max-width: 480px) 150px\" src=\"https:\/\/v2charge.com\/wp-content\/uploads\/2023\/12\/kostal-logo.png\" alt=\"\" class=\"uag-image-128994\" width=\"250\" height=\"65\" title=\"\" loading=\"lazy\" role=\"img\"\/><\/figure><\/div>\n<\/div>\n<\/div><\/div>\n<\/div><\/div>\n\n\n\n<div class=\"wp-block-uagb-container uagb-block-333fb119 alignfull uagb-is-root-container\"><div class=\"uagb-container-inner-blocks-wrap\">\n<div class=\"wp-block-uagb-container uagb-block-2ff110d0 default uagb-is-root-container\">\n<div class=\"wp-block-uagb-container uagb-block-cd442c87\">\n<div class=\"wp-block-uagb-image aligncenter uagb-block-4bb46c59 wp-block-uagb-image--layout-default wp-block-uagb-image--effect-static wp-block-uagb-image--align-center\"><figure class=\"wp-block-uagb-image__figure\"><img decoding=\"async\" srcset=\"https:\/\/v2charge.com\/wp-content\/uploads\/2023\/11\/icon-important.png ,https:\/\/v2charge.com\/wp-content\/uploads\/2023\/11\/icon-important.png 780w, https:\/\/v2charge.com\/wp-content\/uploads\/2023\/11\/icon-important.png 360w\" sizes=\"auto, (max-width: 480px) 150px\" src=\"https:\/\/v2charge.com\/wp-content\/uploads\/2023\/11\/icon-important.png\" alt=\"\" class=\"uag-image-125013\" width=\"50\" height=\"50\" title=\"\" loading=\"lazy\" role=\"img\"\/><\/figure><\/div>\n<\/div>\n\n\n\n<div class=\"wp-block-uagb-container uagb-block-38de7166\"><div class=\"wp-block-uagb-advanced-heading uagb-block-37ab01f0\"><p class=\"uagb-heading-text\">Wi-Fi-toistimien tai <strong>mesh-verkkojen<\/strong> k\u00e4ytt\u00f6 voi vaikuttaa j\u00e4rjestelm\u00e4n oikeaan toimintaan. Suosittelemme k\u00e4ytt\u00e4m\u00e4\u00e4n <strong>vakaita<\/strong> ja <strong>suoria Wi-Fi<\/strong> -verkkoja varmistaaksesi optimaalisen yhteyden laturin ja invertterin v\u00e4lill\u00e4.<\/p><\/div><\/div>\n<\/div>\n\n\n\n<div style=\"height:5px\" aria-hidden=\"true\" class=\"wp-block-spacer\"><\/div>\n<\/div><\/div>\n\n\n\n<div class=\"wp-block-uagb-container uagb-block-02b83e17 alignfull uagb-is-root-container\"><div class=\"uagb-container-inner-blocks-wrap\">\n<div class=\"wp-block-uagb-separator uagb-block-674a6466\"><div class=\"wp-block-uagb-separator__inner\" style=\"--my-background-image:\"><\/div><\/div>\n\n\n<h2 class=\"wp-block-heading\">Kuinka luoda yhteys<\/h2>\n\n<p>Yhteyden muodostamiseksi otamme ensin k\u00e4ytt\u00f6\u00f6n Modbus TCP -viestinn\u00e4n. T\u00e4t\u00e4 varten meid\u00e4n on p\u00e4\u00e4st\u00e4v\u00e4 k\u00e4siksi KSEM-mittarin IP-osoitteeseen, joka l\u00f6ytyy reitittimest\u00e4 tai sovelluksista, jotka mahdollistavat paikallisten IP-osoitteiden etsimisen. Seuraavaksi aktivoimme TCP-orjan Modbus-konfiguraatio-osiossa.<\/p>\n\n\n<div class=\"wp-block-uagb-buttons uagb-buttons__outer-wrap uagb-btn__default-btn uagb-btn-tablet__default-btn uagb-btn-mobile__default-btn uagb-block-cff7e0d9\"><div class=\"uagb-buttons__wrap uagb-buttons-layout-wrap \"><div class=\"wp-block-uagb-buttons-child uagb-buttons__outer-wrap uagb-block-b3b0e0d0 wp-block-button\"><div class=\"uagb-button__wrapper\"><a class=\"uagb-buttons-repeater wp-block-button__link\" aria-label=\"\" href=\"https:\/\/v2charge.com\/fi\/kuinka-loytaa-paikalliseen-verkkooni-liitettyjen-laitteiden\/\" rel=\"follow noopener\" target=\"_self\" role=\"button\"><div class=\"uagb-button__link\">Kuinka l\u00f6yt\u00e4\u00e4 IP-osoite laitteista, jotka on liitetty paikalliseen verkkooni?<\/div><\/a><\/div><\/div><\/div><\/div>\n\n\n\n<div class=\"wp-block-uagb-image aligncenter uagb-block-a8077fef wp-block-uagb-image--layout-default wp-block-uagb-image--effect-static wp-block-uagb-image--align-center\"><figure class=\"wp-block-uagb-image__figure\"><img decoding=\"async\" srcset=\"https:\/\/v2charge.com\/wp-content\/uploads\/2023\/12\/configuracion-modbus.jpg ,https:\/\/v2charge.com\/wp-content\/uploads\/2023\/12\/configuracion-modbus.jpg 780w, https:\/\/v2charge.com\/wp-content\/uploads\/2023\/12\/configuracion-modbus.jpg 360w\" sizes=\"auto, (max-width: 480px) 150px\" src=\"https:\/\/v2charge.com\/wp-content\/uploads\/2023\/12\/configuracion-modbus.jpg\" alt=\"\" class=\"uag-image-129027\" width=\"1024\" height=\"692\" title=\"\" loading=\"lazy\" role=\"img\"\/><\/figure><\/div>\n\n\n\n<hr class=\"wp-block-separator has-alpha-channel-opacity\"\/>\n\n\n<h2 class=\"wp-block-heading\">Kostal-invertterin asennus KSEM-mittarilla V2C Cloud -sovelluksessa<\/h2><\/div><\/div>\n\n\n\n<div class=\"wp-block-uagb-container uagb-block-22ddbea3 alignfull uagb-is-root-container\"><div class=\"uagb-container-inner-blocks-wrap\">\n<div class=\"wp-block-uagb-container uagb-block-5a4283f6\"><p>Avaa V2C Cloud -sovellus, valitse latauspiste ja siirry sitten Konfiguraatio-osioon. Sy\u00f6t\u00e4 Dynaaminen Tehokontrolli ja valitse mittariosiossa Kostal KSEM.<br><\/p>\n\n<p>IP-osoite on sama kuin se, jota k\u00e4ytit KSEM-mittariin yhdist\u00e4miseen verkon kautta. Muista, ett\u00e4 sen on oltava samalla paikallisella WiFi-verkolla.<\/p>\n\n<p><em>Huom<strong>:<\/strong> T\u00e4m\u00e4n tyyppinen liit\u00e4nt\u00e4 ei n\u00e4yt\u00e4 valos\u00e4hk\u00f6generaatiota V2C-sovelluksessa, mutta kaikki lataustilat toimivat samalla tavalla.<\/em><\/p><\/div>\n\n\n\n<div class=\"wp-block-uagb-container uagb-block-10d2a092\">\n<div class=\"wp-block-uagb-image aligncenter uagb-block-9be1b062 wp-block-uagb-image--layout-default wp-block-uagb-image--effect-static wp-block-uagb-image--align-center\"><figure class=\"wp-block-uagb-image__figure\"><img decoding=\"async\" srcset=\"https:\/\/v2charge.com\/wp-content\/uploads\/2024\/01\/kostal-ksem-inversor.jpg ,https:\/\/v2charge.com\/wp-content\/uploads\/2024\/01\/kostal-ksem-inversor.jpg 780w, https:\/\/v2charge.com\/wp-content\/uploads\/2024\/01\/kostal-ksem-inversor.jpg 360w\" sizes=\"auto, (max-width: 480px) 150px\" src=\"https:\/\/v2charge.com\/wp-content\/uploads\/2024\/01\/kostal-ksem-inversor.jpg\" alt=\"\" class=\"uag-image-133272\" width=\"400\" height=\"684\" title=\"\" loading=\"lazy\" role=\"img\"\/><\/figure><\/div>\n<\/div>\n<\/div><\/div>\n\n\n\n<div class=\"wp-block-uagb-container uagb-block-a9f804c6 alignfull uagb-is-root-container\"><div class=\"uagb-container-inner-blocks-wrap\"><div class=\"wp-block-uagb-advanced-heading uagb-block-58b04056\"><h2 class=\"uagb-heading-text\"><strong>Tarvitsetko teknist\u00e4 tukea?<\/strong><\/h2><\/div>\n\n<div class=\"wp-block-uagb-advanced-heading uagb-block-84f10837\"><p class=\"uagb-heading-text\">Luo pyynt\u00f6 Tekniseen Tukikeskukseen, ja otamme sinuun yhteytt\u00e4 mahdollisimman pian tarjotaksemme sinulle parhaan ratkaisun.<\/p><\/div>\n\n\n<div class=\"wp-block-uagb-buttons uagb-buttons__outer-wrap uagb-btn__default-btn uagb-btn-tablet__default-btn uagb-btn-mobile__default-btn uagb-block-c10fdcdd\"><div class=\"uagb-buttons__wrap uagb-buttons-layout-wrap \"><div class=\"wp-block-uagb-buttons-child uagb-buttons__outer-wrap uagb-block-1a8f0b68 wp-block-button\"><div class=\"uagb-button__wrapper\"><a class=\"uagb-buttons-repeater wp-block-button__link\" aria-label=\"\" href=\"https:\/\/v2charge.atlassian.net\/servicedesk\/customer\/portal\/3\" rel=\"follow noopener\" target=\"_self\" role=\"button\"><div class=\"uagb-button__link\">Ota yhteytt\u00e4 tekniseen tukeen<\/div><\/a><\/div><\/div><\/div><\/div>\n<\/div><\/div>\n","protected":false},"excerpt":{"rendered":"<p>Kostal KSEM:n liitt\u00e4minen Trydanin kanssa Kostal-inverttereit\u00e4 voidaan liitt\u00e4\u00e4 suoraan Trydaniin KSEM-energiamittarin (Kostal Smart Energy Meter) kautta Modbus TCP -viestinn\u00e4n avulla. Wi-Fi-toistimien tai mesh-verkkojen k\u00e4ytt\u00f6 voi vaikuttaa j\u00e4rjestelm\u00e4n oikeaan toimintaan. Suosittelemme k\u00e4ytt\u00e4m\u00e4\u00e4n vakaita ja suoria Wi-Fi -verkkoja varmistaaksesi optimaalisen yhteyden laturin ja invertterin v\u00e4lill\u00e4. Kuinka luoda yhteys Yhteyden muodostamiseksi otamme ensin k\u00e4ytt\u00f6\u00f6n Modbus TCP -viestinn\u00e4n. T\u00e4t\u00e4 &#8230; <a title=\"Kostal KSEM -yhteys Trydanin kanssa\" class=\"read-more\" href=\"https:\/\/v2charge.com\/fi\/tukialue\/tehonhallinta\/dynaaminen-tehohallinta\/kostal-ksem-yhteys-trydanin-kanssa\/\" aria-label=\"Lue lis\u00e4\u00e4 aiheesta Kostal KSEM -yhteys Trydanin kanssa\">Lue lis\u00e4\u00e4<\/a><\/p>\n","protected":false},"author":1,"featured_media":0,"parent":311450,"menu_order":0,"comment_status":"closed","ping_status":"closed","template":"","meta":{"_eb_attr":"","content-type":"","_uag_custom_page_level_css":"","footnotes":""},"class_list":["post-311547","page","type-page","status-publish"],"yoast_head":"<!-- This site is optimized with the Yoast SEO plugin v25.3.1 - https:\/\/yoast.com\/wordpress\/plugins\/seo\/ -->\n<title>Kostal KSEM -yhteys Trydanin kanssa | V2C<\/title>\n<meta name=\"description\" content=\"Kostal-inverttereit\u00e4 voidaan liitt\u00e4\u00e4 suoraan Trydaniin KSEM (Kostal Smart Energy Meter) -energiamittarin kautta Modbus TCP -viestinn\u00e4n avulla.\" \/>\n<meta name=\"robots\" content=\"index, follow, max-snippet:-1, max-image-preview:large, max-video-preview:-1\" \/>\n<link rel=\"canonical\" href=\"https:\/\/v2charge.com\/fi\/kostal-ksem-connection-with-trydan\/\" \/>\n<meta property=\"og:locale\" content=\"fi_FI\" \/>\n<meta property=\"og:type\" content=\"article\" \/>\n<meta property=\"og:title\" content=\"Kostal KSEM -yhteys Trydanin kanssa | V2C\" \/>\n<meta property=\"og:description\" content=\"Kostal-inverttereit\u00e4 voidaan liitt\u00e4\u00e4 suoraan Trydaniin KSEM (Kostal Smart Energy Meter) -energiamittarin kautta Modbus TCP -viestinn\u00e4n avulla.\" \/>\n<meta property=\"og:url\" content=\"https:\/\/v2charge.com\/fi\/kostal-ksem-connection-with-trydan\/\" \/>\n<meta property=\"og:site_name\" content=\"V2C\" \/>\n<meta property=\"article:publisher\" content=\"https:\/\/www.facebook.com\/V2C.Charge\" \/>\n<meta property=\"article:modified_time\" content=\"2025-07-18T12:16:06+00:00\" \/>\n<meta property=\"og:image\" content=\"https:\/\/v2charge.com\/wp-content\/uploads\/2023\/12\/kostal-logo.png\" \/>\n<meta name=\"twitter:card\" content=\"summary_large_image\" \/>\n<meta name=\"twitter:site\" content=\"@V2C_Charge\" \/>\n<meta name=\"twitter:label1\" content=\"Arvioitu lukuaika\" \/>\n\t<meta name=\"twitter:data1\" content=\"2 minuuttia\" \/>\n<script type=\"application\/ld+json\" class=\"yoast-schema-graph\">{\"@context\":\"https:\/\/schema.org\",\"@graph\":[{\"@type\":\"WebPage\",\"@id\":\"https:\/\/v2charge.com\/fi\/tukialue\/tehonhallinta\/dynaaminen-tehohallinta\/kostal-ksem-yhteys-trydanin-kanssa\/\",\"url\":\"https:\/\/v2charge.com\/fi\/kostal-ksem-connection-with-trydan\/\",\"name\":\"Kostal KSEM -yhteys Trydanin kanssa | V2C\",\"isPartOf\":{\"@id\":\"https:\/\/v2charge.com\/fi\/#website\"},\"primaryImageOfPage\":{\"@id\":\"https:\/\/v2charge.com\/fi\/kostal-ksem-connection-with-trydan\/#primaryimage\"},\"image\":{\"@id\":\"https:\/\/v2charge.com\/fi\/kostal-ksem-connection-with-trydan\/#primaryimage\"},\"thumbnailUrl\":\"https:\/\/v2charge.com\/wp-content\/uploads\/2023\/12\/kostal-logo.png\",\"datePublished\":\"2023-02-01T09:47:32+00:00\",\"dateModified\":\"2025-07-18T12:16:06+00:00\",\"description\":\"Kostal-inverttereit\u00e4 voidaan liitt\u00e4\u00e4 suoraan Trydaniin KSEM (Kostal Smart Energy Meter) -energiamittarin kautta Modbus TCP -viestinn\u00e4n avulla.\",\"breadcrumb\":{\"@id\":\"https:\/\/v2charge.com\/fi\/kostal-ksem-connection-with-trydan\/#breadcrumb\"},\"inLanguage\":\"fi\",\"potentialAction\":[{\"@type\":\"ReadAction\",\"target\":[\"https:\/\/v2charge.com\/fi\/kostal-ksem-connection-with-trydan\/\"]}]},{\"@type\":\"ImageObject\",\"inLanguage\":\"fi\",\"@id\":\"https:\/\/v2charge.com\/fi\/kostal-ksem-connection-with-trydan\/#primaryimage\",\"url\":\"https:\/\/v2charge.com\/wp-content\/uploads\/2023\/12\/kostal-logo.png\",\"contentUrl\":\"https:\/\/v2charge.com\/wp-content\/uploads\/2023\/12\/kostal-logo.png\"},{\"@type\":\"BreadcrumbList\",\"@id\":\"https:\/\/v2charge.com\/fi\/kostal-ksem-connection-with-trydan\/#breadcrumb\",\"itemListElement\":[{\"@type\":\"ListItem\",\"position\":1,\"name\":\"V2C\",\"item\":\"https:\/\/v2charge.com\/fi\/\"},{\"@type\":\"ListItem\",\"position\":2,\"name\":\"Din\u00e1mico\",\"item\":\"https:\/\/v2charge.com\/fi\/dynaaminen-tehohallinta\/\"},{\"@type\":\"ListItem\",\"position\":3,\"name\":\"Kostal KSEM -yhteys Trydanin kanssa\"}]},{\"@type\":\"WebSite\",\"@id\":\"https:\/\/v2charge.com\/fi\/#website\",\"url\":\"https:\/\/v2charge.com\/fi\/\",\"name\":\"V2C\",\"description\":\"#CargandoElMa\u00f1ana\",\"publisher\":{\"@id\":\"https:\/\/v2charge.com\/fi\/#organization\"},\"potentialAction\":[{\"@type\":\"SearchAction\",\"target\":{\"@type\":\"EntryPoint\",\"urlTemplate\":\"https:\/\/v2charge.com\/fi\/?s={search_term_string}\"},\"query-input\":{\"@type\":\"PropertyValueSpecification\",\"valueRequired\":true,\"valueName\":\"search_term_string\"}}],\"inLanguage\":\"fi\"},{\"@type\":\"Organization\",\"@id\":\"https:\/\/v2charge.com\/fi\/#organization\",\"name\":\"V2C\",\"url\":\"https:\/\/v2charge.com\/fi\/\",\"logo\":{\"@type\":\"ImageObject\",\"inLanguage\":\"fi\",\"@id\":\"https:\/\/v2charge.com\/fi\/#\/schema\/logo\/image\/\",\"url\":\"https:\/\/v2charge.com\/wp-content\/uploads\/2024\/11\/cropped-v2c-charge-logo-menu.png\",\"contentUrl\":\"https:\/\/v2charge.com\/wp-content\/uploads\/2024\/11\/cropped-v2c-charge-logo-menu.png\",\"width\":984,\"height\":431,\"caption\":\"V2C\"},\"image\":{\"@id\":\"https:\/\/v2charge.com\/fi\/#\/schema\/logo\/image\/\"},\"sameAs\":[\"https:\/\/www.facebook.com\/V2C.Charge\",\"https:\/\/x.com\/V2C_Charge\",\"https:\/\/www.instagram.com\/v2c.charge\/\",\"https:\/\/www.youtube.com\/@V2C\",\"https:\/\/www.linkedin.com\/company\/v2c-chargers\/\"]}]}<\/script>\n<!-- \/ Yoast SEO plugin. -->","yoast_head_json":{"title":"Kostal KSEM -yhteys Trydanin kanssa | V2C","description":"Kostal-inverttereit\u00e4 voidaan liitt\u00e4\u00e4 suoraan Trydaniin KSEM (Kostal Smart Energy Meter) -energiamittarin kautta Modbus TCP -viestinn\u00e4n avulla.","robots":{"index":"index","follow":"follow","max-snippet":"max-snippet:-1","max-image-preview":"max-image-preview:large","max-video-preview":"max-video-preview:-1"},"canonical":"https:\/\/v2charge.com\/fi\/kostal-ksem-connection-with-trydan\/","og_locale":"fi_FI","og_type":"article","og_title":"Kostal KSEM -yhteys Trydanin kanssa | V2C","og_description":"Kostal-inverttereit\u00e4 voidaan liitt\u00e4\u00e4 suoraan Trydaniin KSEM (Kostal Smart Energy Meter) -energiamittarin kautta Modbus TCP -viestinn\u00e4n avulla.","og_url":"https:\/\/v2charge.com\/fi\/kostal-ksem-connection-with-trydan\/","og_site_name":"V2C","article_publisher":"https:\/\/www.facebook.com\/V2C.Charge","article_modified_time":"2025-07-18T12:16:06+00:00","og_image":[{"url":"https:\/\/v2charge.com\/wp-content\/uploads\/2023\/12\/kostal-logo.png","type":"","width":"","height":""}],"twitter_card":"summary_large_image","twitter_site":"@V2C_Charge","twitter_misc":{"Arvioitu lukuaika":"2 minuuttia"},"schema":{"@context":"https:\/\/schema.org","@graph":[{"@type":"WebPage","@id":"https:\/\/v2charge.com\/fi\/tukialue\/tehonhallinta\/dynaaminen-tehohallinta\/kostal-ksem-yhteys-trydanin-kanssa\/","url":"https:\/\/v2charge.com\/fi\/kostal-ksem-connection-with-trydan\/","name":"Kostal KSEM -yhteys Trydanin kanssa | V2C","isPartOf":{"@id":"https:\/\/v2charge.com\/fi\/#website"},"primaryImageOfPage":{"@id":"https:\/\/v2charge.com\/fi\/kostal-ksem-connection-with-trydan\/#primaryimage"},"image":{"@id":"https:\/\/v2charge.com\/fi\/kostal-ksem-connection-with-trydan\/#primaryimage"},"thumbnailUrl":"https:\/\/v2charge.com\/wp-content\/uploads\/2023\/12\/kostal-logo.png","datePublished":"2023-02-01T09:47:32+00:00","dateModified":"2025-07-18T12:16:06+00:00","description":"Kostal-inverttereit\u00e4 voidaan liitt\u00e4\u00e4 suoraan Trydaniin KSEM (Kostal Smart Energy Meter) -energiamittarin kautta Modbus TCP -viestinn\u00e4n avulla.","breadcrumb":{"@id":"https:\/\/v2charge.com\/fi\/kostal-ksem-connection-with-trydan\/#breadcrumb"},"inLanguage":"fi","potentialAction":[{"@type":"ReadAction","target":["https:\/\/v2charge.com\/fi\/kostal-ksem-connection-with-trydan\/"]}]},{"@type":"ImageObject","inLanguage":"fi","@id":"https:\/\/v2charge.com\/fi\/kostal-ksem-connection-with-trydan\/#primaryimage","url":"https:\/\/v2charge.com\/wp-content\/uploads\/2023\/12\/kostal-logo.png","contentUrl":"https:\/\/v2charge.com\/wp-content\/uploads\/2023\/12\/kostal-logo.png"},{"@type":"BreadcrumbList","@id":"https:\/\/v2charge.com\/fi\/kostal-ksem-connection-with-trydan\/#breadcrumb","itemListElement":[{"@type":"ListItem","position":1,"name":"V2C","item":"https:\/\/v2charge.com\/fi\/"},{"@type":"ListItem","position":2,"name":"Din\u00e1mico","item":"https:\/\/v2charge.com\/fi\/dynaaminen-tehohallinta\/"},{"@type":"ListItem","position":3,"name":"Kostal KSEM -yhteys Trydanin kanssa"}]},{"@type":"WebSite","@id":"https:\/\/v2charge.com\/fi\/#website","url":"https:\/\/v2charge.com\/fi\/","name":"V2C","description":"#CargandoElMa\u00f1ana","publisher":{"@id":"https:\/\/v2charge.com\/fi\/#organization"},"potentialAction":[{"@type":"SearchAction","target":{"@type":"EntryPoint","urlTemplate":"https:\/\/v2charge.com\/fi\/?s={search_term_string}"},"query-input":{"@type":"PropertyValueSpecification","valueRequired":true,"valueName":"search_term_string"}}],"inLanguage":"fi"},{"@type":"Organization","@id":"https:\/\/v2charge.com\/fi\/#organization","name":"V2C","url":"https:\/\/v2charge.com\/fi\/","logo":{"@type":"ImageObject","inLanguage":"fi","@id":"https:\/\/v2charge.com\/fi\/#\/schema\/logo\/image\/","url":"https:\/\/v2charge.com\/wp-content\/uploads\/2024\/11\/cropped-v2c-charge-logo-menu.png","contentUrl":"https:\/\/v2charge.com\/wp-content\/uploads\/2024\/11\/cropped-v2c-charge-logo-menu.png","width":984,"height":431,"caption":"V2C"},"image":{"@id":"https:\/\/v2charge.com\/fi\/#\/schema\/logo\/image\/"},"sameAs":["https:\/\/www.facebook.com\/V2C.Charge","https:\/\/x.com\/V2C_Charge","https:\/\/www.instagram.com\/v2c.charge\/","https:\/\/www.youtube.com\/@V2C","https:\/\/www.linkedin.com\/company\/v2c-chargers\/"]}]}},"uagb_featured_image_src":{"full":false,"thumbnail":false,"medium":false,"medium_large":false,"large":false,"gs-tiny":false,"xl":false,"xxl":false,"xxxl":false,"xxxxl":false,"xxxxxl":false,"1536x1536":false,"2048x2048":false},"uagb_author_info":{"display_name":"V2C","author_link":"https:\/\/v2charge.com\/fi\/author\/root_k4eu7ki8\/"},"uagb_comment_info":0,"uagb_excerpt":"Kostal KSEM:n liitt\u00e4minen Trydanin kanssa Kostal-inverttereit\u00e4 voidaan liitt\u00e4\u00e4 suoraan Trydaniin KSEM-energiamittarin (Kostal Smart Energy Meter) kautta Modbus TCP -viestinn\u00e4n avulla. Wi-Fi-toistimien tai mesh-verkkojen k\u00e4ytt\u00f6 voi vaikuttaa j\u00e4rjestelm\u00e4n oikeaan toimintaan. Suosittelemme k\u00e4ytt\u00e4m\u00e4\u00e4n vakaita ja suoria Wi-Fi -verkkoja varmistaaksesi optimaalisen yhteyden laturin ja invertterin v\u00e4lill\u00e4. Kuinka luoda yhteys Yhteyden muodostamiseksi otamme ensin k\u00e4ytt\u00f6\u00f6n Modbus TCP -viestinn\u00e4n. T\u00e4t\u00e4&hellip;","_links":{"self":[{"href":"https:\/\/v2charge.com\/fi\/wp-json\/wp\/v2\/pages\/311547","targetHints":{"allow":["GET"]}}],"collection":[{"href":"https:\/\/v2charge.com\/fi\/wp-json\/wp\/v2\/pages"}],"about":[{"href":"https:\/\/v2charge.com\/fi\/wp-json\/wp\/v2\/types\/page"}],"author":[{"embeddable":true,"href":"https:\/\/v2charge.com\/fi\/wp-json\/wp\/v2\/users\/1"}],"replies":[{"embeddable":true,"href":"https:\/\/v2charge.com\/fi\/wp-json\/wp\/v2\/comments?post=311547"}],"version-history":[{"count":0,"href":"https:\/\/v2charge.com\/fi\/wp-json\/wp\/v2\/pages\/311547\/revisions"}],"up":[{"embeddable":true,"href":"https:\/\/v2charge.com\/fi\/wp-json\/wp\/v2\/pages\/311450"}],"wp:attachment":[{"href":"https:\/\/v2charge.com\/fi\/wp-json\/wp\/v2\/media?parent=311547"}],"curies":[{"name":"wp","href":"https:\/\/api.w.org\/{rel}","templated":true}]}}