{"id":311553,"date":"2023-05-18T07:15:21","date_gmt":"2023-05-18T07:15:21","guid":{"rendered":""},"modified":"2025-04-16T11:42:06","modified_gmt":"2025-04-16T09:42:06","slug":"power2drive-2025-2","status":"publish","type":"page","link":"https:\/\/v2charge.com\/fi\/power2drive-2025-2\/","title":{"rendered":"POWER2DRIVE 2025"},"content":{"rendered":"\n<div id=\"contact\" class=\"wp-block-uagb-container uagb-block-1e760f66 alignfull uagb-is-root-container\"><div class=\"uagb-container-inner-blocks-wrap\">\n<div class=\"wp-block-uagb-container uagb-block-dea2407d default uagb-is-root-container\">\n<div class=\"wp-block-uagb-container uagb-block-3d132595 default uagb-is-root-container\">\n<div class=\"wp-block-uagb-container uagb-block-548ffbda\"><div class=\"wp-block-uagb-advanced-heading uagb-block-2aa52a5c\"><p class=\"uagb-heading-text\">7-8-9 Toukokuu 2025<\/p><\/div><\/div>\n\n\n\n<div class=\"wp-block-uagb-container uagb-block-269434e6\"><div class=\"wp-block-uagb-advanced-heading uagb-block-16e6c9b2\"><p class=\"uagb-heading-text\">M\u00fcnchen, Saksa<\/p><\/div><\/div>\n<\/div>\n\n\n\n<div class=\"wp-block-uagb-container uagb-block-89c8f421 default uagb-is-root-container\"><div class=\"wp-block-uagb-advanced-heading uagb-block-a264c1f9\"><h1 class=\"uagb-heading-text\">Hanki ilmainen lippusi Power2Drive 2025 -tapahtumaan!<\/h1><\/div><\/div>\n\n\n<div class=\"wp-block-uagb-advanced-heading uagb-block-262af8de\"><p class=\"uagb-heading-text\">Tule ja vieraile meill\u00e4 Power2Drive-tapahtumassa. T\u00e4yt\u00e4 alla oleva lomake, niin saat my\u00f6hemmin s\u00e4hk\u00f6postin, jolla voit rekister\u00f6ity\u00e4 verkossa ja saada lippusi. N\u00e4hd\u00e4\u00e4n M\u00fcncheniss\u00e4!<\/p><\/div><\/div>\n\n\n\n<div class=\"wp-block-uagb-container uagb-block-e9b1ff2a alignfull uagb-is-root-container\"><div class=\"uagb-container-inner-blocks-wrap\"><div class=\"wp-block-contact-form-7-contact-form-selector new-form\">\n<div class=\"wpcf7 no-js\" id=\"wpcf7-f215772-o1\" lang=\"es-ES\" dir=\"ltr\" data-wpcf7-id=\"215772\">\n<div class=\"screen-reader-response\"><p role=\"status\" aria-live=\"polite\" aria-atomic=\"true\"><\/p> <ul><\/ul><\/div>\n<form action=\"\/fi\/wp-json\/wp\/v2\/pages\/311553#wpcf7-f215772-o1\" method=\"post\" class=\"wpcf7-form init\" aria-label=\"Formulario de contacto\" novalidate=\"novalidate\" data-status=\"init\">\n<div style=\"display: none;\">\n<input type=\"hidden\" name=\"_wpcf7\" value=\"215772\" \/>\n<input type=\"hidden\" name=\"_wpcf7_version\" value=\"6.0.6\" \/>\n<input type=\"hidden\" name=\"_wpcf7_locale\" value=\"es_ES\" \/>\n<input type=\"hidden\" name=\"_wpcf7_unit_tag\" value=\"wpcf7-f215772-o1\" \/>\n<input type=\"hidden\" name=\"_wpcf7_container_post\" value=\"0\" \/>\n<input type=\"hidden\" name=\"_wpcf7_posted_data_hash\" value=\"\" \/>\n<input type=\"hidden\" name=\"redirect_nonce\" value=\"0e7f1c14f2\" \/>\n<input type=\"hidden\" name=\"wpcf7cfpdf_hidden_name\" value=\"document-pdf\" \/>\n<input type=\"hidden\" name=\"wpcf7cfpdf_hidden_reference\" value=\"ecc12d2b\" \/>\n<input type=\"hidden\" name=\"wpcf7cfpdf_hidden_date\" value=\"04072026\" \/>\n<input type=\"hidden\" name=\"_wpcf7_recaptcha_response\" value=\"\" \/>\n<\/div>\n<div id=\"responsive-form\" class=\"clearfix resp-form-2\">\n\t<div class=\"form-row2\">\n\t\t<div class=\"column-half\">\n\t\t\t<p>Name* <span class=\"wpcf7-form-control-wrap\" data-name=\"your-name\"><input size=\"40\" maxlength=\"400\" class=\"wpcf7-form-control wpcf7-text wpcf7-validates-as-required\" aria-required=\"true\" aria-invalid=\"false\" placeholder=\"Name\" value=\"\" type=\"text\" name=\"your-name\" \/><\/span>\n\t\t\t<\/p>\n\t\t<\/div>\n\t\t<div class=\"column-half\">\n\t\t\t<p>E-mail* <span class=\"wpcf7-form-control-wrap\" data-name=\"your-email\"><input size=\"40\" maxlength=\"400\" class=\"wpcf7-form-control wpcf7-email wpcf7-validates-as-required wpcf7-text wpcf7-validates-as-email\" aria-required=\"true\" aria-invalid=\"false\" placeholder=\"E-mail\" value=\"\" type=\"email\" name=\"your-email\" \/><\/span>\n\t\t\t<\/p>\n\t\t<\/div>\n\t\t<div class=\"column-half\">\n\t\t\t<p>Company (optional) <span class=\"wpcf7-form-control-wrap\" data-name=\"company\"><input size=\"40\" maxlength=\"400\" class=\"wpcf7-form-control wpcf7-text\" aria-invalid=\"false\" placeholder=\"Company\" value=\"\" type=\"text\" name=\"company\" \/><\/span>\n\t\t\t<\/p>\n\t\t<\/div>\n\t<\/div>\n\t<p><span id=\"wpcf7-69d4feaa9f69a-wrapper\" class=\"wpcf7-form-control-wrap tudireccion-248-wrap\" style=\"display:none !important; visibility:hidden !important;\"><label for=\"wpcf7-69d4feaa9f69a-field\" class=\"hp-message\">Por favor, deja este campo vac\u00edo.<\/label><input id=\"wpcf7-69d4feaa9f69a-field\"  class=\"wpcf7-form-control wpcf7-text\" type=\"text\" name=\"tudireccion-248\" value=\"\" size=\"40\" tabindex=\"-1\" autocomplete=\"new-password\" \/><\/span>\n\t<\/p>\n\t<div class=\"form-row2\">\n\t\t<div class=\"column-full\">\n\t\t\t<p><input class=\"wpcf7-form-control wpcf7-submit has-spinner\" type=\"submit\" value=\"Send\" \/>\n\t\t\t<\/p>\n\t\t<\/div>\n\t<\/div>\n<\/div><!--end responsive-form--><div class=\"wpcf7-response-output\" aria-hidden=\"true\"><\/div>\n<\/form>\n<\/div>\n<\/div><\/div><\/div>\n<\/div><\/div>\n\n\n\n<div class=\"wp-block-uagb-container uagb-block-c987030b alignfull uagb-is-root-container\"><div class=\"uagb-container-inner-blocks-wrap\">\n<div class=\"wp-block-uagb-container uagb-block-8c7be9d3\"><div class=\"wp-block-uagb-advanced-heading uagb-block-0b94933a\"><h2 class=\"uagb-heading-text\">Tutustu yhteis\u00f6\u00f6mme ja kaikkiin tuleviin tapahtumiin.<\/h2><\/div>\n\n\n<div class=\"wp-block-uagb-buttons uagb-buttons__outer-wrap uagb-btn__default-btn uagb-btn-tablet__default-btn uagb-btn-mobile__default-btn uagb-block-e9bcb751\"><div class=\"uagb-buttons__wrap uagb-buttons-layout-wrap \"><div class=\"wp-block-uagb-buttons-child uagb-buttons__outer-wrap uagb-block-0b38b9b4 wp-block-button\"><div class=\"uagb-button__wrapper\"><a class=\"uagb-buttons-repeater wp-block-button__link\" aria-label=\"\" href=\"https:\/\/v2charge.com\/fi\/yhteiso\/\" rel=\"follow noopener\" target=\"_self\"><div class=\"uagb-button__link\">Tutustu yhteis\u00f6\u00f6n<\/div><\/a><\/div><\/div><\/div><\/div>\n<\/div>\n<\/div><\/div>\n\n\n\n<div class=\"wp-block-uagb-container uag-hide-desktop uag-hide-tab uag-hide-mob uagb-block-e65af711 alignfull uagb-is-root-container\"><div class=\"uagb-container-inner-blocks-wrap\">\n<div class=\"wp-block-uagb-container uagb-block-93a55b02\"><div class=\"wp-block-uagb-advanced-heading uagb-block-dc99d954\"><p class=\"uagb-heading-text\">Milloin<\/p><\/div>\n\n<div class=\"wp-block-uagb-advanced-heading uagb-block-9486c864\"><p class=\"uagb-heading-text\">6. helmikuuta 2025<\/p><\/div><\/div>\n\n\n\n<div class=\"wp-block-uagb-container uagb-block-d2f379e9\"><div class=\"wp-block-uagb-advanced-heading uagb-block-99293921\"><p class=\"uagb-heading-text\">MISS\u00c4<\/p><\/div>\n\n<div class=\"wp-block-uagb-advanced-heading uagb-block-d70c0c2b\"><p class=\"uagb-heading-text\">Pariisi, Ranska<\/p><\/div><\/div>\n<\/div><\/div>\n","protected":false},"excerpt":{"rendered":"<p>7-8-9 Toukokuu 2025 M\u00fcnchen, Saksa Hanki ilmainen lippusi Power2Drive 2025 -tapahtumaan! Tule ja vieraile meill\u00e4 Power2Drive-tapahtumassa. T\u00e4yt\u00e4 alla oleva lomake, niin saat my\u00f6hemmin s\u00e4hk\u00f6postin, jolla voit rekister\u00f6ity\u00e4 verkossa ja saada lippusi. N\u00e4hd\u00e4\u00e4n M\u00fcncheniss\u00e4! Tutustu yhteis\u00f6\u00f6mme ja kaikkiin tuleviin tapahtumiin. Milloin 6. helmikuuta 2025 MISS\u00c4 Pariisi, Ranska<\/p>\n","protected":false},"author":1,"featured_media":215862,"parent":0,"menu_order":0,"comment_status":"closed","ping_status":"closed","template":"","meta":{"_eb_attr":"","content-type":"","_uag_custom_page_level_css":"","footnotes":""},"class_list":["post-311553","page","type-page","status-publish","has-post-thumbnail"],"yoast_head":"<!-- This site is optimized with the Yoast SEO plugin v25.3.1 - https:\/\/yoast.com\/wordpress\/plugins\/seo\/ -->\n<title>Kutsumme sinut vierailemaan luonamme Power2Drive 2025 -tapahtumassa! Hanki ilmaiset lippusi!<\/title>\n<meta name=\"description\" content=\"Pyyd\u00e4 ilmainen p\u00e4\u00e4sylippusi Power2Drive Europe 2025 -tapahtumaan ja tule vierailemaan osastollamme B6.380 M\u00fcncheniss\u00e4, Saksassa, 7.-9. toukokuuta 2025.\" \/>\n<meta name=\"robots\" content=\"noindex, follow\" \/>\n<meta property=\"og:locale\" content=\"fi_FI\" \/>\n<meta property=\"og:type\" content=\"article\" \/>\n<meta property=\"og:title\" content=\"Kutsumme sinut vierailemaan luonamme Power2Drive 2025 -tapahtumassa! Hanki ilmaiset lippusi!\" \/>\n<meta property=\"og:description\" content=\"Pyyd\u00e4 ilmainen p\u00e4\u00e4sylippusi Power2Drive Europe 2025 -tapahtumaan ja tule vierailemaan osastollamme B6.380 M\u00fcncheniss\u00e4, Saksassa, 7.-9. toukokuuta 2025.\" \/>\n<meta property=\"og:url\" content=\"https:\/\/v2charge.com\/fi\/power2drive-2025-2\/\" \/>\n<meta property=\"og:site_name\" content=\"V2C\" \/>\n<meta property=\"article:publisher\" content=\"https:\/\/www.facebook.com\/V2C.Charge\" \/>\n<meta property=\"article:modified_time\" content=\"2025-04-16T09:42:06+00:00\" \/>\n<meta property=\"og:image\" content=\"https:\/\/v2charge.com\/wp-content\/uploads\/2025\/04\/powertodrive-v2c-2025.jpg\" \/>\n\t<meta property=\"og:image:width\" content=\"960\" \/>\n\t<meta property=\"og:image:height\" content=\"560\" \/>\n\t<meta property=\"og:image:type\" content=\"image\/jpeg\" \/>\n<meta name=\"twitter:card\" content=\"summary_large_image\" \/>\n<meta name=\"twitter:site\" content=\"@V2C_Charge\" \/>\n<meta name=\"twitter:label1\" content=\"Arvioitu lukuaika\" \/>\n\t<meta name=\"twitter:data1\" content=\"1 minuutti\" \/>\n<script type=\"application\/ld+json\" class=\"yoast-schema-graph\">{\"@context\":\"https:\/\/schema.org\",\"@graph\":[{\"@type\":\"WebPage\",\"@id\":\"https:\/\/v2charge.com\/fi\/power2drive-2025-2\/\",\"url\":\"https:\/\/v2charge.com\/fi\/power2drive-2025-2\/\",\"name\":\"Kutsumme sinut vierailemaan luonamme Power2Drive 2025 -tapahtumassa! Hanki ilmaiset lippusi!\",\"isPartOf\":{\"@id\":\"https:\/\/v2charge.com\/fi\/#website\"},\"primaryImageOfPage\":{\"@id\":\"https:\/\/v2charge.com\/fi\/power2drive-2025-2\/#primaryimage\"},\"image\":{\"@id\":\"https:\/\/v2charge.com\/fi\/power2drive-2025-2\/#primaryimage\"},\"thumbnailUrl\":\"https:\/\/v2charge.com\/wp-content\/uploads\/2025\/04\/powertodrive-v2c-2025.jpg\",\"datePublished\":\"2023-05-18T07:15:21+00:00\",\"dateModified\":\"2025-04-16T09:42:06+00:00\",\"description\":\"Pyyd\u00e4 ilmainen p\u00e4\u00e4sylippusi Power2Drive Europe 2025 -tapahtumaan ja tule vierailemaan osastollamme B6.380 M\u00fcncheniss\u00e4, Saksassa, 7.-9. toukokuuta 2025.\",\"breadcrumb\":{\"@id\":\"https:\/\/v2charge.com\/fi\/power2drive-2025-2\/#breadcrumb\"},\"inLanguage\":\"fi\",\"potentialAction\":[{\"@type\":\"ReadAction\",\"target\":[\"https:\/\/v2charge.com\/fi\/power2drive-2025-2\/\"]}]},{\"@type\":\"ImageObject\",\"inLanguage\":\"fi\",\"@id\":\"https:\/\/v2charge.com\/fi\/power2drive-2025-2\/#primaryimage\",\"url\":\"https:\/\/v2charge.com\/wp-content\/uploads\/2025\/04\/powertodrive-v2c-2025.jpg\",\"contentUrl\":\"https:\/\/v2charge.com\/wp-content\/uploads\/2025\/04\/powertodrive-v2c-2025.jpg\",\"width\":960,\"height\":560,\"caption\":\"Power2Drive 2025\"},{\"@type\":\"BreadcrumbList\",\"@id\":\"https:\/\/v2charge.com\/fi\/power2drive-2025-2\/#breadcrumb\",\"itemListElement\":[{\"@type\":\"ListItem\",\"position\":1,\"name\":\"V2C\",\"item\":\"https:\/\/v2charge.com\/fi\/\"},{\"@type\":\"ListItem\",\"position\":2,\"name\":\"POWER2DRIVE 2025\"}]},{\"@type\":\"WebSite\",\"@id\":\"https:\/\/v2charge.com\/fi\/#website\",\"url\":\"https:\/\/v2charge.com\/fi\/\",\"name\":\"V2C\",\"description\":\"#CargandoElMa\u00f1ana\",\"publisher\":{\"@id\":\"https:\/\/v2charge.com\/fi\/#organization\"},\"potentialAction\":[{\"@type\":\"SearchAction\",\"target\":{\"@type\":\"EntryPoint\",\"urlTemplate\":\"https:\/\/v2charge.com\/fi\/?s={search_term_string}\"},\"query-input\":{\"@type\":\"PropertyValueSpecification\",\"valueRequired\":true,\"valueName\":\"search_term_string\"}}],\"inLanguage\":\"fi\"},{\"@type\":\"Organization\",\"@id\":\"https:\/\/v2charge.com\/fi\/#organization\",\"name\":\"V2C\",\"url\":\"https:\/\/v2charge.com\/fi\/\",\"logo\":{\"@type\":\"ImageObject\",\"inLanguage\":\"fi\",\"@id\":\"https:\/\/v2charge.com\/fi\/#\/schema\/logo\/image\/\",\"url\":\"https:\/\/v2charge.com\/wp-content\/uploads\/2024\/11\/cropped-v2c-charge-logo-menu.png\",\"contentUrl\":\"https:\/\/v2charge.com\/wp-content\/uploads\/2024\/11\/cropped-v2c-charge-logo-menu.png\",\"width\":984,\"height\":431,\"caption\":\"V2C\"},\"image\":{\"@id\":\"https:\/\/v2charge.com\/fi\/#\/schema\/logo\/image\/\"},\"sameAs\":[\"https:\/\/www.facebook.com\/V2C.Charge\",\"https:\/\/x.com\/V2C_Charge\",\"https:\/\/www.instagram.com\/v2c.charge\/\",\"https:\/\/www.youtube.com\/@V2C\",\"https:\/\/www.linkedin.com\/company\/v2c-chargers\/\"]}]}<\/script>\n<!-- \/ Yoast SEO plugin. -->","yoast_head_json":{"title":"Kutsumme sinut vierailemaan luonamme Power2Drive 2025 -tapahtumassa! Hanki ilmaiset lippusi!","description":"Pyyd\u00e4 ilmainen p\u00e4\u00e4sylippusi Power2Drive Europe 2025 -tapahtumaan ja tule vierailemaan osastollamme B6.380 M\u00fcncheniss\u00e4, Saksassa, 7.-9. toukokuuta 2025.","robots":{"index":"noindex","follow":"follow"},"og_locale":"fi_FI","og_type":"article","og_title":"Kutsumme sinut vierailemaan luonamme Power2Drive 2025 -tapahtumassa! Hanki ilmaiset lippusi!","og_description":"Pyyd\u00e4 ilmainen p\u00e4\u00e4sylippusi Power2Drive Europe 2025 -tapahtumaan ja tule vierailemaan osastollamme B6.380 M\u00fcncheniss\u00e4, Saksassa, 7.-9. toukokuuta 2025.","og_url":"https:\/\/v2charge.com\/fi\/power2drive-2025-2\/","og_site_name":"V2C","article_publisher":"https:\/\/www.facebook.com\/V2C.Charge","article_modified_time":"2025-04-16T09:42:06+00:00","og_image":[{"width":960,"height":560,"url":"https:\/\/v2charge.com\/wp-content\/uploads\/2025\/04\/powertodrive-v2c-2025.jpg","type":"image\/jpeg"}],"twitter_card":"summary_large_image","twitter_site":"@V2C_Charge","twitter_misc":{"Arvioitu lukuaika":"1 minuutti"},"schema":{"@context":"https:\/\/schema.org","@graph":[{"@type":"WebPage","@id":"https:\/\/v2charge.com\/fi\/power2drive-2025-2\/","url":"https:\/\/v2charge.com\/fi\/power2drive-2025-2\/","name":"Kutsumme sinut vierailemaan luonamme Power2Drive 2025 -tapahtumassa! Hanki ilmaiset lippusi!","isPartOf":{"@id":"https:\/\/v2charge.com\/fi\/#website"},"primaryImageOfPage":{"@id":"https:\/\/v2charge.com\/fi\/power2drive-2025-2\/#primaryimage"},"image":{"@id":"https:\/\/v2charge.com\/fi\/power2drive-2025-2\/#primaryimage"},"thumbnailUrl":"https:\/\/v2charge.com\/wp-content\/uploads\/2025\/04\/powertodrive-v2c-2025.jpg","datePublished":"2023-05-18T07:15:21+00:00","dateModified":"2025-04-16T09:42:06+00:00","description":"Pyyd\u00e4 ilmainen p\u00e4\u00e4sylippusi Power2Drive Europe 2025 -tapahtumaan ja tule vierailemaan osastollamme B6.380 M\u00fcncheniss\u00e4, Saksassa, 7.-9. toukokuuta 2025.","breadcrumb":{"@id":"https:\/\/v2charge.com\/fi\/power2drive-2025-2\/#breadcrumb"},"inLanguage":"fi","potentialAction":[{"@type":"ReadAction","target":["https:\/\/v2charge.com\/fi\/power2drive-2025-2\/"]}]},{"@type":"ImageObject","inLanguage":"fi","@id":"https:\/\/v2charge.com\/fi\/power2drive-2025-2\/#primaryimage","url":"https:\/\/v2charge.com\/wp-content\/uploads\/2025\/04\/powertodrive-v2c-2025.jpg","contentUrl":"https:\/\/v2charge.com\/wp-content\/uploads\/2025\/04\/powertodrive-v2c-2025.jpg","width":960,"height":560,"caption":"Power2Drive 2025"},{"@type":"BreadcrumbList","@id":"https:\/\/v2charge.com\/fi\/power2drive-2025-2\/#breadcrumb","itemListElement":[{"@type":"ListItem","position":1,"name":"V2C","item":"https:\/\/v2charge.com\/fi\/"},{"@type":"ListItem","position":2,"name":"POWER2DRIVE 2025"}]},{"@type":"WebSite","@id":"https:\/\/v2charge.com\/fi\/#website","url":"https:\/\/v2charge.com\/fi\/","name":"V2C","description":"#CargandoElMa\u00f1ana","publisher":{"@id":"https:\/\/v2charge.com\/fi\/#organization"},"potentialAction":[{"@type":"SearchAction","target":{"@type":"EntryPoint","urlTemplate":"https:\/\/v2charge.com\/fi\/?s={search_term_string}"},"query-input":{"@type":"PropertyValueSpecification","valueRequired":true,"valueName":"search_term_string"}}],"inLanguage":"fi"},{"@type":"Organization","@id":"https:\/\/v2charge.com\/fi\/#organization","name":"V2C","url":"https:\/\/v2charge.com\/fi\/","logo":{"@type":"ImageObject","inLanguage":"fi","@id":"https:\/\/v2charge.com\/fi\/#\/schema\/logo\/image\/","url":"https:\/\/v2charge.com\/wp-content\/uploads\/2024\/11\/cropped-v2c-charge-logo-menu.png","contentUrl":"https:\/\/v2charge.com\/wp-content\/uploads\/2024\/11\/cropped-v2c-charge-logo-menu.png","width":984,"height":431,"caption":"V2C"},"image":{"@id":"https:\/\/v2charge.com\/fi\/#\/schema\/logo\/image\/"},"sameAs":["https:\/\/www.facebook.com\/V2C.Charge","https:\/\/x.com\/V2C_Charge","https:\/\/www.instagram.com\/v2c.charge\/","https:\/\/www.youtube.com\/@V2C","https:\/\/www.linkedin.com\/company\/v2c-chargers\/"]}]}},"uagb_featured_image_src":{"full":["https:\/\/v2charge.com\/wp-content\/uploads\/2025\/04\/powertodrive-v2c-2025.jpg",960,560,false],"thumbnail":["https:\/\/v2charge.com\/wp-content\/uploads\/2025\/04\/powertodrive-v2c-2025-150x150.jpg",150,150,true],"medium":["https:\/\/v2charge.com\/wp-content\/uploads\/2025\/04\/powertodrive-v2c-2025-300x175.jpg",300,175,true],"medium_large":["https:\/\/v2charge.com\/wp-content\/uploads\/2025\/04\/powertodrive-v2c-2025-768x448.jpg",768,448,true],"large":["https:\/\/v2charge.com\/wp-content\/uploads\/2025\/04\/powertodrive-v2c-2025.jpg",960,560,false],"gs-tiny":["https:\/\/v2charge.com\/wp-content\/uploads\/2025\/04\/powertodrive-v2c-2025-50x29.jpg",50,29,true],"xl":["https:\/\/v2charge.com\/wp-content\/uploads\/2025\/04\/powertodrive-v2c-2025.jpg",960,560,false],"xxl":["https:\/\/v2charge.com\/wp-content\/uploads\/2025\/04\/powertodrive-v2c-2025.jpg",960,560,false],"xxxl":["https:\/\/v2charge.com\/wp-content\/uploads\/2025\/04\/powertodrive-v2c-2025.jpg",960,560,false],"xxxxl":["https:\/\/v2charge.com\/wp-content\/uploads\/2025\/04\/powertodrive-v2c-2025.jpg",960,560,false],"xxxxxl":["https:\/\/v2charge.com\/wp-content\/uploads\/2025\/04\/powertodrive-v2c-2025.jpg",960,560,false],"1536x1536":["https:\/\/v2charge.com\/wp-content\/uploads\/2025\/04\/powertodrive-v2c-2025.jpg",960,560,false],"2048x2048":["https:\/\/v2charge.com\/wp-content\/uploads\/2025\/04\/powertodrive-v2c-2025.jpg",960,560,false]},"uagb_author_info":{"display_name":"V2C","author_link":"https:\/\/v2charge.com\/fi\/author\/root_k4eu7ki8\/"},"uagb_comment_info":0,"uagb_excerpt":"7-8-9 Toukokuu 2025 M\u00fcnchen, Saksa Hanki ilmainen lippusi Power2Drive 2025 -tapahtumaan! Tule ja vieraile meill\u00e4 Power2Drive-tapahtumassa. T\u00e4yt\u00e4 alla oleva lomake, niin saat my\u00f6hemmin s\u00e4hk\u00f6postin, jolla voit rekister\u00f6ity\u00e4 verkossa ja saada lippusi. N\u00e4hd\u00e4\u00e4n M\u00fcncheniss\u00e4! Tutustu yhteis\u00f6\u00f6mme ja kaikkiin tuleviin tapahtumiin. Milloin 6. helmikuuta 2025 MISS\u00c4 Pariisi, Ranska","_links":{"self":[{"href":"https:\/\/v2charge.com\/fi\/wp-json\/wp\/v2\/pages\/311553","targetHints":{"allow":["GET"]}}],"collection":[{"href":"https:\/\/v2charge.com\/fi\/wp-json\/wp\/v2\/pages"}],"about":[{"href":"https:\/\/v2charge.com\/fi\/wp-json\/wp\/v2\/types\/page"}],"author":[{"embeddable":true,"href":"https:\/\/v2charge.com\/fi\/wp-json\/wp\/v2\/users\/1"}],"replies":[{"embeddable":true,"href":"https:\/\/v2charge.com\/fi\/wp-json\/wp\/v2\/comments?post=311553"}],"version-history":[{"count":0,"href":"https:\/\/v2charge.com\/fi\/wp-json\/wp\/v2\/pages\/311553\/revisions"}],"wp:featuredmedia":[{"embeddable":true,"href":"https:\/\/v2charge.com\/fi\/wp-json\/wp\/v2\/media\/215862"}],"wp:attachment":[{"href":"https:\/\/v2charge.com\/fi\/wp-json\/wp\/v2\/media?parent=311553"}],"curies":[{"name":"wp","href":"https:\/\/api.w.org\/{rel}","templated":true}]}}