{"id":311556,"date":"2023-08-08T15:09:10","date_gmt":"2023-08-08T15:09:10","guid":{"rendered":""},"modified":"2025-01-16T17:30:24","modified_gmt":"2025-01-16T15:30:24","slug":"dynaamisen-tehon-hallinnan-kytkentavirheet-trydanissa","status":"publish","type":"page","link":"https:\/\/v2charge.com\/fi\/dynaamisen-tehon-hallinnan-kytkentavirheet-trydanissa\/","title":{"rendered":"Dynaamisen Tehon Hallinnan Kytkent\u00e4virheet Trydanissa"},"content":{"rendered":"<p>Jos Dynaaminen Tehons\u00e4\u00e4t\u00f6 on aktivoitu Trydan-latauspisteess\u00e4 ja tapahtuu virhe, laturin n\u00e4ytt\u00f6 n\u00e4ytt\u00e4\u00e4 virhekoodin (n\u00e4m\u00e4 ilmoitukset n\u00e4kyv\u00e4t vain versiosta 1.6.18. eteenp\u00e4in).<\/p>\n\n<p>T\u00c4RKE\u00c4 HUOMAUTUS: n\u00e4m\u00e4 virheet eiv\u00e4t ole k\u00e4ytt\u00f6virheit\u00e4, jos latauspiste ei ole kytketty mittariin oikein, se lataa minimiteholla.<\/p>\n\n<p>Ensimm\u00e4inen numero on kaksinumeroisuus ja osoittaa k\u00e4ytett\u00e4v\u00e4n orjan. Se on hy\u00f6dyllinen n\u00e4hd\u00e4, olemmeko valinneet oikean. Muista, ett\u00e4 orja otetaan ensimm\u00e4isess\u00e4 kokoonpanossa, ja se on mittari, jota aiomme k\u00e4ytt\u00e4\u00e4 toimintojen suorittamiseen.<\/p>\n\n\n<ul class=\"wp-block-list\"><li>00 &#8211; Shelly Meter<\/li>\n\n<li>01 &#8211; V2C Mittari Orja 2.0<\/li>\n\n<li>02 &#8211; Mittari Orja V2C 1.0<\/li>\n\n<li>03 &#8211; Huawei-invertterin liitt\u00e4minen<\/li>\n\n<li>04 &#8211; Yhteys Solax-invertteriin<\/li>\n\n<li>05 &#8211; Yhteys Kostal-invertteriin<\/li>\n\n<li>06 &#8211; Yhteys Fronius-invertteriin<\/li>\n\n<li>07 &#8211; Yhteys Ingeteam-invertteriin<\/li>\n\n<li>08 &#8211; Yhteys Wibeee-mittariin<\/li>\n\n<li>09 &#8211; Yhteys Victron-mittariin<\/li>\n\n<li>10 &#8211; Yhteys SolarEdge-invertteriin<\/li>\n\n<li>11 &#8211; MQTT-protokollan k\u00e4ytt\u00f6<\/li>\n\n<li>12 &#8211; Goodwe-invertterin liit\u00e4nt\u00e4<\/li>\n\n<li>13 &#8211; Yhteys SAJ \/ GreenHeiss invertteriin<\/li>\n\n<li>14 &#8211; Solis-invertterin liit\u00e4nt\u00e4<\/li>\n\n<li>15 &#8211; Yhteys Chint-mittariin DDSU666<\/li>\n\n<li>16 &#8211; Eastron-mittarin liit\u00e4nt\u00e4<\/li>\n\n<li>17 &#8211; Yhteys Phoneix Contact -mittariin<\/li>\n\n<li>18 &#8211; Carlo Gavazzi -mittarin liit\u00e4nt\u00e4<\/li>\n\n<li>19 &#8211; Yhteys SMA-mittariin<\/li>\n\n<li>20 &#8211; Yhteys Deye \/ Turbo Energy -invertteriin<\/li>\n\n<li>21 &#8211; Yhteys ENPHASE-invertteriin<\/li>\n\n<li>22 &#8211; Yhteys Wifi-mittariin P1 Meter<\/li><\/ul>\n\n\n\n<p><\/p>\n\n\n<p><strong>JOS SE SANOO YHTEYSVIRHE, SE TARKOITTAA, ETT\u00c4 KAAPELI ON YHDISTETTY V\u00c4\u00c4RIN. EMME SAA MIT\u00c4\u00c4N TIETOA.<\/strong><\/p>\n\n<p>Yll\u00e4 mainitun numeron j\u00e4lkeen on 3 muuta numeroa. Niiden merkitys on selitetty alla:<\/p>\n\n\n<ul class=\"wp-block-list\"><li>001 &#8211; Virhe vain Goodwe-laitteille, joissa on UDP-protokolla.<\/li>\n\n<li>002 &#8211; Virhe vain orjilla 1 ja 2: kehykset saapuvat vaurioituneina. Mahdollisesti orjamittarin vika. Melua signaalissa.<\/li>\n\n<li>004 &#8211; Se yritt\u00e4\u00e4 muodostaa yhteytt\u00e4 WiFi-verkkoon uudelleen, ja orja k\u00e4ytt\u00e4\u00e4 t\u00e4t\u00e4 WiFi-teknologiaa yhdist\u00e4\u00e4kseen.<\/li>\n\n<li>005 &#8211; RTU-johto orja ei vastaa.<\/li>\n\n<li>006 &#8211; HTTP-pyynt\u00f6 tehty ja yhteys ep\u00e4onnistui (Shelly, Solax, Kostal Piko, Enphase, P1 Meter, SAJ [Solar Data], Wibeee). Yhteyden muodostaminen Modbus TCP -palvelimeen ep\u00e4onnistui (Huawei, Kostal Plenticore, Fronius, Ingeteam, SMA Sunny, SolarEdge, Victron).<\/li>\n\n<li>007 &#8211; Shellyn automaattinen haku ei l\u00f6yt\u00e4nyt mit\u00e4\u00e4n laitetta (suositellaan ilmoittamaan Shellyn kiinte\u00e4 IP-osoite Trydan-laturissa).<\/li>\n\n<li>008 &#8211; WiFi-yhteydell\u00e4 varustettu orja on valittu, eik\u00e4 Trydan koskaan yhdistynyt m\u00e4\u00e4ritettyyn WiFi-verkkoon.<\/li>\n\n<li>009 &#8211; Aikakatkaisu pyynt\u00f6\u00f6n orjalle on vastaanotettu.<\/li>\n\n<li>010 &#8211; Tietoja vastaanotetaan puristimelta, joka ei ole kytketty kanavalle, jota tarvitaan (Mono + PV puristin 1 tai 4, Kolmivaiheinen puristin 1, 2 tai 3).<\/li><\/ul>\n\n\n\n<p><\/p>\n\n\n<p>Jos virhekoodi on suurempi kuin 11, n\u00e4m\u00e4 ovat MODBUS RTU- tai TCP-protokollassa tyypillisi\u00e4 virheit\u00e4. Vain erikoistuneelle henkil\u00f6st\u00f6lle.<\/p>\n\n\n<ul class=\"wp-block-list\"><li>021 &#8211; LAILLINEN_TOIMINTO&nbsp;<\/li>\n\n<li>022 &#8211; LAITON_DATAN_OSOITE&nbsp;&nbsp;<\/li>\n\n<li>023 &#8211; LAITON_TIEDON_ARVO&nbsp;&nbsp;<\/li>\n\n<li>024 &#8211; SERVER_DEVICE_FAILURE<\/li>\n\n<li>025 &#8211; VAHVISTAA&nbsp;<\/li>\n\n<li>026 &#8211; SERVER_DEVICE_BUSY&nbsp;<\/li>\n\n<li>027 &#8211; NEGATIIVINEN_VAHVISTUS&nbsp;&nbsp;&nbsp;<\/li>\n\n<li>028 &#8211; MUISTIN_PARITEETTIVIRHE&nbsp;<\/li>\n\n<li>030 &#8211; GATEWAY_PATH_UNAVAIL&nbsp;<\/li>\n\n<li>031 &#8211; GATEWAY_TARGET_NO_RESP <\/li>\n\n<li>032 &#8211; SERVER_RTU_INACTIVE&nbsp;<\/li>\n\n<li>244 &#8211; AIKATUUS<\/li>\n\n<li>245 &#8211; VIRHEELLINEN_SERVERS<\/li>\n\n<li>246 &#8211; CRC_VIRHE&nbsp;&nbsp;&nbsp;&nbsp;&nbsp;&nbsp;&nbsp;&nbsp;&nbsp;&nbsp;&nbsp;&nbsp;&nbsp; <\/li>\n\n<li>247 &#8211; FC_YHTEENSOPIMATTOMUUS<\/li>\n\n<li>248 &#8211; SERVER_ID_MISMATCH&nbsp;&nbsp;&nbsp;<\/li>\n\n<li>249 &#8211; PAKETIN_PITUUS_VIRHE&nbsp;&nbsp;&nbsp;<\/li>\n\n<li>250 &#8211; PARAMETER_COUNT_ERROR&nbsp; <\/li>\n\n<li>251 &#8211; PARAMETER_LIMIT_ERROR&nbsp; <\/li>\n\n<li>252 &#8211; PYYNT\u00d6JONO_T\u00c4YNN\u00c4&nbsp;&nbsp;&nbsp;<\/li>\n\n<li>253&nbsp;&#8211; LAITON_IP_TAI_PORTTI&nbsp;&nbsp;&nbsp;&nbsp; <\/li>\n\n<li>254 &#8211; IP_YHTEYS_EPAONNISTUI&nbsp;&nbsp; <\/li>\n\n<li>255 &#8211; TCP_HEAD_MISMATCH&nbsp;&nbsp;&nbsp;&nbsp;&nbsp; <\/li>\n\n<li>256 &#8211; TYHJ\u00c4_VIESTI&nbsp;<\/li>\n\n<li>275 &#8211; M\u00c4\u00c4RITT\u00c4M\u00c4T\u00d6N_VIRHE&nbsp;&nbsp;&nbsp;&nbsp;&nbsp;&nbsp;&nbsp;  <\/li><\/ul>\n\n\n\n<p><\/p>\n","protected":false},"excerpt":{"rendered":"<p>Jos Dynaaminen Tehons\u00e4\u00e4t\u00f6 on aktivoitu Trydan-latauspisteess\u00e4 ja tapahtuu virhe, laturin n\u00e4ytt\u00f6 n\u00e4ytt\u00e4\u00e4 virhekoodin (n\u00e4m\u00e4 ilmoitukset n\u00e4kyv\u00e4t vain versiosta 1.6.18. eteenp\u00e4in). T\u00c4RKE\u00c4 HUOMAUTUS: n\u00e4m\u00e4 virheet eiv\u00e4t ole k\u00e4ytt\u00f6virheit\u00e4, jos latauspiste ei ole kytketty mittariin oikein, se lataa minimiteholla. Ensimm\u00e4inen numero on kaksinumeroisuus ja osoittaa k\u00e4ytett\u00e4v\u00e4n orjan. Se on hy\u00f6dyllinen n\u00e4hd\u00e4, olemmeko valinneet oikean. Muista, ett\u00e4 orja &#8230; <a title=\"Dynaamisen Tehon Hallinnan Kytkent\u00e4virheet Trydanissa\" class=\"read-more\" href=\"https:\/\/v2charge.com\/fi\/dynaamisen-tehon-hallinnan-kytkentavirheet-trydanissa\/\" aria-label=\"Lue lis\u00e4\u00e4 aiheesta Dynaamisen Tehon Hallinnan Kytkent\u00e4virheet Trydanissa\">Lue lis\u00e4\u00e4<\/a><\/p>\n","protected":false},"author":1,"featured_media":170346,"parent":0,"menu_order":0,"comment_status":"closed","ping_status":"closed","template":"","meta":{"_eb_attr":"","content-type":"","_uag_custom_page_level_css":"","footnotes":""},"class_list":["post-311556","page","type-page","status-publish","has-post-thumbnail"],"yoast_head":"<!-- This site is optimized with the Yoast SEO plugin v25.3.1 - https:\/\/yoast.com\/wordpress\/plugins\/seo\/ -->\n<title>Virheet Trydanin dynaamisessa teho-ohjauksessa | V2C<\/title>\n<meta name=\"description\" content=\"Tunnista erilaiset mahdolliset Trydan-yhteysvirheet dynaamisen tehohallinnan avulla l\u00f6yt\u00e4\u00e4ksesi ratkaisun.\" \/>\n<meta name=\"robots\" content=\"index, follow, max-snippet:-1, max-image-preview:large, max-video-preview:-1\" \/>\n<link rel=\"canonical\" href=\"https:\/\/v2charge.com\/fi\/dynaamisen-tehon-hallinnan-kytkentavirheet-trydanissa\/\" \/>\n<meta property=\"og:locale\" content=\"fi_FI\" \/>\n<meta property=\"og:type\" content=\"article\" \/>\n<meta property=\"og:title\" content=\"Virheet Trydanin dynaamisessa teho-ohjauksessa | V2C\" \/>\n<meta property=\"og:description\" content=\"Tunnista erilaiset mahdolliset Trydan-yhteysvirheet dynaamisen tehohallinnan avulla l\u00f6yt\u00e4\u00e4ksesi ratkaisun.\" \/>\n<meta property=\"og:url\" content=\"https:\/\/v2charge.com\/fi\/dynaamisen-tehon-hallinnan-kytkentavirheet-trydanissa\/\" \/>\n<meta property=\"og:site_name\" content=\"V2C\" \/>\n<meta property=\"article:publisher\" content=\"https:\/\/www.facebook.com\/V2C.Charge\" \/>\n<meta property=\"article:modified_time\" content=\"2025-01-16T15:30:24+00:00\" \/>\n<meta property=\"og:image\" content=\"https:\/\/v2charge.com\/wp-content\/uploads\/2024\/07\/v2c-electric-chargers.jpg\" \/>\n\t<meta property=\"og:image:width\" content=\"1200\" \/>\n\t<meta property=\"og:image:height\" content=\"675\" \/>\n\t<meta property=\"og:image:type\" content=\"image\/jpeg\" \/>\n<meta name=\"twitter:card\" content=\"summary_large_image\" \/>\n<meta name=\"twitter:site\" content=\"@V2C_Charge\" \/>\n<meta name=\"twitter:label1\" content=\"Arvioitu lukuaika\" \/>\n\t<meta name=\"twitter:data1\" content=\"3 minuuttia\" \/>\n<script type=\"application\/ld+json\" class=\"yoast-schema-graph\">{\"@context\":\"https:\/\/schema.org\",\"@graph\":[{\"@type\":\"WebPage\",\"@id\":\"https:\/\/v2charge.com\/fi\/dynaamisen-tehon-hallinnan-kytkentavirheet-trydanissa\/\",\"url\":\"https:\/\/v2charge.com\/fi\/dynaamisen-tehon-hallinnan-kytkentavirheet-trydanissa\/\",\"name\":\"Virheet Trydanin dynaamisessa teho-ohjauksessa | V2C\",\"isPartOf\":{\"@id\":\"https:\/\/v2charge.com\/fi\/#website\"},\"primaryImageOfPage\":{\"@id\":\"https:\/\/v2charge.com\/fi\/dynaamisen-tehon-hallinnan-kytkentavirheet-trydanissa\/#primaryimage\"},\"image\":{\"@id\":\"https:\/\/v2charge.com\/fi\/dynaamisen-tehon-hallinnan-kytkentavirheet-trydanissa\/#primaryimage\"},\"thumbnailUrl\":\"https:\/\/v2charge.com\/wp-content\/uploads\/2024\/07\/v2c-electric-chargers.jpg\",\"datePublished\":\"2023-08-08T15:09:10+00:00\",\"dateModified\":\"2025-01-16T15:30:24+00:00\",\"description\":\"Tunnista erilaiset mahdolliset Trydan-yhteysvirheet dynaamisen tehohallinnan avulla l\u00f6yt\u00e4\u00e4ksesi ratkaisun.\",\"breadcrumb\":{\"@id\":\"https:\/\/v2charge.com\/fi\/dynaamisen-tehon-hallinnan-kytkentavirheet-trydanissa\/#breadcrumb\"},\"inLanguage\":\"fi\",\"potentialAction\":[{\"@type\":\"ReadAction\",\"target\":[\"https:\/\/v2charge.com\/fi\/dynaamisen-tehon-hallinnan-kytkentavirheet-trydanissa\/\"]}]},{\"@type\":\"ImageObject\",\"inLanguage\":\"fi\",\"@id\":\"https:\/\/v2charge.com\/fi\/dynaamisen-tehon-hallinnan-kytkentavirheet-trydanissa\/#primaryimage\",\"url\":\"https:\/\/v2charge.com\/wp-content\/uploads\/2024\/07\/v2c-electric-chargers.jpg\",\"contentUrl\":\"https:\/\/v2charge.com\/wp-content\/uploads\/2024\/07\/v2c-electric-chargers.jpg\",\"width\":1200,\"height\":675,\"caption\":\"V2C Electric Chargers\"},{\"@type\":\"BreadcrumbList\",\"@id\":\"https:\/\/v2charge.com\/fi\/dynaamisen-tehon-hallinnan-kytkentavirheet-trydanissa\/#breadcrumb\",\"itemListElement\":[{\"@type\":\"ListItem\",\"position\":1,\"name\":\"V2C\",\"item\":\"https:\/\/v2charge.com\/fi\/\"},{\"@type\":\"ListItem\",\"position\":2,\"name\":\"Dynaamisen Tehon Hallinnan Kytkent\u00e4virheet Trydanissa\"}]},{\"@type\":\"WebSite\",\"@id\":\"https:\/\/v2charge.com\/fi\/#website\",\"url\":\"https:\/\/v2charge.com\/fi\/\",\"name\":\"V2C\",\"description\":\"#CargandoElMa\u00f1ana\",\"publisher\":{\"@id\":\"https:\/\/v2charge.com\/fi\/#organization\"},\"potentialAction\":[{\"@type\":\"SearchAction\",\"target\":{\"@type\":\"EntryPoint\",\"urlTemplate\":\"https:\/\/v2charge.com\/fi\/?s={search_term_string}\"},\"query-input\":{\"@type\":\"PropertyValueSpecification\",\"valueRequired\":true,\"valueName\":\"search_term_string\"}}],\"inLanguage\":\"fi\"},{\"@type\":\"Organization\",\"@id\":\"https:\/\/v2charge.com\/fi\/#organization\",\"name\":\"V2C\",\"url\":\"https:\/\/v2charge.com\/fi\/\",\"logo\":{\"@type\":\"ImageObject\",\"inLanguage\":\"fi\",\"@id\":\"https:\/\/v2charge.com\/fi\/#\/schema\/logo\/image\/\",\"url\":\"https:\/\/v2charge.com\/wp-content\/uploads\/2024\/11\/cropped-v2c-charge-logo-menu.png\",\"contentUrl\":\"https:\/\/v2charge.com\/wp-content\/uploads\/2024\/11\/cropped-v2c-charge-logo-menu.png\",\"width\":984,\"height\":431,\"caption\":\"V2C\"},\"image\":{\"@id\":\"https:\/\/v2charge.com\/fi\/#\/schema\/logo\/image\/\"},\"sameAs\":[\"https:\/\/www.facebook.com\/V2C.Charge\",\"https:\/\/x.com\/V2C_Charge\",\"https:\/\/www.instagram.com\/v2c.charge\/\",\"https:\/\/www.youtube.com\/@V2C\",\"https:\/\/www.linkedin.com\/company\/v2c-chargers\/\"]}]}<\/script>\n<!-- \/ Yoast SEO plugin. -->","yoast_head_json":{"title":"Virheet Trydanin dynaamisessa teho-ohjauksessa | V2C","description":"Tunnista erilaiset mahdolliset Trydan-yhteysvirheet dynaamisen tehohallinnan avulla l\u00f6yt\u00e4\u00e4ksesi ratkaisun.","robots":{"index":"index","follow":"follow","max-snippet":"max-snippet:-1","max-image-preview":"max-image-preview:large","max-video-preview":"max-video-preview:-1"},"canonical":"https:\/\/v2charge.com\/fi\/dynaamisen-tehon-hallinnan-kytkentavirheet-trydanissa\/","og_locale":"fi_FI","og_type":"article","og_title":"Virheet Trydanin dynaamisessa teho-ohjauksessa | V2C","og_description":"Tunnista erilaiset mahdolliset Trydan-yhteysvirheet dynaamisen tehohallinnan avulla l\u00f6yt\u00e4\u00e4ksesi ratkaisun.","og_url":"https:\/\/v2charge.com\/fi\/dynaamisen-tehon-hallinnan-kytkentavirheet-trydanissa\/","og_site_name":"V2C","article_publisher":"https:\/\/www.facebook.com\/V2C.Charge","article_modified_time":"2025-01-16T15:30:24+00:00","og_image":[{"width":1200,"height":675,"url":"https:\/\/v2charge.com\/wp-content\/uploads\/2024\/07\/v2c-electric-chargers.jpg","type":"image\/jpeg"}],"twitter_card":"summary_large_image","twitter_site":"@V2C_Charge","twitter_misc":{"Arvioitu lukuaika":"3 minuuttia"},"schema":{"@context":"https:\/\/schema.org","@graph":[{"@type":"WebPage","@id":"https:\/\/v2charge.com\/fi\/dynaamisen-tehon-hallinnan-kytkentavirheet-trydanissa\/","url":"https:\/\/v2charge.com\/fi\/dynaamisen-tehon-hallinnan-kytkentavirheet-trydanissa\/","name":"Virheet Trydanin dynaamisessa teho-ohjauksessa | V2C","isPartOf":{"@id":"https:\/\/v2charge.com\/fi\/#website"},"primaryImageOfPage":{"@id":"https:\/\/v2charge.com\/fi\/dynaamisen-tehon-hallinnan-kytkentavirheet-trydanissa\/#primaryimage"},"image":{"@id":"https:\/\/v2charge.com\/fi\/dynaamisen-tehon-hallinnan-kytkentavirheet-trydanissa\/#primaryimage"},"thumbnailUrl":"https:\/\/v2charge.com\/wp-content\/uploads\/2024\/07\/v2c-electric-chargers.jpg","datePublished":"2023-08-08T15:09:10+00:00","dateModified":"2025-01-16T15:30:24+00:00","description":"Tunnista erilaiset mahdolliset Trydan-yhteysvirheet dynaamisen tehohallinnan avulla l\u00f6yt\u00e4\u00e4ksesi ratkaisun.","breadcrumb":{"@id":"https:\/\/v2charge.com\/fi\/dynaamisen-tehon-hallinnan-kytkentavirheet-trydanissa\/#breadcrumb"},"inLanguage":"fi","potentialAction":[{"@type":"ReadAction","target":["https:\/\/v2charge.com\/fi\/dynaamisen-tehon-hallinnan-kytkentavirheet-trydanissa\/"]}]},{"@type":"ImageObject","inLanguage":"fi","@id":"https:\/\/v2charge.com\/fi\/dynaamisen-tehon-hallinnan-kytkentavirheet-trydanissa\/#primaryimage","url":"https:\/\/v2charge.com\/wp-content\/uploads\/2024\/07\/v2c-electric-chargers.jpg","contentUrl":"https:\/\/v2charge.com\/wp-content\/uploads\/2024\/07\/v2c-electric-chargers.jpg","width":1200,"height":675,"caption":"V2C Electric Chargers"},{"@type":"BreadcrumbList","@id":"https:\/\/v2charge.com\/fi\/dynaamisen-tehon-hallinnan-kytkentavirheet-trydanissa\/#breadcrumb","itemListElement":[{"@type":"ListItem","position":1,"name":"V2C","item":"https:\/\/v2charge.com\/fi\/"},{"@type":"ListItem","position":2,"name":"Dynaamisen Tehon Hallinnan Kytkent\u00e4virheet Trydanissa"}]},{"@type":"WebSite","@id":"https:\/\/v2charge.com\/fi\/#website","url":"https:\/\/v2charge.com\/fi\/","name":"V2C","description":"#CargandoElMa\u00f1ana","publisher":{"@id":"https:\/\/v2charge.com\/fi\/#organization"},"potentialAction":[{"@type":"SearchAction","target":{"@type":"EntryPoint","urlTemplate":"https:\/\/v2charge.com\/fi\/?s={search_term_string}"},"query-input":{"@type":"PropertyValueSpecification","valueRequired":true,"valueName":"search_term_string"}}],"inLanguage":"fi"},{"@type":"Organization","@id":"https:\/\/v2charge.com\/fi\/#organization","name":"V2C","url":"https:\/\/v2charge.com\/fi\/","logo":{"@type":"ImageObject","inLanguage":"fi","@id":"https:\/\/v2charge.com\/fi\/#\/schema\/logo\/image\/","url":"https:\/\/v2charge.com\/wp-content\/uploads\/2024\/11\/cropped-v2c-charge-logo-menu.png","contentUrl":"https:\/\/v2charge.com\/wp-content\/uploads\/2024\/11\/cropped-v2c-charge-logo-menu.png","width":984,"height":431,"caption":"V2C"},"image":{"@id":"https:\/\/v2charge.com\/fi\/#\/schema\/logo\/image\/"},"sameAs":["https:\/\/www.facebook.com\/V2C.Charge","https:\/\/x.com\/V2C_Charge","https:\/\/www.instagram.com\/v2c.charge\/","https:\/\/www.youtube.com\/@V2C","https:\/\/www.linkedin.com\/company\/v2c-chargers\/"]}]}},"uagb_featured_image_src":{"full":["https:\/\/v2charge.com\/wp-content\/uploads\/2024\/07\/v2c-electric-chargers.jpg",1200,675,false],"thumbnail":["https:\/\/v2charge.com\/wp-content\/uploads\/2024\/07\/v2c-electric-chargers-150x150.jpg",150,150,true],"medium":["https:\/\/v2charge.com\/wp-content\/uploads\/2024\/07\/v2c-electric-chargers-300x169.jpg",300,169,true],"medium_large":["https:\/\/v2charge.com\/wp-content\/uploads\/2024\/07\/v2c-electric-chargers-768x432.jpg",768,432,true],"large":["https:\/\/v2charge.com\/wp-content\/uploads\/2024\/07\/v2c-electric-chargers-1024x576.jpg",1024,576,true],"gs-tiny":["https:\/\/v2charge.com\/wp-content\/uploads\/2024\/07\/v2c-electric-chargers.jpg",50,28,false],"xl":["https:\/\/v2charge.com\/wp-content\/uploads\/2024\/07\/v2c-electric-chargers.jpg",1200,675,false],"xxl":["https:\/\/v2charge.com\/wp-content\/uploads\/2024\/07\/v2c-electric-chargers.jpg",1200,675,false],"xxxl":["https:\/\/v2charge.com\/wp-content\/uploads\/2024\/07\/v2c-electric-chargers.jpg",1200,675,false],"xxxxl":["https:\/\/v2charge.com\/wp-content\/uploads\/2024\/07\/v2c-electric-chargers.jpg",1200,675,false],"xxxxxl":["https:\/\/v2charge.com\/wp-content\/uploads\/2024\/07\/v2c-electric-chargers.jpg",1200,675,false],"1536x1536":["https:\/\/v2charge.com\/wp-content\/uploads\/2024\/07\/v2c-electric-chargers.jpg",1200,675,false],"2048x2048":["https:\/\/v2charge.com\/wp-content\/uploads\/2024\/07\/v2c-electric-chargers.jpg",1200,675,false]},"uagb_author_info":{"display_name":"V2C","author_link":"https:\/\/v2charge.com\/fi\/author\/root_k4eu7ki8\/"},"uagb_comment_info":0,"uagb_excerpt":"Jos Dynaaminen Tehons\u00e4\u00e4t\u00f6 on aktivoitu Trydan-latauspisteess\u00e4 ja tapahtuu virhe, laturin n\u00e4ytt\u00f6 n\u00e4ytt\u00e4\u00e4 virhekoodin (n\u00e4m\u00e4 ilmoitukset n\u00e4kyv\u00e4t vain versiosta 1.6.18. eteenp\u00e4in). T\u00c4RKE\u00c4 HUOMAUTUS: n\u00e4m\u00e4 virheet eiv\u00e4t ole k\u00e4ytt\u00f6virheit\u00e4, jos latauspiste ei ole kytketty mittariin oikein, se lataa minimiteholla. Ensimm\u00e4inen numero on kaksinumeroisuus ja osoittaa k\u00e4ytett\u00e4v\u00e4n orjan. Se on hy\u00f6dyllinen n\u00e4hd\u00e4, olemmeko valinneet oikean. Muista, ett\u00e4 orja&hellip;","_links":{"self":[{"href":"https:\/\/v2charge.com\/fi\/wp-json\/wp\/v2\/pages\/311556","targetHints":{"allow":["GET"]}}],"collection":[{"href":"https:\/\/v2charge.com\/fi\/wp-json\/wp\/v2\/pages"}],"about":[{"href":"https:\/\/v2charge.com\/fi\/wp-json\/wp\/v2\/types\/page"}],"author":[{"embeddable":true,"href":"https:\/\/v2charge.com\/fi\/wp-json\/wp\/v2\/users\/1"}],"replies":[{"embeddable":true,"href":"https:\/\/v2charge.com\/fi\/wp-json\/wp\/v2\/comments?post=311556"}],"version-history":[{"count":0,"href":"https:\/\/v2charge.com\/fi\/wp-json\/wp\/v2\/pages\/311556\/revisions"}],"wp:featuredmedia":[{"embeddable":true,"href":"https:\/\/v2charge.com\/fi\/wp-json\/wp\/v2\/media\/170346"}],"wp:attachment":[{"href":"https:\/\/v2charge.com\/fi\/wp-json\/wp\/v2\/media?parent=311556"}],"curies":[{"name":"wp","href":"https:\/\/api.w.org\/{rel}","templated":true}]}}