{"id":109398,"date":"2023-07-06T14:01:20","date_gmt":"2023-07-06T14:01:20","guid":{"rendered":"https:\/\/v2charge.com\/?page_id=109398"},"modified":"2024-01-11T11:02:53","modified_gmt":"2024-01-11T09:02:53","slug":"controle-dynamique-puissance","status":"publish","type":"page","link":"https:\/\/v2charge.com\/fr\/controle-dynamique-puissance\/","title":{"rendered":"Contr\u00f4le dynamique de la puissance"},"content":{"rendered":"\n<div class=\"wp-block-uagb-container uagb-block-9e044bbf alignfull uagb-is-root-container\"><div class=\"uagb-container-inner-blocks-wrap\">\n<div class=\"wp-block-uagb-container uagb-block-2b1928c9\">\n<div class=\"wp-block-uagb-container uagb-block-49bed5b0\">\n<div class=\"wp-block-uagb-advanced-heading uagb-block-a4b6aeb2\"><h1 class=\"uagb-heading-text\">Contr\u00f4le dynamique de la puissance<\/h1><\/div>\n\n\n\n<div class=\"wp-block-uagb-advanced-heading uagb-block-934ce47d\"><h2 class=\"uagb-heading-text\">En savoir plus sur les avantages de la recharge intelligente<\/h2><\/div>\n<\/div>\n\n\n\n<div class=\"wp-block-uagb-container uagb-block-8b39fcfe\"><\/div>\n<\/div>\n\n\n\n<div class=\"wp-block-uagb-container uagb-block-f331791a\">\n<div class=\"wp-block-uagb-container uagb-block-29a61aed\">\n<div class=\"wp-block-uagb-image aligncenter uagb-block-f92f25e8 wp-block-uagb-image--layout-default wp-block-uagb-image--effect-static wp-block-uagb-image--align-center\"><figure class=\"wp-block-uagb-image__figure\"><img decoding=\"async\" srcset=\"https:\/\/v2charge.com\/wp-content\/uploads\/2021\/11\/grafica-control-dinamico-de-potencia-5.png \" sizes=\"auto, (max-width: 480px) 150px\" src=\"https:\/\/v2charge.com\/wp-content\/uploads\/2021\/11\/grafica-control-dinamico-de-potencia-5.png\" alt=\"\" class=\"uag-image-60214\" width=\"631\" height=\"392\" title=\"\" loading=\"lazy\"\/><\/figure><\/div>\n<\/div>\n\n\n\n<div class=\"wp-block-uagb-container uagb-block-d2589ced\">\n<p class=\"has-base-3-color has-text-color\">Le contr\u00f4le dynamique est un capteur intelligent qui mesure la puissance de l&rsquo;installation, la demande des appareils \u00e9lectriques dans la maison et le v\u00e9hicule \u00e9lectrique pour r\u00e9guler la charge entre eux.<\/p>\n\n\n\n<p class=\"has-base-3-color has-text-color\">Ainsi, il n&rsquo;est pas n\u00e9cessaire d&rsquo;augmenter la puissance souscrite pour alimenter tous les appareils.<\/p>\n\n\n\n<p class=\"has-base-3-color has-text-color\"><strong>Chargement intelligent. Pas d&rsquo;inqui\u00e9tude. Pas de coupure de courant.<\/strong><\/p>\n<\/div>\n<\/div>\n<\/div><\/div>\n\n\n\n<div class=\"wp-block-uagb-container uagb-block-e17123f4 alignfull uagb-is-root-container\"><div class=\"uagb-container-inner-blocks-wrap\">\n<div class=\"wp-block-uagb-container uagb-block-7d8be00b\">\n<div class=\"wp-block-uagb-container uagb-block-b7afe19d\">\n<div class=\"wp-block-uagb-image aligncenter uagb-block-b95b8c2a wp-block-uagb-image--layout-default wp-block-uagb-image--effect-static wp-block-uagb-image--align-center\"><figure class=\"wp-block-uagb-image__figure\"><img decoding=\"async\" srcset=\"https:\/\/v2charge.com\/wp-content\/uploads\/2023\/07\/seguridad-icono.png \" sizes=\"auto, (max-width: 480px) 150px\" src=\"https:\/\/v2charge.com\/wp-content\/uploads\/2023\/07\/seguridad-icono.png\" alt=\"\" class=\"uag-image-109348\" width=\"81\" height=\"95\" title=\"\" loading=\"lazy\"\/><\/figure><\/div>\n\n\n\n<div class=\"wp-block-uagb-advanced-heading uagb-block-02f08aa8\"><h2 class=\"uagb-heading-text\">S\u00e9curit\u00e9<\/h2><\/div>\n\n\n\n<div class=\"wp-block-uagb-advanced-heading uagb-block-7abf6392\"><p class=\"uagb-heading-text\">L&rsquo;autor\u00e9gulation permet d&rsquo;\u00e9viter les surtensions qui provoquent des coupures de courant.<\/p><\/div>\n<\/div>\n\n\n\n<div class=\"wp-block-uagb-container uagb-block-8c78b48c\">\n<div class=\"wp-block-uagb-image aligncenter uagb-block-f93dfb22 wp-block-uagb-image--layout-default wp-block-uagb-image--effect-static wp-block-uagb-image--align-center\"><figure class=\"wp-block-uagb-image__figure\"><img decoding=\"async\" srcset=\"https:\/\/v2charge.com\/wp-content\/uploads\/2021\/11\/euroahorro-1.png \" sizes=\"auto, (max-width: 480px) 150px\" src=\"https:\/\/v2charge.com\/wp-content\/uploads\/2021\/11\/euroahorro-1.png\" alt=\"\" class=\"uag-image-60937\" width=\"95\" height=\"95\" title=\"\" loading=\"lazy\"\/><\/figure><\/div>\n\n\n\n<div class=\"wp-block-uagb-advanced-heading uagb-block-a66f13d4\"><h2 class=\"uagb-heading-text\">\u00c9pargne<\/h2><\/div>\n\n\n\n<div class=\"wp-block-uagb-advanced-heading uagb-block-132c2eac\"><p class=\"uagb-heading-text\">Il permet de r\u00e9duire la consommation d&rsquo;\u00e9nergie, sans qu&rsquo;il soit n\u00e9cessaire d&rsquo;augmenter la puissance souscrite.<\/p><\/div>\n<\/div>\n\n\n\n<div class=\"wp-block-uagb-container uagb-block-64a6f31b\">\n<div class=\"wp-block-uagb-image aligncenter uagb-block-9e078ddc wp-block-uagb-image--layout-default wp-block-uagb-image--effect-static wp-block-uagb-image--align-center\"><figure class=\"wp-block-uagb-image__figure\"><img decoding=\"async\" srcset=\"https:\/\/v2charge.com\/wp-content\/uploads\/2021\/11\/Balance-4.png \" sizes=\"auto, (max-width: 480px) 150px\" src=\"https:\/\/v2charge.com\/wp-content\/uploads\/2021\/11\/Balance-4.png\" alt=\"\" class=\"uag-image-60501\" width=\"96\" height=\"96\" title=\"\" loading=\"lazy\"\/><\/figure><\/div>\n\n\n\n<div class=\"wp-block-uagb-advanced-heading uagb-block-cabcd7ce\"><h2 class=\"uagb-heading-text\">\u00c9quilibre<\/h2><\/div>\n\n\n\n<div class=\"wp-block-uagb-advanced-heading uagb-block-2c2f74ad\"><p class=\"uagb-heading-text\">Le reste de l&rsquo;\u00e9nergie de la maison est utilis\u00e9 pour la recharge des v\u00e9hicules.<\/p><\/div>\n<\/div>\n<\/div>\n<\/div><\/div>\n\n\n\n<div class=\"wp-block-uagb-container uagb-block-7ac16d58 alignfull uagb-is-root-container\"><div class=\"uagb-container-inner-blocks-wrap\">\n<div class=\"wp-block-uagb-container uagb-block-f4350d0d\">\n<div class=\"wp-block-uagb-container uagb-block-3eac3468\">\n<div class=\"flourish-embed\" data-src=\"visualisation\/323987\"><\/div>\n<script src=\"https:\/\/public.flourish.studio\/resources\/embed.js\"><\/script>\n<\/div>\n\n\n\n<div class=\"wp-block-uagb-container uagb-block-0486ff70\">\n<div class=\"flourish-embed flourish-chart\" data-src=\"visualisation\/323949\"><\/div>\n<script src=\"https:\/\/public.flourish.studio\/resources\/embed.js\"><\/script>\n<\/div>\n<\/div>\n<\/div><\/div>\n\n\n\n<div class=\"wp-block-uagb-container uagb-block-5eae9c66 alignfull uagb-is-root-container\"><div class=\"uagb-container-inner-blocks-wrap\">\n<div class=\"wp-block-uagb-container uagb-block-879a5a1c\">\n<div class=\"wp-block-uagb-container uagb-block-3b9c70bc\">\n<div class=\"wp-block-uagb-advanced-heading uagb-block-e8b930ab\"><h2 class=\"uagb-heading-text\">INT\u00c9GR\u00c9 DANS LES MOD\u00c8LES TRYDAN<\/h2><\/div>\n\n\n\n<div class=\"wp-block-uagb-buttons uagb-buttons__outer-wrap uagb-btn__default-btn uagb-btn-tablet__default-btn uagb-btn-mobile__default-btn uagb-block-ecf9aa30\"><div class=\"uagb-buttons__wrap uagb-buttons-layout-wrap\">\n<div class=\"wp-block-uagb-buttons-child uagb-buttons__outer-wrap uagb-block-adfa7e15 wp-block-button is-style-outline\"><div class=\"uagb-button__wrapper\"><a class=\"uagb-buttons-repeater wp-block-button__link\" href=\"https:\/\/v2charge.com\/fr\/trydan\/\" onclick=\"return true;\" rel=\"follow noopener\" target=\"_self\"><div class=\"uagb-button__link\">VOIR TRYDAN LOADER<\/div><\/a><\/div><\/div>\n<\/div><\/div>\n<\/div>\n\n\n\n<div class=\"wp-block-uagb-container uagb-block-c9110d54\">\n<div class=\"wp-block-uagb-image uagb-block-9fb00072 wp-block-uagb-image--layout-default wp-block-uagb-image--effect-static wp-block-uagb-image--align-none\"><figure class=\"wp-block-uagb-image__figure\"><img decoding=\"async\" srcset=\"https:\/\/v2charge.com\/wp-content\/uploads\/2021\/12\/trydan.jpg \" sizes=\"auto, (max-width: 480px) 150px\" src=\"https:\/\/v2charge.com\/wp-content\/uploads\/2021\/12\/trydan.jpg\" alt=\"\" class=\"uag-image-67172\" width=\"500\" height=\"500\" title=\"\" loading=\"lazy\"\/><\/figure><\/div>\n<\/div>\n<\/div>\n\n\n\n<div class=\"wp-block-uagb-buttons uagb-buttons__outer-wrap uagb-btn__default-btn uagb-btn-tablet__default-btn uagb-btn-mobile__default-btn uagb-block-720fafdd\"><div class=\"uagb-buttons__wrap uagb-buttons-layout-wrap\">\n<div class=\"wp-block-uagb-buttons-child uagb-buttons__outer-wrap uagb-block-68856505 wp-block-button\"><div class=\"uagb-button__wrapper\"><a class=\"uagb-buttons-repeater wp-block-button__link\" href=\"https:\/\/v2charge.com\/fr\/support\/trydan\/controle-dynamique-puissance\/\" onclick=\"return true;\" rel=\"follow noopener\" target=\"_self\"><div class=\"uagb-button__link\">Voir les param\u00e8tres de contr\u00f4le dynamique de la puissance<\/div><\/a><\/div><\/div>\n<\/div><\/div>\n<\/div><\/div>\n","protected":false},"excerpt":{"rendered":"<p>Contr\u00f4le dynamique de la puissance En savoir plus sur les avantages de la recharge intelligente Le contr\u00f4le dynamique est un capteur intelligent qui mesure la puissance de l&rsquo;installation, la demande des appareils \u00e9lectriques dans la maison et le v\u00e9hicule \u00e9lectrique pour r\u00e9guler la charge entre eux. Ainsi, il n&rsquo;est pas n\u00e9cessaire d&rsquo;augmenter la puissance souscrite &#8230; <a title=\"Contr\u00f4le dynamique de la puissance\" class=\"read-more\" href=\"https:\/\/v2charge.com\/fr\/controle-dynamique-puissance\/\" aria-label=\"Read more about Contr\u00f4le dynamique de la puissance\">Lire la suite<\/a><\/p>\n","protected":false},"author":400,"featured_media":170349,"parent":0,"menu_order":0,"comment_status":"closed","ping_status":"closed","template":"","meta":{"_eb_attr":"","content-type":"","_uag_custom_page_level_css":"","footnotes":""},"class_list":["post-109398","page","type-page","status-publish","has-post-thumbnail"],"yoast_head":"<!-- This site is optimized with the Yoast SEO plugin v25.3.1 - https:\/\/yoast.com\/wordpress\/plugins\/seo\/ -->\n<title>Contr\u00f4le dynamique de la puissance : qu&#039;est-ce et comment cela fonctionne<\/title>\n<meta name=\"description\" content=\"Le contr\u00f4le dynamique de la puissance vous permet de r\u00e9guler la puissance contract\u00e9e entre les diff\u00e9rents appareils \u00e9lectroniques de votre maison. Pour en savoir plus.\" \/>\n<meta name=\"robots\" content=\"index, follow, max-snippet:-1, max-image-preview:large, max-video-preview:-1\" \/>\n<link rel=\"canonical\" href=\"https:\/\/v2charge.com\/fr\/controle-dynamique-puissance\/\" \/>\n<meta property=\"og:locale\" content=\"fr_FR\" \/>\n<meta property=\"og:type\" content=\"article\" \/>\n<meta property=\"og:title\" content=\"Contr\u00f4le dynamique de la puissance : qu&#039;est-ce et comment cela fonctionne\" \/>\n<meta property=\"og:description\" content=\"Le contr\u00f4le dynamique de la puissance vous permet de r\u00e9guler la puissance contract\u00e9e entre les diff\u00e9rents appareils \u00e9lectroniques de votre maison. Pour en savoir plus.\" \/>\n<meta property=\"og:url\" content=\"https:\/\/v2charge.com\/fr\/controle-dynamique-puissance\/\" \/>\n<meta property=\"og:site_name\" content=\"V2C\" \/>\n<meta property=\"article:publisher\" content=\"https:\/\/www.facebook.com\/V2C.Charge\" \/>\n<meta property=\"article:modified_time\" content=\"2024-01-11T09:02:53+00:00\" \/>\n<meta property=\"og:image\" content=\"https:\/\/v2charge.com\/wp-content\/uploads\/2021\/11\/grafica-control-dinamico-de-potencia-5.png\" \/>\n<meta name=\"twitter:card\" content=\"summary_large_image\" \/>\n<meta name=\"twitter:site\" content=\"@V2C_Charge\" \/>\n<meta name=\"twitter:label1\" content=\"Dur\u00e9e de lecture estim\u00e9e\" \/>\n\t<meta name=\"twitter:data1\" content=\"2 minutes\" \/>\n<script type=\"application\/ld+json\" class=\"yoast-schema-graph\">{\"@context\":\"https:\/\/schema.org\",\"@graph\":[{\"@type\":\"WebPage\",\"@id\":\"https:\/\/v2charge.com\/fr\/controle-dynamique-puissance\/\",\"url\":\"https:\/\/v2charge.com\/fr\/controle-dynamique-puissance\/\",\"name\":\"Contr\u00f4le dynamique de la puissance : qu'est-ce et comment cela fonctionne\",\"isPartOf\":{\"@id\":\"https:\/\/v2charge.com\/fr\/#website\"},\"primaryImageOfPage\":{\"@id\":\"https:\/\/v2charge.com\/fr\/controle-dynamique-puissance\/#primaryimage\"},\"image\":{\"@id\":\"https:\/\/v2charge.com\/fr\/controle-dynamique-puissance\/#primaryimage\"},\"thumbnailUrl\":\"https:\/\/v2charge.com\/wp-content\/uploads\/2024\/07\/v2c-electric-chargers.jpg\",\"datePublished\":\"2023-07-06T14:01:20+00:00\",\"dateModified\":\"2024-01-11T09:02:53+00:00\",\"description\":\"Le contr\u00f4le dynamique de la puissance vous permet de r\u00e9guler la puissance contract\u00e9e entre les diff\u00e9rents appareils \u00e9lectroniques de votre maison. Pour en savoir plus.\",\"breadcrumb\":{\"@id\":\"https:\/\/v2charge.com\/fr\/controle-dynamique-puissance\/#breadcrumb\"},\"inLanguage\":\"fr-FR\",\"potentialAction\":[{\"@type\":\"ReadAction\",\"target\":[\"https:\/\/v2charge.com\/fr\/controle-dynamique-puissance\/\"]}]},{\"@type\":\"ImageObject\",\"inLanguage\":\"fr-FR\",\"@id\":\"https:\/\/v2charge.com\/fr\/controle-dynamique-puissance\/#primaryimage\",\"url\":\"https:\/\/v2charge.com\/wp-content\/uploads\/2024\/07\/v2c-electric-chargers.jpg\",\"contentUrl\":\"https:\/\/v2charge.com\/wp-content\/uploads\/2024\/07\/v2c-electric-chargers.jpg\",\"width\":1200,\"height\":675,\"caption\":\"V2C Electric Chargers\"},{\"@type\":\"BreadcrumbList\",\"@id\":\"https:\/\/v2charge.com\/fr\/controle-dynamique-puissance\/#breadcrumb\",\"itemListElement\":[{\"@type\":\"ListItem\",\"position\":1,\"name\":\"V2C\",\"item\":\"https:\/\/v2charge.com\/fr\/\"},{\"@type\":\"ListItem\",\"position\":2,\"name\":\"Contr\u00f4le dynamique de la puissance\"}]},{\"@type\":\"WebSite\",\"@id\":\"https:\/\/v2charge.com\/fr\/#website\",\"url\":\"https:\/\/v2charge.com\/fr\/\",\"name\":\"V2C\",\"description\":\"#CargandoElMa\u00f1ana\",\"publisher\":{\"@id\":\"https:\/\/v2charge.com\/fr\/#organization\"},\"potentialAction\":[{\"@type\":\"SearchAction\",\"target\":{\"@type\":\"EntryPoint\",\"urlTemplate\":\"https:\/\/v2charge.com\/fr\/?s={search_term_string}\"},\"query-input\":{\"@type\":\"PropertyValueSpecification\",\"valueRequired\":true,\"valueName\":\"search_term_string\"}}],\"inLanguage\":\"fr-FR\"},{\"@type\":\"Organization\",\"@id\":\"https:\/\/v2charge.com\/fr\/#organization\",\"name\":\"V2C\",\"url\":\"https:\/\/v2charge.com\/fr\/\",\"logo\":{\"@type\":\"ImageObject\",\"inLanguage\":\"fr-FR\",\"@id\":\"https:\/\/v2charge.com\/fr\/#\/schema\/logo\/image\/\",\"url\":\"https:\/\/v2charge.com\/wp-content\/uploads\/2024\/11\/cropped-v2c-charge-logo-menu.png\",\"contentUrl\":\"https:\/\/v2charge.com\/wp-content\/uploads\/2024\/11\/cropped-v2c-charge-logo-menu.png\",\"width\":984,\"height\":431,\"caption\":\"V2C\"},\"image\":{\"@id\":\"https:\/\/v2charge.com\/fr\/#\/schema\/logo\/image\/\"},\"sameAs\":[\"https:\/\/www.facebook.com\/V2C.Charge\",\"https:\/\/x.com\/V2C_Charge\",\"https:\/\/www.instagram.com\/v2c.charge\/\",\"https:\/\/www.youtube.com\/@V2C\",\"https:\/\/www.linkedin.com\/company\/v2c-chargers\/\"]}]}<\/script>\n<!-- \/ Yoast SEO plugin. -->","yoast_head_json":{"title":"Contr\u00f4le dynamique de la puissance : qu'est-ce et comment cela fonctionne","description":"Le contr\u00f4le dynamique de la puissance vous permet de r\u00e9guler la puissance contract\u00e9e entre les diff\u00e9rents appareils \u00e9lectroniques de votre maison. Pour en savoir plus.","robots":{"index":"index","follow":"follow","max-snippet":"max-snippet:-1","max-image-preview":"max-image-preview:large","max-video-preview":"max-video-preview:-1"},"canonical":"https:\/\/v2charge.com\/fr\/controle-dynamique-puissance\/","og_locale":"fr_FR","og_type":"article","og_title":"Contr\u00f4le dynamique de la puissance : qu'est-ce et comment cela fonctionne","og_description":"Le contr\u00f4le dynamique de la puissance vous permet de r\u00e9guler la puissance contract\u00e9e entre les diff\u00e9rents appareils \u00e9lectroniques de votre maison. Pour en savoir plus.","og_url":"https:\/\/v2charge.com\/fr\/controle-dynamique-puissance\/","og_site_name":"V2C","article_publisher":"https:\/\/www.facebook.com\/V2C.Charge","article_modified_time":"2024-01-11T09:02:53+00:00","og_image":[{"url":"https:\/\/v2charge.com\/wp-content\/uploads\/2021\/11\/grafica-control-dinamico-de-potencia-5.png","type":"","width":"","height":""}],"twitter_card":"summary_large_image","twitter_site":"@V2C_Charge","twitter_misc":{"Dur\u00e9e de lecture estim\u00e9e":"2 minutes"},"schema":{"@context":"https:\/\/schema.org","@graph":[{"@type":"WebPage","@id":"https:\/\/v2charge.com\/fr\/controle-dynamique-puissance\/","url":"https:\/\/v2charge.com\/fr\/controle-dynamique-puissance\/","name":"Contr\u00f4le dynamique de la puissance : qu'est-ce et comment cela fonctionne","isPartOf":{"@id":"https:\/\/v2charge.com\/fr\/#website"},"primaryImageOfPage":{"@id":"https:\/\/v2charge.com\/fr\/controle-dynamique-puissance\/#primaryimage"},"image":{"@id":"https:\/\/v2charge.com\/fr\/controle-dynamique-puissance\/#primaryimage"},"thumbnailUrl":"https:\/\/v2charge.com\/wp-content\/uploads\/2024\/07\/v2c-electric-chargers.jpg","datePublished":"2023-07-06T14:01:20+00:00","dateModified":"2024-01-11T09:02:53+00:00","description":"Le contr\u00f4le dynamique de la puissance vous permet de r\u00e9guler la puissance contract\u00e9e entre les diff\u00e9rents appareils \u00e9lectroniques de votre maison. Pour en savoir plus.","breadcrumb":{"@id":"https:\/\/v2charge.com\/fr\/controle-dynamique-puissance\/#breadcrumb"},"inLanguage":"fr-FR","potentialAction":[{"@type":"ReadAction","target":["https:\/\/v2charge.com\/fr\/controle-dynamique-puissance\/"]}]},{"@type":"ImageObject","inLanguage":"fr-FR","@id":"https:\/\/v2charge.com\/fr\/controle-dynamique-puissance\/#primaryimage","url":"https:\/\/v2charge.com\/wp-content\/uploads\/2024\/07\/v2c-electric-chargers.jpg","contentUrl":"https:\/\/v2charge.com\/wp-content\/uploads\/2024\/07\/v2c-electric-chargers.jpg","width":1200,"height":675,"caption":"V2C Electric Chargers"},{"@type":"BreadcrumbList","@id":"https:\/\/v2charge.com\/fr\/controle-dynamique-puissance\/#breadcrumb","itemListElement":[{"@type":"ListItem","position":1,"name":"V2C","item":"https:\/\/v2charge.com\/fr\/"},{"@type":"ListItem","position":2,"name":"Contr\u00f4le dynamique de la puissance"}]},{"@type":"WebSite","@id":"https:\/\/v2charge.com\/fr\/#website","url":"https:\/\/v2charge.com\/fr\/","name":"V2C","description":"#CargandoElMa\u00f1ana","publisher":{"@id":"https:\/\/v2charge.com\/fr\/#organization"},"potentialAction":[{"@type":"SearchAction","target":{"@type":"EntryPoint","urlTemplate":"https:\/\/v2charge.com\/fr\/?s={search_term_string}"},"query-input":{"@type":"PropertyValueSpecification","valueRequired":true,"valueName":"search_term_string"}}],"inLanguage":"fr-FR"},{"@type":"Organization","@id":"https:\/\/v2charge.com\/fr\/#organization","name":"V2C","url":"https:\/\/v2charge.com\/fr\/","logo":{"@type":"ImageObject","inLanguage":"fr-FR","@id":"https:\/\/v2charge.com\/fr\/#\/schema\/logo\/image\/","url":"https:\/\/v2charge.com\/wp-content\/uploads\/2024\/11\/cropped-v2c-charge-logo-menu.png","contentUrl":"https:\/\/v2charge.com\/wp-content\/uploads\/2024\/11\/cropped-v2c-charge-logo-menu.png","width":984,"height":431,"caption":"V2C"},"image":{"@id":"https:\/\/v2charge.com\/fr\/#\/schema\/logo\/image\/"},"sameAs":["https:\/\/www.facebook.com\/V2C.Charge","https:\/\/x.com\/V2C_Charge","https:\/\/www.instagram.com\/v2c.charge\/","https:\/\/www.youtube.com\/@V2C","https:\/\/www.linkedin.com\/company\/v2c-chargers\/"]}]}},"uagb_featured_image_src":{"full":["https:\/\/v2charge.com\/wp-content\/uploads\/2024\/07\/v2c-electric-chargers.jpg",1200,675,false],"thumbnail":["https:\/\/v2charge.com\/wp-content\/uploads\/2024\/07\/v2c-electric-chargers-150x150.jpg",150,150,true],"medium":["https:\/\/v2charge.com\/wp-content\/uploads\/2024\/07\/v2c-electric-chargers-300x169.jpg",300,169,true],"medium_large":["https:\/\/v2charge.com\/wp-content\/uploads\/2024\/07\/v2c-electric-chargers-768x432.jpg",768,432,true],"large":["https:\/\/v2charge.com\/wp-content\/uploads\/2024\/07\/v2c-electric-chargers-1024x576.jpg",1024,576,true],"gs-tiny":["https:\/\/v2charge.com\/wp-content\/uploads\/2024\/07\/v2c-electric-chargers.jpg",50,28,false],"xl":["https:\/\/v2charge.com\/wp-content\/uploads\/2024\/07\/v2c-electric-chargers.jpg",1200,675,false],"xxl":["https:\/\/v2charge.com\/wp-content\/uploads\/2024\/07\/v2c-electric-chargers.jpg",1200,675,false],"xxxl":["https:\/\/v2charge.com\/wp-content\/uploads\/2024\/07\/v2c-electric-chargers.jpg",1200,675,false],"xxxxl":["https:\/\/v2charge.com\/wp-content\/uploads\/2024\/07\/v2c-electric-chargers.jpg",1200,675,false],"xxxxxl":["https:\/\/v2charge.com\/wp-content\/uploads\/2024\/07\/v2c-electric-chargers.jpg",1200,675,false],"1536x1536":["https:\/\/v2charge.com\/wp-content\/uploads\/2024\/07\/v2c-electric-chargers.jpg",1200,675,false],"2048x2048":["https:\/\/v2charge.com\/wp-content\/uploads\/2024\/07\/v2c-electric-chargers.jpg",1200,675,false]},"uagb_author_info":{"display_name":"V2C","author_link":"https:\/\/v2charge.com\/fr\/author\/marketing\/"},"uagb_comment_info":0,"uagb_excerpt":"Contr\u00f4le dynamique de la puissance En savoir plus sur les avantages de la recharge intelligente Le contr\u00f4le dynamique est un capteur intelligent qui mesure la puissance de l&rsquo;installation, la demande des appareils \u00e9lectriques dans la maison et le v\u00e9hicule \u00e9lectrique pour r\u00e9guler la charge entre eux. Ainsi, il n&rsquo;est pas n\u00e9cessaire d&rsquo;augmenter la puissance souscrite\u2026","_links":{"self":[{"href":"https:\/\/v2charge.com\/fr\/wp-json\/wp\/v2\/pages\/109398","targetHints":{"allow":["GET"]}}],"collection":[{"href":"https:\/\/v2charge.com\/fr\/wp-json\/wp\/v2\/pages"}],"about":[{"href":"https:\/\/v2charge.com\/fr\/wp-json\/wp\/v2\/types\/page"}],"author":[{"embeddable":true,"href":"https:\/\/v2charge.com\/fr\/wp-json\/wp\/v2\/users\/400"}],"replies":[{"embeddable":true,"href":"https:\/\/v2charge.com\/fr\/wp-json\/wp\/v2\/comments?post=109398"}],"version-history":[{"count":0,"href":"https:\/\/v2charge.com\/fr\/wp-json\/wp\/v2\/pages\/109398\/revisions"}],"wp:featuredmedia":[{"embeddable":true,"href":"https:\/\/v2charge.com\/fr\/wp-json\/wp\/v2\/media\/170349"}],"wp:attachment":[{"href":"https:\/\/v2charge.com\/fr\/wp-json\/wp\/v2\/media?parent=109398"}],"curies":[{"name":"wp","href":"https:\/\/api.w.org\/{rel}","templated":true}]}}