{"id":109922,"date":"2023-07-10T14:14:59","date_gmt":"2023-07-10T14:14:59","guid":{"rendered":"https:\/\/v2charge.com\/funcionamiento-e-key\/"},"modified":"2026-01-09T16:54:15","modified_gmt":"2026-01-09T14:54:15","slug":"configuration-smartlock","status":"publish","type":"page","link":"https:\/\/v2charge.com\/fr\/support\/trydan\/configuration-smartlock\/","title":{"rendered":"V2C SmartLock"},"content":{"rendered":"\n<div class=\"wp-block-uagb-container uagb-block-eaa7bc33 alignfull uagb-is-root-container\"><div class=\"uagb-container-inner-blocks-wrap\"><div class=\"yoast-breadcrumbs\"><span><span><a href=\"https:\/\/v2charge.com\/fr\/\">V2C<\/a><\/span> \u00bb <span><a href=\"https:\/\/v2charge.com\/fr\/support\/\">Support Area<\/a><\/span> \u00bb <span><a href=\"https:\/\/v2charge.com\/fr\/support\/trydan\/\">Support Trydan<\/a><\/span> \u00bb <span class=\"breadcrumb_last\" aria-current=\"page\">V2C SmartLock<\/span><\/span><\/div>\n\n\n<h1 class=\"wp-block-heading\">Qu&rsquo;est-ce que V2C SmartLock ?<\/h1>\n\n\n\n<p><strong>V2C SmartLock<\/strong> est une nouvelle fonctionnalit\u00e9 de l&rsquo;e-Charger Trydan qui vous permet de d\u00e9verrouiller sans fil le chargeur en utilisant une <strong>e-Key<\/strong>, c&rsquo;est-\u00e0-dire un dispositif qui utilise la connectivit\u00e9 <strong>BLE<\/strong> (Bluetooth Low Energy). En utilisant une smartwatch, un bracelet de fitness, un porte-cl\u00e9s ou un v\u00e9hicule \u00e9lectrique comme une Tesla Model 3, vous pouvez d\u00e9verrouiller le chargeur sans avoir \u00e0 utiliser l&rsquo;application V2C Cloud, la plateforme web V2C Cloud ou le clavier de l&rsquo;e-Charger. Pour un fonctionnement correct, il est important que l&rsquo;appareil ait une adresse MAC statique.<\/p>\n\n\n\n<p>La technologie V2C SmartLock de l&rsquo;e-Charger permet de gagner du temps et facilite la recharge de votre voiture \u00e9lectrique. Il suffit d&rsquo;approcher la cl\u00e9 \u00e9lectronique du chargeur pour qu&rsquo;elle se d\u00e9verrouille.<\/p>\n\n\n\n<blockquote class=\"wp-block-quote is-layout-flow wp-block-quote-is-layout-flow\">\n<p><em>NOTE : Avant de relier la cl\u00e9 \u00e9lectronique, vous devez v\u00e9rifier que la version du micrologiciel du chargeur est <strong>1.7<\/strong> ou ult\u00e9rieure. Vous pouvez le v\u00e9rifier dans la section Param\u00e8tres de l&rsquo;appareil &gt; Num\u00e9ro d&rsquo;identification.<\/em><\/p>\n<\/blockquote>\n\n\n\n<h2 class=\"wp-block-heading\">Comment relier une cl\u00e9 \u00e9lectronique au chargeur via V2C SmartLock ?<\/h2>\n\n\n\n<p>Pour appairer la cl\u00e9 \u00e9lectronique avec votre chargeur, allez sur le chargeur de votre voiture \u00e9lectrique et suivez les \u00e9tapes suivantes dans l&rsquo;application V2C Cloud. Dans le cas d&rsquo;un v\u00e9hicule \u00e9lectrique, placez le v\u00e9hicule \u00e0 proximit\u00e9 du chargeur sans autres appareils Bluetooth, car l&rsquo;e-Charger ajoutera l&rsquo;appareil le plus proche.<\/p>\n\n\n\n<div class=\"wp-block-uagb-container uagb-block-c0f11c81 alignfull uagb-is-root-container\"><div class=\"uagb-container-inner-blocks-wrap\">\n<div class=\"wp-block-uagb-image uagb-block-7c991ba3 wp-block-uagb-image--layout-default wp-block-uagb-image--effect-static wp-block-uagb-image--align-none\"><figure class=\"wp-block-uagb-image__figure\"><img decoding=\"async\" srcset=\"https:\/\/v2charge.com\/wp-content\/uploads\/2023\/11\/selectionner-chargeur.jpg ,https:\/\/v2charge.com\/wp-content\/uploads\/2023\/11\/selectionner-chargeur.jpg 780w, https:\/\/v2charge.com\/wp-content\/uploads\/2023\/11\/selectionner-chargeur.jpg 360w\" sizes=\"auto, (max-width: 480px) 150px\" src=\"https:\/\/v2charge.com\/wp-content\/uploads\/2023\/11\/selectionner-chargeur.jpg\" alt=\"\" class=\"uag-image-126398\" width=\"400\" height=\"560\" title=\"\" loading=\"lazy\" role=\"img\"\/><figcaption class=\"uagb-image-caption\">1. Entrez dans l&rsquo;app et s\u00e9lectionnez <br>le chargeur.<\/figcaption><\/figure><\/div>\n\n\n\n<div class=\"wp-block-uagb-image uagb-block-bd67f27a wp-block-uagb-image--layout-default wp-block-uagb-image--effect-static wp-block-uagb-image--align-none\"><figure class=\"wp-block-uagb-image__figure\"><img decoding=\"async\" srcset=\"https:\/\/v2charge.com\/wp-content\/uploads\/2023\/11\/ecran-chargeur-trydan.jpg ,https:\/\/v2charge.com\/wp-content\/uploads\/2023\/11\/ecran-chargeur-trydan.jpg 780w, https:\/\/v2charge.com\/wp-content\/uploads\/2023\/11\/ecran-chargeur-trydan.jpg 360w\" sizes=\"auto, (max-width: 480px) 150px\" src=\"https:\/\/v2charge.com\/wp-content\/uploads\/2023\/11\/ecran-chargeur-trydan.jpg\" alt=\"\" class=\"uag-image-126408\" width=\"400\" height=\"560\" title=\"\" loading=\"lazy\" role=\"img\"\/><figcaption class=\"uagb-image-caption\">2. Cliquez sur le bouton de configuration.<\/figcaption><\/figure><\/div>\n\n\n\n<div class=\"wp-block-uagb-image uagb-block-639e8215 wp-block-uagb-image--layout-default wp-block-uagb-image--effect-static wp-block-uagb-image--align-none\"><figure class=\"wp-block-uagb-image__figure\"><img decoding=\"async\" srcset=\"https:\/\/v2charge.com\/wp-content\/uploads\/2023\/11\/configuration-chargeur-trydan.jpg ,https:\/\/v2charge.com\/wp-content\/uploads\/2023\/11\/configuration-chargeur-trydan.jpg 780w, https:\/\/v2charge.com\/wp-content\/uploads\/2023\/11\/configuration-chargeur-trydan.jpg 360w\" sizes=\"auto, (max-width: 480px) 150px\" src=\"https:\/\/v2charge.com\/wp-content\/uploads\/2023\/11\/configuration-chargeur-trydan.jpg\" alt=\"\" class=\"uag-image-126417\" width=\"400\" height=\"560\" title=\"\" loading=\"lazy\" role=\"img\"\/><figcaption class=\"uagb-image-caption\">3. Allez dans la section<br>&lsquo;e-Keys&rsquo;.<\/figcaption><\/figure><\/div>\n\n\n\n<div class=\"wp-block-uagb-image uagb-block-9489c090 wp-block-uagb-image--layout-default wp-block-uagb-image--effect-static wp-block-uagb-image--align-none\"><figure class=\"wp-block-uagb-image__figure\"><img decoding=\"async\" srcset=\"https:\/\/v2charge.com\/wp-content\/uploads\/2023\/11\/activer-e-keys-chargeur.jpg ,https:\/\/v2charge.com\/wp-content\/uploads\/2023\/11\/activer-e-keys-chargeur.jpg 780w, https:\/\/v2charge.com\/wp-content\/uploads\/2023\/11\/activer-e-keys-chargeur.jpg 360w\" sizes=\"auto, (max-width: 480px) 150px\" src=\"https:\/\/v2charge.com\/wp-content\/uploads\/2023\/11\/activer-e-keys-chargeur.jpg\" alt=\"\" class=\"uag-image-126426\" width=\"400\" height=\"560\" title=\"\" loading=\"lazy\" role=\"img\"\/><figcaption class=\"uagb-image-caption\">4. Cliquez sur le bouton pour activer<br>les e-Keys.<\/figcaption><\/figure><\/div>\n<\/div><\/div>\n\n\n\n<div class=\"wp-block-uagb-container uagb-block-021479bd alignfull uagb-is-root-container\"><div class=\"uagb-container-inner-blocks-wrap\">\n<div class=\"wp-block-uagb-container uagb-block-d6c4d3ff\"><\/div>\n\n\n\n<div class=\"wp-block-uagb-image uagb-block-15481ab6 wp-block-uagb-image--layout-default wp-block-uagb-image--effect-static wp-block-uagb-image--align-none\"><figure class=\"wp-block-uagb-image__figure\"><img decoding=\"async\" srcset=\"https:\/\/v2charge.com\/wp-content\/uploads\/2023\/11\/activer-e-keys.jpg ,https:\/\/v2charge.com\/wp-content\/uploads\/2023\/11\/activer-e-keys.jpg 780w, https:\/\/v2charge.com\/wp-content\/uploads\/2023\/11\/activer-e-keys.jpg 360w\" sizes=\"auto, (max-width: 480px) 150px\" src=\"https:\/\/v2charge.com\/wp-content\/uploads\/2023\/11\/activer-e-keys.jpg\" alt=\"\" class=\"uag-image-126435\" width=\"400\" height=\"560\" title=\"\" loading=\"lazy\" role=\"img\"\/><figcaption class=\"uagb-image-caption\">5. Cliquez sur<br>&lsquo;Ajouter un e-Key&rsquo;.<\/figcaption><\/figure><\/div>\n\n\n\n<div class=\"wp-block-uagb-image uagb-block-b1047ce1 wp-block-uagb-image--layout-default wp-block-uagb-image--effect-static wp-block-uagb-image--align-none\"><figure class=\"wp-block-uagb-image__figure\"><img decoding=\"async\" srcset=\"https:\/\/v2charge.com\/wp-content\/uploads\/2023\/11\/ajouter-e-key.jpg ,https:\/\/v2charge.com\/wp-content\/uploads\/2023\/11\/ajouter-e-key.jpg 780w, https:\/\/v2charge.com\/wp-content\/uploads\/2023\/11\/ajouter-e-key.jpg 360w\" sizes=\"auto, (max-width: 480px) 150px\" src=\"https:\/\/v2charge.com\/wp-content\/uploads\/2023\/11\/ajouter-e-key.jpg\" alt=\"\" class=\"uag-image-126444\" width=\"400\" height=\"560\" title=\"\" loading=\"lazy\" role=\"img\"\/><figcaption class=\"uagb-image-caption\">6. Nommez l&rsquo;e-Key et<br>l&rsquo;approcher du chargeur.<\/figcaption><\/figure><\/div>\n\n\n\n<div class=\"wp-block-uagb-image uagb-block-b8fc6aec wp-block-uagb-image--layout-default wp-block-uagb-image--effect-static wp-block-uagb-image--align-none\"><figure class=\"wp-block-uagb-image__figure\"><img decoding=\"async\" srcset=\"https:\/\/v2charge.com\/wp-content\/uploads\/2023\/11\/e-key-sauvegarde.jpg ,https:\/\/v2charge.com\/wp-content\/uploads\/2023\/11\/e-key-sauvegarde.jpg 780w, https:\/\/v2charge.com\/wp-content\/uploads\/2023\/11\/e-key-sauvegarde.jpg 360w\" sizes=\"auto, (max-width: 480px) 150px\" src=\"https:\/\/v2charge.com\/wp-content\/uploads\/2023\/11\/e-key-sauvegarde.jpg\" alt=\"\" class=\"uag-image-126453\" width=\"400\" height=\"560\" title=\"\" loading=\"lazy\" role=\"img\"\/><figcaption class=\"uagb-image-caption\">7. e-Key ajout\u00e9e. Vous pouvez le modifier ou le supprimer.<\/figcaption><\/figure><\/div>\n\n\n\n<div class=\"wp-block-uagb-container uagb-block-55cca81c\"><\/div>\n<\/div><\/div>\n\n\n\n<blockquote class=\"wp-block-quote is-layout-flow wp-block-quote-is-layout-flow\">\n<p><em>NOTE : Veuillez noter que si le tuyau est connect\u00e9 au v\u00e9hicule, le chargeur ne se verrouillera pas m\u00eame s&rsquo;il d\u00e9tecte que la cl\u00e9 \u00e9lectronique s&rsquo;\u00e9loigne, afin que la charge puisse \u00eatre effectu\u00e9e correctement. <\/em><\/p>\n<\/blockquote>\n<\/div><\/div>\n\n\n\n<div style=\"height:60px\" aria-hidden=\"true\" class=\"wp-block-spacer\"><\/div>\n\n\n\n<div class=\"wp-block-uagb-container uagb-block-c6f38013 alignfull uagb-is-root-container\"><div class=\"uagb-container-inner-blocks-wrap\">\n<div class=\"wp-block-uagb-advanced-heading uagb-block-6963d70c\"><h2 class=\"uagb-heading-text\"><strong>Vous avez besoin d\u2019assistance technique ?<\/strong><\/h2><\/div>\n\n\n\n<div class=\"wp-block-uagb-advanced-heading uagb-block-408243eb\"><p class=\"uagb-heading-text\">R\u00e9solvez votre probl\u00e8me instantan\u00e9ment gr\u00e2ce \u00e0 notre <strong>chat avec IA<\/strong>. Si celui-ci ne peut pas le r\u00e9soudre, cr\u00e9ez une demande dans le <strong>Centre d\u2019assistance technique<\/strong> et nous vous contacterons dans les plus brefs d\u00e9lais afin de vous proposer la meilleure solution.<\/p><\/div>\n\n\n\n<div class=\"wp-block-uagb-info-box uagb-block-12e3cf1c uagb-infobox__content-wrap  uagb-infobox-icon-left uagb-infobox-left uagb-infobox-image-valign-top wp-block-uagb-info-box--has-margin ai-chatbot-button\"><div class=\"uagb-infobox-margin-wrapper\"><div class=\"uagb-ifb-image-content\"><img decoding=\"async\" src=\"https:\/\/v2charge.com\/wp-content\/uploads\/2026\/01\/support-ai-chatbot.png\" alt=\"\" width=\"20\" height=\"19\" loading=\"lazy\"\/><\/div><div class=\"uagb-ifb-content\"><div class=\"uagb-ifb-title-wrap\"><\/div><div class=\"uagb-ifb-button-wrapper wp-block-button\"><a href=\"https:\/\/v2charge.com\/v2c-support-web\/\" class=\"uagb-infobox-cta-link wp-block-button__link\" target=\"_blank\" rel=\"noopener noreferrer\" onclick=\"return true;\"><span class=\"uagb-inline-editing\">Poser une question \u00e0 notre chat IA<\/span><\/a><\/div><\/div><\/div><\/div>\n\n\n\n<div class=\"wp-block-uagb-buttons uagb-buttons__outer-wrap uagb-btn__default-btn uagb-btn-tablet__default-btn uagb-btn-mobile__default-btn uagb-block-ba1e67d1\"><div class=\"uagb-buttons__wrap uagb-buttons-layout-wrap \">\n<div class=\"wp-block-uagb-buttons-child uagb-buttons__outer-wrap uagb-block-23cfb623 wp-block-button\"><div class=\"uagb-button__wrapper\"><a class=\"uagb-buttons-repeater wp-block-button__link\" aria-label=\"\" href=\"https:\/\/v2charge.atlassian.net\/servicedesk\/customer\/portal\/3\" rel=\"follow noopener\" target=\"_blank\" role=\"button\"><div class=\"uagb-button__link\">Contacter le support technique<\/div><\/a><\/div><\/div>\n<\/div><\/div>\n<\/div><\/div>\n","protected":false},"excerpt":{"rendered":"<p>Qu&rsquo;est-ce que V2C SmartLock ? V2C SmartLock est une nouvelle fonctionnalit\u00e9 de l&rsquo;e-Charger Trydan qui vous permet de d\u00e9verrouiller sans fil le chargeur en utilisant une e-Key, c&rsquo;est-\u00e0-dire un dispositif qui utilise la connectivit\u00e9 BLE (Bluetooth Low Energy). En utilisant une smartwatch, un bracelet de fitness, un porte-cl\u00e9s ou un v\u00e9hicule \u00e9lectrique comme une Tesla &#8230; <a title=\"V2C SmartLock\" class=\"read-more\" href=\"https:\/\/v2charge.com\/fr\/support\/trydan\/configuration-smartlock\/\" aria-label=\"Read more about V2C SmartLock\">Lire la suite<\/a><\/p>\n","protected":false},"author":400,"featured_media":170349,"parent":75498,"menu_order":0,"comment_status":"closed","ping_status":"closed","template":"","meta":{"_eb_attr":"","content-type":"","_uag_custom_page_level_css":"","footnotes":""},"class_list":["post-109922","page","type-page","status-publish","has-post-thumbnail"],"yoast_head":"<!-- This site is optimized with the Yoast SEO plugin v25.3.1 - https:\/\/yoast.com\/wordpress\/plugins\/seo\/ -->\n<title>V2C SmartLock - V2C<\/title>\n<meta name=\"description\" content=\"C&#039;est un appareil qui utilise la connectivit\u00e9 BLE et se connecte sans fil \u00e0 votre e-Charger. Permet de l&#039;activer et de le d\u00e9sactiver.\" \/>\n<meta name=\"robots\" content=\"index, follow, max-snippet:-1, max-image-preview:large, max-video-preview:-1\" \/>\n<link rel=\"canonical\" href=\"https:\/\/v2charge.com\/fr\/support\/trydan\/configuration-smartlock\/\" \/>\n<meta property=\"og:locale\" content=\"fr_FR\" \/>\n<meta property=\"og:type\" content=\"article\" \/>\n<meta property=\"og:title\" content=\"V2C SmartLock - V2C\" \/>\n<meta property=\"og:description\" content=\"C&#039;est un appareil qui utilise la connectivit\u00e9 BLE et se connecte sans fil \u00e0 votre e-Charger. Permet de l&#039;activer et de le d\u00e9sactiver.\" \/>\n<meta property=\"og:url\" content=\"https:\/\/v2charge.com\/fr\/support\/trydan\/configuration-smartlock\/\" \/>\n<meta property=\"og:site_name\" content=\"V2C\" \/>\n<meta property=\"article:publisher\" content=\"https:\/\/www.facebook.com\/V2C.Charge\" \/>\n<meta property=\"article:modified_time\" content=\"2026-01-09T14:54:15+00:00\" \/>\n<meta property=\"og:image\" content=\"https:\/\/v2charge.com\/wp-content\/uploads\/2024\/07\/v2c-electric-chargers.jpg\" \/>\n\t<meta property=\"og:image:width\" content=\"1200\" \/>\n\t<meta property=\"og:image:height\" content=\"675\" \/>\n\t<meta property=\"og:image:type\" content=\"image\/jpeg\" \/>\n<meta name=\"twitter:card\" content=\"summary_large_image\" \/>\n<meta name=\"twitter:site\" content=\"@V2C_Charge\" \/>\n<meta name=\"twitter:label1\" content=\"Dur\u00e9e de lecture estim\u00e9e\" \/>\n\t<meta name=\"twitter:data1\" content=\"4 minutes\" \/>\n<script type=\"application\/ld+json\" class=\"yoast-schema-graph\">{\"@context\":\"https:\/\/schema.org\",\"@graph\":[{\"@type\":\"WebPage\",\"@id\":\"https:\/\/v2charge.com\/fr\/support\/trydan\/configuration-smartlock\/\",\"url\":\"https:\/\/v2charge.com\/fr\/support\/trydan\/configuration-smartlock\/\",\"name\":\"V2C SmartLock - V2C\",\"isPartOf\":{\"@id\":\"https:\/\/v2charge.com\/fr\/#website\"},\"primaryImageOfPage\":{\"@id\":\"https:\/\/v2charge.com\/fr\/support\/trydan\/configuration-smartlock\/#primaryimage\"},\"image\":{\"@id\":\"https:\/\/v2charge.com\/fr\/support\/trydan\/configuration-smartlock\/#primaryimage\"},\"thumbnailUrl\":\"https:\/\/v2charge.com\/wp-content\/uploads\/2024\/07\/v2c-electric-chargers.jpg\",\"datePublished\":\"2023-07-10T14:14:59+00:00\",\"dateModified\":\"2026-01-09T14:54:15+00:00\",\"description\":\"C'est un appareil qui utilise la connectivit\u00e9 BLE et se connecte sans fil \u00e0 votre e-Charger. Permet de l'activer et de le d\u00e9sactiver.\",\"breadcrumb\":{\"@id\":\"https:\/\/v2charge.com\/fr\/support\/trydan\/configuration-smartlock\/#breadcrumb\"},\"inLanguage\":\"fr-FR\",\"potentialAction\":[{\"@type\":\"ReadAction\",\"target\":[\"https:\/\/v2charge.com\/fr\/support\/trydan\/configuration-smartlock\/\"]}]},{\"@type\":\"ImageObject\",\"inLanguage\":\"fr-FR\",\"@id\":\"https:\/\/v2charge.com\/fr\/support\/trydan\/configuration-smartlock\/#primaryimage\",\"url\":\"https:\/\/v2charge.com\/wp-content\/uploads\/2024\/07\/v2c-electric-chargers.jpg\",\"contentUrl\":\"https:\/\/v2charge.com\/wp-content\/uploads\/2024\/07\/v2c-electric-chargers.jpg\",\"width\":1200,\"height\":675,\"caption\":\"V2C Electric Chargers\"},{\"@type\":\"BreadcrumbList\",\"@id\":\"https:\/\/v2charge.com\/fr\/support\/trydan\/configuration-smartlock\/#breadcrumb\",\"itemListElement\":[{\"@type\":\"ListItem\",\"position\":1,\"name\":\"V2C\",\"item\":\"https:\/\/v2charge.com\/fr\/\"},{\"@type\":\"ListItem\",\"position\":2,\"name\":\"Support Area\",\"item\":\"https:\/\/v2charge.com\/fr\/support\/\"},{\"@type\":\"ListItem\",\"position\":3,\"name\":\"Support Trydan\",\"item\":\"https:\/\/v2charge.com\/fr\/support\/trydan\/\"},{\"@type\":\"ListItem\",\"position\":4,\"name\":\"V2C SmartLock\"}]},{\"@type\":\"WebSite\",\"@id\":\"https:\/\/v2charge.com\/fr\/#website\",\"url\":\"https:\/\/v2charge.com\/fr\/\",\"name\":\"V2C\",\"description\":\"#CargandoElMa\u00f1ana\",\"publisher\":{\"@id\":\"https:\/\/v2charge.com\/fr\/#organization\"},\"potentialAction\":[{\"@type\":\"SearchAction\",\"target\":{\"@type\":\"EntryPoint\",\"urlTemplate\":\"https:\/\/v2charge.com\/fr\/?s={search_term_string}\"},\"query-input\":{\"@type\":\"PropertyValueSpecification\",\"valueRequired\":true,\"valueName\":\"search_term_string\"}}],\"inLanguage\":\"fr-FR\"},{\"@type\":\"Organization\",\"@id\":\"https:\/\/v2charge.com\/fr\/#organization\",\"name\":\"V2C\",\"url\":\"https:\/\/v2charge.com\/fr\/\",\"logo\":{\"@type\":\"ImageObject\",\"inLanguage\":\"fr-FR\",\"@id\":\"https:\/\/v2charge.com\/fr\/#\/schema\/logo\/image\/\",\"url\":\"https:\/\/v2charge.com\/wp-content\/uploads\/2024\/11\/cropped-v2c-charge-logo-menu.png\",\"contentUrl\":\"https:\/\/v2charge.com\/wp-content\/uploads\/2024\/11\/cropped-v2c-charge-logo-menu.png\",\"width\":984,\"height\":431,\"caption\":\"V2C\"},\"image\":{\"@id\":\"https:\/\/v2charge.com\/fr\/#\/schema\/logo\/image\/\"},\"sameAs\":[\"https:\/\/www.facebook.com\/V2C.Charge\",\"https:\/\/x.com\/V2C_Charge\",\"https:\/\/www.instagram.com\/v2c.charge\/\",\"https:\/\/www.youtube.com\/@V2C\",\"https:\/\/www.linkedin.com\/company\/v2c-chargers\/\"]}]}<\/script>\n<!-- \/ Yoast SEO plugin. -->","yoast_head_json":{"title":"V2C SmartLock - V2C","description":"C'est un appareil qui utilise la connectivit\u00e9 BLE et se connecte sans fil \u00e0 votre e-Charger. Permet de l'activer et de le d\u00e9sactiver.","robots":{"index":"index","follow":"follow","max-snippet":"max-snippet:-1","max-image-preview":"max-image-preview:large","max-video-preview":"max-video-preview:-1"},"canonical":"https:\/\/v2charge.com\/fr\/support\/trydan\/configuration-smartlock\/","og_locale":"fr_FR","og_type":"article","og_title":"V2C SmartLock - V2C","og_description":"C'est un appareil qui utilise la connectivit\u00e9 BLE et se connecte sans fil \u00e0 votre e-Charger. Permet de l'activer et de le d\u00e9sactiver.","og_url":"https:\/\/v2charge.com\/fr\/support\/trydan\/configuration-smartlock\/","og_site_name":"V2C","article_publisher":"https:\/\/www.facebook.com\/V2C.Charge","article_modified_time":"2026-01-09T14:54:15+00:00","og_image":[{"width":1200,"height":675,"url":"https:\/\/v2charge.com\/wp-content\/uploads\/2024\/07\/v2c-electric-chargers.jpg","type":"image\/jpeg"}],"twitter_card":"summary_large_image","twitter_site":"@V2C_Charge","twitter_misc":{"Dur\u00e9e de lecture estim\u00e9e":"4 minutes"},"schema":{"@context":"https:\/\/schema.org","@graph":[{"@type":"WebPage","@id":"https:\/\/v2charge.com\/fr\/support\/trydan\/configuration-smartlock\/","url":"https:\/\/v2charge.com\/fr\/support\/trydan\/configuration-smartlock\/","name":"V2C SmartLock - V2C","isPartOf":{"@id":"https:\/\/v2charge.com\/fr\/#website"},"primaryImageOfPage":{"@id":"https:\/\/v2charge.com\/fr\/support\/trydan\/configuration-smartlock\/#primaryimage"},"image":{"@id":"https:\/\/v2charge.com\/fr\/support\/trydan\/configuration-smartlock\/#primaryimage"},"thumbnailUrl":"https:\/\/v2charge.com\/wp-content\/uploads\/2024\/07\/v2c-electric-chargers.jpg","datePublished":"2023-07-10T14:14:59+00:00","dateModified":"2026-01-09T14:54:15+00:00","description":"C'est un appareil qui utilise la connectivit\u00e9 BLE et se connecte sans fil \u00e0 votre e-Charger. Permet de l'activer et de le d\u00e9sactiver.","breadcrumb":{"@id":"https:\/\/v2charge.com\/fr\/support\/trydan\/configuration-smartlock\/#breadcrumb"},"inLanguage":"fr-FR","potentialAction":[{"@type":"ReadAction","target":["https:\/\/v2charge.com\/fr\/support\/trydan\/configuration-smartlock\/"]}]},{"@type":"ImageObject","inLanguage":"fr-FR","@id":"https:\/\/v2charge.com\/fr\/support\/trydan\/configuration-smartlock\/#primaryimage","url":"https:\/\/v2charge.com\/wp-content\/uploads\/2024\/07\/v2c-electric-chargers.jpg","contentUrl":"https:\/\/v2charge.com\/wp-content\/uploads\/2024\/07\/v2c-electric-chargers.jpg","width":1200,"height":675,"caption":"V2C Electric Chargers"},{"@type":"BreadcrumbList","@id":"https:\/\/v2charge.com\/fr\/support\/trydan\/configuration-smartlock\/#breadcrumb","itemListElement":[{"@type":"ListItem","position":1,"name":"V2C","item":"https:\/\/v2charge.com\/fr\/"},{"@type":"ListItem","position":2,"name":"Support Area","item":"https:\/\/v2charge.com\/fr\/support\/"},{"@type":"ListItem","position":3,"name":"Support Trydan","item":"https:\/\/v2charge.com\/fr\/support\/trydan\/"},{"@type":"ListItem","position":4,"name":"V2C SmartLock"}]},{"@type":"WebSite","@id":"https:\/\/v2charge.com\/fr\/#website","url":"https:\/\/v2charge.com\/fr\/","name":"V2C","description":"#CargandoElMa\u00f1ana","publisher":{"@id":"https:\/\/v2charge.com\/fr\/#organization"},"potentialAction":[{"@type":"SearchAction","target":{"@type":"EntryPoint","urlTemplate":"https:\/\/v2charge.com\/fr\/?s={search_term_string}"},"query-input":{"@type":"PropertyValueSpecification","valueRequired":true,"valueName":"search_term_string"}}],"inLanguage":"fr-FR"},{"@type":"Organization","@id":"https:\/\/v2charge.com\/fr\/#organization","name":"V2C","url":"https:\/\/v2charge.com\/fr\/","logo":{"@type":"ImageObject","inLanguage":"fr-FR","@id":"https:\/\/v2charge.com\/fr\/#\/schema\/logo\/image\/","url":"https:\/\/v2charge.com\/wp-content\/uploads\/2024\/11\/cropped-v2c-charge-logo-menu.png","contentUrl":"https:\/\/v2charge.com\/wp-content\/uploads\/2024\/11\/cropped-v2c-charge-logo-menu.png","width":984,"height":431,"caption":"V2C"},"image":{"@id":"https:\/\/v2charge.com\/fr\/#\/schema\/logo\/image\/"},"sameAs":["https:\/\/www.facebook.com\/V2C.Charge","https:\/\/x.com\/V2C_Charge","https:\/\/www.instagram.com\/v2c.charge\/","https:\/\/www.youtube.com\/@V2C","https:\/\/www.linkedin.com\/company\/v2c-chargers\/"]}]}},"uagb_featured_image_src":{"full":["https:\/\/v2charge.com\/wp-content\/uploads\/2024\/07\/v2c-electric-chargers.jpg",1200,675,false],"thumbnail":["https:\/\/v2charge.com\/wp-content\/uploads\/2024\/07\/v2c-electric-chargers-150x150.jpg",150,150,true],"medium":["https:\/\/v2charge.com\/wp-content\/uploads\/2024\/07\/v2c-electric-chargers-300x169.jpg",300,169,true],"medium_large":["https:\/\/v2charge.com\/wp-content\/uploads\/2024\/07\/v2c-electric-chargers-768x432.jpg",768,432,true],"large":["https:\/\/v2charge.com\/wp-content\/uploads\/2024\/07\/v2c-electric-chargers-1024x576.jpg",1024,576,true],"gs-tiny":["https:\/\/v2charge.com\/wp-content\/uploads\/2024\/07\/v2c-electric-chargers.jpg",50,28,false],"xl":["https:\/\/v2charge.com\/wp-content\/uploads\/2024\/07\/v2c-electric-chargers.jpg",1200,675,false],"xxl":["https:\/\/v2charge.com\/wp-content\/uploads\/2024\/07\/v2c-electric-chargers.jpg",1200,675,false],"xxxl":["https:\/\/v2charge.com\/wp-content\/uploads\/2024\/07\/v2c-electric-chargers.jpg",1200,675,false],"xxxxl":["https:\/\/v2charge.com\/wp-content\/uploads\/2024\/07\/v2c-electric-chargers.jpg",1200,675,false],"xxxxxl":["https:\/\/v2charge.com\/wp-content\/uploads\/2024\/07\/v2c-electric-chargers.jpg",1200,675,false],"1536x1536":["https:\/\/v2charge.com\/wp-content\/uploads\/2024\/07\/v2c-electric-chargers.jpg",1200,675,false],"2048x2048":["https:\/\/v2charge.com\/wp-content\/uploads\/2024\/07\/v2c-electric-chargers.jpg",1200,675,false]},"uagb_author_info":{"display_name":"V2C","author_link":"https:\/\/v2charge.com\/fr\/author\/marketing\/"},"uagb_comment_info":0,"uagb_excerpt":"Qu&rsquo;est-ce que V2C SmartLock ? V2C SmartLock est une nouvelle fonctionnalit\u00e9 de l&rsquo;e-Charger Trydan qui vous permet de d\u00e9verrouiller sans fil le chargeur en utilisant une e-Key, c&rsquo;est-\u00e0-dire un dispositif qui utilise la connectivit\u00e9 BLE (Bluetooth Low Energy). En utilisant une smartwatch, un bracelet de fitness, un porte-cl\u00e9s ou un v\u00e9hicule \u00e9lectrique comme une Tesla\u2026","_links":{"self":[{"href":"https:\/\/v2charge.com\/fr\/wp-json\/wp\/v2\/pages\/109922","targetHints":{"allow":["GET"]}}],"collection":[{"href":"https:\/\/v2charge.com\/fr\/wp-json\/wp\/v2\/pages"}],"about":[{"href":"https:\/\/v2charge.com\/fr\/wp-json\/wp\/v2\/types\/page"}],"author":[{"embeddable":true,"href":"https:\/\/v2charge.com\/fr\/wp-json\/wp\/v2\/users\/400"}],"replies":[{"embeddable":true,"href":"https:\/\/v2charge.com\/fr\/wp-json\/wp\/v2\/comments?post=109922"}],"version-history":[{"count":3,"href":"https:\/\/v2charge.com\/fr\/wp-json\/wp\/v2\/pages\/109922\/revisions"}],"predecessor-version":[{"id":294842,"href":"https:\/\/v2charge.com\/fr\/wp-json\/wp\/v2\/pages\/109922\/revisions\/294842"}],"up":[{"embeddable":true,"href":"https:\/\/v2charge.com\/fr\/wp-json\/wp\/v2\/pages\/75498"}],"wp:featuredmedia":[{"embeddable":true,"href":"https:\/\/v2charge.com\/fr\/wp-json\/wp\/v2\/media\/170349"}],"wp:attachment":[{"href":"https:\/\/v2charge.com\/fr\/wp-json\/wp\/v2\/media?parent=109922"}],"curies":[{"name":"wp","href":"https:\/\/api.w.org\/{rel}","templated":true}]}}