{"id":113133,"date":"2023-07-12T13:58:30","date_gmt":"2023-07-12T13:58:30","guid":{"rendered":"https:\/\/v2charge.com\/vincular-google-home-cargador\/"},"modified":"2024-03-21T13:58:30","modified_gmt":"2024-03-21T11:58:30","slug":"lien-google-home-chargeur","status":"publish","type":"page","link":"https:\/\/v2charge.com\/fr\/lien-google-home-chargeur\/","title":{"rendered":"Appairer Google Home avec votre chargeur"},"content":{"rendered":"\n<div style=\"height:60px\" aria-hidden=\"true\" class=\"wp-block-spacer\"><\/div>\n\n\n\n<h1 class=\"wp-block-heading\">Appairer Google Home avec votre chargeur<\/h1>\n\n\n\n<p>Le chargeur pour voitures \u00e9lectriques Trydan est capable de se connecter \u00e0 des appareils intelligents tels que Google Home.<\/p>\n\n\n\n<h2 class=\"wp-block-heading\">\u00c9tapes pr\u00e9c\u00e9dentes<\/h2>\n\n\n\n<p>Avant de coupler votre chargeur avec votre appareil Google Home, l&rsquo;application Google Home doit \u00eatre install\u00e9e sur votre appareil mobile. Rendez-vous sur l&rsquo;App Store (iOS) ou Google Play (Android) et recherchez \u00ab\u00a0Google Home\u00a0\u00bb pour t\u00e9l\u00e9charger l&rsquo;application.<\/p>\n\n\n\n<div class=\"wp-block-uagb-container uagb-block-6a0c5dcb alignfull uagb-is-root-container\"><div class=\"uagb-container-inner-blocks-wrap\">\n<div class=\"wp-block-uagb-container uagb-block-a5bc511d\">\n<div class=\"wp-block-uagb-image aligncenter uagb-block-bdd032b6 wp-block-uagb-image--layout-default wp-block-uagb-image--effect-static wp-block-uagb-image--align-center\"><figure class=\"wp-block-uagb-image__figure\"><img decoding=\"async\" srcset=\"https:\/\/v2charge.com\/wp-content\/uploads\/2023\/07\/telecharger-v2c.jpg \" sizes=\"auto, (max-width: 480px) 150px\" src=\"https:\/\/v2charge.com\/wp-content\/uploads\/2023\/07\/telecharger-v2c.jpg\" alt=\"\" class=\"uag-image-113528\" width=\"400\" height=\"560\" title=\"\" loading=\"lazy\"\/><figcaption class=\"uagb-image-caption\">Recherchez l&rsquo;application et t\u00e9l\u00e9chargez-la.<\/figcaption><\/figure><\/div>\n<\/div>\n<\/div><\/div>\n\n\n\n<div style=\"height:50px\" aria-hidden=\"true\" class=\"wp-block-spacer\"><\/div>\n\n\n\n<h2 class=\"wp-block-heading\">Reliez votre compte V2C Cloud \u00e0 Google Home<\/h2>\n\n\n\n<div class=\"wp-block-uagb-container uagb-block-0f34a5e1 alignfull uagb-is-root-container\"><div class=\"uagb-container-inner-blocks-wrap\">\n<div class=\"wp-block-uagb-container uagb-block-ff31d62b\">\n<div class=\"wp-block-uagb-image uagb-block-e53b3663 wp-block-uagb-image--layout-default wp-block-uagb-image--effect-static wp-block-uagb-image--align-none\"><figure class=\"wp-block-uagb-image__figure\"><img decoding=\"async\" srcset=\"https:\/\/v2charge.com\/wp-content\/uploads\/2023\/07\/ajouter-appareil.jpg \" sizes=\"auto, (max-width: 480px) 150px\" src=\"https:\/\/v2charge.com\/wp-content\/uploads\/2023\/07\/ajouter-appareil.jpg\" alt=\"\" class=\"uag-image-113546\" width=\"400\" height=\"560\" title=\"\" loading=\"lazy\"\/><figcaption class=\"uagb-image-caption\">1. Allez dans l&rsquo;onglet \u00ab\u00a0Appareils<br>ci-dessous et cliquez sur \u00ab\u00a0Ajouter\u00a0\u00bb.<\/figcaption><\/figure><\/div>\n<\/div>\n\n\n\n<div class=\"wp-block-uagb-container uagb-block-3b43b298\">\n<div class=\"wp-block-uagb-image uagb-block-6787ce6d wp-block-uagb-image--layout-default wp-block-uagb-image--effect-static wp-block-uagb-image--align-none\"><figure class=\"wp-block-uagb-image__figure\"><img decoding=\"async\" srcset=\"https:\/\/v2charge.com\/wp-content\/uploads\/2023\/07\/configurer-appareil.jpg \" sizes=\"auto, (max-width: 480px) 150px\" src=\"https:\/\/v2charge.com\/wp-content\/uploads\/2023\/07\/configurer-appareil.jpg\" alt=\"\" class=\"uag-image-113555\" width=\"400\" height=\"560\" title=\"\" loading=\"lazy\"\/><figcaption class=\"uagb-image-caption\">2. S\u00e9lectionnez l&rsquo;option<br>\u00ab\u00a0Fonctionne avec Google\u00a0\u00bb.<\/figcaption><\/figure><\/div>\n<\/div>\n\n\n\n<div class=\"wp-block-uagb-container uagb-block-5633edcd\">\n<div class=\"wp-block-uagb-image uagb-block-e28ac125 wp-block-uagb-image--layout-default wp-block-uagb-image--effect-static wp-block-uagb-image--align-none\"><figure class=\"wp-block-uagb-image__figure\"><img decoding=\"async\" srcset=\"https:\/\/v2charge.com\/wp-content\/uploads\/2023\/07\/recherche.jpg \" sizes=\"auto, (max-width: 480px) 150px\" src=\"https:\/\/v2charge.com\/wp-content\/uploads\/2023\/07\/recherche.jpg\" alt=\"\" class=\"uag-image-113564\" width=\"400\" height=\"560\" title=\"\" loading=\"lazy\"\/><figcaption class=\"uagb-image-caption\">3. Tapez \u00ab\u00a0V2C\u00a0\u00bb dans le <br>champ de recherche.<\/figcaption><\/figure><\/div>\n<\/div>\n<\/div><\/div>\n\n\n\n<div class=\"wp-block-uagb-container uagb-block-a4b5a863 alignfull uagb-is-root-container\"><div class=\"uagb-container-inner-blocks-wrap\">\n<div class=\"wp-block-uagb-container uagb-block-715185aa\">\n<div class=\"wp-block-uagb-image uagb-block-05762200 wp-block-uagb-image--layout-default wp-block-uagb-image--effect-static wp-block-uagb-image--align-none\"><figure class=\"wp-block-uagb-image__figure\"><img decoding=\"async\" srcset=\"https:\/\/v2charge.com\/wp-content\/uploads\/2023\/07\/vincular-v2c-google-home.jpg \" sizes=\"auto, (max-width: 480px) 150px\" src=\"https:\/\/v2charge.com\/wp-content\/uploads\/2023\/07\/vincular-v2c-google-home.jpg\" alt=\"\" class=\"uag-image-110595\" width=\"400\" height=\"560\" title=\"\" loading=\"lazy\"\/><figcaption class=\"uagb-image-caption\">4. Se connecter avec le<br>m\u00eame compte V2C Cloud<\/figcaption><\/figure><\/div>\n<\/div>\n\n\n\n<div class=\"wp-block-uagb-container uagb-block-fbb7aad4\">\n<div class=\"wp-block-uagb-image uagb-block-d474a565 wp-block-uagb-image--layout-default wp-block-uagb-image--effect-static wp-block-uagb-image--align-none\"><figure class=\"wp-block-uagb-image__figure\"><img decoding=\"async\" srcset=\"https:\/\/v2charge.com\/wp-content\/uploads\/2023\/07\/devices-google-home.jpg \" sizes=\"auto, (max-width: 480px) 150px\" src=\"https:\/\/v2charge.com\/wp-content\/uploads\/2023\/07\/devices-google-home.jpg\" alt=\"\" class=\"uag-image-113537\" width=\"400\" height=\"560\" title=\"\" loading=\"lazy\"\/><figcaption class=\"uagb-image-caption\">5. Retournez \u00e0 l&rsquo;onglet \u00ab\u00a0Appareils\u00a0\u00bb et <br>v\u00e9rifiez qu&rsquo;il est correctement li\u00e9.<\/figcaption><\/figure><\/div>\n<\/div>\n<\/div><\/div>\n\n\n\n<p>Maintenant que vous avez effectu\u00e9 le couplage, d\u00e9couvrez <a href=\"https:\/\/v2charge.com\/fr\/commandes-fonctionnelles-google-home\/\">les commandes fonctionnelles de Google Home pour contr\u00f4ler votre chargeur.<\/a><\/p>\n\n\n\n<div style=\"height:100px\" aria-hidden=\"true\" class=\"wp-block-spacer\"><\/div>\n","protected":false},"excerpt":{"rendered":"<p>Appairer Google Home avec votre chargeur Le chargeur pour voitures \u00e9lectriques Trydan est capable de se connecter \u00e0 des appareils intelligents tels que Google Home. \u00c9tapes pr\u00e9c\u00e9dentes Avant de coupler votre chargeur avec votre appareil Google Home, l&rsquo;application Google Home doit \u00eatre install\u00e9e sur votre appareil mobile. Rendez-vous sur l&rsquo;App Store (iOS) ou Google Play &#8230; <a title=\"Appairer Google Home avec votre chargeur\" class=\"read-more\" href=\"https:\/\/v2charge.com\/fr\/lien-google-home-chargeur\/\" aria-label=\"Read more about Appairer Google Home avec votre chargeur\">Lire la suite<\/a><\/p>\n","protected":false},"author":400,"featured_media":0,"parent":0,"menu_order":0,"comment_status":"closed","ping_status":"closed","template":"","meta":{"_eb_attr":"","content-type":"","_uag_custom_page_level_css":"","footnotes":""},"class_list":["post-113133","page","type-page","status-publish"],"yoast_head":"<!-- This site is optimized with the Yoast SEO plugin v25.3.1 - https:\/\/yoast.com\/wordpress\/plugins\/seo\/ -->\n<title>Associez votre chargeur \u00e0 Google Home - Connectivit\u00e9 | V2C<\/title>\n<meta name=\"description\" content=\"La borne de recharge Trydan est capable de se connecter \u00e0 des appareils intelligents. Connectez votre chargeur et contr\u00f4lez votre e-Charger.\" \/>\n<meta name=\"robots\" content=\"index, follow, max-snippet:-1, max-image-preview:large, max-video-preview:-1\" \/>\n<link rel=\"canonical\" href=\"https:\/\/v2charge.com\/fr\/lien-google-home-chargeur\/\" \/>\n<meta property=\"og:locale\" content=\"fr_FR\" \/>\n<meta property=\"og:type\" content=\"article\" \/>\n<meta property=\"og:title\" content=\"Associez votre chargeur \u00e0 Google Home - Connectivit\u00e9 | V2C\" \/>\n<meta property=\"og:description\" content=\"La borne de recharge Trydan est capable de se connecter \u00e0 des appareils intelligents. Connectez votre chargeur et contr\u00f4lez votre e-Charger.\" \/>\n<meta property=\"og:url\" content=\"https:\/\/v2charge.com\/fr\/lien-google-home-chargeur\/\" \/>\n<meta property=\"og:site_name\" content=\"V2C\" \/>\n<meta property=\"article:publisher\" content=\"https:\/\/www.facebook.com\/V2C.Charge\" \/>\n<meta property=\"article:modified_time\" content=\"2024-03-21T11:58:30+00:00\" \/>\n<meta property=\"og:image\" content=\"https:\/\/v2charge.com\/wp-content\/uploads\/2023\/07\/telecharger-v2c.jpg\" \/>\n<meta name=\"twitter:card\" content=\"summary_large_image\" \/>\n<meta name=\"twitter:site\" content=\"@V2C_Charge\" \/>\n<meta name=\"twitter:label1\" content=\"Dur\u00e9e de lecture estim\u00e9e\" \/>\n\t<meta name=\"twitter:data1\" content=\"2 minutes\" \/>\n<script type=\"application\/ld+json\" class=\"yoast-schema-graph\">{\"@context\":\"https:\/\/schema.org\",\"@graph\":[{\"@type\":\"WebPage\",\"@id\":\"https:\/\/v2charge.com\/fr\/lien-google-home-chargeur\/\",\"url\":\"https:\/\/v2charge.com\/fr\/lien-google-home-chargeur\/\",\"name\":\"Associez votre chargeur \u00e0 Google Home - Connectivit\u00e9 | V2C\",\"isPartOf\":{\"@id\":\"https:\/\/v2charge.com\/fr\/#website\"},\"primaryImageOfPage\":{\"@id\":\"https:\/\/v2charge.com\/fr\/lien-google-home-chargeur\/#primaryimage\"},\"image\":{\"@id\":\"https:\/\/v2charge.com\/fr\/lien-google-home-chargeur\/#primaryimage\"},\"thumbnailUrl\":\"https:\/\/v2charge.com\/wp-content\/uploads\/2023\/07\/telecharger-v2c.jpg\",\"datePublished\":\"2023-07-12T13:58:30+00:00\",\"dateModified\":\"2024-03-21T11:58:30+00:00\",\"description\":\"La borne de recharge Trydan est capable de se connecter \u00e0 des appareils intelligents. Connectez votre chargeur et contr\u00f4lez votre e-Charger.\",\"breadcrumb\":{\"@id\":\"https:\/\/v2charge.com\/fr\/lien-google-home-chargeur\/#breadcrumb\"},\"inLanguage\":\"fr-FR\",\"potentialAction\":[{\"@type\":\"ReadAction\",\"target\":[\"https:\/\/v2charge.com\/fr\/lien-google-home-chargeur\/\"]}]},{\"@type\":\"ImageObject\",\"inLanguage\":\"fr-FR\",\"@id\":\"https:\/\/v2charge.com\/fr\/lien-google-home-chargeur\/#primaryimage\",\"url\":\"https:\/\/v2charge.com\/wp-content\/uploads\/2023\/07\/telecharger-v2c.jpg\",\"contentUrl\":\"https:\/\/v2charge.com\/wp-content\/uploads\/2023\/07\/telecharger-v2c.jpg\"},{\"@type\":\"BreadcrumbList\",\"@id\":\"https:\/\/v2charge.com\/fr\/lien-google-home-chargeur\/#breadcrumb\",\"itemListElement\":[{\"@type\":\"ListItem\",\"position\":1,\"name\":\"V2C\",\"item\":\"https:\/\/v2charge.com\/fr\/\"},{\"@type\":\"ListItem\",\"position\":2,\"name\":\"Appairer Google Home avec votre chargeur\"}]},{\"@type\":\"WebSite\",\"@id\":\"https:\/\/v2charge.com\/fr\/#website\",\"url\":\"https:\/\/v2charge.com\/fr\/\",\"name\":\"V2C\",\"description\":\"#CargandoElMa\u00f1ana\",\"publisher\":{\"@id\":\"https:\/\/v2charge.com\/fr\/#organization\"},\"potentialAction\":[{\"@type\":\"SearchAction\",\"target\":{\"@type\":\"EntryPoint\",\"urlTemplate\":\"https:\/\/v2charge.com\/fr\/?s={search_term_string}\"},\"query-input\":{\"@type\":\"PropertyValueSpecification\",\"valueRequired\":true,\"valueName\":\"search_term_string\"}}],\"inLanguage\":\"fr-FR\"},{\"@type\":\"Organization\",\"@id\":\"https:\/\/v2charge.com\/fr\/#organization\",\"name\":\"V2C\",\"url\":\"https:\/\/v2charge.com\/fr\/\",\"logo\":{\"@type\":\"ImageObject\",\"inLanguage\":\"fr-FR\",\"@id\":\"https:\/\/v2charge.com\/fr\/#\/schema\/logo\/image\/\",\"url\":\"https:\/\/v2charge.com\/wp-content\/uploads\/2024\/11\/cropped-v2c-charge-logo-menu.png\",\"contentUrl\":\"https:\/\/v2charge.com\/wp-content\/uploads\/2024\/11\/cropped-v2c-charge-logo-menu.png\",\"width\":984,\"height\":431,\"caption\":\"V2C\"},\"image\":{\"@id\":\"https:\/\/v2charge.com\/fr\/#\/schema\/logo\/image\/\"},\"sameAs\":[\"https:\/\/www.facebook.com\/V2C.Charge\",\"https:\/\/x.com\/V2C_Charge\",\"https:\/\/www.instagram.com\/v2c.charge\/\",\"https:\/\/www.youtube.com\/@V2C\",\"https:\/\/www.linkedin.com\/company\/v2c-chargers\/\"]}]}<\/script>\n<!-- \/ Yoast SEO plugin. -->","yoast_head_json":{"title":"Associez votre chargeur \u00e0 Google Home - Connectivit\u00e9 | V2C","description":"La borne de recharge Trydan est capable de se connecter \u00e0 des appareils intelligents. Connectez votre chargeur et contr\u00f4lez votre e-Charger.","robots":{"index":"index","follow":"follow","max-snippet":"max-snippet:-1","max-image-preview":"max-image-preview:large","max-video-preview":"max-video-preview:-1"},"canonical":"https:\/\/v2charge.com\/fr\/lien-google-home-chargeur\/","og_locale":"fr_FR","og_type":"article","og_title":"Associez votre chargeur \u00e0 Google Home - Connectivit\u00e9 | V2C","og_description":"La borne de recharge Trydan est capable de se connecter \u00e0 des appareils intelligents. Connectez votre chargeur et contr\u00f4lez votre e-Charger.","og_url":"https:\/\/v2charge.com\/fr\/lien-google-home-chargeur\/","og_site_name":"V2C","article_publisher":"https:\/\/www.facebook.com\/V2C.Charge","article_modified_time":"2024-03-21T11:58:30+00:00","og_image":[{"url":"https:\/\/v2charge.com\/wp-content\/uploads\/2023\/07\/telecharger-v2c.jpg","type":"","width":"","height":""}],"twitter_card":"summary_large_image","twitter_site":"@V2C_Charge","twitter_misc":{"Dur\u00e9e de lecture estim\u00e9e":"2 minutes"},"schema":{"@context":"https:\/\/schema.org","@graph":[{"@type":"WebPage","@id":"https:\/\/v2charge.com\/fr\/lien-google-home-chargeur\/","url":"https:\/\/v2charge.com\/fr\/lien-google-home-chargeur\/","name":"Associez votre chargeur \u00e0 Google Home - Connectivit\u00e9 | V2C","isPartOf":{"@id":"https:\/\/v2charge.com\/fr\/#website"},"primaryImageOfPage":{"@id":"https:\/\/v2charge.com\/fr\/lien-google-home-chargeur\/#primaryimage"},"image":{"@id":"https:\/\/v2charge.com\/fr\/lien-google-home-chargeur\/#primaryimage"},"thumbnailUrl":"https:\/\/v2charge.com\/wp-content\/uploads\/2023\/07\/telecharger-v2c.jpg","datePublished":"2023-07-12T13:58:30+00:00","dateModified":"2024-03-21T11:58:30+00:00","description":"La borne de recharge Trydan est capable de se connecter \u00e0 des appareils intelligents. Connectez votre chargeur et contr\u00f4lez votre e-Charger.","breadcrumb":{"@id":"https:\/\/v2charge.com\/fr\/lien-google-home-chargeur\/#breadcrumb"},"inLanguage":"fr-FR","potentialAction":[{"@type":"ReadAction","target":["https:\/\/v2charge.com\/fr\/lien-google-home-chargeur\/"]}]},{"@type":"ImageObject","inLanguage":"fr-FR","@id":"https:\/\/v2charge.com\/fr\/lien-google-home-chargeur\/#primaryimage","url":"https:\/\/v2charge.com\/wp-content\/uploads\/2023\/07\/telecharger-v2c.jpg","contentUrl":"https:\/\/v2charge.com\/wp-content\/uploads\/2023\/07\/telecharger-v2c.jpg"},{"@type":"BreadcrumbList","@id":"https:\/\/v2charge.com\/fr\/lien-google-home-chargeur\/#breadcrumb","itemListElement":[{"@type":"ListItem","position":1,"name":"V2C","item":"https:\/\/v2charge.com\/fr\/"},{"@type":"ListItem","position":2,"name":"Appairer Google Home avec votre chargeur"}]},{"@type":"WebSite","@id":"https:\/\/v2charge.com\/fr\/#website","url":"https:\/\/v2charge.com\/fr\/","name":"V2C","description":"#CargandoElMa\u00f1ana","publisher":{"@id":"https:\/\/v2charge.com\/fr\/#organization"},"potentialAction":[{"@type":"SearchAction","target":{"@type":"EntryPoint","urlTemplate":"https:\/\/v2charge.com\/fr\/?s={search_term_string}"},"query-input":{"@type":"PropertyValueSpecification","valueRequired":true,"valueName":"search_term_string"}}],"inLanguage":"fr-FR"},{"@type":"Organization","@id":"https:\/\/v2charge.com\/fr\/#organization","name":"V2C","url":"https:\/\/v2charge.com\/fr\/","logo":{"@type":"ImageObject","inLanguage":"fr-FR","@id":"https:\/\/v2charge.com\/fr\/#\/schema\/logo\/image\/","url":"https:\/\/v2charge.com\/wp-content\/uploads\/2024\/11\/cropped-v2c-charge-logo-menu.png","contentUrl":"https:\/\/v2charge.com\/wp-content\/uploads\/2024\/11\/cropped-v2c-charge-logo-menu.png","width":984,"height":431,"caption":"V2C"},"image":{"@id":"https:\/\/v2charge.com\/fr\/#\/schema\/logo\/image\/"},"sameAs":["https:\/\/www.facebook.com\/V2C.Charge","https:\/\/x.com\/V2C_Charge","https:\/\/www.instagram.com\/v2c.charge\/","https:\/\/www.youtube.com\/@V2C","https:\/\/www.linkedin.com\/company\/v2c-chargers\/"]}]}},"uagb_featured_image_src":{"full":false,"thumbnail":false,"medium":false,"medium_large":false,"large":false,"gs-tiny":false,"xl":false,"xxl":false,"xxxl":false,"xxxxl":false,"xxxxxl":false,"1536x1536":false,"2048x2048":false},"uagb_author_info":{"display_name":"V2C","author_link":"https:\/\/v2charge.com\/fr\/author\/marketing\/"},"uagb_comment_info":0,"uagb_excerpt":"Appairer Google Home avec votre chargeur Le chargeur pour voitures \u00e9lectriques Trydan est capable de se connecter \u00e0 des appareils intelligents tels que Google Home. \u00c9tapes pr\u00e9c\u00e9dentes Avant de coupler votre chargeur avec votre appareil Google Home, l&rsquo;application Google Home doit \u00eatre install\u00e9e sur votre appareil mobile. Rendez-vous sur l&rsquo;App Store (iOS) ou Google Play\u2026","_links":{"self":[{"href":"https:\/\/v2charge.com\/fr\/wp-json\/wp\/v2\/pages\/113133","targetHints":{"allow":["GET"]}}],"collection":[{"href":"https:\/\/v2charge.com\/fr\/wp-json\/wp\/v2\/pages"}],"about":[{"href":"https:\/\/v2charge.com\/fr\/wp-json\/wp\/v2\/types\/page"}],"author":[{"embeddable":true,"href":"https:\/\/v2charge.com\/fr\/wp-json\/wp\/v2\/users\/400"}],"replies":[{"embeddable":true,"href":"https:\/\/v2charge.com\/fr\/wp-json\/wp\/v2\/comments?post=113133"}],"version-history":[{"count":0,"href":"https:\/\/v2charge.com\/fr\/wp-json\/wp\/v2\/pages\/113133\/revisions"}],"wp:attachment":[{"href":"https:\/\/v2charge.com\/fr\/wp-json\/wp\/v2\/media?parent=113133"}],"curies":[{"name":"wp","href":"https:\/\/api.w.org\/{rel}","templated":true}]}}