{"id":113313,"date":"2023-07-12T09:50:10","date_gmt":"2023-07-12T09:50:10","guid":{"rendered":"https:\/\/v2charge.com\/comandos-funcionales-google-home\/"},"modified":"2023-07-18T07:33:57","modified_gmt":"2023-07-18T07:33:57","slug":"commandes-fonctionnelles-google-home","status":"publish","type":"page","link":"https:\/\/v2charge.com\/fr\/commandes-fonctionnelles-google-home\/","title":{"rendered":"Commandes fonctionnelles de Google Home"},"content":{"rendered":"\n<div class=\"wp-block-uagb-container uagb-block-8a08c403 alignfull uagb-is-root-container\"><div class=\"uagb-container-inner-blocks-wrap\">\n<div class=\"wp-block-uagb-container uagb-block-385d3688\">\n<div class=\"wp-block-uagb-container uagb-block-29031e5d\"><\/div>\n\n\n\n<div class=\"wp-block-uagb-container uagb-block-f9719513\">\n<div class=\"wp-block-uagb-advanced-heading uagb-block-2ee5e579\"><h1 class=\"uagb-heading-text\">Commandes fonctionnelles de Google Home<\/h1><\/div>\n\n\n\n<div class=\"wp-block-uagb-advanced-heading uagb-block-30bdb5e8\"><h2 class=\"uagb-heading-text\">L&rsquo;e-Charger, au bout des doigts de votre voix<\/h2><\/div>\n\n\n\n<p class=\"has-base-3-color has-text-color\" style=\"font-size:16px\">D\u00e9couvrez toutes les commandes fonctionnelles de Google Home et contr\u00f4lez votre e-Charger. Innovation, imm\u00e9diatet\u00e9 et commodit\u00e9 pour une exp\u00e9rience de charge unique.<\/p>\n\n\n\n<div class=\"wp-block-uagb-buttons uagb-buttons__outer-wrap uagb-btn__default-btn uagb-btn-tablet__default-btn uagb-btn-mobile__default-btn uagb-block-8e517260\"><div class=\"uagb-buttons__wrap uagb-buttons-layout-wrap\">\n<div class=\"wp-block-uagb-buttons-child uagb-buttons__outer-wrap uagb-block-4ef0ed10 wp-block-button is-style-outline\"><div class=\"uagb-button__wrapper\"><a class=\"uagb-buttons-repeater wp-block-button__link\" href=\"https:\/\/v2charge.com\/fr\/lien-google-home-chargeur\/\" onclick=\"return true;\" rel=\"follow noopener\" target=\"_self\"><div class=\"uagb-button__link\">Reliez votre chargeur \u00e0 Google Home<\/div><\/a><\/div><\/div>\n<\/div><\/div>\n<\/div>\n<\/div>\n<\/div><\/div>\n\n\n\n<div style=\"height:49px\" aria-hidden=\"true\" class=\"wp-block-spacer\"><\/div>\n\n\n\n<div class=\"wp-block-uagb-container uagb-block-350d9be0 alignfull uagb-is-root-container\"><div class=\"uagb-container-inner-blocks-wrap\">\n<div class=\"wp-block-uagb-advanced-heading uagb-block-9b861187\"><h2 class=\"uagb-heading-text\">Verrouillez votre e-Charger<\/h2><\/div>\n\n\n\n<p>\u00ab\u00a0OK Google, bloque (nom du chargeur)\u00a0\u00bb.<\/p>\n<\/div><\/div>\n\n\n\n<div style=\"height:40px\" aria-hidden=\"true\" class=\"wp-block-spacer\"><\/div>\n\n\n\n<div class=\"wp-block-uagb-container uagb-block-b6126696 alignfull uagb-is-root-container\"><div class=\"uagb-container-inner-blocks-wrap\">\n<div class=\"wp-block-uagb-advanced-heading uagb-block-c69551b5\"><h2 class=\"uagb-heading-text\">D\u00e9verrouillez votre e-Charger<\/h2><\/div>\n\n\n\n<p>\u00ab\u00a0OK Google, d\u00e9verrouillez (nom du chargeur)\u00a0\u00bb.<\/p>\n<\/div><\/div>\n\n\n\n<div style=\"height:40px\" aria-hidden=\"true\" class=\"wp-block-spacer\"><\/div>\n\n\n\n<div class=\"wp-block-uagb-container uagb-block-ac79bac8 alignfull uagb-is-root-container\"><div class=\"uagb-container-inner-blocks-wrap\">\n<div class=\"wp-block-uagb-advanced-heading uagb-block-cea7764d\"><h2 class=\"uagb-heading-text\">Conna\u00eetre l&rsquo;\u00e9tat actuel de votre e-Charger<\/h2><\/div>\n\n\n\n<p>\u00ab\u00a0OK Google, dis-moi si (nom du chargeur) est en train de charger\u00a0\u00bb.<\/p>\n\n\n\n<p>\u00ab\u00a0OK Google, dites-moi si l&rsquo;appareil (nom du chargeur) est en train de se charger\u00a0\u00bb.<\/p>\n\n\n\n<p><\/p>\n<\/div><\/div>\n\n\n\n<div style=\"height:49px\" aria-hidden=\"true\" class=\"wp-block-spacer\"><\/div>\n","protected":false},"excerpt":{"rendered":"<p>Commandes fonctionnelles de Google Home L&rsquo;e-Charger, au bout des doigts de votre voix D\u00e9couvrez toutes les commandes fonctionnelles de Google Home et contr\u00f4lez votre e-Charger. Innovation, imm\u00e9diatet\u00e9 et commodit\u00e9 pour une exp\u00e9rience de charge unique. Verrouillez votre e-Charger \u00ab\u00a0OK Google, bloque (nom du chargeur)\u00a0\u00bb. D\u00e9verrouillez votre e-Charger \u00ab\u00a0OK Google, d\u00e9verrouillez (nom du chargeur)\u00a0\u00bb. Conna\u00eetre l&rsquo;\u00e9tat &#8230; <a title=\"Commandes fonctionnelles de Google Home\" class=\"read-more\" href=\"https:\/\/v2charge.com\/fr\/commandes-fonctionnelles-google-home\/\" aria-label=\"Read more about Commandes fonctionnelles de Google Home\">Lire la suite<\/a><\/p>\n","protected":false},"author":400,"featured_media":0,"parent":0,"menu_order":0,"comment_status":"closed","ping_status":"closed","template":"","meta":{"_eb_attr":"","content-type":"","_uag_custom_page_level_css":"","footnotes":""},"class_list":["post-113313","page","type-page","status-publish"],"yoast_head":"<!-- This site is optimized with the Yoast SEO plugin v25.3.1 - https:\/\/yoast.com\/wordpress\/plugins\/seo\/ -->\n<title>Commandes fonctionnelles Google Home pour V2C Cloud | V2C \u00ae<\/title>\n<meta name=\"description\" content=\"D\u00e9couvrez les commandes fonctionnelles de Google Home pour votre e-Charger V2C et commencez la charge de votre v\u00e9hicule en temps r\u00e9el.\" \/>\n<meta name=\"robots\" content=\"index, follow, max-snippet:-1, max-image-preview:large, max-video-preview:-1\" \/>\n<link rel=\"canonical\" href=\"https:\/\/v2charge.com\/fr\/commandes-fonctionnelles-google-home\/\" \/>\n<meta property=\"og:locale\" content=\"fr_FR\" \/>\n<meta property=\"og:type\" content=\"article\" \/>\n<meta property=\"og:title\" content=\"Commandes fonctionnelles Google Home pour V2C Cloud | V2C \u00ae\" \/>\n<meta property=\"og:description\" content=\"D\u00e9couvrez les commandes fonctionnelles de Google Home pour votre e-Charger V2C et commencez la charge de votre v\u00e9hicule en temps r\u00e9el.\" \/>\n<meta property=\"og:url\" content=\"https:\/\/v2charge.com\/fr\/commandes-fonctionnelles-google-home\/\" \/>\n<meta property=\"og:site_name\" content=\"V2C\" \/>\n<meta property=\"article:publisher\" content=\"https:\/\/www.facebook.com\/V2C.Charge\" \/>\n<meta property=\"article:modified_time\" content=\"2023-07-18T07:33:57+00:00\" \/>\n<meta property=\"og:image\" content=\"https:\/\/v2charge.com\/wp-content\/uploads\/2024\/07\/v2c-electric-chargers.jpg\" \/>\n\t<meta property=\"og:image:width\" content=\"1200\" \/>\n\t<meta property=\"og:image:height\" content=\"675\" \/>\n\t<meta property=\"og:image:type\" content=\"image\/jpeg\" \/>\n<meta name=\"twitter:card\" content=\"summary_large_image\" \/>\n<meta name=\"twitter:site\" content=\"@V2C_Charge\" \/>\n<meta name=\"twitter:label1\" content=\"Dur\u00e9e de lecture estim\u00e9e\" \/>\n\t<meta name=\"twitter:data1\" content=\"1 minute\" \/>\n<script type=\"application\/ld+json\" class=\"yoast-schema-graph\">{\"@context\":\"https:\/\/schema.org\",\"@graph\":[{\"@type\":\"WebPage\",\"@id\":\"https:\/\/v2charge.com\/fr\/commandes-fonctionnelles-google-home\/\",\"url\":\"https:\/\/v2charge.com\/fr\/commandes-fonctionnelles-google-home\/\",\"name\":\"Commandes fonctionnelles Google Home pour V2C Cloud | V2C \u00ae\",\"isPartOf\":{\"@id\":\"https:\/\/v2charge.com\/fr\/#website\"},\"datePublished\":\"2023-07-12T09:50:10+00:00\",\"dateModified\":\"2023-07-18T07:33:57+00:00\",\"description\":\"D\u00e9couvrez les commandes fonctionnelles de Google Home pour votre e-Charger V2C et commencez la charge de votre v\u00e9hicule en temps r\u00e9el.\",\"breadcrumb\":{\"@id\":\"https:\/\/v2charge.com\/fr\/commandes-fonctionnelles-google-home\/#breadcrumb\"},\"inLanguage\":\"fr-FR\",\"potentialAction\":[{\"@type\":\"ReadAction\",\"target\":[\"https:\/\/v2charge.com\/fr\/commandes-fonctionnelles-google-home\/\"]}]},{\"@type\":\"BreadcrumbList\",\"@id\":\"https:\/\/v2charge.com\/fr\/commandes-fonctionnelles-google-home\/#breadcrumb\",\"itemListElement\":[{\"@type\":\"ListItem\",\"position\":1,\"name\":\"V2C\",\"item\":\"https:\/\/v2charge.com\/fr\/\"},{\"@type\":\"ListItem\",\"position\":2,\"name\":\"Commandes fonctionnelles de Google Home\"}]},{\"@type\":\"WebSite\",\"@id\":\"https:\/\/v2charge.com\/fr\/#website\",\"url\":\"https:\/\/v2charge.com\/fr\/\",\"name\":\"V2C\",\"description\":\"#CargandoElMa\u00f1ana\",\"publisher\":{\"@id\":\"https:\/\/v2charge.com\/fr\/#organization\"},\"potentialAction\":[{\"@type\":\"SearchAction\",\"target\":{\"@type\":\"EntryPoint\",\"urlTemplate\":\"https:\/\/v2charge.com\/fr\/?s={search_term_string}\"},\"query-input\":{\"@type\":\"PropertyValueSpecification\",\"valueRequired\":true,\"valueName\":\"search_term_string\"}}],\"inLanguage\":\"fr-FR\"},{\"@type\":\"Organization\",\"@id\":\"https:\/\/v2charge.com\/fr\/#organization\",\"name\":\"V2C\",\"url\":\"https:\/\/v2charge.com\/fr\/\",\"logo\":{\"@type\":\"ImageObject\",\"inLanguage\":\"fr-FR\",\"@id\":\"https:\/\/v2charge.com\/fr\/#\/schema\/logo\/image\/\",\"url\":\"https:\/\/v2charge.com\/wp-content\/uploads\/2024\/11\/cropped-v2c-charge-logo-menu.png\",\"contentUrl\":\"https:\/\/v2charge.com\/wp-content\/uploads\/2024\/11\/cropped-v2c-charge-logo-menu.png\",\"width\":984,\"height\":431,\"caption\":\"V2C\"},\"image\":{\"@id\":\"https:\/\/v2charge.com\/fr\/#\/schema\/logo\/image\/\"},\"sameAs\":[\"https:\/\/www.facebook.com\/V2C.Charge\",\"https:\/\/x.com\/V2C_Charge\",\"https:\/\/www.instagram.com\/v2c.charge\/\",\"https:\/\/www.youtube.com\/@V2C\",\"https:\/\/www.linkedin.com\/company\/v2c-chargers\/\"]}]}<\/script>\n<!-- \/ Yoast SEO plugin. -->","yoast_head_json":{"title":"Commandes fonctionnelles Google Home pour V2C Cloud | V2C \u00ae","description":"D\u00e9couvrez les commandes fonctionnelles de Google Home pour votre e-Charger V2C et commencez la charge de votre v\u00e9hicule en temps r\u00e9el.","robots":{"index":"index","follow":"follow","max-snippet":"max-snippet:-1","max-image-preview":"max-image-preview:large","max-video-preview":"max-video-preview:-1"},"canonical":"https:\/\/v2charge.com\/fr\/commandes-fonctionnelles-google-home\/","og_locale":"fr_FR","og_type":"article","og_title":"Commandes fonctionnelles Google Home pour V2C Cloud | V2C \u00ae","og_description":"D\u00e9couvrez les commandes fonctionnelles de Google Home pour votre e-Charger V2C et commencez la charge de votre v\u00e9hicule en temps r\u00e9el.","og_url":"https:\/\/v2charge.com\/fr\/commandes-fonctionnelles-google-home\/","og_site_name":"V2C","article_publisher":"https:\/\/www.facebook.com\/V2C.Charge","article_modified_time":"2023-07-18T07:33:57+00:00","og_image":[{"width":1200,"height":675,"url":"https:\/\/v2charge.com\/wp-content\/uploads\/2024\/07\/v2c-electric-chargers.jpg","type":"image\/jpeg"}],"twitter_card":"summary_large_image","twitter_site":"@V2C_Charge","twitter_misc":{"Dur\u00e9e de lecture estim\u00e9e":"1 minute"},"schema":{"@context":"https:\/\/schema.org","@graph":[{"@type":"WebPage","@id":"https:\/\/v2charge.com\/fr\/commandes-fonctionnelles-google-home\/","url":"https:\/\/v2charge.com\/fr\/commandes-fonctionnelles-google-home\/","name":"Commandes fonctionnelles Google Home pour V2C Cloud | V2C \u00ae","isPartOf":{"@id":"https:\/\/v2charge.com\/fr\/#website"},"datePublished":"2023-07-12T09:50:10+00:00","dateModified":"2023-07-18T07:33:57+00:00","description":"D\u00e9couvrez les commandes fonctionnelles de Google Home pour votre e-Charger V2C et commencez la charge de votre v\u00e9hicule en temps r\u00e9el.","breadcrumb":{"@id":"https:\/\/v2charge.com\/fr\/commandes-fonctionnelles-google-home\/#breadcrumb"},"inLanguage":"fr-FR","potentialAction":[{"@type":"ReadAction","target":["https:\/\/v2charge.com\/fr\/commandes-fonctionnelles-google-home\/"]}]},{"@type":"BreadcrumbList","@id":"https:\/\/v2charge.com\/fr\/commandes-fonctionnelles-google-home\/#breadcrumb","itemListElement":[{"@type":"ListItem","position":1,"name":"V2C","item":"https:\/\/v2charge.com\/fr\/"},{"@type":"ListItem","position":2,"name":"Commandes fonctionnelles de Google Home"}]},{"@type":"WebSite","@id":"https:\/\/v2charge.com\/fr\/#website","url":"https:\/\/v2charge.com\/fr\/","name":"V2C","description":"#CargandoElMa\u00f1ana","publisher":{"@id":"https:\/\/v2charge.com\/fr\/#organization"},"potentialAction":[{"@type":"SearchAction","target":{"@type":"EntryPoint","urlTemplate":"https:\/\/v2charge.com\/fr\/?s={search_term_string}"},"query-input":{"@type":"PropertyValueSpecification","valueRequired":true,"valueName":"search_term_string"}}],"inLanguage":"fr-FR"},{"@type":"Organization","@id":"https:\/\/v2charge.com\/fr\/#organization","name":"V2C","url":"https:\/\/v2charge.com\/fr\/","logo":{"@type":"ImageObject","inLanguage":"fr-FR","@id":"https:\/\/v2charge.com\/fr\/#\/schema\/logo\/image\/","url":"https:\/\/v2charge.com\/wp-content\/uploads\/2024\/11\/cropped-v2c-charge-logo-menu.png","contentUrl":"https:\/\/v2charge.com\/wp-content\/uploads\/2024\/11\/cropped-v2c-charge-logo-menu.png","width":984,"height":431,"caption":"V2C"},"image":{"@id":"https:\/\/v2charge.com\/fr\/#\/schema\/logo\/image\/"},"sameAs":["https:\/\/www.facebook.com\/V2C.Charge","https:\/\/x.com\/V2C_Charge","https:\/\/www.instagram.com\/v2c.charge\/","https:\/\/www.youtube.com\/@V2C","https:\/\/www.linkedin.com\/company\/v2c-chargers\/"]}]}},"uagb_featured_image_src":{"full":false,"thumbnail":false,"medium":false,"medium_large":false,"large":false,"gs-tiny":false,"xl":false,"xxl":false,"xxxl":false,"xxxxl":false,"xxxxxl":false,"1536x1536":false,"2048x2048":false},"uagb_author_info":{"display_name":"V2C","author_link":"https:\/\/v2charge.com\/fr\/author\/marketing\/"},"uagb_comment_info":0,"uagb_excerpt":"Commandes fonctionnelles de Google Home L&rsquo;e-Charger, au bout des doigts de votre voix D\u00e9couvrez toutes les commandes fonctionnelles de Google Home et contr\u00f4lez votre e-Charger. Innovation, imm\u00e9diatet\u00e9 et commodit\u00e9 pour une exp\u00e9rience de charge unique. Verrouillez votre e-Charger \u00ab\u00a0OK Google, bloque (nom du chargeur)\u00a0\u00bb. D\u00e9verrouillez votre e-Charger \u00ab\u00a0OK Google, d\u00e9verrouillez (nom du chargeur)\u00a0\u00bb. Conna\u00eetre l&rsquo;\u00e9tat\u2026","_links":{"self":[{"href":"https:\/\/v2charge.com\/fr\/wp-json\/wp\/v2\/pages\/113313","targetHints":{"allow":["GET"]}}],"collection":[{"href":"https:\/\/v2charge.com\/fr\/wp-json\/wp\/v2\/pages"}],"about":[{"href":"https:\/\/v2charge.com\/fr\/wp-json\/wp\/v2\/types\/page"}],"author":[{"embeddable":true,"href":"https:\/\/v2charge.com\/fr\/wp-json\/wp\/v2\/users\/400"}],"replies":[{"embeddable":true,"href":"https:\/\/v2charge.com\/fr\/wp-json\/wp\/v2\/comments?post=113313"}],"version-history":[{"count":0,"href":"https:\/\/v2charge.com\/fr\/wp-json\/wp\/v2\/pages\/113313\/revisions"}],"wp:attachment":[{"href":"https:\/\/v2charge.com\/fr\/wp-json\/wp\/v2\/media?parent=113313"}],"curies":[{"name":"wp","href":"https:\/\/api.w.org\/{rel}","templated":true}]}}