{"id":115415,"date":"2023-07-27T10:08:46","date_gmt":"2023-07-27T10:08:46","guid":{"rendered":"https:\/\/v2charge.com\/?page_id=115415"},"modified":"2023-07-27T10:08:48","modified_gmt":"2023-07-27T10:08:48","slug":"connexion-modbus-rtu-point-de-recharge-trydan-pour-compteur-esclave","status":"publish","type":"page","link":"https:\/\/v2charge.com\/fr\/connexion-modbus-rtu-point-de-recharge-trydan-pour-compteur-esclave\/","title":{"rendered":"Connexion MODBUS RTU Point de recharge Trydan pour compteur esclave"},"content":{"rendered":"\n<div style=\"height:60px\" aria-hidden=\"true\" class=\"wp-block-spacer\"><\/div>\n\n\n\n<h1 class=\"wp-block-heading\">Connexion MODBUS RTU Point de recharge Trydan pour compteur esclave<\/h1>\n\n\n\n<p>La borne de recharge Trydan est connect\u00e9e via le protocole Modbus RTU pour deux raisons.<\/p>\n\n\n\n<ol class=\"wp-block-list\">\n<li>Commander le point de recharge \u00e0 distance. Utilisateurs avanc\u00e9s voir : <a href=\"https:\/\/docs.google.com\/spreadsheets\/d\/e\/2PACX-1vQGA_7Z4YaSMZeHRTnAP6z_82dVPmM33NxJhvsDBEFn8LyWjX-RX_fkR7KCErqAE4aGFvPrUufooHoM\/pubhtml?gid=0&amp;single=true\">M\u00e9moire MODBUS<\/a><\/li>\n\n\n\n<li>Obtenir les donn\u00e9es des compteurs intelligents commerciaux, pour l&rsquo;int\u00e9gration en tant qu&rsquo;esclave, avec une compatibilit\u00e9 photovolta\u00efque.<\/li>\n<\/ol>\n\n\n\n<h2 class=\"wp-block-heading\">Compteurs pris en charge<\/h2>\n\n\n\n<p>Des compteurs sont constamment ajout\u00e9s \u00e0 la liste actuelle :<\/p>\n\n\n\n<ul class=\"wp-block-list\">\n<li>Chint DDSU666-H (normalement utilis\u00e9 dans les onduleurs Huawei, SAJ&#8230;)<\/li>\n\n\n\n<li>Eastron (SDM120\/220\/320)<\/li>\n\n\n\n<li>Phoneix Contact<\/li>\n\n\n\n<li>Carlo Gavazzi<\/li>\n<\/ul>\n\n\n\n<h2 class=\"wp-block-heading\">Connexion \u00e9lectrique<\/h2>\n\n\n\n<p>Les connexions MODBUS RTU se font par l&rsquo;interm\u00e9diaire de deux fils. Le compteur doit avoir un port A et un port B. Et ce c\u00e2ble doit \u00eatre amen\u00e9 \u00e0 notre point de recharge. Le compteur doit \u00eatre configur\u00e9 \u00e0 l&rsquo;adresse 1 et avec une vitesse de transmission de 9600 (c&rsquo;est g\u00e9n\u00e9ralement la configuration par d\u00e9faut et la plupart des compteurs photovolta\u00efques utilisent cette configuration par d\u00e9faut). La connexion se fait directement dans le connecteur RJ45 du point de recharge. A et B sont les fils illustr\u00e9s ci-dessous. Les autres fils n&rsquo;ont pas besoin d&rsquo;\u00eatre connect\u00e9s. 4 B et 5 A. Le type de c\u00e2ble n&rsquo;a pas d&rsquo;importance, bien qu&rsquo;un c\u00e2ble Ethernet soit moins cher et prot\u00e9g\u00e9.<\/p>\n\n\n\n<figure><img decoding=\"async\" src=\"https:\/\/v2charge.com\/wp-content\/uploads\/2023\/01\/conexion-trydan-solis-734x1024.jpg\" alt=\"\" width=\"274\" height=\"382\"\/><\/figure>\n\n\n\n<figure><img decoding=\"async\" src=\"https:\/\/v2charge.com\/wp-content\/uploads\/2023\/01\/image-3.png\" alt=\"\" width=\"476\" height=\"331\"\/><\/figure>\n\n\n\n<h2 class=\"wp-block-heading\">S\u00e9lectionnez le compteur correspondant dans l&rsquo;APP<\/h2>\n\n\n\n<figure><img decoding=\"async\" src=\"https:\/\/v2charge.com\/wp-content\/uploads\/2023\/02\/WhatsApp-Image-2023-02-03-at-15.12.00_iphone13blue_portrait-548x1024.png\" alt=\"\" width=\"449\" height=\"839\"\/><\/figure>\n\n\n\n<p><em>Attention, en mode photovolta\u00efque, tous les modes de fonctionnement fonctionneront, bien que le client ne puisse pas voir la production photovolta\u00efque \u00e0 la borne de recharge.<\/em><\/p>\n\n\n\n<div style=\"height:60px\" aria-hidden=\"true\" class=\"wp-block-spacer\"><\/div>\n","protected":false},"excerpt":{"rendered":"<p>Connexion MODBUS RTU Point de recharge Trydan pour compteur esclave La borne de recharge Trydan est connect\u00e9e via le protocole Modbus RTU pour deux raisons. Compteurs pris en charge Des compteurs sont constamment ajout\u00e9s \u00e0 la liste actuelle : Connexion \u00e9lectrique Les connexions MODBUS RTU se font par l&rsquo;interm\u00e9diaire de deux fils. Le compteur doit &#8230; <a title=\"Connexion MODBUS RTU Point de recharge Trydan pour compteur esclave\" class=\"read-more\" href=\"https:\/\/v2charge.com\/fr\/connexion-modbus-rtu-point-de-recharge-trydan-pour-compteur-esclave\/\" aria-label=\"Read more about Connexion MODBUS RTU Point de recharge Trydan pour compteur esclave\">Lire la suite<\/a><\/p>\n","protected":false},"author":400,"featured_media":0,"parent":0,"menu_order":0,"comment_status":"closed","ping_status":"closed","template":"","meta":{"_eb_attr":"","content-type":"","_uag_custom_page_level_css":"","footnotes":""},"class_list":["post-115415","page","type-page","status-publish"],"yoast_head":"<!-- This site is optimized with the Yoast SEO plugin v25.3.1 - https:\/\/yoast.com\/wordpress\/plugins\/seo\/ -->\n<title>Connexion MODBUS RTU Point de recharge Trydan pour compteur esclave - V2C<\/title>\n<meta name=\"robots\" content=\"index, follow, max-snippet:-1, max-image-preview:large, max-video-preview:-1\" \/>\n<link rel=\"canonical\" href=\"https:\/\/v2charge.com\/fr\/connexion-modbus-rtu-point-de-recharge-trydan-pour-compteur-esclave\/\" \/>\n<meta property=\"og:locale\" content=\"fr_FR\" \/>\n<meta property=\"og:type\" content=\"article\" \/>\n<meta property=\"og:title\" content=\"Connexion MODBUS RTU Point de recharge Trydan pour compteur esclave - V2C\" \/>\n<meta property=\"og:description\" content=\"Connexion MODBUS RTU Point de recharge Trydan pour compteur esclave La borne de recharge Trydan est connect\u00e9e via le protocole Modbus RTU pour deux raisons. Compteurs pris en charge Des compteurs sont constamment ajout\u00e9s \u00e0 la liste actuelle : Connexion \u00e9lectrique Les connexions MODBUS RTU se font par l&rsquo;interm\u00e9diaire de deux fils. Le compteur doit ... Lire la suite\" \/>\n<meta property=\"og:url\" content=\"https:\/\/v2charge.com\/fr\/connexion-modbus-rtu-point-de-recharge-trydan-pour-compteur-esclave\/\" \/>\n<meta property=\"og:site_name\" content=\"V2C\" \/>\n<meta property=\"article:publisher\" content=\"https:\/\/www.facebook.com\/V2C.Charge\" \/>\n<meta property=\"article:modified_time\" content=\"2023-07-27T10:08:48+00:00\" \/>\n<meta property=\"og:image\" content=\"https:\/\/v2charge.com\/wp-content\/uploads\/2023\/01\/conexion-trydan-solis-734x1024.jpg\" \/>\n<meta name=\"twitter:card\" content=\"summary_large_image\" \/>\n<meta name=\"twitter:site\" content=\"@V2C_Charge\" \/>\n<meta name=\"twitter:label1\" content=\"Dur\u00e9e de lecture estim\u00e9e\" \/>\n\t<meta name=\"twitter:data1\" content=\"2 minutes\" \/>\n<script type=\"application\/ld+json\" class=\"yoast-schema-graph\">{\"@context\":\"https:\/\/schema.org\",\"@graph\":[{\"@type\":\"WebPage\",\"@id\":\"https:\/\/v2charge.com\/fr\/connexion-modbus-rtu-point-de-recharge-trydan-pour-compteur-esclave\/\",\"url\":\"https:\/\/v2charge.com\/fr\/connexion-modbus-rtu-point-de-recharge-trydan-pour-compteur-esclave\/\",\"name\":\"Connexion MODBUS RTU Point de recharge Trydan pour compteur esclave - V2C\",\"isPartOf\":{\"@id\":\"https:\/\/v2charge.com\/fr\/#website\"},\"primaryImageOfPage\":{\"@id\":\"https:\/\/v2charge.com\/fr\/connexion-modbus-rtu-point-de-recharge-trydan-pour-compteur-esclave\/#primaryimage\"},\"image\":{\"@id\":\"https:\/\/v2charge.com\/fr\/connexion-modbus-rtu-point-de-recharge-trydan-pour-compteur-esclave\/#primaryimage\"},\"thumbnailUrl\":\"https:\/\/v2charge.com\/wp-content\/uploads\/2023\/01\/conexion-trydan-solis-734x1024.jpg\",\"datePublished\":\"2023-07-27T10:08:46+00:00\",\"dateModified\":\"2023-07-27T10:08:48+00:00\",\"breadcrumb\":{\"@id\":\"https:\/\/v2charge.com\/fr\/connexion-modbus-rtu-point-de-recharge-trydan-pour-compteur-esclave\/#breadcrumb\"},\"inLanguage\":\"fr-FR\",\"potentialAction\":[{\"@type\":\"ReadAction\",\"target\":[\"https:\/\/v2charge.com\/fr\/connexion-modbus-rtu-point-de-recharge-trydan-pour-compteur-esclave\/\"]}]},{\"@type\":\"ImageObject\",\"inLanguage\":\"fr-FR\",\"@id\":\"https:\/\/v2charge.com\/fr\/connexion-modbus-rtu-point-de-recharge-trydan-pour-compteur-esclave\/#primaryimage\",\"url\":\"https:\/\/v2charge.com\/wp-content\/uploads\/2023\/01\/conexion-trydan-solis-734x1024.jpg\",\"contentUrl\":\"https:\/\/v2charge.com\/wp-content\/uploads\/2023\/01\/conexion-trydan-solis-734x1024.jpg\"},{\"@type\":\"BreadcrumbList\",\"@id\":\"https:\/\/v2charge.com\/fr\/connexion-modbus-rtu-point-de-recharge-trydan-pour-compteur-esclave\/#breadcrumb\",\"itemListElement\":[{\"@type\":\"ListItem\",\"position\":1,\"name\":\"V2C\",\"item\":\"https:\/\/v2charge.com\/fr\/\"},{\"@type\":\"ListItem\",\"position\":2,\"name\":\"Connexion MODBUS RTU Point de recharge Trydan pour compteur esclave\"}]},{\"@type\":\"WebSite\",\"@id\":\"https:\/\/v2charge.com\/fr\/#website\",\"url\":\"https:\/\/v2charge.com\/fr\/\",\"name\":\"V2C\",\"description\":\"#CargandoElMa\u00f1ana\",\"publisher\":{\"@id\":\"https:\/\/v2charge.com\/fr\/#organization\"},\"potentialAction\":[{\"@type\":\"SearchAction\",\"target\":{\"@type\":\"EntryPoint\",\"urlTemplate\":\"https:\/\/v2charge.com\/fr\/?s={search_term_string}\"},\"query-input\":{\"@type\":\"PropertyValueSpecification\",\"valueRequired\":true,\"valueName\":\"search_term_string\"}}],\"inLanguage\":\"fr-FR\"},{\"@type\":\"Organization\",\"@id\":\"https:\/\/v2charge.com\/fr\/#organization\",\"name\":\"V2C\",\"url\":\"https:\/\/v2charge.com\/fr\/\",\"logo\":{\"@type\":\"ImageObject\",\"inLanguage\":\"fr-FR\",\"@id\":\"https:\/\/v2charge.com\/fr\/#\/schema\/logo\/image\/\",\"url\":\"https:\/\/v2charge.com\/wp-content\/uploads\/2024\/11\/cropped-v2c-charge-logo-menu.png\",\"contentUrl\":\"https:\/\/v2charge.com\/wp-content\/uploads\/2024\/11\/cropped-v2c-charge-logo-menu.png\",\"width\":984,\"height\":431,\"caption\":\"V2C\"},\"image\":{\"@id\":\"https:\/\/v2charge.com\/fr\/#\/schema\/logo\/image\/\"},\"sameAs\":[\"https:\/\/www.facebook.com\/V2C.Charge\",\"https:\/\/x.com\/V2C_Charge\",\"https:\/\/www.instagram.com\/v2c.charge\/\",\"https:\/\/www.youtube.com\/@V2C\",\"https:\/\/www.linkedin.com\/company\/v2c-chargers\/\"]}]}<\/script>\n<!-- \/ Yoast SEO plugin. -->","yoast_head_json":{"title":"Connexion MODBUS RTU Point de recharge Trydan pour compteur esclave - V2C","robots":{"index":"index","follow":"follow","max-snippet":"max-snippet:-1","max-image-preview":"max-image-preview:large","max-video-preview":"max-video-preview:-1"},"canonical":"https:\/\/v2charge.com\/fr\/connexion-modbus-rtu-point-de-recharge-trydan-pour-compteur-esclave\/","og_locale":"fr_FR","og_type":"article","og_title":"Connexion MODBUS RTU Point de recharge Trydan pour compteur esclave - V2C","og_description":"Connexion MODBUS RTU Point de recharge Trydan pour compteur esclave La borne de recharge Trydan est connect\u00e9e via le protocole Modbus RTU pour deux raisons. Compteurs pris en charge Des compteurs sont constamment ajout\u00e9s \u00e0 la liste actuelle : Connexion \u00e9lectrique Les connexions MODBUS RTU se font par l&rsquo;interm\u00e9diaire de deux fils. Le compteur doit ... Lire la suite","og_url":"https:\/\/v2charge.com\/fr\/connexion-modbus-rtu-point-de-recharge-trydan-pour-compteur-esclave\/","og_site_name":"V2C","article_publisher":"https:\/\/www.facebook.com\/V2C.Charge","article_modified_time":"2023-07-27T10:08:48+00:00","og_image":[{"url":"https:\/\/v2charge.com\/wp-content\/uploads\/2023\/01\/conexion-trydan-solis-734x1024.jpg","type":"","width":"","height":""}],"twitter_card":"summary_large_image","twitter_site":"@V2C_Charge","twitter_misc":{"Dur\u00e9e de lecture estim\u00e9e":"2 minutes"},"schema":{"@context":"https:\/\/schema.org","@graph":[{"@type":"WebPage","@id":"https:\/\/v2charge.com\/fr\/connexion-modbus-rtu-point-de-recharge-trydan-pour-compteur-esclave\/","url":"https:\/\/v2charge.com\/fr\/connexion-modbus-rtu-point-de-recharge-trydan-pour-compteur-esclave\/","name":"Connexion MODBUS RTU Point de recharge Trydan pour compteur esclave - V2C","isPartOf":{"@id":"https:\/\/v2charge.com\/fr\/#website"},"primaryImageOfPage":{"@id":"https:\/\/v2charge.com\/fr\/connexion-modbus-rtu-point-de-recharge-trydan-pour-compteur-esclave\/#primaryimage"},"image":{"@id":"https:\/\/v2charge.com\/fr\/connexion-modbus-rtu-point-de-recharge-trydan-pour-compteur-esclave\/#primaryimage"},"thumbnailUrl":"https:\/\/v2charge.com\/wp-content\/uploads\/2023\/01\/conexion-trydan-solis-734x1024.jpg","datePublished":"2023-07-27T10:08:46+00:00","dateModified":"2023-07-27T10:08:48+00:00","breadcrumb":{"@id":"https:\/\/v2charge.com\/fr\/connexion-modbus-rtu-point-de-recharge-trydan-pour-compteur-esclave\/#breadcrumb"},"inLanguage":"fr-FR","potentialAction":[{"@type":"ReadAction","target":["https:\/\/v2charge.com\/fr\/connexion-modbus-rtu-point-de-recharge-trydan-pour-compteur-esclave\/"]}]},{"@type":"ImageObject","inLanguage":"fr-FR","@id":"https:\/\/v2charge.com\/fr\/connexion-modbus-rtu-point-de-recharge-trydan-pour-compteur-esclave\/#primaryimage","url":"https:\/\/v2charge.com\/wp-content\/uploads\/2023\/01\/conexion-trydan-solis-734x1024.jpg","contentUrl":"https:\/\/v2charge.com\/wp-content\/uploads\/2023\/01\/conexion-trydan-solis-734x1024.jpg"},{"@type":"BreadcrumbList","@id":"https:\/\/v2charge.com\/fr\/connexion-modbus-rtu-point-de-recharge-trydan-pour-compteur-esclave\/#breadcrumb","itemListElement":[{"@type":"ListItem","position":1,"name":"V2C","item":"https:\/\/v2charge.com\/fr\/"},{"@type":"ListItem","position":2,"name":"Connexion MODBUS RTU Point de recharge Trydan pour compteur esclave"}]},{"@type":"WebSite","@id":"https:\/\/v2charge.com\/fr\/#website","url":"https:\/\/v2charge.com\/fr\/","name":"V2C","description":"#CargandoElMa\u00f1ana","publisher":{"@id":"https:\/\/v2charge.com\/fr\/#organization"},"potentialAction":[{"@type":"SearchAction","target":{"@type":"EntryPoint","urlTemplate":"https:\/\/v2charge.com\/fr\/?s={search_term_string}"},"query-input":{"@type":"PropertyValueSpecification","valueRequired":true,"valueName":"search_term_string"}}],"inLanguage":"fr-FR"},{"@type":"Organization","@id":"https:\/\/v2charge.com\/fr\/#organization","name":"V2C","url":"https:\/\/v2charge.com\/fr\/","logo":{"@type":"ImageObject","inLanguage":"fr-FR","@id":"https:\/\/v2charge.com\/fr\/#\/schema\/logo\/image\/","url":"https:\/\/v2charge.com\/wp-content\/uploads\/2024\/11\/cropped-v2c-charge-logo-menu.png","contentUrl":"https:\/\/v2charge.com\/wp-content\/uploads\/2024\/11\/cropped-v2c-charge-logo-menu.png","width":984,"height":431,"caption":"V2C"},"image":{"@id":"https:\/\/v2charge.com\/fr\/#\/schema\/logo\/image\/"},"sameAs":["https:\/\/www.facebook.com\/V2C.Charge","https:\/\/x.com\/V2C_Charge","https:\/\/www.instagram.com\/v2c.charge\/","https:\/\/www.youtube.com\/@V2C","https:\/\/www.linkedin.com\/company\/v2c-chargers\/"]}]}},"uagb_featured_image_src":{"full":false,"thumbnail":false,"medium":false,"medium_large":false,"large":false,"gs-tiny":false,"xl":false,"xxl":false,"xxxl":false,"xxxxl":false,"xxxxxl":false,"1536x1536":false,"2048x2048":false},"uagb_author_info":{"display_name":"V2C","author_link":"https:\/\/v2charge.com\/fr\/author\/marketing\/"},"uagb_comment_info":0,"uagb_excerpt":"Connexion MODBUS RTU Point de recharge Trydan pour compteur esclave La borne de recharge Trydan est connect\u00e9e via le protocole Modbus RTU pour deux raisons. Compteurs pris en charge Des compteurs sont constamment ajout\u00e9s \u00e0 la liste actuelle : Connexion \u00e9lectrique Les connexions MODBUS RTU se font par l&rsquo;interm\u00e9diaire de deux fils. Le compteur doit\u2026","_links":{"self":[{"href":"https:\/\/v2charge.com\/fr\/wp-json\/wp\/v2\/pages\/115415","targetHints":{"allow":["GET"]}}],"collection":[{"href":"https:\/\/v2charge.com\/fr\/wp-json\/wp\/v2\/pages"}],"about":[{"href":"https:\/\/v2charge.com\/fr\/wp-json\/wp\/v2\/types\/page"}],"author":[{"embeddable":true,"href":"https:\/\/v2charge.com\/fr\/wp-json\/wp\/v2\/users\/400"}],"replies":[{"embeddable":true,"href":"https:\/\/v2charge.com\/fr\/wp-json\/wp\/v2\/comments?post=115415"}],"version-history":[{"count":0,"href":"https:\/\/v2charge.com\/fr\/wp-json\/wp\/v2\/pages\/115415\/revisions"}],"wp:attachment":[{"href":"https:\/\/v2charge.com\/fr\/wp-json\/wp\/v2\/media?parent=115415"}],"curies":[{"name":"wp","href":"https:\/\/api.w.org\/{rel}","templated":true}]}}