{"id":115422,"date":"2023-07-27T10:31:21","date_gmt":"2023-07-27T10:31:21","guid":{"rendered":"https:\/\/v2charge.com\/?page_id=115422"},"modified":"2023-07-27T10:31:22","modified_gmt":"2023-07-27T10:31:22","slug":"client-tcp-modbus","status":"publish","type":"page","link":"https:\/\/v2charge.com\/fr\/client-tcp-modbus\/","title":{"rendered":"Client TCP ModBus"},"content":{"rendered":"\n<p>Utilisation du client APP Modbus TCP.\u00a0<a href=\"https:\/\/play.google.com\/store\/apps\/details?id=com.digitmund.modbustcpclient&amp;hl=es&amp;gl=US\">T\u00e9l\u00e9charge le;<\/a><\/p>\n\n\n\n<p>Configurez l&rsquo;appareil avec l&rsquo;adresse IP indiqu\u00e9e, comme port c&rsquo;est g\u00e9n\u00e9ralement 502<\/p>\n\n\n<div class=\"wp-block-image\">\n<figure class=\"aligncenter size-large is-resized\"><img decoding=\"async\" src=\"https:\/\/v2charge.com\/wp-content\/uploads\/2023\/01\/WhatsApp-Image-2023-01-02-at-08.51.23-461x1024.jpeg\" alt=\"\" class=\"wp-image-90845\" width=\"275\" height=\"611\" srcset=\"https:\/\/v2charge.com\/wp-content\/uploads\/2023\/01\/WhatsApp-Image-2023-01-02-at-08.51.23-461x1024.jpeg 461w, https:\/\/v2charge.com\/wp-content\/uploads\/2023\/01\/WhatsApp-Image-2023-01-02-at-08.51.23-135x300.jpeg 135w, https:\/\/v2charge.com\/wp-content\/uploads\/2023\/01\/WhatsApp-Image-2023-01-02-at-08.51.23-691x1536.jpeg 691w, https:\/\/v2charge.com\/wp-content\/uploads\/2023\/01\/WhatsApp-Image-2023-01-02-at-08.51.23.jpeg 720w\" sizes=\"(max-width: 275px) 100vw, 275px\" \/><\/figure>\n<\/div>\n\n\n<p>Ouvrez le socket avec le bouton open et configurez l&rsquo;\u00e9cran suivant comme ceci\u00a0<\/p>\n\n\n<div class=\"wp-block-image\">\n<figure class=\"aligncenter size-large is-resized\"><img decoding=\"async\" src=\"https:\/\/v2charge.com\/wp-content\/uploads\/2023\/01\/WhatsApp-Image-2023-01-02-at-08.51.16-1-461x1024.jpeg\" alt=\"\" class=\"wp-image-90853\" width=\"288\" height=\"640\" srcset=\"https:\/\/v2charge.com\/wp-content\/uploads\/2023\/01\/WhatsApp-Image-2023-01-02-at-08.51.16-1-461x1024.jpeg 461w, https:\/\/v2charge.com\/wp-content\/uploads\/2023\/01\/WhatsApp-Image-2023-01-02-at-08.51.16-1-135x300.jpeg 135w, https:\/\/v2charge.com\/wp-content\/uploads\/2023\/01\/WhatsApp-Image-2023-01-02-at-08.51.16-1-691x1536.jpeg 691w, https:\/\/v2charge.com\/wp-content\/uploads\/2023\/01\/WhatsApp-Image-2023-01-02-at-08.51.16-1.jpeg 720w\" sizes=\"(max-width: 288px) 100vw, 288px\" \/><\/figure>\n<\/div>","protected":false},"excerpt":{"rendered":"<p>Utilisation du client APP Modbus TCP.\u00a0T\u00e9l\u00e9charge le; Configurez l&rsquo;appareil avec l&rsquo;adresse IP indiqu\u00e9e, comme port c&rsquo;est g\u00e9n\u00e9ralement 502 Ouvrez le socket avec le bouton open et configurez l&rsquo;\u00e9cran suivant comme ceci\u00a0<\/p>\n","protected":false},"author":400,"featured_media":0,"parent":0,"menu_order":0,"comment_status":"closed","ping_status":"closed","template":"","meta":{"_eb_attr":"","content-type":"","_uag_custom_page_level_css":"","footnotes":""},"class_list":["post-115422","page","type-page","status-publish"],"yoast_head":"<!-- This site is optimized with the Yoast SEO plugin v25.3.1 - https:\/\/yoast.com\/wordpress\/plugins\/seo\/ -->\n<title>Client TCP ModBus - V2C<\/title>\n<meta name=\"robots\" content=\"index, follow, max-snippet:-1, max-image-preview:large, max-video-preview:-1\" \/>\n<link rel=\"canonical\" href=\"https:\/\/v2charge.com\/fr\/client-tcp-modbus\/\" \/>\n<meta property=\"og:locale\" content=\"fr_FR\" \/>\n<meta property=\"og:type\" content=\"article\" \/>\n<meta property=\"og:title\" content=\"Client TCP ModBus - V2C\" \/>\n<meta property=\"og:description\" content=\"Utilisation du client APP Modbus TCP.\u00a0T\u00e9l\u00e9charge le; Configurez l&rsquo;appareil avec l&rsquo;adresse IP indiqu\u00e9e, comme port c&rsquo;est g\u00e9n\u00e9ralement 502 Ouvrez le socket avec le bouton open et configurez l&rsquo;\u00e9cran suivant comme ceci\u00a0\" \/>\n<meta property=\"og:url\" content=\"https:\/\/v2charge.com\/fr\/client-tcp-modbus\/\" \/>\n<meta property=\"og:site_name\" content=\"V2C\" \/>\n<meta property=\"article:publisher\" content=\"https:\/\/www.facebook.com\/V2C.Charge\" \/>\n<meta property=\"article:modified_time\" content=\"2023-07-27T10:31:22+00:00\" \/>\n<meta property=\"og:image\" content=\"https:\/\/v2charge.com\/wp-content\/uploads\/2023\/01\/WhatsApp-Image-2023-01-02-at-08.51.23-461x1024.jpeg\" \/>\n<meta name=\"twitter:card\" content=\"summary_large_image\" \/>\n<meta name=\"twitter:site\" content=\"@V2C_Charge\" \/>\n<meta name=\"twitter:label1\" content=\"Dur\u00e9e de lecture estim\u00e9e\" \/>\n\t<meta name=\"twitter:data1\" content=\"1 minute\" \/>\n<script type=\"application\/ld+json\" class=\"yoast-schema-graph\">{\"@context\":\"https:\/\/schema.org\",\"@graph\":[{\"@type\":\"WebPage\",\"@id\":\"https:\/\/v2charge.com\/fr\/client-tcp-modbus\/\",\"url\":\"https:\/\/v2charge.com\/fr\/client-tcp-modbus\/\",\"name\":\"Client TCP ModBus - V2C\",\"isPartOf\":{\"@id\":\"https:\/\/v2charge.com\/fr\/#website\"},\"primaryImageOfPage\":{\"@id\":\"https:\/\/v2charge.com\/fr\/client-tcp-modbus\/#primaryimage\"},\"image\":{\"@id\":\"https:\/\/v2charge.com\/fr\/client-tcp-modbus\/#primaryimage\"},\"thumbnailUrl\":\"https:\/\/v2charge.com\/wp-content\/uploads\/2023\/01\/WhatsApp-Image-2023-01-02-at-08.51.23-461x1024.jpeg\",\"datePublished\":\"2023-07-27T10:31:21+00:00\",\"dateModified\":\"2023-07-27T10:31:22+00:00\",\"breadcrumb\":{\"@id\":\"https:\/\/v2charge.com\/fr\/client-tcp-modbus\/#breadcrumb\"},\"inLanguage\":\"fr-FR\",\"potentialAction\":[{\"@type\":\"ReadAction\",\"target\":[\"https:\/\/v2charge.com\/fr\/client-tcp-modbus\/\"]}]},{\"@type\":\"ImageObject\",\"inLanguage\":\"fr-FR\",\"@id\":\"https:\/\/v2charge.com\/fr\/client-tcp-modbus\/#primaryimage\",\"url\":\"https:\/\/v2charge.com\/wp-content\/uploads\/2023\/01\/WhatsApp-Image-2023-01-02-at-08.51.23-461x1024.jpeg\",\"contentUrl\":\"https:\/\/v2charge.com\/wp-content\/uploads\/2023\/01\/WhatsApp-Image-2023-01-02-at-08.51.23-461x1024.jpeg\"},{\"@type\":\"BreadcrumbList\",\"@id\":\"https:\/\/v2charge.com\/fr\/client-tcp-modbus\/#breadcrumb\",\"itemListElement\":[{\"@type\":\"ListItem\",\"position\":1,\"name\":\"V2C\",\"item\":\"https:\/\/v2charge.com\/fr\/\"},{\"@type\":\"ListItem\",\"position\":2,\"name\":\"Client TCP ModBus\"}]},{\"@type\":\"WebSite\",\"@id\":\"https:\/\/v2charge.com\/fr\/#website\",\"url\":\"https:\/\/v2charge.com\/fr\/\",\"name\":\"V2C\",\"description\":\"#CargandoElMa\u00f1ana\",\"publisher\":{\"@id\":\"https:\/\/v2charge.com\/fr\/#organization\"},\"potentialAction\":[{\"@type\":\"SearchAction\",\"target\":{\"@type\":\"EntryPoint\",\"urlTemplate\":\"https:\/\/v2charge.com\/fr\/?s={search_term_string}\"},\"query-input\":{\"@type\":\"PropertyValueSpecification\",\"valueRequired\":true,\"valueName\":\"search_term_string\"}}],\"inLanguage\":\"fr-FR\"},{\"@type\":\"Organization\",\"@id\":\"https:\/\/v2charge.com\/fr\/#organization\",\"name\":\"V2C\",\"url\":\"https:\/\/v2charge.com\/fr\/\",\"logo\":{\"@type\":\"ImageObject\",\"inLanguage\":\"fr-FR\",\"@id\":\"https:\/\/v2charge.com\/fr\/#\/schema\/logo\/image\/\",\"url\":\"https:\/\/v2charge.com\/wp-content\/uploads\/2024\/11\/cropped-v2c-charge-logo-menu.png\",\"contentUrl\":\"https:\/\/v2charge.com\/wp-content\/uploads\/2024\/11\/cropped-v2c-charge-logo-menu.png\",\"width\":984,\"height\":431,\"caption\":\"V2C\"},\"image\":{\"@id\":\"https:\/\/v2charge.com\/fr\/#\/schema\/logo\/image\/\"},\"sameAs\":[\"https:\/\/www.facebook.com\/V2C.Charge\",\"https:\/\/x.com\/V2C_Charge\",\"https:\/\/www.instagram.com\/v2c.charge\/\",\"https:\/\/www.youtube.com\/@V2C\",\"https:\/\/www.linkedin.com\/company\/v2c-chargers\/\"]}]}<\/script>\n<!-- \/ Yoast SEO plugin. -->","yoast_head_json":{"title":"Client TCP ModBus - V2C","robots":{"index":"index","follow":"follow","max-snippet":"max-snippet:-1","max-image-preview":"max-image-preview:large","max-video-preview":"max-video-preview:-1"},"canonical":"https:\/\/v2charge.com\/fr\/client-tcp-modbus\/","og_locale":"fr_FR","og_type":"article","og_title":"Client TCP ModBus - V2C","og_description":"Utilisation du client APP Modbus TCP.\u00a0T\u00e9l\u00e9charge le; Configurez l&rsquo;appareil avec l&rsquo;adresse IP indiqu\u00e9e, comme port c&rsquo;est g\u00e9n\u00e9ralement 502 Ouvrez le socket avec le bouton open et configurez l&rsquo;\u00e9cran suivant comme ceci\u00a0","og_url":"https:\/\/v2charge.com\/fr\/client-tcp-modbus\/","og_site_name":"V2C","article_publisher":"https:\/\/www.facebook.com\/V2C.Charge","article_modified_time":"2023-07-27T10:31:22+00:00","og_image":[{"url":"https:\/\/v2charge.com\/wp-content\/uploads\/2023\/01\/WhatsApp-Image-2023-01-02-at-08.51.23-461x1024.jpeg","type":"","width":"","height":""}],"twitter_card":"summary_large_image","twitter_site":"@V2C_Charge","twitter_misc":{"Dur\u00e9e de lecture estim\u00e9e":"1 minute"},"schema":{"@context":"https:\/\/schema.org","@graph":[{"@type":"WebPage","@id":"https:\/\/v2charge.com\/fr\/client-tcp-modbus\/","url":"https:\/\/v2charge.com\/fr\/client-tcp-modbus\/","name":"Client TCP ModBus - V2C","isPartOf":{"@id":"https:\/\/v2charge.com\/fr\/#website"},"primaryImageOfPage":{"@id":"https:\/\/v2charge.com\/fr\/client-tcp-modbus\/#primaryimage"},"image":{"@id":"https:\/\/v2charge.com\/fr\/client-tcp-modbus\/#primaryimage"},"thumbnailUrl":"https:\/\/v2charge.com\/wp-content\/uploads\/2023\/01\/WhatsApp-Image-2023-01-02-at-08.51.23-461x1024.jpeg","datePublished":"2023-07-27T10:31:21+00:00","dateModified":"2023-07-27T10:31:22+00:00","breadcrumb":{"@id":"https:\/\/v2charge.com\/fr\/client-tcp-modbus\/#breadcrumb"},"inLanguage":"fr-FR","potentialAction":[{"@type":"ReadAction","target":["https:\/\/v2charge.com\/fr\/client-tcp-modbus\/"]}]},{"@type":"ImageObject","inLanguage":"fr-FR","@id":"https:\/\/v2charge.com\/fr\/client-tcp-modbus\/#primaryimage","url":"https:\/\/v2charge.com\/wp-content\/uploads\/2023\/01\/WhatsApp-Image-2023-01-02-at-08.51.23-461x1024.jpeg","contentUrl":"https:\/\/v2charge.com\/wp-content\/uploads\/2023\/01\/WhatsApp-Image-2023-01-02-at-08.51.23-461x1024.jpeg"},{"@type":"BreadcrumbList","@id":"https:\/\/v2charge.com\/fr\/client-tcp-modbus\/#breadcrumb","itemListElement":[{"@type":"ListItem","position":1,"name":"V2C","item":"https:\/\/v2charge.com\/fr\/"},{"@type":"ListItem","position":2,"name":"Client TCP ModBus"}]},{"@type":"WebSite","@id":"https:\/\/v2charge.com\/fr\/#website","url":"https:\/\/v2charge.com\/fr\/","name":"V2C","description":"#CargandoElMa\u00f1ana","publisher":{"@id":"https:\/\/v2charge.com\/fr\/#organization"},"potentialAction":[{"@type":"SearchAction","target":{"@type":"EntryPoint","urlTemplate":"https:\/\/v2charge.com\/fr\/?s={search_term_string}"},"query-input":{"@type":"PropertyValueSpecification","valueRequired":true,"valueName":"search_term_string"}}],"inLanguage":"fr-FR"},{"@type":"Organization","@id":"https:\/\/v2charge.com\/fr\/#organization","name":"V2C","url":"https:\/\/v2charge.com\/fr\/","logo":{"@type":"ImageObject","inLanguage":"fr-FR","@id":"https:\/\/v2charge.com\/fr\/#\/schema\/logo\/image\/","url":"https:\/\/v2charge.com\/wp-content\/uploads\/2024\/11\/cropped-v2c-charge-logo-menu.png","contentUrl":"https:\/\/v2charge.com\/wp-content\/uploads\/2024\/11\/cropped-v2c-charge-logo-menu.png","width":984,"height":431,"caption":"V2C"},"image":{"@id":"https:\/\/v2charge.com\/fr\/#\/schema\/logo\/image\/"},"sameAs":["https:\/\/www.facebook.com\/V2C.Charge","https:\/\/x.com\/V2C_Charge","https:\/\/www.instagram.com\/v2c.charge\/","https:\/\/www.youtube.com\/@V2C","https:\/\/www.linkedin.com\/company\/v2c-chargers\/"]}]}},"uagb_featured_image_src":{"full":false,"thumbnail":false,"medium":false,"medium_large":false,"large":false,"gs-tiny":false,"xl":false,"xxl":false,"xxxl":false,"xxxxl":false,"xxxxxl":false,"1536x1536":false,"2048x2048":false},"uagb_author_info":{"display_name":"V2C","author_link":"https:\/\/v2charge.com\/fr\/author\/marketing\/"},"uagb_comment_info":0,"uagb_excerpt":"Utilisation du client APP Modbus TCP.\u00a0T\u00e9l\u00e9charge le; Configurez l&rsquo;appareil avec l&rsquo;adresse IP indiqu\u00e9e, comme port c&rsquo;est g\u00e9n\u00e9ralement 502 Ouvrez le socket avec le bouton open et configurez l&rsquo;\u00e9cran suivant comme ceci\u00a0","_links":{"self":[{"href":"https:\/\/v2charge.com\/fr\/wp-json\/wp\/v2\/pages\/115422","targetHints":{"allow":["GET"]}}],"collection":[{"href":"https:\/\/v2charge.com\/fr\/wp-json\/wp\/v2\/pages"}],"about":[{"href":"https:\/\/v2charge.com\/fr\/wp-json\/wp\/v2\/types\/page"}],"author":[{"embeddable":true,"href":"https:\/\/v2charge.com\/fr\/wp-json\/wp\/v2\/users\/400"}],"replies":[{"embeddable":true,"href":"https:\/\/v2charge.com\/fr\/wp-json\/wp\/v2\/comments?post=115422"}],"version-history":[{"count":0,"href":"https:\/\/v2charge.com\/fr\/wp-json\/wp\/v2\/pages\/115422\/revisions"}],"wp:attachment":[{"href":"https:\/\/v2charge.com\/fr\/wp-json\/wp\/v2\/media?parent=115422"}],"curies":[{"name":"wp","href":"https:\/\/api.w.org\/{rel}","templated":true}]}}