{"id":161822,"date":"2024-06-24T14:09:11","date_gmt":"2024-06-24T12:09:11","guid":{"rendered":"https:\/\/v2charge.com\/support\/trydan\/impedancia-infinita\/"},"modified":"2026-01-09T16:36:11","modified_gmt":"2026-01-09T14:36:11","slug":"impedance-infinie","status":"publish","type":"page","link":"https:\/\/v2charge.com\/fr\/support\/trydan\/impedance-infinie\/","title":{"rendered":"Imp\u00e9dance infinie"},"content":{"rendered":"\n<div class=\"wp-block-uagb-container uagb-block-2b438ecc alignfull uagb-is-root-container\"><div class=\"uagb-container-inner-blocks-wrap\">\n<div style=\"height:20px\" aria-hidden=\"true\" class=\"wp-block-spacer\"><\/div>\n\n\n<div class=\"yoast-breadcrumbs\"><span><span><a href=\"https:\/\/v2charge.com\/fr\/\">V2C<\/a><\/span> \u00bb <span><a href=\"https:\/\/v2charge.com\/fr\/support\/\">Support Area<\/a><\/span> \u00bb <span><a href=\"https:\/\/v2charge.com\/fr\/support\/trydan\/\">Support Trydan<\/a><\/span> \u00bb <span class=\"breadcrumb_last\" aria-current=\"page\">Imp\u00e9dance infinie<\/span><\/span><\/div>\n\n\n<div style=\"height:0px\" aria-hidden=\"true\" class=\"wp-block-spacer\"><\/div>\n\n\n\n<h1 class=\"wp-block-heading\" style=\"font-size:29px\">Imp\u00e9dance infinie<\/h1>\n\n\n\n<p>L&rsquo;e-Charger Trydan, dans sa version avec protections incluses, dispose d&rsquo;une imp\u00e9dance infinie (ou imp\u00e9dance z\u00e9ro), <strong>une technologie d\u00e9velopp\u00e9e par V2C <\/strong>qui permet au compteur de ne pas d\u00e9tecter le point de recharge. Par cons\u00e9quent, en cas de coupure de courant, <strong>l&rsquo;installation peut \u00eatre r\u00e9arm\u00e9e simplement en abaissant et en relevant le disjoncteur g\u00e9n\u00e9ral de la maison.<\/strong><\/p>\n\n\n\n<p><strong>L&rsquo;imp\u00e9dance infinie fonctionne sous les conditions suivantes :<\/strong><\/p>\n\n\n\n<ul class=\"wp-block-list\">\n<li>Le compteur doit figurer dans la liste des compteurs compatibles avec notre imp\u00e9dance infinie.<\/li>\n\n\n\n<li>Le chargeur doit \u00eatre monophas\u00e9 et \u00e9quip\u00e9 du bloc de protections fourni par l&rsquo;usine, sp\u00e9cifiquement des marques CHINT ou TOSCANO.<\/li>\n\n\n\n<li>Aucune modification interne ne doit \u00eatre apport\u00e9e au chargeur, comme l&rsquo;installation d&rsquo;une prise suppl\u00e9mentaire, prise Schuko ou autre type de prise.<\/li>\n\n\n\n<li>La ligne d&rsquo;alimentation du chargeur ne doit pr\u00e9senter aucune d\u00e9rivation ni raccordement.<\/li>\n\n\n\n<li>Le composant \u2018COMP1\u2019 est connect\u00e9 au connecteur P2 comme indiqu\u00e9 sur l&rsquo;image.<\/li>\n\n\n\n<li>Le num\u00e9ro 1 du composant \u2018COMP1\u2019 doit correspondre au num\u00e9ro 1 du connecteur P2.<\/li>\n\n\n\n<li>Le composant \u2018POV-1\u2019 doit \u00eatre connect\u00e9 comme indiqu\u00e9 sur l&rsquo;image ; c&rsquo;est-\u00e0-dire que la phase (F) doit \u00eatre connect\u00e9e \u00e0 la connexion 1 et le neutre (N) \u00e0 la connexion 2.<\/li>\n<\/ul>\n\n\n\n<div class=\"wp-block-uagb-container uagb-block-e8b823d8\">\n<div class=\"wp-block-uagb-container uagb-block-077528da alignfull uagb-is-root-container\"><div class=\"uagb-container-inner-blocks-wrap\">\n<div class=\"wp-block-uagb-container uagb-block-dda246f1\">\n<div class=\"wp-block-uagb-image uagb-block-2af6dd92 wp-block-uagb-image--layout-default wp-block-uagb-image--effect-static wp-block-uagb-image--align-none\"><figure class=\"wp-block-uagb-image__figure\"><img decoding=\"async\" srcset=\"https:\/\/v2charge.com\/wp-content\/uploads\/2024\/06\/impedancia-infinita.jpg ,https:\/\/v2charge.com\/wp-content\/uploads\/2024\/06\/impedancia-infinita.jpg 780w, https:\/\/v2charge.com\/wp-content\/uploads\/2024\/06\/impedancia-infinita.jpg 360w\" sizes=\"auto, (max-width: 480px) 150px\" src=\"https:\/\/v2charge.com\/wp-content\/uploads\/2024\/06\/impedancia-infinita.jpg\" alt=\"\" class=\"uag-image-161775\" width=\"724\" height=\"686\" title=\"impedancia-infinita\" loading=\"lazy\" role=\"img\"\/><\/figure><\/div>\n<\/div>\n\n\n\n<div class=\"wp-block-uagb-container uagb-block-3c1b7031\">\n<div class=\"wp-block-uagb-info-box uagb-block-518cd380 uagb-infobox__content-wrap  uagb-infobox-icon-left uagb-infobox-left uagb-infobox-stacked-tablet uagb-infobox-image-valign-top\"><div class=\"uagb-ifb-image-content\"><img decoding=\"async\" src=\"https:\/\/v2charge.com\/wp-content\/uploads\/2023\/11\/numero-uno.png\" alt=\"\" width=\"25\" height=\"25\" loading=\"lazy\"\/><\/div><div class=\"uagb-ifb-content\"><div class=\"uagb-ifb-title-wrap\"><\/div><p class=\"uagb-ifb-desc\">Compteur<\/p><\/div><\/div>\n\n\n\n<div class=\"wp-block-uagb-info-box uagb-block-d38bd8b9 uagb-infobox__content-wrap  uagb-infobox-icon-left uagb-infobox-left uagb-infobox-stacked-tablet uagb-infobox-image-valign-top\"><div class=\"uagb-ifb-image-content\"><img decoding=\"async\" src=\"https:\/\/v2charge.com\/wp-content\/uploads\/2023\/11\/numero-dos.png\" alt=\"\" width=\"25\" height=\"25\" loading=\"lazy\"\/><\/div><div class=\"uagb-ifb-content\"><div class=\"uagb-ifb-title-wrap\"><\/div><p class=\"uagb-ifb-desc\">P2<\/p><\/div><\/div>\n\n\n\n<div class=\"wp-block-uagb-info-box uagb-block-e81d4244 uagb-infobox__content-wrap  uagb-infobox-icon-left uagb-infobox-left uagb-infobox-stacked-tablet uagb-infobox-image-valign-top\"><div class=\"uagb-ifb-image-content\"><img decoding=\"async\" src=\"https:\/\/v2charge.com\/wp-content\/uploads\/2023\/11\/numero-tres.png\" alt=\"\" width=\"25\" height=\"25\" loading=\"lazy\"\/><\/div><div class=\"uagb-ifb-content\"><div class=\"uagb-ifb-title-wrap\"><\/div><p class=\"uagb-ifb-desc\">COMP1<\/p><\/div><\/div>\n<\/div>\n<\/div><\/div>\n<\/div>\n\n\n\n<div style=\"height:40px\" aria-hidden=\"true\" class=\"wp-block-spacer\"><\/div>\n<\/div><\/div>\n\n\n\n<div class=\"wp-block-uagb-container uagb-block-c6f38013 alignfull uagb-is-root-container\"><div class=\"uagb-container-inner-blocks-wrap\">\n<div class=\"wp-block-uagb-advanced-heading uagb-block-6963d70c\"><h2 class=\"uagb-heading-text\"><strong>Vous avez besoin d\u2019assistance technique ?<\/strong><\/h2><\/div>\n\n\n\n<div class=\"wp-block-uagb-advanced-heading uagb-block-408243eb\"><p class=\"uagb-heading-text\">R\u00e9solvez votre probl\u00e8me instantan\u00e9ment gr\u00e2ce \u00e0 notre <strong>chat avec IA<\/strong>. Si celui-ci ne peut pas le r\u00e9soudre, cr\u00e9ez une demande dans le <strong>Centre d\u2019assistance technique<\/strong> et nous vous contacterons dans les plus brefs d\u00e9lais afin de vous proposer la meilleure solution.<\/p><\/div>\n\n\n\n<div class=\"wp-block-uagb-info-box uagb-block-12e3cf1c uagb-infobox__content-wrap  uagb-infobox-icon-left uagb-infobox-left uagb-infobox-image-valign-top wp-block-uagb-info-box--has-margin ai-chatbot-button\"><div class=\"uagb-infobox-margin-wrapper\"><div class=\"uagb-ifb-image-content\"><img decoding=\"async\" src=\"https:\/\/v2charge.com\/wp-content\/uploads\/2026\/01\/support-ai-chatbot.png\" alt=\"\" width=\"20\" height=\"19\" loading=\"lazy\"\/><\/div><div class=\"uagb-ifb-content\"><div class=\"uagb-ifb-title-wrap\"><\/div><div class=\"uagb-ifb-button-wrapper wp-block-button\"><a href=\"https:\/\/v2charge.com\/v2c-support-web\/\" class=\"uagb-infobox-cta-link wp-block-button__link\" target=\"_blank\" rel=\"noopener noreferrer\" onclick=\"return true;\"><span class=\"uagb-inline-editing\">Poser une question \u00e0 notre chat IA<\/span><\/a><\/div><\/div><\/div><\/div>\n\n\n\n<div class=\"wp-block-uagb-buttons uagb-buttons__outer-wrap uagb-btn__default-btn uagb-btn-tablet__default-btn uagb-btn-mobile__default-btn uagb-block-ba1e67d1\"><div class=\"uagb-buttons__wrap uagb-buttons-layout-wrap \">\n<div class=\"wp-block-uagb-buttons-child uagb-buttons__outer-wrap uagb-block-23cfb623 wp-block-button\"><div class=\"uagb-button__wrapper\"><a class=\"uagb-buttons-repeater wp-block-button__link\" aria-label=\"\" href=\"https:\/\/v2charge.atlassian.net\/servicedesk\/customer\/portal\/3\" rel=\"follow noopener\" target=\"_blank\" role=\"button\"><div class=\"uagb-button__link\">Contacter le support technique<\/div><\/a><\/div><\/div>\n<\/div><\/div>\n<\/div><\/div>\n","protected":false},"excerpt":{"rendered":"<p>Imp\u00e9dance infinie L&rsquo;e-Charger Trydan, dans sa version avec protections incluses, dispose d&rsquo;une imp\u00e9dance infinie (ou imp\u00e9dance z\u00e9ro), une technologie d\u00e9velopp\u00e9e par V2C qui permet au compteur de ne pas d\u00e9tecter le point de recharge. Par cons\u00e9quent, en cas de coupure de courant, l&rsquo;installation peut \u00eatre r\u00e9arm\u00e9e simplement en abaissant et en relevant le disjoncteur g\u00e9n\u00e9ral &#8230; <a title=\"Imp\u00e9dance infinie\" class=\"read-more\" href=\"https:\/\/v2charge.com\/fr\/support\/trydan\/impedance-infinie\/\" aria-label=\"Read more about Imp\u00e9dance infinie\">Lire la suite<\/a><\/p>\n","protected":false},"author":400,"featured_media":170349,"parent":75498,"menu_order":0,"comment_status":"closed","ping_status":"closed","template":"","meta":{"_eb_attr":"","content-type":"","_uag_custom_page_level_css":"","footnotes":""},"class_list":["post-161822","page","type-page","status-publish","has-post-thumbnail"],"yoast_head":"<!-- This site is optimized with the Yoast SEO plugin v25.3.1 - https:\/\/yoast.com\/wordpress\/plugins\/seo\/ -->\n<title>Imp\u00e9dance infinie - V2C<\/title>\n<meta name=\"description\" content=\"L&#039;imp\u00e9dance infinie qui permet de r\u00e9armer l&#039;installation simplement en abaissant et en relevant le disjoncteur g\u00e9n\u00e9ral de la maison.\" \/>\n<meta name=\"robots\" content=\"index, follow, max-snippet:-1, max-image-preview:large, max-video-preview:-1\" \/>\n<link rel=\"canonical\" href=\"https:\/\/v2charge.com\/fr\/support\/trydan\/impedance-infinie\/\" \/>\n<meta property=\"og:locale\" content=\"fr_FR\" \/>\n<meta property=\"og:type\" content=\"article\" \/>\n<meta property=\"og:title\" content=\"Imp\u00e9dance infinie - V2C\" \/>\n<meta property=\"og:description\" content=\"L&#039;imp\u00e9dance infinie qui permet de r\u00e9armer l&#039;installation simplement en abaissant et en relevant le disjoncteur g\u00e9n\u00e9ral de la maison.\" \/>\n<meta property=\"og:url\" content=\"https:\/\/v2charge.com\/fr\/support\/trydan\/impedance-infinie\/\" \/>\n<meta property=\"og:site_name\" content=\"V2C\" \/>\n<meta property=\"article:publisher\" content=\"https:\/\/www.facebook.com\/V2C.Charge\" \/>\n<meta property=\"article:modified_time\" content=\"2026-01-09T14:36:11+00:00\" \/>\n<meta property=\"og:image\" content=\"https:\/\/v2charge.com\/wp-content\/uploads\/2024\/07\/v2c-electric-chargers.jpg\" \/>\n\t<meta property=\"og:image:width\" content=\"1200\" \/>\n\t<meta property=\"og:image:height\" content=\"675\" \/>\n\t<meta property=\"og:image:type\" content=\"image\/jpeg\" \/>\n<meta name=\"twitter:card\" content=\"summary_large_image\" \/>\n<meta name=\"twitter:site\" content=\"@V2C_Charge\" \/>\n<meta name=\"twitter:label1\" content=\"Dur\u00e9e de lecture estim\u00e9e\" \/>\n\t<meta name=\"twitter:data1\" content=\"3 minutes\" \/>\n<script type=\"application\/ld+json\" class=\"yoast-schema-graph\">{\"@context\":\"https:\/\/schema.org\",\"@graph\":[{\"@type\":\"WebPage\",\"@id\":\"https:\/\/v2charge.com\/fr\/support\/trydan\/impedance-infinie\/\",\"url\":\"https:\/\/v2charge.com\/fr\/support\/trydan\/impedance-infinie\/\",\"name\":\"Imp\u00e9dance infinie - V2C\",\"isPartOf\":{\"@id\":\"https:\/\/v2charge.com\/fr\/#website\"},\"primaryImageOfPage\":{\"@id\":\"https:\/\/v2charge.com\/fr\/support\/trydan\/impedance-infinie\/#primaryimage\"},\"image\":{\"@id\":\"https:\/\/v2charge.com\/fr\/support\/trydan\/impedance-infinie\/#primaryimage\"},\"thumbnailUrl\":\"https:\/\/v2charge.com\/wp-content\/uploads\/2024\/07\/v2c-electric-chargers.jpg\",\"datePublished\":\"2024-06-24T12:09:11+00:00\",\"dateModified\":\"2026-01-09T14:36:11+00:00\",\"description\":\"L'imp\u00e9dance infinie qui permet de r\u00e9armer l'installation simplement en abaissant et en relevant le disjoncteur g\u00e9n\u00e9ral de la maison.\",\"breadcrumb\":{\"@id\":\"https:\/\/v2charge.com\/fr\/support\/trydan\/impedance-infinie\/#breadcrumb\"},\"inLanguage\":\"fr-FR\",\"potentialAction\":[{\"@type\":\"ReadAction\",\"target\":[\"https:\/\/v2charge.com\/fr\/support\/trydan\/impedance-infinie\/\"]}]},{\"@type\":\"ImageObject\",\"inLanguage\":\"fr-FR\",\"@id\":\"https:\/\/v2charge.com\/fr\/support\/trydan\/impedance-infinie\/#primaryimage\",\"url\":\"https:\/\/v2charge.com\/wp-content\/uploads\/2024\/07\/v2c-electric-chargers.jpg\",\"contentUrl\":\"https:\/\/v2charge.com\/wp-content\/uploads\/2024\/07\/v2c-electric-chargers.jpg\",\"width\":1200,\"height\":675,\"caption\":\"V2C Electric Chargers\"},{\"@type\":\"BreadcrumbList\",\"@id\":\"https:\/\/v2charge.com\/fr\/support\/trydan\/impedance-infinie\/#breadcrumb\",\"itemListElement\":[{\"@type\":\"ListItem\",\"position\":1,\"name\":\"V2C\",\"item\":\"https:\/\/v2charge.com\/fr\/\"},{\"@type\":\"ListItem\",\"position\":2,\"name\":\"Support Area\",\"item\":\"https:\/\/v2charge.com\/fr\/support\/\"},{\"@type\":\"ListItem\",\"position\":3,\"name\":\"Support Trydan\",\"item\":\"https:\/\/v2charge.com\/fr\/support\/trydan\/\"},{\"@type\":\"ListItem\",\"position\":4,\"name\":\"Imp\u00e9dance infinie\"}]},{\"@type\":\"WebSite\",\"@id\":\"https:\/\/v2charge.com\/fr\/#website\",\"url\":\"https:\/\/v2charge.com\/fr\/\",\"name\":\"V2C\",\"description\":\"#CargandoElMa\u00f1ana\",\"publisher\":{\"@id\":\"https:\/\/v2charge.com\/fr\/#organization\"},\"potentialAction\":[{\"@type\":\"SearchAction\",\"target\":{\"@type\":\"EntryPoint\",\"urlTemplate\":\"https:\/\/v2charge.com\/fr\/?s={search_term_string}\"},\"query-input\":{\"@type\":\"PropertyValueSpecification\",\"valueRequired\":true,\"valueName\":\"search_term_string\"}}],\"inLanguage\":\"fr-FR\"},{\"@type\":\"Organization\",\"@id\":\"https:\/\/v2charge.com\/fr\/#organization\",\"name\":\"V2C\",\"url\":\"https:\/\/v2charge.com\/fr\/\",\"logo\":{\"@type\":\"ImageObject\",\"inLanguage\":\"fr-FR\",\"@id\":\"https:\/\/v2charge.com\/fr\/#\/schema\/logo\/image\/\",\"url\":\"https:\/\/v2charge.com\/wp-content\/uploads\/2024\/11\/cropped-v2c-charge-logo-menu.png\",\"contentUrl\":\"https:\/\/v2charge.com\/wp-content\/uploads\/2024\/11\/cropped-v2c-charge-logo-menu.png\",\"width\":984,\"height\":431,\"caption\":\"V2C\"},\"image\":{\"@id\":\"https:\/\/v2charge.com\/fr\/#\/schema\/logo\/image\/\"},\"sameAs\":[\"https:\/\/www.facebook.com\/V2C.Charge\",\"https:\/\/x.com\/V2C_Charge\",\"https:\/\/www.instagram.com\/v2c.charge\/\",\"https:\/\/www.youtube.com\/@V2C\",\"https:\/\/www.linkedin.com\/company\/v2c-chargers\/\"]}]}<\/script>\n<!-- \/ Yoast SEO plugin. -->","yoast_head_json":{"title":"Imp\u00e9dance infinie - V2C","description":"L'imp\u00e9dance infinie qui permet de r\u00e9armer l'installation simplement en abaissant et en relevant le disjoncteur g\u00e9n\u00e9ral de la maison.","robots":{"index":"index","follow":"follow","max-snippet":"max-snippet:-1","max-image-preview":"max-image-preview:large","max-video-preview":"max-video-preview:-1"},"canonical":"https:\/\/v2charge.com\/fr\/support\/trydan\/impedance-infinie\/","og_locale":"fr_FR","og_type":"article","og_title":"Imp\u00e9dance infinie - V2C","og_description":"L'imp\u00e9dance infinie qui permet de r\u00e9armer l'installation simplement en abaissant et en relevant le disjoncteur g\u00e9n\u00e9ral de la maison.","og_url":"https:\/\/v2charge.com\/fr\/support\/trydan\/impedance-infinie\/","og_site_name":"V2C","article_publisher":"https:\/\/www.facebook.com\/V2C.Charge","article_modified_time":"2026-01-09T14:36:11+00:00","og_image":[{"width":1200,"height":675,"url":"https:\/\/v2charge.com\/wp-content\/uploads\/2024\/07\/v2c-electric-chargers.jpg","type":"image\/jpeg"}],"twitter_card":"summary_large_image","twitter_site":"@V2C_Charge","twitter_misc":{"Dur\u00e9e de lecture estim\u00e9e":"3 minutes"},"schema":{"@context":"https:\/\/schema.org","@graph":[{"@type":"WebPage","@id":"https:\/\/v2charge.com\/fr\/support\/trydan\/impedance-infinie\/","url":"https:\/\/v2charge.com\/fr\/support\/trydan\/impedance-infinie\/","name":"Imp\u00e9dance infinie - V2C","isPartOf":{"@id":"https:\/\/v2charge.com\/fr\/#website"},"primaryImageOfPage":{"@id":"https:\/\/v2charge.com\/fr\/support\/trydan\/impedance-infinie\/#primaryimage"},"image":{"@id":"https:\/\/v2charge.com\/fr\/support\/trydan\/impedance-infinie\/#primaryimage"},"thumbnailUrl":"https:\/\/v2charge.com\/wp-content\/uploads\/2024\/07\/v2c-electric-chargers.jpg","datePublished":"2024-06-24T12:09:11+00:00","dateModified":"2026-01-09T14:36:11+00:00","description":"L'imp\u00e9dance infinie qui permet de r\u00e9armer l'installation simplement en abaissant et en relevant le disjoncteur g\u00e9n\u00e9ral de la maison.","breadcrumb":{"@id":"https:\/\/v2charge.com\/fr\/support\/trydan\/impedance-infinie\/#breadcrumb"},"inLanguage":"fr-FR","potentialAction":[{"@type":"ReadAction","target":["https:\/\/v2charge.com\/fr\/support\/trydan\/impedance-infinie\/"]}]},{"@type":"ImageObject","inLanguage":"fr-FR","@id":"https:\/\/v2charge.com\/fr\/support\/trydan\/impedance-infinie\/#primaryimage","url":"https:\/\/v2charge.com\/wp-content\/uploads\/2024\/07\/v2c-electric-chargers.jpg","contentUrl":"https:\/\/v2charge.com\/wp-content\/uploads\/2024\/07\/v2c-electric-chargers.jpg","width":1200,"height":675,"caption":"V2C Electric Chargers"},{"@type":"BreadcrumbList","@id":"https:\/\/v2charge.com\/fr\/support\/trydan\/impedance-infinie\/#breadcrumb","itemListElement":[{"@type":"ListItem","position":1,"name":"V2C","item":"https:\/\/v2charge.com\/fr\/"},{"@type":"ListItem","position":2,"name":"Support Area","item":"https:\/\/v2charge.com\/fr\/support\/"},{"@type":"ListItem","position":3,"name":"Support Trydan","item":"https:\/\/v2charge.com\/fr\/support\/trydan\/"},{"@type":"ListItem","position":4,"name":"Imp\u00e9dance infinie"}]},{"@type":"WebSite","@id":"https:\/\/v2charge.com\/fr\/#website","url":"https:\/\/v2charge.com\/fr\/","name":"V2C","description":"#CargandoElMa\u00f1ana","publisher":{"@id":"https:\/\/v2charge.com\/fr\/#organization"},"potentialAction":[{"@type":"SearchAction","target":{"@type":"EntryPoint","urlTemplate":"https:\/\/v2charge.com\/fr\/?s={search_term_string}"},"query-input":{"@type":"PropertyValueSpecification","valueRequired":true,"valueName":"search_term_string"}}],"inLanguage":"fr-FR"},{"@type":"Organization","@id":"https:\/\/v2charge.com\/fr\/#organization","name":"V2C","url":"https:\/\/v2charge.com\/fr\/","logo":{"@type":"ImageObject","inLanguage":"fr-FR","@id":"https:\/\/v2charge.com\/fr\/#\/schema\/logo\/image\/","url":"https:\/\/v2charge.com\/wp-content\/uploads\/2024\/11\/cropped-v2c-charge-logo-menu.png","contentUrl":"https:\/\/v2charge.com\/wp-content\/uploads\/2024\/11\/cropped-v2c-charge-logo-menu.png","width":984,"height":431,"caption":"V2C"},"image":{"@id":"https:\/\/v2charge.com\/fr\/#\/schema\/logo\/image\/"},"sameAs":["https:\/\/www.facebook.com\/V2C.Charge","https:\/\/x.com\/V2C_Charge","https:\/\/www.instagram.com\/v2c.charge\/","https:\/\/www.youtube.com\/@V2C","https:\/\/www.linkedin.com\/company\/v2c-chargers\/"]}]}},"uagb_featured_image_src":{"full":["https:\/\/v2charge.com\/wp-content\/uploads\/2024\/07\/v2c-electric-chargers.jpg",1200,675,false],"thumbnail":["https:\/\/v2charge.com\/wp-content\/uploads\/2024\/07\/v2c-electric-chargers-150x150.jpg",150,150,true],"medium":["https:\/\/v2charge.com\/wp-content\/uploads\/2024\/07\/v2c-electric-chargers-300x169.jpg",300,169,true],"medium_large":["https:\/\/v2charge.com\/wp-content\/uploads\/2024\/07\/v2c-electric-chargers-768x432.jpg",768,432,true],"large":["https:\/\/v2charge.com\/wp-content\/uploads\/2024\/07\/v2c-electric-chargers-1024x576.jpg",1024,576,true],"gs-tiny":["https:\/\/v2charge.com\/wp-content\/uploads\/2024\/07\/v2c-electric-chargers.jpg",50,28,false],"xl":["https:\/\/v2charge.com\/wp-content\/uploads\/2024\/07\/v2c-electric-chargers.jpg",1200,675,false],"xxl":["https:\/\/v2charge.com\/wp-content\/uploads\/2024\/07\/v2c-electric-chargers.jpg",1200,675,false],"xxxl":["https:\/\/v2charge.com\/wp-content\/uploads\/2024\/07\/v2c-electric-chargers.jpg",1200,675,false],"xxxxl":["https:\/\/v2charge.com\/wp-content\/uploads\/2024\/07\/v2c-electric-chargers.jpg",1200,675,false],"xxxxxl":["https:\/\/v2charge.com\/wp-content\/uploads\/2024\/07\/v2c-electric-chargers.jpg",1200,675,false],"1536x1536":["https:\/\/v2charge.com\/wp-content\/uploads\/2024\/07\/v2c-electric-chargers.jpg",1200,675,false],"2048x2048":["https:\/\/v2charge.com\/wp-content\/uploads\/2024\/07\/v2c-electric-chargers.jpg",1200,675,false]},"uagb_author_info":{"display_name":"V2C","author_link":"https:\/\/v2charge.com\/fr\/author\/marketing\/"},"uagb_comment_info":0,"uagb_excerpt":"Imp\u00e9dance infinie L&rsquo;e-Charger Trydan, dans sa version avec protections incluses, dispose d&rsquo;une imp\u00e9dance infinie (ou imp\u00e9dance z\u00e9ro), une technologie d\u00e9velopp\u00e9e par V2C qui permet au compteur de ne pas d\u00e9tecter le point de recharge. Par cons\u00e9quent, en cas de coupure de courant, l&rsquo;installation peut \u00eatre r\u00e9arm\u00e9e simplement en abaissant et en relevant le disjoncteur g\u00e9n\u00e9ral\u2026","_links":{"self":[{"href":"https:\/\/v2charge.com\/fr\/wp-json\/wp\/v2\/pages\/161822","targetHints":{"allow":["GET"]}}],"collection":[{"href":"https:\/\/v2charge.com\/fr\/wp-json\/wp\/v2\/pages"}],"about":[{"href":"https:\/\/v2charge.com\/fr\/wp-json\/wp\/v2\/types\/page"}],"author":[{"embeddable":true,"href":"https:\/\/v2charge.com\/fr\/wp-json\/wp\/v2\/users\/400"}],"replies":[{"embeddable":true,"href":"https:\/\/v2charge.com\/fr\/wp-json\/wp\/v2\/comments?post=161822"}],"version-history":[{"count":2,"href":"https:\/\/v2charge.com\/fr\/wp-json\/wp\/v2\/pages\/161822\/revisions"}],"predecessor-version":[{"id":294766,"href":"https:\/\/v2charge.com\/fr\/wp-json\/wp\/v2\/pages\/161822\/revisions\/294766"}],"up":[{"embeddable":true,"href":"https:\/\/v2charge.com\/fr\/wp-json\/wp\/v2\/pages\/75498"}],"wp:featuredmedia":[{"embeddable":true,"href":"https:\/\/v2charge.com\/fr\/wp-json\/wp\/v2\/media\/170349"}],"wp:attachment":[{"href":"https:\/\/v2charge.com\/fr\/wp-json\/wp\/v2\/media?parent=161822"}],"curies":[{"name":"wp","href":"https:\/\/api.w.org\/{rel}","templated":true}]}}