{"id":177113,"date":"2024-09-03T16:48:41","date_gmt":"2024-09-03T14:48:41","guid":{"rendered":"https:\/\/v2charge.com\/?page_id=177113"},"modified":"2026-01-09T16:20:43","modified_gmt":"2026-01-09T14:20:43","slug":"mettre-a-jour-la-derniere-version-de-pole-pro","status":"publish","type":"page","link":"https:\/\/v2charge.com\/fr\/support\/pole-pro\/mettre-a-jour-la-derniere-version-de-pole-pro\/","title":{"rendered":"Mettre \u00e0 jour la derni\u00e8re version de POLE PRO"},"content":{"rendered":"\n<div class=\"wp-block-uagb-container uagb-block-9d828d1c alignfull uagb-is-root-container\"><div class=\"uagb-container-inner-blocks-wrap\"><div class=\"yoast-breadcrumbs\"><span><span><a href=\"https:\/\/v2charge.com\/fr\/\">V2C<\/a><\/span> \u00bb <span><a href=\"https:\/\/v2charge.com\/fr\/support\/\">Support Area<\/a><\/span> \u00bb <span><a href=\"https:\/\/v2charge.com\/fr\/support\/pole-pro\/\">Support Pole Pro<\/a><\/span> \u00bb <span class=\"breadcrumb_last\" aria-current=\"page\">Mettre \u00e0 jour la derni\u00e8re version de POLE PRO<\/span><\/span><\/div>\n\n\n<div class=\"wp-block-uagb-advanced-heading uagb-block-be8360a4\"><h1 class=\"uagb-heading-text\">Mettre \u00e0 jour la derni\u00e8re version de POLE PRO<\/h1><\/div>\n\n\n\n<p>Nous nous effor\u00e7ons en permanence d&rsquo;am\u00e9liorer les capacit\u00e9s de nos produits. Par cons\u00e9quent, pour acc\u00e9der aux <strong>nouvelles fonctionnalit\u00e9s et garantir des performances optimales<\/strong>, il est essentiel que votre chargeur soit mis \u00e0 jour avec la derni\u00e8re version du micrologiciel disponible.<\/p>\n\n\n\n<p>En cas de blocage de l&rsquo;e-Charger sur un \u00e9cran sp\u00e9cifique ou si l&rsquo;appareil ne r\u00e9pond pas pendant la mise \u00e0 jour, il est recommand\u00e9 de red\u00e9marrer l&rsquo;\u00e9quipement et de r\u00e9p\u00e9ter le processus.<\/p>\n\n\n\n<div class=\"wp-block-uagb-separator uagb-block-0ae264e6\"><div class=\"wp-block-uagb-separator__inner\" style=\"--my-background-image:\"><\/div><\/div>\n<\/div><\/div>\n\n\n\n<div class=\"wp-block-uagb-container uagb-block-bfc8955b alignfull uagb-is-root-container\"><div class=\"uagb-container-inner-blocks-wrap\">\n<div class=\"wp-block-uagb-container uagb-block-0f1a2f04 alignfull uagb-is-root-container\"><div class=\"uagb-container-inner-blocks-wrap\">\n<div class=\"wp-block-uagb-container uagb-block-ba2bc23f\">\n<div class=\"wp-block-uagb-advanced-heading uagb-block-bead9183\"><h2 class=\"uagb-heading-text\">Mise \u00e0 jour de Pole Pro avec V2C Cloud<\/h2><\/div>\n\n\n\n<p>Si votre e-Charger dispose d&rsquo;une connexion Internet stable, vous pouvez effectuer la mise \u00e0 jour directement depuis l&rsquo;application <strong><a href=\"https:\/\/v2charge.com\/fr\/support\/v2c-cloud\/configuration-v2c-cloud\/\">V2C Cloud<\/a><\/strong> \u00e0 l&rsquo;aide d&rsquo;un processus simple en trois \u00e9tapes :<\/p>\n\n\n\n<div class=\"wp-block-uagb-advanced-heading uagb-block-2725ba75\"><h3 class=\"uagb-heading-text\">\u00c9tapes pour mettre \u00e0 jour le Pole Pro<\/h3><\/div>\n\n\n\n<div class=\"wp-block-uagb-info-box uagb-block-842a1833 uagb-infobox__content-wrap  uagb-infobox-icon-left-title uagb-infobox-left uagb-infobox-image-valign-top\"><div class=\"uagb-ifb-content\"><div class=\"uagb-ifb-left-title-image\"><div class=\"uagb-ifb-image-content\"><img decoding=\"async\" src=\"https:\/\/v2charge.com\/wp-content\/uploads\/2023\/11\/numero-uno.png\" alt=\"\" width=\"32\" height=\"32\" loading=\"lazy\"\/><\/div><div class=\"uagb-ifb-title-wrap\"><p class=\"uagb-ifb-title\">S\u00e9lectionnez l&rsquo;e-chageur que vous souhaitez mettre \u00e0 jour.<\/p><\/div><\/div><\/div><\/div>\n\n\n\n<div class=\"wp-block-uagb-info-box uagb-block-a4f2e403 uagb-infobox__content-wrap  uagb-infobox-icon-left-title uagb-infobox-left uagb-infobox-image-valign-top\"><div class=\"uagb-ifb-content\"><div class=\"uagb-ifb-left-title-image\"><div class=\"uagb-ifb-image-content\"><img decoding=\"async\" src=\"https:\/\/v2charge.com\/wp-content\/uploads\/2023\/11\/numero-dos.png\" alt=\"\" width=\"32\" height=\"32\" loading=\"lazy\"\/><\/div><div class=\"uagb-ifb-title-wrap\"><p class=\"uagb-ifb-title\">Acc\u00e9dez au menu \u00ab\u00a0configuration\u00a0\u00bb.<\/p><\/div><\/div><\/div><\/div>\n\n\n\n<div class=\"wp-block-uagb-info-box uagb-block-0bf539ee uagb-infobox__content-wrap  uagb-infobox-icon-left-title uagb-infobox-left uagb-infobox-image-valign-top\"><div class=\"uagb-ifb-content\"><div class=\"uagb-ifb-left-title-image\"><div class=\"uagb-ifb-image-content\"><img decoding=\"async\" src=\"https:\/\/v2charge.com\/wp-content\/uploads\/2023\/11\/numero-tres.png\" alt=\"\" width=\"32\" height=\"32\" loading=\"lazy\"\/><\/div><div class=\"uagb-ifb-title-wrap\"><p class=\"uagb-ifb-title\">Allez en bas du menu et s\u00e9lectionnez l&rsquo;option \u00ab mettre \u00e0 jour le firmware \u00bb.<\/p><\/div><\/div><\/div><\/div>\n\n\n\n<div class=\"wp-block-uagb-advanced-heading uagb-block-95c26006\"><p class=\"uagb-heading-text\">*Si le bouton \u00ab mettre \u00e0 jour le firmware \u00bb n&rsquo;appara\u00eet pas, cela signifie que votre chargeur dispose d\u00e9j\u00e0 de la derni\u00e8re version.<\/p><\/div>\n<\/div>\n\n\n\n<div class=\"wp-block-uagb-container uagb-block-9dcd994f\">\t\t\t\t\t<div\n\t\t\t\t\t\tclass=\"wp-block-uagb-image-gallery uagb-block-9e1177ec     \"\n\t\t\t\t\t\tstyle=\"\"\n\t\t\t\t\t>\n\t\t\t\t\t\t\t\t\t\t\t<div class=\"spectra-image-gallery spectra-image-gallery__layout--carousel\">\n\t\t\t\t\t\t\t\t<div class=\"uagb-slick-carousel uagb-block-9e1177ec\">\n\t\t\t\t\t\t\t\t\t\t\t\t<div class='spectra-image-gallery__media-wrapper' data-spectra-gallery-image-id='140615'>\n\t\t\t\t\t\t\t<div class=\"spectra-image-gallery__media spectra-image-gallery__media--carousel\">\n\t\t\t\t<picture>\n\t\t\t\t\t<source media=\"(min-width: 1024px)\" srcset=\"https:\/\/v2charge.com\/wp-content\/uploads\/2024\/03\/seleccionar-cargador-polepro.jpg\">\n\t\t\t\t\t<source media=\"(min-width: 768px)\" srcset=\"https:\/\/v2charge.com\/wp-content\/uploads\/2024\/03\/seleccionar-cargador-polepro.jpg\">\n\t\t\t\t\t<img decoding=\"async\" class=\"spectra-image-gallery__media-thumbnail spectra-image-gallery__media-thumbnail--carousel\" src=\"https:\/\/v2charge.com\/wp-content\/uploads\/2024\/03\/seleccionar-cargador-polepro-176x300.jpg\" alt=\"\" loading=\"lazy\" \/>\n\t\t\t\t<\/picture>\n\t\t\t\t<div class=\"spectra-image-gallery__media-thumbnail-blurrer\"><\/div>\n\t\t\t\t\t\t\t\t\t\t\t<div class=\"spectra-image-gallery__media-thumbnail-caption-wrapper spectra-image-gallery__media-thumbnail-caption-wrapper--overlay\"><\/div>\n\t\t\t\t\t\t\t\t<\/div>\n\t\t\t\t\t\t<\/div>\n\t\t\t\t\t\t<div class='spectra-image-gallery__media-wrapper' data-spectra-gallery-image-id='140606'>\n\t\t\t\t\t\t\t<div class=\"spectra-image-gallery__media spectra-image-gallery__media--carousel\">\n\t\t\t\t<picture>\n\t\t\t\t\t<source media=\"(min-width: 1024px)\" srcset=\"https:\/\/v2charge.com\/wp-content\/uploads\/2024\/03\/configuracion-polepro.jpg\">\n\t\t\t\t\t<source media=\"(min-width: 768px)\" srcset=\"https:\/\/v2charge.com\/wp-content\/uploads\/2024\/03\/configuracion-polepro.jpg\">\n\t\t\t\t\t<img decoding=\"async\" class=\"spectra-image-gallery__media-thumbnail spectra-image-gallery__media-thumbnail--carousel\" src=\"https:\/\/v2charge.com\/wp-content\/uploads\/2024\/03\/configuracion-polepro-176x300.jpg\" alt=\"\" loading=\"lazy\" \/>\n\t\t\t\t<\/picture>\n\t\t\t\t<div class=\"spectra-image-gallery__media-thumbnail-blurrer\"><\/div>\n\t\t\t\t\t\t\t\t\t\t\t<div class=\"spectra-image-gallery__media-thumbnail-caption-wrapper spectra-image-gallery__media-thumbnail-caption-wrapper--overlay\"><\/div>\n\t\t\t\t\t\t\t\t<\/div>\n\t\t\t\t\t\t<\/div>\n\t\t\t\t\t\t<div class='spectra-image-gallery__media-wrapper' data-spectra-gallery-image-id='140597'>\n\t\t\t\t\t\t\t<div class=\"spectra-image-gallery__media spectra-image-gallery__media--carousel\">\n\t\t\t\t<picture>\n\t\t\t\t\t<source media=\"(min-width: 1024px)\" srcset=\"https:\/\/v2charge.com\/wp-content\/uploads\/2024\/03\/actualizar-firmware-pole-pro.jpg\">\n\t\t\t\t\t<source media=\"(min-width: 768px)\" srcset=\"https:\/\/v2charge.com\/wp-content\/uploads\/2024\/03\/actualizar-firmware-pole-pro.jpg\">\n\t\t\t\t\t<img decoding=\"async\" class=\"spectra-image-gallery__media-thumbnail spectra-image-gallery__media-thumbnail--carousel\" src=\"https:\/\/v2charge.com\/wp-content\/uploads\/2024\/03\/actualizar-firmware-pole-pro-176x300.jpg\" alt=\"\" loading=\"lazy\" \/>\n\t\t\t\t<\/picture>\n\t\t\t\t<div class=\"spectra-image-gallery__media-thumbnail-blurrer\"><\/div>\n\t\t\t\t\t\t\t\t\t\t\t<div class=\"spectra-image-gallery__media-thumbnail-caption-wrapper spectra-image-gallery__media-thumbnail-caption-wrapper--overlay\"><\/div>\n\t\t\t\t\t\t\t\t<\/div>\n\t\t\t\t\t\t<\/div>\n\t\t\t\t\t\t\t\t\t\t\t<\/div>\n\t\t\t\t\t\t\t<\/div>\n\t\t\t\t\t\t\t\t\t\t\t<\/div>\n\t\t\t\t\t\t\t\t\t<\/div>\n<\/div><\/div>\n<\/div><\/div>\n\n\n\n<div class=\"wp-block-uagb-container uagb-block-c6f38013 alignfull uagb-is-root-container\"><div class=\"uagb-container-inner-blocks-wrap\">\n<div class=\"wp-block-uagb-advanced-heading uagb-block-6963d70c\"><h2 class=\"uagb-heading-text\"><strong>Vous avez besoin d\u2019assistance technique ?<\/strong><\/h2><\/div>\n\n\n\n<div class=\"wp-block-uagb-advanced-heading uagb-block-408243eb\"><p class=\"uagb-heading-text\">R\u00e9solvez votre probl\u00e8me instantan\u00e9ment gr\u00e2ce \u00e0 notre <strong>chat avec IA<\/strong>. Si celui-ci ne peut pas le r\u00e9soudre, cr\u00e9ez une demande dans le <strong>Centre d\u2019assistance technique<\/strong> et nous vous contacterons dans les plus brefs d\u00e9lais afin de vous proposer la meilleure solution.<\/p><\/div>\n\n\n\n<div class=\"wp-block-uagb-info-box uagb-block-12e3cf1c uagb-infobox__content-wrap  uagb-infobox-icon-left uagb-infobox-left uagb-infobox-image-valign-top wp-block-uagb-info-box--has-margin ai-chatbot-button\"><div class=\"uagb-infobox-margin-wrapper\"><div class=\"uagb-ifb-image-content\"><img decoding=\"async\" src=\"https:\/\/v2charge.com\/wp-content\/uploads\/2026\/01\/support-ai-chatbot.png\" alt=\"\" width=\"20\" height=\"19\" loading=\"lazy\"\/><\/div><div class=\"uagb-ifb-content\"><div class=\"uagb-ifb-title-wrap\"><\/div><div class=\"uagb-ifb-button-wrapper wp-block-button\"><a href=\"https:\/\/v2charge.com\/v2c-support-web\/\" class=\"uagb-infobox-cta-link wp-block-button__link\" target=\"_blank\" rel=\"noopener noreferrer\" onclick=\"return true;\"><span class=\"uagb-inline-editing\">Poser une question \u00e0 notre chat IA<\/span><\/a><\/div><\/div><\/div><\/div>\n\n\n\n<div class=\"wp-block-uagb-buttons uagb-buttons__outer-wrap uagb-btn__default-btn uagb-btn-tablet__default-btn uagb-btn-mobile__default-btn uagb-block-ba1e67d1\"><div class=\"uagb-buttons__wrap uagb-buttons-layout-wrap \">\n<div class=\"wp-block-uagb-buttons-child uagb-buttons__outer-wrap uagb-block-23cfb623 wp-block-button\"><div class=\"uagb-button__wrapper\"><a class=\"uagb-buttons-repeater wp-block-button__link\" aria-label=\"\" href=\"https:\/\/v2charge.atlassian.net\/servicedesk\/customer\/portal\/3\" rel=\"follow noopener\" target=\"_blank\" role=\"button\"><div class=\"uagb-button__link\">Contacter le support technique<\/div><\/a><\/div><\/div>\n<\/div><\/div>\n<\/div><\/div>\n","protected":false},"excerpt":{"rendered":"<p>Mettre \u00e0 jour la derni\u00e8re version de POLE PRO Nous nous effor\u00e7ons en permanence d&rsquo;am\u00e9liorer les capacit\u00e9s de nos produits. Par cons\u00e9quent, pour acc\u00e9der aux nouvelles fonctionnalit\u00e9s et garantir des performances optimales, il est essentiel que votre chargeur soit mis \u00e0 jour avec la derni\u00e8re version du micrologiciel disponible. En cas de blocage de l&rsquo;e-Charger &#8230; <a title=\"Mettre \u00e0 jour la derni\u00e8re version de POLE PRO\" class=\"read-more\" href=\"https:\/\/v2charge.com\/fr\/support\/pole-pro\/mettre-a-jour-la-derniere-version-de-pole-pro\/\" aria-label=\"Read more about Mettre \u00e0 jour la derni\u00e8re version de POLE PRO\">Lire la suite<\/a><\/p>\n","protected":false},"author":400,"featured_media":170349,"parent":75511,"menu_order":0,"comment_status":"closed","ping_status":"closed","template":"","meta":{"_eb_attr":"","content-type":"","_uag_custom_page_level_css":"","footnotes":""},"class_list":["post-177113","page","type-page","status-publish","has-post-thumbnail"],"yoast_head":"<!-- This site is optimized with the Yoast SEO plugin v25.3.1 - https:\/\/yoast.com\/wordpress\/plugins\/seo\/ -->\n<title>Mettre \u00e0 jour la derni\u00e8re version du Pole Pro<\/title>\n<meta name=\"description\" content=\"D\u00e9couvrez les \u00e9tapes de la mise \u00e0 jour du chargeur Pole Pro vers la derni\u00e8re version afin de profiter des derni\u00e8res fonctionnalit\u00e9s.\" \/>\n<meta name=\"robots\" content=\"index, follow, max-snippet:-1, max-image-preview:large, max-video-preview:-1\" \/>\n<link rel=\"canonical\" href=\"https:\/\/v2charge.com\/fr\/support\/pole-pro\/mettre-a-jour-la-derniere-version-de-pole-pro\/\" \/>\n<meta property=\"og:locale\" content=\"fr_FR\" \/>\n<meta property=\"og:type\" content=\"article\" \/>\n<meta property=\"og:title\" content=\"Mettre \u00e0 jour la derni\u00e8re version du Pole Pro\" \/>\n<meta property=\"og:description\" content=\"D\u00e9couvrez les \u00e9tapes de la mise \u00e0 jour du chargeur Pole Pro vers la derni\u00e8re version afin de profiter des derni\u00e8res fonctionnalit\u00e9s.\" \/>\n<meta property=\"og:url\" content=\"https:\/\/v2charge.com\/fr\/support\/pole-pro\/mettre-a-jour-la-derniere-version-de-pole-pro\/\" \/>\n<meta property=\"og:site_name\" content=\"V2C\" \/>\n<meta property=\"article:publisher\" content=\"https:\/\/www.facebook.com\/V2C.Charge\" \/>\n<meta property=\"article:modified_time\" content=\"2026-01-09T14:20:43+00:00\" \/>\n<meta property=\"og:image\" content=\"https:\/\/v2charge.com\/wp-content\/uploads\/2024\/07\/v2c-electric-chargers.jpg\" \/>\n\t<meta property=\"og:image:width\" content=\"1200\" \/>\n\t<meta property=\"og:image:height\" content=\"675\" \/>\n\t<meta property=\"og:image:type\" content=\"image\/jpeg\" \/>\n<meta name=\"twitter:card\" content=\"summary_large_image\" \/>\n<meta name=\"twitter:site\" content=\"@V2C_Charge\" \/>\n<meta name=\"twitter:label1\" content=\"Dur\u00e9e de lecture estim\u00e9e\" \/>\n\t<meta name=\"twitter:data1\" content=\"2 minutes\" \/>\n<script type=\"application\/ld+json\" class=\"yoast-schema-graph\">{\"@context\":\"https:\/\/schema.org\",\"@graph\":[{\"@type\":\"WebPage\",\"@id\":\"https:\/\/v2charge.com\/fr\/support\/pole-pro\/mettre-a-jour-la-derniere-version-de-pole-pro\/\",\"url\":\"https:\/\/v2charge.com\/fr\/support\/pole-pro\/mettre-a-jour-la-derniere-version-de-pole-pro\/\",\"name\":\"Mettre \u00e0 jour la derni\u00e8re version du Pole Pro\",\"isPartOf\":{\"@id\":\"https:\/\/v2charge.com\/fr\/#website\"},\"primaryImageOfPage\":{\"@id\":\"https:\/\/v2charge.com\/fr\/support\/pole-pro\/mettre-a-jour-la-derniere-version-de-pole-pro\/#primaryimage\"},\"image\":{\"@id\":\"https:\/\/v2charge.com\/fr\/support\/pole-pro\/mettre-a-jour-la-derniere-version-de-pole-pro\/#primaryimage\"},\"thumbnailUrl\":\"https:\/\/v2charge.com\/wp-content\/uploads\/2024\/07\/v2c-electric-chargers.jpg\",\"datePublished\":\"2024-09-03T14:48:41+00:00\",\"dateModified\":\"2026-01-09T14:20:43+00:00\",\"description\":\"D\u00e9couvrez les \u00e9tapes de la mise \u00e0 jour du chargeur Pole Pro vers la derni\u00e8re version afin de profiter des derni\u00e8res fonctionnalit\u00e9s.\",\"breadcrumb\":{\"@id\":\"https:\/\/v2charge.com\/fr\/support\/pole-pro\/mettre-a-jour-la-derniere-version-de-pole-pro\/#breadcrumb\"},\"inLanguage\":\"fr-FR\",\"potentialAction\":[{\"@type\":\"ReadAction\",\"target\":[\"https:\/\/v2charge.com\/fr\/support\/pole-pro\/mettre-a-jour-la-derniere-version-de-pole-pro\/\"]}]},{\"@type\":\"ImageObject\",\"inLanguage\":\"fr-FR\",\"@id\":\"https:\/\/v2charge.com\/fr\/support\/pole-pro\/mettre-a-jour-la-derniere-version-de-pole-pro\/#primaryimage\",\"url\":\"https:\/\/v2charge.com\/wp-content\/uploads\/2024\/07\/v2c-electric-chargers.jpg\",\"contentUrl\":\"https:\/\/v2charge.com\/wp-content\/uploads\/2024\/07\/v2c-electric-chargers.jpg\",\"width\":1200,\"height\":675,\"caption\":\"V2C Electric Chargers\"},{\"@type\":\"BreadcrumbList\",\"@id\":\"https:\/\/v2charge.com\/fr\/support\/pole-pro\/mettre-a-jour-la-derniere-version-de-pole-pro\/#breadcrumb\",\"itemListElement\":[{\"@type\":\"ListItem\",\"position\":1,\"name\":\"V2C\",\"item\":\"https:\/\/v2charge.com\/fr\/\"},{\"@type\":\"ListItem\",\"position\":2,\"name\":\"Support Area\",\"item\":\"https:\/\/v2charge.com\/fr\/support\/\"},{\"@type\":\"ListItem\",\"position\":3,\"name\":\"Support Pole Pro\",\"item\":\"https:\/\/v2charge.com\/fr\/support\/pole-pro\/\"},{\"@type\":\"ListItem\",\"position\":4,\"name\":\"Mettre \u00e0 jour la derni\u00e8re version de POLE PRO\"}]},{\"@type\":\"WebSite\",\"@id\":\"https:\/\/v2charge.com\/fr\/#website\",\"url\":\"https:\/\/v2charge.com\/fr\/\",\"name\":\"V2C\",\"description\":\"#CargandoElMa\u00f1ana\",\"publisher\":{\"@id\":\"https:\/\/v2charge.com\/fr\/#organization\"},\"potentialAction\":[{\"@type\":\"SearchAction\",\"target\":{\"@type\":\"EntryPoint\",\"urlTemplate\":\"https:\/\/v2charge.com\/fr\/?s={search_term_string}\"},\"query-input\":{\"@type\":\"PropertyValueSpecification\",\"valueRequired\":true,\"valueName\":\"search_term_string\"}}],\"inLanguage\":\"fr-FR\"},{\"@type\":\"Organization\",\"@id\":\"https:\/\/v2charge.com\/fr\/#organization\",\"name\":\"V2C\",\"url\":\"https:\/\/v2charge.com\/fr\/\",\"logo\":{\"@type\":\"ImageObject\",\"inLanguage\":\"fr-FR\",\"@id\":\"https:\/\/v2charge.com\/fr\/#\/schema\/logo\/image\/\",\"url\":\"https:\/\/v2charge.com\/wp-content\/uploads\/2024\/11\/cropped-v2c-charge-logo-menu.png\",\"contentUrl\":\"https:\/\/v2charge.com\/wp-content\/uploads\/2024\/11\/cropped-v2c-charge-logo-menu.png\",\"width\":984,\"height\":431,\"caption\":\"V2C\"},\"image\":{\"@id\":\"https:\/\/v2charge.com\/fr\/#\/schema\/logo\/image\/\"},\"sameAs\":[\"https:\/\/www.facebook.com\/V2C.Charge\",\"https:\/\/x.com\/V2C_Charge\",\"https:\/\/www.instagram.com\/v2c.charge\/\",\"https:\/\/www.youtube.com\/@V2C\",\"https:\/\/www.linkedin.com\/company\/v2c-chargers\/\"]}]}<\/script>\n<!-- \/ Yoast SEO plugin. -->","yoast_head_json":{"title":"Mettre \u00e0 jour la derni\u00e8re version du Pole Pro","description":"D\u00e9couvrez les \u00e9tapes de la mise \u00e0 jour du chargeur Pole Pro vers la derni\u00e8re version afin de profiter des derni\u00e8res fonctionnalit\u00e9s.","robots":{"index":"index","follow":"follow","max-snippet":"max-snippet:-1","max-image-preview":"max-image-preview:large","max-video-preview":"max-video-preview:-1"},"canonical":"https:\/\/v2charge.com\/fr\/support\/pole-pro\/mettre-a-jour-la-derniere-version-de-pole-pro\/","og_locale":"fr_FR","og_type":"article","og_title":"Mettre \u00e0 jour la derni\u00e8re version du Pole Pro","og_description":"D\u00e9couvrez les \u00e9tapes de la mise \u00e0 jour du chargeur Pole Pro vers la derni\u00e8re version afin de profiter des derni\u00e8res fonctionnalit\u00e9s.","og_url":"https:\/\/v2charge.com\/fr\/support\/pole-pro\/mettre-a-jour-la-derniere-version-de-pole-pro\/","og_site_name":"V2C","article_publisher":"https:\/\/www.facebook.com\/V2C.Charge","article_modified_time":"2026-01-09T14:20:43+00:00","og_image":[{"width":1200,"height":675,"url":"https:\/\/v2charge.com\/wp-content\/uploads\/2024\/07\/v2c-electric-chargers.jpg","type":"image\/jpeg"}],"twitter_card":"summary_large_image","twitter_site":"@V2C_Charge","twitter_misc":{"Dur\u00e9e de lecture estim\u00e9e":"2 minutes"},"schema":{"@context":"https:\/\/schema.org","@graph":[{"@type":"WebPage","@id":"https:\/\/v2charge.com\/fr\/support\/pole-pro\/mettre-a-jour-la-derniere-version-de-pole-pro\/","url":"https:\/\/v2charge.com\/fr\/support\/pole-pro\/mettre-a-jour-la-derniere-version-de-pole-pro\/","name":"Mettre \u00e0 jour la derni\u00e8re version du Pole Pro","isPartOf":{"@id":"https:\/\/v2charge.com\/fr\/#website"},"primaryImageOfPage":{"@id":"https:\/\/v2charge.com\/fr\/support\/pole-pro\/mettre-a-jour-la-derniere-version-de-pole-pro\/#primaryimage"},"image":{"@id":"https:\/\/v2charge.com\/fr\/support\/pole-pro\/mettre-a-jour-la-derniere-version-de-pole-pro\/#primaryimage"},"thumbnailUrl":"https:\/\/v2charge.com\/wp-content\/uploads\/2024\/07\/v2c-electric-chargers.jpg","datePublished":"2024-09-03T14:48:41+00:00","dateModified":"2026-01-09T14:20:43+00:00","description":"D\u00e9couvrez les \u00e9tapes de la mise \u00e0 jour du chargeur Pole Pro vers la derni\u00e8re version afin de profiter des derni\u00e8res fonctionnalit\u00e9s.","breadcrumb":{"@id":"https:\/\/v2charge.com\/fr\/support\/pole-pro\/mettre-a-jour-la-derniere-version-de-pole-pro\/#breadcrumb"},"inLanguage":"fr-FR","potentialAction":[{"@type":"ReadAction","target":["https:\/\/v2charge.com\/fr\/support\/pole-pro\/mettre-a-jour-la-derniere-version-de-pole-pro\/"]}]},{"@type":"ImageObject","inLanguage":"fr-FR","@id":"https:\/\/v2charge.com\/fr\/support\/pole-pro\/mettre-a-jour-la-derniere-version-de-pole-pro\/#primaryimage","url":"https:\/\/v2charge.com\/wp-content\/uploads\/2024\/07\/v2c-electric-chargers.jpg","contentUrl":"https:\/\/v2charge.com\/wp-content\/uploads\/2024\/07\/v2c-electric-chargers.jpg","width":1200,"height":675,"caption":"V2C Electric Chargers"},{"@type":"BreadcrumbList","@id":"https:\/\/v2charge.com\/fr\/support\/pole-pro\/mettre-a-jour-la-derniere-version-de-pole-pro\/#breadcrumb","itemListElement":[{"@type":"ListItem","position":1,"name":"V2C","item":"https:\/\/v2charge.com\/fr\/"},{"@type":"ListItem","position":2,"name":"Support Area","item":"https:\/\/v2charge.com\/fr\/support\/"},{"@type":"ListItem","position":3,"name":"Support Pole Pro","item":"https:\/\/v2charge.com\/fr\/support\/pole-pro\/"},{"@type":"ListItem","position":4,"name":"Mettre \u00e0 jour la derni\u00e8re version de POLE PRO"}]},{"@type":"WebSite","@id":"https:\/\/v2charge.com\/fr\/#website","url":"https:\/\/v2charge.com\/fr\/","name":"V2C","description":"#CargandoElMa\u00f1ana","publisher":{"@id":"https:\/\/v2charge.com\/fr\/#organization"},"potentialAction":[{"@type":"SearchAction","target":{"@type":"EntryPoint","urlTemplate":"https:\/\/v2charge.com\/fr\/?s={search_term_string}"},"query-input":{"@type":"PropertyValueSpecification","valueRequired":true,"valueName":"search_term_string"}}],"inLanguage":"fr-FR"},{"@type":"Organization","@id":"https:\/\/v2charge.com\/fr\/#organization","name":"V2C","url":"https:\/\/v2charge.com\/fr\/","logo":{"@type":"ImageObject","inLanguage":"fr-FR","@id":"https:\/\/v2charge.com\/fr\/#\/schema\/logo\/image\/","url":"https:\/\/v2charge.com\/wp-content\/uploads\/2024\/11\/cropped-v2c-charge-logo-menu.png","contentUrl":"https:\/\/v2charge.com\/wp-content\/uploads\/2024\/11\/cropped-v2c-charge-logo-menu.png","width":984,"height":431,"caption":"V2C"},"image":{"@id":"https:\/\/v2charge.com\/fr\/#\/schema\/logo\/image\/"},"sameAs":["https:\/\/www.facebook.com\/V2C.Charge","https:\/\/x.com\/V2C_Charge","https:\/\/www.instagram.com\/v2c.charge\/","https:\/\/www.youtube.com\/@V2C","https:\/\/www.linkedin.com\/company\/v2c-chargers\/"]}]}},"uagb_featured_image_src":{"full":["https:\/\/v2charge.com\/wp-content\/uploads\/2024\/07\/v2c-electric-chargers.jpg",1200,675,false],"thumbnail":["https:\/\/v2charge.com\/wp-content\/uploads\/2024\/07\/v2c-electric-chargers-150x150.jpg",150,150,true],"medium":["https:\/\/v2charge.com\/wp-content\/uploads\/2024\/07\/v2c-electric-chargers-300x169.jpg",300,169,true],"medium_large":["https:\/\/v2charge.com\/wp-content\/uploads\/2024\/07\/v2c-electric-chargers-768x432.jpg",768,432,true],"large":["https:\/\/v2charge.com\/wp-content\/uploads\/2024\/07\/v2c-electric-chargers-1024x576.jpg",1024,576,true],"gs-tiny":["https:\/\/v2charge.com\/wp-content\/uploads\/2024\/07\/v2c-electric-chargers.jpg",50,28,false],"xl":["https:\/\/v2charge.com\/wp-content\/uploads\/2024\/07\/v2c-electric-chargers.jpg",1200,675,false],"xxl":["https:\/\/v2charge.com\/wp-content\/uploads\/2024\/07\/v2c-electric-chargers.jpg",1200,675,false],"xxxl":["https:\/\/v2charge.com\/wp-content\/uploads\/2024\/07\/v2c-electric-chargers.jpg",1200,675,false],"xxxxl":["https:\/\/v2charge.com\/wp-content\/uploads\/2024\/07\/v2c-electric-chargers.jpg",1200,675,false],"xxxxxl":["https:\/\/v2charge.com\/wp-content\/uploads\/2024\/07\/v2c-electric-chargers.jpg",1200,675,false],"1536x1536":["https:\/\/v2charge.com\/wp-content\/uploads\/2024\/07\/v2c-electric-chargers.jpg",1200,675,false],"2048x2048":["https:\/\/v2charge.com\/wp-content\/uploads\/2024\/07\/v2c-electric-chargers.jpg",1200,675,false]},"uagb_author_info":{"display_name":"V2C","author_link":"https:\/\/v2charge.com\/fr\/author\/marketing\/"},"uagb_comment_info":0,"uagb_excerpt":"Mettre \u00e0 jour la derni\u00e8re version de POLE PRO Nous nous effor\u00e7ons en permanence d&rsquo;am\u00e9liorer les capacit\u00e9s de nos produits. Par cons\u00e9quent, pour acc\u00e9der aux nouvelles fonctionnalit\u00e9s et garantir des performances optimales, il est essentiel que votre chargeur soit mis \u00e0 jour avec la derni\u00e8re version du micrologiciel disponible. En cas de blocage de l&rsquo;e-Charger\u2026","_links":{"self":[{"href":"https:\/\/v2charge.com\/fr\/wp-json\/wp\/v2\/pages\/177113","targetHints":{"allow":["GET"]}}],"collection":[{"href":"https:\/\/v2charge.com\/fr\/wp-json\/wp\/v2\/pages"}],"about":[{"href":"https:\/\/v2charge.com\/fr\/wp-json\/wp\/v2\/types\/page"}],"author":[{"embeddable":true,"href":"https:\/\/v2charge.com\/fr\/wp-json\/wp\/v2\/users\/400"}],"replies":[{"embeddable":true,"href":"https:\/\/v2charge.com\/fr\/wp-json\/wp\/v2\/comments?post=177113"}],"version-history":[{"count":4,"href":"https:\/\/v2charge.com\/fr\/wp-json\/wp\/v2\/pages\/177113\/revisions"}],"predecessor-version":[{"id":294705,"href":"https:\/\/v2charge.com\/fr\/wp-json\/wp\/v2\/pages\/177113\/revisions\/294705"}],"up":[{"embeddable":true,"href":"https:\/\/v2charge.com\/fr\/wp-json\/wp\/v2\/pages\/75511"}],"wp:featuredmedia":[{"embeddable":true,"href":"https:\/\/v2charge.com\/fr\/wp-json\/wp\/v2\/media\/170349"}],"wp:attachment":[{"href":"https:\/\/v2charge.com\/fr\/wp-json\/wp\/v2\/media?parent=177113"}],"curies":[{"name":"wp","href":"https:\/\/api.w.org\/{rel}","templated":true}]}}