{"id":201199,"date":"2025-01-16T13:08:35","date_gmt":"2025-01-16T11:08:35","guid":{"rendered":"https:\/\/v2charge.com\/support\/controle-puissance\/dynamique\/photovoltaique\/inversor-sungrow\/"},"modified":"2026-01-09T13:16:32","modified_gmt":"2026-01-09T11:16:32","slug":"onduleur-sungrow","status":"publish","type":"page","link":"https:\/\/v2charge.com\/fr\/support\/controle-puissance\/dynamique\/photovoltaique\/onduleur-sungrow\/","title":{"rendered":"Int\u00e9gration de l&rsquo;onduleur Sungrow avec Trydan"},"content":{"rendered":"\n<div class=\"wp-block-uagb-container uagb-block-917b89c6 alignfull uagb-is-root-container\"><div class=\"uagb-container-inner-blocks-wrap\"><div class=\"yoast-breadcrumbs\"><span><span><a href=\"https:\/\/v2charge.com\/fr\/\">V2C<\/a><\/span> \u00bb <span><a href=\"https:\/\/v2charge.com\/fr\/support\/\">Support Area<\/a><\/span> \u00bb <span><a href=\"https:\/\/v2charge.com\/fr\/support\/controle-puissance\/\">Contr\u00f4le de puissance<\/a><\/span> \u00bb <span><a href=\"https:\/\/v2charge.com\/fr\/support\/controle-puissance\/dynamique\/\">Dynamique<\/a><\/span> \u00bb <span><a href=\"https:\/\/v2charge.com\/fr\/support\/controle-puissance\/dynamique\/photovoltaique\/\">Photovoltaique<\/a><\/span> \u00bb <span class=\"breadcrumb_last\" aria-current=\"page\">Onduleur Sungrow<\/span><\/span><\/div>\n\n\n<h1 class=\"wp-block-heading\">Int\u00e9gration de l&rsquo;onduleur Sungrow avec Trydan<\/h1>\n\n\n\n<div class=\"wp-block-uagb-container uagb-block-6ff3315e alignfull uagb-is-root-container\"><div class=\"uagb-container-inner-blocks-wrap\">\n<div class=\"wp-block-uagb-container uagb-block-d07bdd19\">\n<p>Connectez votre point de charge Trydan avec l&rsquo;onduleur Sungrow pour optimiser au maximum l&rsquo;utilisation de l&rsquo;\u00e9nergie.<\/p>\n<\/div>\n\n\n\n<div class=\"wp-block-uagb-container uagb-block-56f0a249\">\n<div class=\"wp-block-uagb-image uagb-block-a6b3aa91 wp-block-uagb-image--layout-default wp-block-uagb-image--effect-static wp-block-uagb-image--align-none\"><figure class=\"wp-block-uagb-image__figure\"><img decoding=\"async\" srcset=\"https:\/\/v2charge.com\/wp-content\/uploads\/2024\/12\/sungrow_logo.png ,https:\/\/v2charge.com\/wp-content\/uploads\/2024\/12\/sungrow_logo.png 780w, https:\/\/v2charge.com\/wp-content\/uploads\/2024\/12\/sungrow_logo.png 360w\" sizes=\"auto, (max-width: 480px) 150px\" src=\"https:\/\/v2charge.com\/wp-content\/uploads\/2024\/12\/sungrow_logo.png\" alt=\"\" class=\"uag-image-198777\" width=\"400\" height=\"68\" title=\"sungrow_logo\" loading=\"lazy\" role=\"img\"\/><\/figure><\/div>\n<\/div>\n<\/div><\/div>\n\n\n\n<div class=\"wp-block-uagb-container uagb-block-333fb119 alignfull uagb-is-root-container\"><div class=\"uagb-container-inner-blocks-wrap\">\n<div class=\"wp-block-uagb-container uagb-block-2ff110d0 default uagb-is-root-container\">\n<div class=\"wp-block-uagb-container uagb-block-cd442c87\">\n<div class=\"wp-block-uagb-image aligncenter uagb-block-4bb46c59 wp-block-uagb-image--layout-default wp-block-uagb-image--effect-static wp-block-uagb-image--align-center\"><figure class=\"wp-block-uagb-image__figure\"><img decoding=\"async\" srcset=\"https:\/\/v2charge.com\/wp-content\/uploads\/2023\/11\/icon-important.png ,https:\/\/v2charge.com\/wp-content\/uploads\/2023\/11\/icon-important.png 780w, https:\/\/v2charge.com\/wp-content\/uploads\/2023\/11\/icon-important.png 360w\" sizes=\"auto, (max-width: 480px) 150px\" src=\"https:\/\/v2charge.com\/wp-content\/uploads\/2023\/11\/icon-important.png\" alt=\"\" class=\"uag-image-125013\" width=\"50\" height=\"50\" title=\"\" loading=\"lazy\" role=\"img\"\/><\/figure><\/div>\n<\/div>\n\n\n\n<div class=\"wp-block-uagb-container uagb-block-38de7166\">\n<div class=\"wp-block-uagb-advanced-heading uagb-block-37ab01f0\"><p class=\"uagb-heading-text\">L&rsquo;utilisation de&nbsp;<strong>r\u00e9p\u00e9teurs Wi-Fi<\/strong>&nbsp;ou de&nbsp;<strong>r\u00e9seaux mesh<\/strong>&nbsp;peut affecter le bon fonctionnement du syst\u00e8me. Nous recommandons d\u2019utiliser un&nbsp;<strong>r\u00e9seau Wi-Fi stable<\/strong>&nbsp;et&nbsp;<strong>direct<\/strong>&nbsp;afin de garantir une connexion optimale entre le chargeur et l\u2019onduleur.<\/p><\/div>\n<\/div>\n<\/div>\n\n\n\n<div style=\"height:5px\" aria-hidden=\"true\" class=\"wp-block-spacer\"><\/div>\n<\/div><\/div>\n\n\n\n<div class=\"wp-block-uagb-separator uagb-block-37d1f752\"><div class=\"wp-block-uagb-separator__inner\" style=\"--my-background-image:\"><\/div><\/div>\n\n\n\n<h2 class=\"wp-block-heading\">Int\u00e9gration de l&rsquo;onduleur Sungrow<\/h2>\n\n\n\n<p>Pour que l&rsquo;int\u00e9gration du chargeur Trydan avec les onduleurs Sungrow fonctionne, ils doivent \u00eatre connect\u00e9s au m\u00eame r\u00e9seau que Trydan. Selon le mod\u00e8le d&rsquo;onduleur, la connexion \u00e0 Internet peut se faire de diff\u00e9rentes mani\u00e8res.<\/p>\n\n\n\n<p>D&rsquo;une part, si l&rsquo;onduleur dispose d&rsquo;un port LAN, il est recommand\u00e9 de le connecter au routeur \u00e0 l&rsquo;aide d&rsquo;un c\u00e2ble RJ45.<\/p>\n\n\n\n<div class=\"wp-block-uagb-image aligncenter uagb-block-5d46d4c2 wp-block-uagb-image--layout-default wp-block-uagb-image--effect-static wp-block-uagb-image--align-center\"><figure class=\"wp-block-uagb-image__figure\"><img decoding=\"async\" srcset=\"https:\/\/v2charge.com\/wp-content\/uploads\/2024\/12\/configuration_sungrow.jpg ,https:\/\/v2charge.com\/wp-content\/uploads\/2024\/12\/configuration_sungrow.jpg 780w, https:\/\/v2charge.com\/wp-content\/uploads\/2024\/12\/configuration_sungrow.jpg 360w\" sizes=\"auto, (max-width: 480px) 150px\" src=\"https:\/\/v2charge.com\/wp-content\/uploads\/2024\/12\/configuration_sungrow.jpg\" alt=\"\" class=\"uag-image-198789\" width=\"704\" height=\"215\" title=\"configuration_sungrow\" loading=\"lazy\" role=\"img\"\/><\/figure><\/div>\n\n\n\n<p>D&rsquo;autre part, si l&rsquo;onduleur ne dispose pas de ce port, le module WiNet-S est n\u00e9cessaire pour connecter l&rsquo;onduleur via WiFi ou Ethernet.<\/p>\n\n\n\n<div class=\"wp-block-uagb-image aligncenter uagb-block-ad2c5bfa wp-block-uagb-image--layout-default wp-block-uagb-image--effect-static wp-block-uagb-image--align-center\"><figure class=\"wp-block-uagb-image__figure\"><img decoding=\"async\" srcset=\"https:\/\/v2charge.com\/wp-content\/uploads\/2024\/12\/winet-s.png ,https:\/\/v2charge.com\/wp-content\/uploads\/2024\/12\/winet-s.png 780w, https:\/\/v2charge.com\/wp-content\/uploads\/2024\/12\/winet-s.png 360w\" sizes=\"auto, (max-width: 480px) 150px\" src=\"https:\/\/v2charge.com\/wp-content\/uploads\/2024\/12\/winet-s.png\" alt=\"\" class=\"uag-image-198800\" width=\"800\" height=\"740\" title=\"winet-s\" loading=\"lazy\" role=\"img\"\/><\/figure><\/div>\n\n\n\n<p>Le module WiNet-S prend en charge la communication Ethernet et WLAN, mais il n&rsquo;est pas recommand\u00e9 d&rsquo;utiliser les deux m\u00e9thodes simultan\u00e9ment. Le module doit \u00eatre ins\u00e9r\u00e9 dans le port COM1 (2 sur l&rsquo;image) pour les communications WLAN et Ethernet, avec la diff\u00e9rence qu&rsquo;en Ethernet, un c\u00e2ble RJ45 doit \u00eatre connect\u00e9 au module.<\/p>\n\n\n\n<div class=\"wp-block-uagb-image aligncenter uagb-block-4dd5edd8 wp-block-uagb-image--layout-default wp-block-uagb-image--effect-static wp-block-uagb-image--align-center\"><figure class=\"wp-block-uagb-image__figure\"><img decoding=\"async\" srcset=\"https:\/\/v2charge.com\/wp-content\/uploads\/2024\/12\/sungrow-comands.jpg ,https:\/\/v2charge.com\/wp-content\/uploads\/2024\/12\/sungrow-comands.jpg 780w, https:\/\/v2charge.com\/wp-content\/uploads\/2024\/12\/sungrow-comands.jpg 360w\" sizes=\"auto, (max-width: 480px) 150px\" src=\"https:\/\/v2charge.com\/wp-content\/uploads\/2024\/12\/sungrow-comands.jpg\" alt=\"\" class=\"uag-image-198813\" width=\"416\" height=\"322\" title=\"sungrow-comands\" loading=\"lazy\" role=\"img\"\/><\/figure><\/div>\n\n\n\n<p>Avec la configuration par d\u00e9faut, une fois que l&rsquo;onduleur et Trydan sont sur le m\u00eame r\u00e9seau, l&rsquo;int\u00e9gration sera termin\u00e9e. Cependant, assurez-vous que les param\u00e8tres de communication de l&rsquo;onduleur sont les suivants :<\/p>\n\n\n\n<ul class=\"wp-block-list\">\n<li>Addr (Adresse) : 1<\/li>\n\n\n\n<li>DHCP : ON<\/li>\n\n\n\n<li>Port : 502<\/li>\n<\/ul>\n<\/div><\/div>\n\n\n\n<div class=\"wp-block-uagb-container uagb-block-1fb723ac alignfull uagb-is-root-container\"><div class=\"uagb-container-inner-blocks-wrap\">\n<div class=\"wp-block-uagb-container uagb-block-f9070278\">\n<p>Dans l&rsquo;application, suivez le manuel pour activer le <strong><a href=\"https:\/\/v2charge.com\/fr\/support\/controle-puissance\/dynamique\/\" target=\"_blank\" rel=\"noreferrer noopener\">Contr\u00f4le Dynamique de Puissance<\/a><\/strong>, et dans les param\u00e8tres du compteur, s\u00e9lectionnez <strong>Sungrow<\/strong>.<\/p>\n<\/div>\n\n\n\n<div class=\"wp-block-uagb-container uagb-block-bf7d8139\">\n<div class=\"wp-block-uagb-image aligncenter uagb-block-bfeb1bc2 wp-block-uagb-image--layout-default wp-block-uagb-image--effect-static wp-block-uagb-image--align-center\"><figure class=\"wp-block-uagb-image__figure\"><img decoding=\"async\" srcset=\"https:\/\/v2charge.com\/wp-content\/uploads\/2025\/01\/sungrow-inverter-fr.jpg ,https:\/\/v2charge.com\/wp-content\/uploads\/2025\/01\/sungrow-inverter-fr.jpg 780w, https:\/\/v2charge.com\/wp-content\/uploads\/2025\/01\/sungrow-inverter-fr.jpg 360w\" sizes=\"auto, (max-width: 480px) 150px\" src=\"https:\/\/v2charge.com\/wp-content\/uploads\/2025\/01\/sungrow-inverter-fr.jpg\" alt=\"\" class=\"uag-image-201970\" width=\"468\" height=\"800\" title=\"sungrow-inverter-fr\" loading=\"lazy\" role=\"img\"\/><\/figure><\/div>\n<\/div>\n<\/div><\/div>\n\n\n\n<div class=\"wp-block-uagb-container uagb-block-c6f38013 alignfull uagb-is-root-container\"><div class=\"uagb-container-inner-blocks-wrap\">\n<div class=\"wp-block-uagb-advanced-heading uagb-block-6963d70c\"><h2 class=\"uagb-heading-text\"><strong>Vous avez besoin d\u2019assistance technique ?<\/strong><\/h2><\/div>\n\n\n\n<div class=\"wp-block-uagb-advanced-heading uagb-block-408243eb\"><p class=\"uagb-heading-text\">R\u00e9solvez votre probl\u00e8me instantan\u00e9ment gr\u00e2ce \u00e0 notre <strong>chat avec IA<\/strong>. Si celui-ci ne peut pas le r\u00e9soudre, cr\u00e9ez une demande dans le <strong>Centre d\u2019assistance technique<\/strong> et nous vous contacterons dans les plus brefs d\u00e9lais afin de vous proposer la meilleure solution.<\/p><\/div>\n\n\n\n<div class=\"wp-block-uagb-info-box uagb-block-12e3cf1c uagb-infobox__content-wrap  uagb-infobox-icon-left uagb-infobox-left uagb-infobox-image-valign-top wp-block-uagb-info-box--has-margin ai-chatbot-button\"><div class=\"uagb-infobox-margin-wrapper\"><div class=\"uagb-ifb-image-content\"><img decoding=\"async\" src=\"https:\/\/v2charge.com\/wp-content\/uploads\/2026\/01\/support-ai-chatbot.png\" alt=\"\" width=\"20\" height=\"19\" loading=\"lazy\"\/><\/div><div class=\"uagb-ifb-content\"><div class=\"uagb-ifb-title-wrap\"><\/div><div class=\"uagb-ifb-button-wrapper wp-block-button\"><a href=\"https:\/\/v2charge.com\/v2c-support-web\/\" class=\"uagb-infobox-cta-link wp-block-button__link\" target=\"_blank\" rel=\"noopener noreferrer\" onclick=\"return true;\"><span class=\"uagb-inline-editing\">Poser une question \u00e0 notre chat IA<\/span><\/a><\/div><\/div><\/div><\/div>\n\n\n\n<div class=\"wp-block-uagb-buttons uagb-buttons__outer-wrap uagb-btn__default-btn uagb-btn-tablet__default-btn uagb-btn-mobile__default-btn uagb-block-ba1e67d1\"><div class=\"uagb-buttons__wrap uagb-buttons-layout-wrap \">\n<div class=\"wp-block-uagb-buttons-child uagb-buttons__outer-wrap uagb-block-23cfb623 wp-block-button\"><div class=\"uagb-button__wrapper\"><a class=\"uagb-buttons-repeater wp-block-button__link\" aria-label=\"\" href=\"https:\/\/v2charge.atlassian.net\/servicedesk\/customer\/portal\/3\" rel=\"follow noopener\" target=\"_blank\" role=\"button\"><div class=\"uagb-button__link\">Contacter le support technique<\/div><\/a><\/div><\/div>\n<\/div><\/div>\n<\/div><\/div>\n","protected":false},"excerpt":{"rendered":"<p>Int\u00e9gration de l&rsquo;onduleur Sungrow avec Trydan Connectez votre point de charge Trydan avec l&rsquo;onduleur Sungrow pour optimiser au maximum l&rsquo;utilisation de l&rsquo;\u00e9nergie. L&rsquo;utilisation de&nbsp;r\u00e9p\u00e9teurs Wi-Fi&nbsp;ou de&nbsp;r\u00e9seaux mesh&nbsp;peut affecter le bon fonctionnement du syst\u00e8me. Nous recommandons d\u2019utiliser un&nbsp;r\u00e9seau Wi-Fi stable&nbsp;et&nbsp;direct&nbsp;afin de garantir une connexion optimale entre le chargeur et l\u2019onduleur. Int\u00e9gration de l&rsquo;onduleur Sungrow Pour que &#8230; <a title=\"Int\u00e9gration de l&rsquo;onduleur Sungrow avec Trydan\" class=\"read-more\" href=\"https:\/\/v2charge.com\/fr\/support\/controle-puissance\/dynamique\/photovoltaique\/onduleur-sungrow\/\" aria-label=\"Read more about Int\u00e9gration de l&rsquo;onduleur Sungrow avec Trydan\">Lire la suite<\/a><\/p>\n","protected":false},"author":400,"featured_media":0,"parent":129646,"menu_order":0,"comment_status":"closed","ping_status":"closed","template":"","meta":{"_eb_attr":"","content-type":"","_uag_custom_page_level_css":"","footnotes":""},"class_list":["post-201199","page","type-page","status-publish"],"yoast_head":"<!-- This site is optimized with the Yoast SEO plugin v25.3.1 - https:\/\/yoast.com\/wordpress\/plugins\/seo\/ -->\n<title>Int\u00e9gration de l&#039;onduleur Sungrow avec Trydan - V2C<\/title>\n<meta name=\"description\" content=\"L&#039;onduleur Sungrow peut \u00eatre int\u00e9gr\u00e9 au chargeur Trydan via Ethernet ou WiFi. Voici les \u00e9tapes \u00e0 suivre.\" \/>\n<meta name=\"robots\" content=\"index, follow, max-snippet:-1, max-image-preview:large, max-video-preview:-1\" \/>\n<link rel=\"canonical\" href=\"https:\/\/v2charge.com\/fr\/support\/controle-puissance\/dynamique\/photovoltaique\/onduleur-sungrow\/\" \/>\n<meta property=\"og:locale\" content=\"fr_FR\" \/>\n<meta property=\"og:type\" content=\"article\" \/>\n<meta property=\"og:title\" content=\"Int\u00e9gration de l&#039;onduleur Sungrow avec Trydan - V2C\" \/>\n<meta property=\"og:description\" content=\"L&#039;onduleur Sungrow peut \u00eatre int\u00e9gr\u00e9 au chargeur Trydan via Ethernet ou WiFi. Voici les \u00e9tapes \u00e0 suivre.\" \/>\n<meta property=\"og:url\" content=\"https:\/\/v2charge.com\/fr\/support\/controle-puissance\/dynamique\/photovoltaique\/onduleur-sungrow\/\" \/>\n<meta property=\"og:site_name\" content=\"V2C\" \/>\n<meta property=\"article:publisher\" content=\"https:\/\/www.facebook.com\/V2C.Charge\" \/>\n<meta property=\"article:modified_time\" content=\"2026-01-09T11:16:32+00:00\" \/>\n<meta property=\"og:image\" content=\"https:\/\/v2charge.com\/wp-content\/uploads\/2024\/12\/sungrow_logo.png\" \/>\n<meta name=\"twitter:card\" content=\"summary_large_image\" \/>\n<meta name=\"twitter:site\" content=\"@V2C_Charge\" \/>\n<meta name=\"twitter:label1\" content=\"Dur\u00e9e de lecture estim\u00e9e\" \/>\n\t<meta name=\"twitter:data1\" content=\"3 minutes\" \/>\n<script type=\"application\/ld+json\" class=\"yoast-schema-graph\">{\"@context\":\"https:\/\/schema.org\",\"@graph\":[{\"@type\":\"WebPage\",\"@id\":\"https:\/\/v2charge.com\/fr\/support\/controle-puissance\/dynamique\/photovoltaique\/onduleur-sungrow\/\",\"url\":\"https:\/\/v2charge.com\/fr\/support\/controle-puissance\/dynamique\/photovoltaique\/onduleur-sungrow\/\",\"name\":\"Int\u00e9gration de l'onduleur Sungrow avec Trydan - V2C\",\"isPartOf\":{\"@id\":\"https:\/\/v2charge.com\/fr\/#website\"},\"primaryImageOfPage\":{\"@id\":\"https:\/\/v2charge.com\/fr\/support\/controle-puissance\/dynamique\/photovoltaique\/onduleur-sungrow\/#primaryimage\"},\"image\":{\"@id\":\"https:\/\/v2charge.com\/fr\/support\/controle-puissance\/dynamique\/photovoltaique\/onduleur-sungrow\/#primaryimage\"},\"thumbnailUrl\":\"https:\/\/v2charge.com\/wp-content\/uploads\/2024\/12\/sungrow_logo.png\",\"datePublished\":\"2025-01-16T11:08:35+00:00\",\"dateModified\":\"2026-01-09T11:16:32+00:00\",\"description\":\"L'onduleur Sungrow peut \u00eatre int\u00e9gr\u00e9 au chargeur Trydan via Ethernet ou WiFi. Voici les \u00e9tapes \u00e0 suivre.\",\"breadcrumb\":{\"@id\":\"https:\/\/v2charge.com\/fr\/support\/controle-puissance\/dynamique\/photovoltaique\/onduleur-sungrow\/#breadcrumb\"},\"inLanguage\":\"fr-FR\",\"potentialAction\":[{\"@type\":\"ReadAction\",\"target\":[\"https:\/\/v2charge.com\/fr\/support\/controle-puissance\/dynamique\/photovoltaique\/onduleur-sungrow\/\"]}]},{\"@type\":\"ImageObject\",\"inLanguage\":\"fr-FR\",\"@id\":\"https:\/\/v2charge.com\/fr\/support\/controle-puissance\/dynamique\/photovoltaique\/onduleur-sungrow\/#primaryimage\",\"url\":\"https:\/\/v2charge.com\/wp-content\/uploads\/2024\/12\/sungrow_logo.png\",\"contentUrl\":\"https:\/\/v2charge.com\/wp-content\/uploads\/2024\/12\/sungrow_logo.png\"},{\"@type\":\"BreadcrumbList\",\"@id\":\"https:\/\/v2charge.com\/fr\/support\/controle-puissance\/dynamique\/photovoltaique\/onduleur-sungrow\/#breadcrumb\",\"itemListElement\":[{\"@type\":\"ListItem\",\"position\":1,\"name\":\"V2C\",\"item\":\"https:\/\/v2charge.com\/fr\/\"},{\"@type\":\"ListItem\",\"position\":2,\"name\":\"Support Area\",\"item\":\"https:\/\/v2charge.com\/fr\/support\/\"},{\"@type\":\"ListItem\",\"position\":3,\"name\":\"Contr\u00f4le de puissance\",\"item\":\"https:\/\/v2charge.com\/fr\/support\/controle-puissance\/\"},{\"@type\":\"ListItem\",\"position\":4,\"name\":\"Dynamique\",\"item\":\"https:\/\/v2charge.com\/fr\/support\/controle-puissance\/dynamique\/\"},{\"@type\":\"ListItem\",\"position\":5,\"name\":\"Photovoltaique\",\"item\":\"https:\/\/v2charge.com\/fr\/support\/controle-puissance\/dynamique\/photovoltaique\/\"},{\"@type\":\"ListItem\",\"position\":6,\"name\":\"Onduleur Sungrow\"}]},{\"@type\":\"WebSite\",\"@id\":\"https:\/\/v2charge.com\/fr\/#website\",\"url\":\"https:\/\/v2charge.com\/fr\/\",\"name\":\"V2C\",\"description\":\"#CargandoElMa\u00f1ana\",\"publisher\":{\"@id\":\"https:\/\/v2charge.com\/fr\/#organization\"},\"potentialAction\":[{\"@type\":\"SearchAction\",\"target\":{\"@type\":\"EntryPoint\",\"urlTemplate\":\"https:\/\/v2charge.com\/fr\/?s={search_term_string}\"},\"query-input\":{\"@type\":\"PropertyValueSpecification\",\"valueRequired\":true,\"valueName\":\"search_term_string\"}}],\"inLanguage\":\"fr-FR\"},{\"@type\":\"Organization\",\"@id\":\"https:\/\/v2charge.com\/fr\/#organization\",\"name\":\"V2C\",\"url\":\"https:\/\/v2charge.com\/fr\/\",\"logo\":{\"@type\":\"ImageObject\",\"inLanguage\":\"fr-FR\",\"@id\":\"https:\/\/v2charge.com\/fr\/#\/schema\/logo\/image\/\",\"url\":\"https:\/\/v2charge.com\/wp-content\/uploads\/2024\/11\/cropped-v2c-charge-logo-menu.png\",\"contentUrl\":\"https:\/\/v2charge.com\/wp-content\/uploads\/2024\/11\/cropped-v2c-charge-logo-menu.png\",\"width\":984,\"height\":431,\"caption\":\"V2C\"},\"image\":{\"@id\":\"https:\/\/v2charge.com\/fr\/#\/schema\/logo\/image\/\"},\"sameAs\":[\"https:\/\/www.facebook.com\/V2C.Charge\",\"https:\/\/x.com\/V2C_Charge\",\"https:\/\/www.instagram.com\/v2c.charge\/\",\"https:\/\/www.youtube.com\/@V2C\",\"https:\/\/www.linkedin.com\/company\/v2c-chargers\/\"]}]}<\/script>\n<!-- \/ Yoast SEO plugin. -->","yoast_head_json":{"title":"Int\u00e9gration de l'onduleur Sungrow avec Trydan - V2C","description":"L'onduleur Sungrow peut \u00eatre int\u00e9gr\u00e9 au chargeur Trydan via Ethernet ou WiFi. Voici les \u00e9tapes \u00e0 suivre.","robots":{"index":"index","follow":"follow","max-snippet":"max-snippet:-1","max-image-preview":"max-image-preview:large","max-video-preview":"max-video-preview:-1"},"canonical":"https:\/\/v2charge.com\/fr\/support\/controle-puissance\/dynamique\/photovoltaique\/onduleur-sungrow\/","og_locale":"fr_FR","og_type":"article","og_title":"Int\u00e9gration de l'onduleur Sungrow avec Trydan - V2C","og_description":"L'onduleur Sungrow peut \u00eatre int\u00e9gr\u00e9 au chargeur Trydan via Ethernet ou WiFi. Voici les \u00e9tapes \u00e0 suivre.","og_url":"https:\/\/v2charge.com\/fr\/support\/controle-puissance\/dynamique\/photovoltaique\/onduleur-sungrow\/","og_site_name":"V2C","article_publisher":"https:\/\/www.facebook.com\/V2C.Charge","article_modified_time":"2026-01-09T11:16:32+00:00","og_image":[{"url":"https:\/\/v2charge.com\/wp-content\/uploads\/2024\/12\/sungrow_logo.png","type":"","width":"","height":""}],"twitter_card":"summary_large_image","twitter_site":"@V2C_Charge","twitter_misc":{"Dur\u00e9e de lecture estim\u00e9e":"3 minutes"},"schema":{"@context":"https:\/\/schema.org","@graph":[{"@type":"WebPage","@id":"https:\/\/v2charge.com\/fr\/support\/controle-puissance\/dynamique\/photovoltaique\/onduleur-sungrow\/","url":"https:\/\/v2charge.com\/fr\/support\/controle-puissance\/dynamique\/photovoltaique\/onduleur-sungrow\/","name":"Int\u00e9gration de l'onduleur Sungrow avec Trydan - V2C","isPartOf":{"@id":"https:\/\/v2charge.com\/fr\/#website"},"primaryImageOfPage":{"@id":"https:\/\/v2charge.com\/fr\/support\/controle-puissance\/dynamique\/photovoltaique\/onduleur-sungrow\/#primaryimage"},"image":{"@id":"https:\/\/v2charge.com\/fr\/support\/controle-puissance\/dynamique\/photovoltaique\/onduleur-sungrow\/#primaryimage"},"thumbnailUrl":"https:\/\/v2charge.com\/wp-content\/uploads\/2024\/12\/sungrow_logo.png","datePublished":"2025-01-16T11:08:35+00:00","dateModified":"2026-01-09T11:16:32+00:00","description":"L'onduleur Sungrow peut \u00eatre int\u00e9gr\u00e9 au chargeur Trydan via Ethernet ou WiFi. Voici les \u00e9tapes \u00e0 suivre.","breadcrumb":{"@id":"https:\/\/v2charge.com\/fr\/support\/controle-puissance\/dynamique\/photovoltaique\/onduleur-sungrow\/#breadcrumb"},"inLanguage":"fr-FR","potentialAction":[{"@type":"ReadAction","target":["https:\/\/v2charge.com\/fr\/support\/controle-puissance\/dynamique\/photovoltaique\/onduleur-sungrow\/"]}]},{"@type":"ImageObject","inLanguage":"fr-FR","@id":"https:\/\/v2charge.com\/fr\/support\/controle-puissance\/dynamique\/photovoltaique\/onduleur-sungrow\/#primaryimage","url":"https:\/\/v2charge.com\/wp-content\/uploads\/2024\/12\/sungrow_logo.png","contentUrl":"https:\/\/v2charge.com\/wp-content\/uploads\/2024\/12\/sungrow_logo.png"},{"@type":"BreadcrumbList","@id":"https:\/\/v2charge.com\/fr\/support\/controle-puissance\/dynamique\/photovoltaique\/onduleur-sungrow\/#breadcrumb","itemListElement":[{"@type":"ListItem","position":1,"name":"V2C","item":"https:\/\/v2charge.com\/fr\/"},{"@type":"ListItem","position":2,"name":"Support Area","item":"https:\/\/v2charge.com\/fr\/support\/"},{"@type":"ListItem","position":3,"name":"Contr\u00f4le de puissance","item":"https:\/\/v2charge.com\/fr\/support\/controle-puissance\/"},{"@type":"ListItem","position":4,"name":"Dynamique","item":"https:\/\/v2charge.com\/fr\/support\/controle-puissance\/dynamique\/"},{"@type":"ListItem","position":5,"name":"Photovoltaique","item":"https:\/\/v2charge.com\/fr\/support\/controle-puissance\/dynamique\/photovoltaique\/"},{"@type":"ListItem","position":6,"name":"Onduleur Sungrow"}]},{"@type":"WebSite","@id":"https:\/\/v2charge.com\/fr\/#website","url":"https:\/\/v2charge.com\/fr\/","name":"V2C","description":"#CargandoElMa\u00f1ana","publisher":{"@id":"https:\/\/v2charge.com\/fr\/#organization"},"potentialAction":[{"@type":"SearchAction","target":{"@type":"EntryPoint","urlTemplate":"https:\/\/v2charge.com\/fr\/?s={search_term_string}"},"query-input":{"@type":"PropertyValueSpecification","valueRequired":true,"valueName":"search_term_string"}}],"inLanguage":"fr-FR"},{"@type":"Organization","@id":"https:\/\/v2charge.com\/fr\/#organization","name":"V2C","url":"https:\/\/v2charge.com\/fr\/","logo":{"@type":"ImageObject","inLanguage":"fr-FR","@id":"https:\/\/v2charge.com\/fr\/#\/schema\/logo\/image\/","url":"https:\/\/v2charge.com\/wp-content\/uploads\/2024\/11\/cropped-v2c-charge-logo-menu.png","contentUrl":"https:\/\/v2charge.com\/wp-content\/uploads\/2024\/11\/cropped-v2c-charge-logo-menu.png","width":984,"height":431,"caption":"V2C"},"image":{"@id":"https:\/\/v2charge.com\/fr\/#\/schema\/logo\/image\/"},"sameAs":["https:\/\/www.facebook.com\/V2C.Charge","https:\/\/x.com\/V2C_Charge","https:\/\/www.instagram.com\/v2c.charge\/","https:\/\/www.youtube.com\/@V2C","https:\/\/www.linkedin.com\/company\/v2c-chargers\/"]}]}},"uagb_featured_image_src":{"full":false,"thumbnail":false,"medium":false,"medium_large":false,"large":false,"gs-tiny":false,"xl":false,"xxl":false,"xxxl":false,"xxxxl":false,"xxxxxl":false,"1536x1536":false,"2048x2048":false},"uagb_author_info":{"display_name":"V2C","author_link":"https:\/\/v2charge.com\/fr\/author\/marketing\/"},"uagb_comment_info":0,"uagb_excerpt":"Int\u00e9gration de l&rsquo;onduleur Sungrow avec Trydan Connectez votre point de charge Trydan avec l&rsquo;onduleur Sungrow pour optimiser au maximum l&rsquo;utilisation de l&rsquo;\u00e9nergie. L&rsquo;utilisation de&nbsp;r\u00e9p\u00e9teurs Wi-Fi&nbsp;ou de&nbsp;r\u00e9seaux mesh&nbsp;peut affecter le bon fonctionnement du syst\u00e8me. Nous recommandons d\u2019utiliser un&nbsp;r\u00e9seau Wi-Fi stable&nbsp;et&nbsp;direct&nbsp;afin de garantir une connexion optimale entre le chargeur et l\u2019onduleur. Int\u00e9gration de l&rsquo;onduleur Sungrow Pour que\u2026","_links":{"self":[{"href":"https:\/\/v2charge.com\/fr\/wp-json\/wp\/v2\/pages\/201199","targetHints":{"allow":["GET"]}}],"collection":[{"href":"https:\/\/v2charge.com\/fr\/wp-json\/wp\/v2\/pages"}],"about":[{"href":"https:\/\/v2charge.com\/fr\/wp-json\/wp\/v2\/types\/page"}],"author":[{"embeddable":true,"href":"https:\/\/v2charge.com\/fr\/wp-json\/wp\/v2\/users\/400"}],"replies":[{"embeddable":true,"href":"https:\/\/v2charge.com\/fr\/wp-json\/wp\/v2\/comments?post=201199"}],"version-history":[{"count":5,"href":"https:\/\/v2charge.com\/fr\/wp-json\/wp\/v2\/pages\/201199\/revisions"}],"predecessor-version":[{"id":294546,"href":"https:\/\/v2charge.com\/fr\/wp-json\/wp\/v2\/pages\/201199\/revisions\/294546"}],"up":[{"embeddable":true,"href":"https:\/\/v2charge.com\/fr\/wp-json\/wp\/v2\/pages\/129646"}],"wp:attachment":[{"href":"https:\/\/v2charge.com\/fr\/wp-json\/wp\/v2\/media?parent=201199"}],"curies":[{"name":"wp","href":"https:\/\/api.w.org\/{rel}","templated":true}]}}