{"id":74284,"date":"2021-11-30T15:45:39","date_gmt":"2021-11-30T15:45:39","guid":{"rendered":"https:\/\/v2charge.com\/cat\/"},"modified":"2025-06-02T11:21:26","modified_gmt":"2025-06-02T09:21:26","slug":"cat","status":"publish","type":"page","link":"https:\/\/v2charge.com\/fr\/cat\/","title":{"rendered":"Catalogues"},"content":{"rendered":"\n<div class=\"wp-block-uagb-container uagb-block-36fb02b6 alignfull uagb-is-root-container\"><div class=\"uagb-container-inner-blocks-wrap\">\n<div class=\"wp-block-uagb-container uagb-block-1f956f89\">\n<div class=\"wp-block-uagb-advanced-heading uagb-block-112c3dc3\"><h1 class=\"uagb-heading-text\">Catalogues e-Chargers<\/h1><\/div>\n<\/div>\n\n\n\n<div class=\"wp-block-uagb-advanced-heading uagb-block-a7a3060f\"><p class=\"uagb-heading-text\">Nous vous pr\u00e9sentons les catalogues num\u00e9riques de chacun de nos chargeurs \u00e9lectriques pour votre v\u00e9hicule. D\u00e9couvrez les caract\u00e9ristiques fonctionnelles qui les rendent uniques sur le march\u00e9.<\/p><\/div>\n<\/div><\/div>\n\n\n\n<div class=\"wp-block-uagb-container uagb-block-a53d8e39 alignfull uagb-is-root-container\"><div class=\"uagb-container-inner-blocks-wrap\">\n<div class=\"wp-block-uagb-container uagb-block-5fc9582f\">\n<div class=\"wp-block-uagb-container uagb-block-8aa362fe\">\n<div class=\"wp-block-uagb-image aligncenter uagb-block-619a86e6 wp-block-uagb-image--layout-default wp-block-uagb-image--effect-zoomin wp-block-uagb-image--align-center\"><figure class=\"wp-block-uagb-image__figure\"><a class=\"\" href=\"https:\/\/v2charge.com\/wp-content\/uploads\/2023\/05\/catalogue-trydan.pdf\" target=\"\" rel=\"noopener\"><img decoding=\"async\" srcset=\"https:\/\/v2charge.com\/wp-content\/uploads\/2021\/12\/TRYDAN-CATALOGUE.png \" sizes=\"auto, (max-width: 480px) 150px\" src=\"https:\/\/v2charge.com\/wp-content\/uploads\/2021\/12\/TRYDAN-CATALOGUE.png\" alt=\"catalogue trydan\" class=\"uag-image-66925\" width=\"300\" height=\"251\" title=\"\" loading=\"lazy\" role=\"img\"\/><\/a><\/figure><\/div>\n\n\n\n<div class=\"wp-block-uagb-advanced-heading uagb-block-68719169\"><h2 class=\"uagb-heading-text\"><a href=\"https:\/\/v2charge.com\/wp-content\/uploads\/2023\/05\/catalogue-trydan.pdf\" title=\"trydan v2c catalogue\">TRYDAN<\/a><\/h2><\/div>\n\n\n\n<div class=\"wp-block-uagb-buttons uagb-buttons__outer-wrap uagb-btn__default-btn uagb-btn-tablet__default-btn uagb-btn-mobile__default-btn uagb-block-41129390\"><div class=\"uagb-buttons__wrap uagb-buttons-layout-wrap \">\n<div class=\"wp-block-uagb-buttons-child uagb-buttons__outer-wrap uagb-block-31f620e1 wp-block-button\"><div class=\"uagb-button__wrapper\"><a class=\"uagb-buttons-repeater wp-block-button__link\" aria-label=\"\" href=\"https:\/\/v2charge.com\/wp-content\/uploads\/2023\/05\/catalogue-trydan.pdf\" rel=\"follow noopener\" target=\"_self\" role=\"button\"><div class=\"uagb-button__link\">Consulter catalogue<\/div><\/a><\/div><\/div>\n<\/div><\/div>\n<\/div>\n\n\n\n<div class=\"wp-block-uagb-container uagb-block-67386d94\">\n<div class=\"wp-block-uagb-image aligncenter uagb-block-15a44652 wp-block-uagb-image--layout-default wp-block-uagb-image--effect-zoomin wp-block-uagb-image--align-center\"><figure class=\"wp-block-uagb-image__figure\"><a class=\"\" href=\"https:\/\/v2charge.com\/wp-content\/uploads\/2024\/03\/catalogue_trydan-pro.pdf\" target=\"\" rel=\"noopener\"><img decoding=\"async\" srcset=\"https:\/\/v2charge.com\/wp-content\/uploads\/2021\/12\/TRYDAN-CATALOGUE.png \" sizes=\"auto, (max-width: 480px) 150px\" src=\"https:\/\/v2charge.com\/wp-content\/uploads\/2021\/12\/TRYDAN-CATALOGUE.png\" alt=\"catalogue trydan\" class=\"uag-image-66925\" width=\"300\" height=\"251\" title=\"\" loading=\"lazy\" role=\"img\"\/><\/a><\/figure><\/div>\n\n\n\n<div class=\"wp-block-uagb-advanced-heading uagb-block-dc5eae03\"><h2 class=\"uagb-heading-text\"><a href=\"https:\/\/v2charge.com\/wp-content\/uploads\/2024\/03\/catalogue_trydan-pro.pdf\">TRYDAN PRO<\/a><\/h2><\/div>\n\n\n\n<div class=\"wp-block-uagb-buttons uagb-buttons__outer-wrap uagb-btn__default-btn uagb-btn-tablet__default-btn uagb-btn-mobile__default-btn uagb-block-8bd7239b\"><div class=\"uagb-buttons__wrap uagb-buttons-layout-wrap \">\n<div class=\"wp-block-uagb-buttons-child uagb-buttons__outer-wrap uagb-block-1508095f wp-block-button\"><div class=\"uagb-button__wrapper\"><a class=\"uagb-buttons-repeater wp-block-button__link\" aria-label=\"\" href=\"https:\/\/v2charge.com\/wp-content\/uploads\/2024\/03\/catalogue_trydan-pro.pdf\" rel=\"follow noopener\" target=\"_self\" role=\"button\"><div class=\"uagb-button__link\">Consulter catalogue<\/div><\/a><\/div><\/div>\n<\/div><\/div>\n<\/div>\n\n\n\n<div class=\"wp-block-uagb-container uagb-block-ef1180a6\">\n<div class=\"wp-block-uagb-image aligncenter uagb-block-d154836a wp-block-uagb-image--layout-default wp-block-uagb-image--effect-zoomin wp-block-uagb-image--align-center\"><figure class=\"wp-block-uagb-image__figure\"><a class=\"\" href=\"https:\/\/v2charge.com\/wp-content\/uploads\/2023\/06\/catalogue-pole-pro.pdf\" target=\"\" rel=\"noopener\"><img decoding=\"async\" srcset=\"https:\/\/v2charge.com\/wp-content\/uploads\/2023\/06\/charger-pole-pro.png \" sizes=\"auto, (max-width: 480px) 150px\" src=\"https:\/\/v2charge.com\/wp-content\/uploads\/2023\/06\/charger-pole-pro.png\" alt=\"e-Charger Pole Pro\" class=\"uag-image-106444\" width=\"300\" height=\"251\" title=\"\" loading=\"lazy\" role=\"img\"\/><\/a><\/figure><\/div>\n\n\n\n<div class=\"wp-block-uagb-advanced-heading uagb-block-6db05a08\"><h2 class=\"uagb-heading-text\"><a href=\"https:\/\/v2charge.com\/wp-content\/uploads\/2023\/06\/catalogue-pole-pro.pdf\" title=\"pole pro v2c catalogue\">POLE PRO<\/a><\/h2><\/div>\n\n\n\n<div class=\"wp-block-uagb-buttons uagb-buttons__outer-wrap uagb-btn__default-btn uagb-btn-tablet__default-btn uagb-btn-mobile__default-btn uagb-block-70a033da\"><div class=\"uagb-buttons__wrap uagb-buttons-layout-wrap \">\n<div class=\"wp-block-uagb-buttons-child uagb-buttons__outer-wrap uagb-block-42f1ac6d wp-block-button\"><div class=\"uagb-button__wrapper\"><a class=\"uagb-buttons-repeater wp-block-button__link\" aria-label=\"\" href=\"https:\/\/v2charge.com\/wp-content\/uploads\/2023\/06\/catalogue-pole-pro.pdf\" rel=\"follow noopener\" target=\"_self\" role=\"button\"><div class=\"uagb-button__link\">Consulter catalogue<\/div><\/a><\/div><\/div>\n<\/div><\/div>\n<\/div>\n<\/div>\n\n\n\n<div class=\"wp-block-uagb-container uagb-block-1607392d\">\n<div class=\"wp-block-uagb-container uagb-block-34935856\">\n<div class=\"wp-block-uagb-image aligncenter uagb-block-9f2bffc3 wp-block-uagb-image--layout-default wp-block-uagb-image--effect-zoomin wp-block-uagb-image--align-center\"><figure class=\"wp-block-uagb-image__figure\"><a class=\"\" href=\"https:\/\/v2charge.com\/wp-content\/uploads\/2025\/06\/denka-catalogue-french.pdf\" target=\"\" rel=\"noopener\"><img decoding=\"async\" srcset=\"https:\/\/v2charge.com\/wp-content\/uploads\/2025\/05\/catalogo-denka.png ,https:\/\/v2charge.com\/wp-content\/uploads\/2025\/05\/catalogo-denka.png 780w, https:\/\/v2charge.com\/wp-content\/uploads\/2025\/05\/catalogo-denka.png 360w\" sizes=\"auto, (max-width: 480px) 150px\" src=\"https:\/\/v2charge.com\/wp-content\/uploads\/2025\/05\/catalogo-denka.png\" alt=\"\" class=\"uag-image-226332\" width=\"275\" height=\"251\" title=\"catalogo-denka\" loading=\"lazy\" role=\"img\"\/><\/a><\/figure><\/div>\n\n\n\n<div class=\"wp-block-uagb-advanced-heading uagb-block-78bc136a\"><h2 class=\"uagb-heading-text\"><a href=\"https:\/\/v2charge.com\/wp-content\/uploads\/2025\/06\/denka-catalogue-french.pdf\">DENKA<\/a><\/h2><\/div>\n\n\n\n<div class=\"wp-block-uagb-buttons uagb-buttons__outer-wrap uagb-btn__default-btn uagb-btn-tablet__default-btn uagb-btn-mobile__default-btn uagb-block-8a030a12\"><div class=\"uagb-buttons__wrap uagb-buttons-layout-wrap \">\n<div class=\"wp-block-uagb-buttons-child uagb-buttons__outer-wrap uagb-block-af361590 wp-block-button\"><div class=\"uagb-button__wrapper\"><a class=\"uagb-buttons-repeater wp-block-button__link\" aria-label=\"\" href=\"https:\/\/v2charge.com\/wp-content\/uploads\/2025\/06\/denka-catalogue-french.pdf\" rel=\"follow noopener\" target=\"_self\" role=\"button\"><div class=\"uagb-button__link\">Consulter catalogue<\/div><\/a><\/div><\/div>\n<\/div><\/div>\n<\/div>\n\n\n\n<div class=\"wp-block-uagb-container uagb-block-ae4e88e6\">\n<div class=\"wp-block-uagb-image aligncenter uagb-block-4c2533be wp-block-uagb-image--layout-default wp-block-uagb-image--effect-zoomin wp-block-uagb-image--align-center\"><figure class=\"wp-block-uagb-image__figure\"><a class=\"\" href=\"https:\/\/v2charge.com\/wp-content\/uploads\/2022\/02\/Catalogue-SCREEN.pdf\" target=\"\" rel=\"noopener\"><img decoding=\"async\" srcset=\"https:\/\/v2charge.com\/wp-content\/uploads\/2023\/04\/catalogo-screen.png \" sizes=\"auto, (max-width: 480px) 150px\" src=\"https:\/\/v2charge.com\/wp-content\/uploads\/2023\/04\/catalogo-screen.png\" alt=\"cat\u00e1logo screen v2c\" class=\"uag-image-98781\" width=\"275\" height=\"251\" title=\"\" loading=\"lazy\" role=\"img\"\/><\/a><\/figure><\/div>\n\n\n\n<div class=\"wp-block-uagb-advanced-heading uagb-block-b43eef33\"><h2 class=\"uagb-heading-text\"><a href=\"https:\/\/v2charge.com\/wp-content\/uploads\/2022\/02\/Catalogue-SCREEN.pdf\" title=\"screen v2c catalogue\">SCREEN<\/a><\/h2><\/div>\n\n\n\n<div class=\"wp-block-uagb-buttons uagb-buttons__outer-wrap uagb-btn__default-btn uagb-btn-tablet__default-btn uagb-btn-mobile__default-btn uagb-block-c0b5cf59\"><div class=\"uagb-buttons__wrap uagb-buttons-layout-wrap \">\n<div class=\"wp-block-uagb-buttons-child uagb-buttons__outer-wrap uagb-block-03e585f6 wp-block-button\"><div class=\"uagb-button__wrapper\"><a class=\"uagb-buttons-repeater wp-block-button__link\" aria-label=\"\" href=\"https:\/\/v2charge.com\/wp-content\/uploads\/2022\/02\/Catalogue-SCREEN.pdf\" rel=\"follow noopener\" target=\"_self\" role=\"button\"><div class=\"uagb-button__link\">Consulter catalogue<\/div><\/a><\/div><\/div>\n<\/div><\/div>\n<\/div>\n\n\n\n<div class=\"wp-block-uagb-container uagb-block-5482c109\">\n<div class=\"wp-block-uagb-image aligncenter uagb-block-d7ad0e41 wp-block-uagb-image--layout-default wp-block-uagb-image--effect-zoomin wp-block-uagb-image--align-center\"><figure class=\"wp-block-uagb-image__figure\"><a class=\"\" href=\"https:\/\/v2charge.com\/wp-content\/uploads\/2022\/02\/Catalogue-EV-PORTABLE.pdf\" target=\"\" rel=\"noopener\"><img decoding=\"async\" srcset=\"https:\/\/v2charge.com\/wp-content\/uploads\/2021\/12\/EV2-portable-catalogo.png \" sizes=\"auto, (max-width: 480px) 150px\" src=\"https:\/\/v2charge.com\/wp-content\/uploads\/2021\/12\/EV2-portable-catalogo.png\" alt=\"cat\u00e1logo ev portable\" class=\"uag-image-66904\" width=\"285\" height=\"251\" title=\"\" loading=\"lazy\" role=\"img\"\/><\/a><\/figure><\/div>\n\n\n\n<div class=\"wp-block-uagb-advanced-heading uagb-block-afb250e2\"><h2 class=\"uagb-heading-text\"><a href=\"https:\/\/v2charge.com\/wp-content\/uploads\/2022\/02\/Catalogue-EV-PORTABLE.pdf\" title=\"ev portable catalogue\">EV PORTABLE<\/a><\/h2><\/div>\n\n\n\n<div class=\"wp-block-uagb-buttons uagb-buttons__outer-wrap uagb-btn__default-btn uagb-btn-tablet__default-btn uagb-btn-mobile__default-btn uagb-block-a80c87ff\"><div class=\"uagb-buttons__wrap uagb-buttons-layout-wrap \">\n<div class=\"wp-block-uagb-buttons-child uagb-buttons__outer-wrap uagb-block-b3ae5b7e wp-block-button\"><div class=\"uagb-button__wrapper\"><a class=\"uagb-buttons-repeater wp-block-button__link\" aria-label=\"\" href=\"https:\/\/v2charge.com\/wp-content\/uploads\/2022\/02\/Catalogue-EV-PORTABLE.pdf\" rel=\"follow noopener\" target=\"_self\" role=\"button\"><div class=\"uagb-button__link\">Consulter catalogue<\/div><\/a><\/div><\/div>\n<\/div><\/div>\n<\/div>\n<\/div>\n\n\n\n<div class=\"wp-block-uagb-advanced-heading uagb-block-54a3265b\"><h2 class=\"uagb-heading-text\">Voir le catalogue complet<\/h2><\/div>\n\n\n\n<div class=\"wp-block-uagb-advanced-heading uagb-block-0f32a68d\"><p class=\"uagb-heading-text\">Si vous pr\u00e9f\u00e9rez, vous pouvez consulter les informations de tous nos chargeurs \u00e9lectroniques dans le m\u00eame document.<\/p><\/div>\n\n\n\n<div class=\"wp-block-uagb-buttons uagb-buttons__outer-wrap uagb-btn__default-btn uagb-btn-tablet__default-btn uagb-btn-mobile__default-btn uagb-block-ef929df3\"><div class=\"uagb-buttons__wrap uagb-buttons-layout-wrap \">\n<div class=\"wp-block-uagb-buttons-child uagb-buttons__outer-wrap uagb-block-f00eadb5 wp-block-button\"><div class=\"uagb-button__wrapper\"><a class=\"uagb-buttons-repeater wp-block-button__link\" aria-label=\"\" href=\"https:\/\/v2charge.com\/wp-content\/uploads\/2023\/05\/catalogue-e-chargers.pdf\" rel=\"follow noopener\" target=\"_self\" role=\"button\"><div class=\"uagb-button__link\">Voir le catalogue complet<\/div><\/a><\/div><\/div>\n<\/div><\/div>\n<\/div><\/div>\n","protected":false},"excerpt":{"rendered":"<p>Catalogues e-Chargers Nous vous pr\u00e9sentons les catalogues num\u00e9riques de chacun de nos chargeurs \u00e9lectriques pour votre v\u00e9hicule. D\u00e9couvrez les caract\u00e9ristiques fonctionnelles qui les rendent uniques sur le march\u00e9. TRYDAN TRYDAN PRO POLE PRO DENKA SCREEN EV PORTABLE Voir le catalogue complet Si vous pr\u00e9f\u00e9rez, vous pouvez consulter les informations de tous nos chargeurs \u00e9lectroniques dans &#8230; <a title=\"Catalogues\" class=\"read-more\" href=\"https:\/\/v2charge.com\/fr\/cat\/\" aria-label=\"Read more about Catalogues\">Lire la suite<\/a><\/p>\n","protected":false},"author":1,"featured_media":170349,"parent":0,"menu_order":0,"comment_status":"closed","ping_status":"closed","template":"","meta":{"_eb_attr":"","content-type":"","_uag_custom_page_level_css":"","footnotes":""},"class_list":["post-74284","page","type-page","status-publish","has-post-thumbnail"],"yoast_head":"<!-- This site is optimized with the Yoast SEO plugin v25.3.1 - https:\/\/yoast.com\/wordpress\/plugins\/seo\/ -->\n<title>Catalogues num\u00e9riques: D\u00e9couvrez chaque chargeur \u00e9lectrique en d\u00e9tail<\/title>\n<meta name=\"description\" content=\"Vous trouverez dans nos catalogues num\u00e9riques les caract\u00e9ristiques qui rendent chacun de nos chargeurs \u00e9lectriques unique, apprenez \u00e0 les conna\u00eetre !\" \/>\n<meta name=\"robots\" content=\"index, follow, max-snippet:-1, max-image-preview:large, max-video-preview:-1\" \/>\n<link rel=\"canonical\" href=\"https:\/\/v2charge.com\/fr\/cat\/\" \/>\n<meta property=\"og:locale\" content=\"fr_FR\" \/>\n<meta property=\"og:type\" content=\"article\" \/>\n<meta property=\"og:title\" content=\"Catalogues num\u00e9riques: D\u00e9couvrez chaque chargeur \u00e9lectrique en d\u00e9tail\" \/>\n<meta property=\"og:description\" content=\"Vous trouverez dans nos catalogues num\u00e9riques les caract\u00e9ristiques qui rendent chacun de nos chargeurs \u00e9lectriques unique, apprenez \u00e0 les conna\u00eetre !\" \/>\n<meta property=\"og:url\" content=\"https:\/\/v2charge.com\/fr\/cat\/\" \/>\n<meta property=\"og:site_name\" content=\"V2C\" \/>\n<meta property=\"article:publisher\" content=\"https:\/\/www.facebook.com\/V2C.Charge\" \/>\n<meta property=\"article:modified_time\" content=\"2025-06-02T09:21:26+00:00\" \/>\n<meta property=\"og:image\" content=\"https:\/\/v2charge.com\/wp-content\/uploads\/2024\/07\/v2c-electric-chargers.jpg\" \/>\n\t<meta property=\"og:image:width\" content=\"1200\" \/>\n\t<meta property=\"og:image:height\" content=\"675\" \/>\n\t<meta property=\"og:image:type\" content=\"image\/jpeg\" \/>\n<meta name=\"twitter:card\" content=\"summary_large_image\" \/>\n<meta name=\"twitter:site\" content=\"@V2C_Charge\" \/>\n<meta name=\"twitter:label1\" content=\"Dur\u00e9e de lecture estim\u00e9e\" \/>\n\t<meta name=\"twitter:data1\" content=\"2 minutes\" \/>\n<script type=\"application\/ld+json\" class=\"yoast-schema-graph\">{\"@context\":\"https:\/\/schema.org\",\"@graph\":[{\"@type\":\"WebPage\",\"@id\":\"https:\/\/v2charge.com\/fr\/cat\/\",\"url\":\"https:\/\/v2charge.com\/fr\/cat\/\",\"name\":\"Catalogues num\u00e9riques: D\u00e9couvrez chaque chargeur \u00e9lectrique en d\u00e9tail\",\"isPartOf\":{\"@id\":\"https:\/\/v2charge.com\/fr\/#website\"},\"primaryImageOfPage\":{\"@id\":\"https:\/\/v2charge.com\/fr\/cat\/#primaryimage\"},\"image\":{\"@id\":\"https:\/\/v2charge.com\/fr\/cat\/#primaryimage\"},\"thumbnailUrl\":\"https:\/\/v2charge.com\/wp-content\/uploads\/2024\/07\/v2c-electric-chargers.jpg\",\"datePublished\":\"2021-11-30T15:45:39+00:00\",\"dateModified\":\"2025-06-02T09:21:26+00:00\",\"description\":\"Vous trouverez dans nos catalogues num\u00e9riques les caract\u00e9ristiques qui rendent chacun de nos chargeurs \u00e9lectriques unique, apprenez \u00e0 les conna\u00eetre !\",\"breadcrumb\":{\"@id\":\"https:\/\/v2charge.com\/fr\/cat\/#breadcrumb\"},\"inLanguage\":\"fr-FR\",\"potentialAction\":[{\"@type\":\"ReadAction\",\"target\":[\"https:\/\/v2charge.com\/fr\/cat\/\"]}]},{\"@type\":\"ImageObject\",\"inLanguage\":\"fr-FR\",\"@id\":\"https:\/\/v2charge.com\/fr\/cat\/#primaryimage\",\"url\":\"https:\/\/v2charge.com\/wp-content\/uploads\/2024\/07\/v2c-electric-chargers.jpg\",\"contentUrl\":\"https:\/\/v2charge.com\/wp-content\/uploads\/2024\/07\/v2c-electric-chargers.jpg\",\"width\":1200,\"height\":675,\"caption\":\"V2C Electric Chargers\"},{\"@type\":\"BreadcrumbList\",\"@id\":\"https:\/\/v2charge.com\/fr\/cat\/#breadcrumb\",\"itemListElement\":[{\"@type\":\"ListItem\",\"position\":1,\"name\":\"V2C\",\"item\":\"https:\/\/v2charge.com\/fr\/\"},{\"@type\":\"ListItem\",\"position\":2,\"name\":\"Catalogues\"}]},{\"@type\":\"WebSite\",\"@id\":\"https:\/\/v2charge.com\/fr\/#website\",\"url\":\"https:\/\/v2charge.com\/fr\/\",\"name\":\"V2C\",\"description\":\"#CargandoElMa\u00f1ana\",\"publisher\":{\"@id\":\"https:\/\/v2charge.com\/fr\/#organization\"},\"potentialAction\":[{\"@type\":\"SearchAction\",\"target\":{\"@type\":\"EntryPoint\",\"urlTemplate\":\"https:\/\/v2charge.com\/fr\/?s={search_term_string}\"},\"query-input\":{\"@type\":\"PropertyValueSpecification\",\"valueRequired\":true,\"valueName\":\"search_term_string\"}}],\"inLanguage\":\"fr-FR\"},{\"@type\":\"Organization\",\"@id\":\"https:\/\/v2charge.com\/fr\/#organization\",\"name\":\"V2C\",\"url\":\"https:\/\/v2charge.com\/fr\/\",\"logo\":{\"@type\":\"ImageObject\",\"inLanguage\":\"fr-FR\",\"@id\":\"https:\/\/v2charge.com\/fr\/#\/schema\/logo\/image\/\",\"url\":\"https:\/\/v2charge.com\/wp-content\/uploads\/2024\/11\/cropped-v2c-charge-logo-menu.png\",\"contentUrl\":\"https:\/\/v2charge.com\/wp-content\/uploads\/2024\/11\/cropped-v2c-charge-logo-menu.png\",\"width\":984,\"height\":431,\"caption\":\"V2C\"},\"image\":{\"@id\":\"https:\/\/v2charge.com\/fr\/#\/schema\/logo\/image\/\"},\"sameAs\":[\"https:\/\/www.facebook.com\/V2C.Charge\",\"https:\/\/x.com\/V2C_Charge\",\"https:\/\/www.instagram.com\/v2c.charge\/\",\"https:\/\/www.youtube.com\/@V2C\",\"https:\/\/www.linkedin.com\/company\/v2c-chargers\/\"]}]}<\/script>\n<!-- \/ Yoast SEO plugin. -->","yoast_head_json":{"title":"Catalogues num\u00e9riques: D\u00e9couvrez chaque chargeur \u00e9lectrique en d\u00e9tail","description":"Vous trouverez dans nos catalogues num\u00e9riques les caract\u00e9ristiques qui rendent chacun de nos chargeurs \u00e9lectriques unique, apprenez \u00e0 les conna\u00eetre !","robots":{"index":"index","follow":"follow","max-snippet":"max-snippet:-1","max-image-preview":"max-image-preview:large","max-video-preview":"max-video-preview:-1"},"canonical":"https:\/\/v2charge.com\/fr\/cat\/","og_locale":"fr_FR","og_type":"article","og_title":"Catalogues num\u00e9riques: D\u00e9couvrez chaque chargeur \u00e9lectrique en d\u00e9tail","og_description":"Vous trouverez dans nos catalogues num\u00e9riques les caract\u00e9ristiques qui rendent chacun de nos chargeurs \u00e9lectriques unique, apprenez \u00e0 les conna\u00eetre !","og_url":"https:\/\/v2charge.com\/fr\/cat\/","og_site_name":"V2C","article_publisher":"https:\/\/www.facebook.com\/V2C.Charge","article_modified_time":"2025-06-02T09:21:26+00:00","og_image":[{"width":1200,"height":675,"url":"https:\/\/v2charge.com\/wp-content\/uploads\/2024\/07\/v2c-electric-chargers.jpg","type":"image\/jpeg"}],"twitter_card":"summary_large_image","twitter_site":"@V2C_Charge","twitter_misc":{"Dur\u00e9e de lecture estim\u00e9e":"2 minutes"},"schema":{"@context":"https:\/\/schema.org","@graph":[{"@type":"WebPage","@id":"https:\/\/v2charge.com\/fr\/cat\/","url":"https:\/\/v2charge.com\/fr\/cat\/","name":"Catalogues num\u00e9riques: D\u00e9couvrez chaque chargeur \u00e9lectrique en d\u00e9tail","isPartOf":{"@id":"https:\/\/v2charge.com\/fr\/#website"},"primaryImageOfPage":{"@id":"https:\/\/v2charge.com\/fr\/cat\/#primaryimage"},"image":{"@id":"https:\/\/v2charge.com\/fr\/cat\/#primaryimage"},"thumbnailUrl":"https:\/\/v2charge.com\/wp-content\/uploads\/2024\/07\/v2c-electric-chargers.jpg","datePublished":"2021-11-30T15:45:39+00:00","dateModified":"2025-06-02T09:21:26+00:00","description":"Vous trouverez dans nos catalogues num\u00e9riques les caract\u00e9ristiques qui rendent chacun de nos chargeurs \u00e9lectriques unique, apprenez \u00e0 les conna\u00eetre !","breadcrumb":{"@id":"https:\/\/v2charge.com\/fr\/cat\/#breadcrumb"},"inLanguage":"fr-FR","potentialAction":[{"@type":"ReadAction","target":["https:\/\/v2charge.com\/fr\/cat\/"]}]},{"@type":"ImageObject","inLanguage":"fr-FR","@id":"https:\/\/v2charge.com\/fr\/cat\/#primaryimage","url":"https:\/\/v2charge.com\/wp-content\/uploads\/2024\/07\/v2c-electric-chargers.jpg","contentUrl":"https:\/\/v2charge.com\/wp-content\/uploads\/2024\/07\/v2c-electric-chargers.jpg","width":1200,"height":675,"caption":"V2C Electric Chargers"},{"@type":"BreadcrumbList","@id":"https:\/\/v2charge.com\/fr\/cat\/#breadcrumb","itemListElement":[{"@type":"ListItem","position":1,"name":"V2C","item":"https:\/\/v2charge.com\/fr\/"},{"@type":"ListItem","position":2,"name":"Catalogues"}]},{"@type":"WebSite","@id":"https:\/\/v2charge.com\/fr\/#website","url":"https:\/\/v2charge.com\/fr\/","name":"V2C","description":"#CargandoElMa\u00f1ana","publisher":{"@id":"https:\/\/v2charge.com\/fr\/#organization"},"potentialAction":[{"@type":"SearchAction","target":{"@type":"EntryPoint","urlTemplate":"https:\/\/v2charge.com\/fr\/?s={search_term_string}"},"query-input":{"@type":"PropertyValueSpecification","valueRequired":true,"valueName":"search_term_string"}}],"inLanguage":"fr-FR"},{"@type":"Organization","@id":"https:\/\/v2charge.com\/fr\/#organization","name":"V2C","url":"https:\/\/v2charge.com\/fr\/","logo":{"@type":"ImageObject","inLanguage":"fr-FR","@id":"https:\/\/v2charge.com\/fr\/#\/schema\/logo\/image\/","url":"https:\/\/v2charge.com\/wp-content\/uploads\/2024\/11\/cropped-v2c-charge-logo-menu.png","contentUrl":"https:\/\/v2charge.com\/wp-content\/uploads\/2024\/11\/cropped-v2c-charge-logo-menu.png","width":984,"height":431,"caption":"V2C"},"image":{"@id":"https:\/\/v2charge.com\/fr\/#\/schema\/logo\/image\/"},"sameAs":["https:\/\/www.facebook.com\/V2C.Charge","https:\/\/x.com\/V2C_Charge","https:\/\/www.instagram.com\/v2c.charge\/","https:\/\/www.youtube.com\/@V2C","https:\/\/www.linkedin.com\/company\/v2c-chargers\/"]}]}},"uagb_featured_image_src":{"full":["https:\/\/v2charge.com\/wp-content\/uploads\/2024\/07\/v2c-electric-chargers.jpg",1200,675,false],"thumbnail":["https:\/\/v2charge.com\/wp-content\/uploads\/2024\/07\/v2c-electric-chargers-150x150.jpg",150,150,true],"medium":["https:\/\/v2charge.com\/wp-content\/uploads\/2024\/07\/v2c-electric-chargers-300x169.jpg",300,169,true],"medium_large":["https:\/\/v2charge.com\/wp-content\/uploads\/2024\/07\/v2c-electric-chargers-768x432.jpg",768,432,true],"large":["https:\/\/v2charge.com\/wp-content\/uploads\/2024\/07\/v2c-electric-chargers-1024x576.jpg",1024,576,true],"gs-tiny":["https:\/\/v2charge.com\/wp-content\/uploads\/2024\/07\/v2c-electric-chargers.jpg",50,28,false],"xl":["https:\/\/v2charge.com\/wp-content\/uploads\/2024\/07\/v2c-electric-chargers.jpg",1200,675,false],"xxl":["https:\/\/v2charge.com\/wp-content\/uploads\/2024\/07\/v2c-electric-chargers.jpg",1200,675,false],"xxxl":["https:\/\/v2charge.com\/wp-content\/uploads\/2024\/07\/v2c-electric-chargers.jpg",1200,675,false],"xxxxl":["https:\/\/v2charge.com\/wp-content\/uploads\/2024\/07\/v2c-electric-chargers.jpg",1200,675,false],"xxxxxl":["https:\/\/v2charge.com\/wp-content\/uploads\/2024\/07\/v2c-electric-chargers.jpg",1200,675,false],"1536x1536":["https:\/\/v2charge.com\/wp-content\/uploads\/2024\/07\/v2c-electric-chargers.jpg",1200,675,false],"2048x2048":["https:\/\/v2charge.com\/wp-content\/uploads\/2024\/07\/v2c-electric-chargers.jpg",1200,675,false]},"uagb_author_info":{"display_name":"V2C","author_link":"https:\/\/v2charge.com\/fr\/author\/root_k4eu7ki8\/"},"uagb_comment_info":0,"uagb_excerpt":"Catalogues e-Chargers Nous vous pr\u00e9sentons les catalogues num\u00e9riques de chacun de nos chargeurs \u00e9lectriques pour votre v\u00e9hicule. D\u00e9couvrez les caract\u00e9ristiques fonctionnelles qui les rendent uniques sur le march\u00e9. TRYDAN TRYDAN PRO POLE PRO DENKA SCREEN EV PORTABLE Voir le catalogue complet Si vous pr\u00e9f\u00e9rez, vous pouvez consulter les informations de tous nos chargeurs \u00e9lectroniques dans\u2026","_links":{"self":[{"href":"https:\/\/v2charge.com\/fr\/wp-json\/wp\/v2\/pages\/74284","targetHints":{"allow":["GET"]}}],"collection":[{"href":"https:\/\/v2charge.com\/fr\/wp-json\/wp\/v2\/pages"}],"about":[{"href":"https:\/\/v2charge.com\/fr\/wp-json\/wp\/v2\/types\/page"}],"author":[{"embeddable":true,"href":"https:\/\/v2charge.com\/fr\/wp-json\/wp\/v2\/users\/1"}],"replies":[{"embeddable":true,"href":"https:\/\/v2charge.com\/fr\/wp-json\/wp\/v2\/comments?post=74284"}],"version-history":[{"count":4,"href":"https:\/\/v2charge.com\/fr\/wp-json\/wp\/v2\/pages\/74284\/revisions"}],"predecessor-version":[{"id":226828,"href":"https:\/\/v2charge.com\/fr\/wp-json\/wp\/v2\/pages\/74284\/revisions\/226828"}],"wp:featuredmedia":[{"embeddable":true,"href":"https:\/\/v2charge.com\/fr\/wp-json\/wp\/v2\/media\/170349"}],"wp:attachment":[{"href":"https:\/\/v2charge.com\/fr\/wp-json\/wp\/v2\/media?parent=74284"}],"curies":[{"name":"wp","href":"https:\/\/api.w.org\/{rel}","templated":true}]}}