{"id":7515,"date":"2018-04-05T15:48:01","date_gmt":"2018-04-05T15:48:01","guid":{"rendered":"https:\/\/www.wallboxok.com\/?page_id=7515"},"modified":"2022-02-07T12:55:20","modified_gmt":"2022-02-07T12:55:20","slug":"distributeurs-dequipement-de-recharge-pour-vehicules-electriques-en-france","status":"publish","type":"page","link":"https:\/\/v2charge.com\/fr\/distributeurs-dequipement-de-recharge-pour-vehicules-electriques-en-france\/","title":{"rendered":"Distributeurs d&rsquo;\u00e9quipement de recharge pour v\u00e9hicules \u00e9lectriques en France"},"content":{"rendered":"<p>[vc_row alt_bg_color=\u00a0\u00bbtrue\u00a0\u00bb][vc_column][vc_custom_heading text=\u00a0\u00bbDISTRIBUTEURS, UNISSEZ VOUS AU BRILLANT FUTURE ELECTRIQUE\u00a0\u00bb font_container=\u00a0\u00bbtag:h1|text_align:left\u00a0\u00bb google_fonts=\u00a0\u00bbfont_family:Lato%3A100%2C100italic%2C300%2C300italic%2Cregular%2Citalic%2C700%2C700italic%2C900%2C900italic|font_style:300%20light%20regular%3A300%3Anormal\u00a0\u00bb][vc_column_text]<\/p>\n<div class=\"wpb_text_column wpb_content_element \">\n<div class=\"wpb_wrapper\">\n<h2>Consultez la liste de nos distributeurs<\/h2>\n<\/div>\n<\/div>\n<div class=\"vc_empty_space\">\u00catre distributeur de la marque V2C est synonyme de qualit\u00e9, de professionnalisme et de fiabilit\u00e9. Votre entreprise peut faire partie de notre groupe qualifi\u00e9 et ambitieux, aux grands projets dans le secteur de la mobilit\u00e9 \u00e9lectrique. Souhaitez-vous faire partie d&rsquo;un brillant future? Prenez contact avec nous et vous recevrez une r\u00e9ponse rapide de notre \u00e9quipe.<\/div>\n<p>[\/vc_column_text][vc_empty_space][\/vc_column][\/vc_row]<\/p>\n","protected":false},"excerpt":{"rendered":"<p>[vc_row alt_bg_color=\u00a0\u00bbtrue\u00a0\u00bb][vc_column][vc_custom_heading text=\u00a0\u00bbDISTRIBUTEURS, UNISSEZ VOUS AU BRILLANT FUTURE ELECTRIQUE\u00a0\u00bb font_container=\u00a0\u00bbtag:h1|text_align:left\u00a0\u00bb google_fonts=\u00a0\u00bbfont_family:Lato%3A100%2C100italic%2C300%2C300italic%2Cregular%2Citalic%2C700%2C700italic%2C900%2C900italic|font_style:300%20light%20regular%3A300%3Anormal\u00a0\u00bb][vc_column_text] Consultez la liste de nos distributeurs \u00catre distributeur de la marque V2C est synonyme de qualit\u00e9, de professionnalisme et de fiabilit\u00e9. Votre entreprise peut faire partie de notre groupe qualifi\u00e9 et ambitieux, aux grands projets dans le secteur de la mobilit\u00e9 \u00e9lectrique. Souhaitez-vous faire &#8230; <a title=\"Distributeurs d&rsquo;\u00e9quipement de recharge pour v\u00e9hicules \u00e9lectriques en France\" class=\"read-more\" href=\"https:\/\/v2charge.com\/fr\/distributeurs-dequipement-de-recharge-pour-vehicules-electriques-en-france\/\" aria-label=\"Read more about Distributeurs d&rsquo;\u00e9quipement de recharge pour v\u00e9hicules \u00e9lectriques en France\">Lire la suite<\/a><\/p>\n","protected":false},"author":1,"featured_media":0,"parent":0,"menu_order":0,"comment_status":"closed","ping_status":"closed","template":"","meta":{"_eb_attr":"","content-type":"","_uag_custom_page_level_css":"","footnotes":""},"class_list":["post-7515","page","type-page","status-publish"],"yoast_head":"<!-- This site is optimized with the Yoast SEO plugin v25.3.1 - https:\/\/yoast.com\/wordpress\/plugins\/seo\/ -->\n<title>Distributeurs d&#039;\u00e9quipement de recharge pour v\u00e9hicules \u00e9lectriques en France - V2C<\/title>\n<meta name=\"robots\" content=\"noindex, follow\" \/>\n<meta property=\"og:locale\" content=\"fr_FR\" \/>\n<meta property=\"og:type\" content=\"article\" \/>\n<meta property=\"og:title\" content=\"Distributeurs d&#039;\u00e9quipement de recharge pour v\u00e9hicules \u00e9lectriques en France - V2C\" \/>\n<meta property=\"og:description\" content=\"[vc_row alt_bg_color=\u00a0\u00bbtrue\u00a0\u00bb][vc_column][vc_custom_heading text=\u00a0\u00bbDISTRIBUTEURS, UNISSEZ VOUS AU BRILLANT FUTURE ELECTRIQUE\u00a0\u00bb font_container=\u00a0\u00bbtag:h1|text_align:left\u00a0\u00bb google_fonts=\u00a0\u00bbfont_family:Lato%3A100%2C100italic%2C300%2C300italic%2Cregular%2Citalic%2C700%2C700italic%2C900%2C900italic|font_style:300%20light%20regular%3A300%3Anormal\u00a0\u00bb][vc_column_text] Consultez la liste de nos distributeurs \u00catre distributeur de la marque V2C est synonyme de qualit\u00e9, de professionnalisme et de fiabilit\u00e9. Votre entreprise peut faire partie de notre groupe qualifi\u00e9 et ambitieux, aux grands projets dans le secteur de la mobilit\u00e9 \u00e9lectrique. Souhaitez-vous faire ... Lire la suite\" \/>\n<meta property=\"og:url\" content=\"https:\/\/v2charge.com\/fr\/distributeurs-dequipement-de-recharge-pour-vehicules-electriques-en-france\/\" \/>\n<meta property=\"og:site_name\" content=\"V2C\" \/>\n<meta property=\"article:publisher\" content=\"https:\/\/www.facebook.com\/V2C.Charge\" \/>\n<meta property=\"article:modified_time\" content=\"2022-02-07T12:55:20+00:00\" \/>\n<meta property=\"og:image\" content=\"https:\/\/v2charge.com\/wp-content\/uploads\/2024\/07\/v2c-electric-chargers.jpg\" \/>\n\t<meta property=\"og:image:width\" content=\"1200\" \/>\n\t<meta property=\"og:image:height\" content=\"675\" \/>\n\t<meta property=\"og:image:type\" content=\"image\/jpeg\" \/>\n<meta name=\"twitter:card\" content=\"summary_large_image\" \/>\n<meta name=\"twitter:site\" content=\"@V2C_Charge\" \/>\n<meta name=\"twitter:label1\" content=\"Dur\u00e9e de lecture estim\u00e9e\" \/>\n\t<meta name=\"twitter:data1\" content=\"1 minute\" \/>\n<script type=\"application\/ld+json\" class=\"yoast-schema-graph\">{\"@context\":\"https:\/\/schema.org\",\"@graph\":[{\"@type\":\"WebPage\",\"@id\":\"https:\/\/v2charge.com\/fr\/distributeurs-dequipement-de-recharge-pour-vehicules-electriques-en-france\/\",\"url\":\"https:\/\/v2charge.com\/fr\/distributeurs-dequipement-de-recharge-pour-vehicules-electriques-en-france\/\",\"name\":\"Distributeurs d'\u00e9quipement de recharge pour v\u00e9hicules \u00e9lectriques en France - V2C\",\"isPartOf\":{\"@id\":\"https:\/\/v2charge.com\/fr\/#website\"},\"datePublished\":\"2018-04-05T15:48:01+00:00\",\"dateModified\":\"2022-02-07T12:55:20+00:00\",\"breadcrumb\":{\"@id\":\"https:\/\/v2charge.com\/fr\/distributeurs-dequipement-de-recharge-pour-vehicules-electriques-en-france\/#breadcrumb\"},\"inLanguage\":\"fr-FR\",\"potentialAction\":[{\"@type\":\"ReadAction\",\"target\":[\"https:\/\/v2charge.com\/fr\/distributeurs-dequipement-de-recharge-pour-vehicules-electriques-en-france\/\"]}]},{\"@type\":\"BreadcrumbList\",\"@id\":\"https:\/\/v2charge.com\/fr\/distributeurs-dequipement-de-recharge-pour-vehicules-electriques-en-france\/#breadcrumb\",\"itemListElement\":[{\"@type\":\"ListItem\",\"position\":1,\"name\":\"V2C\",\"item\":\"https:\/\/v2charge.com\/fr\/\"},{\"@type\":\"ListItem\",\"position\":2,\"name\":\"Distributeurs d&#8217;\u00e9quipement de recharge pour v\u00e9hicules \u00e9lectriques en France\"}]},{\"@type\":\"WebSite\",\"@id\":\"https:\/\/v2charge.com\/fr\/#website\",\"url\":\"https:\/\/v2charge.com\/fr\/\",\"name\":\"V2C\",\"description\":\"#CargandoElMa\u00f1ana\",\"publisher\":{\"@id\":\"https:\/\/v2charge.com\/fr\/#organization\"},\"potentialAction\":[{\"@type\":\"SearchAction\",\"target\":{\"@type\":\"EntryPoint\",\"urlTemplate\":\"https:\/\/v2charge.com\/fr\/?s={search_term_string}\"},\"query-input\":{\"@type\":\"PropertyValueSpecification\",\"valueRequired\":true,\"valueName\":\"search_term_string\"}}],\"inLanguage\":\"fr-FR\"},{\"@type\":\"Organization\",\"@id\":\"https:\/\/v2charge.com\/fr\/#organization\",\"name\":\"V2C\",\"url\":\"https:\/\/v2charge.com\/fr\/\",\"logo\":{\"@type\":\"ImageObject\",\"inLanguage\":\"fr-FR\",\"@id\":\"https:\/\/v2charge.com\/fr\/#\/schema\/logo\/image\/\",\"url\":\"https:\/\/v2charge.com\/wp-content\/uploads\/2024\/11\/cropped-v2c-charge-logo-menu.png\",\"contentUrl\":\"https:\/\/v2charge.com\/wp-content\/uploads\/2024\/11\/cropped-v2c-charge-logo-menu.png\",\"width\":984,\"height\":431,\"caption\":\"V2C\"},\"image\":{\"@id\":\"https:\/\/v2charge.com\/fr\/#\/schema\/logo\/image\/\"},\"sameAs\":[\"https:\/\/www.facebook.com\/V2C.Charge\",\"https:\/\/x.com\/V2C_Charge\",\"https:\/\/www.instagram.com\/v2c.charge\/\",\"https:\/\/www.youtube.com\/@V2C\",\"https:\/\/www.linkedin.com\/company\/v2c-chargers\/\"]}]}<\/script>\n<!-- \/ Yoast SEO plugin. -->","yoast_head_json":{"title":"Distributeurs d'\u00e9quipement de recharge pour v\u00e9hicules \u00e9lectriques en France - V2C","robots":{"index":"noindex","follow":"follow"},"og_locale":"fr_FR","og_type":"article","og_title":"Distributeurs d'\u00e9quipement de recharge pour v\u00e9hicules \u00e9lectriques en France - V2C","og_description":"[vc_row alt_bg_color=\u00a0\u00bbtrue\u00a0\u00bb][vc_column][vc_custom_heading text=\u00a0\u00bbDISTRIBUTEURS, UNISSEZ VOUS AU BRILLANT FUTURE ELECTRIQUE\u00a0\u00bb font_container=\u00a0\u00bbtag:h1|text_align:left\u00a0\u00bb google_fonts=\u00a0\u00bbfont_family:Lato%3A100%2C100italic%2C300%2C300italic%2Cregular%2Citalic%2C700%2C700italic%2C900%2C900italic|font_style:300%20light%20regular%3A300%3Anormal\u00a0\u00bb][vc_column_text] Consultez la liste de nos distributeurs \u00catre distributeur de la marque V2C est synonyme de qualit\u00e9, de professionnalisme et de fiabilit\u00e9. Votre entreprise peut faire partie de notre groupe qualifi\u00e9 et ambitieux, aux grands projets dans le secteur de la mobilit\u00e9 \u00e9lectrique. Souhaitez-vous faire ... Lire la suite","og_url":"https:\/\/v2charge.com\/fr\/distributeurs-dequipement-de-recharge-pour-vehicules-electriques-en-france\/","og_site_name":"V2C","article_publisher":"https:\/\/www.facebook.com\/V2C.Charge","article_modified_time":"2022-02-07T12:55:20+00:00","og_image":[{"width":1200,"height":675,"url":"https:\/\/v2charge.com\/wp-content\/uploads\/2024\/07\/v2c-electric-chargers.jpg","type":"image\/jpeg"}],"twitter_card":"summary_large_image","twitter_site":"@V2C_Charge","twitter_misc":{"Dur\u00e9e de lecture estim\u00e9e":"1 minute"},"schema":{"@context":"https:\/\/schema.org","@graph":[{"@type":"WebPage","@id":"https:\/\/v2charge.com\/fr\/distributeurs-dequipement-de-recharge-pour-vehicules-electriques-en-france\/","url":"https:\/\/v2charge.com\/fr\/distributeurs-dequipement-de-recharge-pour-vehicules-electriques-en-france\/","name":"Distributeurs d'\u00e9quipement de recharge pour v\u00e9hicules \u00e9lectriques en France - V2C","isPartOf":{"@id":"https:\/\/v2charge.com\/fr\/#website"},"datePublished":"2018-04-05T15:48:01+00:00","dateModified":"2022-02-07T12:55:20+00:00","breadcrumb":{"@id":"https:\/\/v2charge.com\/fr\/distributeurs-dequipement-de-recharge-pour-vehicules-electriques-en-france\/#breadcrumb"},"inLanguage":"fr-FR","potentialAction":[{"@type":"ReadAction","target":["https:\/\/v2charge.com\/fr\/distributeurs-dequipement-de-recharge-pour-vehicules-electriques-en-france\/"]}]},{"@type":"BreadcrumbList","@id":"https:\/\/v2charge.com\/fr\/distributeurs-dequipement-de-recharge-pour-vehicules-electriques-en-france\/#breadcrumb","itemListElement":[{"@type":"ListItem","position":1,"name":"V2C","item":"https:\/\/v2charge.com\/fr\/"},{"@type":"ListItem","position":2,"name":"Distributeurs d&#8217;\u00e9quipement de recharge pour v\u00e9hicules \u00e9lectriques en France"}]},{"@type":"WebSite","@id":"https:\/\/v2charge.com\/fr\/#website","url":"https:\/\/v2charge.com\/fr\/","name":"V2C","description":"#CargandoElMa\u00f1ana","publisher":{"@id":"https:\/\/v2charge.com\/fr\/#organization"},"potentialAction":[{"@type":"SearchAction","target":{"@type":"EntryPoint","urlTemplate":"https:\/\/v2charge.com\/fr\/?s={search_term_string}"},"query-input":{"@type":"PropertyValueSpecification","valueRequired":true,"valueName":"search_term_string"}}],"inLanguage":"fr-FR"},{"@type":"Organization","@id":"https:\/\/v2charge.com\/fr\/#organization","name":"V2C","url":"https:\/\/v2charge.com\/fr\/","logo":{"@type":"ImageObject","inLanguage":"fr-FR","@id":"https:\/\/v2charge.com\/fr\/#\/schema\/logo\/image\/","url":"https:\/\/v2charge.com\/wp-content\/uploads\/2024\/11\/cropped-v2c-charge-logo-menu.png","contentUrl":"https:\/\/v2charge.com\/wp-content\/uploads\/2024\/11\/cropped-v2c-charge-logo-menu.png","width":984,"height":431,"caption":"V2C"},"image":{"@id":"https:\/\/v2charge.com\/fr\/#\/schema\/logo\/image\/"},"sameAs":["https:\/\/www.facebook.com\/V2C.Charge","https:\/\/x.com\/V2C_Charge","https:\/\/www.instagram.com\/v2c.charge\/","https:\/\/www.youtube.com\/@V2C","https:\/\/www.linkedin.com\/company\/v2c-chargers\/"]}]}},"uagb_featured_image_src":{"full":false,"thumbnail":false,"medium":false,"medium_large":false,"large":false,"gs-tiny":false,"xl":false,"xxl":false,"xxxl":false,"xxxxl":false,"xxxxxl":false,"1536x1536":false,"2048x2048":false},"uagb_author_info":{"display_name":"V2C","author_link":"https:\/\/v2charge.com\/fr\/author\/root_k4eu7ki8\/"},"uagb_comment_info":0,"uagb_excerpt":"[vc_row alt_bg_color=\u00a0\u00bbtrue\u00a0\u00bb][vc_column][vc_custom_heading text=\u00a0\u00bbDISTRIBUTEURS, UNISSEZ VOUS AU BRILLANT FUTURE ELECTRIQUE\u00a0\u00bb font_container=\u00a0\u00bbtag:h1|text_align:left\u00a0\u00bb google_fonts=\u00a0\u00bbfont_family:Lato%3A100%2C100italic%2C300%2C300italic%2Cregular%2Citalic%2C700%2C700italic%2C900%2C900italic|font_style:300%20light%20regular%3A300%3Anormal\u00a0\u00bb][vc_column_text] Consultez la liste de nos distributeurs \u00catre distributeur de la marque V2C est synonyme de qualit\u00e9, de professionnalisme et de fiabilit\u00e9. Votre entreprise peut faire partie de notre groupe qualifi\u00e9 et ambitieux, aux grands projets dans le secteur de la mobilit\u00e9 \u00e9lectrique. Souhaitez-vous faire\u2026","_links":{"self":[{"href":"https:\/\/v2charge.com\/fr\/wp-json\/wp\/v2\/pages\/7515","targetHints":{"allow":["GET"]}}],"collection":[{"href":"https:\/\/v2charge.com\/fr\/wp-json\/wp\/v2\/pages"}],"about":[{"href":"https:\/\/v2charge.com\/fr\/wp-json\/wp\/v2\/types\/page"}],"author":[{"embeddable":true,"href":"https:\/\/v2charge.com\/fr\/wp-json\/wp\/v2\/users\/1"}],"replies":[{"embeddable":true,"href":"https:\/\/v2charge.com\/fr\/wp-json\/wp\/v2\/comments?post=7515"}],"version-history":[{"count":0,"href":"https:\/\/v2charge.com\/fr\/wp-json\/wp\/v2\/pages\/7515\/revisions"}],"wp:attachment":[{"href":"https:\/\/v2charge.com\/fr\/wp-json\/wp\/v2\/media?parent=7515"}],"curies":[{"name":"wp","href":"https:\/\/api.w.org\/{rel}","templated":true}]}}