{"id":75527,"date":"2022-01-27T14:34:34","date_gmt":"2022-01-27T14:34:34","guid":{"rendered":"https:\/\/v2charge.com\/screen\/support\/"},"modified":"2023-11-24T10:50:22","modified_gmt":"2023-11-24T08:50:22","slug":"screen","status":"publish","type":"page","link":"https:\/\/v2charge.com\/fr\/support\/screen\/","title":{"rendered":"Support Screen"},"content":{"rendered":"\n<div class=\"wp-block-uagb-container uagb-block-5e6cdfa8 alignfull uagb-is-root-container\"><div class=\"uagb-container-inner-blocks-wrap\">\n<div class=\"wp-block-uagb-container uag-hide-mob uagb-block-6c4dfad9\">\n<figure class=\"wp-block-image size-full\"><a href=\"https:\/\/v2charge.com\/fr\/support\/trydan\/\"><img decoding=\"async\" width=\"75\" height=\"75\" src=\"https:\/\/v2charge.com\/wp-content\/uploads\/2022\/01\/soporte-trydan-2.png\" alt=\"actualizaciones del e-charger trydan\" class=\"wp-image-72846\" srcset=\"https:\/\/v2charge.com\/wp-content\/uploads\/2022\/01\/soporte-trydan-2.png 75w, https:\/\/v2charge.com\/wp-content\/uploads\/2022\/01\/soporte-trydan-2-50x50.png 50w\" sizes=\"(max-width: 75px) 100vw, 75px\" \/><\/a><\/figure>\n\n\n\n<figure class=\"wp-block-image size-full\"><a href=\"https:\/\/v2charge.com\/fr\/support\/pole-pro\/\"><img decoding=\"async\" width=\"75\" height=\"75\" src=\"https:\/\/v2charge.com\/wp-content\/uploads\/2022\/01\/polesupport.png\" alt=\"actualizaciones del e-charger pole\" class=\"wp-image-72874\" srcset=\"https:\/\/v2charge.com\/wp-content\/uploads\/2022\/01\/polesupport.png 75w, https:\/\/v2charge.com\/wp-content\/uploads\/2022\/01\/polesupport-50x50.png 50w\" sizes=\"(max-width: 75px) 100vw, 75px\" \/><\/a><\/figure>\n\n\n\n<figure class=\"wp-block-image size-full\"><a href=\"https:\/\/v2charge.com\/fr\/support\/screen\/\"><img decoding=\"async\" width=\"75\" height=\"75\" src=\"https:\/\/v2charge.com\/wp-content\/uploads\/2022\/01\/screen-support.png\" alt=\"actualizaciones del e-charger screen\" class=\"wp-image-72881\" srcset=\"https:\/\/v2charge.com\/wp-content\/uploads\/2022\/01\/screen-support.png 75w, https:\/\/v2charge.com\/wp-content\/uploads\/2022\/01\/screen-support-50x50.png 50w\" sizes=\"(max-width: 75px) 100vw, 75px\" \/><\/a><\/figure>\n\n\n\n<figure class=\"wp-block-image size-full\"><a href=\"https:\/\/v2charge.com\/fr\/support\/ev-portable\/\"><img decoding=\"async\" width=\"76\" height=\"76\" src=\"https:\/\/v2charge.com\/wp-content\/uploads\/2022\/02\/EVPORTABLE_Icono.png\" alt=\"\" class=\"wp-image-76493\" srcset=\"https:\/\/v2charge.com\/wp-content\/uploads\/2022\/02\/EVPORTABLE_Icono.png 76w, https:\/\/v2charge.com\/wp-content\/uploads\/2022\/02\/EVPORTABLE_Icono-50x50.png 50w\" sizes=\"(max-width: 76px) 100vw, 76px\" \/><\/a><\/figure>\n\n\n\n<figure class=\"wp-block-image size-full is-resized\"><a href=\"https:\/\/v2charge.com\/fr\/support\/v2c-cloud\/\"><img decoding=\"async\" src=\"https:\/\/v2charge.com\/wp-content\/uploads\/2022\/06\/v2ccloud.png\" alt=\"actualizaciones de V2C cloud para m\u00f3viles\" class=\"wp-image-79360\" width=\"77\" height=\"77\" srcset=\"https:\/\/v2charge.com\/wp-content\/uploads\/2022\/06\/v2ccloud.png 77w, https:\/\/v2charge.com\/wp-content\/uploads\/2022\/06\/v2ccloud-50x50.png 50w\" sizes=\"(max-width: 77px) 100vw, 77px\" \/><\/a><\/figure>\n<\/div>\n\n\n\n<div class=\"wp-block-uagb-container uag-hide-mob uagb-block-c5982631\">\n<div class=\"wp-block-uagb-advanced-heading uagb-block-732e27ea\"><p class=\"uagb-heading-text\"><a href=\"https:\/\/v2charge.com\/fr\/support\/trydan\/\">Trydan<\/a><\/p><\/div>\n\n\n\n<div class=\"wp-block-uagb-advanced-heading uagb-block-8cb344eb\"><p class=\"uagb-heading-text\"><a href=\"https:\/\/v2charge.com\/fr\/support\/pole-pro\/\">Pole Pro<\/a><\/p><\/div>\n\n\n\n<div class=\"wp-block-uagb-advanced-heading uagb-block-2974d170\"><p class=\"uagb-heading-text\"><a href=\"https:\/\/v2charge.com\/fr\/support\/screen\/\">Screen<\/a><\/p><\/div>\n\n\n\n<div class=\"wp-block-uagb-advanced-heading uagb-block-a35e9645\"><p class=\"uagb-heading-text\"><a href=\"https:\/\/v2charge.com\/fr\/support\/ev-portable\/\">EV Portable<\/a><\/p><\/div>\n\n\n\n<div class=\"wp-block-uagb-advanced-heading uagb-block-999b92ad\"><p class=\"uagb-heading-text\"><a href=\"https:\/\/v2charge.com\/fr\/support\/v2c-cloud\/\">V2C Cloud<\/a><\/p><\/div>\n<\/div>\n<\/div><\/div>\n\n\n\n<div class=\"wp-block-uagb-container uagb-block-1396fc5a alignfull uagb-is-root-container\"><div class=\"uagb-container-inner-blocks-wrap\">\n<div class=\"wp-block-uagb-advanced-heading uagb-block-5288df5f\"><h1 class=\"uagb-heading-text\"><strong>Support | Screen<\/strong><\/h1><\/div>\n<\/div><\/div>\n\n\n\n<div class=\"wp-block-uagb-container uagb-block-fb07acb9 alignfull uagb-is-root-container\"><div class=\"uagb-container-inner-blocks-wrap\">\n<div class=\"wp-block-uagb-container uagb-block-a58da5ee\">\n<div class=\"wp-block-uagb-info-box uagb-block-aa327257 uagb-infobox__content-wrap  uagb-infobox_cta-type-all uagb-infobox-icon-above-title uagb-infobox-image-valign-top\"><a href=\"https:\/\/v2charge.com\/wp-content\/uploads\/2022\/07\/Fiche_Technique_Screen.pdf\" class=\"uagb-infobox-link-wrap uagb-infbox__link-to-all\" target=\"_self\" aria-label=\"Infobox Link\" rel=\"noopener noreferrer\" onclick=\"return true;\"><\/a><div class=\"uagb-ifb-content\"><div class=\"uagb-ifb-image-content\"><img decoding=\"async\" src=\"https:\/\/v2charge.com\/wp-content\/uploads\/2022\/01\/sheet.svg\" alt=\"ficha t\u00e9cnica\" width=\"30\" height=\"29\" loading=\"lazy\"\/><\/div><div class=\"uagb-ifb-title-wrap\"><h3 class=\"uagb-ifb-title\">Fiche technique<\/h3><\/div><p class=\"uagb-ifb-desc\">Caract\u00e9ristiques g\u00e9n\u00e9rales, fonctionnelles, \u00e9lectriques, composition du num\u00e9ro de produit et dimensions.<\/p><div class=\"uagb-ifb-button-wrapper wp-block-button\"><\/div><\/div><\/div>\n<\/div>\n\n\n\n<div class=\"wp-block-uagb-container uagb-block-00c43fae\">\n<div class=\"wp-block-uagb-info-box uagb-block-b4f40bd7 uagb-infobox__content-wrap  uagb-infobox_cta-type-all uagb-infobox-icon-above-title uagb-infobox-image-valign-top\"><a href=\"https:\/\/v2charge.com\/wp-content\/uploads\/2021\/12\/SCREEN-MANUAL.pdf\" class=\"uagb-infobox-link-wrap uagb-infbox__link-to-all\" target=\"_self\" aria-label=\"Infobox Link\" rel=\"noopener noreferrer\" onclick=\"return true;\"><\/a><div class=\"uagb-ifb-content\"><div class=\"uagb-ifb-image-content\"><img decoding=\"async\" src=\"https:\/\/v2charge.com\/wp-content\/uploads\/2022\/01\/installation-manual.svg\" alt=\"\" width=\"30\" height=\"30\" loading=\"lazy\"\/><\/div><div class=\"uagb-ifb-title-wrap\"><h3 class=\"uagb-ifb-title\">Manuel d\u2019installation<\/h3><\/div><p class=\"uagb-ifb-desc\">\u00c9tapes \u00e0 suivre pour r\u00e9aliser une installation et une configuration correctes de l\u2019e-Charger.<\/p><div class=\"uagb-ifb-button-wrapper wp-block-button\"><\/div><\/div><\/div>\n<\/div>\n<\/div><\/div>\n\n\n\n<div class=\"wp-block-uagb-container uagb-block-ae17d0d6 alignfull uagb-is-root-container\"><div class=\"uagb-container-inner-blocks-wrap\">\n<div class=\"wp-block-uagb-container uagb-block-0e22e029\">\n<div class=\"wp-block-uagb-info-box uagb-block-538dd44c uagb-infobox__content-wrap  uagb-infobox_cta-type-all uagb-infobox-icon-above-title uagb-infobox-image-valign-top\"><a href=\"https:\/\/v2charge.com\/fr\/screen-updates\/\" class=\"uagb-infobox-link-wrap uagb-infbox__link-to-all\" target=\"_self\" aria-label=\"Infobox Link\" rel=\"noopener noreferrer\" onclick=\"return true;\"><\/a><div class=\"uagb-ifb-content\"><div class=\"uagb-ifb-image-content\"><img decoding=\"async\" src=\"https:\/\/v2charge.com\/wp-content\/uploads\/2023\/08\/updates.png\" alt=\"\" width=\"30\" height=\"30\" loading=\"lazy\"\/><\/div><div class=\"uagb-ifb-title-wrap\"><h3 class=\"uagb-ifb-title\">Updates<\/h3><\/div><p class=\"uagb-ifb-desc\">D\u00e9couvrez les derni\u00e8res mises \u00e0 jour de l&rsquo;e-Charger Screen<\/p><div class=\"uagb-ifb-button-wrapper wp-block-button\"><\/div><\/div><\/div>\n<\/div>\n\n\n\n<div class=\"wp-block-uagb-container uagb-block-7233092d\">\n<div class=\"wp-block-uagb-info-box uagb-block-7beba107 uagb-infobox__content-wrap  uagb-infobox_cta-type-all uagb-infobox-icon-above-title uagb-infobox-image-valign-top\"><a href=\"https:\/\/v2charge.com\/wp-content\/uploads\/2022\/02\/Catalogue-SCREEN.pdf\" class=\"uagb-infobox-link-wrap uagb-infbox__link-to-all\" target=\"_self\" aria-label=\"Infobox Link\" rel=\"noopener noreferrer\" onclick=\"return true;\"><\/a><div class=\"uagb-ifb-content\"><div class=\"uagb-ifb-image-content\"><img decoding=\"async\" src=\"https:\/\/v2charge.com\/wp-content\/uploads\/2022\/01\/catalogos.svg\" alt=\"\" width=\"30\" height=\"29\" loading=\"lazy\"\/><\/div><div class=\"uagb-ifb-title-wrap\"><h3 class=\"uagb-ifb-title\">Catalogue<\/h3><\/div><p class=\"uagb-ifb-desc\">Pr\u00e9sentation de l\u2019unique e-Charger Screen: attributs et avantages.<\/p><div class=\"uagb-ifb-button-wrapper wp-block-button\"><\/div><\/div><\/div>\n<\/div>\n<\/div><\/div>\n\n\n\n<div class=\"wp-block-uagb-container uagb-block-f3598282 alignfull uagb-is-root-container\"><div class=\"uagb-container-inner-blocks-wrap\">\n<div class=\"wp-block-uagb-advanced-heading uagb-block-a4dd2113\"><h2 class=\"uagb-heading-text\">Avez-vous besoin d&rsquo;aide?<\/h2><\/div>\n\n\n<form role=\"search\" method=\"get\" action=\"https:\/\/v2charge.com\/fr\/\" class=\"wp-block-search__button-outside wp-block-search__text-button aligncenter wp-block-search\"    ><label class=\"wp-block-search__label screen-reader-text\" for=\"wp-block-search__input-1\" >Buscar<\/label><div class=\"wp-block-search__inside-wrapper\"  style=\"width: 412px\"><input class=\"wp-block-search__input\" id=\"wp-block-search__input-1\" placeholder=\"\" value=\"\" type=\"search\" name=\"s\" required \/><button aria-label=\"Recherche\" class=\"wp-block-search__button has-text-color has-base-3-color has-background has-contrast-background-color wp-element-button\" type=\"submit\" >Recherche<\/button><\/div><\/form><\/div><\/div>\n\n\n\n<div class=\"wp-block-uagb-advanced-heading uagb-block-4ddd583f\"><h2 class=\"uagb-heading-text\">Questions fr\u00e9quentes<\/h2><\/div>\n\n\n\n<div class=\"wp-block-uagb-container uagb-block-7950e470 alignfull uagb-is-root-container\"><div class=\"uagb-container-inner-blocks-wrap\">\n<div class=\"wp-block-uagb-container uagb-block-6607481c\">\n<div class=\"wp-block-uagb-advanced-heading uagb-block-9ab6b8bc\"><h2 class=\"uagb-heading-text\">Installation et fonctionnement<\/h2><\/div>\n\n\n\n<div class=\"wp-block-uagb-container uagb-block-5a44eaf9\">\n<ul class=\"wp-block-list\">\n<li><a href=\"https:\/\/v2charge.com\/wp-content\/uploads\/2021\/12\/SCREEN-MANUAL.pdf\" target=\"_blank\" rel=\"noreferrer noopener\">Manuel d\u2019installation<\/a><\/li>\n\n\n\n<li><a href=\"https:\/\/drive.google.com\/uc?id=1Bt3KZr71eb2ZiDTjSPJfENuCoTVSLWuf&amp;export=download\">Manuel d\u2019insertion publicitaire<\/a><\/li>\n\n\n\n<li><a href=\"https:\/\/v2charge.com\/fr\/pourquoi-mon-e-charger-baisse-t-il-ma-puissance-charge-lors-de-la-derniere-minute-de-recharge\/\">Pourquoi mon e-Chargeur diminue-t-il la puissance de charge pendant la derni\u00e8re minute?<\/a><\/li>\n<\/ul>\n<\/div>\n<\/div>\n\n\n\n<div class=\"wp-block-uagb-container uagb-block-10370003\">\n<div class=\"wp-block-uagb-advanced-heading uagb-block-fe870715\"><h2 class=\"uagb-heading-text\">V2C Cloud<\/h2><\/div>\n\n\n\n<div class=\"wp-block-uagb-container uagb-block-51596d03\">\n<ul class=\"wp-block-list\">\n<li><a href=\"https:\/\/v2charge.com\/fr\/comment-creez-un-compte-v2c-cloud\/\">Comment cr\u00e9er un compte V2C Cloud?<\/a><\/li>\n\n\n\n<li><a href=\"https:\/\/v2charge.com\/fr\/comment-ajouter-e-charger-a-ma-plateforme\/\">Comment ajouter un e-Charger?<\/a><\/li>\n\n\n\n<li><a href=\"https:\/\/v2charge.com\/fr\/comment-connecter-mon-e-charger-v2c-a-la-wifi\/\">Comment connecter l\u2019e-Charger via le WiFi?<\/a><\/li>\n\n\n\n<li><a href=\"https:\/\/v2charge.com\/fr\/comment-connecter-mon-e-charger-v2c-au-bluetooth\/\">Comment connecter l\u2019e-Charger via Bluetooth?<\/a><\/li>\n\n\n\n<li><a href=\"https:\/\/v2charge.com\/fr\/comment-puis-je-savoir-si-mon-e-charger-est-connecte-a-internet\/\">Comment puis-je savoir si mon e-Charger est connect\u00e9 \u00e0 Internet?<\/a><\/li>\n\n\n\n<li><a href=\"https:\/\/v2charge.com\/fr\/pourquoi-mon-e-charger-baisse-t-il-ma-puissance-charge-lors-de-la-derniere-minute-de-recharge\/\">Pourquoi mon e-Chargeur diminue-t-il la puissance de charge pendant la derni\u00e8re minute?<\/a><\/li>\n\n\n\n<li><a href=\"https:\/\/v2charge.com\/fr\/comment-programmer-la-charge-de-ma-voiture\/\">Comment programmer la charge de ma voiture?<\/a><\/li>\n\n\n\n<li><a href=\"https:\/\/v2charge.com\/fr\/comment-debloquer-le-e-charger-trydan\/\">Comment verrouiller\/d\u00e9verrouiller mon&nbsp;e-Chargeur?<\/a><\/li>\n\n\n\n<li><a href=\"https:\/\/v2charge.com\/fr\/comment-puis-je-avoir-mon-identifiant-token-pour-utiliser-l-api-rest-cloud\/\">Comment faire fonctionner le jeton \u00e0 travers les APIs?<\/a><\/li>\n\n\n\n<li><a href=\"https:\/\/v2c.docs.apiary.io\/#general\" target=\"_blank\" rel=\"noreferrer noopener\">Documentation V2C API&nbsp;<\/a><\/li>\n<\/ul>\n<\/div>\n<\/div>\n<\/div><\/div>\n\n\n\n<div class=\"wp-block-uagb-container uagb-block-85d35517 alignfull uagb-is-root-container\"><div class=\"uagb-container-inner-blocks-wrap\">\n<div class=\"wp-block-columns is-layout-flex wp-container-core-columns-is-layout-9d6595d7 wp-block-columns-is-layout-flex\">\n<div class=\"wp-block-column is-layout-flow wp-block-column-is-layout-flow\" style=\"flex-basis:70%\">\n<div class=\"wp-block-uagb-advanced-heading uagb-block-c858a795\"><h2 class=\"uagb-heading-text\">N&rsquo;avez-vous pas r\u00e9solu vos doutes?<\/h2><\/div>\n\n\n\n<p class=\"has-base-3-color has-text-color\">Cr\u00e9ez une demande dans le Centre de support technique et nous vous r\u00e9pondrons dans les plus brefs d\u00e9lais.<\/p>\n<\/div>\n\n\n\n<div class=\"wp-block-column is-layout-flow wp-block-column-is-layout-flow\"><\/div>\n\n\n\n<div class=\"wp-block-column is-layout-flow wp-block-column-is-layout-flow\" style=\"flex-basis:33.33%\">\n<div class=\"wp-block-uagb-buttons uagb-buttons__outer-wrap uagb-btn__default-btn uagb-btn-tablet__default-btn uagb-btn-mobile__default-btn uagb-block-814fb85d\"><div class=\"uagb-buttons__wrap uagb-buttons-layout-wrap\">\n<div class=\"wp-block-uagb-buttons-child uagb-buttons__outer-wrap uagb-block-711d18c3 wp-block-button\"><div class=\"uagb-button__wrapper\"><a class=\"uagb-buttons-repeater wp-block-button__link\" href=\"https:\/\/v2charge.atlassian.net\/servicedesk\/customer\/portal\/3\" onclick=\"return true;\" rel=\"follow noopener\" target=\"_self\"><div class=\"uagb-button__link\">Contacter le support technique<\/div><\/a><\/div><\/div>\n<\/div><\/div>\n<\/div>\n<\/div>\n<\/div><\/div>\n","protected":false},"excerpt":{"rendered":"<p>Trydan Pole Pro Screen EV Portable V2C Cloud Support | Screen Avez-vous besoin d&rsquo;aide? Questions fr\u00e9quentes Installation et fonctionnement V2C Cloud N&rsquo;avez-vous pas r\u00e9solu vos doutes? Cr\u00e9ez une demande dans le Centre de support technique et nous vous r\u00e9pondrons dans les plus brefs d\u00e9lais.<\/p>\n","protected":false},"author":1,"featured_media":0,"parent":77761,"menu_order":0,"comment_status":"closed","ping_status":"closed","template":"","meta":{"_eb_attr":"","content-type":"","_uag_custom_page_level_css":"","footnotes":""},"class_list":["post-75527","page","type-page","status-publish"],"yoast_head":"<!-- This site is optimized with the Yoast SEO plugin v25.3.1 - https:\/\/yoast.com\/wordpress\/plugins\/seo\/ -->\n<title>\u00c9cran de la zone de support : avec affichage publicitaire | V2C<\/title>\n<meta name=\"description\" content=\"Zone de support du seul chargeur \u00e9lectrique avec affichage publicitaire. Voir toutes les informations n\u00e9cessaires et les questions fr\u00e9quemment pos\u00e9es.\" \/>\n<meta name=\"robots\" content=\"index, follow, max-snippet:-1, max-image-preview:large, max-video-preview:-1\" \/>\n<link rel=\"canonical\" href=\"https:\/\/v2charge.com\/fr\/support\/screen\/\" \/>\n<meta property=\"og:locale\" content=\"fr_FR\" \/>\n<meta property=\"og:type\" content=\"article\" \/>\n<meta property=\"og:title\" content=\"\u00c9cran de la zone de support : avec affichage publicitaire | V2C\" \/>\n<meta property=\"og:description\" content=\"Zone de support du seul chargeur \u00e9lectrique avec affichage publicitaire. Voir toutes les informations n\u00e9cessaires et les questions fr\u00e9quemment pos\u00e9es.\" \/>\n<meta property=\"og:url\" content=\"https:\/\/v2charge.com\/fr\/support\/screen\/\" \/>\n<meta property=\"og:site_name\" content=\"V2C\" \/>\n<meta property=\"article:publisher\" content=\"https:\/\/www.facebook.com\/V2C.Charge\" \/>\n<meta property=\"article:modified_time\" content=\"2023-11-24T08:50:22+00:00\" \/>\n<meta property=\"og:image\" content=\"https:\/\/v2charge.com\/wp-content\/uploads\/2022\/01\/soporte-trydan-2.png\" \/>\n<meta name=\"twitter:card\" content=\"summary_large_image\" \/>\n<meta name=\"twitter:site\" content=\"@V2C_Charge\" \/>\n<meta name=\"twitter:label1\" content=\"Dur\u00e9e de lecture estim\u00e9e\" \/>\n\t<meta name=\"twitter:data1\" content=\"3 minutes\" \/>\n<script type=\"application\/ld+json\" class=\"yoast-schema-graph\">{\"@context\":\"https:\/\/schema.org\",\"@graph\":[{\"@type\":\"WebPage\",\"@id\":\"https:\/\/v2charge.com\/fr\/support\/screen\/\",\"url\":\"https:\/\/v2charge.com\/fr\/support\/screen\/\",\"name\":\"\u00c9cran de la zone de support : avec affichage publicitaire | V2C\",\"isPartOf\":{\"@id\":\"https:\/\/v2charge.com\/fr\/#website\"},\"primaryImageOfPage\":{\"@id\":\"https:\/\/v2charge.com\/fr\/support\/screen\/#primaryimage\"},\"image\":{\"@id\":\"https:\/\/v2charge.com\/fr\/support\/screen\/#primaryimage\"},\"thumbnailUrl\":\"https:\/\/v2charge.com\/wp-content\/uploads\/2022\/01\/soporte-trydan-2.png\",\"datePublished\":\"2022-01-27T14:34:34+00:00\",\"dateModified\":\"2023-11-24T08:50:22+00:00\",\"description\":\"Zone de support du seul chargeur \u00e9lectrique avec affichage publicitaire. Voir toutes les informations n\u00e9cessaires et les questions fr\u00e9quemment pos\u00e9es.\",\"breadcrumb\":{\"@id\":\"https:\/\/v2charge.com\/fr\/support\/screen\/#breadcrumb\"},\"inLanguage\":\"fr-FR\",\"potentialAction\":[{\"@type\":\"ReadAction\",\"target\":[\"https:\/\/v2charge.com\/fr\/support\/screen\/\"]}]},{\"@type\":\"ImageObject\",\"inLanguage\":\"fr-FR\",\"@id\":\"https:\/\/v2charge.com\/fr\/support\/screen\/#primaryimage\",\"url\":\"https:\/\/v2charge.com\/wp-content\/uploads\/2022\/01\/soporte-trydan-2.png\",\"contentUrl\":\"https:\/\/v2charge.com\/wp-content\/uploads\/2022\/01\/soporte-trydan-2.png\"},{\"@type\":\"BreadcrumbList\",\"@id\":\"https:\/\/v2charge.com\/fr\/support\/screen\/#breadcrumb\",\"itemListElement\":[{\"@type\":\"ListItem\",\"position\":1,\"name\":\"V2C\",\"item\":\"https:\/\/v2charge.com\/fr\/\"},{\"@type\":\"ListItem\",\"position\":2,\"name\":\"Support Area\",\"item\":\"https:\/\/v2charge.com\/fr\/support\/\"},{\"@type\":\"ListItem\",\"position\":3,\"name\":\"Support Screen\"}]},{\"@type\":\"WebSite\",\"@id\":\"https:\/\/v2charge.com\/fr\/#website\",\"url\":\"https:\/\/v2charge.com\/fr\/\",\"name\":\"V2C\",\"description\":\"#CargandoElMa\u00f1ana\",\"publisher\":{\"@id\":\"https:\/\/v2charge.com\/fr\/#organization\"},\"potentialAction\":[{\"@type\":\"SearchAction\",\"target\":{\"@type\":\"EntryPoint\",\"urlTemplate\":\"https:\/\/v2charge.com\/fr\/?s={search_term_string}\"},\"query-input\":{\"@type\":\"PropertyValueSpecification\",\"valueRequired\":true,\"valueName\":\"search_term_string\"}}],\"inLanguage\":\"fr-FR\"},{\"@type\":\"Organization\",\"@id\":\"https:\/\/v2charge.com\/fr\/#organization\",\"name\":\"V2C\",\"url\":\"https:\/\/v2charge.com\/fr\/\",\"logo\":{\"@type\":\"ImageObject\",\"inLanguage\":\"fr-FR\",\"@id\":\"https:\/\/v2charge.com\/fr\/#\/schema\/logo\/image\/\",\"url\":\"https:\/\/v2charge.com\/wp-content\/uploads\/2024\/11\/cropped-v2c-charge-logo-menu.png\",\"contentUrl\":\"https:\/\/v2charge.com\/wp-content\/uploads\/2024\/11\/cropped-v2c-charge-logo-menu.png\",\"width\":984,\"height\":431,\"caption\":\"V2C\"},\"image\":{\"@id\":\"https:\/\/v2charge.com\/fr\/#\/schema\/logo\/image\/\"},\"sameAs\":[\"https:\/\/www.facebook.com\/V2C.Charge\",\"https:\/\/x.com\/V2C_Charge\",\"https:\/\/www.instagram.com\/v2c.charge\/\",\"https:\/\/www.youtube.com\/@V2C\",\"https:\/\/www.linkedin.com\/company\/v2c-chargers\/\"]}]}<\/script>\n<!-- \/ Yoast SEO plugin. -->","yoast_head_json":{"title":"\u00c9cran de la zone de support : avec affichage publicitaire | V2C","description":"Zone de support du seul chargeur \u00e9lectrique avec affichage publicitaire. Voir toutes les informations n\u00e9cessaires et les questions fr\u00e9quemment pos\u00e9es.","robots":{"index":"index","follow":"follow","max-snippet":"max-snippet:-1","max-image-preview":"max-image-preview:large","max-video-preview":"max-video-preview:-1"},"canonical":"https:\/\/v2charge.com\/fr\/support\/screen\/","og_locale":"fr_FR","og_type":"article","og_title":"\u00c9cran de la zone de support : avec affichage publicitaire | V2C","og_description":"Zone de support du seul chargeur \u00e9lectrique avec affichage publicitaire. Voir toutes les informations n\u00e9cessaires et les questions fr\u00e9quemment pos\u00e9es.","og_url":"https:\/\/v2charge.com\/fr\/support\/screen\/","og_site_name":"V2C","article_publisher":"https:\/\/www.facebook.com\/V2C.Charge","article_modified_time":"2023-11-24T08:50:22+00:00","og_image":[{"url":"https:\/\/v2charge.com\/wp-content\/uploads\/2022\/01\/soporte-trydan-2.png","type":"","width":"","height":""}],"twitter_card":"summary_large_image","twitter_site":"@V2C_Charge","twitter_misc":{"Dur\u00e9e de lecture estim\u00e9e":"3 minutes"},"schema":{"@context":"https:\/\/schema.org","@graph":[{"@type":"WebPage","@id":"https:\/\/v2charge.com\/fr\/support\/screen\/","url":"https:\/\/v2charge.com\/fr\/support\/screen\/","name":"\u00c9cran de la zone de support : avec affichage publicitaire | V2C","isPartOf":{"@id":"https:\/\/v2charge.com\/fr\/#website"},"primaryImageOfPage":{"@id":"https:\/\/v2charge.com\/fr\/support\/screen\/#primaryimage"},"image":{"@id":"https:\/\/v2charge.com\/fr\/support\/screen\/#primaryimage"},"thumbnailUrl":"https:\/\/v2charge.com\/wp-content\/uploads\/2022\/01\/soporte-trydan-2.png","datePublished":"2022-01-27T14:34:34+00:00","dateModified":"2023-11-24T08:50:22+00:00","description":"Zone de support du seul chargeur \u00e9lectrique avec affichage publicitaire. Voir toutes les informations n\u00e9cessaires et les questions fr\u00e9quemment pos\u00e9es.","breadcrumb":{"@id":"https:\/\/v2charge.com\/fr\/support\/screen\/#breadcrumb"},"inLanguage":"fr-FR","potentialAction":[{"@type":"ReadAction","target":["https:\/\/v2charge.com\/fr\/support\/screen\/"]}]},{"@type":"ImageObject","inLanguage":"fr-FR","@id":"https:\/\/v2charge.com\/fr\/support\/screen\/#primaryimage","url":"https:\/\/v2charge.com\/wp-content\/uploads\/2022\/01\/soporte-trydan-2.png","contentUrl":"https:\/\/v2charge.com\/wp-content\/uploads\/2022\/01\/soporte-trydan-2.png"},{"@type":"BreadcrumbList","@id":"https:\/\/v2charge.com\/fr\/support\/screen\/#breadcrumb","itemListElement":[{"@type":"ListItem","position":1,"name":"V2C","item":"https:\/\/v2charge.com\/fr\/"},{"@type":"ListItem","position":2,"name":"Support Area","item":"https:\/\/v2charge.com\/fr\/support\/"},{"@type":"ListItem","position":3,"name":"Support Screen"}]},{"@type":"WebSite","@id":"https:\/\/v2charge.com\/fr\/#website","url":"https:\/\/v2charge.com\/fr\/","name":"V2C","description":"#CargandoElMa\u00f1ana","publisher":{"@id":"https:\/\/v2charge.com\/fr\/#organization"},"potentialAction":[{"@type":"SearchAction","target":{"@type":"EntryPoint","urlTemplate":"https:\/\/v2charge.com\/fr\/?s={search_term_string}"},"query-input":{"@type":"PropertyValueSpecification","valueRequired":true,"valueName":"search_term_string"}}],"inLanguage":"fr-FR"},{"@type":"Organization","@id":"https:\/\/v2charge.com\/fr\/#organization","name":"V2C","url":"https:\/\/v2charge.com\/fr\/","logo":{"@type":"ImageObject","inLanguage":"fr-FR","@id":"https:\/\/v2charge.com\/fr\/#\/schema\/logo\/image\/","url":"https:\/\/v2charge.com\/wp-content\/uploads\/2024\/11\/cropped-v2c-charge-logo-menu.png","contentUrl":"https:\/\/v2charge.com\/wp-content\/uploads\/2024\/11\/cropped-v2c-charge-logo-menu.png","width":984,"height":431,"caption":"V2C"},"image":{"@id":"https:\/\/v2charge.com\/fr\/#\/schema\/logo\/image\/"},"sameAs":["https:\/\/www.facebook.com\/V2C.Charge","https:\/\/x.com\/V2C_Charge","https:\/\/www.instagram.com\/v2c.charge\/","https:\/\/www.youtube.com\/@V2C","https:\/\/www.linkedin.com\/company\/v2c-chargers\/"]}]}},"uagb_featured_image_src":{"full":false,"thumbnail":false,"medium":false,"medium_large":false,"large":false,"gs-tiny":false,"xl":false,"xxl":false,"xxxl":false,"xxxxl":false,"xxxxxl":false,"1536x1536":false,"2048x2048":false},"uagb_author_info":{"display_name":"V2C","author_link":"https:\/\/v2charge.com\/fr\/author\/root_k4eu7ki8\/"},"uagb_comment_info":0,"uagb_excerpt":"Trydan Pole Pro Screen EV Portable V2C Cloud Support | Screen Avez-vous besoin d&rsquo;aide? Questions fr\u00e9quentes Installation et fonctionnement V2C Cloud N&rsquo;avez-vous pas r\u00e9solu vos doutes? Cr\u00e9ez une demande dans le Centre de support technique et nous vous r\u00e9pondrons dans les plus brefs d\u00e9lais.","_links":{"self":[{"href":"https:\/\/v2charge.com\/fr\/wp-json\/wp\/v2\/pages\/75527","targetHints":{"allow":["GET"]}}],"collection":[{"href":"https:\/\/v2charge.com\/fr\/wp-json\/wp\/v2\/pages"}],"about":[{"href":"https:\/\/v2charge.com\/fr\/wp-json\/wp\/v2\/types\/page"}],"author":[{"embeddable":true,"href":"https:\/\/v2charge.com\/fr\/wp-json\/wp\/v2\/users\/1"}],"replies":[{"embeddable":true,"href":"https:\/\/v2charge.com\/fr\/wp-json\/wp\/v2\/comments?post=75527"}],"version-history":[{"count":0,"href":"https:\/\/v2charge.com\/fr\/wp-json\/wp\/v2\/pages\/75527\/revisions"}],"up":[{"embeddable":true,"href":"https:\/\/v2charge.com\/fr\/wp-json\/wp\/v2\/pages\/77761"}],"wp:attachment":[{"href":"https:\/\/v2charge.com\/fr\/wp-json\/wp\/v2\/media?parent=75527"}],"curies":[{"name":"wp","href":"https:\/\/api.w.org\/{rel}","templated":true}]}}