{"id":76284,"date":"2022-02-22T09:03:27","date_gmt":"2022-02-22T09:03:27","guid":{"rendered":"https:\/\/v2charge.com\/soporte\/"},"modified":"2026-01-09T11:31:47","modified_gmt":"2026-01-09T09:31:47","slug":"ev-portable","status":"publish","type":"page","link":"https:\/\/v2charge.com\/fr\/support\/ev-portable\/","title":{"rendered":"Support EV Portable"},"content":{"rendered":"\n<div class=\"wp-block-uagb-container uagb-block-5e6cdfa8 alignfull uagb-is-root-container\"><div class=\"uagb-container-inner-blocks-wrap\">\n<div class=\"wp-block-uagb-container uag-hide-mob uagb-block-6c4dfad9\">\n<figure class=\"wp-block-image size-full\"><a href=\"https:\/\/v2charge.com\/fr\/support\/trydan\/\"><img decoding=\"async\" width=\"75\" height=\"75\" src=\"https:\/\/v2charge.com\/wp-content\/uploads\/2022\/01\/soporte-trydan-2.png\" alt=\"actualizaciones del e-charger trydan\" class=\"wp-image-72846\" srcset=\"https:\/\/v2charge.com\/wp-content\/uploads\/2022\/01\/soporte-trydan-2.png 75w, https:\/\/v2charge.com\/wp-content\/uploads\/2022\/01\/soporte-trydan-2-50x50.png 50w\" sizes=\"(max-width: 75px) 100vw, 75px\" \/><\/a><\/figure>\n\n\n\n<figure class=\"wp-block-image size-full\"><a href=\"https:\/\/v2charge.com\/fr\/support\/pole-pro\/\"><img decoding=\"async\" width=\"75\" height=\"75\" src=\"https:\/\/v2charge.com\/wp-content\/uploads\/2022\/01\/polesupport.png\" alt=\"actualizaciones del e-charger pole\" class=\"wp-image-72874\" srcset=\"https:\/\/v2charge.com\/wp-content\/uploads\/2022\/01\/polesupport.png 75w, https:\/\/v2charge.com\/wp-content\/uploads\/2022\/01\/polesupport-50x50.png 50w\" sizes=\"(max-width: 75px) 100vw, 75px\" \/><\/a><\/figure>\n\n\n\n<figure class=\"wp-block-image size-full\"><a href=\"https:\/\/v2charge.com\/fr\/support\/screen\/\"><img decoding=\"async\" width=\"75\" height=\"75\" src=\"https:\/\/v2charge.com\/wp-content\/uploads\/2022\/01\/screen-support.png\" alt=\"actualizaciones del e-charger screen\" class=\"wp-image-72881\" srcset=\"https:\/\/v2charge.com\/wp-content\/uploads\/2022\/01\/screen-support.png 75w, https:\/\/v2charge.com\/wp-content\/uploads\/2022\/01\/screen-support-50x50.png 50w\" sizes=\"(max-width: 75px) 100vw, 75px\" \/><\/a><\/figure>\n\n\n\n<figure class=\"wp-block-image size-full\"><a href=\"https:\/\/v2charge.com\/fr\/support\/ev-portable\/\"><img decoding=\"async\" width=\"76\" height=\"76\" src=\"https:\/\/v2charge.com\/wp-content\/uploads\/2022\/02\/EVPORTABLE_Icono.png\" alt=\"\" class=\"wp-image-76493\" srcset=\"https:\/\/v2charge.com\/wp-content\/uploads\/2022\/02\/EVPORTABLE_Icono.png 76w, https:\/\/v2charge.com\/wp-content\/uploads\/2022\/02\/EVPORTABLE_Icono-50x50.png 50w\" sizes=\"(max-width: 76px) 100vw, 76px\" \/><\/a><\/figure>\n\n\n\n<figure class=\"wp-block-image size-full is-resized\"><a href=\"https:\/\/v2charge.com\/fr\/support\/v2c-cloud\/\"><img decoding=\"async\" width=\"77\" height=\"77\" src=\"https:\/\/v2charge.com\/wp-content\/uploads\/2022\/06\/v2ccloud.png\" alt=\"actualizaciones de V2C cloud para m\u00f3viles\" class=\"wp-image-79360\" style=\"width:77px;height:77px\" srcset=\"https:\/\/v2charge.com\/wp-content\/uploads\/2022\/06\/v2ccloud.png 77w, https:\/\/v2charge.com\/wp-content\/uploads\/2022\/06\/v2ccloud-50x50.png 50w\" sizes=\"(max-width: 77px) 100vw, 77px\" \/><\/a><\/figure>\n<\/div>\n\n\n\n<div class=\"wp-block-uagb-container uag-hide-mob uagb-block-c5982631\">\n<div class=\"wp-block-uagb-advanced-heading uagb-block-732e27ea\"><p class=\"uagb-heading-text\"><a href=\"https:\/\/v2charge.com\/fr\/support\/trydan\/\">Trydan<\/a><\/p><\/div>\n\n\n\n<div class=\"wp-block-uagb-advanced-heading uagb-block-8cb344eb\"><p class=\"uagb-heading-text\"><a href=\"https:\/\/v2charge.com\/fr\/support\/pole-pro\/\">Pole Pro<\/a><\/p><\/div>\n\n\n\n<div class=\"wp-block-uagb-advanced-heading uagb-block-2974d170\"><p class=\"uagb-heading-text\"><a href=\"https:\/\/v2charge.com\/fr\/support\/screen\/\">Screen<\/a><\/p><\/div>\n\n\n\n<div class=\"wp-block-uagb-advanced-heading uagb-block-a35e9645\"><p class=\"uagb-heading-text\"><a href=\"https:\/\/v2charge.com\/fr\/support\/ev-portable\/\">EV Portable<\/a><\/p><\/div>\n\n\n\n<div class=\"wp-block-uagb-advanced-heading uagb-block-999b92ad\"><p class=\"uagb-heading-text\"><a href=\"https:\/\/v2charge.com\/fr\/support\/v2c-cloud\/\">V2C Cloud<\/a><\/p><\/div>\n<\/div>\n<\/div><\/div>\n\n\n\n<div class=\"wp-block-uagb-container uagb-block-caa9eb4c alignfull uagb-is-root-container\"><div class=\"uagb-container-inner-blocks-wrap\">\n<div class=\"wp-block-uagb-advanced-heading uagb-block-c08988e2\"><h1 class=\"uagb-heading-text\"><strong>Support | EV Portable<\/strong><\/h1><\/div>\n<\/div><\/div>\n\n\n\n<div class=\"wp-block-uagb-container uagb-block-26bd3ed1 alignfull uagb-is-root-container\"><div class=\"uagb-container-inner-blocks-wrap\">\n<div class=\"wp-block-uagb-info-box uagb-block-8c4d2e0f uagb-infobox__content-wrap  uagb-infobox_cta-type-all uagb-infobox-icon-above-title uagb-infobox-image-valign-top\"><a href=\"https:\/\/v2charge.com\/wp-content\/uploads\/2023\/09\/fiche-technique-ev-portable.pdf\" class=\"uagb-infobox-link-wrap uagb-infbox__link-to-all\" target=\"_self\" aria-label=\"Infobox Link\" rel=\"noopener noreferrer\" onclick=\"return true;\"><\/a><div class=\"uagb-ifb-content\"><div class=\"uagb-ifb-image-content\"><img decoding=\"async\" src=\"https:\/\/v2charge.com\/wp-content\/uploads\/2022\/01\/sheet.svg\" width=\"33\" height=\"32\" loading=\"lazy\"\/><\/div><div class=\"uagb-ifb-title-wrap\"><h3 class=\"uagb-ifb-title\">Fiche technique<\/h3><\/div><p class=\"uagb-ifb-desc\">Caract\u00e9ristiques g\u00e9n\u00e9rales, fonctionnelles, \u00e9lectriques, composition du num\u00e9ro de produit et dimensions.<\/p><div class=\"uagb-ifb-button-wrapper wp-block-button\"><\/div><\/div><\/div>\n\n\n\n<div class=\"wp-block-uagb-info-box uagb-block-aaaf8118 uagb-infobox__content-wrap  uagb-infobox_cta-type-all uagb-infobox-icon-above-title uagb-infobox-image-valign-top\"><a href=\"https:\/\/v2charge.com\/wp-content\/uploads\/2022\/02\/Catalogue-EV-PORTABLE.pdf\" class=\"uagb-infobox-link-wrap uagb-infbox__link-to-all\" target=\"_self\" aria-label=\"Infobox Link\" rel=\"noopener noreferrer\" onclick=\"return true;\"><\/a><div class=\"uagb-ifb-content\"><div class=\"uagb-ifb-image-content\"><img decoding=\"async\" src=\"https:\/\/v2charge.com\/wp-content\/uploads\/2022\/01\/catalogos.svg\" alt=\"\" width=\"33\" height=\"32\" loading=\"lazy\"\/><\/div><div class=\"uagb-ifb-title-wrap\"><h3 class=\"uagb-ifb-title\">Catalogue<\/h3><\/div><p class=\"uagb-ifb-desc\">Pr\u00e9sentation de l\u2019unique e-Charger EV Portable: attributs et avantages.<\/p><div class=\"uagb-ifb-button-wrapper wp-block-button\"><\/div><\/div><\/div>\n\n\n\n<div class=\"wp-block-uagb-info-box uagb-block-5e361ebf uagb-infobox__content-wrap  uagb-infobox_cta-type-all uagb-infobox-icon-above-title uagb-infobox-image-valign-top\"><a href=\"https:\/\/v2charge.com\/wp-content\/uploads\/2022\/02\/EV-portable-ENG-V2C.pdf\" class=\"uagb-infobox-link-wrap uagb-infbox__link-to-all\" target=\"_self\" aria-label=\"Infobox Link\" rel=\"noopener noreferrer\" onclick=\"return true;\"><\/a><div class=\"uagb-ifb-content\"><div class=\"uagb-ifb-image-content\"><img decoding=\"async\" src=\"https:\/\/v2charge.com\/wp-content\/uploads\/2022\/01\/installation-manual.svg\" alt=\"\" width=\"33\" height=\"33\" loading=\"lazy\"\/><\/div><div class=\"uagb-ifb-title-wrap\"><h3 class=\"uagb-ifb-title\">Manuel d\u2019installation<\/h3><\/div><p class=\"uagb-ifb-desc\">\u00c9tapes \u00e0 suivre pour r\u00e9aliser une installation et une configuration correctes de l\u2019e-Charger.<\/p><div class=\"uagb-ifb-button-wrapper wp-block-button\"><\/div><\/div><\/div>\n<\/div><\/div>\n\n\n\n<div class=\"wp-block-uagb-container uagb-block-feec02ab alignfull uagb-is-root-container\"><div class=\"uagb-container-inner-blocks-wrap\">\n<div class=\"wp-block-uagb-advanced-heading uagb-block-4466f166\"><h2 class=\"uagb-heading-text\">Avez-vous besoin d&rsquo;aide?<\/h2><\/div>\n\n\n<form role=\"search\" method=\"get\" action=\"https:\/\/v2charge.com\/fr\/\" class=\"wp-block-search__button-outside wp-block-search__text-button aligncenter wp-block-search\"    ><label class=\"wp-block-search__label screen-reader-text\" for=\"wp-block-search__input-1\" >Buscar<\/label><div class=\"wp-block-search__inside-wrapper\"  style=\"width: 412px\"><input class=\"wp-block-search__input\" id=\"wp-block-search__input-1\" placeholder=\"\" value=\"\" type=\"search\" name=\"s\" required \/><button aria-label=\"Recherche\" class=\"wp-block-search__button has-text-color has-base-3-color has-background has-contrast-background-color wp-element-button\" type=\"submit\" >Recherche<\/button><\/div><\/form><\/div><\/div>\n\n\n\n<div class=\"wp-block-uagb-container uagb-block-c6f38013 alignfull uagb-is-root-container\"><div class=\"uagb-container-inner-blocks-wrap\">\n<div class=\"wp-block-uagb-advanced-heading uagb-block-6963d70c\"><h2 class=\"uagb-heading-text\"><strong>Vous avez besoin d\u2019assistance technique ?<\/strong><\/h2><\/div>\n\n\n\n<div class=\"wp-block-uagb-advanced-heading uagb-block-408243eb\"><p class=\"uagb-heading-text\">R\u00e9solvez votre probl\u00e8me instantan\u00e9ment gr\u00e2ce \u00e0 notre <strong>chat avec IA<\/strong>. Si celui-ci ne peut pas le r\u00e9soudre, cr\u00e9ez une demande dans le <strong>Centre d\u2019assistance technique<\/strong> et nous vous contacterons dans les plus brefs d\u00e9lais afin de vous proposer la meilleure solution.<\/p><\/div>\n\n\n\n<div class=\"wp-block-uagb-info-box uagb-block-12e3cf1c uagb-infobox__content-wrap  uagb-infobox-icon-left uagb-infobox-left uagb-infobox-image-valign-top wp-block-uagb-info-box--has-margin ai-chatbot-button\"><div class=\"uagb-infobox-margin-wrapper\"><div class=\"uagb-ifb-image-content\"><img decoding=\"async\" src=\"https:\/\/v2charge.com\/wp-content\/uploads\/2026\/01\/support-ai-chatbot.png\" alt=\"\" width=\"20\" height=\"19\" loading=\"lazy\"\/><\/div><div class=\"uagb-ifb-content\"><div class=\"uagb-ifb-title-wrap\"><\/div><div class=\"uagb-ifb-button-wrapper wp-block-button\"><a href=\"https:\/\/v2charge.com\/v2c-support-web\/\" class=\"uagb-infobox-cta-link wp-block-button__link\" target=\"_blank\" rel=\"noopener noreferrer\" onclick=\"return true;\"><span class=\"uagb-inline-editing\">Poser une question \u00e0 notre chat IA<\/span><\/a><\/div><\/div><\/div><\/div>\n\n\n\n<div class=\"wp-block-uagb-buttons uagb-buttons__outer-wrap uagb-btn__default-btn uagb-btn-tablet__default-btn uagb-btn-mobile__default-btn uagb-block-ba1e67d1\"><div class=\"uagb-buttons__wrap uagb-buttons-layout-wrap \">\n<div class=\"wp-block-uagb-buttons-child uagb-buttons__outer-wrap uagb-block-23cfb623 wp-block-button\"><div class=\"uagb-button__wrapper\"><a class=\"uagb-buttons-repeater wp-block-button__link\" aria-label=\"\" href=\"https:\/\/v2charge.atlassian.net\/servicedesk\/customer\/portal\/3\" rel=\"follow noopener\" target=\"_blank\" role=\"button\"><div class=\"uagb-button__link\">Contacter le support technique<\/div><\/a><\/div><\/div>\n<\/div><\/div>\n<\/div><\/div>\n","protected":false},"excerpt":{"rendered":"<p>Trydan Pole Pro Screen EV Portable V2C Cloud Support | EV Portable Avez-vous besoin d&rsquo;aide? Vous avez besoin d\u2019assistance technique ? R\u00e9solvez votre probl\u00e8me instantan\u00e9ment gr\u00e2ce \u00e0 notre chat avec IA. Si celui-ci ne peut pas le r\u00e9soudre, cr\u00e9ez une demande dans le Centre d\u2019assistance technique et nous vous contacterons dans les plus brefs d\u00e9lais &#8230; <a title=\"Support EV Portable\" class=\"read-more\" href=\"https:\/\/v2charge.com\/fr\/support\/ev-portable\/\" aria-label=\"Read more about Support EV Portable\">Lire la suite<\/a><\/p>\n","protected":false},"author":1,"featured_media":170349,"parent":77761,"menu_order":0,"comment_status":"closed","ping_status":"closed","template":"","meta":{"_eb_attr":"","content-type":"","_uag_custom_page_level_css":"","footnotes":""},"class_list":["post-76284","page","type-page","status-publish","has-post-thumbnail"],"yoast_head":"<!-- This site is optimized with the Yoast SEO plugin v25.3.1 - https:\/\/yoast.com\/wordpress\/plugins\/seo\/ -->\n<title>EV Portable Support Area \u27a4 e-Chargeur portable - V2C \u00ae<\/title>\n<meta name=\"description\" content=\"Consultez toutes les informations relatives \u00e0 votre chargeur portable de voiture \u00e9lectrique. Caract\u00e9ristiques techniques, manuel d&#039;installation et prix.\" \/>\n<meta name=\"robots\" content=\"index, follow, max-snippet:-1, max-image-preview:large, max-video-preview:-1\" \/>\n<link rel=\"canonical\" href=\"https:\/\/v2charge.com\/fr\/support\/ev-portable\/\" \/>\n<meta property=\"og:locale\" content=\"fr_FR\" \/>\n<meta property=\"og:type\" content=\"article\" \/>\n<meta property=\"og:title\" content=\"EV Portable Support Area \u27a4 e-Chargeur portable - V2C \u00ae\" \/>\n<meta property=\"og:description\" content=\"Consultez toutes les informations relatives \u00e0 votre chargeur portable de voiture \u00e9lectrique. Caract\u00e9ristiques techniques, manuel d&#039;installation et prix.\" \/>\n<meta property=\"og:url\" content=\"https:\/\/v2charge.com\/fr\/support\/ev-portable\/\" \/>\n<meta property=\"og:site_name\" content=\"V2C\" \/>\n<meta property=\"article:publisher\" content=\"https:\/\/www.facebook.com\/V2C.Charge\" \/>\n<meta property=\"article:modified_time\" content=\"2026-01-09T09:31:47+00:00\" \/>\n<meta property=\"og:image\" content=\"https:\/\/v2charge.com\/wp-content\/uploads\/2024\/07\/v2c-electric-chargers.jpg\" \/>\n\t<meta property=\"og:image:width\" content=\"1200\" \/>\n\t<meta property=\"og:image:height\" content=\"675\" \/>\n\t<meta property=\"og:image:type\" content=\"image\/jpeg\" \/>\n<meta name=\"twitter:card\" content=\"summary_large_image\" \/>\n<meta name=\"twitter:site\" content=\"@V2C_Charge\" \/>\n<meta name=\"twitter:label1\" content=\"Dur\u00e9e de lecture estim\u00e9e\" \/>\n\t<meta name=\"twitter:data1\" content=\"3 minutes\" \/>\n<script type=\"application\/ld+json\" class=\"yoast-schema-graph\">{\"@context\":\"https:\/\/schema.org\",\"@graph\":[{\"@type\":\"WebPage\",\"@id\":\"https:\/\/v2charge.com\/fr\/support\/ev-portable\/\",\"url\":\"https:\/\/v2charge.com\/fr\/support\/ev-portable\/\",\"name\":\"EV Portable Support Area \u27a4 e-Chargeur portable - V2C \u00ae\",\"isPartOf\":{\"@id\":\"https:\/\/v2charge.com\/fr\/#website\"},\"primaryImageOfPage\":{\"@id\":\"https:\/\/v2charge.com\/fr\/support\/ev-portable\/#primaryimage\"},\"image\":{\"@id\":\"https:\/\/v2charge.com\/fr\/support\/ev-portable\/#primaryimage\"},\"thumbnailUrl\":\"https:\/\/v2charge.com\/wp-content\/uploads\/2024\/07\/v2c-electric-chargers.jpg\",\"datePublished\":\"2022-02-22T09:03:27+00:00\",\"dateModified\":\"2026-01-09T09:31:47+00:00\",\"description\":\"Consultez toutes les informations relatives \u00e0 votre chargeur portable de voiture \u00e9lectrique. Caract\u00e9ristiques techniques, manuel d'installation et prix.\",\"breadcrumb\":{\"@id\":\"https:\/\/v2charge.com\/fr\/support\/ev-portable\/#breadcrumb\"},\"inLanguage\":\"fr-FR\",\"potentialAction\":[{\"@type\":\"ReadAction\",\"target\":[\"https:\/\/v2charge.com\/fr\/support\/ev-portable\/\"]}]},{\"@type\":\"ImageObject\",\"inLanguage\":\"fr-FR\",\"@id\":\"https:\/\/v2charge.com\/fr\/support\/ev-portable\/#primaryimage\",\"url\":\"https:\/\/v2charge.com\/wp-content\/uploads\/2024\/07\/v2c-electric-chargers.jpg\",\"contentUrl\":\"https:\/\/v2charge.com\/wp-content\/uploads\/2024\/07\/v2c-electric-chargers.jpg\",\"width\":1200,\"height\":675,\"caption\":\"V2C Electric Chargers\"},{\"@type\":\"BreadcrumbList\",\"@id\":\"https:\/\/v2charge.com\/fr\/support\/ev-portable\/#breadcrumb\",\"itemListElement\":[{\"@type\":\"ListItem\",\"position\":1,\"name\":\"V2C\",\"item\":\"https:\/\/v2charge.com\/fr\/\"},{\"@type\":\"ListItem\",\"position\":2,\"name\":\"Support Area\",\"item\":\"https:\/\/v2charge.com\/fr\/support\/\"},{\"@type\":\"ListItem\",\"position\":3,\"name\":\"Support EV Portable\"}]},{\"@type\":\"WebSite\",\"@id\":\"https:\/\/v2charge.com\/fr\/#website\",\"url\":\"https:\/\/v2charge.com\/fr\/\",\"name\":\"V2C\",\"description\":\"#CargandoElMa\u00f1ana\",\"publisher\":{\"@id\":\"https:\/\/v2charge.com\/fr\/#organization\"},\"potentialAction\":[{\"@type\":\"SearchAction\",\"target\":{\"@type\":\"EntryPoint\",\"urlTemplate\":\"https:\/\/v2charge.com\/fr\/?s={search_term_string}\"},\"query-input\":{\"@type\":\"PropertyValueSpecification\",\"valueRequired\":true,\"valueName\":\"search_term_string\"}}],\"inLanguage\":\"fr-FR\"},{\"@type\":\"Organization\",\"@id\":\"https:\/\/v2charge.com\/fr\/#organization\",\"name\":\"V2C\",\"url\":\"https:\/\/v2charge.com\/fr\/\",\"logo\":{\"@type\":\"ImageObject\",\"inLanguage\":\"fr-FR\",\"@id\":\"https:\/\/v2charge.com\/fr\/#\/schema\/logo\/image\/\",\"url\":\"https:\/\/v2charge.com\/wp-content\/uploads\/2024\/11\/cropped-v2c-charge-logo-menu.png\",\"contentUrl\":\"https:\/\/v2charge.com\/wp-content\/uploads\/2024\/11\/cropped-v2c-charge-logo-menu.png\",\"width\":984,\"height\":431,\"caption\":\"V2C\"},\"image\":{\"@id\":\"https:\/\/v2charge.com\/fr\/#\/schema\/logo\/image\/\"},\"sameAs\":[\"https:\/\/www.facebook.com\/V2C.Charge\",\"https:\/\/x.com\/V2C_Charge\",\"https:\/\/www.instagram.com\/v2c.charge\/\",\"https:\/\/www.youtube.com\/@V2C\",\"https:\/\/www.linkedin.com\/company\/v2c-chargers\/\"]}]}<\/script>\n<!-- \/ Yoast SEO plugin. -->","yoast_head_json":{"title":"EV Portable Support Area \u27a4 e-Chargeur portable - V2C \u00ae","description":"Consultez toutes les informations relatives \u00e0 votre chargeur portable de voiture \u00e9lectrique. Caract\u00e9ristiques techniques, manuel d'installation et prix.","robots":{"index":"index","follow":"follow","max-snippet":"max-snippet:-1","max-image-preview":"max-image-preview:large","max-video-preview":"max-video-preview:-1"},"canonical":"https:\/\/v2charge.com\/fr\/support\/ev-portable\/","og_locale":"fr_FR","og_type":"article","og_title":"EV Portable Support Area \u27a4 e-Chargeur portable - V2C \u00ae","og_description":"Consultez toutes les informations relatives \u00e0 votre chargeur portable de voiture \u00e9lectrique. Caract\u00e9ristiques techniques, manuel d'installation et prix.","og_url":"https:\/\/v2charge.com\/fr\/support\/ev-portable\/","og_site_name":"V2C","article_publisher":"https:\/\/www.facebook.com\/V2C.Charge","article_modified_time":"2026-01-09T09:31:47+00:00","og_image":[{"width":1200,"height":675,"url":"https:\/\/v2charge.com\/wp-content\/uploads\/2024\/07\/v2c-electric-chargers.jpg","type":"image\/jpeg"}],"twitter_card":"summary_large_image","twitter_site":"@V2C_Charge","twitter_misc":{"Dur\u00e9e de lecture estim\u00e9e":"3 minutes"},"schema":{"@context":"https:\/\/schema.org","@graph":[{"@type":"WebPage","@id":"https:\/\/v2charge.com\/fr\/support\/ev-portable\/","url":"https:\/\/v2charge.com\/fr\/support\/ev-portable\/","name":"EV Portable Support Area \u27a4 e-Chargeur portable - V2C \u00ae","isPartOf":{"@id":"https:\/\/v2charge.com\/fr\/#website"},"primaryImageOfPage":{"@id":"https:\/\/v2charge.com\/fr\/support\/ev-portable\/#primaryimage"},"image":{"@id":"https:\/\/v2charge.com\/fr\/support\/ev-portable\/#primaryimage"},"thumbnailUrl":"https:\/\/v2charge.com\/wp-content\/uploads\/2024\/07\/v2c-electric-chargers.jpg","datePublished":"2022-02-22T09:03:27+00:00","dateModified":"2026-01-09T09:31:47+00:00","description":"Consultez toutes les informations relatives \u00e0 votre chargeur portable de voiture \u00e9lectrique. Caract\u00e9ristiques techniques, manuel d'installation et prix.","breadcrumb":{"@id":"https:\/\/v2charge.com\/fr\/support\/ev-portable\/#breadcrumb"},"inLanguage":"fr-FR","potentialAction":[{"@type":"ReadAction","target":["https:\/\/v2charge.com\/fr\/support\/ev-portable\/"]}]},{"@type":"ImageObject","inLanguage":"fr-FR","@id":"https:\/\/v2charge.com\/fr\/support\/ev-portable\/#primaryimage","url":"https:\/\/v2charge.com\/wp-content\/uploads\/2024\/07\/v2c-electric-chargers.jpg","contentUrl":"https:\/\/v2charge.com\/wp-content\/uploads\/2024\/07\/v2c-electric-chargers.jpg","width":1200,"height":675,"caption":"V2C Electric Chargers"},{"@type":"BreadcrumbList","@id":"https:\/\/v2charge.com\/fr\/support\/ev-portable\/#breadcrumb","itemListElement":[{"@type":"ListItem","position":1,"name":"V2C","item":"https:\/\/v2charge.com\/fr\/"},{"@type":"ListItem","position":2,"name":"Support Area","item":"https:\/\/v2charge.com\/fr\/support\/"},{"@type":"ListItem","position":3,"name":"Support EV Portable"}]},{"@type":"WebSite","@id":"https:\/\/v2charge.com\/fr\/#website","url":"https:\/\/v2charge.com\/fr\/","name":"V2C","description":"#CargandoElMa\u00f1ana","publisher":{"@id":"https:\/\/v2charge.com\/fr\/#organization"},"potentialAction":[{"@type":"SearchAction","target":{"@type":"EntryPoint","urlTemplate":"https:\/\/v2charge.com\/fr\/?s={search_term_string}"},"query-input":{"@type":"PropertyValueSpecification","valueRequired":true,"valueName":"search_term_string"}}],"inLanguage":"fr-FR"},{"@type":"Organization","@id":"https:\/\/v2charge.com\/fr\/#organization","name":"V2C","url":"https:\/\/v2charge.com\/fr\/","logo":{"@type":"ImageObject","inLanguage":"fr-FR","@id":"https:\/\/v2charge.com\/fr\/#\/schema\/logo\/image\/","url":"https:\/\/v2charge.com\/wp-content\/uploads\/2024\/11\/cropped-v2c-charge-logo-menu.png","contentUrl":"https:\/\/v2charge.com\/wp-content\/uploads\/2024\/11\/cropped-v2c-charge-logo-menu.png","width":984,"height":431,"caption":"V2C"},"image":{"@id":"https:\/\/v2charge.com\/fr\/#\/schema\/logo\/image\/"},"sameAs":["https:\/\/www.facebook.com\/V2C.Charge","https:\/\/x.com\/V2C_Charge","https:\/\/www.instagram.com\/v2c.charge\/","https:\/\/www.youtube.com\/@V2C","https:\/\/www.linkedin.com\/company\/v2c-chargers\/"]}]}},"uagb_featured_image_src":{"full":["https:\/\/v2charge.com\/wp-content\/uploads\/2024\/07\/v2c-electric-chargers.jpg",1200,675,false],"thumbnail":["https:\/\/v2charge.com\/wp-content\/uploads\/2024\/07\/v2c-electric-chargers-150x150.jpg",150,150,true],"medium":["https:\/\/v2charge.com\/wp-content\/uploads\/2024\/07\/v2c-electric-chargers-300x169.jpg",300,169,true],"medium_large":["https:\/\/v2charge.com\/wp-content\/uploads\/2024\/07\/v2c-electric-chargers-768x432.jpg",768,432,true],"large":["https:\/\/v2charge.com\/wp-content\/uploads\/2024\/07\/v2c-electric-chargers-1024x576.jpg",1024,576,true],"gs-tiny":["https:\/\/v2charge.com\/wp-content\/uploads\/2024\/07\/v2c-electric-chargers.jpg",50,28,false],"xl":["https:\/\/v2charge.com\/wp-content\/uploads\/2024\/07\/v2c-electric-chargers.jpg",1200,675,false],"xxl":["https:\/\/v2charge.com\/wp-content\/uploads\/2024\/07\/v2c-electric-chargers.jpg",1200,675,false],"xxxl":["https:\/\/v2charge.com\/wp-content\/uploads\/2024\/07\/v2c-electric-chargers.jpg",1200,675,false],"xxxxl":["https:\/\/v2charge.com\/wp-content\/uploads\/2024\/07\/v2c-electric-chargers.jpg",1200,675,false],"xxxxxl":["https:\/\/v2charge.com\/wp-content\/uploads\/2024\/07\/v2c-electric-chargers.jpg",1200,675,false],"1536x1536":["https:\/\/v2charge.com\/wp-content\/uploads\/2024\/07\/v2c-electric-chargers.jpg",1200,675,false],"2048x2048":["https:\/\/v2charge.com\/wp-content\/uploads\/2024\/07\/v2c-electric-chargers.jpg",1200,675,false]},"uagb_author_info":{"display_name":"V2C","author_link":"https:\/\/v2charge.com\/fr\/author\/root_k4eu7ki8\/"},"uagb_comment_info":0,"uagb_excerpt":"Trydan Pole Pro Screen EV Portable V2C Cloud Support | EV Portable Avez-vous besoin d&rsquo;aide? Vous avez besoin d\u2019assistance technique ? R\u00e9solvez votre probl\u00e8me instantan\u00e9ment gr\u00e2ce \u00e0 notre chat avec IA. Si celui-ci ne peut pas le r\u00e9soudre, cr\u00e9ez une demande dans le Centre d\u2019assistance technique et nous vous contacterons dans les plus brefs d\u00e9lais\u2026","_links":{"self":[{"href":"https:\/\/v2charge.com\/fr\/wp-json\/wp\/v2\/pages\/76284","targetHints":{"allow":["GET"]}}],"collection":[{"href":"https:\/\/v2charge.com\/fr\/wp-json\/wp\/v2\/pages"}],"about":[{"href":"https:\/\/v2charge.com\/fr\/wp-json\/wp\/v2\/types\/page"}],"author":[{"embeddable":true,"href":"https:\/\/v2charge.com\/fr\/wp-json\/wp\/v2\/users\/1"}],"replies":[{"embeddable":true,"href":"https:\/\/v2charge.com\/fr\/wp-json\/wp\/v2\/comments?post=76284"}],"version-history":[{"count":1,"href":"https:\/\/v2charge.com\/fr\/wp-json\/wp\/v2\/pages\/76284\/revisions"}],"predecessor-version":[{"id":294511,"href":"https:\/\/v2charge.com\/fr\/wp-json\/wp\/v2\/pages\/76284\/revisions\/294511"}],"up":[{"embeddable":true,"href":"https:\/\/v2charge.com\/fr\/wp-json\/wp\/v2\/pages\/77761"}],"wp:featuredmedia":[{"embeddable":true,"href":"https:\/\/v2charge.com\/fr\/wp-json\/wp\/v2\/media\/170349"}],"wp:attachment":[{"href":"https:\/\/v2charge.com\/fr\/wp-json\/wp\/v2\/media?parent=76284"}],"curies":[{"name":"wp","href":"https:\/\/api.w.org\/{rel}","templated":true}]}}