{"id":76844,"date":"2021-12-31T11:13:03","date_gmt":"2021-12-31T11:13:03","guid":{"rendered":"https:\/\/v2charge.com\/como-crear-una-cuenta-en-v2c-cloud\/"},"modified":"2023-06-13T10:46:18","modified_gmt":"2023-06-13T10:46:18","slug":"comment-creez-un-compte-v2c-cloud","status":"publish","type":"page","link":"https:\/\/v2charge.com\/fr\/comment-creez-un-compte-v2c-cloud\/","title":{"rendered":"Comment cr\u00e9er un compte V2C Cloud ?"},"content":{"rendered":"<h1>Comment cr\u00e9er un compte V2C Cloud ?<\/h1>\n\n\n<h3 class=\"wp-block-heading\">Depuis l&rsquo;application<\/h3>\n\n\n\n<p>T\u00e9l\u00e9chargez l&rsquo;<a href=\"https:\/\/v2charge.com\/fr\/v2c-cloud\/\">App depuis votre boutique d&rsquo;application<\/a>. Une fois t\u00e9l\u00e9charg\u00e9e, vous allez entrer sur cette page web: <\/p>\n\n\n\n<figure><img decoding=\"async\" src=\"https:\/\/v2charge.com\/wp-content\/uploads\/2021\/12\/Screenshot_2021-12-31-11-39-59-680_com.v2charge.app_iphone12black_portrait-542x1024.png\" alt=\"\" width=\"271\" height=\"512\"\/><\/figure>\n\n\n\n<p>Modes d&rsquo;acc\u00e8s:<\/p>\n\n\n\n<ul class=\"wp-block-list\"><li>Avec une adresse mail<\/li><li>Avec un compte Google<\/li><li>Avec votre compte Apple (disponible seulement pour les utilisateurs Iphone).<\/li><\/ul>\n\n\n\n<p>Pour cr\u00e9er votre compte avec Google ou Apple, cliquez sur le bouton et suivez les instructions.<\/p>\n\n\n\n<p>Pour cr\u00e9er votre compte avec une adresse mail, cliquez sur le bouton \u00ab\u00a0S&rsquo;inscrire ici\u00a0\u00bb:<\/p>\n\n\n\n<p>Compl\u00e9tez les donn\u00e9es suivantes:<\/p>\n\n\n\n<figure><img decoding=\"async\" src=\"https:\/\/v2charge.com\/wp-content\/uploads\/2021\/12\/introduccion-de-correo-v2c-cloud-542x1024.png\" alt=\"\" width=\"271\"\/><\/figure>\n\n\n\n<p>Une fois inscrit, vous recevrez un email de confirmation. N&rsquo;h\u00e9sitez pas \u00e0 v\u00e9rifier vos spams si vous ne le recevez pas. Vous ne pourrez pas acc\u00e9der \u00e0 l&rsquo;\u00e9tape suivante sans cet email. Si vous ne pouvez pas vous inscrire avec cette adresse mail parce qu&rsquo;elle a d\u00e9j\u00e0 \u00e9t\u00e9 utilis\u00e9e, utilisez la fonction de r\u00e9cup\u00e9ration de mot de passe.<\/p>\n\n\n\n<blockquote class=\"is-layout-flow wp-block-quote-is-layout-flow\"><p>Vous ne pouvez pas cr\u00e9er de compte sans connexion Internet.<\/p><\/blockquote>\n\n\n\n<h3 class=\"wp-block-heading\">Depuis un ordinateur<\/h3>\n\n\n\n<p>Allez sur le site web <a href=\"https:\/\/v2c.cloud\/\" target=\"_blank\" rel=\"noreferrer noopener\">www.v2c.cloud<\/a><\/p>\n\n\n\n<figure><img decoding=\"async\" src=\"https:\/\/v2charge.com\/wp-content\/uploads\/2021\/12\/Captura_imac2013_front-1024x1024.png\" alt=\"\" width=\"768\" height=\"768\"\/><\/figure>\n\n\n\n<p>Comme la version mobile, vous pouvez vous inscrire avec Google, un ID Apple ou avec une adresse mail. Pour cr\u00e9er un compte par une adresse mail, cliquez sur la section d&rsquo;inscription et vous entrerez sur une page web comme celle-ci:<\/p>\n\n\n\n<figure><img decoding=\"async\" src=\"https:\/\/v2charge.com\/wp-content\/uploads\/2021\/12\/ordenador-v2c-cloud-crear-cuenta-1024x1024.png\" alt=\"punto de recarga acceso login cloud v2c\" width=\"768\" height=\"768\"\/><\/figure>\n\n\n\n<p>Cr\u00e9ez un compte et nous vous enverrons un email pour confirmer votre inscription.<\/p>\n","protected":false},"excerpt":{"rendered":"<p>Comment cr\u00e9er un compte V2C Cloud ? Depuis l&rsquo;application T\u00e9l\u00e9chargez l&rsquo;App depuis votre boutique d&rsquo;application. Une fois t\u00e9l\u00e9charg\u00e9e, vous allez entrer sur cette page web: Modes d&rsquo;acc\u00e8s: Avec une adresse mail Avec un compte Google Avec votre compte Apple (disponible seulement pour les utilisateurs Iphone). Pour cr\u00e9er votre compte avec Google ou Apple, cliquez sur &#8230; <a title=\"Comment cr\u00e9er un compte V2C Cloud ?\" class=\"read-more\" href=\"https:\/\/v2charge.com\/fr\/comment-creez-un-compte-v2c-cloud\/\" aria-label=\"Read more about Comment cr\u00e9er un compte V2C Cloud ?\">Lire la suite<\/a><\/p>\n","protected":false},"author":1,"featured_media":170349,"parent":0,"menu_order":0,"comment_status":"closed","ping_status":"closed","template":"","meta":{"_eb_attr":"","content-type":"","_uag_custom_page_level_css":"","footnotes":""},"class_list":["post-76844","page","type-page","status-publish","has-post-thumbnail"],"yoast_head":"<!-- This site is optimized with the Yoast SEO plugin v25.3.1 - https:\/\/yoast.com\/wordpress\/plugins\/seo\/ -->\n<title>Comment cr\u00e9er un compte V2C Cloud ? L&#039;application V2C<\/title>\n<meta name=\"description\" content=\"Si vous avez rejoint le voyage de l&#039;e-mobilit\u00e9, vous devriez installer V2C Cloud. Nous vous expliquons comment cr\u00e9er un compte pour contr\u00f4ler votre e-Charger.\" \/>\n<meta name=\"robots\" content=\"index, follow, max-snippet:-1, max-image-preview:large, max-video-preview:-1\" \/>\n<link rel=\"canonical\" href=\"https:\/\/v2charge.com\/fr\/comment-creez-un-compte-v2c-cloud\/\" \/>\n<meta property=\"og:locale\" content=\"fr_FR\" \/>\n<meta property=\"og:type\" content=\"article\" \/>\n<meta property=\"og:title\" content=\"Comment cr\u00e9er un compte V2C Cloud ? L&#039;application V2C\" \/>\n<meta property=\"og:description\" content=\"Si vous avez rejoint le voyage de l&#039;e-mobilit\u00e9, vous devriez installer V2C Cloud. Nous vous expliquons comment cr\u00e9er un compte pour contr\u00f4ler votre e-Charger.\" \/>\n<meta property=\"og:url\" content=\"https:\/\/v2charge.com\/fr\/comment-creez-un-compte-v2c-cloud\/\" \/>\n<meta property=\"og:site_name\" content=\"V2C\" \/>\n<meta property=\"article:publisher\" content=\"https:\/\/www.facebook.com\/V2C.Charge\" \/>\n<meta property=\"article:modified_time\" content=\"2023-06-13T10:46:18+00:00\" \/>\n<meta property=\"og:image\" content=\"https:\/\/v2charge.com\/wp-content\/uploads\/2021\/12\/Screenshot_2021-12-31-11-39-59-680_com.v2charge.app_iphone12black_portrait-542x1024.png\" \/>\n<meta name=\"twitter:card\" content=\"summary_large_image\" \/>\n<meta name=\"twitter:site\" content=\"@V2C_Charge\" \/>\n<meta name=\"twitter:label1\" content=\"Dur\u00e9e de lecture estim\u00e9e\" \/>\n\t<meta name=\"twitter:data1\" content=\"2 minutes\" \/>\n<script type=\"application\/ld+json\" class=\"yoast-schema-graph\">{\"@context\":\"https:\/\/schema.org\",\"@graph\":[{\"@type\":\"WebPage\",\"@id\":\"https:\/\/v2charge.com\/fr\/comment-creez-un-compte-v2c-cloud\/\",\"url\":\"https:\/\/v2charge.com\/fr\/comment-creez-un-compte-v2c-cloud\/\",\"name\":\"Comment cr\u00e9er un compte V2C Cloud ? L'application V2C\",\"isPartOf\":{\"@id\":\"https:\/\/v2charge.com\/fr\/#website\"},\"primaryImageOfPage\":{\"@id\":\"https:\/\/v2charge.com\/fr\/comment-creez-un-compte-v2c-cloud\/#primaryimage\"},\"image\":{\"@id\":\"https:\/\/v2charge.com\/fr\/comment-creez-un-compte-v2c-cloud\/#primaryimage\"},\"thumbnailUrl\":\"https:\/\/v2charge.com\/wp-content\/uploads\/2024\/07\/v2c-electric-chargers.jpg\",\"datePublished\":\"2021-12-31T11:13:03+00:00\",\"dateModified\":\"2023-06-13T10:46:18+00:00\",\"description\":\"Si vous avez rejoint le voyage de l'e-mobilit\u00e9, vous devriez installer V2C Cloud. Nous vous expliquons comment cr\u00e9er un compte pour contr\u00f4ler votre e-Charger.\",\"breadcrumb\":{\"@id\":\"https:\/\/v2charge.com\/fr\/comment-creez-un-compte-v2c-cloud\/#breadcrumb\"},\"inLanguage\":\"fr-FR\",\"potentialAction\":[{\"@type\":\"ReadAction\",\"target\":[\"https:\/\/v2charge.com\/fr\/comment-creez-un-compte-v2c-cloud\/\"]}]},{\"@type\":\"ImageObject\",\"inLanguage\":\"fr-FR\",\"@id\":\"https:\/\/v2charge.com\/fr\/comment-creez-un-compte-v2c-cloud\/#primaryimage\",\"url\":\"https:\/\/v2charge.com\/wp-content\/uploads\/2024\/07\/v2c-electric-chargers.jpg\",\"contentUrl\":\"https:\/\/v2charge.com\/wp-content\/uploads\/2024\/07\/v2c-electric-chargers.jpg\",\"width\":1200,\"height\":675,\"caption\":\"V2C Electric Chargers\"},{\"@type\":\"BreadcrumbList\",\"@id\":\"https:\/\/v2charge.com\/fr\/comment-creez-un-compte-v2c-cloud\/#breadcrumb\",\"itemListElement\":[{\"@type\":\"ListItem\",\"position\":1,\"name\":\"V2C\",\"item\":\"https:\/\/v2charge.com\/fr\/\"},{\"@type\":\"ListItem\",\"position\":2,\"name\":\"Comment cr\u00e9er un compte V2C Cloud ?\"}]},{\"@type\":\"WebSite\",\"@id\":\"https:\/\/v2charge.com\/fr\/#website\",\"url\":\"https:\/\/v2charge.com\/fr\/\",\"name\":\"V2C\",\"description\":\"#CargandoElMa\u00f1ana\",\"publisher\":{\"@id\":\"https:\/\/v2charge.com\/fr\/#organization\"},\"potentialAction\":[{\"@type\":\"SearchAction\",\"target\":{\"@type\":\"EntryPoint\",\"urlTemplate\":\"https:\/\/v2charge.com\/fr\/?s={search_term_string}\"},\"query-input\":{\"@type\":\"PropertyValueSpecification\",\"valueRequired\":true,\"valueName\":\"search_term_string\"}}],\"inLanguage\":\"fr-FR\"},{\"@type\":\"Organization\",\"@id\":\"https:\/\/v2charge.com\/fr\/#organization\",\"name\":\"V2C\",\"url\":\"https:\/\/v2charge.com\/fr\/\",\"logo\":{\"@type\":\"ImageObject\",\"inLanguage\":\"fr-FR\",\"@id\":\"https:\/\/v2charge.com\/fr\/#\/schema\/logo\/image\/\",\"url\":\"https:\/\/v2charge.com\/wp-content\/uploads\/2024\/11\/cropped-v2c-charge-logo-menu.png\",\"contentUrl\":\"https:\/\/v2charge.com\/wp-content\/uploads\/2024\/11\/cropped-v2c-charge-logo-menu.png\",\"width\":984,\"height\":431,\"caption\":\"V2C\"},\"image\":{\"@id\":\"https:\/\/v2charge.com\/fr\/#\/schema\/logo\/image\/\"},\"sameAs\":[\"https:\/\/www.facebook.com\/V2C.Charge\",\"https:\/\/x.com\/V2C_Charge\",\"https:\/\/www.instagram.com\/v2c.charge\/\",\"https:\/\/www.youtube.com\/@V2C\",\"https:\/\/www.linkedin.com\/company\/v2c-chargers\/\"]}]}<\/script>\n<!-- \/ Yoast SEO plugin. -->","yoast_head_json":{"title":"Comment cr\u00e9er un compte V2C Cloud ? L'application V2C","description":"Si vous avez rejoint le voyage de l'e-mobilit\u00e9, vous devriez installer V2C Cloud. Nous vous expliquons comment cr\u00e9er un compte pour contr\u00f4ler votre e-Charger.","robots":{"index":"index","follow":"follow","max-snippet":"max-snippet:-1","max-image-preview":"max-image-preview:large","max-video-preview":"max-video-preview:-1"},"canonical":"https:\/\/v2charge.com\/fr\/comment-creez-un-compte-v2c-cloud\/","og_locale":"fr_FR","og_type":"article","og_title":"Comment cr\u00e9er un compte V2C Cloud ? L'application V2C","og_description":"Si vous avez rejoint le voyage de l'e-mobilit\u00e9, vous devriez installer V2C Cloud. Nous vous expliquons comment cr\u00e9er un compte pour contr\u00f4ler votre e-Charger.","og_url":"https:\/\/v2charge.com\/fr\/comment-creez-un-compte-v2c-cloud\/","og_site_name":"V2C","article_publisher":"https:\/\/www.facebook.com\/V2C.Charge","article_modified_time":"2023-06-13T10:46:18+00:00","og_image":[{"url":"https:\/\/v2charge.com\/wp-content\/uploads\/2021\/12\/Screenshot_2021-12-31-11-39-59-680_com.v2charge.app_iphone12black_portrait-542x1024.png","type":"","width":"","height":""}],"twitter_card":"summary_large_image","twitter_site":"@V2C_Charge","twitter_misc":{"Dur\u00e9e de lecture estim\u00e9e":"2 minutes"},"schema":{"@context":"https:\/\/schema.org","@graph":[{"@type":"WebPage","@id":"https:\/\/v2charge.com\/fr\/comment-creez-un-compte-v2c-cloud\/","url":"https:\/\/v2charge.com\/fr\/comment-creez-un-compte-v2c-cloud\/","name":"Comment cr\u00e9er un compte V2C Cloud ? L'application V2C","isPartOf":{"@id":"https:\/\/v2charge.com\/fr\/#website"},"primaryImageOfPage":{"@id":"https:\/\/v2charge.com\/fr\/comment-creez-un-compte-v2c-cloud\/#primaryimage"},"image":{"@id":"https:\/\/v2charge.com\/fr\/comment-creez-un-compte-v2c-cloud\/#primaryimage"},"thumbnailUrl":"https:\/\/v2charge.com\/wp-content\/uploads\/2024\/07\/v2c-electric-chargers.jpg","datePublished":"2021-12-31T11:13:03+00:00","dateModified":"2023-06-13T10:46:18+00:00","description":"Si vous avez rejoint le voyage de l'e-mobilit\u00e9, vous devriez installer V2C Cloud. Nous vous expliquons comment cr\u00e9er un compte pour contr\u00f4ler votre e-Charger.","breadcrumb":{"@id":"https:\/\/v2charge.com\/fr\/comment-creez-un-compte-v2c-cloud\/#breadcrumb"},"inLanguage":"fr-FR","potentialAction":[{"@type":"ReadAction","target":["https:\/\/v2charge.com\/fr\/comment-creez-un-compte-v2c-cloud\/"]}]},{"@type":"ImageObject","inLanguage":"fr-FR","@id":"https:\/\/v2charge.com\/fr\/comment-creez-un-compte-v2c-cloud\/#primaryimage","url":"https:\/\/v2charge.com\/wp-content\/uploads\/2024\/07\/v2c-electric-chargers.jpg","contentUrl":"https:\/\/v2charge.com\/wp-content\/uploads\/2024\/07\/v2c-electric-chargers.jpg","width":1200,"height":675,"caption":"V2C Electric Chargers"},{"@type":"BreadcrumbList","@id":"https:\/\/v2charge.com\/fr\/comment-creez-un-compte-v2c-cloud\/#breadcrumb","itemListElement":[{"@type":"ListItem","position":1,"name":"V2C","item":"https:\/\/v2charge.com\/fr\/"},{"@type":"ListItem","position":2,"name":"Comment cr\u00e9er un compte V2C Cloud ?"}]},{"@type":"WebSite","@id":"https:\/\/v2charge.com\/fr\/#website","url":"https:\/\/v2charge.com\/fr\/","name":"V2C","description":"#CargandoElMa\u00f1ana","publisher":{"@id":"https:\/\/v2charge.com\/fr\/#organization"},"potentialAction":[{"@type":"SearchAction","target":{"@type":"EntryPoint","urlTemplate":"https:\/\/v2charge.com\/fr\/?s={search_term_string}"},"query-input":{"@type":"PropertyValueSpecification","valueRequired":true,"valueName":"search_term_string"}}],"inLanguage":"fr-FR"},{"@type":"Organization","@id":"https:\/\/v2charge.com\/fr\/#organization","name":"V2C","url":"https:\/\/v2charge.com\/fr\/","logo":{"@type":"ImageObject","inLanguage":"fr-FR","@id":"https:\/\/v2charge.com\/fr\/#\/schema\/logo\/image\/","url":"https:\/\/v2charge.com\/wp-content\/uploads\/2024\/11\/cropped-v2c-charge-logo-menu.png","contentUrl":"https:\/\/v2charge.com\/wp-content\/uploads\/2024\/11\/cropped-v2c-charge-logo-menu.png","width":984,"height":431,"caption":"V2C"},"image":{"@id":"https:\/\/v2charge.com\/fr\/#\/schema\/logo\/image\/"},"sameAs":["https:\/\/www.facebook.com\/V2C.Charge","https:\/\/x.com\/V2C_Charge","https:\/\/www.instagram.com\/v2c.charge\/","https:\/\/www.youtube.com\/@V2C","https:\/\/www.linkedin.com\/company\/v2c-chargers\/"]}]}},"uagb_featured_image_src":{"full":["https:\/\/v2charge.com\/wp-content\/uploads\/2024\/07\/v2c-electric-chargers.jpg",1200,675,false],"thumbnail":["https:\/\/v2charge.com\/wp-content\/uploads\/2024\/07\/v2c-electric-chargers-150x150.jpg",150,150,true],"medium":["https:\/\/v2charge.com\/wp-content\/uploads\/2024\/07\/v2c-electric-chargers-300x169.jpg",300,169,true],"medium_large":["https:\/\/v2charge.com\/wp-content\/uploads\/2024\/07\/v2c-electric-chargers-768x432.jpg",768,432,true],"large":["https:\/\/v2charge.com\/wp-content\/uploads\/2024\/07\/v2c-electric-chargers-1024x576.jpg",1024,576,true],"gs-tiny":["https:\/\/v2charge.com\/wp-content\/uploads\/2024\/07\/v2c-electric-chargers.jpg",50,28,false],"xl":["https:\/\/v2charge.com\/wp-content\/uploads\/2024\/07\/v2c-electric-chargers.jpg",1200,675,false],"xxl":["https:\/\/v2charge.com\/wp-content\/uploads\/2024\/07\/v2c-electric-chargers.jpg",1200,675,false],"xxxl":["https:\/\/v2charge.com\/wp-content\/uploads\/2024\/07\/v2c-electric-chargers.jpg",1200,675,false],"xxxxl":["https:\/\/v2charge.com\/wp-content\/uploads\/2024\/07\/v2c-electric-chargers.jpg",1200,675,false],"xxxxxl":["https:\/\/v2charge.com\/wp-content\/uploads\/2024\/07\/v2c-electric-chargers.jpg",1200,675,false],"1536x1536":["https:\/\/v2charge.com\/wp-content\/uploads\/2024\/07\/v2c-electric-chargers.jpg",1200,675,false],"2048x2048":["https:\/\/v2charge.com\/wp-content\/uploads\/2024\/07\/v2c-electric-chargers.jpg",1200,675,false]},"uagb_author_info":{"display_name":"V2C","author_link":"https:\/\/v2charge.com\/fr\/author\/root_k4eu7ki8\/"},"uagb_comment_info":0,"uagb_excerpt":"Comment cr\u00e9er un compte V2C Cloud ? Depuis l&rsquo;application T\u00e9l\u00e9chargez l&rsquo;App depuis votre boutique d&rsquo;application. Une fois t\u00e9l\u00e9charg\u00e9e, vous allez entrer sur cette page web: Modes d&rsquo;acc\u00e8s: Avec une adresse mail Avec un compte Google Avec votre compte Apple (disponible seulement pour les utilisateurs Iphone). Pour cr\u00e9er votre compte avec Google ou Apple, cliquez sur\u2026","_links":{"self":[{"href":"https:\/\/v2charge.com\/fr\/wp-json\/wp\/v2\/pages\/76844","targetHints":{"allow":["GET"]}}],"collection":[{"href":"https:\/\/v2charge.com\/fr\/wp-json\/wp\/v2\/pages"}],"about":[{"href":"https:\/\/v2charge.com\/fr\/wp-json\/wp\/v2\/types\/page"}],"author":[{"embeddable":true,"href":"https:\/\/v2charge.com\/fr\/wp-json\/wp\/v2\/users\/1"}],"replies":[{"embeddable":true,"href":"https:\/\/v2charge.com\/fr\/wp-json\/wp\/v2\/comments?post=76844"}],"version-history":[{"count":0,"href":"https:\/\/v2charge.com\/fr\/wp-json\/wp\/v2\/pages\/76844\/revisions"}],"wp:featuredmedia":[{"embeddable":true,"href":"https:\/\/v2charge.com\/fr\/wp-json\/wp\/v2\/media\/170349"}],"wp:attachment":[{"href":"https:\/\/v2charge.com\/fr\/wp-json\/wp\/v2\/media?parent=76844"}],"curies":[{"name":"wp","href":"https:\/\/api.w.org\/{rel}","templated":true}]}}