{"id":76853,"date":"2021-12-31T12:30:06","date_gmt":"2021-12-31T12:30:06","guid":{"rendered":"https:\/\/v2charge.com\/como-anadir-un-punto-de-recarga-a-mi-plataforma\/"},"modified":"2023-06-13T11:01:46","modified_gmt":"2023-06-13T11:01:46","slug":"comment-ajouter-e-charger-a-ma-plateforme","status":"publish","type":"page","link":"https:\/\/v2charge.com\/fr\/comment-ajouter-e-charger-a-ma-plateforme\/","title":{"rendered":"Comment ajouter un e-Charger \u00e0 ma plateforme ?"},"content":{"rendered":"<h1>Comment ajouter un e-Charger \u00e0 ma plateforme ?<\/h1>\n\n\n<p>Pour ajouter une borne de recharge \u00e0 votre plateforme V2C Cloud, suivez les \u00e9tapes suivantes:<\/p>\n\n\n\n<h2 class=\"wp-block-heading\">Via la APP<\/h2>\n\n\n\n<figure><img decoding=\"async\" src=\"https:\/\/v2charge.com\/wp-content\/uploads\/2021\/12\/pantalla-login-v2c-cloud-iphone_google-474x1024.png\" alt=\"\" width=\"283\" height=\"611\"\/><\/figure>\n\n\n\n<p>Cliquez sur le bouton \u00ab\u00a0Plus\u00a0\u00bb ci-dessus pour ajouter un e-Charger. L&rsquo;\u00e9cran de s\u00e9lection de chargeur va lors s&rsquo;afficher.<\/p>\n\n\n\n<p><\/p>\n\n\n\n<figure><img decoding=\"async\" src=\"https:\/\/v2charge.com\/wp-content\/uploads\/2021\/12\/registro-de-punto-de-recarga-1-542x1024.png\" alt=\"\" width=\"315\" height=\"595\"\/><\/figure>\n\n\n\n<p>Le num\u00e9ro ID se trouve sur l&rsquo;\u00e9tiquette du dispositif ou bien sur une \u00e9tiquette que vous pourrez trouver avec le manuel. Il dispose au total de 7 num\u00e9ros et lettres capitalis\u00e9es al\u00e9atoirement. Par exemple ER47HBV. <\/p>\n\n\n\n<blockquote class=\"is-layout-flow wp-block-quote-is-layout-flow\"><p>Votre localisation vous sera demand\u00e9e lors du jumelage du e-Charger, \u00e0 des fins statistiques et de s\u00e9curit\u00e9. <\/p><\/blockquote>\n\n\n\n<p>Une fois que vous avez enregistr\u00e9 le chargeur, celui-ci ne pourra \u00eatre jumel\u00e9 \u00e0 un autre utilisateur sauf si vous le supprimez. Si vous souhaitez l&rsquo;avoir sur deux t\u00e9l\u00e9phones portables ou comptes en m\u00eame temps, vous pouvez le partager. Si votre e-Charger n&rsquo;est enregistr\u00e9 \u00e0 aucun dispositif (portable ou ordinateur) et que votre ID est public, un troisi\u00e8me utilisateur pourra alors s&rsquo;enregistrer sans votre autorisation.<\/p>\n\n\n\n<blockquote class=\"is-layout-flow wp-block-quote-is-layout-flow\"><p>Une connexion Internet est n\u00e9cessaire sur votre t\u00e9l\u00e9phone portable pour jumeler le dispositif. Si vous ne disposez pas de connexion Internet dans votre garage, notez le num\u00e9ro d&rsquo;identification et trouvez une zone de couverture pour le jumeler.<\/p><\/blockquote>\n\n\n\n<p>Vous pouvez utiliser un lecteur QR code. (cliquez sur le bouton cam\u00e9ra)<\/p>\n\n\n\n<figure><img decoding=\"async\" src=\"https:\/\/v2charge.com\/wp-content\/uploads\/2021\/12\/Screenshot_2021-12-31-12-39-11-135_com.v2charge.app-1_iphone12black_portrait-1-542x1024.png\" alt=\"\" width=\"315\"\/><\/figure>\n\n\n\n<p>Une fois jumel\u00e9, la connexion est demand\u00e9e via la Wifi. La transmission du mot de passe Wifi se fait par Bluetooth, si vous ne l&rsquo;avez pas activ\u00e9 il est pr\u00e9f\u00e9rable de le laisser pour plus tard, en appuyant directement sur omettre la configuration WIFI.<\/p>\n\n\n\n<p>Une fois le jumelage r\u00e9alis\u00e9, cette page de confirmation appara\u00eetra:<\/p>\n\n\n\n<figure><img decoding=\"async\" src=\"https:\/\/v2charge.com\/wp-content\/uploads\/2021\/12\/pantalla-de-confirmacion-542x1024.png\" alt=\"\" width=\"350\"\/><\/figure>\n\n\n\n<h2 class=\"wp-block-heading\">Via le web<\/h2>\n\n\n\n<p>Une fois correctement connect\u00e9 \u00e0 V2C Cloud,<\/p>\n\n\n\n<p>Cliquez sur le bouton \u00ab\u00a0plus\u00a0\u00bb pour ajouter un e-Charger:<\/p>\n\n\n\n<figure><img decoding=\"async\" src=\"https:\/\/v2charge.com\/wp-content\/uploads\/2021\/12\/Captura4_macbookpro13_front-edited.png\" alt=\"\" width=\"765\" height=\"430\"\/><\/figure>\n\n\n\n<p>Ajoutez l&rsquo;ID du e-Charger. L&rsquo;ID du chargeur est un code alphanum\u00e9rique de 7 caract\u00e8res. Soit il sera fournit par nos \u00e9quipes ou bien vous pourrez le trouver sur l&rsquo;\u00e9tiquette du chargeur ou dans les instructions.<\/p>\n\n\n\n<figure><img decoding=\"async\" src=\"https:\/\/v2charge.com\/wp-content\/uploads\/2021\/12\/punto-de-recarga-pagina-web-edited.png\" alt=\"\" width=\"752\" height=\"422\"\/><\/figure>\n","protected":false},"excerpt":{"rendered":"<p>Comment ajouter un e-Charger \u00e0 ma plateforme ? Pour ajouter une borne de recharge \u00e0 votre plateforme V2C Cloud, suivez les \u00e9tapes suivantes: Via la APP Cliquez sur le bouton \u00ab\u00a0Plus\u00a0\u00bb ci-dessus pour ajouter un e-Charger. L&rsquo;\u00e9cran de s\u00e9lection de chargeur va lors s&rsquo;afficher. Le num\u00e9ro ID se trouve sur l&rsquo;\u00e9tiquette du dispositif ou bien &#8230; <a title=\"Comment ajouter un e-Charger \u00e0 ma plateforme ?\" class=\"read-more\" href=\"https:\/\/v2charge.com\/fr\/comment-ajouter-e-charger-a-ma-plateforme\/\" aria-label=\"Read more about Comment ajouter un e-Charger \u00e0 ma plateforme ?\">Lire la suite<\/a><\/p>\n","protected":false},"author":1,"featured_media":170349,"parent":0,"menu_order":0,"comment_status":"closed","ping_status":"closed","template":"","meta":{"_eb_attr":"","content-type":"","_uag_custom_page_level_css":"","footnotes":""},"class_list":["post-76853","page","type-page","status-publish","has-post-thumbnail"],"yoast_head":"<!-- This site is optimized with the Yoast SEO plugin v25.3.1 - https:\/\/yoast.com\/wordpress\/plugins\/seo\/ -->\n<title>Comment ajouter un e-Charger \u00e0 ma plateforme ? - V2C<\/title>\n<meta name=\"description\" content=\"Nous expliquons comment ajouter un nouveau point de charge \u00e0 votre application V2C Cloud. Pas \u00e0 pas avec des exemples. Zone de support V2C.\" \/>\n<meta name=\"robots\" content=\"index, follow, max-snippet:-1, max-image-preview:large, max-video-preview:-1\" \/>\n<link rel=\"canonical\" href=\"https:\/\/v2charge.com\/fr\/comment-ajouter-e-charger-a-ma-plateforme\/\" \/>\n<meta property=\"og:locale\" content=\"fr_FR\" \/>\n<meta property=\"og:type\" content=\"article\" \/>\n<meta property=\"og:title\" content=\"Comment ajouter un e-Charger \u00e0 ma plateforme ? - V2C\" \/>\n<meta property=\"og:description\" content=\"Nous expliquons comment ajouter un nouveau point de charge \u00e0 votre application V2C Cloud. Pas \u00e0 pas avec des exemples. Zone de support V2C.\" \/>\n<meta property=\"og:url\" content=\"https:\/\/v2charge.com\/fr\/comment-ajouter-e-charger-a-ma-plateforme\/\" \/>\n<meta property=\"og:site_name\" content=\"V2C\" \/>\n<meta property=\"article:publisher\" content=\"https:\/\/www.facebook.com\/V2C.Charge\" \/>\n<meta property=\"article:modified_time\" content=\"2023-06-13T11:01:46+00:00\" \/>\n<meta property=\"og:image\" content=\"https:\/\/v2charge.com\/wp-content\/uploads\/2021\/12\/pantalla-login-v2c-cloud-iphone_google-474x1024.png\" \/>\n<meta name=\"twitter:card\" content=\"summary_large_image\" \/>\n<meta name=\"twitter:site\" content=\"@V2C_Charge\" \/>\n<meta name=\"twitter:label1\" content=\"Dur\u00e9e de lecture estim\u00e9e\" \/>\n\t<meta name=\"twitter:data1\" content=\"3 minutes\" \/>\n<script type=\"application\/ld+json\" class=\"yoast-schema-graph\">{\"@context\":\"https:\/\/schema.org\",\"@graph\":[{\"@type\":\"WebPage\",\"@id\":\"https:\/\/v2charge.com\/fr\/comment-ajouter-e-charger-a-ma-plateforme\/\",\"url\":\"https:\/\/v2charge.com\/fr\/comment-ajouter-e-charger-a-ma-plateforme\/\",\"name\":\"Comment ajouter un e-Charger \u00e0 ma plateforme ? - V2C\",\"isPartOf\":{\"@id\":\"https:\/\/v2charge.com\/fr\/#website\"},\"primaryImageOfPage\":{\"@id\":\"https:\/\/v2charge.com\/fr\/comment-ajouter-e-charger-a-ma-plateforme\/#primaryimage\"},\"image\":{\"@id\":\"https:\/\/v2charge.com\/fr\/comment-ajouter-e-charger-a-ma-plateforme\/#primaryimage\"},\"thumbnailUrl\":\"https:\/\/v2charge.com\/wp-content\/uploads\/2024\/07\/v2c-electric-chargers.jpg\",\"datePublished\":\"2021-12-31T12:30:06+00:00\",\"dateModified\":\"2023-06-13T11:01:46+00:00\",\"description\":\"Nous expliquons comment ajouter un nouveau point de charge \u00e0 votre application V2C Cloud. Pas \u00e0 pas avec des exemples. Zone de support V2C.\",\"breadcrumb\":{\"@id\":\"https:\/\/v2charge.com\/fr\/comment-ajouter-e-charger-a-ma-plateforme\/#breadcrumb\"},\"inLanguage\":\"fr-FR\",\"potentialAction\":[{\"@type\":\"ReadAction\",\"target\":[\"https:\/\/v2charge.com\/fr\/comment-ajouter-e-charger-a-ma-plateforme\/\"]}]},{\"@type\":\"ImageObject\",\"inLanguage\":\"fr-FR\",\"@id\":\"https:\/\/v2charge.com\/fr\/comment-ajouter-e-charger-a-ma-plateforme\/#primaryimage\",\"url\":\"https:\/\/v2charge.com\/wp-content\/uploads\/2024\/07\/v2c-electric-chargers.jpg\",\"contentUrl\":\"https:\/\/v2charge.com\/wp-content\/uploads\/2024\/07\/v2c-electric-chargers.jpg\",\"width\":1200,\"height\":675,\"caption\":\"V2C Electric Chargers\"},{\"@type\":\"BreadcrumbList\",\"@id\":\"https:\/\/v2charge.com\/fr\/comment-ajouter-e-charger-a-ma-plateforme\/#breadcrumb\",\"itemListElement\":[{\"@type\":\"ListItem\",\"position\":1,\"name\":\"V2C\",\"item\":\"https:\/\/v2charge.com\/fr\/\"},{\"@type\":\"ListItem\",\"position\":2,\"name\":\"Comment ajouter un e-Charger \u00e0 ma plateforme ?\"}]},{\"@type\":\"WebSite\",\"@id\":\"https:\/\/v2charge.com\/fr\/#website\",\"url\":\"https:\/\/v2charge.com\/fr\/\",\"name\":\"V2C\",\"description\":\"#CargandoElMa\u00f1ana\",\"publisher\":{\"@id\":\"https:\/\/v2charge.com\/fr\/#organization\"},\"potentialAction\":[{\"@type\":\"SearchAction\",\"target\":{\"@type\":\"EntryPoint\",\"urlTemplate\":\"https:\/\/v2charge.com\/fr\/?s={search_term_string}\"},\"query-input\":{\"@type\":\"PropertyValueSpecification\",\"valueRequired\":true,\"valueName\":\"search_term_string\"}}],\"inLanguage\":\"fr-FR\"},{\"@type\":\"Organization\",\"@id\":\"https:\/\/v2charge.com\/fr\/#organization\",\"name\":\"V2C\",\"url\":\"https:\/\/v2charge.com\/fr\/\",\"logo\":{\"@type\":\"ImageObject\",\"inLanguage\":\"fr-FR\",\"@id\":\"https:\/\/v2charge.com\/fr\/#\/schema\/logo\/image\/\",\"url\":\"https:\/\/v2charge.com\/wp-content\/uploads\/2024\/11\/cropped-v2c-charge-logo-menu.png\",\"contentUrl\":\"https:\/\/v2charge.com\/wp-content\/uploads\/2024\/11\/cropped-v2c-charge-logo-menu.png\",\"width\":984,\"height\":431,\"caption\":\"V2C\"},\"image\":{\"@id\":\"https:\/\/v2charge.com\/fr\/#\/schema\/logo\/image\/\"},\"sameAs\":[\"https:\/\/www.facebook.com\/V2C.Charge\",\"https:\/\/x.com\/V2C_Charge\",\"https:\/\/www.instagram.com\/v2c.charge\/\",\"https:\/\/www.youtube.com\/@V2C\",\"https:\/\/www.linkedin.com\/company\/v2c-chargers\/\"]}]}<\/script>\n<!-- \/ Yoast SEO plugin. -->","yoast_head_json":{"title":"Comment ajouter un e-Charger \u00e0 ma plateforme ? - V2C","description":"Nous expliquons comment ajouter un nouveau point de charge \u00e0 votre application V2C Cloud. Pas \u00e0 pas avec des exemples. Zone de support V2C.","robots":{"index":"index","follow":"follow","max-snippet":"max-snippet:-1","max-image-preview":"max-image-preview:large","max-video-preview":"max-video-preview:-1"},"canonical":"https:\/\/v2charge.com\/fr\/comment-ajouter-e-charger-a-ma-plateforme\/","og_locale":"fr_FR","og_type":"article","og_title":"Comment ajouter un e-Charger \u00e0 ma plateforme ? - V2C","og_description":"Nous expliquons comment ajouter un nouveau point de charge \u00e0 votre application V2C Cloud. Pas \u00e0 pas avec des exemples. Zone de support V2C.","og_url":"https:\/\/v2charge.com\/fr\/comment-ajouter-e-charger-a-ma-plateforme\/","og_site_name":"V2C","article_publisher":"https:\/\/www.facebook.com\/V2C.Charge","article_modified_time":"2023-06-13T11:01:46+00:00","og_image":[{"url":"https:\/\/v2charge.com\/wp-content\/uploads\/2021\/12\/pantalla-login-v2c-cloud-iphone_google-474x1024.png","type":"","width":"","height":""}],"twitter_card":"summary_large_image","twitter_site":"@V2C_Charge","twitter_misc":{"Dur\u00e9e de lecture estim\u00e9e":"3 minutes"},"schema":{"@context":"https:\/\/schema.org","@graph":[{"@type":"WebPage","@id":"https:\/\/v2charge.com\/fr\/comment-ajouter-e-charger-a-ma-plateforme\/","url":"https:\/\/v2charge.com\/fr\/comment-ajouter-e-charger-a-ma-plateforme\/","name":"Comment ajouter un e-Charger \u00e0 ma plateforme ? - V2C","isPartOf":{"@id":"https:\/\/v2charge.com\/fr\/#website"},"primaryImageOfPage":{"@id":"https:\/\/v2charge.com\/fr\/comment-ajouter-e-charger-a-ma-plateforme\/#primaryimage"},"image":{"@id":"https:\/\/v2charge.com\/fr\/comment-ajouter-e-charger-a-ma-plateforme\/#primaryimage"},"thumbnailUrl":"https:\/\/v2charge.com\/wp-content\/uploads\/2024\/07\/v2c-electric-chargers.jpg","datePublished":"2021-12-31T12:30:06+00:00","dateModified":"2023-06-13T11:01:46+00:00","description":"Nous expliquons comment ajouter un nouveau point de charge \u00e0 votre application V2C Cloud. Pas \u00e0 pas avec des exemples. Zone de support V2C.","breadcrumb":{"@id":"https:\/\/v2charge.com\/fr\/comment-ajouter-e-charger-a-ma-plateforme\/#breadcrumb"},"inLanguage":"fr-FR","potentialAction":[{"@type":"ReadAction","target":["https:\/\/v2charge.com\/fr\/comment-ajouter-e-charger-a-ma-plateforme\/"]}]},{"@type":"ImageObject","inLanguage":"fr-FR","@id":"https:\/\/v2charge.com\/fr\/comment-ajouter-e-charger-a-ma-plateforme\/#primaryimage","url":"https:\/\/v2charge.com\/wp-content\/uploads\/2024\/07\/v2c-electric-chargers.jpg","contentUrl":"https:\/\/v2charge.com\/wp-content\/uploads\/2024\/07\/v2c-electric-chargers.jpg","width":1200,"height":675,"caption":"V2C Electric Chargers"},{"@type":"BreadcrumbList","@id":"https:\/\/v2charge.com\/fr\/comment-ajouter-e-charger-a-ma-plateforme\/#breadcrumb","itemListElement":[{"@type":"ListItem","position":1,"name":"V2C","item":"https:\/\/v2charge.com\/fr\/"},{"@type":"ListItem","position":2,"name":"Comment ajouter un e-Charger \u00e0 ma plateforme ?"}]},{"@type":"WebSite","@id":"https:\/\/v2charge.com\/fr\/#website","url":"https:\/\/v2charge.com\/fr\/","name":"V2C","description":"#CargandoElMa\u00f1ana","publisher":{"@id":"https:\/\/v2charge.com\/fr\/#organization"},"potentialAction":[{"@type":"SearchAction","target":{"@type":"EntryPoint","urlTemplate":"https:\/\/v2charge.com\/fr\/?s={search_term_string}"},"query-input":{"@type":"PropertyValueSpecification","valueRequired":true,"valueName":"search_term_string"}}],"inLanguage":"fr-FR"},{"@type":"Organization","@id":"https:\/\/v2charge.com\/fr\/#organization","name":"V2C","url":"https:\/\/v2charge.com\/fr\/","logo":{"@type":"ImageObject","inLanguage":"fr-FR","@id":"https:\/\/v2charge.com\/fr\/#\/schema\/logo\/image\/","url":"https:\/\/v2charge.com\/wp-content\/uploads\/2024\/11\/cropped-v2c-charge-logo-menu.png","contentUrl":"https:\/\/v2charge.com\/wp-content\/uploads\/2024\/11\/cropped-v2c-charge-logo-menu.png","width":984,"height":431,"caption":"V2C"},"image":{"@id":"https:\/\/v2charge.com\/fr\/#\/schema\/logo\/image\/"},"sameAs":["https:\/\/www.facebook.com\/V2C.Charge","https:\/\/x.com\/V2C_Charge","https:\/\/www.instagram.com\/v2c.charge\/","https:\/\/www.youtube.com\/@V2C","https:\/\/www.linkedin.com\/company\/v2c-chargers\/"]}]}},"uagb_featured_image_src":{"full":["https:\/\/v2charge.com\/wp-content\/uploads\/2024\/07\/v2c-electric-chargers.jpg",1200,675,false],"thumbnail":["https:\/\/v2charge.com\/wp-content\/uploads\/2024\/07\/v2c-electric-chargers-150x150.jpg",150,150,true],"medium":["https:\/\/v2charge.com\/wp-content\/uploads\/2024\/07\/v2c-electric-chargers-300x169.jpg",300,169,true],"medium_large":["https:\/\/v2charge.com\/wp-content\/uploads\/2024\/07\/v2c-electric-chargers-768x432.jpg",768,432,true],"large":["https:\/\/v2charge.com\/wp-content\/uploads\/2024\/07\/v2c-electric-chargers-1024x576.jpg",1024,576,true],"gs-tiny":["https:\/\/v2charge.com\/wp-content\/uploads\/2024\/07\/v2c-electric-chargers.jpg",50,28,false],"xl":["https:\/\/v2charge.com\/wp-content\/uploads\/2024\/07\/v2c-electric-chargers.jpg",1200,675,false],"xxl":["https:\/\/v2charge.com\/wp-content\/uploads\/2024\/07\/v2c-electric-chargers.jpg",1200,675,false],"xxxl":["https:\/\/v2charge.com\/wp-content\/uploads\/2024\/07\/v2c-electric-chargers.jpg",1200,675,false],"xxxxl":["https:\/\/v2charge.com\/wp-content\/uploads\/2024\/07\/v2c-electric-chargers.jpg",1200,675,false],"xxxxxl":["https:\/\/v2charge.com\/wp-content\/uploads\/2024\/07\/v2c-electric-chargers.jpg",1200,675,false],"1536x1536":["https:\/\/v2charge.com\/wp-content\/uploads\/2024\/07\/v2c-electric-chargers.jpg",1200,675,false],"2048x2048":["https:\/\/v2charge.com\/wp-content\/uploads\/2024\/07\/v2c-electric-chargers.jpg",1200,675,false]},"uagb_author_info":{"display_name":"V2C","author_link":"https:\/\/v2charge.com\/fr\/author\/root_k4eu7ki8\/"},"uagb_comment_info":0,"uagb_excerpt":"Comment ajouter un e-Charger \u00e0 ma plateforme ? Pour ajouter une borne de recharge \u00e0 votre plateforme V2C Cloud, suivez les \u00e9tapes suivantes: Via la APP Cliquez sur le bouton \u00ab\u00a0Plus\u00a0\u00bb ci-dessus pour ajouter un e-Charger. L&rsquo;\u00e9cran de s\u00e9lection de chargeur va lors s&rsquo;afficher. Le num\u00e9ro ID se trouve sur l&rsquo;\u00e9tiquette du dispositif ou bien\u2026","_links":{"self":[{"href":"https:\/\/v2charge.com\/fr\/wp-json\/wp\/v2\/pages\/76853","targetHints":{"allow":["GET"]}}],"collection":[{"href":"https:\/\/v2charge.com\/fr\/wp-json\/wp\/v2\/pages"}],"about":[{"href":"https:\/\/v2charge.com\/fr\/wp-json\/wp\/v2\/types\/page"}],"author":[{"embeddable":true,"href":"https:\/\/v2charge.com\/fr\/wp-json\/wp\/v2\/users\/1"}],"replies":[{"embeddable":true,"href":"https:\/\/v2charge.com\/fr\/wp-json\/wp\/v2\/comments?post=76853"}],"version-history":[{"count":0,"href":"https:\/\/v2charge.com\/fr\/wp-json\/wp\/v2\/pages\/76853\/revisions"}],"wp:featuredmedia":[{"embeddable":true,"href":"https:\/\/v2charge.com\/fr\/wp-json\/wp\/v2\/media\/170349"}],"wp:attachment":[{"href":"https:\/\/v2charge.com\/fr\/wp-json\/wp\/v2\/media?parent=76853"}],"curies":[{"name":"wp","href":"https:\/\/api.w.org\/{rel}","templated":true}]}}