{"id":76875,"date":"2021-12-31T13:08:13","date_gmt":"2021-12-31T13:08:13","guid":{"rendered":"https:\/\/v2charge.com\/como-conectar-mi-punto-de-recarga-v2c-a-la-wifi\/"},"modified":"2023-06-13T14:05:17","modified_gmt":"2023-06-13T14:05:17","slug":"comment-connecter-mon-e-charger-v2c-a-la-wifi","status":"publish","type":"page","link":"https:\/\/v2charge.com\/fr\/comment-connecter-mon-e-charger-v2c-a-la-wifi\/","title":{"rendered":"Comment connecter mon e-Charger V2C \u00e0 la Wifi ?"},"content":{"rendered":"<h1>Comment connecter mon e-Charger V2C \u00e0 la Wifi ?<\/h1>\n\n\n<p>Selon le mod\u00e8le que vous poss\u00e9dez, le processus se fera de mani\u00e8re diff\u00e9rente. Mais elles ont deux points communs: vous devez le faire depuis l&rsquo;application mobile et activer le Bluetooth.<\/p>\n\n\n\n<blockquote class=\"is-layout-flow wp-block-quote-is-layout-flow\"><p>L&rsquo;utilisation du Bluetooth requiert la localisation pour la majorit\u00e9 des dispositifs Android.<\/p><\/blockquote>\n\n\n\n<p>La connexion entre le e-Charger et l&rsquo;application se fait gr\u00e2ce au Bluetooth.<\/p>\n\n\n\n<ol class=\"wp-block-list\"><li>La premi\u00e8re option est de l&rsquo;activer pendant le jumelage du dispositif et de rester \u00e0 quelques m\u00e8tres de celui-ci. Dans le cas o\u00f9 le jumelage ne peut se faire \u00e0 c\u00f4t\u00e9 du dispositif ou si vous n&rsquo;avez pas le Bluetooth activ\u00e9, vous pouvez omettre la configuration et la faire plus tard.<\/li><li>La deuxi\u00e8me option est de le faire depuis le menu.<\/li><\/ol>\n\n\n\n<p>Si le e-Charger est connect\u00e9 \u00e0 Internet (Wifi, Ethernet ou encore 4G) une ic\u00f4ne de signal en forme d&rsquo;ondes appara\u00eetra. Si la connexion Bluetooth est possible, le symbole Bluetooth appara\u00eetra sur l&rsquo;application.<\/p>\n\n\n\n<figure><img decoding=\"async\" src=\"https:\/\/v2charge.com\/wp-content\/uploads\/2021\/12\/Screenshot_2021-12-31-13-46-22-685_com.v2charge.app_iphone12black_portrait-542x1024.png\" alt=\"\" width=\"271\" height=\"512\"\/><\/figure>\n\n\n\n<p>Si vous avez une connexion Bluetooth vous pouvez acc\u00e9der \u00e0 votre \u00e9quipement depuis le menu principal. Vous pouvez enregistrer le e-Charger en mode Bluetooth et acc\u00e9der \u00e0 sa page de configuration.<\/p>\n\n\n\n<blockquote class=\"is-layout-flow wp-block-quote-is-layout-flow\"><p>Les mat\u00e9riels ne pouvant pas utiliser le Bluetooth peuvent \u00eatre configur\u00e9s avec le Wifi. <\/p><\/blockquote>\n\n\n\n<figure><img decoding=\"async\" src=\"https:\/\/v2charge.com\/wp-content\/uploads\/2021\/12\/Screenshot_2021-12-31-13-46-38-406_com.v2charge.app_iphone12black_portrait-542x1024.png\" alt=\"ajuste de configuraci\u00f3n wifi en v2c cloud\" width=\"271\" height=\"512\"\/><\/figure>\n\n\n\n<p>En acc\u00e9dant au menu de configuration, dans la partie du bas, vous pouvez s\u00e9lectionner votre Wifi.<\/p>\n\n\n\n<figure><img decoding=\"async\" src=\"https:\/\/v2charge.com\/wp-content\/uploads\/2021\/12\/punto-de-recarga-conexion-wifi-542x1024.png\" alt=\"\" width=\"271\" height=\"512\"\/><\/figure>\n\n\n\n<figure><img decoding=\"async\" src=\"https:\/\/v2charge.com\/wp-content\/uploads\/2021\/12\/Screenshot_2021-12-31-12-39-11-135_com.v2charge.app-1_iphone12black_portrait-1-542x1024.png\" alt=\"\" width=\"271\" height=\"512\"\/><\/figure>\n\n\n\n<p>Pour les dispositifs Android, si vous avez la Wifi activ\u00e9e, l&rsquo;application vous montre automatiquement les r\u00e9seaux disponibles. Dans le cas contraire, vous devez inscrire le nom SSID de la Wifi en respectant les majuscules et minuscules inscrites sur le router et entrer le mot de passe.<\/p>\n\n\n\n<p>Selon le mat\u00e9riel, vous devrez proc\u00e9der \u00e0 une r\u00e9initialisation \u00e0 ce moment. Apr\u00e8s quelques minutes, le e-Charger s&rsquo;affichera avec la connexion Internet sur l&rsquo;application. Si ce n&rsquo;est le cas, v\u00e9rifiez que le mot de passe Wifi est correct. Vous pouvez trouver plus d&rsquo;informations sur comment savoir si mon mat\u00e9riel est connect\u00e9 dans le manuel du e-Charger.<\/p>\n\n\n\n<blockquote class=\"is-layout-flow wp-block-quote-is-layout-flow\"><p>Connectez toujours le dispositif \u00e0 un r\u00e9seau Internet disposant d&rsquo;un bon signal ou installez un r\u00e9p\u00e9titeur Wifi afin de ne pas avoir de probl\u00e8mes de d\u00e9connexion ou de dysfonctionnement.<\/p><p>Les r\u00e9seaux Wifi avec quelconque type de protection de s\u00e9curit\u00e9 (firewall), bloqueur DHCP, fermeture de ports, etc&#8230; et \u00e9tant reli\u00e9s \u00e0 des entreprises doivent \u00eatre configur\u00e9s par un responsable technique. Pour plus d&rsquo;informations, veuillez vous diriger vers notre service de support.<\/p><\/blockquote>\n","protected":false},"excerpt":{"rendered":"<p>Comment connecter mon e-Charger V2C \u00e0 la Wifi ? Selon le mod\u00e8le que vous poss\u00e9dez, le processus se fera de mani\u00e8re diff\u00e9rente. Mais elles ont deux points communs: vous devez le faire depuis l&rsquo;application mobile et activer le Bluetooth. L&rsquo;utilisation du Bluetooth requiert la localisation pour la majorit\u00e9 des dispositifs Android. La connexion entre le &#8230; <a title=\"Comment connecter mon e-Charger V2C \u00e0 la Wifi ?\" class=\"read-more\" href=\"https:\/\/v2charge.com\/fr\/comment-connecter-mon-e-charger-v2c-a-la-wifi\/\" aria-label=\"Read more about Comment connecter mon e-Charger V2C \u00e0 la Wifi ?\">Lire la suite<\/a><\/p>\n","protected":false},"author":1,"featured_media":0,"parent":0,"menu_order":0,"comment_status":"closed","ping_status":"closed","template":"","meta":{"_eb_attr":"","content-type":"","_uag_custom_page_level_css":"","footnotes":""},"class_list":["post-76875","page","type-page","status-publish"],"yoast_head":"<!-- This site is optimized with the Yoast SEO plugin v25.3.1 - https:\/\/yoast.com\/wordpress\/plugins\/seo\/ -->\n<title>Comment connecter mon point de charge \u00e9lectrique au Wifi? | V2C<\/title>\n<meta name=\"description\" content=\"Nous vous expliquons comment connecter votre borne de recharge \u00e9lectrique V2C au Wifi. Profitez des derni\u00e8res technologies avec nos e-Chargers.\" \/>\n<meta name=\"robots\" content=\"index, follow, max-snippet:-1, max-image-preview:large, max-video-preview:-1\" \/>\n<link rel=\"canonical\" href=\"https:\/\/v2charge.com\/fr\/comment-connecter-mon-e-charger-v2c-a-la-wifi\/\" \/>\n<meta property=\"og:locale\" content=\"fr_FR\" \/>\n<meta property=\"og:type\" content=\"article\" \/>\n<meta property=\"og:title\" content=\"Comment connecter mon point de charge \u00e9lectrique au Wifi? | V2C\" \/>\n<meta property=\"og:description\" content=\"Nous vous expliquons comment connecter votre borne de recharge \u00e9lectrique V2C au Wifi. Profitez des derni\u00e8res technologies avec nos e-Chargers.\" \/>\n<meta property=\"og:url\" content=\"https:\/\/v2charge.com\/fr\/comment-connecter-mon-e-charger-v2c-a-la-wifi\/\" \/>\n<meta property=\"og:site_name\" content=\"V2C\" \/>\n<meta property=\"article:publisher\" content=\"https:\/\/www.facebook.com\/V2C.Charge\" \/>\n<meta property=\"article:modified_time\" content=\"2023-06-13T14:05:17+00:00\" \/>\n<meta property=\"og:image\" content=\"https:\/\/v2charge.com\/wp-content\/uploads\/2021\/12\/Screenshot_2021-12-31-13-46-22-685_com.v2charge.app_iphone12black_portrait-542x1024.png\" \/>\n<meta name=\"twitter:card\" content=\"summary_large_image\" \/>\n<meta name=\"twitter:site\" content=\"@V2C_Charge\" \/>\n<meta name=\"twitter:label1\" content=\"Dur\u00e9e de lecture estim\u00e9e\" \/>\n\t<meta name=\"twitter:data1\" content=\"3 minutes\" \/>\n<script type=\"application\/ld+json\" class=\"yoast-schema-graph\">{\"@context\":\"https:\/\/schema.org\",\"@graph\":[{\"@type\":\"WebPage\",\"@id\":\"https:\/\/v2charge.com\/fr\/comment-connecter-mon-e-charger-v2c-a-la-wifi\/\",\"url\":\"https:\/\/v2charge.com\/fr\/comment-connecter-mon-e-charger-v2c-a-la-wifi\/\",\"name\":\"Comment connecter mon point de charge \u00e9lectrique au Wifi? | V2C\",\"isPartOf\":{\"@id\":\"https:\/\/v2charge.com\/fr\/#website\"},\"primaryImageOfPage\":{\"@id\":\"https:\/\/v2charge.com\/fr\/comment-connecter-mon-e-charger-v2c-a-la-wifi\/#primaryimage\"},\"image\":{\"@id\":\"https:\/\/v2charge.com\/fr\/comment-connecter-mon-e-charger-v2c-a-la-wifi\/#primaryimage\"},\"thumbnailUrl\":\"https:\/\/v2charge.com\/wp-content\/uploads\/2021\/12\/Screenshot_2021-12-31-13-46-22-685_com.v2charge.app_iphone12black_portrait-542x1024.png\",\"datePublished\":\"2021-12-31T13:08:13+00:00\",\"dateModified\":\"2023-06-13T14:05:17+00:00\",\"description\":\"Nous vous expliquons comment connecter votre borne de recharge \u00e9lectrique V2C au Wifi. Profitez des derni\u00e8res technologies avec nos e-Chargers.\",\"breadcrumb\":{\"@id\":\"https:\/\/v2charge.com\/fr\/comment-connecter-mon-e-charger-v2c-a-la-wifi\/#breadcrumb\"},\"inLanguage\":\"fr-FR\",\"potentialAction\":[{\"@type\":\"ReadAction\",\"target\":[\"https:\/\/v2charge.com\/fr\/comment-connecter-mon-e-charger-v2c-a-la-wifi\/\"]}]},{\"@type\":\"ImageObject\",\"inLanguage\":\"fr-FR\",\"@id\":\"https:\/\/v2charge.com\/fr\/comment-connecter-mon-e-charger-v2c-a-la-wifi\/#primaryimage\",\"url\":\"https:\/\/v2charge.com\/wp-content\/uploads\/2021\/12\/Screenshot_2021-12-31-13-46-22-685_com.v2charge.app_iphone12black_portrait-542x1024.png\",\"contentUrl\":\"https:\/\/v2charge.com\/wp-content\/uploads\/2021\/12\/Screenshot_2021-12-31-13-46-22-685_com.v2charge.app_iphone12black_portrait-542x1024.png\"},{\"@type\":\"BreadcrumbList\",\"@id\":\"https:\/\/v2charge.com\/fr\/comment-connecter-mon-e-charger-v2c-a-la-wifi\/#breadcrumb\",\"itemListElement\":[{\"@type\":\"ListItem\",\"position\":1,\"name\":\"V2C\",\"item\":\"https:\/\/v2charge.com\/fr\/\"},{\"@type\":\"ListItem\",\"position\":2,\"name\":\"Comment connecter mon e-Charger V2C \u00e0 la Wifi ?\"}]},{\"@type\":\"WebSite\",\"@id\":\"https:\/\/v2charge.com\/fr\/#website\",\"url\":\"https:\/\/v2charge.com\/fr\/\",\"name\":\"V2C\",\"description\":\"#CargandoElMa\u00f1ana\",\"publisher\":{\"@id\":\"https:\/\/v2charge.com\/fr\/#organization\"},\"potentialAction\":[{\"@type\":\"SearchAction\",\"target\":{\"@type\":\"EntryPoint\",\"urlTemplate\":\"https:\/\/v2charge.com\/fr\/?s={search_term_string}\"},\"query-input\":{\"@type\":\"PropertyValueSpecification\",\"valueRequired\":true,\"valueName\":\"search_term_string\"}}],\"inLanguage\":\"fr-FR\"},{\"@type\":\"Organization\",\"@id\":\"https:\/\/v2charge.com\/fr\/#organization\",\"name\":\"V2C\",\"url\":\"https:\/\/v2charge.com\/fr\/\",\"logo\":{\"@type\":\"ImageObject\",\"inLanguage\":\"fr-FR\",\"@id\":\"https:\/\/v2charge.com\/fr\/#\/schema\/logo\/image\/\",\"url\":\"https:\/\/v2charge.com\/wp-content\/uploads\/2024\/11\/cropped-v2c-charge-logo-menu.png\",\"contentUrl\":\"https:\/\/v2charge.com\/wp-content\/uploads\/2024\/11\/cropped-v2c-charge-logo-menu.png\",\"width\":984,\"height\":431,\"caption\":\"V2C\"},\"image\":{\"@id\":\"https:\/\/v2charge.com\/fr\/#\/schema\/logo\/image\/\"},\"sameAs\":[\"https:\/\/www.facebook.com\/V2C.Charge\",\"https:\/\/x.com\/V2C_Charge\",\"https:\/\/www.instagram.com\/v2c.charge\/\",\"https:\/\/www.youtube.com\/@V2C\",\"https:\/\/www.linkedin.com\/company\/v2c-chargers\/\"]}]}<\/script>\n<!-- \/ Yoast SEO plugin. -->","yoast_head_json":{"title":"Comment connecter mon point de charge \u00e9lectrique au Wifi? | V2C","description":"Nous vous expliquons comment connecter votre borne de recharge \u00e9lectrique V2C au Wifi. Profitez des derni\u00e8res technologies avec nos e-Chargers.","robots":{"index":"index","follow":"follow","max-snippet":"max-snippet:-1","max-image-preview":"max-image-preview:large","max-video-preview":"max-video-preview:-1"},"canonical":"https:\/\/v2charge.com\/fr\/comment-connecter-mon-e-charger-v2c-a-la-wifi\/","og_locale":"fr_FR","og_type":"article","og_title":"Comment connecter mon point de charge \u00e9lectrique au Wifi? | V2C","og_description":"Nous vous expliquons comment connecter votre borne de recharge \u00e9lectrique V2C au Wifi. Profitez des derni\u00e8res technologies avec nos e-Chargers.","og_url":"https:\/\/v2charge.com\/fr\/comment-connecter-mon-e-charger-v2c-a-la-wifi\/","og_site_name":"V2C","article_publisher":"https:\/\/www.facebook.com\/V2C.Charge","article_modified_time":"2023-06-13T14:05:17+00:00","og_image":[{"url":"https:\/\/v2charge.com\/wp-content\/uploads\/2021\/12\/Screenshot_2021-12-31-13-46-22-685_com.v2charge.app_iphone12black_portrait-542x1024.png","type":"","width":"","height":""}],"twitter_card":"summary_large_image","twitter_site":"@V2C_Charge","twitter_misc":{"Dur\u00e9e de lecture estim\u00e9e":"3 minutes"},"schema":{"@context":"https:\/\/schema.org","@graph":[{"@type":"WebPage","@id":"https:\/\/v2charge.com\/fr\/comment-connecter-mon-e-charger-v2c-a-la-wifi\/","url":"https:\/\/v2charge.com\/fr\/comment-connecter-mon-e-charger-v2c-a-la-wifi\/","name":"Comment connecter mon point de charge \u00e9lectrique au Wifi? | V2C","isPartOf":{"@id":"https:\/\/v2charge.com\/fr\/#website"},"primaryImageOfPage":{"@id":"https:\/\/v2charge.com\/fr\/comment-connecter-mon-e-charger-v2c-a-la-wifi\/#primaryimage"},"image":{"@id":"https:\/\/v2charge.com\/fr\/comment-connecter-mon-e-charger-v2c-a-la-wifi\/#primaryimage"},"thumbnailUrl":"https:\/\/v2charge.com\/wp-content\/uploads\/2021\/12\/Screenshot_2021-12-31-13-46-22-685_com.v2charge.app_iphone12black_portrait-542x1024.png","datePublished":"2021-12-31T13:08:13+00:00","dateModified":"2023-06-13T14:05:17+00:00","description":"Nous vous expliquons comment connecter votre borne de recharge \u00e9lectrique V2C au Wifi. Profitez des derni\u00e8res technologies avec nos e-Chargers.","breadcrumb":{"@id":"https:\/\/v2charge.com\/fr\/comment-connecter-mon-e-charger-v2c-a-la-wifi\/#breadcrumb"},"inLanguage":"fr-FR","potentialAction":[{"@type":"ReadAction","target":["https:\/\/v2charge.com\/fr\/comment-connecter-mon-e-charger-v2c-a-la-wifi\/"]}]},{"@type":"ImageObject","inLanguage":"fr-FR","@id":"https:\/\/v2charge.com\/fr\/comment-connecter-mon-e-charger-v2c-a-la-wifi\/#primaryimage","url":"https:\/\/v2charge.com\/wp-content\/uploads\/2021\/12\/Screenshot_2021-12-31-13-46-22-685_com.v2charge.app_iphone12black_portrait-542x1024.png","contentUrl":"https:\/\/v2charge.com\/wp-content\/uploads\/2021\/12\/Screenshot_2021-12-31-13-46-22-685_com.v2charge.app_iphone12black_portrait-542x1024.png"},{"@type":"BreadcrumbList","@id":"https:\/\/v2charge.com\/fr\/comment-connecter-mon-e-charger-v2c-a-la-wifi\/#breadcrumb","itemListElement":[{"@type":"ListItem","position":1,"name":"V2C","item":"https:\/\/v2charge.com\/fr\/"},{"@type":"ListItem","position":2,"name":"Comment connecter mon e-Charger V2C \u00e0 la Wifi ?"}]},{"@type":"WebSite","@id":"https:\/\/v2charge.com\/fr\/#website","url":"https:\/\/v2charge.com\/fr\/","name":"V2C","description":"#CargandoElMa\u00f1ana","publisher":{"@id":"https:\/\/v2charge.com\/fr\/#organization"},"potentialAction":[{"@type":"SearchAction","target":{"@type":"EntryPoint","urlTemplate":"https:\/\/v2charge.com\/fr\/?s={search_term_string}"},"query-input":{"@type":"PropertyValueSpecification","valueRequired":true,"valueName":"search_term_string"}}],"inLanguage":"fr-FR"},{"@type":"Organization","@id":"https:\/\/v2charge.com\/fr\/#organization","name":"V2C","url":"https:\/\/v2charge.com\/fr\/","logo":{"@type":"ImageObject","inLanguage":"fr-FR","@id":"https:\/\/v2charge.com\/fr\/#\/schema\/logo\/image\/","url":"https:\/\/v2charge.com\/wp-content\/uploads\/2024\/11\/cropped-v2c-charge-logo-menu.png","contentUrl":"https:\/\/v2charge.com\/wp-content\/uploads\/2024\/11\/cropped-v2c-charge-logo-menu.png","width":984,"height":431,"caption":"V2C"},"image":{"@id":"https:\/\/v2charge.com\/fr\/#\/schema\/logo\/image\/"},"sameAs":["https:\/\/www.facebook.com\/V2C.Charge","https:\/\/x.com\/V2C_Charge","https:\/\/www.instagram.com\/v2c.charge\/","https:\/\/www.youtube.com\/@V2C","https:\/\/www.linkedin.com\/company\/v2c-chargers\/"]}]}},"uagb_featured_image_src":{"full":false,"thumbnail":false,"medium":false,"medium_large":false,"large":false,"gs-tiny":false,"xl":false,"xxl":false,"xxxl":false,"xxxxl":false,"xxxxxl":false,"1536x1536":false,"2048x2048":false},"uagb_author_info":{"display_name":"V2C","author_link":"https:\/\/v2charge.com\/fr\/author\/root_k4eu7ki8\/"},"uagb_comment_info":0,"uagb_excerpt":"Comment connecter mon e-Charger V2C \u00e0 la Wifi ? Selon le mod\u00e8le que vous poss\u00e9dez, le processus se fera de mani\u00e8re diff\u00e9rente. Mais elles ont deux points communs: vous devez le faire depuis l&rsquo;application mobile et activer le Bluetooth. L&rsquo;utilisation du Bluetooth requiert la localisation pour la majorit\u00e9 des dispositifs Android. La connexion entre le\u2026","_links":{"self":[{"href":"https:\/\/v2charge.com\/fr\/wp-json\/wp\/v2\/pages\/76875","targetHints":{"allow":["GET"]}}],"collection":[{"href":"https:\/\/v2charge.com\/fr\/wp-json\/wp\/v2\/pages"}],"about":[{"href":"https:\/\/v2charge.com\/fr\/wp-json\/wp\/v2\/types\/page"}],"author":[{"embeddable":true,"href":"https:\/\/v2charge.com\/fr\/wp-json\/wp\/v2\/users\/1"}],"replies":[{"embeddable":true,"href":"https:\/\/v2charge.com\/fr\/wp-json\/wp\/v2\/comments?post=76875"}],"version-history":[{"count":0,"href":"https:\/\/v2charge.com\/fr\/wp-json\/wp\/v2\/pages\/76875\/revisions"}],"wp:attachment":[{"href":"https:\/\/v2charge.com\/fr\/wp-json\/wp\/v2\/media?parent=76875"}],"curies":[{"name":"wp","href":"https:\/\/api.w.org\/{rel}","templated":true}]}}