{"id":77039,"date":"2022-03-03T08:43:31","date_gmt":"2022-03-03T08:43:31","guid":{"rendered":"https:\/\/v2charge.com\/?page_id=77039"},"modified":"2026-04-21T10:38:45","modified_gmt":"2026-04-21T08:38:45","slug":"commandes-fonctionnelles-alexa","status":"publish","type":"page","link":"https:\/\/v2charge.com\/fr\/commandes-fonctionnelles-alexa\/","title":{"rendered":"Commandes fonctionnelles d&rsquo;Alexa"},"content":{"rendered":"\n<div class=\"wp-block-uagb-container uagb-block-b143c9ac alignfull uagb-is-root-container\"><div class=\"uagb-container-inner-blocks-wrap\">\n<div class=\"wp-block-uagb-container uagb-block-64d037ba\">\n<div class=\"wp-block-uagb-container uagb-block-f182ac3c\"><\/div>\n\n\n\n<div class=\"wp-block-uagb-container uagb-block-1448b1f4\">\n<div class=\"wp-block-uagb-advanced-heading uagb-block-aaa01410\"><h1 class=\"uagb-heading-text\">Commandes fonctionnelles d&rsquo;Alexa<\/h1><\/div>\n\n\n\n<div class=\"wp-block-uagb-advanced-heading uagb-block-7a4e6656\"><h2 class=\"uagb-heading-text\">Plongez dans une exp\u00e9rience technologique<\/h2><\/div>\n\n\n\n<p class=\"has-text-color\" style=\"color:#c2c0c0;font-size:16px\">Ma\u00eetrisez toutes les commandes fonctionnelles d\u2019Alexa pour contr\u00f4ler le chargeur de votre voiture \u00e9lectrique avec votre voix. Innovation, rapidit\u00e9 et commodit\u00e9 pour une exp\u00e9rience de charge unique.<\/p>\n\n\n\n<div class=\"wp-block-uagb-buttons uagb-buttons__outer-wrap uagb-btn__default-btn uagb-btn-tablet__default-btn uagb-btn-mobile__default-btn uagb-block-035219f5\"><div class=\"uagb-buttons__wrap uagb-buttons-layout-wrap \">\n<div class=\"wp-block-uagb-buttons-child uagb-buttons__outer-wrap uagb-block-9badb23f wp-block-button\"><div class=\"uagb-button__wrapper\"><a class=\"uagb-buttons-repeater wp-block-button__link\" aria-label=\"\" href=\"https:\/\/v2charge.com\/wp-content\/uploads\/2022\/05\/Relier-Alexa.pdf\" rel=\"follow noopener\" target=\"_blank\" role=\"button\"><div class=\"uagb-button__link\">Appairez votre e-Charger avec Alexa<\/div><\/a><\/div><\/div>\n<\/div><\/div>\n<\/div>\n<\/div>\n<\/div><\/div>\n\n\n\n<div style=\"height:30px\" aria-hidden=\"true\" class=\"wp-block-spacer\"><\/div>\n\n\n\n<div class=\"wp-block-uagb-container uagb-block-5bf65f41 alignfull uagb-is-root-container\"><div class=\"uagb-container-inner-blocks-wrap\">\n<div class=\"wp-block-uagb-container uagb-block-da71c77d default uagb-is-root-container\">\n<div class=\"wp-block-uagb-container uagb-block-0ddc93fc\">\n<div class=\"wp-block-uagb-image aligncenter uagb-block-d4d8c154 wp-block-uagb-image--layout-default wp-block-uagb-image--effect-static wp-block-uagb-image--align-center\"><figure class=\"wp-block-uagb-image__figure\"><img decoding=\"async\" srcset=\"https:\/\/v2charge.com\/wp-content\/uploads\/2023\/11\/icon-important.png ,https:\/\/v2charge.com\/wp-content\/uploads\/2023\/11\/icon-important.png 780w, https:\/\/v2charge.com\/wp-content\/uploads\/2023\/11\/icon-important.png 360w\" sizes=\"auto, (max-width: 480px) 150px\" src=\"https:\/\/v2charge.com\/wp-content\/uploads\/2023\/11\/icon-important.png\" alt=\"\" class=\"uag-image-125013\" width=\"50\" height=\"50\" title=\"\" loading=\"lazy\" role=\"img\"\/><\/figure><\/div>\n<\/div>\n\n\n\n<div class=\"wp-block-uagb-container uagb-block-67cf4dad\">\n<div class=\"wp-block-uagb-advanced-heading uagb-block-459cee5f\"><p class=\"uagb-heading-text\"><strong><strong><em>Le mod\u00e8le g\u00e9n\u00e9ral est : \u00ab\u00a0Alexa, mets [nom du chargeur] en mode [mot].\u00a0\u00bb<\/em><\/strong><\/strong><\/p><\/div>\n<\/div>\n<\/div>\n<\/div><\/div>\n\n\n\n<div style=\"height:30px\" aria-hidden=\"true\" class=\"wp-block-spacer\"><\/div>\n\n\n\n<div class=\"wp-block-uagb-container uagb-block-ccfebc02 alignfull uagb-is-root-container\"><div class=\"uagb-container-inner-blocks-wrap\">\n<div class=\"wp-block-uagb-advanced-heading uagb-block-bd6206dc\"><h2 class=\"uagb-heading-text\">Verrouiller le chargeur<\/h2><\/div>\n\n\n\n<p>\u00ab\u00a0\u2026en mode Verrouiller\u00a0\u00bb<\/p>\n<\/div><\/div>\n\n\n\n<div style=\"height:40px\" aria-hidden=\"true\" class=\"wp-block-spacer\"><\/div>\n\n\n\n<div class=\"wp-block-uagb-container uagb-block-9ac41ac8 alignfull uagb-is-root-container\"><div class=\"uagb-container-inner-blocks-wrap\">\n<div class=\"wp-block-uagb-advanced-heading uagb-block-0287eec7\"><h2 class=\"uagb-heading-text\">D\u00e9verrouiller le chargeur<\/h2><\/div>\n\n\n\n<p>\u00ab\u00a0\u2026en mode D\u00e9verrouiller\u00a0\u00bb<\/p>\n<\/div><\/div>\n\n\n\n<div style=\"height:40px\" aria-hidden=\"true\" class=\"wp-block-spacer\"><\/div>\n\n\n\n<div class=\"wp-block-uagb-container uagb-block-10fa5e64 alignfull uagb-is-root-container\"><div class=\"uagb-container-inner-blocks-wrap\">\n<div class=\"wp-block-uagb-advanced-heading uagb-block-d62318d2\"><h2 class=\"uagb-heading-text\">Mettre la charge en pause<\/h2><\/div>\n\n\n\n<p>\u00ab\u00a0\u2026en mode Pause\u00a0\u00bb \/ \u00ab\u00a0\u2026en mode Mettre en pause\u00a0\u00bb \/ \u00ab\u00a0\u2026en mode En pause\u00a0\u00bb<br><br>\u00ab\u00a0\u2026en mode Pause de charge\u00a0\u00bb \/ \u00ab\u00a0\u2026en mode Mettre charge en pause\u00a0\u00bb<br><br>\u00ab\u00a0\u2026en mode Arr\u00eater la charge\u00a0\u00bb \/ \u00ab\u00a0\u2026en mode Mettre en pause le\u00a0\u00bb \/ \u00ab\u00a0\u2026en mode Pausez le\u00a0\u00bb<\/p>\n<\/div><\/div>\n\n\n\n<div style=\"height:40px\" aria-hidden=\"true\" class=\"wp-block-spacer\"><\/div>\n\n\n\n<div class=\"wp-block-uagb-container uagb-block-59c2256a alignfull uagb-is-root-container\"><div class=\"uagb-container-inner-blocks-wrap\">\n<div class=\"wp-block-uagb-advanced-heading uagb-block-bb56ec01\"><h2 class=\"uagb-heading-text\">Reprendre la charge<\/h2><\/div>\n\n\n\n<p>\u00ab\u00a0\u2026en mode Reprendre\u00a0\u00bb \/ \u00ab\u00a0\u2026en mode Reprenez\u00a0\u00bb \/ \u00ab\u00a0\u2026en mode Reprenez-moi\u00a0\u00bb<br><br>\u00ab\u00a0\u2026en mode Reprendre la charge\u00a0\u00bb \/ \u00ab\u00a0\u2026en mode Reprendre charge\u00a0\u00bb<br><br>\u00ab\u00a0\u2026en mode Reprendre la recharge\u00a0\u00bb \/ \u00ab\u00a0\u2026en mode Reprenez le\u00a0\u00bb \/ \u00ab\u00a0\u2026en mode Reprendre le\u00a0\u00bb<\/p>\n<\/div><\/div>\n\n\n\n<div style=\"height:49px\" aria-hidden=\"true\" class=\"wp-block-spacer\"><\/div>\n\n\n\n<div class=\"wp-block-uagb-container uagb-block-0038c469 alignfull uagb-is-root-container\"><div class=\"uagb-container-inner-blocks-wrap\">\n<div class=\"wp-block-uagb-advanced-heading uagb-block-705e418c\"><h2 class=\"uagb-heading-text\">Consulter l&rsquo;\u00e9tat<\/h2><\/div>\n\n\n\n<p>\u00ab\u00a0Alexa, quel est l&rsquo;\u00e9tat de [nom du chargeur] ?\u00a0\u00bb<\/p>\n\n\n\n<p><strong>R\u00e9ponses possibles :<\/strong><\/p>\n\n\n\n<figure class=\"wp-block-table\"><table class=\"has-fixed-layout\"><tbody><tr><td><strong>V\u00e9hicule \u00e9lectrique connect\u00e9<\/strong><\/td><td>Voiture branch\u00e9e mais sans recharge (Veille)<\/td><\/tr><tr><td><strong>En attente d&rsquo;un v\u00e9hicule \u00e9lectrique<\/strong><\/td><td>Chargeur pr\u00eat, sans voiture connect\u00e9e<\/td><\/tr><tr><td><strong>V\u00e9hicule \u00e9lectrique en charge<\/strong><\/td><td>Charge active en cours<\/td><\/tr><tr><td><strong>Charge en pause<\/strong><\/td><td>Charge mise en pause manuellement<\/td><\/tr><tr><td><strong>Chargeur verrouill\u00e9<\/strong><\/td><td>Le chargeur est verrouill\u00e9<\/td><\/tr><tr><td><strong>Chargeur hors ligne<\/strong><\/td><td>Le chargeur n&rsquo;a pas de connexion Internet<\/td><\/tr><\/tbody><\/table><\/figure>\n\n\n\n<p><em><strong>IMPORTANT<\/strong> : La pause ne fonctionne que si la voiture est en cours de charge. La reprise ne fonctionne que si la charge est en pause. Si le chargeur est hors ligne, Alexa r\u00e9pond avec l&rsquo;erreur ENDPOINT_UNREACHABLE.<\/em><\/p>\n<\/div><\/div>\n\n\n\n<div style=\"height:30px\" aria-hidden=\"true\" class=\"wp-block-spacer\"><\/div>\n","protected":false},"excerpt":{"rendered":"<p>Commandes fonctionnelles d&rsquo;Alexa Plongez dans une exp\u00e9rience technologique Ma\u00eetrisez toutes les commandes fonctionnelles d\u2019Alexa pour contr\u00f4ler le chargeur de votre voiture \u00e9lectrique avec votre voix. Innovation, rapidit\u00e9 et commodit\u00e9 pour une exp\u00e9rience de charge unique. Le mod\u00e8le g\u00e9n\u00e9ral est : \u00ab\u00a0Alexa, mets [nom du chargeur] en mode [mot].\u00a0\u00bb Verrouiller le chargeur \u00ab\u00a0\u2026en mode Verrouiller\u00a0\u00bb D\u00e9verrouiller &#8230; <a title=\"Commandes fonctionnelles d&rsquo;Alexa\" class=\"read-more\" href=\"https:\/\/v2charge.com\/fr\/commandes-fonctionnelles-alexa\/\" aria-label=\"Read more about Commandes fonctionnelles d&rsquo;Alexa\">Lire la suite<\/a><\/p>\n","protected":false},"author":1,"featured_media":170349,"parent":0,"menu_order":0,"comment_status":"closed","ping_status":"closed","template":"","meta":{"_eb_attr":"","content-type":"","_uag_custom_page_level_css":"","footnotes":""},"class_list":["post-77039","page","type-page","status-publish","has-post-thumbnail"],"yoast_head":"<!-- This site is optimized with the Yoast SEO plugin v25.3.1 - https:\/\/yoast.com\/wordpress\/plugins\/seo\/ -->\n<title>Commandes fonctionnelles Alexa pour V2C Cloud | V2C \u00ae<\/title>\n<meta name=\"description\" content=\"Apprenez \u00e0 conna\u00eetre les commandes fonctionnelles d&#039;Alexa de votre chargeur \u00e9lectrique V2C et commencez \u00e0 g\u00e9rer la charge de votre v\u00e9hicule en temps r\u00e9el.\" \/>\n<meta name=\"robots\" content=\"index, follow, max-snippet:-1, max-image-preview:large, max-video-preview:-1\" \/>\n<link rel=\"canonical\" href=\"https:\/\/v2charge.com\/fr\/commandes-fonctionnelles-alexa\/\" \/>\n<meta property=\"og:locale\" content=\"fr_FR\" \/>\n<meta property=\"og:type\" content=\"article\" \/>\n<meta property=\"og:title\" content=\"Commandes fonctionnelles Alexa pour V2C Cloud | V2C \u00ae\" \/>\n<meta property=\"og:description\" content=\"Apprenez \u00e0 conna\u00eetre les commandes fonctionnelles d&#039;Alexa de votre chargeur \u00e9lectrique V2C et commencez \u00e0 g\u00e9rer la charge de votre v\u00e9hicule en temps r\u00e9el.\" \/>\n<meta property=\"og:url\" content=\"https:\/\/v2charge.com\/fr\/commandes-fonctionnelles-alexa\/\" \/>\n<meta property=\"og:site_name\" content=\"V2C\" \/>\n<meta property=\"article:publisher\" content=\"https:\/\/www.facebook.com\/V2C.Charge\" \/>\n<meta property=\"article:modified_time\" content=\"2026-04-21T08:38:45+00:00\" \/>\n<meta property=\"og:image\" content=\"https:\/\/v2charge.com\/wp-content\/uploads\/2024\/07\/v2c-electric-chargers.jpg\" \/>\n\t<meta property=\"og:image:width\" content=\"1200\" \/>\n\t<meta property=\"og:image:height\" content=\"675\" \/>\n\t<meta property=\"og:image:type\" content=\"image\/jpeg\" \/>\n<meta name=\"twitter:card\" content=\"summary_large_image\" \/>\n<meta name=\"twitter:site\" content=\"@V2C_Charge\" \/>\n<meta name=\"twitter:label1\" content=\"Dur\u00e9e de lecture estim\u00e9e\" \/>\n\t<meta name=\"twitter:data1\" content=\"2 minutes\" \/>\n<script type=\"application\/ld+json\" class=\"yoast-schema-graph\">{\"@context\":\"https:\/\/schema.org\",\"@graph\":[{\"@type\":\"WebPage\",\"@id\":\"https:\/\/v2charge.com\/fr\/commandes-fonctionnelles-alexa\/\",\"url\":\"https:\/\/v2charge.com\/fr\/commandes-fonctionnelles-alexa\/\",\"name\":\"Commandes fonctionnelles Alexa pour V2C Cloud | V2C \u00ae\",\"isPartOf\":{\"@id\":\"https:\/\/v2charge.com\/fr\/#website\"},\"primaryImageOfPage\":{\"@id\":\"https:\/\/v2charge.com\/fr\/commandes-fonctionnelles-alexa\/#primaryimage\"},\"image\":{\"@id\":\"https:\/\/v2charge.com\/fr\/commandes-fonctionnelles-alexa\/#primaryimage\"},\"thumbnailUrl\":\"https:\/\/v2charge.com\/wp-content\/uploads\/2024\/07\/v2c-electric-chargers.jpg\",\"datePublished\":\"2022-03-03T08:43:31+00:00\",\"dateModified\":\"2026-04-21T08:38:45+00:00\",\"description\":\"Apprenez \u00e0 conna\u00eetre les commandes fonctionnelles d'Alexa de votre chargeur \u00e9lectrique V2C et commencez \u00e0 g\u00e9rer la charge de votre v\u00e9hicule en temps r\u00e9el.\",\"breadcrumb\":{\"@id\":\"https:\/\/v2charge.com\/fr\/commandes-fonctionnelles-alexa\/#breadcrumb\"},\"inLanguage\":\"fr-FR\",\"potentialAction\":[{\"@type\":\"ReadAction\",\"target\":[\"https:\/\/v2charge.com\/fr\/commandes-fonctionnelles-alexa\/\"]}]},{\"@type\":\"ImageObject\",\"inLanguage\":\"fr-FR\",\"@id\":\"https:\/\/v2charge.com\/fr\/commandes-fonctionnelles-alexa\/#primaryimage\",\"url\":\"https:\/\/v2charge.com\/wp-content\/uploads\/2024\/07\/v2c-electric-chargers.jpg\",\"contentUrl\":\"https:\/\/v2charge.com\/wp-content\/uploads\/2024\/07\/v2c-electric-chargers.jpg\",\"width\":1200,\"height\":675,\"caption\":\"V2C Electric Chargers\"},{\"@type\":\"BreadcrumbList\",\"@id\":\"https:\/\/v2charge.com\/fr\/commandes-fonctionnelles-alexa\/#breadcrumb\",\"itemListElement\":[{\"@type\":\"ListItem\",\"position\":1,\"name\":\"V2C\",\"item\":\"https:\/\/v2charge.com\/fr\/\"},{\"@type\":\"ListItem\",\"position\":2,\"name\":\"Commandes fonctionnelles d&#8217;Alexa\"}]},{\"@type\":\"WebSite\",\"@id\":\"https:\/\/v2charge.com\/fr\/#website\",\"url\":\"https:\/\/v2charge.com\/fr\/\",\"name\":\"V2C\",\"description\":\"#CargandoElMa\u00f1ana\",\"publisher\":{\"@id\":\"https:\/\/v2charge.com\/fr\/#organization\"},\"potentialAction\":[{\"@type\":\"SearchAction\",\"target\":{\"@type\":\"EntryPoint\",\"urlTemplate\":\"https:\/\/v2charge.com\/fr\/?s={search_term_string}\"},\"query-input\":{\"@type\":\"PropertyValueSpecification\",\"valueRequired\":true,\"valueName\":\"search_term_string\"}}],\"inLanguage\":\"fr-FR\"},{\"@type\":\"Organization\",\"@id\":\"https:\/\/v2charge.com\/fr\/#organization\",\"name\":\"V2C\",\"url\":\"https:\/\/v2charge.com\/fr\/\",\"logo\":{\"@type\":\"ImageObject\",\"inLanguage\":\"fr-FR\",\"@id\":\"https:\/\/v2charge.com\/fr\/#\/schema\/logo\/image\/\",\"url\":\"https:\/\/v2charge.com\/wp-content\/uploads\/2024\/11\/cropped-v2c-charge-logo-menu.png\",\"contentUrl\":\"https:\/\/v2charge.com\/wp-content\/uploads\/2024\/11\/cropped-v2c-charge-logo-menu.png\",\"width\":984,\"height\":431,\"caption\":\"V2C\"},\"image\":{\"@id\":\"https:\/\/v2charge.com\/fr\/#\/schema\/logo\/image\/\"},\"sameAs\":[\"https:\/\/www.facebook.com\/V2C.Charge\",\"https:\/\/x.com\/V2C_Charge\",\"https:\/\/www.instagram.com\/v2c.charge\/\",\"https:\/\/www.youtube.com\/@V2C\",\"https:\/\/www.linkedin.com\/company\/v2c-chargers\/\"]}]}<\/script>\n<!-- \/ Yoast SEO plugin. -->","yoast_head_json":{"title":"Commandes fonctionnelles Alexa pour V2C Cloud | V2C \u00ae","description":"Apprenez \u00e0 conna\u00eetre les commandes fonctionnelles d'Alexa de votre chargeur \u00e9lectrique V2C et commencez \u00e0 g\u00e9rer la charge de votre v\u00e9hicule en temps r\u00e9el.","robots":{"index":"index","follow":"follow","max-snippet":"max-snippet:-1","max-image-preview":"max-image-preview:large","max-video-preview":"max-video-preview:-1"},"canonical":"https:\/\/v2charge.com\/fr\/commandes-fonctionnelles-alexa\/","og_locale":"fr_FR","og_type":"article","og_title":"Commandes fonctionnelles Alexa pour V2C Cloud | V2C \u00ae","og_description":"Apprenez \u00e0 conna\u00eetre les commandes fonctionnelles d'Alexa de votre chargeur \u00e9lectrique V2C et commencez \u00e0 g\u00e9rer la charge de votre v\u00e9hicule en temps r\u00e9el.","og_url":"https:\/\/v2charge.com\/fr\/commandes-fonctionnelles-alexa\/","og_site_name":"V2C","article_publisher":"https:\/\/www.facebook.com\/V2C.Charge","article_modified_time":"2026-04-21T08:38:45+00:00","og_image":[{"width":1200,"height":675,"url":"https:\/\/v2charge.com\/wp-content\/uploads\/2024\/07\/v2c-electric-chargers.jpg","type":"image\/jpeg"}],"twitter_card":"summary_large_image","twitter_site":"@V2C_Charge","twitter_misc":{"Dur\u00e9e de lecture estim\u00e9e":"2 minutes"},"schema":{"@context":"https:\/\/schema.org","@graph":[{"@type":"WebPage","@id":"https:\/\/v2charge.com\/fr\/commandes-fonctionnelles-alexa\/","url":"https:\/\/v2charge.com\/fr\/commandes-fonctionnelles-alexa\/","name":"Commandes fonctionnelles Alexa pour V2C Cloud | V2C \u00ae","isPartOf":{"@id":"https:\/\/v2charge.com\/fr\/#website"},"primaryImageOfPage":{"@id":"https:\/\/v2charge.com\/fr\/commandes-fonctionnelles-alexa\/#primaryimage"},"image":{"@id":"https:\/\/v2charge.com\/fr\/commandes-fonctionnelles-alexa\/#primaryimage"},"thumbnailUrl":"https:\/\/v2charge.com\/wp-content\/uploads\/2024\/07\/v2c-electric-chargers.jpg","datePublished":"2022-03-03T08:43:31+00:00","dateModified":"2026-04-21T08:38:45+00:00","description":"Apprenez \u00e0 conna\u00eetre les commandes fonctionnelles d'Alexa de votre chargeur \u00e9lectrique V2C et commencez \u00e0 g\u00e9rer la charge de votre v\u00e9hicule en temps r\u00e9el.","breadcrumb":{"@id":"https:\/\/v2charge.com\/fr\/commandes-fonctionnelles-alexa\/#breadcrumb"},"inLanguage":"fr-FR","potentialAction":[{"@type":"ReadAction","target":["https:\/\/v2charge.com\/fr\/commandes-fonctionnelles-alexa\/"]}]},{"@type":"ImageObject","inLanguage":"fr-FR","@id":"https:\/\/v2charge.com\/fr\/commandes-fonctionnelles-alexa\/#primaryimage","url":"https:\/\/v2charge.com\/wp-content\/uploads\/2024\/07\/v2c-electric-chargers.jpg","contentUrl":"https:\/\/v2charge.com\/wp-content\/uploads\/2024\/07\/v2c-electric-chargers.jpg","width":1200,"height":675,"caption":"V2C Electric Chargers"},{"@type":"BreadcrumbList","@id":"https:\/\/v2charge.com\/fr\/commandes-fonctionnelles-alexa\/#breadcrumb","itemListElement":[{"@type":"ListItem","position":1,"name":"V2C","item":"https:\/\/v2charge.com\/fr\/"},{"@type":"ListItem","position":2,"name":"Commandes fonctionnelles d&#8217;Alexa"}]},{"@type":"WebSite","@id":"https:\/\/v2charge.com\/fr\/#website","url":"https:\/\/v2charge.com\/fr\/","name":"V2C","description":"#CargandoElMa\u00f1ana","publisher":{"@id":"https:\/\/v2charge.com\/fr\/#organization"},"potentialAction":[{"@type":"SearchAction","target":{"@type":"EntryPoint","urlTemplate":"https:\/\/v2charge.com\/fr\/?s={search_term_string}"},"query-input":{"@type":"PropertyValueSpecification","valueRequired":true,"valueName":"search_term_string"}}],"inLanguage":"fr-FR"},{"@type":"Organization","@id":"https:\/\/v2charge.com\/fr\/#organization","name":"V2C","url":"https:\/\/v2charge.com\/fr\/","logo":{"@type":"ImageObject","inLanguage":"fr-FR","@id":"https:\/\/v2charge.com\/fr\/#\/schema\/logo\/image\/","url":"https:\/\/v2charge.com\/wp-content\/uploads\/2024\/11\/cropped-v2c-charge-logo-menu.png","contentUrl":"https:\/\/v2charge.com\/wp-content\/uploads\/2024\/11\/cropped-v2c-charge-logo-menu.png","width":984,"height":431,"caption":"V2C"},"image":{"@id":"https:\/\/v2charge.com\/fr\/#\/schema\/logo\/image\/"},"sameAs":["https:\/\/www.facebook.com\/V2C.Charge","https:\/\/x.com\/V2C_Charge","https:\/\/www.instagram.com\/v2c.charge\/","https:\/\/www.youtube.com\/@V2C","https:\/\/www.linkedin.com\/company\/v2c-chargers\/"]}]}},"uagb_featured_image_src":{"full":["https:\/\/v2charge.com\/wp-content\/uploads\/2024\/07\/v2c-electric-chargers.jpg",1200,675,false],"thumbnail":["https:\/\/v2charge.com\/wp-content\/uploads\/2024\/07\/v2c-electric-chargers-150x150.jpg",150,150,true],"medium":["https:\/\/v2charge.com\/wp-content\/uploads\/2024\/07\/v2c-electric-chargers-300x169.jpg",300,169,true],"medium_large":["https:\/\/v2charge.com\/wp-content\/uploads\/2024\/07\/v2c-electric-chargers-768x432.jpg",768,432,true],"large":["https:\/\/v2charge.com\/wp-content\/uploads\/2024\/07\/v2c-electric-chargers-1024x576.jpg",1024,576,true],"gs-tiny":["https:\/\/v2charge.com\/wp-content\/uploads\/2024\/07\/v2c-electric-chargers.jpg",50,28,false],"xl":["https:\/\/v2charge.com\/wp-content\/uploads\/2024\/07\/v2c-electric-chargers.jpg",1200,675,false],"xxl":["https:\/\/v2charge.com\/wp-content\/uploads\/2024\/07\/v2c-electric-chargers.jpg",1200,675,false],"xxxl":["https:\/\/v2charge.com\/wp-content\/uploads\/2024\/07\/v2c-electric-chargers.jpg",1200,675,false],"xxxxl":["https:\/\/v2charge.com\/wp-content\/uploads\/2024\/07\/v2c-electric-chargers.jpg",1200,675,false],"xxxxxl":["https:\/\/v2charge.com\/wp-content\/uploads\/2024\/07\/v2c-electric-chargers.jpg",1200,675,false],"1536x1536":["https:\/\/v2charge.com\/wp-content\/uploads\/2024\/07\/v2c-electric-chargers.jpg",1200,675,false],"2048x2048":["https:\/\/v2charge.com\/wp-content\/uploads\/2024\/07\/v2c-electric-chargers.jpg",1200,675,false]},"uagb_author_info":{"display_name":"V2C","author_link":"https:\/\/v2charge.com\/fr\/author\/root_k4eu7ki8\/"},"uagb_comment_info":0,"uagb_excerpt":"Commandes fonctionnelles d&rsquo;Alexa Plongez dans une exp\u00e9rience technologique Ma\u00eetrisez toutes les commandes fonctionnelles d\u2019Alexa pour contr\u00f4ler le chargeur de votre voiture \u00e9lectrique avec votre voix. Innovation, rapidit\u00e9 et commodit\u00e9 pour une exp\u00e9rience de charge unique. Le mod\u00e8le g\u00e9n\u00e9ral est : \u00ab\u00a0Alexa, mets [nom du chargeur] en mode [mot].\u00a0\u00bb Verrouiller le chargeur \u00ab\u00a0\u2026en mode Verrouiller\u00a0\u00bb D\u00e9verrouiller\u2026","_links":{"self":[{"href":"https:\/\/v2charge.com\/fr\/wp-json\/wp\/v2\/pages\/77039","targetHints":{"allow":["GET"]}}],"collection":[{"href":"https:\/\/v2charge.com\/fr\/wp-json\/wp\/v2\/pages"}],"about":[{"href":"https:\/\/v2charge.com\/fr\/wp-json\/wp\/v2\/types\/page"}],"author":[{"embeddable":true,"href":"https:\/\/v2charge.com\/fr\/wp-json\/wp\/v2\/users\/1"}],"replies":[{"embeddable":true,"href":"https:\/\/v2charge.com\/fr\/wp-json\/wp\/v2\/comments?post=77039"}],"version-history":[{"count":1,"href":"https:\/\/v2charge.com\/fr\/wp-json\/wp\/v2\/pages\/77039\/revisions"}],"predecessor-version":[{"id":316516,"href":"https:\/\/v2charge.com\/fr\/wp-json\/wp\/v2\/pages\/77039\/revisions\/316516"}],"wp:featuredmedia":[{"embeddable":true,"href":"https:\/\/v2charge.com\/fr\/wp-json\/wp\/v2\/media\/170349"}],"wp:attachment":[{"href":"https:\/\/v2charge.com\/fr\/wp-json\/wp\/v2\/media?parent=77039"}],"curies":[{"name":"wp","href":"https:\/\/api.w.org\/{rel}","templated":true}]}}