{"id":77149,"date":"2021-12-31T13:51:24","date_gmt":"2021-12-31T13:51:24","guid":{"rendered":"https:\/\/v2charge.com\/how-do-i-connect-my-echarger-to-bluetooth\/"},"modified":"2023-06-14T06:51:51","modified_gmt":"2023-06-14T06:51:51","slug":"comment-connecter-mon-e-charger-v2c-au-bluetooth","status":"publish","type":"page","link":"https:\/\/v2charge.com\/fr\/comment-connecter-mon-e-charger-v2c-au-bluetooth\/","title":{"rendered":"Comment connecter mon e-Charger au Bluetooth ?"},"content":{"rendered":"<h1>Comment connecter mon e-Charger au Bluetooth ?<\/h1>\n\n\n<p>Vous pouvez configurer votre e-Charger, consulter vos statistiques et votre charge en temps r\u00e9el et \u00e0 distance gr\u00e2ce \u00e0 une connexion Bluetooth. Cependant, cette connexion reste toujours plus limit\u00e9e qu&rsquo;une connexion Wifi.<\/p>\n\n\n\n<p>Tous les \u00e9quipements ne disposent pas de fonctionnalit\u00e9s Bluetooth, seulement ceux destin\u00e9s \u00e0 un usage priv\u00e9 dans des garages communs. Les \u00e9quipements les plus avanc\u00e9s et connect\u00e9s \u00e0 Internet, disposent de cette connexion pour entrer le mot de passe Wifi.<\/p>\n\n\n\n<p>Vous pouvez acc\u00e9der aux plateformes mobiles, Android ou iPhone, avec le Bluetooth.<\/p>\n\n\n\n<p>Restez pr\u00e8s du e-Charger, la couverture Bluetooth varie mais \u00e0 plus de 10 m de distance, la connexion peut \u00eatre endommag\u00e9e ou devenir lente.<\/p>\n\n\n\n<p>L&rsquo;ic\u00f4ne du Bluetooth appara\u00eetra directement sur l&rsquo;\u00e9cran du e-Charger et s&rsquo;activera. Vous pouvez \u00e0 pr\u00e9sent utiliser votre e-Charger via le Bluetooth.<\/p>\n\n\n\n<p>Si vous disposez pas de connexion dans votre garage, nous vous recommandons d&rsquo;ouvrir l&rsquo;application avant, lorsque vous en avez, afin d&rsquo;actualiser les statistiques. Une connexion Internet est n\u00e9cessaire \u00e0 la premi\u00e8re ouverture de l&rsquo;application pour sauvegarder l&rsquo;utilisateur.<\/p>\n\n\n\n<figure><img decoding=\"async\" src=\"https:\/\/v2charge.com\/wp-content\/uploads\/2021\/12\/Screenshot_2021-12-31-13-46-22-685_com.v2charge.app_iphone12black_portrait-2-542x1024.png\" alt=\"\" width=\"407\" height=\"768\"\/><\/figure>\n\n\n\n<p>Gr\u00e2ce au Bluetooth vous pourrez:<\/p>\n\n\n\n<ul class=\"wp-block-list\"><li>Configurer votre e-Charger<\/li><li>Le v\u00e9rouiller\/ d\u00e9verouiller<\/li><li>Consulter en temps r\u00e9el votre charge<\/li><li>Changer la puissance de charge en temps r\u00e9el<\/li><li>Mettre en pause la charge<\/li><li>Programmer les minuteurs<\/li><li>G\u00e9rer le Contr\u00f4le Dynamique de Puissance (avec ou sans panneaux solaires)<\/li><li>Transf\u00e9rer les statistiques vers le cloud (vous pourrez les consulter sans \u00eatre connect\u00e9 au e-Charger)<\/li><li>Autres fonctionnalit\u00e9s.<\/li><\/ul>\n\n\n\n<p>Si le Bluetooth n&rsquo;est pas connect\u00e9, voici quelques solutions:<\/p>\n\n\n\n<ol class=\"wp-block-list\"><li>Red\u00e9marrer votre t\u00e9l\u00e9phone portable.<\/li><li>Fermer l&rsquo;application et la r\u00e9ouvrir.<\/li><li>Activer et d\u00e9sactiver le Bluetooth.<\/li><\/ol>\n\n\n\n<p><\/p>\n","protected":false},"excerpt":{"rendered":"<p>Comment connecter mon e-Charger au Bluetooth ? Vous pouvez configurer votre e-Charger, consulter vos statistiques et votre charge en temps r\u00e9el et \u00e0 distance gr\u00e2ce \u00e0 une connexion Bluetooth. Cependant, cette connexion reste toujours plus limit\u00e9e qu&rsquo;une connexion Wifi. Tous les \u00e9quipements ne disposent pas de fonctionnalit\u00e9s Bluetooth, seulement ceux destin\u00e9s \u00e0 un usage priv\u00e9 &#8230; <a title=\"Comment connecter mon e-Charger au Bluetooth ?\" class=\"read-more\" href=\"https:\/\/v2charge.com\/fr\/comment-connecter-mon-e-charger-v2c-au-bluetooth\/\" aria-label=\"Read more about Comment connecter mon e-Charger au Bluetooth ?\">Lire la suite<\/a><\/p>\n","protected":false},"author":1,"featured_media":170349,"parent":0,"menu_order":0,"comment_status":"closed","ping_status":"closed","template":"","meta":{"_eb_attr":"","content-type":"","_uag_custom_page_level_css":"","footnotes":""},"class_list":["post-77149","page","type-page","status-publish","has-post-thumbnail"],"yoast_head":"<!-- This site is optimized with the Yoast SEO plugin v25.3.1 - https:\/\/yoast.com\/wordpress\/plugins\/seo\/ -->\n<title>Comment connecter mon point de charge V2C avec Bluetooh | V2C<\/title>\n<meta name=\"description\" content=\"Si vous souhaitez connecter votre chargeur \u00e9lectrique V2C via Bluetooh, nous vous expliquons comment le faire de mani\u00e8re simple via V2C Cloud.\" \/>\n<meta name=\"robots\" content=\"index, follow, max-snippet:-1, max-image-preview:large, max-video-preview:-1\" \/>\n<link rel=\"canonical\" href=\"https:\/\/v2charge.com\/fr\/comment-connecter-mon-e-charger-v2c-au-bluetooth\/\" \/>\n<meta property=\"og:locale\" content=\"fr_FR\" \/>\n<meta property=\"og:type\" content=\"article\" \/>\n<meta property=\"og:title\" content=\"Comment connecter mon point de charge V2C avec Bluetooh | V2C\" \/>\n<meta property=\"og:description\" content=\"Si vous souhaitez connecter votre chargeur \u00e9lectrique V2C via Bluetooh, nous vous expliquons comment le faire de mani\u00e8re simple via V2C Cloud.\" \/>\n<meta property=\"og:url\" content=\"https:\/\/v2charge.com\/fr\/comment-connecter-mon-e-charger-v2c-au-bluetooth\/\" \/>\n<meta property=\"og:site_name\" content=\"V2C\" \/>\n<meta property=\"article:publisher\" content=\"https:\/\/www.facebook.com\/V2C.Charge\" \/>\n<meta property=\"article:modified_time\" content=\"2023-06-14T06:51:51+00:00\" \/>\n<meta property=\"og:image\" content=\"https:\/\/v2charge.com\/wp-content\/uploads\/2021\/12\/Screenshot_2021-12-31-13-46-22-685_com.v2charge.app_iphone12black_portrait-2-542x1024.png\" \/>\n<meta name=\"twitter:card\" content=\"summary_large_image\" \/>\n<meta name=\"twitter:site\" content=\"@V2C_Charge\" \/>\n<meta name=\"twitter:label1\" content=\"Dur\u00e9e de lecture estim\u00e9e\" \/>\n\t<meta name=\"twitter:data1\" content=\"2 minutes\" \/>\n<script type=\"application\/ld+json\" class=\"yoast-schema-graph\">{\"@context\":\"https:\/\/schema.org\",\"@graph\":[{\"@type\":\"WebPage\",\"@id\":\"https:\/\/v2charge.com\/fr\/comment-connecter-mon-e-charger-v2c-au-bluetooth\/\",\"url\":\"https:\/\/v2charge.com\/fr\/comment-connecter-mon-e-charger-v2c-au-bluetooth\/\",\"name\":\"Comment connecter mon point de charge V2C avec Bluetooh | V2C\",\"isPartOf\":{\"@id\":\"https:\/\/v2charge.com\/fr\/#website\"},\"primaryImageOfPage\":{\"@id\":\"https:\/\/v2charge.com\/fr\/comment-connecter-mon-e-charger-v2c-au-bluetooth\/#primaryimage\"},\"image\":{\"@id\":\"https:\/\/v2charge.com\/fr\/comment-connecter-mon-e-charger-v2c-au-bluetooth\/#primaryimage\"},\"thumbnailUrl\":\"https:\/\/v2charge.com\/wp-content\/uploads\/2024\/07\/v2c-electric-chargers.jpg\",\"datePublished\":\"2021-12-31T13:51:24+00:00\",\"dateModified\":\"2023-06-14T06:51:51+00:00\",\"description\":\"Si vous souhaitez connecter votre chargeur \u00e9lectrique V2C via Bluetooh, nous vous expliquons comment le faire de mani\u00e8re simple via V2C Cloud.\",\"breadcrumb\":{\"@id\":\"https:\/\/v2charge.com\/fr\/comment-connecter-mon-e-charger-v2c-au-bluetooth\/#breadcrumb\"},\"inLanguage\":\"fr-FR\",\"potentialAction\":[{\"@type\":\"ReadAction\",\"target\":[\"https:\/\/v2charge.com\/fr\/comment-connecter-mon-e-charger-v2c-au-bluetooth\/\"]}]},{\"@type\":\"ImageObject\",\"inLanguage\":\"fr-FR\",\"@id\":\"https:\/\/v2charge.com\/fr\/comment-connecter-mon-e-charger-v2c-au-bluetooth\/#primaryimage\",\"url\":\"https:\/\/v2charge.com\/wp-content\/uploads\/2024\/07\/v2c-electric-chargers.jpg\",\"contentUrl\":\"https:\/\/v2charge.com\/wp-content\/uploads\/2024\/07\/v2c-electric-chargers.jpg\",\"width\":1200,\"height\":675,\"caption\":\"V2C Electric Chargers\"},{\"@type\":\"BreadcrumbList\",\"@id\":\"https:\/\/v2charge.com\/fr\/comment-connecter-mon-e-charger-v2c-au-bluetooth\/#breadcrumb\",\"itemListElement\":[{\"@type\":\"ListItem\",\"position\":1,\"name\":\"V2C\",\"item\":\"https:\/\/v2charge.com\/fr\/\"},{\"@type\":\"ListItem\",\"position\":2,\"name\":\"Comment connecter mon e-Charger au Bluetooth ?\"}]},{\"@type\":\"WebSite\",\"@id\":\"https:\/\/v2charge.com\/fr\/#website\",\"url\":\"https:\/\/v2charge.com\/fr\/\",\"name\":\"V2C\",\"description\":\"#CargandoElMa\u00f1ana\",\"publisher\":{\"@id\":\"https:\/\/v2charge.com\/fr\/#organization\"},\"potentialAction\":[{\"@type\":\"SearchAction\",\"target\":{\"@type\":\"EntryPoint\",\"urlTemplate\":\"https:\/\/v2charge.com\/fr\/?s={search_term_string}\"},\"query-input\":{\"@type\":\"PropertyValueSpecification\",\"valueRequired\":true,\"valueName\":\"search_term_string\"}}],\"inLanguage\":\"fr-FR\"},{\"@type\":\"Organization\",\"@id\":\"https:\/\/v2charge.com\/fr\/#organization\",\"name\":\"V2C\",\"url\":\"https:\/\/v2charge.com\/fr\/\",\"logo\":{\"@type\":\"ImageObject\",\"inLanguage\":\"fr-FR\",\"@id\":\"https:\/\/v2charge.com\/fr\/#\/schema\/logo\/image\/\",\"url\":\"https:\/\/v2charge.com\/wp-content\/uploads\/2024\/11\/cropped-v2c-charge-logo-menu.png\",\"contentUrl\":\"https:\/\/v2charge.com\/wp-content\/uploads\/2024\/11\/cropped-v2c-charge-logo-menu.png\",\"width\":984,\"height\":431,\"caption\":\"V2C\"},\"image\":{\"@id\":\"https:\/\/v2charge.com\/fr\/#\/schema\/logo\/image\/\"},\"sameAs\":[\"https:\/\/www.facebook.com\/V2C.Charge\",\"https:\/\/x.com\/V2C_Charge\",\"https:\/\/www.instagram.com\/v2c.charge\/\",\"https:\/\/www.youtube.com\/@V2C\",\"https:\/\/www.linkedin.com\/company\/v2c-chargers\/\"]}]}<\/script>\n<!-- \/ Yoast SEO plugin. -->","yoast_head_json":{"title":"Comment connecter mon point de charge V2C avec Bluetooh | V2C","description":"Si vous souhaitez connecter votre chargeur \u00e9lectrique V2C via Bluetooh, nous vous expliquons comment le faire de mani\u00e8re simple via V2C Cloud.","robots":{"index":"index","follow":"follow","max-snippet":"max-snippet:-1","max-image-preview":"max-image-preview:large","max-video-preview":"max-video-preview:-1"},"canonical":"https:\/\/v2charge.com\/fr\/comment-connecter-mon-e-charger-v2c-au-bluetooth\/","og_locale":"fr_FR","og_type":"article","og_title":"Comment connecter mon point de charge V2C avec Bluetooh | V2C","og_description":"Si vous souhaitez connecter votre chargeur \u00e9lectrique V2C via Bluetooh, nous vous expliquons comment le faire de mani\u00e8re simple via V2C Cloud.","og_url":"https:\/\/v2charge.com\/fr\/comment-connecter-mon-e-charger-v2c-au-bluetooth\/","og_site_name":"V2C","article_publisher":"https:\/\/www.facebook.com\/V2C.Charge","article_modified_time":"2023-06-14T06:51:51+00:00","og_image":[{"url":"https:\/\/v2charge.com\/wp-content\/uploads\/2021\/12\/Screenshot_2021-12-31-13-46-22-685_com.v2charge.app_iphone12black_portrait-2-542x1024.png","type":"","width":"","height":""}],"twitter_card":"summary_large_image","twitter_site":"@V2C_Charge","twitter_misc":{"Dur\u00e9e de lecture estim\u00e9e":"2 minutes"},"schema":{"@context":"https:\/\/schema.org","@graph":[{"@type":"WebPage","@id":"https:\/\/v2charge.com\/fr\/comment-connecter-mon-e-charger-v2c-au-bluetooth\/","url":"https:\/\/v2charge.com\/fr\/comment-connecter-mon-e-charger-v2c-au-bluetooth\/","name":"Comment connecter mon point de charge V2C avec Bluetooh | V2C","isPartOf":{"@id":"https:\/\/v2charge.com\/fr\/#website"},"primaryImageOfPage":{"@id":"https:\/\/v2charge.com\/fr\/comment-connecter-mon-e-charger-v2c-au-bluetooth\/#primaryimage"},"image":{"@id":"https:\/\/v2charge.com\/fr\/comment-connecter-mon-e-charger-v2c-au-bluetooth\/#primaryimage"},"thumbnailUrl":"https:\/\/v2charge.com\/wp-content\/uploads\/2024\/07\/v2c-electric-chargers.jpg","datePublished":"2021-12-31T13:51:24+00:00","dateModified":"2023-06-14T06:51:51+00:00","description":"Si vous souhaitez connecter votre chargeur \u00e9lectrique V2C via Bluetooh, nous vous expliquons comment le faire de mani\u00e8re simple via V2C Cloud.","breadcrumb":{"@id":"https:\/\/v2charge.com\/fr\/comment-connecter-mon-e-charger-v2c-au-bluetooth\/#breadcrumb"},"inLanguage":"fr-FR","potentialAction":[{"@type":"ReadAction","target":["https:\/\/v2charge.com\/fr\/comment-connecter-mon-e-charger-v2c-au-bluetooth\/"]}]},{"@type":"ImageObject","inLanguage":"fr-FR","@id":"https:\/\/v2charge.com\/fr\/comment-connecter-mon-e-charger-v2c-au-bluetooth\/#primaryimage","url":"https:\/\/v2charge.com\/wp-content\/uploads\/2024\/07\/v2c-electric-chargers.jpg","contentUrl":"https:\/\/v2charge.com\/wp-content\/uploads\/2024\/07\/v2c-electric-chargers.jpg","width":1200,"height":675,"caption":"V2C Electric Chargers"},{"@type":"BreadcrumbList","@id":"https:\/\/v2charge.com\/fr\/comment-connecter-mon-e-charger-v2c-au-bluetooth\/#breadcrumb","itemListElement":[{"@type":"ListItem","position":1,"name":"V2C","item":"https:\/\/v2charge.com\/fr\/"},{"@type":"ListItem","position":2,"name":"Comment connecter mon e-Charger au Bluetooth ?"}]},{"@type":"WebSite","@id":"https:\/\/v2charge.com\/fr\/#website","url":"https:\/\/v2charge.com\/fr\/","name":"V2C","description":"#CargandoElMa\u00f1ana","publisher":{"@id":"https:\/\/v2charge.com\/fr\/#organization"},"potentialAction":[{"@type":"SearchAction","target":{"@type":"EntryPoint","urlTemplate":"https:\/\/v2charge.com\/fr\/?s={search_term_string}"},"query-input":{"@type":"PropertyValueSpecification","valueRequired":true,"valueName":"search_term_string"}}],"inLanguage":"fr-FR"},{"@type":"Organization","@id":"https:\/\/v2charge.com\/fr\/#organization","name":"V2C","url":"https:\/\/v2charge.com\/fr\/","logo":{"@type":"ImageObject","inLanguage":"fr-FR","@id":"https:\/\/v2charge.com\/fr\/#\/schema\/logo\/image\/","url":"https:\/\/v2charge.com\/wp-content\/uploads\/2024\/11\/cropped-v2c-charge-logo-menu.png","contentUrl":"https:\/\/v2charge.com\/wp-content\/uploads\/2024\/11\/cropped-v2c-charge-logo-menu.png","width":984,"height":431,"caption":"V2C"},"image":{"@id":"https:\/\/v2charge.com\/fr\/#\/schema\/logo\/image\/"},"sameAs":["https:\/\/www.facebook.com\/V2C.Charge","https:\/\/x.com\/V2C_Charge","https:\/\/www.instagram.com\/v2c.charge\/","https:\/\/www.youtube.com\/@V2C","https:\/\/www.linkedin.com\/company\/v2c-chargers\/"]}]}},"uagb_featured_image_src":{"full":["https:\/\/v2charge.com\/wp-content\/uploads\/2024\/07\/v2c-electric-chargers.jpg",1200,675,false],"thumbnail":["https:\/\/v2charge.com\/wp-content\/uploads\/2024\/07\/v2c-electric-chargers-150x150.jpg",150,150,true],"medium":["https:\/\/v2charge.com\/wp-content\/uploads\/2024\/07\/v2c-electric-chargers-300x169.jpg",300,169,true],"medium_large":["https:\/\/v2charge.com\/wp-content\/uploads\/2024\/07\/v2c-electric-chargers-768x432.jpg",768,432,true],"large":["https:\/\/v2charge.com\/wp-content\/uploads\/2024\/07\/v2c-electric-chargers-1024x576.jpg",1024,576,true],"gs-tiny":["https:\/\/v2charge.com\/wp-content\/uploads\/2024\/07\/v2c-electric-chargers.jpg",50,28,false],"xl":["https:\/\/v2charge.com\/wp-content\/uploads\/2024\/07\/v2c-electric-chargers.jpg",1200,675,false],"xxl":["https:\/\/v2charge.com\/wp-content\/uploads\/2024\/07\/v2c-electric-chargers.jpg",1200,675,false],"xxxl":["https:\/\/v2charge.com\/wp-content\/uploads\/2024\/07\/v2c-electric-chargers.jpg",1200,675,false],"xxxxl":["https:\/\/v2charge.com\/wp-content\/uploads\/2024\/07\/v2c-electric-chargers.jpg",1200,675,false],"xxxxxl":["https:\/\/v2charge.com\/wp-content\/uploads\/2024\/07\/v2c-electric-chargers.jpg",1200,675,false],"1536x1536":["https:\/\/v2charge.com\/wp-content\/uploads\/2024\/07\/v2c-electric-chargers.jpg",1200,675,false],"2048x2048":["https:\/\/v2charge.com\/wp-content\/uploads\/2024\/07\/v2c-electric-chargers.jpg",1200,675,false]},"uagb_author_info":{"display_name":"V2C","author_link":"https:\/\/v2charge.com\/fr\/author\/root_k4eu7ki8\/"},"uagb_comment_info":0,"uagb_excerpt":"Comment connecter mon e-Charger au Bluetooth ? Vous pouvez configurer votre e-Charger, consulter vos statistiques et votre charge en temps r\u00e9el et \u00e0 distance gr\u00e2ce \u00e0 une connexion Bluetooth. Cependant, cette connexion reste toujours plus limit\u00e9e qu&rsquo;une connexion Wifi. Tous les \u00e9quipements ne disposent pas de fonctionnalit\u00e9s Bluetooth, seulement ceux destin\u00e9s \u00e0 un usage priv\u00e9\u2026","_links":{"self":[{"href":"https:\/\/v2charge.com\/fr\/wp-json\/wp\/v2\/pages\/77149","targetHints":{"allow":["GET"]}}],"collection":[{"href":"https:\/\/v2charge.com\/fr\/wp-json\/wp\/v2\/pages"}],"about":[{"href":"https:\/\/v2charge.com\/fr\/wp-json\/wp\/v2\/types\/page"}],"author":[{"embeddable":true,"href":"https:\/\/v2charge.com\/fr\/wp-json\/wp\/v2\/users\/1"}],"replies":[{"embeddable":true,"href":"https:\/\/v2charge.com\/fr\/wp-json\/wp\/v2\/comments?post=77149"}],"version-history":[{"count":0,"href":"https:\/\/v2charge.com\/fr\/wp-json\/wp\/v2\/pages\/77149\/revisions"}],"wp:featuredmedia":[{"embeddable":true,"href":"https:\/\/v2charge.com\/fr\/wp-json\/wp\/v2\/media\/170349"}],"wp:attachment":[{"href":"https:\/\/v2charge.com\/fr\/wp-json\/wp\/v2\/media?parent=77149"}],"curies":[{"name":"wp","href":"https:\/\/api.w.org\/{rel}","templated":true}]}}