{"id":77154,"date":"2022-01-04T08:39:56","date_gmt":"2022-01-04T08:39:56","guid":{"rendered":"https:\/\/v2charge.com\/como-saber-si-mi-punto-de-recarga-esta-conectado-a-internet\/"},"modified":"2023-06-14T06:37:42","modified_gmt":"2023-06-14T06:37:42","slug":"comment-puis-je-savoir-si-mon-e-charger-est-connecte-a-internet","status":"publish","type":"page","link":"https:\/\/v2charge.com\/fr\/comment-puis-je-savoir-si-mon-e-charger-est-connecte-a-internet\/","title":{"rendered":"Comment puis-je savoir si mon e-Charger est connect\u00e9 \u00e0 Internet ?"},"content":{"rendered":"<h1>Comment puis-je savoir si mon e-Charger est connect\u00e9 \u00e0 Internet ?<\/h1>\n\n\n<p>Pour savoir si votre e-Charger est connect\u00e9 via l&rsquo;application ou le site web, allez sur la page d&rsquo;accueil o\u00f9 vous pourrez trouver les informations gr\u00e2ce au signal d&rsquo;onde ci-dessous.<\/p>\n\n\n\n<p><strong>Gr\u00e2ce \u00e0 la APP:<\/strong><\/p>\n\n\n\n<p>Les ondes sur le e-Charger.<\/p>\n\n\n\n<figure><img decoding=\"async\" src=\"https:\/\/v2charge.com\/wp-content\/uploads\/2022\/01\/conexion-a-internet-punto-de-recarga_iphone12black_portrait-542x1024.png\" alt=\"\" width=\"346\" height=\"653\"\/><\/figure>\n\n\n\n<p>Lorsque vous entrez dans votre e-Charger depuis l&rsquo;application sans aucun type de connexion (Wifi, Bluetooth), cette page s&rsquo;affichera:<\/p>\n\n\n\n<p><\/p>\n\n\n\n<figure><img decoding=\"async\" src=\"https:\/\/v2charge.com\/wp-content\/uploads\/2022\/01\/WhatsApp-Image-2022-01-04-at-09.37.34_iphone12black_portrait-542x1024.png\" alt=\"\" width=\"343\" height=\"648\"\/><figcaption>e-Charger sans connexion<\/figcaption><\/figure>\n\n\n\n<p><strong>Depuis l&rsquo;ordinateur:<\/strong><\/p>\n\n\n\n<p>Si vous entrez sur le site web <a href=\"http:\/\/www.v2c.cloud\">www.v2c.cloud<\/a> sans connexion, cette image appara\u00eetra:<\/p>\n\n\n\n<figure><img decoding=\"async\" src=\"https:\/\/v2charge.com\/wp-content\/uploads\/2022\/01\/Captura-1024x396.png\" alt=\"\"\/><figcaption>Appareil sans connexion<\/figcaption><\/figure>\n\n\n\n<figure><img decoding=\"async\" src=\"https:\/\/v2charge.com\/wp-content\/uploads\/2022\/01\/Captura2-1024x436.png\" alt=\"\"\/><figcaption>Appareil connect\u00e9<\/figcaption><\/figure>\n","protected":false},"excerpt":{"rendered":"<p>Comment puis-je savoir si mon e-Charger est connect\u00e9 \u00e0 Internet ? Pour savoir si votre e-Charger est connect\u00e9 via l&rsquo;application ou le site web, allez sur la page d&rsquo;accueil o\u00f9 vous pourrez trouver les informations gr\u00e2ce au signal d&rsquo;onde ci-dessous. Gr\u00e2ce \u00e0 la APP: Les ondes sur le e-Charger. Lorsque vous entrez dans votre e-Charger &#8230; <a title=\"Comment puis-je savoir si mon e-Charger est connect\u00e9 \u00e0 Internet ?\" class=\"read-more\" href=\"https:\/\/v2charge.com\/fr\/comment-puis-je-savoir-si-mon-e-charger-est-connecte-a-internet\/\" aria-label=\"Read more about Comment puis-je savoir si mon e-Charger est connect\u00e9 \u00e0 Internet ?\">Lire la suite<\/a><\/p>\n","protected":false},"author":1,"featured_media":170349,"parent":0,"menu_order":0,"comment_status":"closed","ping_status":"closed","template":"","meta":{"_eb_attr":"","content-type":"","_uag_custom_page_level_css":"","footnotes":""},"class_list":["post-77154","page","type-page","status-publish","has-post-thumbnail"],"yoast_head":"<!-- This site is optimized with the Yoast SEO plugin v25.3.1 - https:\/\/yoast.com\/wordpress\/plugins\/seo\/ -->\n<title>Comment savoir si votre chargeur V2C est connect\u00e9 \u00e0 l&#039;Internet<\/title>\n<meta name=\"description\" content=\"Nous vous expliquons comment savoir si votre point de charge V2C est connect\u00e9 ou non \u00e0 l&#039;Internet via l&#039;application V2C Cloud ou depuis votre ordinateur.\" \/>\n<meta name=\"robots\" content=\"index, follow, max-snippet:-1, max-image-preview:large, max-video-preview:-1\" \/>\n<link rel=\"canonical\" href=\"https:\/\/v2charge.com\/fr\/comment-puis-je-savoir-si-mon-e-charger-est-connecte-a-internet\/\" \/>\n<meta property=\"og:locale\" content=\"fr_FR\" \/>\n<meta property=\"og:type\" content=\"article\" \/>\n<meta property=\"og:title\" content=\"Comment savoir si votre chargeur V2C est connect\u00e9 \u00e0 l&#039;Internet\" \/>\n<meta property=\"og:description\" content=\"Nous vous expliquons comment savoir si votre point de charge V2C est connect\u00e9 ou non \u00e0 l&#039;Internet via l&#039;application V2C Cloud ou depuis votre ordinateur.\" \/>\n<meta property=\"og:url\" content=\"https:\/\/v2charge.com\/fr\/comment-puis-je-savoir-si-mon-e-charger-est-connecte-a-internet\/\" \/>\n<meta property=\"og:site_name\" content=\"V2C\" \/>\n<meta property=\"article:publisher\" content=\"https:\/\/www.facebook.com\/V2C.Charge\" \/>\n<meta property=\"article:modified_time\" content=\"2023-06-14T06:37:42+00:00\" \/>\n<meta property=\"og:image\" content=\"https:\/\/v2charge.com\/wp-content\/uploads\/2022\/01\/conexion-a-internet-punto-de-recarga_iphone12black_portrait-542x1024.png\" \/>\n<meta name=\"twitter:card\" content=\"summary_large_image\" \/>\n<meta name=\"twitter:site\" content=\"@V2C_Charge\" \/>\n<meta name=\"twitter:label1\" content=\"Dur\u00e9e de lecture estim\u00e9e\" \/>\n\t<meta name=\"twitter:data1\" content=\"2 minutes\" \/>\n<script type=\"application\/ld+json\" class=\"yoast-schema-graph\">{\"@context\":\"https:\/\/schema.org\",\"@graph\":[{\"@type\":\"WebPage\",\"@id\":\"https:\/\/v2charge.com\/fr\/comment-puis-je-savoir-si-mon-e-charger-est-connecte-a-internet\/\",\"url\":\"https:\/\/v2charge.com\/fr\/comment-puis-je-savoir-si-mon-e-charger-est-connecte-a-internet\/\",\"name\":\"Comment savoir si votre chargeur V2C est connect\u00e9 \u00e0 l'Internet\",\"isPartOf\":{\"@id\":\"https:\/\/v2charge.com\/fr\/#website\"},\"primaryImageOfPage\":{\"@id\":\"https:\/\/v2charge.com\/fr\/comment-puis-je-savoir-si-mon-e-charger-est-connecte-a-internet\/#primaryimage\"},\"image\":{\"@id\":\"https:\/\/v2charge.com\/fr\/comment-puis-je-savoir-si-mon-e-charger-est-connecte-a-internet\/#primaryimage\"},\"thumbnailUrl\":\"https:\/\/v2charge.com\/wp-content\/uploads\/2024\/07\/v2c-electric-chargers.jpg\",\"datePublished\":\"2022-01-04T08:39:56+00:00\",\"dateModified\":\"2023-06-14T06:37:42+00:00\",\"description\":\"Nous vous expliquons comment savoir si votre point de charge V2C est connect\u00e9 ou non \u00e0 l'Internet via l'application V2C Cloud ou depuis votre ordinateur.\",\"breadcrumb\":{\"@id\":\"https:\/\/v2charge.com\/fr\/comment-puis-je-savoir-si-mon-e-charger-est-connecte-a-internet\/#breadcrumb\"},\"inLanguage\":\"fr-FR\",\"potentialAction\":[{\"@type\":\"ReadAction\",\"target\":[\"https:\/\/v2charge.com\/fr\/comment-puis-je-savoir-si-mon-e-charger-est-connecte-a-internet\/\"]}]},{\"@type\":\"ImageObject\",\"inLanguage\":\"fr-FR\",\"@id\":\"https:\/\/v2charge.com\/fr\/comment-puis-je-savoir-si-mon-e-charger-est-connecte-a-internet\/#primaryimage\",\"url\":\"https:\/\/v2charge.com\/wp-content\/uploads\/2024\/07\/v2c-electric-chargers.jpg\",\"contentUrl\":\"https:\/\/v2charge.com\/wp-content\/uploads\/2024\/07\/v2c-electric-chargers.jpg\",\"width\":1200,\"height\":675,\"caption\":\"V2C Electric Chargers\"},{\"@type\":\"BreadcrumbList\",\"@id\":\"https:\/\/v2charge.com\/fr\/comment-puis-je-savoir-si-mon-e-charger-est-connecte-a-internet\/#breadcrumb\",\"itemListElement\":[{\"@type\":\"ListItem\",\"position\":1,\"name\":\"V2C\",\"item\":\"https:\/\/v2charge.com\/fr\/\"},{\"@type\":\"ListItem\",\"position\":2,\"name\":\"Comment puis-je savoir si mon e-Charger est connect\u00e9 \u00e0 Internet ?\"}]},{\"@type\":\"WebSite\",\"@id\":\"https:\/\/v2charge.com\/fr\/#website\",\"url\":\"https:\/\/v2charge.com\/fr\/\",\"name\":\"V2C\",\"description\":\"#CargandoElMa\u00f1ana\",\"publisher\":{\"@id\":\"https:\/\/v2charge.com\/fr\/#organization\"},\"potentialAction\":[{\"@type\":\"SearchAction\",\"target\":{\"@type\":\"EntryPoint\",\"urlTemplate\":\"https:\/\/v2charge.com\/fr\/?s={search_term_string}\"},\"query-input\":{\"@type\":\"PropertyValueSpecification\",\"valueRequired\":true,\"valueName\":\"search_term_string\"}}],\"inLanguage\":\"fr-FR\"},{\"@type\":\"Organization\",\"@id\":\"https:\/\/v2charge.com\/fr\/#organization\",\"name\":\"V2C\",\"url\":\"https:\/\/v2charge.com\/fr\/\",\"logo\":{\"@type\":\"ImageObject\",\"inLanguage\":\"fr-FR\",\"@id\":\"https:\/\/v2charge.com\/fr\/#\/schema\/logo\/image\/\",\"url\":\"https:\/\/v2charge.com\/wp-content\/uploads\/2024\/11\/cropped-v2c-charge-logo-menu.png\",\"contentUrl\":\"https:\/\/v2charge.com\/wp-content\/uploads\/2024\/11\/cropped-v2c-charge-logo-menu.png\",\"width\":984,\"height\":431,\"caption\":\"V2C\"},\"image\":{\"@id\":\"https:\/\/v2charge.com\/fr\/#\/schema\/logo\/image\/\"},\"sameAs\":[\"https:\/\/www.facebook.com\/V2C.Charge\",\"https:\/\/x.com\/V2C_Charge\",\"https:\/\/www.instagram.com\/v2c.charge\/\",\"https:\/\/www.youtube.com\/@V2C\",\"https:\/\/www.linkedin.com\/company\/v2c-chargers\/\"]}]}<\/script>\n<!-- \/ Yoast SEO plugin. -->","yoast_head_json":{"title":"Comment savoir si votre chargeur V2C est connect\u00e9 \u00e0 l'Internet","description":"Nous vous expliquons comment savoir si votre point de charge V2C est connect\u00e9 ou non \u00e0 l'Internet via l'application V2C Cloud ou depuis votre ordinateur.","robots":{"index":"index","follow":"follow","max-snippet":"max-snippet:-1","max-image-preview":"max-image-preview:large","max-video-preview":"max-video-preview:-1"},"canonical":"https:\/\/v2charge.com\/fr\/comment-puis-je-savoir-si-mon-e-charger-est-connecte-a-internet\/","og_locale":"fr_FR","og_type":"article","og_title":"Comment savoir si votre chargeur V2C est connect\u00e9 \u00e0 l'Internet","og_description":"Nous vous expliquons comment savoir si votre point de charge V2C est connect\u00e9 ou non \u00e0 l'Internet via l'application V2C Cloud ou depuis votre ordinateur.","og_url":"https:\/\/v2charge.com\/fr\/comment-puis-je-savoir-si-mon-e-charger-est-connecte-a-internet\/","og_site_name":"V2C","article_publisher":"https:\/\/www.facebook.com\/V2C.Charge","article_modified_time":"2023-06-14T06:37:42+00:00","og_image":[{"url":"https:\/\/v2charge.com\/wp-content\/uploads\/2022\/01\/conexion-a-internet-punto-de-recarga_iphone12black_portrait-542x1024.png","type":"","width":"","height":""}],"twitter_card":"summary_large_image","twitter_site":"@V2C_Charge","twitter_misc":{"Dur\u00e9e de lecture estim\u00e9e":"2 minutes"},"schema":{"@context":"https:\/\/schema.org","@graph":[{"@type":"WebPage","@id":"https:\/\/v2charge.com\/fr\/comment-puis-je-savoir-si-mon-e-charger-est-connecte-a-internet\/","url":"https:\/\/v2charge.com\/fr\/comment-puis-je-savoir-si-mon-e-charger-est-connecte-a-internet\/","name":"Comment savoir si votre chargeur V2C est connect\u00e9 \u00e0 l'Internet","isPartOf":{"@id":"https:\/\/v2charge.com\/fr\/#website"},"primaryImageOfPage":{"@id":"https:\/\/v2charge.com\/fr\/comment-puis-je-savoir-si-mon-e-charger-est-connecte-a-internet\/#primaryimage"},"image":{"@id":"https:\/\/v2charge.com\/fr\/comment-puis-je-savoir-si-mon-e-charger-est-connecte-a-internet\/#primaryimage"},"thumbnailUrl":"https:\/\/v2charge.com\/wp-content\/uploads\/2024\/07\/v2c-electric-chargers.jpg","datePublished":"2022-01-04T08:39:56+00:00","dateModified":"2023-06-14T06:37:42+00:00","description":"Nous vous expliquons comment savoir si votre point de charge V2C est connect\u00e9 ou non \u00e0 l'Internet via l'application V2C Cloud ou depuis votre ordinateur.","breadcrumb":{"@id":"https:\/\/v2charge.com\/fr\/comment-puis-je-savoir-si-mon-e-charger-est-connecte-a-internet\/#breadcrumb"},"inLanguage":"fr-FR","potentialAction":[{"@type":"ReadAction","target":["https:\/\/v2charge.com\/fr\/comment-puis-je-savoir-si-mon-e-charger-est-connecte-a-internet\/"]}]},{"@type":"ImageObject","inLanguage":"fr-FR","@id":"https:\/\/v2charge.com\/fr\/comment-puis-je-savoir-si-mon-e-charger-est-connecte-a-internet\/#primaryimage","url":"https:\/\/v2charge.com\/wp-content\/uploads\/2024\/07\/v2c-electric-chargers.jpg","contentUrl":"https:\/\/v2charge.com\/wp-content\/uploads\/2024\/07\/v2c-electric-chargers.jpg","width":1200,"height":675,"caption":"V2C Electric Chargers"},{"@type":"BreadcrumbList","@id":"https:\/\/v2charge.com\/fr\/comment-puis-je-savoir-si-mon-e-charger-est-connecte-a-internet\/#breadcrumb","itemListElement":[{"@type":"ListItem","position":1,"name":"V2C","item":"https:\/\/v2charge.com\/fr\/"},{"@type":"ListItem","position":2,"name":"Comment puis-je savoir si mon e-Charger est connect\u00e9 \u00e0 Internet ?"}]},{"@type":"WebSite","@id":"https:\/\/v2charge.com\/fr\/#website","url":"https:\/\/v2charge.com\/fr\/","name":"V2C","description":"#CargandoElMa\u00f1ana","publisher":{"@id":"https:\/\/v2charge.com\/fr\/#organization"},"potentialAction":[{"@type":"SearchAction","target":{"@type":"EntryPoint","urlTemplate":"https:\/\/v2charge.com\/fr\/?s={search_term_string}"},"query-input":{"@type":"PropertyValueSpecification","valueRequired":true,"valueName":"search_term_string"}}],"inLanguage":"fr-FR"},{"@type":"Organization","@id":"https:\/\/v2charge.com\/fr\/#organization","name":"V2C","url":"https:\/\/v2charge.com\/fr\/","logo":{"@type":"ImageObject","inLanguage":"fr-FR","@id":"https:\/\/v2charge.com\/fr\/#\/schema\/logo\/image\/","url":"https:\/\/v2charge.com\/wp-content\/uploads\/2024\/11\/cropped-v2c-charge-logo-menu.png","contentUrl":"https:\/\/v2charge.com\/wp-content\/uploads\/2024\/11\/cropped-v2c-charge-logo-menu.png","width":984,"height":431,"caption":"V2C"},"image":{"@id":"https:\/\/v2charge.com\/fr\/#\/schema\/logo\/image\/"},"sameAs":["https:\/\/www.facebook.com\/V2C.Charge","https:\/\/x.com\/V2C_Charge","https:\/\/www.instagram.com\/v2c.charge\/","https:\/\/www.youtube.com\/@V2C","https:\/\/www.linkedin.com\/company\/v2c-chargers\/"]}]}},"uagb_featured_image_src":{"full":["https:\/\/v2charge.com\/wp-content\/uploads\/2024\/07\/v2c-electric-chargers.jpg",1200,675,false],"thumbnail":["https:\/\/v2charge.com\/wp-content\/uploads\/2024\/07\/v2c-electric-chargers-150x150.jpg",150,150,true],"medium":["https:\/\/v2charge.com\/wp-content\/uploads\/2024\/07\/v2c-electric-chargers-300x169.jpg",300,169,true],"medium_large":["https:\/\/v2charge.com\/wp-content\/uploads\/2024\/07\/v2c-electric-chargers-768x432.jpg",768,432,true],"large":["https:\/\/v2charge.com\/wp-content\/uploads\/2024\/07\/v2c-electric-chargers-1024x576.jpg",1024,576,true],"gs-tiny":["https:\/\/v2charge.com\/wp-content\/uploads\/2024\/07\/v2c-electric-chargers.jpg",50,28,false],"xl":["https:\/\/v2charge.com\/wp-content\/uploads\/2024\/07\/v2c-electric-chargers.jpg",1200,675,false],"xxl":["https:\/\/v2charge.com\/wp-content\/uploads\/2024\/07\/v2c-electric-chargers.jpg",1200,675,false],"xxxl":["https:\/\/v2charge.com\/wp-content\/uploads\/2024\/07\/v2c-electric-chargers.jpg",1200,675,false],"xxxxl":["https:\/\/v2charge.com\/wp-content\/uploads\/2024\/07\/v2c-electric-chargers.jpg",1200,675,false],"xxxxxl":["https:\/\/v2charge.com\/wp-content\/uploads\/2024\/07\/v2c-electric-chargers.jpg",1200,675,false],"1536x1536":["https:\/\/v2charge.com\/wp-content\/uploads\/2024\/07\/v2c-electric-chargers.jpg",1200,675,false],"2048x2048":["https:\/\/v2charge.com\/wp-content\/uploads\/2024\/07\/v2c-electric-chargers.jpg",1200,675,false]},"uagb_author_info":{"display_name":"V2C","author_link":"https:\/\/v2charge.com\/fr\/author\/root_k4eu7ki8\/"},"uagb_comment_info":0,"uagb_excerpt":"Comment puis-je savoir si mon e-Charger est connect\u00e9 \u00e0 Internet ? Pour savoir si votre e-Charger est connect\u00e9 via l&rsquo;application ou le site web, allez sur la page d&rsquo;accueil o\u00f9 vous pourrez trouver les informations gr\u00e2ce au signal d&rsquo;onde ci-dessous. Gr\u00e2ce \u00e0 la APP: Les ondes sur le e-Charger. Lorsque vous entrez dans votre e-Charger\u2026","_links":{"self":[{"href":"https:\/\/v2charge.com\/fr\/wp-json\/wp\/v2\/pages\/77154","targetHints":{"allow":["GET"]}}],"collection":[{"href":"https:\/\/v2charge.com\/fr\/wp-json\/wp\/v2\/pages"}],"about":[{"href":"https:\/\/v2charge.com\/fr\/wp-json\/wp\/v2\/types\/page"}],"author":[{"embeddable":true,"href":"https:\/\/v2charge.com\/fr\/wp-json\/wp\/v2\/users\/1"}],"replies":[{"embeddable":true,"href":"https:\/\/v2charge.com\/fr\/wp-json\/wp\/v2\/comments?post=77154"}],"version-history":[{"count":0,"href":"https:\/\/v2charge.com\/fr\/wp-json\/wp\/v2\/pages\/77154\/revisions"}],"wp:featuredmedia":[{"embeddable":true,"href":"https:\/\/v2charge.com\/fr\/wp-json\/wp\/v2\/media\/170349"}],"wp:attachment":[{"href":"https:\/\/v2charge.com\/fr\/wp-json\/wp\/v2\/media?parent=77154"}],"curies":[{"name":"wp","href":"https:\/\/api.w.org\/{rel}","templated":true}]}}