{"id":77359,"date":"2022-01-24T22:19:53","date_gmt":"2022-01-24T22:19:53","guid":{"rendered":"https:\/\/v2charge.com\/how-to-schedule-the-recharging-of-my-car\/"},"modified":"2023-06-13T11:07:44","modified_gmt":"2023-06-13T11:07:44","slug":"comment-programmer-la-charge-de-ma-voiture","status":"publish","type":"page","link":"https:\/\/v2charge.com\/fr\/comment-programmer-la-charge-de-ma-voiture\/","title":{"rendered":"Comment programmer la recharge de votre voiture ?"},"content":{"rendered":"<h1>Comment programmer la recharge de votre voiture ?<\/h1>\n\n\n<p>Vous pouvez programmer votre recharge facilement avec les e-Chargers disposant de V2C Cloud.<\/p>\n\n\n\n<h2 class=\"wp-block-heading\">Depuis l&rsquo;application<\/h2>\n\n\n\n<p>Disponible sur les \u00e9quipements disposant du Bluetooth et de la Wifi. Allez sur l&rsquo;application et cliquez sur le e-Charger. <\/p>\n\n\n\n<p>Cliquez sur \u00ab\u00a0calendrier\u00a0\u00bb.<\/p>\n\n\n\n<p>Vous avez deux minuteurs. Le minuteur 1 et 2, s\u00e9lectionnez le jour de la semaine que vous souhaitez pour les activer. Les deux peuvent fonctionner dans la m\u00eame journ\u00e9e. Par exemple, lundi de 16h30 \u00e0 18h30 le minuteur 1 et le 2 le lundi de 19h14 \u00e0 20h. Donc entre 18h30 et 19h14 le e-Charger sera arr\u00eat\u00e9.<\/p>\n\n\n\n<figure><img decoding=\"async\" src=\"https:\/\/v2charge.com\/wp-content\/uploads\/2022\/01\/Screenshot_2022-01-24-20-27-22-203_com.v2charge.app_iphone12black_portrait1-542x1024.jpg\" alt=\"\" width=\"229\" height=\"433\"\/><\/figure>\n\n\n\n<figure><img decoding=\"async\" src=\"https:\/\/v2charge.com\/wp-content\/uploads\/2022\/01\/temporizacion-punto-de-recarga-542x1024.png\" alt=\"\" width=\"242\" height=\"457\"\/><\/figure>\n\n\n\n<figure><img decoding=\"async\" src=\"https:\/\/v2charge.com\/wp-content\/uploads\/2022\/01\/temporizador-ajustando.gif\" alt=\"\" width=\"237\" height=\"525\"\/><\/figure>\n\n\n\n<p>Une fois programm\u00e9e, il vous sera indiqu\u00e9 sur la page principale, quand vous pourrez recharger \u00e0 nouveau.<\/p>\n\n\n\n<figure><img decoding=\"async\" src=\"https:\/\/v2charge.com\/wp-content\/uploads\/2022\/01\/Screenshot_2022-01-24-21-16-51-551_com.v2charge.app_iphone12black_portrait-542x1024.png\" alt=\"\" width=\"274\" height=\"517\"\/><\/figure>\n\n\n\n<p><a href=\"https:\/\/v2charge.com\/fr\/pourquoi-mon-e-charger-baisse-t-il-ma-puissance-charge-lors-de-la-derniere-minute-de-recharge\/\" target=\"_blank\" rel=\"noreferrer noopener\">Pourquoi mon e-Charger baisse-t-il ma puissance de charge lors de la derni\u00e8re minute de recharge ?<\/a><\/p>\n\n\n\n<h2 class=\"wp-block-heading\">Depuis V2C Cloud<\/h2>\n\n\n\n<p>Le processus est assez similaire au pr\u00e9c\u00e9dent. Cliquez sur votre e-Charger.<\/p>\n\n\n\n<figure><img decoding=\"async\" src=\"https:\/\/v2charge.com\/wp-content\/uploads\/2022\/01\/Captura2_dell-xps13-front-1024x1024.png\" alt=\"\" width=\"653\" height=\"653\"\/><\/figure>\n","protected":false},"excerpt":{"rendered":"<p>Comment programmer la recharge de votre voiture ? Vous pouvez programmer votre recharge facilement avec les e-Chargers disposant de V2C Cloud. Depuis l&rsquo;application Disponible sur les \u00e9quipements disposant du Bluetooth et de la Wifi. Allez sur l&rsquo;application et cliquez sur le e-Charger. Cliquez sur \u00ab\u00a0calendrier\u00a0\u00bb. Vous avez deux minuteurs. Le minuteur 1 et 2, s\u00e9lectionnez &#8230; <a title=\"Comment programmer la recharge de votre voiture ?\" class=\"read-more\" href=\"https:\/\/v2charge.com\/fr\/comment-programmer-la-charge-de-ma-voiture\/\" aria-label=\"Read more about Comment programmer la recharge de votre voiture ?\">Lire la suite<\/a><\/p>\n","protected":false},"author":1,"featured_media":170349,"parent":0,"menu_order":0,"comment_status":"closed","ping_status":"closed","template":"","meta":{"_eb_attr":"","content-type":"","_uag_custom_page_level_css":"","footnotes":""},"class_list":["post-77359","page","type-page","status-publish","has-post-thumbnail"],"yoast_head":"<!-- This site is optimized with the Yoast SEO plugin v25.3.1 - https:\/\/yoast.com\/wordpress\/plugins\/seo\/ -->\n<title>Comment chronom\u00e9trer la charge de ma voiture? \u25b7 V2C Cloud<\/title>\n<meta name=\"description\" content=\"Nous vous expliquons comment vous pouvez chronom\u00e9trer la charge de votre voiture avec votre chargeur \u00e9lectrique via l&#039;appli V2C.\" \/>\n<meta name=\"robots\" content=\"index, follow, max-snippet:-1, max-image-preview:large, max-video-preview:-1\" \/>\n<link rel=\"canonical\" href=\"https:\/\/v2charge.com\/fr\/comment-programmer-la-charge-de-ma-voiture\/\" \/>\n<meta property=\"og:locale\" content=\"fr_FR\" \/>\n<meta property=\"og:type\" content=\"article\" \/>\n<meta property=\"og:title\" content=\"Comment chronom\u00e9trer la charge de ma voiture? \u25b7 V2C Cloud\" \/>\n<meta property=\"og:description\" content=\"Nous vous expliquons comment vous pouvez chronom\u00e9trer la charge de votre voiture avec votre chargeur \u00e9lectrique via l&#039;appli V2C.\" \/>\n<meta property=\"og:url\" content=\"https:\/\/v2charge.com\/fr\/comment-programmer-la-charge-de-ma-voiture\/\" \/>\n<meta property=\"og:site_name\" content=\"V2C\" \/>\n<meta property=\"article:publisher\" content=\"https:\/\/www.facebook.com\/V2C.Charge\" \/>\n<meta property=\"article:modified_time\" content=\"2023-06-13T11:07:44+00:00\" \/>\n<meta property=\"og:image\" content=\"https:\/\/v2charge.com\/wp-content\/uploads\/2022\/01\/Screenshot_2022-01-24-20-27-22-203_com.v2charge.app_iphone12black_portrait1-542x1024.jpg\" \/>\n<meta name=\"twitter:card\" content=\"summary_large_image\" \/>\n<meta name=\"twitter:site\" content=\"@V2C_Charge\" \/>\n<meta name=\"twitter:label1\" content=\"Dur\u00e9e de lecture estim\u00e9e\" \/>\n\t<meta name=\"twitter:data1\" content=\"2 minutes\" \/>\n<script type=\"application\/ld+json\" class=\"yoast-schema-graph\">{\"@context\":\"https:\/\/schema.org\",\"@graph\":[{\"@type\":\"WebPage\",\"@id\":\"https:\/\/v2charge.com\/fr\/comment-programmer-la-charge-de-ma-voiture\/\",\"url\":\"https:\/\/v2charge.com\/fr\/comment-programmer-la-charge-de-ma-voiture\/\",\"name\":\"Comment chronom\u00e9trer la charge de ma voiture? \u25b7 V2C Cloud\",\"isPartOf\":{\"@id\":\"https:\/\/v2charge.com\/fr\/#website\"},\"primaryImageOfPage\":{\"@id\":\"https:\/\/v2charge.com\/fr\/comment-programmer-la-charge-de-ma-voiture\/#primaryimage\"},\"image\":{\"@id\":\"https:\/\/v2charge.com\/fr\/comment-programmer-la-charge-de-ma-voiture\/#primaryimage\"},\"thumbnailUrl\":\"https:\/\/v2charge.com\/wp-content\/uploads\/2024\/07\/v2c-electric-chargers.jpg\",\"datePublished\":\"2022-01-24T22:19:53+00:00\",\"dateModified\":\"2023-06-13T11:07:44+00:00\",\"description\":\"Nous vous expliquons comment vous pouvez chronom\u00e9trer la charge de votre voiture avec votre chargeur \u00e9lectrique via l'appli V2C.\",\"breadcrumb\":{\"@id\":\"https:\/\/v2charge.com\/fr\/comment-programmer-la-charge-de-ma-voiture\/#breadcrumb\"},\"inLanguage\":\"fr-FR\",\"potentialAction\":[{\"@type\":\"ReadAction\",\"target\":[\"https:\/\/v2charge.com\/fr\/comment-programmer-la-charge-de-ma-voiture\/\"]}]},{\"@type\":\"ImageObject\",\"inLanguage\":\"fr-FR\",\"@id\":\"https:\/\/v2charge.com\/fr\/comment-programmer-la-charge-de-ma-voiture\/#primaryimage\",\"url\":\"https:\/\/v2charge.com\/wp-content\/uploads\/2024\/07\/v2c-electric-chargers.jpg\",\"contentUrl\":\"https:\/\/v2charge.com\/wp-content\/uploads\/2024\/07\/v2c-electric-chargers.jpg\",\"width\":1200,\"height\":675,\"caption\":\"V2C Electric Chargers\"},{\"@type\":\"BreadcrumbList\",\"@id\":\"https:\/\/v2charge.com\/fr\/comment-programmer-la-charge-de-ma-voiture\/#breadcrumb\",\"itemListElement\":[{\"@type\":\"ListItem\",\"position\":1,\"name\":\"V2C\",\"item\":\"https:\/\/v2charge.com\/fr\/\"},{\"@type\":\"ListItem\",\"position\":2,\"name\":\"Comment programmer la recharge de votre voiture ?\"}]},{\"@type\":\"WebSite\",\"@id\":\"https:\/\/v2charge.com\/fr\/#website\",\"url\":\"https:\/\/v2charge.com\/fr\/\",\"name\":\"V2C\",\"description\":\"#CargandoElMa\u00f1ana\",\"publisher\":{\"@id\":\"https:\/\/v2charge.com\/fr\/#organization\"},\"potentialAction\":[{\"@type\":\"SearchAction\",\"target\":{\"@type\":\"EntryPoint\",\"urlTemplate\":\"https:\/\/v2charge.com\/fr\/?s={search_term_string}\"},\"query-input\":{\"@type\":\"PropertyValueSpecification\",\"valueRequired\":true,\"valueName\":\"search_term_string\"}}],\"inLanguage\":\"fr-FR\"},{\"@type\":\"Organization\",\"@id\":\"https:\/\/v2charge.com\/fr\/#organization\",\"name\":\"V2C\",\"url\":\"https:\/\/v2charge.com\/fr\/\",\"logo\":{\"@type\":\"ImageObject\",\"inLanguage\":\"fr-FR\",\"@id\":\"https:\/\/v2charge.com\/fr\/#\/schema\/logo\/image\/\",\"url\":\"https:\/\/v2charge.com\/wp-content\/uploads\/2024\/11\/cropped-v2c-charge-logo-menu.png\",\"contentUrl\":\"https:\/\/v2charge.com\/wp-content\/uploads\/2024\/11\/cropped-v2c-charge-logo-menu.png\",\"width\":984,\"height\":431,\"caption\":\"V2C\"},\"image\":{\"@id\":\"https:\/\/v2charge.com\/fr\/#\/schema\/logo\/image\/\"},\"sameAs\":[\"https:\/\/www.facebook.com\/V2C.Charge\",\"https:\/\/x.com\/V2C_Charge\",\"https:\/\/www.instagram.com\/v2c.charge\/\",\"https:\/\/www.youtube.com\/@V2C\",\"https:\/\/www.linkedin.com\/company\/v2c-chargers\/\"]}]}<\/script>\n<!-- \/ Yoast SEO plugin. -->","yoast_head_json":{"title":"Comment chronom\u00e9trer la charge de ma voiture? \u25b7 V2C Cloud","description":"Nous vous expliquons comment vous pouvez chronom\u00e9trer la charge de votre voiture avec votre chargeur \u00e9lectrique via l'appli V2C.","robots":{"index":"index","follow":"follow","max-snippet":"max-snippet:-1","max-image-preview":"max-image-preview:large","max-video-preview":"max-video-preview:-1"},"canonical":"https:\/\/v2charge.com\/fr\/comment-programmer-la-charge-de-ma-voiture\/","og_locale":"fr_FR","og_type":"article","og_title":"Comment chronom\u00e9trer la charge de ma voiture? \u25b7 V2C Cloud","og_description":"Nous vous expliquons comment vous pouvez chronom\u00e9trer la charge de votre voiture avec votre chargeur \u00e9lectrique via l'appli V2C.","og_url":"https:\/\/v2charge.com\/fr\/comment-programmer-la-charge-de-ma-voiture\/","og_site_name":"V2C","article_publisher":"https:\/\/www.facebook.com\/V2C.Charge","article_modified_time":"2023-06-13T11:07:44+00:00","og_image":[{"url":"https:\/\/v2charge.com\/wp-content\/uploads\/2022\/01\/Screenshot_2022-01-24-20-27-22-203_com.v2charge.app_iphone12black_portrait1-542x1024.jpg","type":"","width":"","height":""}],"twitter_card":"summary_large_image","twitter_site":"@V2C_Charge","twitter_misc":{"Dur\u00e9e de lecture estim\u00e9e":"2 minutes"},"schema":{"@context":"https:\/\/schema.org","@graph":[{"@type":"WebPage","@id":"https:\/\/v2charge.com\/fr\/comment-programmer-la-charge-de-ma-voiture\/","url":"https:\/\/v2charge.com\/fr\/comment-programmer-la-charge-de-ma-voiture\/","name":"Comment chronom\u00e9trer la charge de ma voiture? \u25b7 V2C Cloud","isPartOf":{"@id":"https:\/\/v2charge.com\/fr\/#website"},"primaryImageOfPage":{"@id":"https:\/\/v2charge.com\/fr\/comment-programmer-la-charge-de-ma-voiture\/#primaryimage"},"image":{"@id":"https:\/\/v2charge.com\/fr\/comment-programmer-la-charge-de-ma-voiture\/#primaryimage"},"thumbnailUrl":"https:\/\/v2charge.com\/wp-content\/uploads\/2024\/07\/v2c-electric-chargers.jpg","datePublished":"2022-01-24T22:19:53+00:00","dateModified":"2023-06-13T11:07:44+00:00","description":"Nous vous expliquons comment vous pouvez chronom\u00e9trer la charge de votre voiture avec votre chargeur \u00e9lectrique via l'appli V2C.","breadcrumb":{"@id":"https:\/\/v2charge.com\/fr\/comment-programmer-la-charge-de-ma-voiture\/#breadcrumb"},"inLanguage":"fr-FR","potentialAction":[{"@type":"ReadAction","target":["https:\/\/v2charge.com\/fr\/comment-programmer-la-charge-de-ma-voiture\/"]}]},{"@type":"ImageObject","inLanguage":"fr-FR","@id":"https:\/\/v2charge.com\/fr\/comment-programmer-la-charge-de-ma-voiture\/#primaryimage","url":"https:\/\/v2charge.com\/wp-content\/uploads\/2024\/07\/v2c-electric-chargers.jpg","contentUrl":"https:\/\/v2charge.com\/wp-content\/uploads\/2024\/07\/v2c-electric-chargers.jpg","width":1200,"height":675,"caption":"V2C Electric Chargers"},{"@type":"BreadcrumbList","@id":"https:\/\/v2charge.com\/fr\/comment-programmer-la-charge-de-ma-voiture\/#breadcrumb","itemListElement":[{"@type":"ListItem","position":1,"name":"V2C","item":"https:\/\/v2charge.com\/fr\/"},{"@type":"ListItem","position":2,"name":"Comment programmer la recharge de votre voiture ?"}]},{"@type":"WebSite","@id":"https:\/\/v2charge.com\/fr\/#website","url":"https:\/\/v2charge.com\/fr\/","name":"V2C","description":"#CargandoElMa\u00f1ana","publisher":{"@id":"https:\/\/v2charge.com\/fr\/#organization"},"potentialAction":[{"@type":"SearchAction","target":{"@type":"EntryPoint","urlTemplate":"https:\/\/v2charge.com\/fr\/?s={search_term_string}"},"query-input":{"@type":"PropertyValueSpecification","valueRequired":true,"valueName":"search_term_string"}}],"inLanguage":"fr-FR"},{"@type":"Organization","@id":"https:\/\/v2charge.com\/fr\/#organization","name":"V2C","url":"https:\/\/v2charge.com\/fr\/","logo":{"@type":"ImageObject","inLanguage":"fr-FR","@id":"https:\/\/v2charge.com\/fr\/#\/schema\/logo\/image\/","url":"https:\/\/v2charge.com\/wp-content\/uploads\/2024\/11\/cropped-v2c-charge-logo-menu.png","contentUrl":"https:\/\/v2charge.com\/wp-content\/uploads\/2024\/11\/cropped-v2c-charge-logo-menu.png","width":984,"height":431,"caption":"V2C"},"image":{"@id":"https:\/\/v2charge.com\/fr\/#\/schema\/logo\/image\/"},"sameAs":["https:\/\/www.facebook.com\/V2C.Charge","https:\/\/x.com\/V2C_Charge","https:\/\/www.instagram.com\/v2c.charge\/","https:\/\/www.youtube.com\/@V2C","https:\/\/www.linkedin.com\/company\/v2c-chargers\/"]}]}},"uagb_featured_image_src":{"full":["https:\/\/v2charge.com\/wp-content\/uploads\/2024\/07\/v2c-electric-chargers.jpg",1200,675,false],"thumbnail":["https:\/\/v2charge.com\/wp-content\/uploads\/2024\/07\/v2c-electric-chargers-150x150.jpg",150,150,true],"medium":["https:\/\/v2charge.com\/wp-content\/uploads\/2024\/07\/v2c-electric-chargers-300x169.jpg",300,169,true],"medium_large":["https:\/\/v2charge.com\/wp-content\/uploads\/2024\/07\/v2c-electric-chargers-768x432.jpg",768,432,true],"large":["https:\/\/v2charge.com\/wp-content\/uploads\/2024\/07\/v2c-electric-chargers-1024x576.jpg",1024,576,true],"gs-tiny":["https:\/\/v2charge.com\/wp-content\/uploads\/2024\/07\/v2c-electric-chargers.jpg",50,28,false],"xl":["https:\/\/v2charge.com\/wp-content\/uploads\/2024\/07\/v2c-electric-chargers.jpg",1200,675,false],"xxl":["https:\/\/v2charge.com\/wp-content\/uploads\/2024\/07\/v2c-electric-chargers.jpg",1200,675,false],"xxxl":["https:\/\/v2charge.com\/wp-content\/uploads\/2024\/07\/v2c-electric-chargers.jpg",1200,675,false],"xxxxl":["https:\/\/v2charge.com\/wp-content\/uploads\/2024\/07\/v2c-electric-chargers.jpg",1200,675,false],"xxxxxl":["https:\/\/v2charge.com\/wp-content\/uploads\/2024\/07\/v2c-electric-chargers.jpg",1200,675,false],"1536x1536":["https:\/\/v2charge.com\/wp-content\/uploads\/2024\/07\/v2c-electric-chargers.jpg",1200,675,false],"2048x2048":["https:\/\/v2charge.com\/wp-content\/uploads\/2024\/07\/v2c-electric-chargers.jpg",1200,675,false]},"uagb_author_info":{"display_name":"V2C","author_link":"https:\/\/v2charge.com\/fr\/author\/root_k4eu7ki8\/"},"uagb_comment_info":0,"uagb_excerpt":"Comment programmer la recharge de votre voiture ? Vous pouvez programmer votre recharge facilement avec les e-Chargers disposant de V2C Cloud. Depuis l&rsquo;application Disponible sur les \u00e9quipements disposant du Bluetooth et de la Wifi. Allez sur l&rsquo;application et cliquez sur le e-Charger. Cliquez sur \u00ab\u00a0calendrier\u00a0\u00bb. Vous avez deux minuteurs. Le minuteur 1 et 2, s\u00e9lectionnez\u2026","_links":{"self":[{"href":"https:\/\/v2charge.com\/fr\/wp-json\/wp\/v2\/pages\/77359","targetHints":{"allow":["GET"]}}],"collection":[{"href":"https:\/\/v2charge.com\/fr\/wp-json\/wp\/v2\/pages"}],"about":[{"href":"https:\/\/v2charge.com\/fr\/wp-json\/wp\/v2\/types\/page"}],"author":[{"embeddable":true,"href":"https:\/\/v2charge.com\/fr\/wp-json\/wp\/v2\/users\/1"}],"replies":[{"embeddable":true,"href":"https:\/\/v2charge.com\/fr\/wp-json\/wp\/v2\/comments?post=77359"}],"version-history":[{"count":0,"href":"https:\/\/v2charge.com\/fr\/wp-json\/wp\/v2\/pages\/77359\/revisions"}],"wp:featuredmedia":[{"embeddable":true,"href":"https:\/\/v2charge.com\/fr\/wp-json\/wp\/v2\/media\/170349"}],"wp:attachment":[{"href":"https:\/\/v2charge.com\/fr\/wp-json\/wp\/v2\/media?parent=77359"}],"curies":[{"name":"wp","href":"https:\/\/api.w.org\/{rel}","templated":true}]}}