{"id":77368,"date":"2022-01-24T22:32:04","date_gmt":"2022-01-24T22:32:04","guid":{"rendered":"https:\/\/v2charge.com\/why-does-my-e-charger-lower-my-recharging-power-at-the-last-minute-of-recharging\/"},"modified":"2023-07-19T06:31:36","modified_gmt":"2023-07-19T06:31:36","slug":"pourquoi-mon-e-charger-baisse-t-il-ma-puissance-charge-lors-de-la-derniere-minute-de-recharge","status":"publish","type":"page","link":"https:\/\/v2charge.com\/fr\/pourquoi-mon-e-charger-baisse-t-il-ma-puissance-charge-lors-de-la-derniere-minute-de-recharge\/","title":{"rendered":"Pourquoi mon e-Charger baisse-t-il ma puissance de charge lors de la derni\u00e8re minute de recharge ?"},"content":{"rendered":"<p>Pour optimiser au maximum la vie de votre e-Charger, nous \u00e9vitons les contacts d&rsquo;arcs \u00e9lectrique le plus possible. C&rsquo;est pourquoi quand nous savons que la recharge est presque finie, nous r\u00e9duisons la puissance de recharge au maximum. Cela \u00e9vite la formation d&rsquo;un arc \u00e0 son ouverture.<\/p>\n","protected":false},"excerpt":{"rendered":"<p>Pour optimiser au maximum la vie de votre e-Charger, nous \u00e9vitons les contacts d&rsquo;arcs \u00e9lectrique le plus possible. C&rsquo;est pourquoi quand nous savons que la recharge est presque finie, nous r\u00e9duisons la puissance de recharge au maximum. Cela \u00e9vite la formation d&rsquo;un arc \u00e0 son ouverture.<\/p>\n","protected":false},"author":1,"featured_media":0,"parent":0,"menu_order":0,"comment_status":"closed","ping_status":"closed","template":"","meta":{"_eb_attr":"","content-type":"","_uag_custom_page_level_css":"","footnotes":""},"class_list":["post-77368","page","type-page","status-publish"],"yoast_head":"<!-- This site is optimized with the Yoast SEO plugin v25.3.1 - https:\/\/yoast.com\/wordpress\/plugins\/seo\/ -->\n<title>Pourquoi mon e-Charger perd-il de la puissance \u00e0 la derni\u00e8re minute?<\/title>\n<meta name=\"description\" content=\"Nous expliquons pourquoi votre point de recharge perd de la puissance pendant la derni\u00e8re minute de la recharge : un moyen de prolonger la dur\u00e9e de vie du chargeur.\" \/>\n<meta name=\"robots\" content=\"index, follow, max-snippet:-1, max-image-preview:large, max-video-preview:-1\" \/>\n<link rel=\"canonical\" href=\"https:\/\/v2charge.com\/fr\/pourquoi-mon-e-charger-baisse-t-il-ma-puissance-charge-lors-de-la-derniere-minute-de-recharge\/\" \/>\n<meta property=\"og:locale\" content=\"fr_FR\" \/>\n<meta property=\"og:type\" content=\"article\" \/>\n<meta property=\"og:title\" content=\"Pourquoi mon e-Charger perd-il de la puissance \u00e0 la derni\u00e8re minute?\" \/>\n<meta property=\"og:description\" content=\"Nous expliquons pourquoi votre point de recharge perd de la puissance pendant la derni\u00e8re minute de la recharge : un moyen de prolonger la dur\u00e9e de vie du chargeur.\" \/>\n<meta property=\"og:url\" content=\"https:\/\/v2charge.com\/fr\/pourquoi-mon-e-charger-baisse-t-il-ma-puissance-charge-lors-de-la-derniere-minute-de-recharge\/\" \/>\n<meta property=\"og:site_name\" content=\"V2C\" \/>\n<meta property=\"article:publisher\" content=\"https:\/\/www.facebook.com\/V2C.Charge\" \/>\n<meta property=\"article:modified_time\" content=\"2023-07-19T06:31:36+00:00\" \/>\n<meta property=\"og:image\" content=\"https:\/\/v2charge.com\/wp-content\/uploads\/2024\/07\/v2c-electric-chargers.jpg\" \/>\n\t<meta property=\"og:image:width\" content=\"1200\" \/>\n\t<meta property=\"og:image:height\" content=\"675\" \/>\n\t<meta property=\"og:image:type\" content=\"image\/jpeg\" \/>\n<meta name=\"twitter:card\" content=\"summary_large_image\" \/>\n<meta name=\"twitter:site\" content=\"@V2C_Charge\" \/>\n<meta name=\"twitter:label1\" content=\"Dur\u00e9e de lecture estim\u00e9e\" \/>\n\t<meta name=\"twitter:data1\" content=\"1 minute\" \/>\n<script type=\"application\/ld+json\" class=\"yoast-schema-graph\">{\"@context\":\"https:\/\/schema.org\",\"@graph\":[{\"@type\":\"WebPage\",\"@id\":\"https:\/\/v2charge.com\/fr\/pourquoi-mon-e-charger-baisse-t-il-ma-puissance-charge-lors-de-la-derniere-minute-de-recharge\/\",\"url\":\"https:\/\/v2charge.com\/fr\/pourquoi-mon-e-charger-baisse-t-il-ma-puissance-charge-lors-de-la-derniere-minute-de-recharge\/\",\"name\":\"Pourquoi mon e-Charger perd-il de la puissance \u00e0 la derni\u00e8re minute?\",\"isPartOf\":{\"@id\":\"https:\/\/v2charge.com\/fr\/#website\"},\"datePublished\":\"2022-01-24T22:32:04+00:00\",\"dateModified\":\"2023-07-19T06:31:36+00:00\",\"description\":\"Nous expliquons pourquoi votre point de recharge perd de la puissance pendant la derni\u00e8re minute de la recharge : un moyen de prolonger la dur\u00e9e de vie du chargeur.\",\"breadcrumb\":{\"@id\":\"https:\/\/v2charge.com\/fr\/pourquoi-mon-e-charger-baisse-t-il-ma-puissance-charge-lors-de-la-derniere-minute-de-recharge\/#breadcrumb\"},\"inLanguage\":\"fr-FR\",\"potentialAction\":[{\"@type\":\"ReadAction\",\"target\":[\"https:\/\/v2charge.com\/fr\/pourquoi-mon-e-charger-baisse-t-il-ma-puissance-charge-lors-de-la-derniere-minute-de-recharge\/\"]}]},{\"@type\":\"BreadcrumbList\",\"@id\":\"https:\/\/v2charge.com\/fr\/pourquoi-mon-e-charger-baisse-t-il-ma-puissance-charge-lors-de-la-derniere-minute-de-recharge\/#breadcrumb\",\"itemListElement\":[{\"@type\":\"ListItem\",\"position\":1,\"name\":\"V2C\",\"item\":\"https:\/\/v2charge.com\/fr\/\"},{\"@type\":\"ListItem\",\"position\":2,\"name\":\"Pourquoi mon e-Charger baisse-t-il ma puissance de charge lors de la derni\u00e8re minute de recharge ?\"}]},{\"@type\":\"WebSite\",\"@id\":\"https:\/\/v2charge.com\/fr\/#website\",\"url\":\"https:\/\/v2charge.com\/fr\/\",\"name\":\"V2C\",\"description\":\"#CargandoElMa\u00f1ana\",\"publisher\":{\"@id\":\"https:\/\/v2charge.com\/fr\/#organization\"},\"potentialAction\":[{\"@type\":\"SearchAction\",\"target\":{\"@type\":\"EntryPoint\",\"urlTemplate\":\"https:\/\/v2charge.com\/fr\/?s={search_term_string}\"},\"query-input\":{\"@type\":\"PropertyValueSpecification\",\"valueRequired\":true,\"valueName\":\"search_term_string\"}}],\"inLanguage\":\"fr-FR\"},{\"@type\":\"Organization\",\"@id\":\"https:\/\/v2charge.com\/fr\/#organization\",\"name\":\"V2C\",\"url\":\"https:\/\/v2charge.com\/fr\/\",\"logo\":{\"@type\":\"ImageObject\",\"inLanguage\":\"fr-FR\",\"@id\":\"https:\/\/v2charge.com\/fr\/#\/schema\/logo\/image\/\",\"url\":\"https:\/\/v2charge.com\/wp-content\/uploads\/2024\/11\/cropped-v2c-charge-logo-menu.png\",\"contentUrl\":\"https:\/\/v2charge.com\/wp-content\/uploads\/2024\/11\/cropped-v2c-charge-logo-menu.png\",\"width\":984,\"height\":431,\"caption\":\"V2C\"},\"image\":{\"@id\":\"https:\/\/v2charge.com\/fr\/#\/schema\/logo\/image\/\"},\"sameAs\":[\"https:\/\/www.facebook.com\/V2C.Charge\",\"https:\/\/x.com\/V2C_Charge\",\"https:\/\/www.instagram.com\/v2c.charge\/\",\"https:\/\/www.youtube.com\/@V2C\",\"https:\/\/www.linkedin.com\/company\/v2c-chargers\/\"]}]}<\/script>\n<!-- \/ Yoast SEO plugin. -->","yoast_head_json":{"title":"Pourquoi mon e-Charger perd-il de la puissance \u00e0 la derni\u00e8re minute?","description":"Nous expliquons pourquoi votre point de recharge perd de la puissance pendant la derni\u00e8re minute de la recharge : un moyen de prolonger la dur\u00e9e de vie du chargeur.","robots":{"index":"index","follow":"follow","max-snippet":"max-snippet:-1","max-image-preview":"max-image-preview:large","max-video-preview":"max-video-preview:-1"},"canonical":"https:\/\/v2charge.com\/fr\/pourquoi-mon-e-charger-baisse-t-il-ma-puissance-charge-lors-de-la-derniere-minute-de-recharge\/","og_locale":"fr_FR","og_type":"article","og_title":"Pourquoi mon e-Charger perd-il de la puissance \u00e0 la derni\u00e8re minute?","og_description":"Nous expliquons pourquoi votre point de recharge perd de la puissance pendant la derni\u00e8re minute de la recharge : un moyen de prolonger la dur\u00e9e de vie du chargeur.","og_url":"https:\/\/v2charge.com\/fr\/pourquoi-mon-e-charger-baisse-t-il-ma-puissance-charge-lors-de-la-derniere-minute-de-recharge\/","og_site_name":"V2C","article_publisher":"https:\/\/www.facebook.com\/V2C.Charge","article_modified_time":"2023-07-19T06:31:36+00:00","og_image":[{"width":1200,"height":675,"url":"https:\/\/v2charge.com\/wp-content\/uploads\/2024\/07\/v2c-electric-chargers.jpg","type":"image\/jpeg"}],"twitter_card":"summary_large_image","twitter_site":"@V2C_Charge","twitter_misc":{"Dur\u00e9e de lecture estim\u00e9e":"1 minute"},"schema":{"@context":"https:\/\/schema.org","@graph":[{"@type":"WebPage","@id":"https:\/\/v2charge.com\/fr\/pourquoi-mon-e-charger-baisse-t-il-ma-puissance-charge-lors-de-la-derniere-minute-de-recharge\/","url":"https:\/\/v2charge.com\/fr\/pourquoi-mon-e-charger-baisse-t-il-ma-puissance-charge-lors-de-la-derniere-minute-de-recharge\/","name":"Pourquoi mon e-Charger perd-il de la puissance \u00e0 la derni\u00e8re minute?","isPartOf":{"@id":"https:\/\/v2charge.com\/fr\/#website"},"datePublished":"2022-01-24T22:32:04+00:00","dateModified":"2023-07-19T06:31:36+00:00","description":"Nous expliquons pourquoi votre point de recharge perd de la puissance pendant la derni\u00e8re minute de la recharge : un moyen de prolonger la dur\u00e9e de vie du chargeur.","breadcrumb":{"@id":"https:\/\/v2charge.com\/fr\/pourquoi-mon-e-charger-baisse-t-il-ma-puissance-charge-lors-de-la-derniere-minute-de-recharge\/#breadcrumb"},"inLanguage":"fr-FR","potentialAction":[{"@type":"ReadAction","target":["https:\/\/v2charge.com\/fr\/pourquoi-mon-e-charger-baisse-t-il-ma-puissance-charge-lors-de-la-derniere-minute-de-recharge\/"]}]},{"@type":"BreadcrumbList","@id":"https:\/\/v2charge.com\/fr\/pourquoi-mon-e-charger-baisse-t-il-ma-puissance-charge-lors-de-la-derniere-minute-de-recharge\/#breadcrumb","itemListElement":[{"@type":"ListItem","position":1,"name":"V2C","item":"https:\/\/v2charge.com\/fr\/"},{"@type":"ListItem","position":2,"name":"Pourquoi mon e-Charger baisse-t-il ma puissance de charge lors de la derni\u00e8re minute de recharge ?"}]},{"@type":"WebSite","@id":"https:\/\/v2charge.com\/fr\/#website","url":"https:\/\/v2charge.com\/fr\/","name":"V2C","description":"#CargandoElMa\u00f1ana","publisher":{"@id":"https:\/\/v2charge.com\/fr\/#organization"},"potentialAction":[{"@type":"SearchAction","target":{"@type":"EntryPoint","urlTemplate":"https:\/\/v2charge.com\/fr\/?s={search_term_string}"},"query-input":{"@type":"PropertyValueSpecification","valueRequired":true,"valueName":"search_term_string"}}],"inLanguage":"fr-FR"},{"@type":"Organization","@id":"https:\/\/v2charge.com\/fr\/#organization","name":"V2C","url":"https:\/\/v2charge.com\/fr\/","logo":{"@type":"ImageObject","inLanguage":"fr-FR","@id":"https:\/\/v2charge.com\/fr\/#\/schema\/logo\/image\/","url":"https:\/\/v2charge.com\/wp-content\/uploads\/2024\/11\/cropped-v2c-charge-logo-menu.png","contentUrl":"https:\/\/v2charge.com\/wp-content\/uploads\/2024\/11\/cropped-v2c-charge-logo-menu.png","width":984,"height":431,"caption":"V2C"},"image":{"@id":"https:\/\/v2charge.com\/fr\/#\/schema\/logo\/image\/"},"sameAs":["https:\/\/www.facebook.com\/V2C.Charge","https:\/\/x.com\/V2C_Charge","https:\/\/www.instagram.com\/v2c.charge\/","https:\/\/www.youtube.com\/@V2C","https:\/\/www.linkedin.com\/company\/v2c-chargers\/"]}]}},"uagb_featured_image_src":{"full":false,"thumbnail":false,"medium":false,"medium_large":false,"large":false,"gs-tiny":false,"xl":false,"xxl":false,"xxxl":false,"xxxxl":false,"xxxxxl":false,"1536x1536":false,"2048x2048":false},"uagb_author_info":{"display_name":"V2C","author_link":"https:\/\/v2charge.com\/fr\/author\/root_k4eu7ki8\/"},"uagb_comment_info":0,"uagb_excerpt":"Pour optimiser au maximum la vie de votre e-Charger, nous \u00e9vitons les contacts d&rsquo;arcs \u00e9lectrique le plus possible. C&rsquo;est pourquoi quand nous savons que la recharge est presque finie, nous r\u00e9duisons la puissance de recharge au maximum. Cela \u00e9vite la formation d&rsquo;un arc \u00e0 son ouverture.","_links":{"self":[{"href":"https:\/\/v2charge.com\/fr\/wp-json\/wp\/v2\/pages\/77368","targetHints":{"allow":["GET"]}}],"collection":[{"href":"https:\/\/v2charge.com\/fr\/wp-json\/wp\/v2\/pages"}],"about":[{"href":"https:\/\/v2charge.com\/fr\/wp-json\/wp\/v2\/types\/page"}],"author":[{"embeddable":true,"href":"https:\/\/v2charge.com\/fr\/wp-json\/wp\/v2\/users\/1"}],"replies":[{"embeddable":true,"href":"https:\/\/v2charge.com\/fr\/wp-json\/wp\/v2\/comments?post=77368"}],"version-history":[{"count":0,"href":"https:\/\/v2charge.com\/fr\/wp-json\/wp\/v2\/pages\/77368\/revisions"}],"wp:attachment":[{"href":"https:\/\/v2charge.com\/fr\/wp-json\/wp\/v2\/media?parent=77368"}],"curies":[{"name":"wp","href":"https:\/\/api.w.org\/{rel}","templated":true}]}}