{"id":77382,"date":"2022-02-27T18:21:09","date_gmt":"2022-02-27T18:21:09","guid":{"rendered":"https:\/\/v2charge.com\/how-to-unlock-trydan-e-charger\/"},"modified":"2023-06-13T13:59:48","modified_gmt":"2023-06-13T13:59:48","slug":"comment-debloquer-le-e-charger-trydan","status":"publish","type":"page","link":"https:\/\/v2charge.com\/fr\/comment-debloquer-le-e-charger-trydan\/","title":{"rendered":"Comment d\u00e9bloquer le e-Charger Trydan ?"},"content":{"rendered":"<h1>Comment d\u00e9bloquer le e-Charger Trydan ?<\/h1>\n\n\n<p>Vous pouvez bloquer et d\u00e9bloquer le e-Charger Trydan depuis l&rsquo;application pour \u00e9viter l&rsquo;utilisation d&rsquo;une troisi\u00e8me partie non autoris\u00e9e. Le blocage du e-Charger n&rsquo;autorise son acc\u00e8s \u00e0 personne, m\u00eame si vous en \u00eates le propri\u00e9taire. Cela signifie si vous connectez votre voiture au e-Charger mais qu&rsquo;il est bloqu\u00e9, votre car ne chargera pas.<\/p>\n\n\n\n<p><strong>Comment bloquer et d\u00e9bloquer votre e-Charger?<\/strong><\/p>\n\n\n\n<p>Il existe deux fa\u00e7ons: par Bluetooth ou par Wifi. Dans les deux cas, vous pouvez le faire depuis la page principale et depuis la page du e-Charger. Si l&rsquo;appareil est bloqu\u00e9, vous devez le d\u00e9bloquer avant d&rsquo;entrer dans le e-Charger.<\/p>\n\n\n\n<p>Regardez ces diff\u00e9rentes images.<\/p>\n\n\n\n<figure><img decoding=\"async\" src=\"https:\/\/v2charge.com\/wp-content\/uploads\/2022\/02\/WhatsApp-Image-2022-02-27-at-19.06.44_iphone12black_portrait-542x1024.png\" alt=\"\" width=\"297\" height=\"561\"\/><figcaption>Sur cette image, vous avez deux e-Chargers bloqu\u00e9s. Si vous voulez avoir leur acc\u00e8s, vous devez premi\u00e8rement les d\u00e9bloquer. Un est par Bluetooth et l&rsquo;autre par Wifi.<\/figcaption><\/figure>\n\n\n\n<figure><img decoding=\"async\" src=\"https:\/\/v2charge.com\/wp-content\/uploads\/2022\/02\/desbloquear-cargador-542x1024.jpg\" alt=\"\" width=\"303\" height=\"572\"\/><figcaption>Sur la page de l&rsquo;e-Charger, vous pouvez le bloquer en cliquant sur le verrou.<\/figcaption><\/figure>\n\n\n\n<p>En se connectant par Bluettoth, si le t\u00e9l\u00e9phone portable a d\u00e9tect\u00e9 votre e-Charger, vous devez cliquer sur le bouton \u00ab\u00a0rafra\u00eechir\u00a0\u00bb afin de conna\u00eetre l&rsquo;\u00e9tat du e-Charger. S&rsquo;il n&rsquo;est pas bloqu\u00e9, vous pouvez avoir acc\u00e8s au e-Charger.<\/p>\n\n\n\n<figure><img decoding=\"async\" src=\"https:\/\/v2charge.com\/wp-content\/uploads\/2022\/02\/WhatsApp-Image-2022-02-27-at-19.06.44-2_iphone12black_portrait-542x1024.png\" alt=\"\" width=\"299\" height=\"565\"\/><figcaption>En se connectant par Bluetooth, vous devez d&rsquo;abord rafra\u00eechir la page pour conna\u00eetre son \u00e9tat en cliquant sur la fl\u00e8che. <\/figcaption><\/figure>\n\n\n\n<figure><img decoding=\"async\" src=\"https:\/\/v2charge.com\/wp-content\/uploads\/2022\/02\/WhatsApp-Image-2022-02-27-at-19.06.44-1_iphone12black_portrait-542x1024.png\" alt=\"\" width=\"327\" height=\"618\"\/><figcaption>Une fois rafra\u00eechie, vous saurez s&rsquo;il est connect\u00e9 ou non.<\/figcaption><\/figure>\n\n\n\n<h2 class=\"wp-block-heading\">Illumination lorsque le e-Charger est bloqu\u00e9.<\/h2>\n\n\n\n<p>Si votre e-Charger est bloqu\u00e9, vous le verrez sur son \u00e9cran. Si votre appareil ne poss\u00e8de pas d&rsquo;\u00e9cran, sa lumi\u00e8re restera \u00e9teinte et une petite lumi\u00e8re blanche clignotera toutes les 10 secondes.<\/p>\n\n\n\n<h2 class=\"wp-block-heading\">Quelques solutions s&rsquo;il n&rsquo;est pas possible de bloquer votre e-Charger&#8230;<\/h2>\n\n\n\n<p>Pour n&rsquo;importe quelle raison, vous pouvez avoir ce probl\u00e8me. Votre application ne fonctionne pas, vous n&rsquo;avez pas votre t\u00e9l\u00e9phone portable, vous avez oubli\u00e9 votre compte, quelque chose ne fonctionne pas bien ou vous avez besoin de d\u00e9bloquer votre e-Charger (bloqu\u00e9 ult\u00e9rieurement). <\/p>\n\n\n\n<p>Vous devez seulement \u00e9teindre le courant des protections (internes et externes), patienter 5 secondes, et les rallumer. Le e-Charger se rallumera automatiquement d\u00e9bloqu\u00e9.<\/p>\n","protected":false},"excerpt":{"rendered":"<p>Comment d\u00e9bloquer le e-Charger Trydan ? Vous pouvez bloquer et d\u00e9bloquer le e-Charger Trydan depuis l&rsquo;application pour \u00e9viter l&rsquo;utilisation d&rsquo;une troisi\u00e8me partie non autoris\u00e9e. Le blocage du e-Charger n&rsquo;autorise son acc\u00e8s \u00e0 personne, m\u00eame si vous en \u00eates le propri\u00e9taire. Cela signifie si vous connectez votre voiture au e-Charger mais qu&rsquo;il est bloqu\u00e9, votre car &#8230; <a title=\"Comment d\u00e9bloquer le e-Charger Trydan ?\" class=\"read-more\" href=\"https:\/\/v2charge.com\/fr\/comment-debloquer-le-e-charger-trydan\/\" aria-label=\"Read more about Comment d\u00e9bloquer le e-Charger Trydan ?\">Lire la suite<\/a><\/p>\n","protected":false},"author":1,"featured_media":170349,"parent":0,"menu_order":0,"comment_status":"closed","ping_status":"closed","template":"","meta":{"_eb_attr":"","content-type":"","_uag_custom_page_level_css":"","footnotes":""},"class_list":["post-77382","page","type-page","status-publish","has-post-thumbnail"],"yoast_head":"<!-- This site is optimized with the Yoast SEO plugin v25.3.1 - https:\/\/yoast.com\/wordpress\/plugins\/seo\/ -->\n<title>Comment d\u00e9bloquer le point de recharge Trydan? | Support V2C<\/title>\n<meta name=\"description\" content=\"Nous vous expliquons comment verrouiller et d\u00e9verrouiller votre borne de recharge Trydan pour \u00e9viter que des tiers non autoris\u00e9s ne l&#039;utilisent. Pas \u00e0 pas.\" \/>\n<meta name=\"robots\" content=\"index, follow, max-snippet:-1, max-image-preview:large, max-video-preview:-1\" \/>\n<link rel=\"canonical\" href=\"https:\/\/v2charge.com\/fr\/comment-debloquer-le-e-charger-trydan\/\" \/>\n<meta property=\"og:locale\" content=\"fr_FR\" \/>\n<meta property=\"og:type\" content=\"article\" \/>\n<meta property=\"og:title\" content=\"Comment d\u00e9bloquer le point de recharge Trydan? | Support V2C\" \/>\n<meta property=\"og:description\" content=\"Nous vous expliquons comment verrouiller et d\u00e9verrouiller votre borne de recharge Trydan pour \u00e9viter que des tiers non autoris\u00e9s ne l&#039;utilisent. Pas \u00e0 pas.\" \/>\n<meta property=\"og:url\" content=\"https:\/\/v2charge.com\/fr\/comment-debloquer-le-e-charger-trydan\/\" \/>\n<meta property=\"og:site_name\" content=\"V2C\" \/>\n<meta property=\"article:publisher\" content=\"https:\/\/www.facebook.com\/V2C.Charge\" \/>\n<meta property=\"article:modified_time\" content=\"2023-06-13T13:59:48+00:00\" \/>\n<meta property=\"og:image\" content=\"https:\/\/v2charge.com\/wp-content\/uploads\/2022\/02\/WhatsApp-Image-2022-02-27-at-19.06.44_iphone12black_portrait-542x1024.png\" \/>\n<meta name=\"twitter:card\" content=\"summary_large_image\" \/>\n<meta name=\"twitter:site\" content=\"@V2C_Charge\" \/>\n<meta name=\"twitter:label1\" content=\"Dur\u00e9e de lecture estim\u00e9e\" \/>\n\t<meta name=\"twitter:data1\" content=\"3 minutes\" \/>\n<script type=\"application\/ld+json\" class=\"yoast-schema-graph\">{\"@context\":\"https:\/\/schema.org\",\"@graph\":[{\"@type\":\"WebPage\",\"@id\":\"https:\/\/v2charge.com\/fr\/comment-debloquer-le-e-charger-trydan\/\",\"url\":\"https:\/\/v2charge.com\/fr\/comment-debloquer-le-e-charger-trydan\/\",\"name\":\"Comment d\u00e9bloquer le point de recharge Trydan? | Support V2C\",\"isPartOf\":{\"@id\":\"https:\/\/v2charge.com\/fr\/#website\"},\"primaryImageOfPage\":{\"@id\":\"https:\/\/v2charge.com\/fr\/comment-debloquer-le-e-charger-trydan\/#primaryimage\"},\"image\":{\"@id\":\"https:\/\/v2charge.com\/fr\/comment-debloquer-le-e-charger-trydan\/#primaryimage\"},\"thumbnailUrl\":\"https:\/\/v2charge.com\/wp-content\/uploads\/2024\/07\/v2c-electric-chargers.jpg\",\"datePublished\":\"2022-02-27T18:21:09+00:00\",\"dateModified\":\"2023-06-13T13:59:48+00:00\",\"description\":\"Nous vous expliquons comment verrouiller et d\u00e9verrouiller votre borne de recharge Trydan pour \u00e9viter que des tiers non autoris\u00e9s ne l'utilisent. Pas \u00e0 pas.\",\"breadcrumb\":{\"@id\":\"https:\/\/v2charge.com\/fr\/comment-debloquer-le-e-charger-trydan\/#breadcrumb\"},\"inLanguage\":\"fr-FR\",\"potentialAction\":[{\"@type\":\"ReadAction\",\"target\":[\"https:\/\/v2charge.com\/fr\/comment-debloquer-le-e-charger-trydan\/\"]}]},{\"@type\":\"ImageObject\",\"inLanguage\":\"fr-FR\",\"@id\":\"https:\/\/v2charge.com\/fr\/comment-debloquer-le-e-charger-trydan\/#primaryimage\",\"url\":\"https:\/\/v2charge.com\/wp-content\/uploads\/2024\/07\/v2c-electric-chargers.jpg\",\"contentUrl\":\"https:\/\/v2charge.com\/wp-content\/uploads\/2024\/07\/v2c-electric-chargers.jpg\",\"width\":1200,\"height\":675,\"caption\":\"V2C Electric Chargers\"},{\"@type\":\"BreadcrumbList\",\"@id\":\"https:\/\/v2charge.com\/fr\/comment-debloquer-le-e-charger-trydan\/#breadcrumb\",\"itemListElement\":[{\"@type\":\"ListItem\",\"position\":1,\"name\":\"V2C\",\"item\":\"https:\/\/v2charge.com\/fr\/\"},{\"@type\":\"ListItem\",\"position\":2,\"name\":\"Comment d\u00e9bloquer le e-Charger Trydan ?\"}]},{\"@type\":\"WebSite\",\"@id\":\"https:\/\/v2charge.com\/fr\/#website\",\"url\":\"https:\/\/v2charge.com\/fr\/\",\"name\":\"V2C\",\"description\":\"#CargandoElMa\u00f1ana\",\"publisher\":{\"@id\":\"https:\/\/v2charge.com\/fr\/#organization\"},\"potentialAction\":[{\"@type\":\"SearchAction\",\"target\":{\"@type\":\"EntryPoint\",\"urlTemplate\":\"https:\/\/v2charge.com\/fr\/?s={search_term_string}\"},\"query-input\":{\"@type\":\"PropertyValueSpecification\",\"valueRequired\":true,\"valueName\":\"search_term_string\"}}],\"inLanguage\":\"fr-FR\"},{\"@type\":\"Organization\",\"@id\":\"https:\/\/v2charge.com\/fr\/#organization\",\"name\":\"V2C\",\"url\":\"https:\/\/v2charge.com\/fr\/\",\"logo\":{\"@type\":\"ImageObject\",\"inLanguage\":\"fr-FR\",\"@id\":\"https:\/\/v2charge.com\/fr\/#\/schema\/logo\/image\/\",\"url\":\"https:\/\/v2charge.com\/wp-content\/uploads\/2024\/11\/cropped-v2c-charge-logo-menu.png\",\"contentUrl\":\"https:\/\/v2charge.com\/wp-content\/uploads\/2024\/11\/cropped-v2c-charge-logo-menu.png\",\"width\":984,\"height\":431,\"caption\":\"V2C\"},\"image\":{\"@id\":\"https:\/\/v2charge.com\/fr\/#\/schema\/logo\/image\/\"},\"sameAs\":[\"https:\/\/www.facebook.com\/V2C.Charge\",\"https:\/\/x.com\/V2C_Charge\",\"https:\/\/www.instagram.com\/v2c.charge\/\",\"https:\/\/www.youtube.com\/@V2C\",\"https:\/\/www.linkedin.com\/company\/v2c-chargers\/\"]}]}<\/script>\n<!-- \/ Yoast SEO plugin. -->","yoast_head_json":{"title":"Comment d\u00e9bloquer le point de recharge Trydan? | Support V2C","description":"Nous vous expliquons comment verrouiller et d\u00e9verrouiller votre borne de recharge Trydan pour \u00e9viter que des tiers non autoris\u00e9s ne l'utilisent. Pas \u00e0 pas.","robots":{"index":"index","follow":"follow","max-snippet":"max-snippet:-1","max-image-preview":"max-image-preview:large","max-video-preview":"max-video-preview:-1"},"canonical":"https:\/\/v2charge.com\/fr\/comment-debloquer-le-e-charger-trydan\/","og_locale":"fr_FR","og_type":"article","og_title":"Comment d\u00e9bloquer le point de recharge Trydan? | Support V2C","og_description":"Nous vous expliquons comment verrouiller et d\u00e9verrouiller votre borne de recharge Trydan pour \u00e9viter que des tiers non autoris\u00e9s ne l'utilisent. Pas \u00e0 pas.","og_url":"https:\/\/v2charge.com\/fr\/comment-debloquer-le-e-charger-trydan\/","og_site_name":"V2C","article_publisher":"https:\/\/www.facebook.com\/V2C.Charge","article_modified_time":"2023-06-13T13:59:48+00:00","og_image":[{"url":"https:\/\/v2charge.com\/wp-content\/uploads\/2022\/02\/WhatsApp-Image-2022-02-27-at-19.06.44_iphone12black_portrait-542x1024.png","type":"","width":"","height":""}],"twitter_card":"summary_large_image","twitter_site":"@V2C_Charge","twitter_misc":{"Dur\u00e9e de lecture estim\u00e9e":"3 minutes"},"schema":{"@context":"https:\/\/schema.org","@graph":[{"@type":"WebPage","@id":"https:\/\/v2charge.com\/fr\/comment-debloquer-le-e-charger-trydan\/","url":"https:\/\/v2charge.com\/fr\/comment-debloquer-le-e-charger-trydan\/","name":"Comment d\u00e9bloquer le point de recharge Trydan? | Support V2C","isPartOf":{"@id":"https:\/\/v2charge.com\/fr\/#website"},"primaryImageOfPage":{"@id":"https:\/\/v2charge.com\/fr\/comment-debloquer-le-e-charger-trydan\/#primaryimage"},"image":{"@id":"https:\/\/v2charge.com\/fr\/comment-debloquer-le-e-charger-trydan\/#primaryimage"},"thumbnailUrl":"https:\/\/v2charge.com\/wp-content\/uploads\/2024\/07\/v2c-electric-chargers.jpg","datePublished":"2022-02-27T18:21:09+00:00","dateModified":"2023-06-13T13:59:48+00:00","description":"Nous vous expliquons comment verrouiller et d\u00e9verrouiller votre borne de recharge Trydan pour \u00e9viter que des tiers non autoris\u00e9s ne l'utilisent. Pas \u00e0 pas.","breadcrumb":{"@id":"https:\/\/v2charge.com\/fr\/comment-debloquer-le-e-charger-trydan\/#breadcrumb"},"inLanguage":"fr-FR","potentialAction":[{"@type":"ReadAction","target":["https:\/\/v2charge.com\/fr\/comment-debloquer-le-e-charger-trydan\/"]}]},{"@type":"ImageObject","inLanguage":"fr-FR","@id":"https:\/\/v2charge.com\/fr\/comment-debloquer-le-e-charger-trydan\/#primaryimage","url":"https:\/\/v2charge.com\/wp-content\/uploads\/2024\/07\/v2c-electric-chargers.jpg","contentUrl":"https:\/\/v2charge.com\/wp-content\/uploads\/2024\/07\/v2c-electric-chargers.jpg","width":1200,"height":675,"caption":"V2C Electric Chargers"},{"@type":"BreadcrumbList","@id":"https:\/\/v2charge.com\/fr\/comment-debloquer-le-e-charger-trydan\/#breadcrumb","itemListElement":[{"@type":"ListItem","position":1,"name":"V2C","item":"https:\/\/v2charge.com\/fr\/"},{"@type":"ListItem","position":2,"name":"Comment d\u00e9bloquer le e-Charger Trydan ?"}]},{"@type":"WebSite","@id":"https:\/\/v2charge.com\/fr\/#website","url":"https:\/\/v2charge.com\/fr\/","name":"V2C","description":"#CargandoElMa\u00f1ana","publisher":{"@id":"https:\/\/v2charge.com\/fr\/#organization"},"potentialAction":[{"@type":"SearchAction","target":{"@type":"EntryPoint","urlTemplate":"https:\/\/v2charge.com\/fr\/?s={search_term_string}"},"query-input":{"@type":"PropertyValueSpecification","valueRequired":true,"valueName":"search_term_string"}}],"inLanguage":"fr-FR"},{"@type":"Organization","@id":"https:\/\/v2charge.com\/fr\/#organization","name":"V2C","url":"https:\/\/v2charge.com\/fr\/","logo":{"@type":"ImageObject","inLanguage":"fr-FR","@id":"https:\/\/v2charge.com\/fr\/#\/schema\/logo\/image\/","url":"https:\/\/v2charge.com\/wp-content\/uploads\/2024\/11\/cropped-v2c-charge-logo-menu.png","contentUrl":"https:\/\/v2charge.com\/wp-content\/uploads\/2024\/11\/cropped-v2c-charge-logo-menu.png","width":984,"height":431,"caption":"V2C"},"image":{"@id":"https:\/\/v2charge.com\/fr\/#\/schema\/logo\/image\/"},"sameAs":["https:\/\/www.facebook.com\/V2C.Charge","https:\/\/x.com\/V2C_Charge","https:\/\/www.instagram.com\/v2c.charge\/","https:\/\/www.youtube.com\/@V2C","https:\/\/www.linkedin.com\/company\/v2c-chargers\/"]}]}},"uagb_featured_image_src":{"full":["https:\/\/v2charge.com\/wp-content\/uploads\/2024\/07\/v2c-electric-chargers.jpg",1200,675,false],"thumbnail":["https:\/\/v2charge.com\/wp-content\/uploads\/2024\/07\/v2c-electric-chargers-150x150.jpg",150,150,true],"medium":["https:\/\/v2charge.com\/wp-content\/uploads\/2024\/07\/v2c-electric-chargers-300x169.jpg",300,169,true],"medium_large":["https:\/\/v2charge.com\/wp-content\/uploads\/2024\/07\/v2c-electric-chargers-768x432.jpg",768,432,true],"large":["https:\/\/v2charge.com\/wp-content\/uploads\/2024\/07\/v2c-electric-chargers-1024x576.jpg",1024,576,true],"gs-tiny":["https:\/\/v2charge.com\/wp-content\/uploads\/2024\/07\/v2c-electric-chargers.jpg",50,28,false],"xl":["https:\/\/v2charge.com\/wp-content\/uploads\/2024\/07\/v2c-electric-chargers.jpg",1200,675,false],"xxl":["https:\/\/v2charge.com\/wp-content\/uploads\/2024\/07\/v2c-electric-chargers.jpg",1200,675,false],"xxxl":["https:\/\/v2charge.com\/wp-content\/uploads\/2024\/07\/v2c-electric-chargers.jpg",1200,675,false],"xxxxl":["https:\/\/v2charge.com\/wp-content\/uploads\/2024\/07\/v2c-electric-chargers.jpg",1200,675,false],"xxxxxl":["https:\/\/v2charge.com\/wp-content\/uploads\/2024\/07\/v2c-electric-chargers.jpg",1200,675,false],"1536x1536":["https:\/\/v2charge.com\/wp-content\/uploads\/2024\/07\/v2c-electric-chargers.jpg",1200,675,false],"2048x2048":["https:\/\/v2charge.com\/wp-content\/uploads\/2024\/07\/v2c-electric-chargers.jpg",1200,675,false]},"uagb_author_info":{"display_name":"V2C","author_link":"https:\/\/v2charge.com\/fr\/author\/root_k4eu7ki8\/"},"uagb_comment_info":0,"uagb_excerpt":"Comment d\u00e9bloquer le e-Charger Trydan ? Vous pouvez bloquer et d\u00e9bloquer le e-Charger Trydan depuis l&rsquo;application pour \u00e9viter l&rsquo;utilisation d&rsquo;une troisi\u00e8me partie non autoris\u00e9e. Le blocage du e-Charger n&rsquo;autorise son acc\u00e8s \u00e0 personne, m\u00eame si vous en \u00eates le propri\u00e9taire. Cela signifie si vous connectez votre voiture au e-Charger mais qu&rsquo;il est bloqu\u00e9, votre car\u2026","_links":{"self":[{"href":"https:\/\/v2charge.com\/fr\/wp-json\/wp\/v2\/pages\/77382","targetHints":{"allow":["GET"]}}],"collection":[{"href":"https:\/\/v2charge.com\/fr\/wp-json\/wp\/v2\/pages"}],"about":[{"href":"https:\/\/v2charge.com\/fr\/wp-json\/wp\/v2\/types\/page"}],"author":[{"embeddable":true,"href":"https:\/\/v2charge.com\/fr\/wp-json\/wp\/v2\/users\/1"}],"replies":[{"embeddable":true,"href":"https:\/\/v2charge.com\/fr\/wp-json\/wp\/v2\/comments?post=77382"}],"version-history":[{"count":0,"href":"https:\/\/v2charge.com\/fr\/wp-json\/wp\/v2\/pages\/77382\/revisions"}],"wp:featuredmedia":[{"embeddable":true,"href":"https:\/\/v2charge.com\/fr\/wp-json\/wp\/v2\/media\/170349"}],"wp:attachment":[{"href":"https:\/\/v2charge.com\/fr\/wp-json\/wp\/v2\/media?parent=77382"}],"curies":[{"name":"wp","href":"https:\/\/api.w.org\/{rel}","templated":true}]}}