{"id":83166,"date":"2022-04-18T17:34:26","date_gmt":"2022-04-18T17:34:26","guid":{"rendered":"https:\/\/v2charge.com\/diferentes-formas-de-ver-las-estadisticas-de-recarga-en-v2c-cloud\/"},"modified":"2023-06-13T09:51:41","modified_gmt":"2023-06-13T09:51:41","slug":"differentes-manieres-de-visualiser-les-statistiques-de-recharge","status":"publish","type":"page","link":"https:\/\/v2charge.com\/fr\/differentes-manieres-de-visualiser-les-statistiques-de-recharge\/","title":{"rendered":"Diff\u00e9rentes mani\u00e8res de visualiser les statistiques de recharge"},"content":{"rendered":"<h1>Diff\u00e9rentes mani\u00e8res de visualiser les statistiques de recharge<\/h1>\n\n\n<p>Pour visualiser les statistiques de recharge, nous pouvons les examiner de diff\u00e9rentes mani\u00e8res.<\/p>\n\n\n\n<ul class=\"wp-block-list\"><li>Par l&rsquo;interm\u00e9diaire de l&rsquo;APP<\/li><\/ul>\n\n\n\n<figure><img decoding=\"async\" src=\"https:\/\/v2charge.com\/wp-content\/uploads\/2022\/09\/statistiques-de-rechargejpg-731x1024.jpg\" alt=\"statistiques de recharge V2C Cloud\" width=\"366\" height=\"512\"\/><\/figure>\n\n\n\n<p>Avec l&rsquo;APP, nous pouvons le voir \u00e0 deux endroits diff\u00e9rents ;<\/p>\n\n\n\n<ul class=\"wp-block-list\"><li>Statistiques globales pour tous nos chargeurs. En cliquant sur le bouton indiqu\u00e9<\/li><\/ul>\n\n\n\n<ul class=\"wp-block-list\"><li>Comprend une liste de tous ces produits. En appuyant sur les boutons s\u00e9lectionn\u00e9s \u00e0 l&rsquo;int\u00e9rieur du chargeur.<\/li><\/ul>\n\n\n\n<figure><img decoding=\"async\" src=\"https:\/\/v2charge.com\/wp-content\/uploads\/2022\/09\/statistiques-de-recharge-v2c-731x1024.jpg\" alt=\"statistiques de recharge app\" width=\"366\" height=\"512\"\/><\/figure>\n\n\n\n<ul class=\"wp-block-list\"><li>A travers le portail <a href=\"http:\/\/www.v2c.cloud\">www.v2c.cloud<\/a><\/li><\/ul>\n\n\n\n<figure><img decoding=\"async\" src=\"https:\/\/v2charge.com\/wp-content\/uploads\/2022\/04\/estadisticas-v2c_macbookgold_front-1024x1024.png\" alt=\"\" width=\"614\" height=\"614\"\/><\/figure>\n\n\n\n<p>Remarque importante \u00c9quipement connect\u00e9 \u00e0 Bluetooth<\/p>\n\n\n\n<blockquote class=\"is-layout-flow wp-block-quote-is-layout-flow\"><p>Les appareils connect\u00e9s par Bluetooth ne re\u00e7oivent les statistiques qu&rsquo;une fois que vous les avez appari\u00e9s. En raison d&rsquo;un probl\u00e8me de vitesse, seules les 5 derni\u00e8res recharges sont appari\u00e9es. Si vous n&rsquo;\u00eates pas connect\u00e9 \u00e0 l&rsquo;internet \u00e0 ce moment-l\u00e0, vous verrez un message indiquant que vous avez des recharges en attente \u00e0 envoyer. Ouvrez l&rsquo;application dans un endroit disposant d&rsquo;une connexion Internet.<\/p><\/blockquote>\n\n\n\n<p><\/p>\n","protected":false},"excerpt":{"rendered":"<p>Diff\u00e9rentes mani\u00e8res de visualiser les statistiques de recharge Pour visualiser les statistiques de recharge, nous pouvons les examiner de diff\u00e9rentes mani\u00e8res. Par l&rsquo;interm\u00e9diaire de l&rsquo;APP Avec l&rsquo;APP, nous pouvons le voir \u00e0 deux endroits diff\u00e9rents ; Statistiques globales pour tous nos chargeurs. En cliquant sur le bouton indiqu\u00e9 Comprend une liste de tous ces produits. &#8230; <a title=\"Diff\u00e9rentes mani\u00e8res de visualiser les statistiques de recharge\" class=\"read-more\" href=\"https:\/\/v2charge.com\/fr\/differentes-manieres-de-visualiser-les-statistiques-de-recharge\/\" aria-label=\"Read more about Diff\u00e9rentes mani\u00e8res de visualiser les statistiques de recharge\">Lire la suite<\/a><\/p>\n","protected":false},"author":1,"featured_media":170349,"parent":0,"menu_order":0,"comment_status":"closed","ping_status":"closed","template":"","meta":{"_eb_attr":"","content-type":"","_uag_custom_page_level_css":"","footnotes":""},"class_list":["post-83166","page","type-page","status-publish","has-post-thumbnail"],"yoast_head":"<!-- This site is optimized with the Yoast SEO plugin v25.3.1 - https:\/\/yoast.com\/wordpress\/plugins\/seo\/ -->\n<title>Comment consulter les statistiques de recharge dans V2C Cloud<\/title>\n<meta name=\"description\" content=\"Nous expliquons comment v\u00e9rifier les statistiques de charge de votre v\u00e9hicule \u00e9lectrique avec notre application V2C Cloud. [Derni\u00e8re technologie]\" \/>\n<meta name=\"robots\" content=\"index, follow, max-snippet:-1, max-image-preview:large, max-video-preview:-1\" \/>\n<link rel=\"canonical\" href=\"https:\/\/v2charge.com\/fr\/differentes-manieres-de-visualiser-les-statistiques-de-recharge\/\" \/>\n<meta property=\"og:locale\" content=\"fr_FR\" \/>\n<meta property=\"og:type\" content=\"article\" \/>\n<meta property=\"og:title\" content=\"Comment consulter les statistiques de recharge dans V2C Cloud\" \/>\n<meta property=\"og:description\" content=\"Nous expliquons comment v\u00e9rifier les statistiques de charge de votre v\u00e9hicule \u00e9lectrique avec notre application V2C Cloud. [Derni\u00e8re technologie]\" \/>\n<meta property=\"og:url\" content=\"https:\/\/v2charge.com\/fr\/differentes-manieres-de-visualiser-les-statistiques-de-recharge\/\" \/>\n<meta property=\"og:site_name\" content=\"V2C\" \/>\n<meta property=\"article:publisher\" content=\"https:\/\/www.facebook.com\/V2C.Charge\" \/>\n<meta property=\"article:modified_time\" content=\"2023-06-13T09:51:41+00:00\" \/>\n<meta property=\"og:image\" content=\"https:\/\/v2charge.com\/wp-content\/uploads\/2022\/09\/statistiques-de-rechargejpg-731x1024.jpg\" \/>\n<meta name=\"twitter:card\" content=\"summary_large_image\" \/>\n<meta name=\"twitter:site\" content=\"@V2C_Charge\" \/>\n<meta name=\"twitter:label1\" content=\"Dur\u00e9e de lecture estim\u00e9e\" \/>\n\t<meta name=\"twitter:data1\" content=\"2 minutes\" \/>\n<script type=\"application\/ld+json\" class=\"yoast-schema-graph\">{\"@context\":\"https:\/\/schema.org\",\"@graph\":[{\"@type\":\"WebPage\",\"@id\":\"https:\/\/v2charge.com\/fr\/differentes-manieres-de-visualiser-les-statistiques-de-recharge\/\",\"url\":\"https:\/\/v2charge.com\/fr\/differentes-manieres-de-visualiser-les-statistiques-de-recharge\/\",\"name\":\"Comment consulter les statistiques de recharge dans V2C Cloud\",\"isPartOf\":{\"@id\":\"https:\/\/v2charge.com\/fr\/#website\"},\"primaryImageOfPage\":{\"@id\":\"https:\/\/v2charge.com\/fr\/differentes-manieres-de-visualiser-les-statistiques-de-recharge\/#primaryimage\"},\"image\":{\"@id\":\"https:\/\/v2charge.com\/fr\/differentes-manieres-de-visualiser-les-statistiques-de-recharge\/#primaryimage\"},\"thumbnailUrl\":\"https:\/\/v2charge.com\/wp-content\/uploads\/2024\/07\/v2c-electric-chargers.jpg\",\"datePublished\":\"2022-04-18T17:34:26+00:00\",\"dateModified\":\"2023-06-13T09:51:41+00:00\",\"description\":\"Nous expliquons comment v\u00e9rifier les statistiques de charge de votre v\u00e9hicule \u00e9lectrique avec notre application V2C Cloud. [Derni\u00e8re technologie]\",\"breadcrumb\":{\"@id\":\"https:\/\/v2charge.com\/fr\/differentes-manieres-de-visualiser-les-statistiques-de-recharge\/#breadcrumb\"},\"inLanguage\":\"fr-FR\",\"potentialAction\":[{\"@type\":\"ReadAction\",\"target\":[\"https:\/\/v2charge.com\/fr\/differentes-manieres-de-visualiser-les-statistiques-de-recharge\/\"]}]},{\"@type\":\"ImageObject\",\"inLanguage\":\"fr-FR\",\"@id\":\"https:\/\/v2charge.com\/fr\/differentes-manieres-de-visualiser-les-statistiques-de-recharge\/#primaryimage\",\"url\":\"https:\/\/v2charge.com\/wp-content\/uploads\/2024\/07\/v2c-electric-chargers.jpg\",\"contentUrl\":\"https:\/\/v2charge.com\/wp-content\/uploads\/2024\/07\/v2c-electric-chargers.jpg\",\"width\":1200,\"height\":675,\"caption\":\"V2C Electric Chargers\"},{\"@type\":\"BreadcrumbList\",\"@id\":\"https:\/\/v2charge.com\/fr\/differentes-manieres-de-visualiser-les-statistiques-de-recharge\/#breadcrumb\",\"itemListElement\":[{\"@type\":\"ListItem\",\"position\":1,\"name\":\"V2C\",\"item\":\"https:\/\/v2charge.com\/fr\/\"},{\"@type\":\"ListItem\",\"position\":2,\"name\":\"Diff\u00e9rentes mani\u00e8res de visualiser les statistiques de recharge\"}]},{\"@type\":\"WebSite\",\"@id\":\"https:\/\/v2charge.com\/fr\/#website\",\"url\":\"https:\/\/v2charge.com\/fr\/\",\"name\":\"V2C\",\"description\":\"#CargandoElMa\u00f1ana\",\"publisher\":{\"@id\":\"https:\/\/v2charge.com\/fr\/#organization\"},\"potentialAction\":[{\"@type\":\"SearchAction\",\"target\":{\"@type\":\"EntryPoint\",\"urlTemplate\":\"https:\/\/v2charge.com\/fr\/?s={search_term_string}\"},\"query-input\":{\"@type\":\"PropertyValueSpecification\",\"valueRequired\":true,\"valueName\":\"search_term_string\"}}],\"inLanguage\":\"fr-FR\"},{\"@type\":\"Organization\",\"@id\":\"https:\/\/v2charge.com\/fr\/#organization\",\"name\":\"V2C\",\"url\":\"https:\/\/v2charge.com\/fr\/\",\"logo\":{\"@type\":\"ImageObject\",\"inLanguage\":\"fr-FR\",\"@id\":\"https:\/\/v2charge.com\/fr\/#\/schema\/logo\/image\/\",\"url\":\"https:\/\/v2charge.com\/wp-content\/uploads\/2024\/11\/cropped-v2c-charge-logo-menu.png\",\"contentUrl\":\"https:\/\/v2charge.com\/wp-content\/uploads\/2024\/11\/cropped-v2c-charge-logo-menu.png\",\"width\":984,\"height\":431,\"caption\":\"V2C\"},\"image\":{\"@id\":\"https:\/\/v2charge.com\/fr\/#\/schema\/logo\/image\/\"},\"sameAs\":[\"https:\/\/www.facebook.com\/V2C.Charge\",\"https:\/\/x.com\/V2C_Charge\",\"https:\/\/www.instagram.com\/v2c.charge\/\",\"https:\/\/www.youtube.com\/@V2C\",\"https:\/\/www.linkedin.com\/company\/v2c-chargers\/\"]}]}<\/script>\n<!-- \/ Yoast SEO plugin. -->","yoast_head_json":{"title":"Comment consulter les statistiques de recharge dans V2C Cloud","description":"Nous expliquons comment v\u00e9rifier les statistiques de charge de votre v\u00e9hicule \u00e9lectrique avec notre application V2C Cloud. [Derni\u00e8re technologie]","robots":{"index":"index","follow":"follow","max-snippet":"max-snippet:-1","max-image-preview":"max-image-preview:large","max-video-preview":"max-video-preview:-1"},"canonical":"https:\/\/v2charge.com\/fr\/differentes-manieres-de-visualiser-les-statistiques-de-recharge\/","og_locale":"fr_FR","og_type":"article","og_title":"Comment consulter les statistiques de recharge dans V2C Cloud","og_description":"Nous expliquons comment v\u00e9rifier les statistiques de charge de votre v\u00e9hicule \u00e9lectrique avec notre application V2C Cloud. [Derni\u00e8re technologie]","og_url":"https:\/\/v2charge.com\/fr\/differentes-manieres-de-visualiser-les-statistiques-de-recharge\/","og_site_name":"V2C","article_publisher":"https:\/\/www.facebook.com\/V2C.Charge","article_modified_time":"2023-06-13T09:51:41+00:00","og_image":[{"url":"https:\/\/v2charge.com\/wp-content\/uploads\/2022\/09\/statistiques-de-rechargejpg-731x1024.jpg","type":"","width":"","height":""}],"twitter_card":"summary_large_image","twitter_site":"@V2C_Charge","twitter_misc":{"Dur\u00e9e de lecture estim\u00e9e":"2 minutes"},"schema":{"@context":"https:\/\/schema.org","@graph":[{"@type":"WebPage","@id":"https:\/\/v2charge.com\/fr\/differentes-manieres-de-visualiser-les-statistiques-de-recharge\/","url":"https:\/\/v2charge.com\/fr\/differentes-manieres-de-visualiser-les-statistiques-de-recharge\/","name":"Comment consulter les statistiques de recharge dans V2C Cloud","isPartOf":{"@id":"https:\/\/v2charge.com\/fr\/#website"},"primaryImageOfPage":{"@id":"https:\/\/v2charge.com\/fr\/differentes-manieres-de-visualiser-les-statistiques-de-recharge\/#primaryimage"},"image":{"@id":"https:\/\/v2charge.com\/fr\/differentes-manieres-de-visualiser-les-statistiques-de-recharge\/#primaryimage"},"thumbnailUrl":"https:\/\/v2charge.com\/wp-content\/uploads\/2024\/07\/v2c-electric-chargers.jpg","datePublished":"2022-04-18T17:34:26+00:00","dateModified":"2023-06-13T09:51:41+00:00","description":"Nous expliquons comment v\u00e9rifier les statistiques de charge de votre v\u00e9hicule \u00e9lectrique avec notre application V2C Cloud. [Derni\u00e8re technologie]","breadcrumb":{"@id":"https:\/\/v2charge.com\/fr\/differentes-manieres-de-visualiser-les-statistiques-de-recharge\/#breadcrumb"},"inLanguage":"fr-FR","potentialAction":[{"@type":"ReadAction","target":["https:\/\/v2charge.com\/fr\/differentes-manieres-de-visualiser-les-statistiques-de-recharge\/"]}]},{"@type":"ImageObject","inLanguage":"fr-FR","@id":"https:\/\/v2charge.com\/fr\/differentes-manieres-de-visualiser-les-statistiques-de-recharge\/#primaryimage","url":"https:\/\/v2charge.com\/wp-content\/uploads\/2024\/07\/v2c-electric-chargers.jpg","contentUrl":"https:\/\/v2charge.com\/wp-content\/uploads\/2024\/07\/v2c-electric-chargers.jpg","width":1200,"height":675,"caption":"V2C Electric Chargers"},{"@type":"BreadcrumbList","@id":"https:\/\/v2charge.com\/fr\/differentes-manieres-de-visualiser-les-statistiques-de-recharge\/#breadcrumb","itemListElement":[{"@type":"ListItem","position":1,"name":"V2C","item":"https:\/\/v2charge.com\/fr\/"},{"@type":"ListItem","position":2,"name":"Diff\u00e9rentes mani\u00e8res de visualiser les statistiques de recharge"}]},{"@type":"WebSite","@id":"https:\/\/v2charge.com\/fr\/#website","url":"https:\/\/v2charge.com\/fr\/","name":"V2C","description":"#CargandoElMa\u00f1ana","publisher":{"@id":"https:\/\/v2charge.com\/fr\/#organization"},"potentialAction":[{"@type":"SearchAction","target":{"@type":"EntryPoint","urlTemplate":"https:\/\/v2charge.com\/fr\/?s={search_term_string}"},"query-input":{"@type":"PropertyValueSpecification","valueRequired":true,"valueName":"search_term_string"}}],"inLanguage":"fr-FR"},{"@type":"Organization","@id":"https:\/\/v2charge.com\/fr\/#organization","name":"V2C","url":"https:\/\/v2charge.com\/fr\/","logo":{"@type":"ImageObject","inLanguage":"fr-FR","@id":"https:\/\/v2charge.com\/fr\/#\/schema\/logo\/image\/","url":"https:\/\/v2charge.com\/wp-content\/uploads\/2024\/11\/cropped-v2c-charge-logo-menu.png","contentUrl":"https:\/\/v2charge.com\/wp-content\/uploads\/2024\/11\/cropped-v2c-charge-logo-menu.png","width":984,"height":431,"caption":"V2C"},"image":{"@id":"https:\/\/v2charge.com\/fr\/#\/schema\/logo\/image\/"},"sameAs":["https:\/\/www.facebook.com\/V2C.Charge","https:\/\/x.com\/V2C_Charge","https:\/\/www.instagram.com\/v2c.charge\/","https:\/\/www.youtube.com\/@V2C","https:\/\/www.linkedin.com\/company\/v2c-chargers\/"]}]}},"uagb_featured_image_src":{"full":["https:\/\/v2charge.com\/wp-content\/uploads\/2024\/07\/v2c-electric-chargers.jpg",1200,675,false],"thumbnail":["https:\/\/v2charge.com\/wp-content\/uploads\/2024\/07\/v2c-electric-chargers-150x150.jpg",150,150,true],"medium":["https:\/\/v2charge.com\/wp-content\/uploads\/2024\/07\/v2c-electric-chargers-300x169.jpg",300,169,true],"medium_large":["https:\/\/v2charge.com\/wp-content\/uploads\/2024\/07\/v2c-electric-chargers-768x432.jpg",768,432,true],"large":["https:\/\/v2charge.com\/wp-content\/uploads\/2024\/07\/v2c-electric-chargers-1024x576.jpg",1024,576,true],"gs-tiny":["https:\/\/v2charge.com\/wp-content\/uploads\/2024\/07\/v2c-electric-chargers.jpg",50,28,false],"xl":["https:\/\/v2charge.com\/wp-content\/uploads\/2024\/07\/v2c-electric-chargers.jpg",1200,675,false],"xxl":["https:\/\/v2charge.com\/wp-content\/uploads\/2024\/07\/v2c-electric-chargers.jpg",1200,675,false],"xxxl":["https:\/\/v2charge.com\/wp-content\/uploads\/2024\/07\/v2c-electric-chargers.jpg",1200,675,false],"xxxxl":["https:\/\/v2charge.com\/wp-content\/uploads\/2024\/07\/v2c-electric-chargers.jpg",1200,675,false],"xxxxxl":["https:\/\/v2charge.com\/wp-content\/uploads\/2024\/07\/v2c-electric-chargers.jpg",1200,675,false],"1536x1536":["https:\/\/v2charge.com\/wp-content\/uploads\/2024\/07\/v2c-electric-chargers.jpg",1200,675,false],"2048x2048":["https:\/\/v2charge.com\/wp-content\/uploads\/2024\/07\/v2c-electric-chargers.jpg",1200,675,false]},"uagb_author_info":{"display_name":"V2C","author_link":"https:\/\/v2charge.com\/fr\/author\/root_k4eu7ki8\/"},"uagb_comment_info":0,"uagb_excerpt":"Diff\u00e9rentes mani\u00e8res de visualiser les statistiques de recharge Pour visualiser les statistiques de recharge, nous pouvons les examiner de diff\u00e9rentes mani\u00e8res. Par l&rsquo;interm\u00e9diaire de l&rsquo;APP Avec l&rsquo;APP, nous pouvons le voir \u00e0 deux endroits diff\u00e9rents ; Statistiques globales pour tous nos chargeurs. En cliquant sur le bouton indiqu\u00e9 Comprend une liste de tous ces produits.\u2026","_links":{"self":[{"href":"https:\/\/v2charge.com\/fr\/wp-json\/wp\/v2\/pages\/83166","targetHints":{"allow":["GET"]}}],"collection":[{"href":"https:\/\/v2charge.com\/fr\/wp-json\/wp\/v2\/pages"}],"about":[{"href":"https:\/\/v2charge.com\/fr\/wp-json\/wp\/v2\/types\/page"}],"author":[{"embeddable":true,"href":"https:\/\/v2charge.com\/fr\/wp-json\/wp\/v2\/users\/1"}],"replies":[{"embeddable":true,"href":"https:\/\/v2charge.com\/fr\/wp-json\/wp\/v2\/comments?post=83166"}],"version-history":[{"count":0,"href":"https:\/\/v2charge.com\/fr\/wp-json\/wp\/v2\/pages\/83166\/revisions"}],"wp:featuredmedia":[{"embeddable":true,"href":"https:\/\/v2charge.com\/fr\/wp-json\/wp\/v2\/media\/170349"}],"wp:attachment":[{"href":"https:\/\/v2charge.com\/fr\/wp-json\/wp\/v2\/media?parent=83166"}],"curies":[{"name":"wp","href":"https:\/\/api.w.org\/{rel}","templated":true}]}}