{"id":87733,"date":"2022-09-11T18:46:25","date_gmt":"2022-09-11T18:46:25","guid":{"rendered":"https:\/\/v2charge.com\/connecting-trydan-with-wibeee-energy-meter\/"},"modified":"2025-07-18T15:01:55","modified_gmt":"2025-07-18T13:01:55","slug":"compteur-wibeee","status":"publish","type":"page","link":"https:\/\/v2charge.com\/fr\/support\/controle-puissance\/dynamique\/compteur-wibeee\/","title":{"rendered":"Connexion de Trydan avec le compteur d&rsquo;\u00e9nergie Wibeee"},"content":{"rendered":"\n<div class=\"wp-block-uagb-container uagb-block-ab7cfef6 alignfull uagb-is-root-container\"><div class=\"uagb-container-inner-blocks-wrap\"><div class=\"yoast-breadcrumbs\"><span><span><a href=\"https:\/\/v2charge.com\/fr\/\">V2C<\/a><\/span> \u00bb <span><a href=\"https:\/\/v2charge.com\/fr\/support\/\">Support Area<\/a><\/span> \u00bb <span><a href=\"https:\/\/v2charge.com\/fr\/support\/controle-puissance\/\">Contr\u00f4le de puissance<\/a><\/span> \u00bb <span><a href=\"https:\/\/v2charge.com\/fr\/support\/controle-puissance\/dynamique\/\">Dynamique<\/a><\/span> \u00bb <span class=\"breadcrumb_last\" aria-current=\"page\">Connexion de Trydan avec le compteur d&#8217;\u00e9nergie Wibeee<\/span><\/span><\/div>\n\n\n<div class=\"wp-block-uagb-advanced-heading uagb-block-b32c4bfc\"><h1 class=\"uagb-heading-text\">Connexion de Trydan avec le compteur Wibeee<\/h1><\/div>\n<\/div><\/div>\n\n\n\n<div class=\"wp-block-uagb-container uagb-block-d1d57cfd alignfull uagb-is-root-container\"><div class=\"uagb-container-inner-blocks-wrap\">\n<div class=\"wp-block-uagb-container uagb-block-1d926316 alignfull uagb-is-root-container\"><div class=\"uagb-container-inner-blocks-wrap\">\n<div class=\"wp-block-uagb-container uagb-block-3769988c\">\n<div class=\"wp-block-uagb-image aligncenter uagb-block-dd804c57 wp-block-uagb-image--layout-default wp-block-uagb-image--effect-static wp-block-uagb-image--align-center\"><figure class=\"wp-block-uagb-image__figure\"><img decoding=\"async\" srcset=\"https:\/\/v2charge.com\/wp-content\/uploads\/2023\/12\/wibee-logo.png ,https:\/\/v2charge.com\/wp-content\/uploads\/2023\/12\/wibee-logo.png 780w, https:\/\/v2charge.com\/wp-content\/uploads\/2023\/12\/wibee-logo.png 360w\" sizes=\"auto, (max-width: 480px) 150px\" src=\"https:\/\/v2charge.com\/wp-content\/uploads\/2023\/12\/wibee-logo.png\" alt=\"\" class=\"uag-image-130122\" width=\"400\" height=\"124\" title=\"\" loading=\"lazy\" role=\"img\"\/><\/figure><\/div>\n<\/div>\n\n\n\n<div class=\"wp-block-uagb-container uagb-block-a2bfc09c\">\n<div class=\"wp-block-uagb-advanced-heading uagb-block-892dcedd\"><p class=\"uagb-heading-text\"><strong>Trydan <\/strong>est compatible avec le compteur d&rsquo;\u00e9nergie Wibeee de <strong>Smilics Technologies<\/strong>, dans ses versions photovolta\u00efque et monophas\u00e9e.<br><br>Les appareils compatibles sont le <strong>Wibeee Box<\/strong>, un compteur polyvalent principalement utilis\u00e9 pour les installations photovolta\u00efques, et le <strong>Wibeee Home<\/strong>. Pour la connexion \u00e0 une installation photovolta\u00efque, il faut connecter la pince 1 \u00e0 la consommation globale et la pince 2 \u00e0 l&rsquo;onduleur photovolta\u00efque.<\/p><\/div>\n<\/div>\n<\/div><\/div>\n\n\n\n<div class=\"wp-block-uagb-container uagb-block-333fb119 alignfull uagb-is-root-container\"><div class=\"uagb-container-inner-blocks-wrap\">\n<div class=\"wp-block-uagb-container uagb-block-2ff110d0 default uagb-is-root-container\">\n<div class=\"wp-block-uagb-container uagb-block-cd442c87\">\n<div class=\"wp-block-uagb-image aligncenter uagb-block-4bb46c59 wp-block-uagb-image--layout-default wp-block-uagb-image--effect-static wp-block-uagb-image--align-center\"><figure class=\"wp-block-uagb-image__figure\"><img decoding=\"async\" srcset=\"https:\/\/v2charge.com\/wp-content\/uploads\/2023\/11\/icon-important.png ,https:\/\/v2charge.com\/wp-content\/uploads\/2023\/11\/icon-important.png 780w, https:\/\/v2charge.com\/wp-content\/uploads\/2023\/11\/icon-important.png 360w\" sizes=\"auto, (max-width: 480px) 150px\" src=\"https:\/\/v2charge.com\/wp-content\/uploads\/2023\/11\/icon-important.png\" alt=\"\" class=\"uag-image-125013\" width=\"50\" height=\"50\" title=\"\" loading=\"lazy\" role=\"img\"\/><\/figure><\/div>\n<\/div>\n\n\n\n<div class=\"wp-block-uagb-container uagb-block-38de7166\">\n<div class=\"wp-block-uagb-advanced-heading uagb-block-37ab01f0\"><p class=\"uagb-heading-text\">L&rsquo;utilisation de&nbsp;<strong>r\u00e9p\u00e9teurs Wi-Fi<\/strong>&nbsp;ou de&nbsp;<strong>r\u00e9seaux mesh<\/strong>&nbsp;peut affecter le bon fonctionnement du syst\u00e8me. Nous recommandons d\u2019utiliser un&nbsp;<strong>r\u00e9seau Wi-Fi stable<\/strong>&nbsp;et&nbsp;<strong>direct<\/strong>&nbsp;afin de garantir une connexion optimale entre le chargeur et compteurs.<\/p><\/div>\n<\/div>\n<\/div>\n\n\n\n<div style=\"height:5px\" aria-hidden=\"true\" class=\"wp-block-spacer\"><\/div>\n<\/div><\/div>\n\n\n\n<div class=\"wp-block-uagb-separator uagb-block-824a65ea\"><div class=\"wp-block-uagb-separator__inner\" style=\"--my-background-image:\"><\/div><\/div>\n\n\n\n<div class=\"wp-block-uagb-advanced-heading uagb-block-bead9183\"><h2 class=\"uagb-heading-text\">\u00c9tapes pour la connexion WiFi au compteur Wibeee<\/h2><\/div>\n\n\n\n<div class=\"wp-block-uagb-container uagb-block-18eeea3d alignfull uagb-is-root-container\"><div class=\"uagb-container-inner-blocks-wrap\">\n<div class=\"wp-block-uagb-info-box uagb-block-bb6a2ad9 uagb-infobox__content-wrap  uagb-infobox-icon-left uagb-infobox-left uagb-infobox-stacked-tablet uagb-infobox-image-valign-top\"><div class=\"uagb-ifb-image-content\"><img decoding=\"async\" src=\"https:\/\/v2charge.com\/wp-content\/uploads\/2023\/11\/numero-uno.png\" alt=\"\" width=\"38\" height=\"38\" loading=\"lazy\"\/><\/div><div class=\"uagb-ifb-content\"><div class=\"uagb-ifb-title-wrap\"><\/div><p class=\"uagb-ifb-desc\">Dans l&rsquo;application <strong>Wibeee Next<\/strong>, que ce soit sur un ordinateur ou un mobile, recherchez l&rsquo;adresse <strong>IP du Wibeee<\/strong>.<\/p><\/div><\/div>\n\n\n\n<div class=\"wp-block-uagb-image aligncenter uagb-block-0ede07ef wp-block-uagb-image--layout-default wp-block-uagb-image--effect-static wp-block-uagb-image--align-center\"><figure class=\"wp-block-uagb-image__figure\"><img decoding=\"async\" srcset=\"https:\/\/v2charge.com\/wp-content\/uploads\/2024\/01\/conexion-wifi-wibee-trydan.jpg ,https:\/\/v2charge.com\/wp-content\/uploads\/2024\/01\/conexion-wifi-wibee-trydan.jpg 780w, https:\/\/v2charge.com\/wp-content\/uploads\/2024\/01\/conexion-wifi-wibee-trydan.jpg 360w\" sizes=\"auto, (max-width: 480px) 150px\" src=\"https:\/\/v2charge.com\/wp-content\/uploads\/2024\/01\/conexion-wifi-wibee-trydan.jpg\" alt=\"\" class=\"uag-image-131292\" width=\"750\" height=\"257\" title=\"\" loading=\"lazy\" role=\"img\"\/><\/figure><\/div>\n<\/div><\/div>\n\n\n\n<div class=\"wp-block-uagb-separator uagb-block-1f4e5f80\"><div class=\"wp-block-uagb-separator__inner\" style=\"--my-background-image:\"><\/div><\/div>\n\n\n\n<div class=\"wp-block-uagb-container uagb-block-bf18b7b8 alignfull uagb-is-root-container\"><div class=\"uagb-container-inner-blocks-wrap\">\n<div class=\"wp-block-uagb-container uagb-block-63fc9fe5\">\n<div class=\"wp-block-uagb-advanced-heading uagb-block-17704ad3\"><h2 class=\"uagb-heading-text\">Configuration du compteur Wibeee dans l&rsquo;application V2C Cloud<\/h2><\/div>\n\n\n\n<p>Ouvrez l&rsquo;application V2C Cloud, s\u00e9lectionnez le point de recharge, puis allez dans la section de configuration.<br><br>Dans la section de contr\u00f4le dynamique de puissance, choisissez \u00ab\u00a0compteur\u00a0\u00bb dans l&rsquo;onglet des types de dispositifs et s\u00e9lectionnez Wibeee dans la cat\u00e9gorie \u00ab\u00a0type de compteur\u00a0\u00bb.<br><br>Ensuite, choisissez le type d&rsquo;installation correspondant.<br><br><strong>Enregistrez la configuration, ce qui est essentiel pour assurer le bon fonctionnement du contr\u00f4le dynamique de puissance. Ensuite, personnalisez les param\u00e8tres pour que l&rsquo;exp\u00e9rience de recharge soit totalement adapt\u00e9e \u00e0 vos besoins.<\/strong><\/p>\n<\/div>\n\n\n\n<div class=\"wp-block-uagb-container uagb-block-071ab2ad\">\n<div class=\"wp-block-uagb-image uagb-block-861583ee wp-block-uagb-image--layout-default wp-block-uagb-image--effect-static wp-block-uagb-image--align-none\"><figure class=\"wp-block-uagb-image__figure\"><img decoding=\"async\" srcset=\"https:\/\/v2charge.com\/wp-content\/uploads\/2024\/05\/selectionnez-compteur-wibeee.jpg ,https:\/\/v2charge.com\/wp-content\/uploads\/2024\/05\/selectionnez-compteur-wibeee.jpg 780w, https:\/\/v2charge.com\/wp-content\/uploads\/2024\/05\/selectionnez-compteur-wibeee.jpg 360w\" sizes=\"auto, (max-width: 480px) 150px\" src=\"https:\/\/v2charge.com\/wp-content\/uploads\/2024\/05\/selectionnez-compteur-wibeee.jpg\" alt=\"\" class=\"uag-image-157221\" width=\"731\" height=\"1024\" title=\"selectionnez-compteur-wibeee\" loading=\"lazy\" role=\"img\"\/><\/figure><\/div>\n<\/div>\n<\/div><\/div>\n\n\n\n<div style=\"height:40px\" aria-hidden=\"true\" class=\"wp-block-spacer\"><\/div>\n<\/div><\/div>\n\n\n\n<div class=\"wp-block-uagb-container uagb-block-bda8798f alignfull uagb-is-root-container\"><div class=\"uagb-container-inner-blocks-wrap\">\n<div class=\"wp-block-uagb-advanced-heading uagb-block-f1d9592d\"><h2 class=\"uagb-heading-text\"><strong>Avez-vous besoin d&rsquo;une assistance technique ?<\/strong><\/h2><\/div>\n\n\n\n<div class=\"wp-block-uagb-advanced-heading uagb-block-778ab8fe\"><p class=\"uagb-heading-text\">G\u00e9n\u00e9rer une demande dans le centre de support technique et nous vous contacterons d\u00e8s que possible pour vous offrir la meilleure solution.<\/p><\/div>\n\n\n\n<div class=\"wp-block-uagb-buttons uagb-buttons__outer-wrap uagb-btn__default-btn uagb-btn-tablet__default-btn uagb-btn-mobile__default-btn uagb-block-a308e2ee\"><div class=\"uagb-buttons__wrap uagb-buttons-layout-wrap \">\n<div class=\"wp-block-uagb-buttons-child uagb-buttons__outer-wrap uagb-block-6f6cd21e wp-block-button\"><div class=\"uagb-button__wrapper\"><a class=\"uagb-buttons-repeater wp-block-button__link\" aria-label=\"\" href=\"https:\/\/v2charge.atlassian.net\/servicedesk\/customer\/portal\/3\" rel=\"follow noopener\" target=\"_self\" role=\"button\"><div class=\"uagb-button__link\">Contacter le support technique<\/div><\/a><\/div><\/div>\n<\/div><\/div>\n<\/div><\/div>\n","protected":false},"excerpt":{"rendered":"<p>Connexion de Trydan avec le compteur Wibeee Trydan est compatible avec le compteur d&rsquo;\u00e9nergie Wibeee de Smilics Technologies, dans ses versions photovolta\u00efque et monophas\u00e9e. Les appareils compatibles sont le Wibeee Box, un compteur polyvalent principalement utilis\u00e9 pour les installations photovolta\u00efques, et le Wibeee Home. Pour la connexion \u00e0 une installation photovolta\u00efque, il faut connecter la &#8230; <a title=\"Connexion de Trydan avec le compteur d&rsquo;\u00e9nergie Wibeee\" class=\"read-more\" href=\"https:\/\/v2charge.com\/fr\/support\/controle-puissance\/dynamique\/compteur-wibeee\/\" aria-label=\"Read more about Connexion de Trydan avec le compteur d&rsquo;\u00e9nergie Wibeee\">Lire la suite<\/a><\/p>\n","protected":false},"author":1,"featured_media":170349,"parent":125463,"menu_order":0,"comment_status":"closed","ping_status":"closed","template":"","meta":{"_eb_attr":"","content-type":"","_uag_custom_page_level_css":"","footnotes":""},"class_list":["post-87733","page","type-page","status-publish","has-post-thumbnail"],"yoast_head":"<!-- This site is optimized with the Yoast SEO plugin v25.3.1 - https:\/\/yoast.com\/wordpress\/plugins\/seo\/ -->\n<title>Connecter Trydan avec le compteur d&#039;\u00e9nergie Wibeee | V2C<\/title>\n<meta name=\"description\" content=\"Apprenez \u00e0 connecter votre chargeur Trydan avec le compteur d&#039;\u00e9nergie Wibeee. Optimiser votre processus de charge \u00e9lectrique d\u00e8s aujourd&#039;hui !\" \/>\n<meta name=\"robots\" content=\"index, follow, max-snippet:-1, max-image-preview:large, max-video-preview:-1\" \/>\n<link rel=\"canonical\" href=\"https:\/\/v2charge.com\/fr\/support\/controle-puissance\/dynamique\/compteur-wibeee\/\" \/>\n<meta property=\"og:locale\" content=\"fr_FR\" \/>\n<meta property=\"og:type\" content=\"article\" \/>\n<meta property=\"og:title\" content=\"Connecter Trydan avec le compteur d&#039;\u00e9nergie Wibeee | V2C\" \/>\n<meta property=\"og:description\" content=\"Apprenez \u00e0 connecter votre chargeur Trydan avec le compteur d&#039;\u00e9nergie Wibeee. Optimiser votre processus de charge \u00e9lectrique d\u00e8s aujourd&#039;hui !\" \/>\n<meta property=\"og:url\" content=\"https:\/\/v2charge.com\/fr\/support\/controle-puissance\/dynamique\/compteur-wibeee\/\" \/>\n<meta property=\"og:site_name\" content=\"V2C\" \/>\n<meta property=\"article:publisher\" content=\"https:\/\/www.facebook.com\/V2C.Charge\" \/>\n<meta property=\"article:modified_time\" content=\"2025-07-18T13:01:55+00:00\" \/>\n<meta property=\"og:image\" content=\"https:\/\/v2charge.com\/wp-content\/uploads\/2024\/07\/v2c-electric-chargers.jpg\" \/>\n\t<meta property=\"og:image:width\" content=\"1200\" \/>\n\t<meta property=\"og:image:height\" content=\"675\" \/>\n\t<meta property=\"og:image:type\" content=\"image\/jpeg\" \/>\n<meta name=\"twitter:card\" content=\"summary_large_image\" \/>\n<meta name=\"twitter:site\" content=\"@V2C_Charge\" \/>\n<meta name=\"twitter:label1\" content=\"Dur\u00e9e de lecture estim\u00e9e\" \/>\n\t<meta name=\"twitter:data1\" content=\"3 minutes\" \/>\n<script type=\"application\/ld+json\" class=\"yoast-schema-graph\">{\"@context\":\"https:\/\/schema.org\",\"@graph\":[{\"@type\":\"WebPage\",\"@id\":\"https:\/\/v2charge.com\/fr\/support\/controle-puissance\/dynamique\/compteur-wibeee\/\",\"url\":\"https:\/\/v2charge.com\/fr\/support\/controle-puissance\/dynamique\/compteur-wibeee\/\",\"name\":\"Connecter Trydan avec le compteur d'\u00e9nergie Wibeee | V2C\",\"isPartOf\":{\"@id\":\"https:\/\/v2charge.com\/fr\/#website\"},\"primaryImageOfPage\":{\"@id\":\"https:\/\/v2charge.com\/fr\/support\/controle-puissance\/dynamique\/compteur-wibeee\/#primaryimage\"},\"image\":{\"@id\":\"https:\/\/v2charge.com\/fr\/support\/controle-puissance\/dynamique\/compteur-wibeee\/#primaryimage\"},\"thumbnailUrl\":\"https:\/\/v2charge.com\/wp-content\/uploads\/2024\/07\/v2c-electric-chargers.jpg\",\"datePublished\":\"2022-09-11T18:46:25+00:00\",\"dateModified\":\"2025-07-18T13:01:55+00:00\",\"description\":\"Apprenez \u00e0 connecter votre chargeur Trydan avec le compteur d'\u00e9nergie Wibeee. Optimiser votre processus de charge \u00e9lectrique d\u00e8s aujourd'hui !\",\"breadcrumb\":{\"@id\":\"https:\/\/v2charge.com\/fr\/support\/controle-puissance\/dynamique\/compteur-wibeee\/#breadcrumb\"},\"inLanguage\":\"fr-FR\",\"potentialAction\":[{\"@type\":\"ReadAction\",\"target\":[\"https:\/\/v2charge.com\/fr\/support\/controle-puissance\/dynamique\/compteur-wibeee\/\"]}]},{\"@type\":\"ImageObject\",\"inLanguage\":\"fr-FR\",\"@id\":\"https:\/\/v2charge.com\/fr\/support\/controle-puissance\/dynamique\/compteur-wibeee\/#primaryimage\",\"url\":\"https:\/\/v2charge.com\/wp-content\/uploads\/2024\/07\/v2c-electric-chargers.jpg\",\"contentUrl\":\"https:\/\/v2charge.com\/wp-content\/uploads\/2024\/07\/v2c-electric-chargers.jpg\",\"width\":1200,\"height\":675,\"caption\":\"V2C Electric Chargers\"},{\"@type\":\"BreadcrumbList\",\"@id\":\"https:\/\/v2charge.com\/fr\/support\/controle-puissance\/dynamique\/compteur-wibeee\/#breadcrumb\",\"itemListElement\":[{\"@type\":\"ListItem\",\"position\":1,\"name\":\"V2C\",\"item\":\"https:\/\/v2charge.com\/fr\/\"},{\"@type\":\"ListItem\",\"position\":2,\"name\":\"Support Area\",\"item\":\"https:\/\/v2charge.com\/fr\/support\/\"},{\"@type\":\"ListItem\",\"position\":3,\"name\":\"Contr\u00f4le de puissance\",\"item\":\"https:\/\/v2charge.com\/fr\/support\/controle-puissance\/\"},{\"@type\":\"ListItem\",\"position\":4,\"name\":\"Dynamique\",\"item\":\"https:\/\/v2charge.com\/fr\/support\/controle-puissance\/dynamique\/\"},{\"@type\":\"ListItem\",\"position\":5,\"name\":\"Connexion de Trydan avec le compteur d&#8217;\u00e9nergie Wibeee\"}]},{\"@type\":\"WebSite\",\"@id\":\"https:\/\/v2charge.com\/fr\/#website\",\"url\":\"https:\/\/v2charge.com\/fr\/\",\"name\":\"V2C\",\"description\":\"#CargandoElMa\u00f1ana\",\"publisher\":{\"@id\":\"https:\/\/v2charge.com\/fr\/#organization\"},\"potentialAction\":[{\"@type\":\"SearchAction\",\"target\":{\"@type\":\"EntryPoint\",\"urlTemplate\":\"https:\/\/v2charge.com\/fr\/?s={search_term_string}\"},\"query-input\":{\"@type\":\"PropertyValueSpecification\",\"valueRequired\":true,\"valueName\":\"search_term_string\"}}],\"inLanguage\":\"fr-FR\"},{\"@type\":\"Organization\",\"@id\":\"https:\/\/v2charge.com\/fr\/#organization\",\"name\":\"V2C\",\"url\":\"https:\/\/v2charge.com\/fr\/\",\"logo\":{\"@type\":\"ImageObject\",\"inLanguage\":\"fr-FR\",\"@id\":\"https:\/\/v2charge.com\/fr\/#\/schema\/logo\/image\/\",\"url\":\"https:\/\/v2charge.com\/wp-content\/uploads\/2024\/11\/cropped-v2c-charge-logo-menu.png\",\"contentUrl\":\"https:\/\/v2charge.com\/wp-content\/uploads\/2024\/11\/cropped-v2c-charge-logo-menu.png\",\"width\":984,\"height\":431,\"caption\":\"V2C\"},\"image\":{\"@id\":\"https:\/\/v2charge.com\/fr\/#\/schema\/logo\/image\/\"},\"sameAs\":[\"https:\/\/www.facebook.com\/V2C.Charge\",\"https:\/\/x.com\/V2C_Charge\",\"https:\/\/www.instagram.com\/v2c.charge\/\",\"https:\/\/www.youtube.com\/@V2C\",\"https:\/\/www.linkedin.com\/company\/v2c-chargers\/\"]}]}<\/script>\n<!-- \/ Yoast SEO plugin. -->","yoast_head_json":{"title":"Connecter Trydan avec le compteur d'\u00e9nergie Wibeee | V2C","description":"Apprenez \u00e0 connecter votre chargeur Trydan avec le compteur d'\u00e9nergie Wibeee. Optimiser votre processus de charge \u00e9lectrique d\u00e8s aujourd'hui !","robots":{"index":"index","follow":"follow","max-snippet":"max-snippet:-1","max-image-preview":"max-image-preview:large","max-video-preview":"max-video-preview:-1"},"canonical":"https:\/\/v2charge.com\/fr\/support\/controle-puissance\/dynamique\/compteur-wibeee\/","og_locale":"fr_FR","og_type":"article","og_title":"Connecter Trydan avec le compteur d'\u00e9nergie Wibeee | V2C","og_description":"Apprenez \u00e0 connecter votre chargeur Trydan avec le compteur d'\u00e9nergie Wibeee. Optimiser votre processus de charge \u00e9lectrique d\u00e8s aujourd'hui !","og_url":"https:\/\/v2charge.com\/fr\/support\/controle-puissance\/dynamique\/compteur-wibeee\/","og_site_name":"V2C","article_publisher":"https:\/\/www.facebook.com\/V2C.Charge","article_modified_time":"2025-07-18T13:01:55+00:00","og_image":[{"width":1200,"height":675,"url":"https:\/\/v2charge.com\/wp-content\/uploads\/2024\/07\/v2c-electric-chargers.jpg","type":"image\/jpeg"}],"twitter_card":"summary_large_image","twitter_site":"@V2C_Charge","twitter_misc":{"Dur\u00e9e de lecture estim\u00e9e":"3 minutes"},"schema":{"@context":"https:\/\/schema.org","@graph":[{"@type":"WebPage","@id":"https:\/\/v2charge.com\/fr\/support\/controle-puissance\/dynamique\/compteur-wibeee\/","url":"https:\/\/v2charge.com\/fr\/support\/controle-puissance\/dynamique\/compteur-wibeee\/","name":"Connecter Trydan avec le compteur d'\u00e9nergie Wibeee | V2C","isPartOf":{"@id":"https:\/\/v2charge.com\/fr\/#website"},"primaryImageOfPage":{"@id":"https:\/\/v2charge.com\/fr\/support\/controle-puissance\/dynamique\/compteur-wibeee\/#primaryimage"},"image":{"@id":"https:\/\/v2charge.com\/fr\/support\/controle-puissance\/dynamique\/compteur-wibeee\/#primaryimage"},"thumbnailUrl":"https:\/\/v2charge.com\/wp-content\/uploads\/2024\/07\/v2c-electric-chargers.jpg","datePublished":"2022-09-11T18:46:25+00:00","dateModified":"2025-07-18T13:01:55+00:00","description":"Apprenez \u00e0 connecter votre chargeur Trydan avec le compteur d'\u00e9nergie Wibeee. Optimiser votre processus de charge \u00e9lectrique d\u00e8s aujourd'hui !","breadcrumb":{"@id":"https:\/\/v2charge.com\/fr\/support\/controle-puissance\/dynamique\/compteur-wibeee\/#breadcrumb"},"inLanguage":"fr-FR","potentialAction":[{"@type":"ReadAction","target":["https:\/\/v2charge.com\/fr\/support\/controle-puissance\/dynamique\/compteur-wibeee\/"]}]},{"@type":"ImageObject","inLanguage":"fr-FR","@id":"https:\/\/v2charge.com\/fr\/support\/controle-puissance\/dynamique\/compteur-wibeee\/#primaryimage","url":"https:\/\/v2charge.com\/wp-content\/uploads\/2024\/07\/v2c-electric-chargers.jpg","contentUrl":"https:\/\/v2charge.com\/wp-content\/uploads\/2024\/07\/v2c-electric-chargers.jpg","width":1200,"height":675,"caption":"V2C Electric Chargers"},{"@type":"BreadcrumbList","@id":"https:\/\/v2charge.com\/fr\/support\/controle-puissance\/dynamique\/compteur-wibeee\/#breadcrumb","itemListElement":[{"@type":"ListItem","position":1,"name":"V2C","item":"https:\/\/v2charge.com\/fr\/"},{"@type":"ListItem","position":2,"name":"Support Area","item":"https:\/\/v2charge.com\/fr\/support\/"},{"@type":"ListItem","position":3,"name":"Contr\u00f4le de puissance","item":"https:\/\/v2charge.com\/fr\/support\/controle-puissance\/"},{"@type":"ListItem","position":4,"name":"Dynamique","item":"https:\/\/v2charge.com\/fr\/support\/controle-puissance\/dynamique\/"},{"@type":"ListItem","position":5,"name":"Connexion de Trydan avec le compteur d&#8217;\u00e9nergie Wibeee"}]},{"@type":"WebSite","@id":"https:\/\/v2charge.com\/fr\/#website","url":"https:\/\/v2charge.com\/fr\/","name":"V2C","description":"#CargandoElMa\u00f1ana","publisher":{"@id":"https:\/\/v2charge.com\/fr\/#organization"},"potentialAction":[{"@type":"SearchAction","target":{"@type":"EntryPoint","urlTemplate":"https:\/\/v2charge.com\/fr\/?s={search_term_string}"},"query-input":{"@type":"PropertyValueSpecification","valueRequired":true,"valueName":"search_term_string"}}],"inLanguage":"fr-FR"},{"@type":"Organization","@id":"https:\/\/v2charge.com\/fr\/#organization","name":"V2C","url":"https:\/\/v2charge.com\/fr\/","logo":{"@type":"ImageObject","inLanguage":"fr-FR","@id":"https:\/\/v2charge.com\/fr\/#\/schema\/logo\/image\/","url":"https:\/\/v2charge.com\/wp-content\/uploads\/2024\/11\/cropped-v2c-charge-logo-menu.png","contentUrl":"https:\/\/v2charge.com\/wp-content\/uploads\/2024\/11\/cropped-v2c-charge-logo-menu.png","width":984,"height":431,"caption":"V2C"},"image":{"@id":"https:\/\/v2charge.com\/fr\/#\/schema\/logo\/image\/"},"sameAs":["https:\/\/www.facebook.com\/V2C.Charge","https:\/\/x.com\/V2C_Charge","https:\/\/www.instagram.com\/v2c.charge\/","https:\/\/www.youtube.com\/@V2C","https:\/\/www.linkedin.com\/company\/v2c-chargers\/"]}]}},"uagb_featured_image_src":{"full":["https:\/\/v2charge.com\/wp-content\/uploads\/2024\/07\/v2c-electric-chargers.jpg",1200,675,false],"thumbnail":["https:\/\/v2charge.com\/wp-content\/uploads\/2024\/07\/v2c-electric-chargers-150x150.jpg",150,150,true],"medium":["https:\/\/v2charge.com\/wp-content\/uploads\/2024\/07\/v2c-electric-chargers-300x169.jpg",300,169,true],"medium_large":["https:\/\/v2charge.com\/wp-content\/uploads\/2024\/07\/v2c-electric-chargers-768x432.jpg",768,432,true],"large":["https:\/\/v2charge.com\/wp-content\/uploads\/2024\/07\/v2c-electric-chargers-1024x576.jpg",1024,576,true],"gs-tiny":["https:\/\/v2charge.com\/wp-content\/uploads\/2024\/07\/v2c-electric-chargers.jpg",50,28,false],"xl":["https:\/\/v2charge.com\/wp-content\/uploads\/2024\/07\/v2c-electric-chargers.jpg",1200,675,false],"xxl":["https:\/\/v2charge.com\/wp-content\/uploads\/2024\/07\/v2c-electric-chargers.jpg",1200,675,false],"xxxl":["https:\/\/v2charge.com\/wp-content\/uploads\/2024\/07\/v2c-electric-chargers.jpg",1200,675,false],"xxxxl":["https:\/\/v2charge.com\/wp-content\/uploads\/2024\/07\/v2c-electric-chargers.jpg",1200,675,false],"xxxxxl":["https:\/\/v2charge.com\/wp-content\/uploads\/2024\/07\/v2c-electric-chargers.jpg",1200,675,false],"1536x1536":["https:\/\/v2charge.com\/wp-content\/uploads\/2024\/07\/v2c-electric-chargers.jpg",1200,675,false],"2048x2048":["https:\/\/v2charge.com\/wp-content\/uploads\/2024\/07\/v2c-electric-chargers.jpg",1200,675,false]},"uagb_author_info":{"display_name":"V2C","author_link":"https:\/\/v2charge.com\/fr\/author\/root_k4eu7ki8\/"},"uagb_comment_info":0,"uagb_excerpt":"Connexion de Trydan avec le compteur Wibeee Trydan est compatible avec le compteur d&rsquo;\u00e9nergie Wibeee de Smilics Technologies, dans ses versions photovolta\u00efque et monophas\u00e9e. Les appareils compatibles sont le Wibeee Box, un compteur polyvalent principalement utilis\u00e9 pour les installations photovolta\u00efques, et le Wibeee Home. Pour la connexion \u00e0 une installation photovolta\u00efque, il faut connecter la\u2026","_links":{"self":[{"href":"https:\/\/v2charge.com\/fr\/wp-json\/wp\/v2\/pages\/87733","targetHints":{"allow":["GET"]}}],"collection":[{"href":"https:\/\/v2charge.com\/fr\/wp-json\/wp\/v2\/pages"}],"about":[{"href":"https:\/\/v2charge.com\/fr\/wp-json\/wp\/v2\/types\/page"}],"author":[{"embeddable":true,"href":"https:\/\/v2charge.com\/fr\/wp-json\/wp\/v2\/users\/1"}],"replies":[{"embeddable":true,"href":"https:\/\/v2charge.com\/fr\/wp-json\/wp\/v2\/comments?post=87733"}],"version-history":[{"count":3,"href":"https:\/\/v2charge.com\/fr\/wp-json\/wp\/v2\/pages\/87733\/revisions"}],"predecessor-version":[{"id":238718,"href":"https:\/\/v2charge.com\/fr\/wp-json\/wp\/v2\/pages\/87733\/revisions\/238718"}],"up":[{"embeddable":true,"href":"https:\/\/v2charge.com\/fr\/wp-json\/wp\/v2\/pages\/125463"}],"wp:featuredmedia":[{"embeddable":true,"href":"https:\/\/v2charge.com\/fr\/wp-json\/wp\/v2\/media\/170349"}],"wp:attachment":[{"href":"https:\/\/v2charge.com\/fr\/wp-json\/wp\/v2\/media?parent=87733"}],"curies":[{"name":"wp","href":"https:\/\/api.w.org\/{rel}","templated":true}]}}