{"id":92195,"date":"2023-01-24T17:06:03","date_gmt":"2023-01-24T17:06:03","guid":{"rendered":"https:\/\/v2charge.com\/conexion-de-kostal-piko-con-trydan\/"},"modified":"2025-07-18T15:27:07","modified_gmt":"2025-07-18T13:27:07","slug":"onduleur-kostal-piko","status":"publish","type":"page","link":"https:\/\/v2charge.com\/fr\/support\/controle-puissance\/dynamique\/photovoltaique\/onduleur-kostal-piko\/","title":{"rendered":"Connexion de Kostal PIKO avec Trydan"},"content":{"rendered":"\n<div class=\"wp-block-uagb-container uagb-block-f5a1ed0e alignfull uagb-is-root-container\"><div class=\"uagb-container-inner-blocks-wrap\"><div class=\"yoast-breadcrumbs\"><span><span><a href=\"https:\/\/v2charge.com\/fr\/\">V2C<\/a><\/span> \u00bb <span><a href=\"https:\/\/v2charge.com\/fr\/support\/\">Support Area<\/a><\/span> \u00bb <span><a href=\"https:\/\/v2charge.com\/fr\/support\/controle-puissance\/\">Contr\u00f4le de puissance<\/a><\/span> \u00bb <span><a href=\"https:\/\/v2charge.com\/fr\/support\/controle-puissance\/dynamique\/\">Dynamique<\/a><\/span> \u00bb <span><a href=\"https:\/\/v2charge.com\/fr\/support\/controle-puissance\/dynamique\/photovoltaique\/\">Photovoltaique<\/a><\/span> \u00bb <span class=\"breadcrumb_last\" aria-current=\"page\">Connexion de Kostal PIKO avec Trydan<\/span><\/span><\/div>\n\n\n<h1 class=\"wp-block-heading\">Connexion de Kostal PIKO avec Trydan<\/h1>\n\n\n\n<div class=\"wp-block-uagb-container uagb-block-9be67121 alignfull uagb-is-root-container\"><div class=\"uagb-container-inner-blocks-wrap\">\n<div class=\"wp-block-uagb-container uagb-block-b71a8b6f\">\n<p>La connexion entre Kostal PIKO et Trydan s\u2019effectue par le biais de requ\u00eates HTTP, \u00e0 condition que l\u2019onduleur soit compatible. En r\u00e8gle g\u00e9n\u00e9rale, tous les mod\u00e8les Kostal PIKO sont compatibles. Si ce n\u2019est pas le cas, il est conseill\u00e9 de mettre \u00e0 jour le logiciel vers la version la plus r\u00e9cente disponible.<\/p>\n<\/div>\n\n\n\n<div class=\"wp-block-uagb-container uagb-block-7f58fcab\">\n<div class=\"wp-block-uagb-image uagb-block-8632899f wp-block-uagb-image--layout-default wp-block-uagb-image--effect-static wp-block-uagb-image--align-none\"><figure class=\"wp-block-uagb-image__figure\"><img decoding=\"async\" srcset=\"https:\/\/v2charge.com\/wp-content\/uploads\/2023\/12\/kostal-logo.png ,https:\/\/v2charge.com\/wp-content\/uploads\/2023\/12\/kostal-logo.png 780w, https:\/\/v2charge.com\/wp-content\/uploads\/2023\/12\/kostal-logo.png 360w\" sizes=\"auto, (max-width: 480px) 150px\" src=\"https:\/\/v2charge.com\/wp-content\/uploads\/2023\/12\/kostal-logo.png\" alt=\"\" class=\"uag-image-128994\" width=\"250\" height=\"65\" title=\"\" loading=\"lazy\" role=\"img\"\/><\/figure><\/div>\n<\/div>\n<\/div><\/div>\n\n\n\n<div class=\"wp-block-uagb-container uagb-block-2ff110d0 default uagb-is-root-container\">\n<div class=\"wp-block-uagb-container uagb-block-cd442c87\">\n<div class=\"wp-block-uagb-image aligncenter uagb-block-4bb46c59 wp-block-uagb-image--layout-default wp-block-uagb-image--effect-static wp-block-uagb-image--align-center\"><figure class=\"wp-block-uagb-image__figure\"><img decoding=\"async\" srcset=\"https:\/\/v2charge.com\/wp-content\/uploads\/2023\/11\/icon-important.png ,https:\/\/v2charge.com\/wp-content\/uploads\/2023\/11\/icon-important.png 780w, https:\/\/v2charge.com\/wp-content\/uploads\/2023\/11\/icon-important.png 360w\" sizes=\"auto, (max-width: 480px) 150px\" src=\"https:\/\/v2charge.com\/wp-content\/uploads\/2023\/11\/icon-important.png\" alt=\"\" class=\"uag-image-125013\" width=\"50\" height=\"50\" title=\"\" loading=\"lazy\" role=\"img\"\/><\/figure><\/div>\n<\/div>\n\n\n\n<div class=\"wp-block-uagb-container uagb-block-38de7166\">\n<div class=\"wp-block-uagb-advanced-heading uagb-block-37ab01f0\"><p class=\"uagb-heading-text\">L&rsquo;utilisation de&nbsp;<strong>r\u00e9p\u00e9teurs Wi-Fi<\/strong>&nbsp;ou de&nbsp;<strong>r\u00e9seaux mesh<\/strong>&nbsp;peut affecter le bon fonctionnement du syst\u00e8me. Nous recommandons d\u2019utiliser un&nbsp;<strong>r\u00e9seau Wi-Fi stable<\/strong>&nbsp;et&nbsp;<strong>direct<\/strong>&nbsp;afin de garantir une connexion optimale entre le chargeur et l\u2019onduleur.<\/p><\/div>\n<\/div>\n<\/div>\n<\/div><\/div>\n\n\n\n<div class=\"wp-block-uagb-container uagb-block-927ec548 alignfull uagb-is-root-container\"><div class=\"uagb-container-inner-blocks-wrap\">\n<div class=\"wp-block-uagb-separator uagb-block-611b7f0d\"><div class=\"wp-block-uagb-separator__inner\" style=\"--my-background-image:\"><\/div><\/div>\n\n\n\n<h2 class=\"wp-block-heading\">Sommes-nous compatibles avec l\u2019onduleur Kostal PIKO ?<\/h2>\n\n\n\n<p>Pour v\u00e9rifier la compatibilit\u00e9, entrez l\u2019adresse suivante dans le navigateur d\u2019un ordinateur connect\u00e9 au m\u00eame r\u00e9seau local :<br><a href=\"http:\/\/192.168.5.1:80\/measurements.xml\">http:\/\/192.168.5.1:80\/measurements.xml<\/a>, en rempla\u00e7ant l\u2019adresse IP par celle de l\u2019onduleur.<\/p>\n\n\n\n<hr class=\"wp-block-separator has-alpha-channel-opacity\"\/>\n\n\n\n<h2 class=\"wp-block-heading\">Comment conna\u00eetre l\u2019IP du Kostal PIKO ?<\/h2>\n\n\n\n<p>L\u2019adresse IP du Kostal PIKO peut \u00eatre obtenue de diff\u00e9rentes mani\u00e8res. La m\u00e9thode principale consiste \u00e0 se connecter au routeur et \u00e0 consulter la liste des appareils connect\u00e9s. L\u2019adresse IP de Kostal y figurera, ainsi que celle de Trydan. Elle peut \u00e9galement \u00eatre trouv\u00e9e gr\u00e2ce \u00e0 d\u2019autres logiciels, comme \u00ab Angry IP \u00bb pour PC, \u00ab Network IP Scanner \u00bb pour Android ou \u00ab IP Scanner \u00bb pour Apple.<\/p>\n\n\n\n<div class=\"wp-block-uagb-buttons uagb-buttons__outer-wrap uagb-btn__default-btn uagb-btn-tablet__default-btn uagb-btn-mobile__default-btn uagb-block-75b61bfb\"><div class=\"uagb-buttons__wrap uagb-buttons-layout-wrap \">\n<div class=\"wp-block-uagb-buttons-child uagb-buttons__outer-wrap uagb-block-d65329f5 wp-block-button\"><div class=\"uagb-button__wrapper\"><a class=\"uagb-buttons-repeater wp-block-button__link\" aria-label=\"\" href=\"https:\/\/v2charge.com\/fr\/comment-trouver-lip-des-appareils-connectes-a-mon-reseau-local\/\" rel=\"follow noopener\" target=\"_self\" role=\"button\"><div class=\"uagb-button__link\">Comment rechercher l\u2019IP des appareils connect\u00e9s \u00e0 mon r\u00e9seau local ?<\/div><\/a><\/div><\/div>\n<\/div><\/div>\n\n\n\n<p>La r\u00e9ponse \u00e0 la requ\u00eate mentionn\u00e9e ci-dessus devrait \u00eatre similaire \u00e0 l\u2019image suivante :<\/p>\n\n\n\n<div class=\"wp-block-uagb-image aligncenter uagb-block-363558e8 wp-block-uagb-image--layout-default wp-block-uagb-image--effect-static wp-block-uagb-image--align-center\"><figure class=\"wp-block-uagb-image__figure\"><img decoding=\"async\" srcset=\"https:\/\/v2charge.com\/wp-content\/uploads\/2023\/12\/ip-kostal-piko.jpeg ,https:\/\/v2charge.com\/wp-content\/uploads\/2023\/12\/ip-kostal-piko.jpeg 780w, https:\/\/v2charge.com\/wp-content\/uploads\/2023\/12\/ip-kostal-piko.jpeg 360w\" sizes=\"auto, (max-width: 480px) 150px\" src=\"https:\/\/v2charge.com\/wp-content\/uploads\/2023\/12\/ip-kostal-piko.jpeg\" alt=\"\" class=\"uag-image-129003\" width=\"959\" height=\"241\" title=\"\" loading=\"lazy\" role=\"img\"\/><\/figure><\/div>\n\n\n\n<hr class=\"wp-block-separator has-alpha-channel-opacity\"\/>\n\n\n\n<h2 class=\"wp-block-heading\">Comment connecter Kostal au point de charge Trydan<\/h2>\n\n\n\n<div class=\"wp-block-uagb-container uagb-block-6e376ed3 alignfull uagb-is-root-container\"><div class=\"uagb-container-inner-blocks-wrap\">\n<div class=\"wp-block-uagb-container uagb-block-9ae5d47d alignfull uagb-is-root-container\"><div class=\"uagb-container-inner-blocks-wrap\">\n<div class=\"wp-block-uagb-container uagb-block-31834b24\">\n<div class=\"wp-block-uagb-info-box uagb-block-7193e5b7 uagb-infobox__content-wrap  uagb-infobox-icon-left uagb-infobox-left uagb-infobox-stacked-tablet uagb-infobox-image-valign-top\"><div class=\"uagb-ifb-image-content\"><img decoding=\"async\" src=\"https:\/\/v2charge.com\/wp-content\/uploads\/2023\/11\/numero-uno.png\" alt=\"\" width=\"48\" height=\"48\" loading=\"lazy\"\/><\/div><div class=\"uagb-ifb-content\"><div class=\"uagb-ifb-title-wrap\"><\/div><p class=\"uagb-ifb-desc\">Acc\u00e9dez \u00e0 l\u2019application <a href=\"https:\/\/v2charge.com\/fr\/v2c-cloud\/\">V2C Cloud<\/a><\/p><\/div><\/div>\n\n\n\n<div class=\"wp-block-uagb-info-box uagb-block-64a8f618 uagb-infobox__content-wrap  uagb-infobox-icon-left uagb-infobox-left uagb-infobox-stacked-tablet uagb-infobox-image-valign-top\"><div class=\"uagb-ifb-image-content\"><img decoding=\"async\" src=\"https:\/\/v2charge.com\/wp-content\/uploads\/2023\/11\/numero-dos.png\" alt=\"\" width=\"48\" height=\"48\" loading=\"lazy\"\/><\/div><div class=\"uagb-ifb-content\"><div class=\"uagb-ifb-title-wrap\"><\/div><p class=\"uagb-ifb-desc\">S\u00e9lectionnez le point de charge<\/p><\/div><\/div>\n\n\n\n<div class=\"wp-block-uagb-info-box uagb-block-3df7200c uagb-infobox__content-wrap  uagb-infobox-icon-left uagb-infobox-left uagb-infobox-stacked-tablet uagb-infobox-image-valign-top\"><div class=\"uagb-ifb-image-content\"><img decoding=\"async\" src=\"https:\/\/v2charge.com\/wp-content\/uploads\/2023\/11\/numero-tres.png\" alt=\"\" width=\"48\" height=\"48\" loading=\"lazy\"\/><\/div><div class=\"uagb-ifb-content\"><div class=\"uagb-ifb-title-wrap\"><\/div><p class=\"uagb-ifb-desc\">Puis entrez dans la section configuration.<\/p><\/div><\/div>\n\n\n\n<div class=\"wp-block-uagb-info-box uagb-block-7f91709f uagb-infobox__content-wrap  uagb-infobox-icon-left uagb-infobox-left uagb-infobox-stacked-tablet uagb-infobox-image-valign-top\"><div class=\"uagb-ifb-image-content\"><img decoding=\"async\" src=\"https:\/\/v2charge.com\/wp-content\/uploads\/2023\/11\/numero-cuatro.png\" alt=\"\" width=\"48\" height=\"48\" loading=\"lazy\"\/><\/div><div class=\"uagb-ifb-content\"><div class=\"uagb-ifb-title-wrap\"><\/div><p class=\"uagb-ifb-desc\">Allez dans <a href=\"https:\/\/v2charge.com\/fr\/support\/controle-puissance\/dynamique\/\">Contr\u00f4le Dynamique de Puissance<\/a> et s\u00e9lectionnez Kostal comme compteur.<\/p><\/div><\/div>\n\n\n\n<div class=\"wp-block-uagb-info-box uagb-block-2f948665 uagb-infobox__content-wrap  uagb-infobox-icon-left uagb-infobox-left uagb-infobox-stacked-tablet uagb-infobox-image-valign-top\"><div class=\"uagb-ifb-image-content\"><img decoding=\"async\" src=\"https:\/\/v2charge.com\/wp-content\/uploads\/2023\/12\/numero-5.png\" alt=\"\" width=\"48\" height=\"48\" loading=\"lazy\"\/><\/div><div class=\"uagb-ifb-content\"><div class=\"uagb-ifb-title-wrap\"><\/div><p class=\"uagb-ifb-desc\">Choisissez le type d\u2019installation.<\/p><\/div><\/div>\n<\/div>\n\n\n\n<div class=\"wp-block-uagb-container uagb-block-33b885ef\">\n<div class=\"wp-block-uagb-image aligncenter uagb-block-454f1931 wp-block-uagb-image--layout-default wp-block-uagb-image--effect-static wp-block-uagb-image--align-center\"><figure class=\"wp-block-uagb-image__figure\"><img decoding=\"async\" srcset=\"https:\/\/v2charge.com\/wp-content\/uploads\/2024\/01\/kostal-piko-inversor.jpg ,https:\/\/v2charge.com\/wp-content\/uploads\/2024\/01\/kostal-piko-inversor.jpg 780w, https:\/\/v2charge.com\/wp-content\/uploads\/2024\/01\/kostal-piko-inversor.jpg 360w\" sizes=\"auto, (max-width: 480px) 150px\" src=\"https:\/\/v2charge.com\/wp-content\/uploads\/2024\/01\/kostal-piko-inversor.jpg\" alt=\"\" class=\"uag-image-133262\" width=\"400\" height=\"684\" title=\"\" loading=\"lazy\" role=\"img\"\/><\/figure><\/div>\n<\/div>\n<\/div><\/div>\n<\/div><\/div>\n<\/div><\/div>\n\n\n\n<div class=\"wp-block-uagb-container uagb-block-40dc9465 alignfull uagb-is-root-container\"><div class=\"uagb-container-inner-blocks-wrap\">\n<div class=\"wp-block-uagb-advanced-heading uagb-block-977311c8\"><h2 class=\"uagb-heading-text\"><strong><strong>Vous avez besoin d\u2019une assistance technique ?<\/strong><\/strong><\/h2><\/div>\n\n\n\n<div class=\"wp-block-uagb-advanced-heading uagb-block-a63b284b\"><p class=\"uagb-heading-text\">G\u00e9n\u00e9rez une demande dans le centre de support technique et nous vous contacterons d\u00e8s que possible pour vous offrir la meilleure solution.<\/p><\/div>\n\n\n\n<div class=\"wp-block-uagb-buttons uagb-buttons__outer-wrap uagb-btn__default-btn uagb-btn-tablet__default-btn uagb-btn-mobile__default-btn uagb-block-93303fce\"><div class=\"uagb-buttons__wrap uagb-buttons-layout-wrap \">\n<div class=\"wp-block-uagb-buttons-child uagb-buttons__outer-wrap uagb-block-b1b1f3e1 wp-block-button\"><div class=\"uagb-button__wrapper\"><a class=\"uagb-buttons-repeater wp-block-button__link\" aria-label=\"\" href=\"https:\/\/v2charge.atlassian.net\/servicedesk\/customer\/portal\/3\" rel=\"follow noopener\" target=\"_self\" role=\"button\"><div class=\"uagb-button__link\">Contacter le support technique<\/div><\/a><\/div><\/div>\n<\/div><\/div>\n<\/div><\/div>\n","protected":false},"excerpt":{"rendered":"<p>Connexion de Kostal PIKO avec Trydan La connexion entre Kostal PIKO et Trydan s\u2019effectue par le biais de requ\u00eates HTTP, \u00e0 condition que l\u2019onduleur soit compatible. En r\u00e8gle g\u00e9n\u00e9rale, tous les mod\u00e8les Kostal PIKO sont compatibles. Si ce n\u2019est pas le cas, il est conseill\u00e9 de mettre \u00e0 jour le logiciel vers la version la &#8230; <a title=\"Connexion de Kostal PIKO avec Trydan\" class=\"read-more\" href=\"https:\/\/v2charge.com\/fr\/support\/controle-puissance\/dynamique\/photovoltaique\/onduleur-kostal-piko\/\" aria-label=\"Read more about Connexion de Kostal PIKO avec Trydan\">Lire la suite<\/a><\/p>\n","protected":false},"author":1,"featured_media":170349,"parent":129646,"menu_order":0,"comment_status":"closed","ping_status":"closed","template":"","meta":{"_eb_attr":"","content-type":"","_uag_custom_page_level_css":"","footnotes":""},"class_list":["post-92195","page","type-page","status-publish","has-post-thumbnail"],"yoast_head":"<!-- This site is optimized with the Yoast SEO plugin v25.3.1 - https:\/\/yoast.com\/wordpress\/plugins\/seo\/ -->\n<title>Connexion de Kostal PIKO avec Trydan - V2C<\/title>\n<meta name=\"description\" content=\"La connexion de Kostal PIKO avec Trydan s\u2019effectue via des requ\u00eates HTTP, et pour cela, notre onduleur doit \u00eatre compatible.\" \/>\n<meta name=\"robots\" content=\"index, follow, max-snippet:-1, max-image-preview:large, max-video-preview:-1\" \/>\n<link rel=\"canonical\" href=\"https:\/\/v2charge.com\/fr\/connexion-de-kostal-piko-a-trydan\/\" \/>\n<meta property=\"og:locale\" content=\"fr_FR\" \/>\n<meta property=\"og:type\" content=\"article\" \/>\n<meta property=\"og:title\" content=\"Connexion de Kostal PIKO avec Trydan - V2C\" \/>\n<meta property=\"og:description\" content=\"La connexion de Kostal PIKO avec Trydan s\u2019effectue via des requ\u00eates HTTP, et pour cela, notre onduleur doit \u00eatre compatible.\" \/>\n<meta property=\"og:url\" content=\"https:\/\/v2charge.com\/fr\/connexion-de-kostal-piko-a-trydan\/\" \/>\n<meta property=\"og:site_name\" content=\"V2C\" \/>\n<meta property=\"article:publisher\" content=\"https:\/\/www.facebook.com\/V2C.Charge\" \/>\n<meta property=\"article:modified_time\" content=\"2025-07-18T13:27:07+00:00\" \/>\n<meta property=\"og:image\" content=\"https:\/\/v2charge.com\/wp-content\/uploads\/2024\/07\/v2c-electric-chargers.jpg\" \/>\n\t<meta property=\"og:image:width\" content=\"1200\" \/>\n\t<meta property=\"og:image:height\" content=\"675\" \/>\n\t<meta property=\"og:image:type\" content=\"image\/jpeg\" \/>\n<meta name=\"twitter:card\" content=\"summary_large_image\" \/>\n<meta name=\"twitter:site\" content=\"@V2C_Charge\" \/>\n<meta name=\"twitter:label1\" content=\"Dur\u00e9e de lecture estim\u00e9e\" \/>\n\t<meta name=\"twitter:data1\" content=\"4 minutes\" \/>\n<script type=\"application\/ld+json\" class=\"yoast-schema-graph\">{\"@context\":\"https:\/\/schema.org\",\"@graph\":[{\"@type\":\"WebPage\",\"@id\":\"https:\/\/v2charge.com\/fr\/support\/controle-puissance\/dynamique\/photovoltaique\/onduleur-kostal-piko\/\",\"url\":\"https:\/\/v2charge.com\/fr\/connexion-de-kostal-piko-a-trydan\/\",\"name\":\"Connexion de Kostal PIKO avec Trydan - V2C\",\"isPartOf\":{\"@id\":\"https:\/\/v2charge.com\/fr\/#website\"},\"primaryImageOfPage\":{\"@id\":\"https:\/\/v2charge.com\/fr\/connexion-de-kostal-piko-a-trydan\/#primaryimage\"},\"image\":{\"@id\":\"https:\/\/v2charge.com\/fr\/connexion-de-kostal-piko-a-trydan\/#primaryimage\"},\"thumbnailUrl\":\"https:\/\/v2charge.com\/wp-content\/uploads\/2024\/07\/v2c-electric-chargers.jpg\",\"datePublished\":\"2023-01-24T17:06:03+00:00\",\"dateModified\":\"2025-07-18T13:27:07+00:00\",\"description\":\"La connexion de Kostal PIKO avec Trydan s\u2019effectue via des requ\u00eates HTTP, et pour cela, notre onduleur doit \u00eatre compatible.\",\"breadcrumb\":{\"@id\":\"https:\/\/v2charge.com\/fr\/connexion-de-kostal-piko-a-trydan\/#breadcrumb\"},\"inLanguage\":\"fr-FR\",\"potentialAction\":[{\"@type\":\"ReadAction\",\"target\":[\"https:\/\/v2charge.com\/fr\/connexion-de-kostal-piko-a-trydan\/\"]}]},{\"@type\":\"ImageObject\",\"inLanguage\":\"fr-FR\",\"@id\":\"https:\/\/v2charge.com\/fr\/connexion-de-kostal-piko-a-trydan\/#primaryimage\",\"url\":\"https:\/\/v2charge.com\/wp-content\/uploads\/2024\/07\/v2c-electric-chargers.jpg\",\"contentUrl\":\"https:\/\/v2charge.com\/wp-content\/uploads\/2024\/07\/v2c-electric-chargers.jpg\",\"width\":1200,\"height\":675,\"caption\":\"V2C Electric Chargers\"},{\"@type\":\"BreadcrumbList\",\"@id\":\"https:\/\/v2charge.com\/fr\/connexion-de-kostal-piko-a-trydan\/#breadcrumb\",\"itemListElement\":[{\"@type\":\"ListItem\",\"position\":1,\"name\":\"V2C\",\"item\":\"https:\/\/v2charge.com\/fr\/\"},{\"@type\":\"ListItem\",\"position\":2,\"name\":\"Support Area\",\"item\":\"https:\/\/v2charge.com\/fr\/support\/\"},{\"@type\":\"ListItem\",\"position\":3,\"name\":\"Contr\u00f4le de puissance\",\"item\":\"https:\/\/v2charge.com\/fr\/support\/controle-puissance\/\"},{\"@type\":\"ListItem\",\"position\":4,\"name\":\"Dynamique\",\"item\":\"https:\/\/v2charge.com\/fr\/support\/controle-puissance\/dynamique\/\"},{\"@type\":\"ListItem\",\"position\":5,\"name\":\"Photovoltaique\",\"item\":\"https:\/\/v2charge.com\/fr\/support\/controle-puissance\/dynamique\/photovoltaique\/\"},{\"@type\":\"ListItem\",\"position\":6,\"name\":\"Connexion de Kostal PIKO avec Trydan\"}]},{\"@type\":\"WebSite\",\"@id\":\"https:\/\/v2charge.com\/fr\/#website\",\"url\":\"https:\/\/v2charge.com\/fr\/\",\"name\":\"V2C\",\"description\":\"#CargandoElMa\u00f1ana\",\"publisher\":{\"@id\":\"https:\/\/v2charge.com\/fr\/#organization\"},\"potentialAction\":[{\"@type\":\"SearchAction\",\"target\":{\"@type\":\"EntryPoint\",\"urlTemplate\":\"https:\/\/v2charge.com\/fr\/?s={search_term_string}\"},\"query-input\":{\"@type\":\"PropertyValueSpecification\",\"valueRequired\":true,\"valueName\":\"search_term_string\"}}],\"inLanguage\":\"fr-FR\"},{\"@type\":\"Organization\",\"@id\":\"https:\/\/v2charge.com\/fr\/#organization\",\"name\":\"V2C\",\"url\":\"https:\/\/v2charge.com\/fr\/\",\"logo\":{\"@type\":\"ImageObject\",\"inLanguage\":\"fr-FR\",\"@id\":\"https:\/\/v2charge.com\/fr\/#\/schema\/logo\/image\/\",\"url\":\"https:\/\/v2charge.com\/wp-content\/uploads\/2024\/11\/cropped-v2c-charge-logo-menu.png\",\"contentUrl\":\"https:\/\/v2charge.com\/wp-content\/uploads\/2024\/11\/cropped-v2c-charge-logo-menu.png\",\"width\":984,\"height\":431,\"caption\":\"V2C\"},\"image\":{\"@id\":\"https:\/\/v2charge.com\/fr\/#\/schema\/logo\/image\/\"},\"sameAs\":[\"https:\/\/www.facebook.com\/V2C.Charge\",\"https:\/\/x.com\/V2C_Charge\",\"https:\/\/www.instagram.com\/v2c.charge\/\",\"https:\/\/www.youtube.com\/@V2C\",\"https:\/\/www.linkedin.com\/company\/v2c-chargers\/\"]}]}<\/script>\n<!-- \/ Yoast SEO plugin. -->","yoast_head_json":{"title":"Connexion de Kostal PIKO avec Trydan - V2C","description":"La connexion de Kostal PIKO avec Trydan s\u2019effectue via des requ\u00eates HTTP, et pour cela, notre onduleur doit \u00eatre compatible.","robots":{"index":"index","follow":"follow","max-snippet":"max-snippet:-1","max-image-preview":"max-image-preview:large","max-video-preview":"max-video-preview:-1"},"canonical":"https:\/\/v2charge.com\/fr\/connexion-de-kostal-piko-a-trydan\/","og_locale":"fr_FR","og_type":"article","og_title":"Connexion de Kostal PIKO avec Trydan - V2C","og_description":"La connexion de Kostal PIKO avec Trydan s\u2019effectue via des requ\u00eates HTTP, et pour cela, notre onduleur doit \u00eatre compatible.","og_url":"https:\/\/v2charge.com\/fr\/connexion-de-kostal-piko-a-trydan\/","og_site_name":"V2C","article_publisher":"https:\/\/www.facebook.com\/V2C.Charge","article_modified_time":"2025-07-18T13:27:07+00:00","og_image":[{"width":1200,"height":675,"url":"https:\/\/v2charge.com\/wp-content\/uploads\/2024\/07\/v2c-electric-chargers.jpg","type":"image\/jpeg"}],"twitter_card":"summary_large_image","twitter_site":"@V2C_Charge","twitter_misc":{"Dur\u00e9e de lecture estim\u00e9e":"4 minutes"},"schema":{"@context":"https:\/\/schema.org","@graph":[{"@type":"WebPage","@id":"https:\/\/v2charge.com\/fr\/support\/controle-puissance\/dynamique\/photovoltaique\/onduleur-kostal-piko\/","url":"https:\/\/v2charge.com\/fr\/connexion-de-kostal-piko-a-trydan\/","name":"Connexion de Kostal PIKO avec Trydan - V2C","isPartOf":{"@id":"https:\/\/v2charge.com\/fr\/#website"},"primaryImageOfPage":{"@id":"https:\/\/v2charge.com\/fr\/connexion-de-kostal-piko-a-trydan\/#primaryimage"},"image":{"@id":"https:\/\/v2charge.com\/fr\/connexion-de-kostal-piko-a-trydan\/#primaryimage"},"thumbnailUrl":"https:\/\/v2charge.com\/wp-content\/uploads\/2024\/07\/v2c-electric-chargers.jpg","datePublished":"2023-01-24T17:06:03+00:00","dateModified":"2025-07-18T13:27:07+00:00","description":"La connexion de Kostal PIKO avec Trydan s\u2019effectue via des requ\u00eates HTTP, et pour cela, notre onduleur doit \u00eatre compatible.","breadcrumb":{"@id":"https:\/\/v2charge.com\/fr\/connexion-de-kostal-piko-a-trydan\/#breadcrumb"},"inLanguage":"fr-FR","potentialAction":[{"@type":"ReadAction","target":["https:\/\/v2charge.com\/fr\/connexion-de-kostal-piko-a-trydan\/"]}]},{"@type":"ImageObject","inLanguage":"fr-FR","@id":"https:\/\/v2charge.com\/fr\/connexion-de-kostal-piko-a-trydan\/#primaryimage","url":"https:\/\/v2charge.com\/wp-content\/uploads\/2024\/07\/v2c-electric-chargers.jpg","contentUrl":"https:\/\/v2charge.com\/wp-content\/uploads\/2024\/07\/v2c-electric-chargers.jpg","width":1200,"height":675,"caption":"V2C Electric Chargers"},{"@type":"BreadcrumbList","@id":"https:\/\/v2charge.com\/fr\/connexion-de-kostal-piko-a-trydan\/#breadcrumb","itemListElement":[{"@type":"ListItem","position":1,"name":"V2C","item":"https:\/\/v2charge.com\/fr\/"},{"@type":"ListItem","position":2,"name":"Support Area","item":"https:\/\/v2charge.com\/fr\/support\/"},{"@type":"ListItem","position":3,"name":"Contr\u00f4le de puissance","item":"https:\/\/v2charge.com\/fr\/support\/controle-puissance\/"},{"@type":"ListItem","position":4,"name":"Dynamique","item":"https:\/\/v2charge.com\/fr\/support\/controle-puissance\/dynamique\/"},{"@type":"ListItem","position":5,"name":"Photovoltaique","item":"https:\/\/v2charge.com\/fr\/support\/controle-puissance\/dynamique\/photovoltaique\/"},{"@type":"ListItem","position":6,"name":"Connexion de Kostal PIKO avec Trydan"}]},{"@type":"WebSite","@id":"https:\/\/v2charge.com\/fr\/#website","url":"https:\/\/v2charge.com\/fr\/","name":"V2C","description":"#CargandoElMa\u00f1ana","publisher":{"@id":"https:\/\/v2charge.com\/fr\/#organization"},"potentialAction":[{"@type":"SearchAction","target":{"@type":"EntryPoint","urlTemplate":"https:\/\/v2charge.com\/fr\/?s={search_term_string}"},"query-input":{"@type":"PropertyValueSpecification","valueRequired":true,"valueName":"search_term_string"}}],"inLanguage":"fr-FR"},{"@type":"Organization","@id":"https:\/\/v2charge.com\/fr\/#organization","name":"V2C","url":"https:\/\/v2charge.com\/fr\/","logo":{"@type":"ImageObject","inLanguage":"fr-FR","@id":"https:\/\/v2charge.com\/fr\/#\/schema\/logo\/image\/","url":"https:\/\/v2charge.com\/wp-content\/uploads\/2024\/11\/cropped-v2c-charge-logo-menu.png","contentUrl":"https:\/\/v2charge.com\/wp-content\/uploads\/2024\/11\/cropped-v2c-charge-logo-menu.png","width":984,"height":431,"caption":"V2C"},"image":{"@id":"https:\/\/v2charge.com\/fr\/#\/schema\/logo\/image\/"},"sameAs":["https:\/\/www.facebook.com\/V2C.Charge","https:\/\/x.com\/V2C_Charge","https:\/\/www.instagram.com\/v2c.charge\/","https:\/\/www.youtube.com\/@V2C","https:\/\/www.linkedin.com\/company\/v2c-chargers\/"]}]}},"uagb_featured_image_src":{"full":["https:\/\/v2charge.com\/wp-content\/uploads\/2024\/07\/v2c-electric-chargers.jpg",1200,675,false],"thumbnail":["https:\/\/v2charge.com\/wp-content\/uploads\/2024\/07\/v2c-electric-chargers-150x150.jpg",150,150,true],"medium":["https:\/\/v2charge.com\/wp-content\/uploads\/2024\/07\/v2c-electric-chargers-300x169.jpg",300,169,true],"medium_large":["https:\/\/v2charge.com\/wp-content\/uploads\/2024\/07\/v2c-electric-chargers-768x432.jpg",768,432,true],"large":["https:\/\/v2charge.com\/wp-content\/uploads\/2024\/07\/v2c-electric-chargers-1024x576.jpg",1024,576,true],"gs-tiny":["https:\/\/v2charge.com\/wp-content\/uploads\/2024\/07\/v2c-electric-chargers.jpg",50,28,false],"xl":["https:\/\/v2charge.com\/wp-content\/uploads\/2024\/07\/v2c-electric-chargers.jpg",1200,675,false],"xxl":["https:\/\/v2charge.com\/wp-content\/uploads\/2024\/07\/v2c-electric-chargers.jpg",1200,675,false],"xxxl":["https:\/\/v2charge.com\/wp-content\/uploads\/2024\/07\/v2c-electric-chargers.jpg",1200,675,false],"xxxxl":["https:\/\/v2charge.com\/wp-content\/uploads\/2024\/07\/v2c-electric-chargers.jpg",1200,675,false],"xxxxxl":["https:\/\/v2charge.com\/wp-content\/uploads\/2024\/07\/v2c-electric-chargers.jpg",1200,675,false],"1536x1536":["https:\/\/v2charge.com\/wp-content\/uploads\/2024\/07\/v2c-electric-chargers.jpg",1200,675,false],"2048x2048":["https:\/\/v2charge.com\/wp-content\/uploads\/2024\/07\/v2c-electric-chargers.jpg",1200,675,false]},"uagb_author_info":{"display_name":"V2C","author_link":"https:\/\/v2charge.com\/fr\/author\/root_k4eu7ki8\/"},"uagb_comment_info":0,"uagb_excerpt":"Connexion de Kostal PIKO avec Trydan La connexion entre Kostal PIKO et Trydan s\u2019effectue par le biais de requ\u00eates HTTP, \u00e0 condition que l\u2019onduleur soit compatible. En r\u00e8gle g\u00e9n\u00e9rale, tous les mod\u00e8les Kostal PIKO sont compatibles. Si ce n\u2019est pas le cas, il est conseill\u00e9 de mettre \u00e0 jour le logiciel vers la version la\u2026","_links":{"self":[{"href":"https:\/\/v2charge.com\/fr\/wp-json\/wp\/v2\/pages\/92195","targetHints":{"allow":["GET"]}}],"collection":[{"href":"https:\/\/v2charge.com\/fr\/wp-json\/wp\/v2\/pages"}],"about":[{"href":"https:\/\/v2charge.com\/fr\/wp-json\/wp\/v2\/types\/page"}],"author":[{"embeddable":true,"href":"https:\/\/v2charge.com\/fr\/wp-json\/wp\/v2\/users\/1"}],"replies":[{"embeddable":true,"href":"https:\/\/v2charge.com\/fr\/wp-json\/wp\/v2\/comments?post=92195"}],"version-history":[{"count":5,"href":"https:\/\/v2charge.com\/fr\/wp-json\/wp\/v2\/pages\/92195\/revisions"}],"predecessor-version":[{"id":238744,"href":"https:\/\/v2charge.com\/fr\/wp-json\/wp\/v2\/pages\/92195\/revisions\/238744"}],"up":[{"embeddable":true,"href":"https:\/\/v2charge.com\/fr\/wp-json\/wp\/v2\/pages\/129646"}],"wp:featuredmedia":[{"embeddable":true,"href":"https:\/\/v2charge.com\/fr\/wp-json\/wp\/v2\/media\/170349"}],"wp:attachment":[{"href":"https:\/\/v2charge.com\/fr\/wp-json\/wp\/v2\/media?parent=92195"}],"curies":[{"name":"wp","href":"https:\/\/api.w.org\/{rel}","templated":true}]}}