{"id":92380,"date":"2023-01-25T10:11:58","date_gmt":"2023-01-25T10:11:58","guid":{"rendered":"https:\/\/v2charge.com\/integracion-inversor-solis-con-trydan\/"},"modified":"2023-05-05T07:48:19","modified_gmt":"2023-05-05T07:48:19","slug":"integration-de-londuleur-solis-avec-trydan","status":"publish","type":"page","link":"https:\/\/v2charge.com\/fr\/support\/controle-puissance\/dynamique\/photovoltaique\/integration-de-londuleur-solis-avec-trydan\/","title":{"rendered":"Int\u00e9gration de l&rsquo;onduleur Solis avec Trydan"},"content":{"rendered":"<h1>Int\u00e9gration de l&rsquo;onduleur Solis avec Trydan<\/h1>\t\t\n\t\t\n<p>La borne de recharge Trydan est compatible avec les onduleurs SOLIS S6, mais la compatibilit\u00e9 est ouverte \u00e0 toute la gamme. La connexion doit se faire par c\u00e2ble directement sur l&rsquo;onduleur, et ne peut se faire sans lui (via wifi), contrairement \u00e0 la grande majorit\u00e9 des onduleurs. L&rsquo;installation est plus compliqu\u00e9e car il faut faire passer le c\u00e2ble, mais la configuration sera plus stable.<\/p>\n\n\n<p>Tout d&rsquo;abord, vous devez connecter le c\u00e2ble illustr\u00e9 dans l&rsquo;image suivante. Ce c\u00e2ble est inclus dans le produit. Si ce n&rsquo;est pas le cas, demandez au distributeur la communication Modbus RS485 (que vous pouvez \u00e9galement trouver sur Internet).<\/p>\n\n\n<figure><img decoding=\"async\" src=\"https:\/\/v2charge.com\/wp-content\/uploads\/2023\/01\/cable-com-SOLIS-576x1024.jpeg\" alt=\"\" width=\"336\" height=\"598\"\/><\/figure>\n\n\n<p>Le c\u00e2ble se connecte \u00e0 COM CABLE, le fil jaune va \u00e0 la broche 3 et est RS485-A, et le fil bleu se connecte \u00e0 la broche 4 et est RS485-B.<\/p>\n\n\n<figure><img decoding=\"async\" src=\"https:\/\/v2charge.com\/wp-content\/uploads\/2023\/01\/com-cable-solis-edited.png\" alt=\"\"\/><\/figure>\n\n\n<p>Une fois connect\u00e9, nous enverrons une connexion bifilaire \u00e0 notre point de recharge. Nous vous recommandons d&rsquo;utiliser un c\u00e2ble UTP pour faciliter le travail du chargeur.<\/p>\n\n\n<p>Une fois arriv\u00e9s au point de recharge Trydan, nous devons nous connecter \u00e0 l&rsquo;entr\u00e9e RS485 du couvercle (nous n&rsquo;utiliserons que quelques fils pour minimiser les pertes). <\/p>\n\n\n<figure><img decoding=\"async\" src=\"https:\/\/v2charge.com\/wp-content\/uploads\/2023\/01\/conexion-trydan-solis-734x1024.jpg\" alt=\"\" width=\"551\" height=\"768\"\/><\/figure>\n\n\n<p>La connexion doit \u00eatre r\u00e9alis\u00e9e comme indiqu\u00e9 sur l&rsquo;image suivante, en se contentant de deux c\u00e2bles, le 4 sera celui \u00e0 connecter au B et le 5 celui \u00e0 connecter au A.<\/p>\n\n\n<figure><img decoding=\"async\" src=\"https:\/\/v2charge.com\/wp-content\/uploads\/2023\/01\/image-3.png\" alt=\"\"\/><\/figure>\n\n\n<h2 class=\"wp-block-heading\">Configuration de l&rsquo;onduleur Solis dans la V2C Cloud App<\/h2>\n\n\n<p>Connectez-vous \u00e0 l&rsquo;application V2C Cloud, s\u00e9lectionnez le point de charge, puis acc\u00e9dez \u00e0 la section de configuration. Allez sur Dynamic Power Control et s\u00e9lectionnez Solis dans la section compteur.<\/p>\n\n\n<figure><img decoding=\"async\" src=\"https:\/\/v2charge.com\/wp-content\/uploads\/2023\/04\/solis-FR-731x1024.jpg\" alt=\"\" width=\"366\" height=\"512\"\/><\/figure>\n","protected":false},"excerpt":{"rendered":"<p>Int\u00e9gration de l&rsquo;onduleur Solis avec Trydan La borne de recharge Trydan est compatible avec les onduleurs SOLIS S6, mais la compatibilit\u00e9 est ouverte \u00e0 toute la gamme. La connexion doit se faire par c\u00e2ble directement sur l&rsquo;onduleur, et ne peut se faire sans lui (via wifi), contrairement \u00e0 la grande majorit\u00e9 des onduleurs. L&rsquo;installation est &#8230; <a title=\"Int\u00e9gration de l&rsquo;onduleur Solis avec Trydan\" class=\"read-more\" href=\"https:\/\/v2charge.com\/fr\/support\/controle-puissance\/dynamique\/photovoltaique\/integration-de-londuleur-solis-avec-trydan\/\" aria-label=\"Read more about Int\u00e9gration de l&rsquo;onduleur Solis avec Trydan\">Lire la suite<\/a><\/p>\n","protected":false},"author":1,"featured_media":0,"parent":129646,"menu_order":0,"comment_status":"closed","ping_status":"closed","template":"","meta":{"_eb_attr":"","content-type":"","_uag_custom_page_level_css":"","footnotes":""},"class_list":["post-92380","page","type-page","status-publish"],"yoast_head":"<!-- This site is optimized with the Yoast SEO plugin v25.3.1 - https:\/\/yoast.com\/wordpress\/plugins\/seo\/ -->\n<title>Int\u00e9gration de l&#039;onduleur Solis avec Trydan | V2C<\/title>\n<meta name=\"description\" content=\"Trydan est compatible avec l&#039;ensemble de la gamme d&#039;onduleurs SOLIS. La connexion se fait par c\u00e2ble et ne peut se faire par wifi.\" \/>\n<meta name=\"robots\" content=\"index, follow, max-snippet:-1, max-image-preview:large, max-video-preview:-1\" \/>\n<link rel=\"canonical\" href=\"https:\/\/v2charge.com\/fr\/support\/controle-puissance\/dynamique\/photovoltaique\/integration-de-londuleur-solis-avec-trydan\/\" \/>\n<meta property=\"og:locale\" content=\"fr_FR\" \/>\n<meta property=\"og:type\" content=\"article\" \/>\n<meta property=\"og:title\" content=\"Int\u00e9gration de l&#039;onduleur Solis avec Trydan | V2C\" \/>\n<meta property=\"og:description\" content=\"Trydan est compatible avec l&#039;ensemble de la gamme d&#039;onduleurs SOLIS. La connexion se fait par c\u00e2ble et ne peut se faire par wifi.\" \/>\n<meta property=\"og:url\" content=\"https:\/\/v2charge.com\/fr\/support\/controle-puissance\/dynamique\/photovoltaique\/integration-de-londuleur-solis-avec-trydan\/\" \/>\n<meta property=\"og:site_name\" content=\"V2C\" \/>\n<meta property=\"article:publisher\" content=\"https:\/\/www.facebook.com\/V2C.Charge\" \/>\n<meta property=\"article:modified_time\" content=\"2023-05-05T07:48:19+00:00\" \/>\n<meta property=\"og:image\" content=\"https:\/\/v2charge.com\/wp-content\/uploads\/2023\/01\/cable-com-SOLIS-576x1024.jpeg\" \/>\n<meta name=\"twitter:card\" content=\"summary_large_image\" \/>\n<meta name=\"twitter:site\" content=\"@V2C_Charge\" \/>\n<meta name=\"twitter:label1\" content=\"Dur\u00e9e de lecture estim\u00e9e\" \/>\n\t<meta name=\"twitter:data1\" content=\"3 minutes\" \/>\n<script type=\"application\/ld+json\" class=\"yoast-schema-graph\">{\"@context\":\"https:\/\/schema.org\",\"@graph\":[{\"@type\":\"WebPage\",\"@id\":\"https:\/\/v2charge.com\/fr\/support\/controle-puissance\/dynamique\/photovoltaique\/integration-de-londuleur-solis-avec-trydan\/\",\"url\":\"https:\/\/v2charge.com\/fr\/support\/controle-puissance\/dynamique\/photovoltaique\/integration-de-londuleur-solis-avec-trydan\/\",\"name\":\"Int\u00e9gration de l'onduleur Solis avec Trydan | V2C\",\"isPartOf\":{\"@id\":\"https:\/\/v2charge.com\/fr\/#website\"},\"primaryImageOfPage\":{\"@id\":\"https:\/\/v2charge.com\/fr\/support\/controle-puissance\/dynamique\/photovoltaique\/integration-de-londuleur-solis-avec-trydan\/#primaryimage\"},\"image\":{\"@id\":\"https:\/\/v2charge.com\/fr\/support\/controle-puissance\/dynamique\/photovoltaique\/integration-de-londuleur-solis-avec-trydan\/#primaryimage\"},\"thumbnailUrl\":\"https:\/\/v2charge.com\/wp-content\/uploads\/2023\/01\/cable-com-SOLIS-576x1024.jpeg\",\"datePublished\":\"2023-01-25T10:11:58+00:00\",\"dateModified\":\"2023-05-05T07:48:19+00:00\",\"description\":\"Trydan est compatible avec l'ensemble de la gamme d'onduleurs SOLIS. La connexion se fait par c\u00e2ble et ne peut se faire par wifi.\",\"breadcrumb\":{\"@id\":\"https:\/\/v2charge.com\/fr\/support\/controle-puissance\/dynamique\/photovoltaique\/integration-de-londuleur-solis-avec-trydan\/#breadcrumb\"},\"inLanguage\":\"fr-FR\",\"potentialAction\":[{\"@type\":\"ReadAction\",\"target\":[\"https:\/\/v2charge.com\/fr\/support\/controle-puissance\/dynamique\/photovoltaique\/integration-de-londuleur-solis-avec-trydan\/\"]}]},{\"@type\":\"ImageObject\",\"inLanguage\":\"fr-FR\",\"@id\":\"https:\/\/v2charge.com\/fr\/support\/controle-puissance\/dynamique\/photovoltaique\/integration-de-londuleur-solis-avec-trydan\/#primaryimage\",\"url\":\"https:\/\/v2charge.com\/wp-content\/uploads\/2023\/01\/cable-com-SOLIS-576x1024.jpeg\",\"contentUrl\":\"https:\/\/v2charge.com\/wp-content\/uploads\/2023\/01\/cable-com-SOLIS-576x1024.jpeg\"},{\"@type\":\"BreadcrumbList\",\"@id\":\"https:\/\/v2charge.com\/fr\/support\/controle-puissance\/dynamique\/photovoltaique\/integration-de-londuleur-solis-avec-trydan\/#breadcrumb\",\"itemListElement\":[{\"@type\":\"ListItem\",\"position\":1,\"name\":\"V2C\",\"item\":\"https:\/\/v2charge.com\/fr\/\"},{\"@type\":\"ListItem\",\"position\":2,\"name\":\"Int\u00e9gration de l&#8217;onduleur Solis avec Trydan\"}]},{\"@type\":\"WebSite\",\"@id\":\"https:\/\/v2charge.com\/fr\/#website\",\"url\":\"https:\/\/v2charge.com\/fr\/\",\"name\":\"V2C\",\"description\":\"#CargandoElMa\u00f1ana\",\"publisher\":{\"@id\":\"https:\/\/v2charge.com\/fr\/#organization\"},\"potentialAction\":[{\"@type\":\"SearchAction\",\"target\":{\"@type\":\"EntryPoint\",\"urlTemplate\":\"https:\/\/v2charge.com\/fr\/?s={search_term_string}\"},\"query-input\":{\"@type\":\"PropertyValueSpecification\",\"valueRequired\":true,\"valueName\":\"search_term_string\"}}],\"inLanguage\":\"fr-FR\"},{\"@type\":\"Organization\",\"@id\":\"https:\/\/v2charge.com\/fr\/#organization\",\"name\":\"V2C\",\"url\":\"https:\/\/v2charge.com\/fr\/\",\"logo\":{\"@type\":\"ImageObject\",\"inLanguage\":\"fr-FR\",\"@id\":\"https:\/\/v2charge.com\/fr\/#\/schema\/logo\/image\/\",\"url\":\"https:\/\/v2charge.com\/wp-content\/uploads\/2024\/11\/cropped-v2c-charge-logo-menu.png\",\"contentUrl\":\"https:\/\/v2charge.com\/wp-content\/uploads\/2024\/11\/cropped-v2c-charge-logo-menu.png\",\"width\":984,\"height\":431,\"caption\":\"V2C\"},\"image\":{\"@id\":\"https:\/\/v2charge.com\/fr\/#\/schema\/logo\/image\/\"},\"sameAs\":[\"https:\/\/www.facebook.com\/V2C.Charge\",\"https:\/\/x.com\/V2C_Charge\",\"https:\/\/www.instagram.com\/v2c.charge\/\",\"https:\/\/www.youtube.com\/@V2C\",\"https:\/\/www.linkedin.com\/company\/v2c-chargers\/\"]}]}<\/script>\n<!-- \/ Yoast SEO plugin. -->","yoast_head_json":{"title":"Int\u00e9gration de l'onduleur Solis avec Trydan | V2C","description":"Trydan est compatible avec l'ensemble de la gamme d'onduleurs SOLIS. La connexion se fait par c\u00e2ble et ne peut se faire par wifi.","robots":{"index":"index","follow":"follow","max-snippet":"max-snippet:-1","max-image-preview":"max-image-preview:large","max-video-preview":"max-video-preview:-1"},"canonical":"https:\/\/v2charge.com\/fr\/support\/controle-puissance\/dynamique\/photovoltaique\/integration-de-londuleur-solis-avec-trydan\/","og_locale":"fr_FR","og_type":"article","og_title":"Int\u00e9gration de l'onduleur Solis avec Trydan | V2C","og_description":"Trydan est compatible avec l'ensemble de la gamme d'onduleurs SOLIS. La connexion se fait par c\u00e2ble et ne peut se faire par wifi.","og_url":"https:\/\/v2charge.com\/fr\/support\/controle-puissance\/dynamique\/photovoltaique\/integration-de-londuleur-solis-avec-trydan\/","og_site_name":"V2C","article_publisher":"https:\/\/www.facebook.com\/V2C.Charge","article_modified_time":"2023-05-05T07:48:19+00:00","og_image":[{"url":"https:\/\/v2charge.com\/wp-content\/uploads\/2023\/01\/cable-com-SOLIS-576x1024.jpeg","type":"","width":"","height":""}],"twitter_card":"summary_large_image","twitter_site":"@V2C_Charge","twitter_misc":{"Dur\u00e9e de lecture estim\u00e9e":"3 minutes"},"schema":{"@context":"https:\/\/schema.org","@graph":[{"@type":"WebPage","@id":"https:\/\/v2charge.com\/fr\/support\/controle-puissance\/dynamique\/photovoltaique\/integration-de-londuleur-solis-avec-trydan\/","url":"https:\/\/v2charge.com\/fr\/support\/controle-puissance\/dynamique\/photovoltaique\/integration-de-londuleur-solis-avec-trydan\/","name":"Int\u00e9gration de l'onduleur Solis avec Trydan | V2C","isPartOf":{"@id":"https:\/\/v2charge.com\/fr\/#website"},"primaryImageOfPage":{"@id":"https:\/\/v2charge.com\/fr\/support\/controle-puissance\/dynamique\/photovoltaique\/integration-de-londuleur-solis-avec-trydan\/#primaryimage"},"image":{"@id":"https:\/\/v2charge.com\/fr\/support\/controle-puissance\/dynamique\/photovoltaique\/integration-de-londuleur-solis-avec-trydan\/#primaryimage"},"thumbnailUrl":"https:\/\/v2charge.com\/wp-content\/uploads\/2023\/01\/cable-com-SOLIS-576x1024.jpeg","datePublished":"2023-01-25T10:11:58+00:00","dateModified":"2023-05-05T07:48:19+00:00","description":"Trydan est compatible avec l'ensemble de la gamme d'onduleurs SOLIS. La connexion se fait par c\u00e2ble et ne peut se faire par wifi.","breadcrumb":{"@id":"https:\/\/v2charge.com\/fr\/support\/controle-puissance\/dynamique\/photovoltaique\/integration-de-londuleur-solis-avec-trydan\/#breadcrumb"},"inLanguage":"fr-FR","potentialAction":[{"@type":"ReadAction","target":["https:\/\/v2charge.com\/fr\/support\/controle-puissance\/dynamique\/photovoltaique\/integration-de-londuleur-solis-avec-trydan\/"]}]},{"@type":"ImageObject","inLanguage":"fr-FR","@id":"https:\/\/v2charge.com\/fr\/support\/controle-puissance\/dynamique\/photovoltaique\/integration-de-londuleur-solis-avec-trydan\/#primaryimage","url":"https:\/\/v2charge.com\/wp-content\/uploads\/2023\/01\/cable-com-SOLIS-576x1024.jpeg","contentUrl":"https:\/\/v2charge.com\/wp-content\/uploads\/2023\/01\/cable-com-SOLIS-576x1024.jpeg"},{"@type":"BreadcrumbList","@id":"https:\/\/v2charge.com\/fr\/support\/controle-puissance\/dynamique\/photovoltaique\/integration-de-londuleur-solis-avec-trydan\/#breadcrumb","itemListElement":[{"@type":"ListItem","position":1,"name":"V2C","item":"https:\/\/v2charge.com\/fr\/"},{"@type":"ListItem","position":2,"name":"Int\u00e9gration de l&#8217;onduleur Solis avec Trydan"}]},{"@type":"WebSite","@id":"https:\/\/v2charge.com\/fr\/#website","url":"https:\/\/v2charge.com\/fr\/","name":"V2C","description":"#CargandoElMa\u00f1ana","publisher":{"@id":"https:\/\/v2charge.com\/fr\/#organization"},"potentialAction":[{"@type":"SearchAction","target":{"@type":"EntryPoint","urlTemplate":"https:\/\/v2charge.com\/fr\/?s={search_term_string}"},"query-input":{"@type":"PropertyValueSpecification","valueRequired":true,"valueName":"search_term_string"}}],"inLanguage":"fr-FR"},{"@type":"Organization","@id":"https:\/\/v2charge.com\/fr\/#organization","name":"V2C","url":"https:\/\/v2charge.com\/fr\/","logo":{"@type":"ImageObject","inLanguage":"fr-FR","@id":"https:\/\/v2charge.com\/fr\/#\/schema\/logo\/image\/","url":"https:\/\/v2charge.com\/wp-content\/uploads\/2024\/11\/cropped-v2c-charge-logo-menu.png","contentUrl":"https:\/\/v2charge.com\/wp-content\/uploads\/2024\/11\/cropped-v2c-charge-logo-menu.png","width":984,"height":431,"caption":"V2C"},"image":{"@id":"https:\/\/v2charge.com\/fr\/#\/schema\/logo\/image\/"},"sameAs":["https:\/\/www.facebook.com\/V2C.Charge","https:\/\/x.com\/V2C_Charge","https:\/\/www.instagram.com\/v2c.charge\/","https:\/\/www.youtube.com\/@V2C","https:\/\/www.linkedin.com\/company\/v2c-chargers\/"]}]}},"uagb_featured_image_src":{"full":false,"thumbnail":false,"medium":false,"medium_large":false,"large":false,"gs-tiny":false,"xl":false,"xxl":false,"xxxl":false,"xxxxl":false,"xxxxxl":false,"1536x1536":false,"2048x2048":false},"uagb_author_info":{"display_name":"V2C","author_link":"https:\/\/v2charge.com\/fr\/author\/root_k4eu7ki8\/"},"uagb_comment_info":0,"uagb_excerpt":"Int\u00e9gration de l&rsquo;onduleur Solis avec Trydan La borne de recharge Trydan est compatible avec les onduleurs SOLIS S6, mais la compatibilit\u00e9 est ouverte \u00e0 toute la gamme. La connexion doit se faire par c\u00e2ble directement sur l&rsquo;onduleur, et ne peut se faire sans lui (via wifi), contrairement \u00e0 la grande majorit\u00e9 des onduleurs. L&rsquo;installation est\u2026","_links":{"self":[{"href":"https:\/\/v2charge.com\/fr\/wp-json\/wp\/v2\/pages\/92380","targetHints":{"allow":["GET"]}}],"collection":[{"href":"https:\/\/v2charge.com\/fr\/wp-json\/wp\/v2\/pages"}],"about":[{"href":"https:\/\/v2charge.com\/fr\/wp-json\/wp\/v2\/types\/page"}],"author":[{"embeddable":true,"href":"https:\/\/v2charge.com\/fr\/wp-json\/wp\/v2\/users\/1"}],"replies":[{"embeddable":true,"href":"https:\/\/v2charge.com\/fr\/wp-json\/wp\/v2\/comments?post=92380"}],"version-history":[{"count":0,"href":"https:\/\/v2charge.com\/fr\/wp-json\/wp\/v2\/pages\/92380\/revisions"}],"up":[{"embeddable":true,"href":"https:\/\/v2charge.com\/fr\/wp-json\/wp\/v2\/pages\/129646"}],"wp:attachment":[{"href":"https:\/\/v2charge.com\/fr\/wp-json\/wp\/v2\/media?parent=92380"}],"curies":[{"name":"wp","href":"https:\/\/api.w.org\/{rel}","templated":true}]}}