{"id":92876,"date":"2023-02-01T11:41:24","date_gmt":"2023-02-01T11:41:24","guid":{"rendered":"https:\/\/v2charge.com\/como-buscar-la-ip-de-los-dispositivos-conectados-a-mi-red-local\/"},"modified":"2025-02-05T10:26:26","modified_gmt":"2025-02-05T08:26:26","slug":"comment-trouver-lip-des-appareils-connectes-a-mon-reseau-local","status":"publish","type":"page","link":"https:\/\/v2charge.com\/fr\/comment-trouver-lip-des-appareils-connectes-a-mon-reseau-local\/","title":{"rendered":"Comment trouver l&rsquo;IP des appareils connect\u00e9s \u00e0 mon r\u00e9seau local ?"},"content":{"rendered":"<h2><strong>Via votre routeur<\/strong><\/h2>\n<p>La plupart des routeurs du march\u00e9 donnent la liste des appareils connect\u00e9s \u00e0 la fois par WiFi et par c\u00e2ble. Acc\u00e9dez \u00e0 la passerelle, avec l&rsquo;adresse IP, le nom d&rsquo;utilisateur et le mot de passe que votre entreprise vous a donn\u00e9s.<\/p>\n<h2><strong>Avec un ordinateur<\/strong><\/h2>\n<p>Gr\u00e2ce au programme Angry IP (<a href=\"https:\/\/github.com\/angryip\/ipscan\/releases\/download\/3.9.0\/ipscan-3.9.0-setup.exe\">t\u00e9l\u00e9charger ici<\/a>), scannez toutes les adresses IP, et vous pouvez le trouver normalement par l&rsquo;ID de l&rsquo;appareil ou par le fabricant.<\/p>\n<h2><strong>Avec l&rsquo;APP \u00ab\u00a0Network Ip Scanner\u00a0\u00bb sur Google Play<\/strong><\/h2>\n<p>T\u00e9l\u00e9chargez l&rsquo;application Network IP Scanner et connectez-vous au WiFi de votre maison.<\/p>\n<p><img decoding=\"async\" class=\"wp-image-92737\" src=\"https:\/\/v2charge.com\/wp-content\/uploads\/2023\/02\/app-wifi-576x1024.webp\" alt=\"\" width=\"280\" height=\"498\" srcset=\"https:\/\/v2charge.com\/wp-content\/uploads\/2023\/02\/app-wifi-576x1024.webp 576w, https:\/\/v2charge.com\/wp-content\/uploads\/2023\/02\/app-wifi-169x300.webp 169w, https:\/\/v2charge.com\/wp-content\/uploads\/2023\/02\/app-wifi-768x1365.webp 768w, https:\/\/v2charge.com\/wp-content\/uploads\/2023\/02\/app-wifi.webp 810w\" sizes=\"(max-width: 280px) 100vw, 280px\" \/><\/p>\n<h2><strong>Avec l&rsquo;APP \u00ab\u00a0IP Scanner\u00a0\u00bb sur Iphone, MAC et iPad<\/strong><\/h2>\n<p>T\u00e9l\u00e9chargez l&rsquo;APP dans l&rsquo;<a href=\"https:\/\/apps.apple.com\/co\/app\/ip-scanner\/id6443819966?platform=iphone\" target=\"_blank\" rel=\"noreferrer noopener nofollow\">Apple Store. <\/a><\/p>\n<p><img decoding=\"async\" width=\"300\" height=\"649\" class=\"wp-image-92745\" src=\"https:\/\/v2charge.com\/wp-content\/uploads\/2023\/02\/300x0w.webp\" alt=\"\" srcset=\"https:\/\/v2charge.com\/wp-content\/uploads\/2023\/02\/300x0w.webp 300w, https:\/\/v2charge.com\/wp-content\/uploads\/2023\/02\/300x0w-139x300.webp 139w\" sizes=\"(max-width: 300px) 100vw, 300px\" \/><\/p>\n<p>Si vous \u00eates int\u00e9ress\u00e9 par l\u2019<strong><a href=\"https:\/\/v2charge.com\/fr\/trouvez-votre-installateur\/\">installation d\u2019une borne de recharge<\/a><\/strong>\u00a0\u00e9lectrique, chez V2C, nous vous accompagnons pour trouver un installateur et b\u00e9n\u00e9ficier des\u00a0<strong><a href=\"https:\/\/v2charge.com\/fr\/aides-installer-borne-recharge-domicile-2024\/\">aides 2024 \u00e0 l\u2019installation d\u2019une borne de recharge<\/a><\/strong>\u00a0pour particulier : le\u00a0<strong><a href=\"https:\/\/v2charge.com\/fr\/credit-impot-borne-recharge-2024\/\">Cr\u00e9dit d\u2019Imp\u00f4t<\/a><\/strong>\u00a0et de la\u00a0<a href=\"https:\/\/v2charge.com\/fr\/prime-advenir-2024-quest-ce-que-cest-comment-solliciter\/\"><strong>Prime Advenir 2024<\/strong><\/a>.<\/p>\n\n\n<div class=\"wp-block-uagb-container uag-hide-mob uagb-block-b53a203d alignfull uagb-is-root-container\">\n<div class=\"wp-block-uagb-container uagb-block-7995b3e8\">\n<div class=\"wp-block-uagb-advanced-heading uagb-block-26b6a93f\"><h2 class=\"uagb-heading-text\">CHARGEURS POUR VOITURES \u00c9LECTRIQUES<\/h2><\/div>\n\n\n\n<div class=\"wp-block-uagb-advanced-heading uagb-block-34b6c1f8\"><p class=\"uagb-heading-text\">Trouvez le chargeur adapt\u00e9 \u00e0 vos besoins<\/p><\/div>\n\n\n\n<div class=\"wp-block-uagb-buttons uagb-buttons__outer-wrap uagb-btn__default-btn uagb-btn-tablet__default-btn uagb-btn-mobile__default-btn uagb-block-a2a051dd\"><div class=\"uagb-buttons__wrap uagb-buttons-layout-wrap \">\n<div class=\"wp-block-uagb-buttons-child uagb-buttons__outer-wrap uagb-block-1e77afa5 wp-block-button is-style-outline\"><div class=\"uagb-button__wrapper\"><a class=\"uagb-buttons-repeater wp-block-button__link\" aria-label=\"\" href=\"https:\/\/v2charge.com\/fr\/e-chargers\/\" rel=\"follow noopener\" target=\"_self\"><div class=\"uagb-button__link\">D\u00c9COUVRIR NOS CHARGEURS<\/div><\/a><\/div><\/div>\n<\/div><\/div>\n<\/div>\n<\/div>\n","protected":false},"excerpt":{"rendered":"<p>Via votre routeur La plupart des routeurs du march\u00e9 donnent la liste des appareils connect\u00e9s \u00e0 la fois par WiFi et par c\u00e2ble. Acc\u00e9dez \u00e0 la passerelle, avec l&rsquo;adresse IP, le nom d&rsquo;utilisateur et le mot de passe que votre entreprise vous a donn\u00e9s. Avec un ordinateur Gr\u00e2ce au programme Angry IP (t\u00e9l\u00e9charger ici), scannez &#8230; <a title=\"Comment trouver l&rsquo;IP des appareils connect\u00e9s \u00e0 mon r\u00e9seau local ?\" class=\"read-more\" href=\"https:\/\/v2charge.com\/fr\/comment-trouver-lip-des-appareils-connectes-a-mon-reseau-local\/\" aria-label=\"Read more about Comment trouver l&rsquo;IP des appareils connect\u00e9s \u00e0 mon r\u00e9seau local ?\">Lire la suite<\/a><\/p>\n","protected":false},"author":1,"featured_media":0,"parent":0,"menu_order":0,"comment_status":"closed","ping_status":"closed","template":"","meta":{"_eb_attr":"","content-type":"","_uag_custom_page_level_css":"","footnotes":""},"class_list":["post-92876","page","type-page","status-publish"],"yoast_head":"<!-- This site is optimized with the Yoast SEO plugin v25.3.1 - https:\/\/yoast.com\/wordpress\/plugins\/seo\/ -->\n<title>Comment trouver l&#039;IP des appareils connect\u00e9s \u00e0 mon r\u00e9seau local?<\/title>\n<meta name=\"description\" content=\"Nous vous expliquons comment rechercher l&#039;IP des appareils connect\u00e9s \u00e0 votre r\u00e9seau local de diff\u00e9rentes mani\u00e8res. Zone d&#039;assistance V2C.\" \/>\n<meta name=\"robots\" content=\"index, follow, max-snippet:-1, max-image-preview:large, max-video-preview:-1\" \/>\n<link rel=\"canonical\" href=\"https:\/\/v2charge.com\/fr\/comment-trouver-lip-des-appareils-connectes-a-mon-reseau-local\/\" \/>\n<meta property=\"og:locale\" content=\"fr_FR\" \/>\n<meta property=\"og:type\" content=\"article\" \/>\n<meta property=\"og:title\" content=\"Comment trouver l&#039;IP des appareils connect\u00e9s \u00e0 mon r\u00e9seau local?\" \/>\n<meta property=\"og:description\" content=\"Nous vous expliquons comment rechercher l&#039;IP des appareils connect\u00e9s \u00e0 votre r\u00e9seau local de diff\u00e9rentes mani\u00e8res. Zone d&#039;assistance V2C.\" \/>\n<meta property=\"og:url\" content=\"https:\/\/v2charge.com\/fr\/comment-trouver-lip-des-appareils-connectes-a-mon-reseau-local\/\" \/>\n<meta property=\"og:site_name\" content=\"V2C\" \/>\n<meta property=\"article:publisher\" content=\"https:\/\/www.facebook.com\/V2C.Charge\" \/>\n<meta property=\"article:modified_time\" content=\"2025-02-05T08:26:26+00:00\" \/>\n<meta property=\"og:image\" content=\"https:\/\/v2charge.com\/wp-content\/uploads\/2023\/02\/app-wifi-576x1024.webp\" \/>\n<meta name=\"twitter:card\" content=\"summary_large_image\" \/>\n<meta name=\"twitter:site\" content=\"@V2C_Charge\" \/>\n<meta name=\"twitter:label1\" content=\"Dur\u00e9e de lecture estim\u00e9e\" \/>\n\t<meta name=\"twitter:data1\" content=\"2 minutes\" \/>\n<script type=\"application\/ld+json\" class=\"yoast-schema-graph\">{\"@context\":\"https:\/\/schema.org\",\"@graph\":[{\"@type\":\"WebPage\",\"@id\":\"https:\/\/v2charge.com\/fr\/comment-trouver-lip-des-appareils-connectes-a-mon-reseau-local\/\",\"url\":\"https:\/\/v2charge.com\/fr\/comment-trouver-lip-des-appareils-connectes-a-mon-reseau-local\/\",\"name\":\"Comment trouver l'IP des appareils connect\u00e9s \u00e0 mon r\u00e9seau local?\",\"isPartOf\":{\"@id\":\"https:\/\/v2charge.com\/fr\/#website\"},\"primaryImageOfPage\":{\"@id\":\"https:\/\/v2charge.com\/fr\/comment-trouver-lip-des-appareils-connectes-a-mon-reseau-local\/#primaryimage\"},\"image\":{\"@id\":\"https:\/\/v2charge.com\/fr\/comment-trouver-lip-des-appareils-connectes-a-mon-reseau-local\/#primaryimage\"},\"thumbnailUrl\":\"https:\/\/v2charge.com\/wp-content\/uploads\/2023\/02\/app-wifi-576x1024.webp\",\"datePublished\":\"2023-02-01T11:41:24+00:00\",\"dateModified\":\"2025-02-05T08:26:26+00:00\",\"description\":\"Nous vous expliquons comment rechercher l'IP des appareils connect\u00e9s \u00e0 votre r\u00e9seau local de diff\u00e9rentes mani\u00e8res. Zone d'assistance V2C.\",\"breadcrumb\":{\"@id\":\"https:\/\/v2charge.com\/fr\/comment-trouver-lip-des-appareils-connectes-a-mon-reseau-local\/#breadcrumb\"},\"inLanguage\":\"fr-FR\",\"potentialAction\":[{\"@type\":\"ReadAction\",\"target\":[\"https:\/\/v2charge.com\/fr\/comment-trouver-lip-des-appareils-connectes-a-mon-reseau-local\/\"]}]},{\"@type\":\"ImageObject\",\"inLanguage\":\"fr-FR\",\"@id\":\"https:\/\/v2charge.com\/fr\/comment-trouver-lip-des-appareils-connectes-a-mon-reseau-local\/#primaryimage\",\"url\":\"https:\/\/v2charge.com\/wp-content\/uploads\/2023\/02\/app-wifi-576x1024.webp\",\"contentUrl\":\"https:\/\/v2charge.com\/wp-content\/uploads\/2023\/02\/app-wifi-576x1024.webp\"},{\"@type\":\"BreadcrumbList\",\"@id\":\"https:\/\/v2charge.com\/fr\/comment-trouver-lip-des-appareils-connectes-a-mon-reseau-local\/#breadcrumb\",\"itemListElement\":[{\"@type\":\"ListItem\",\"position\":1,\"name\":\"V2C\",\"item\":\"https:\/\/v2charge.com\/fr\/\"},{\"@type\":\"ListItem\",\"position\":2,\"name\":\"Comment trouver l&#8217;IP des appareils connect\u00e9s \u00e0 mon r\u00e9seau local ?\"}]},{\"@type\":\"WebSite\",\"@id\":\"https:\/\/v2charge.com\/fr\/#website\",\"url\":\"https:\/\/v2charge.com\/fr\/\",\"name\":\"V2C\",\"description\":\"#CargandoElMa\u00f1ana\",\"publisher\":{\"@id\":\"https:\/\/v2charge.com\/fr\/#organization\"},\"potentialAction\":[{\"@type\":\"SearchAction\",\"target\":{\"@type\":\"EntryPoint\",\"urlTemplate\":\"https:\/\/v2charge.com\/fr\/?s={search_term_string}\"},\"query-input\":{\"@type\":\"PropertyValueSpecification\",\"valueRequired\":true,\"valueName\":\"search_term_string\"}}],\"inLanguage\":\"fr-FR\"},{\"@type\":\"Organization\",\"@id\":\"https:\/\/v2charge.com\/fr\/#organization\",\"name\":\"V2C\",\"url\":\"https:\/\/v2charge.com\/fr\/\",\"logo\":{\"@type\":\"ImageObject\",\"inLanguage\":\"fr-FR\",\"@id\":\"https:\/\/v2charge.com\/fr\/#\/schema\/logo\/image\/\",\"url\":\"https:\/\/v2charge.com\/wp-content\/uploads\/2024\/11\/cropped-v2c-charge-logo-menu.png\",\"contentUrl\":\"https:\/\/v2charge.com\/wp-content\/uploads\/2024\/11\/cropped-v2c-charge-logo-menu.png\",\"width\":984,\"height\":431,\"caption\":\"V2C\"},\"image\":{\"@id\":\"https:\/\/v2charge.com\/fr\/#\/schema\/logo\/image\/\"},\"sameAs\":[\"https:\/\/www.facebook.com\/V2C.Charge\",\"https:\/\/x.com\/V2C_Charge\",\"https:\/\/www.instagram.com\/v2c.charge\/\",\"https:\/\/www.youtube.com\/@V2C\",\"https:\/\/www.linkedin.com\/company\/v2c-chargers\/\"]}]}<\/script>\n<!-- \/ Yoast SEO plugin. -->","yoast_head_json":{"title":"Comment trouver l'IP des appareils connect\u00e9s \u00e0 mon r\u00e9seau local?","description":"Nous vous expliquons comment rechercher l'IP des appareils connect\u00e9s \u00e0 votre r\u00e9seau local de diff\u00e9rentes mani\u00e8res. Zone d'assistance V2C.","robots":{"index":"index","follow":"follow","max-snippet":"max-snippet:-1","max-image-preview":"max-image-preview:large","max-video-preview":"max-video-preview:-1"},"canonical":"https:\/\/v2charge.com\/fr\/comment-trouver-lip-des-appareils-connectes-a-mon-reseau-local\/","og_locale":"fr_FR","og_type":"article","og_title":"Comment trouver l'IP des appareils connect\u00e9s \u00e0 mon r\u00e9seau local?","og_description":"Nous vous expliquons comment rechercher l'IP des appareils connect\u00e9s \u00e0 votre r\u00e9seau local de diff\u00e9rentes mani\u00e8res. Zone d'assistance V2C.","og_url":"https:\/\/v2charge.com\/fr\/comment-trouver-lip-des-appareils-connectes-a-mon-reseau-local\/","og_site_name":"V2C","article_publisher":"https:\/\/www.facebook.com\/V2C.Charge","article_modified_time":"2025-02-05T08:26:26+00:00","og_image":[{"url":"https:\/\/v2charge.com\/wp-content\/uploads\/2023\/02\/app-wifi-576x1024.webp","type":"","width":"","height":""}],"twitter_card":"summary_large_image","twitter_site":"@V2C_Charge","twitter_misc":{"Dur\u00e9e de lecture estim\u00e9e":"2 minutes"},"schema":{"@context":"https:\/\/schema.org","@graph":[{"@type":"WebPage","@id":"https:\/\/v2charge.com\/fr\/comment-trouver-lip-des-appareils-connectes-a-mon-reseau-local\/","url":"https:\/\/v2charge.com\/fr\/comment-trouver-lip-des-appareils-connectes-a-mon-reseau-local\/","name":"Comment trouver l'IP des appareils connect\u00e9s \u00e0 mon r\u00e9seau local?","isPartOf":{"@id":"https:\/\/v2charge.com\/fr\/#website"},"primaryImageOfPage":{"@id":"https:\/\/v2charge.com\/fr\/comment-trouver-lip-des-appareils-connectes-a-mon-reseau-local\/#primaryimage"},"image":{"@id":"https:\/\/v2charge.com\/fr\/comment-trouver-lip-des-appareils-connectes-a-mon-reseau-local\/#primaryimage"},"thumbnailUrl":"https:\/\/v2charge.com\/wp-content\/uploads\/2023\/02\/app-wifi-576x1024.webp","datePublished":"2023-02-01T11:41:24+00:00","dateModified":"2025-02-05T08:26:26+00:00","description":"Nous vous expliquons comment rechercher l'IP des appareils connect\u00e9s \u00e0 votre r\u00e9seau local de diff\u00e9rentes mani\u00e8res. Zone d'assistance V2C.","breadcrumb":{"@id":"https:\/\/v2charge.com\/fr\/comment-trouver-lip-des-appareils-connectes-a-mon-reseau-local\/#breadcrumb"},"inLanguage":"fr-FR","potentialAction":[{"@type":"ReadAction","target":["https:\/\/v2charge.com\/fr\/comment-trouver-lip-des-appareils-connectes-a-mon-reseau-local\/"]}]},{"@type":"ImageObject","inLanguage":"fr-FR","@id":"https:\/\/v2charge.com\/fr\/comment-trouver-lip-des-appareils-connectes-a-mon-reseau-local\/#primaryimage","url":"https:\/\/v2charge.com\/wp-content\/uploads\/2023\/02\/app-wifi-576x1024.webp","contentUrl":"https:\/\/v2charge.com\/wp-content\/uploads\/2023\/02\/app-wifi-576x1024.webp"},{"@type":"BreadcrumbList","@id":"https:\/\/v2charge.com\/fr\/comment-trouver-lip-des-appareils-connectes-a-mon-reseau-local\/#breadcrumb","itemListElement":[{"@type":"ListItem","position":1,"name":"V2C","item":"https:\/\/v2charge.com\/fr\/"},{"@type":"ListItem","position":2,"name":"Comment trouver l&#8217;IP des appareils connect\u00e9s \u00e0 mon r\u00e9seau local ?"}]},{"@type":"WebSite","@id":"https:\/\/v2charge.com\/fr\/#website","url":"https:\/\/v2charge.com\/fr\/","name":"V2C","description":"#CargandoElMa\u00f1ana","publisher":{"@id":"https:\/\/v2charge.com\/fr\/#organization"},"potentialAction":[{"@type":"SearchAction","target":{"@type":"EntryPoint","urlTemplate":"https:\/\/v2charge.com\/fr\/?s={search_term_string}"},"query-input":{"@type":"PropertyValueSpecification","valueRequired":true,"valueName":"search_term_string"}}],"inLanguage":"fr-FR"},{"@type":"Organization","@id":"https:\/\/v2charge.com\/fr\/#organization","name":"V2C","url":"https:\/\/v2charge.com\/fr\/","logo":{"@type":"ImageObject","inLanguage":"fr-FR","@id":"https:\/\/v2charge.com\/fr\/#\/schema\/logo\/image\/","url":"https:\/\/v2charge.com\/wp-content\/uploads\/2024\/11\/cropped-v2c-charge-logo-menu.png","contentUrl":"https:\/\/v2charge.com\/wp-content\/uploads\/2024\/11\/cropped-v2c-charge-logo-menu.png","width":984,"height":431,"caption":"V2C"},"image":{"@id":"https:\/\/v2charge.com\/fr\/#\/schema\/logo\/image\/"},"sameAs":["https:\/\/www.facebook.com\/V2C.Charge","https:\/\/x.com\/V2C_Charge","https:\/\/www.instagram.com\/v2c.charge\/","https:\/\/www.youtube.com\/@V2C","https:\/\/www.linkedin.com\/company\/v2c-chargers\/"]}]}},"uagb_featured_image_src":{"full":false,"thumbnail":false,"medium":false,"medium_large":false,"large":false,"gs-tiny":false,"xl":false,"xxl":false,"xxxl":false,"xxxxl":false,"xxxxxl":false,"1536x1536":false,"2048x2048":false},"uagb_author_info":{"display_name":"V2C","author_link":"https:\/\/v2charge.com\/fr\/author\/root_k4eu7ki8\/"},"uagb_comment_info":0,"uagb_excerpt":"Via votre routeur La plupart des routeurs du march\u00e9 donnent la liste des appareils connect\u00e9s \u00e0 la fois par WiFi et par c\u00e2ble. Acc\u00e9dez \u00e0 la passerelle, avec l&rsquo;adresse IP, le nom d&rsquo;utilisateur et le mot de passe que votre entreprise vous a donn\u00e9s. Avec un ordinateur Gr\u00e2ce au programme Angry IP (t\u00e9l\u00e9charger ici), scannez\u2026","_links":{"self":[{"href":"https:\/\/v2charge.com\/fr\/wp-json\/wp\/v2\/pages\/92876","targetHints":{"allow":["GET"]}}],"collection":[{"href":"https:\/\/v2charge.com\/fr\/wp-json\/wp\/v2\/pages"}],"about":[{"href":"https:\/\/v2charge.com\/fr\/wp-json\/wp\/v2\/types\/page"}],"author":[{"embeddable":true,"href":"https:\/\/v2charge.com\/fr\/wp-json\/wp\/v2\/users\/1"}],"replies":[{"embeddable":true,"href":"https:\/\/v2charge.com\/fr\/wp-json\/wp\/v2\/comments?post=92876"}],"version-history":[{"count":1,"href":"https:\/\/v2charge.com\/fr\/wp-json\/wp\/v2\/pages\/92876\/revisions"}],"predecessor-version":[{"id":204816,"href":"https:\/\/v2charge.com\/fr\/wp-json\/wp\/v2\/pages\/92876\/revisions\/204816"}],"wp:attachment":[{"href":"https:\/\/v2charge.com\/fr\/wp-json\/wp\/v2\/media?parent=92876"}],"curies":[{"name":"wp","href":"https:\/\/api.w.org\/{rel}","templated":true}]}}