{"id":96726,"date":"2023-03-24T16:56:23","date_gmt":"2023-03-24T16:56:23","guid":{"rendered":"https:\/\/v2charge.com\/configuracion-con-inversor-sma-sunny-boy-v2c-trydan\/"},"modified":"2025-07-18T15:13:51","modified_gmt":"2025-07-18T13:13:51","slug":"onduleur-sma-sunny-boy","status":"publish","type":"page","link":"https:\/\/v2charge.com\/fr\/support\/controle-puissance\/dynamique\/photovoltaique\/onduleur-sma-sunny-boy\/","title":{"rendered":"Connexion de l&rsquo;onduleur SMA Sunny Boy avec Trydan"},"content":{"rendered":"\n<div class=\"wp-block-uagb-container uagb-block-fe221d78 alignfull uagb-is-root-container\"><div class=\"uagb-container-inner-blocks-wrap\"><div class=\"yoast-breadcrumbs\"><span><span><a href=\"https:\/\/v2charge.com\/fr\/\">V2C<\/a><\/span> \u00bb <span><a href=\"https:\/\/v2charge.com\/fr\/support\/\">Support Area<\/a><\/span> \u00bb <span><a href=\"https:\/\/v2charge.com\/fr\/support\/controle-puissance\/\">Contr\u00f4le de puissance<\/a><\/span> \u00bb <span><a href=\"https:\/\/v2charge.com\/fr\/support\/controle-puissance\/dynamique\/\">Dynamique<\/a><\/span> \u00bb <span><a href=\"https:\/\/v2charge.com\/fr\/support\/controle-puissance\/dynamique\/photovoltaique\/\">Photovoltaique<\/a><\/span> \u00bb <span class=\"breadcrumb_last\" aria-current=\"page\">Connexion de l&#8217;onduleur SMA Sunny Boy avec Trydan<\/span><\/span><\/div>\n\n\n<h1 class=\"wp-block-heading\">Connexion de l&rsquo;onduleur SMA Sunny Boy avec Trydan<\/h1>\n\n\n\n<div class=\"wp-block-uagb-container uagb-block-7ccd2e9b alignfull uagb-is-root-container\"><div class=\"uagb-container-inner-blocks-wrap\">\n<div class=\"wp-block-uagb-container uagb-block-b67aa1cf\">\n<div class=\"wp-block-uagb-image uagb-block-b8ec2710 wp-block-uagb-image--layout-default wp-block-uagb-image--effect-static wp-block-uagb-image--align-none\"><figure class=\"wp-block-uagb-image__figure\"><img decoding=\"async\" srcset=\"https:\/\/v2charge.com\/wp-content\/uploads\/2023\/12\/sma-logo.png ,https:\/\/v2charge.com\/wp-content\/uploads\/2023\/12\/sma-logo.png 780w, https:\/\/v2charge.com\/wp-content\/uploads\/2023\/12\/sma-logo.png 360w\" sizes=\"auto, (max-width: 480px) 150px\" src=\"https:\/\/v2charge.com\/wp-content\/uploads\/2023\/12\/sma-logo.png\" alt=\"\" class=\"uag-image-129057\" width=\"250\" height=\"164\" title=\"\" loading=\"lazy\" role=\"img\"\/><\/figure><\/div>\n<\/div>\n\n\n\n<div class=\"wp-block-uagb-container uagb-block-bb5c168e\">\n<p>Si vous avez un onduleur <strong>SMA Sunny Boy<\/strong>, vous pouvez l&rsquo;int\u00e9grer \u00e0 votre point de recharge Trydan pour optimiser l&rsquo;utilisation de l&rsquo;\u00e9nergie solaire de votre installation.<\/p>\n<\/div>\n<\/div><\/div>\n\n\n\n<div class=\"wp-block-uagb-container uagb-block-333fb119 alignfull uagb-is-root-container\"><div class=\"uagb-container-inner-blocks-wrap\">\n<div class=\"wp-block-uagb-container uagb-block-2ff110d0 default uagb-is-root-container\">\n<div class=\"wp-block-uagb-container uagb-block-cd442c87\">\n<div class=\"wp-block-uagb-image aligncenter uagb-block-4bb46c59 wp-block-uagb-image--layout-default wp-block-uagb-image--effect-static wp-block-uagb-image--align-center\"><figure class=\"wp-block-uagb-image__figure\"><img decoding=\"async\" srcset=\"https:\/\/v2charge.com\/wp-content\/uploads\/2023\/11\/icon-important.png ,https:\/\/v2charge.com\/wp-content\/uploads\/2023\/11\/icon-important.png 780w, https:\/\/v2charge.com\/wp-content\/uploads\/2023\/11\/icon-important.png 360w\" sizes=\"auto, (max-width: 480px) 150px\" src=\"https:\/\/v2charge.com\/wp-content\/uploads\/2023\/11\/icon-important.png\" alt=\"\" class=\"uag-image-125013\" width=\"50\" height=\"50\" title=\"\" loading=\"lazy\" role=\"img\"\/><\/figure><\/div>\n<\/div>\n\n\n\n<div class=\"wp-block-uagb-container uagb-block-38de7166\">\n<div class=\"wp-block-uagb-advanced-heading uagb-block-37ab01f0\"><p class=\"uagb-heading-text\">L&rsquo;utilisation de&nbsp;<strong>r\u00e9p\u00e9teurs Wi-Fi<\/strong>&nbsp;ou de&nbsp;<strong>r\u00e9seaux mesh<\/strong>&nbsp;peut affecter le bon fonctionnement du syst\u00e8me. Nous recommandons d\u2019utiliser un&nbsp;<strong>r\u00e9seau Wi-Fi stable<\/strong>&nbsp;et&nbsp;<strong>direct<\/strong>&nbsp;afin de garantir une connexion optimale entre le chargeur et l\u2019onduleur.<\/p><\/div>\n<\/div>\n<\/div>\n\n\n\n<div style=\"height:5px\" aria-hidden=\"true\" class=\"wp-block-spacer\"><\/div>\n<\/div><\/div>\n\n\n\n<div class=\"wp-block-uagb-separator uagb-block-5fd34e2f\"><div class=\"wp-block-uagb-separator__inner\" style=\"--my-background-image:\"><\/div><\/div>\n\n\n\n<h2 class=\"wp-block-heading\">\u00c9tapes \u00e0 suivre pour effectuer la connexion<\/h2>\n\n\n\n<h3 class=\"wp-block-heading\">Activez le MODBUS TCP de votre onduleur<\/h3>\n\n\n\n<hr class=\"wp-block-separator has-alpha-channel-opacity\"\/>\n\n\n\n<div class=\"wp-block-uagb-info-box uagb-block-7dc4dcde uagb-infobox__content-wrap  uagb-infobox-icon-left uagb-infobox-left uagb-infobox-stacked-tablet uagb-infobox-image-valign-top\"><div class=\"uagb-ifb-image-content\"><img decoding=\"async\" src=\"https:\/\/v2charge.com\/wp-content\/uploads\/2023\/11\/numero-uno.png\" alt=\"\" width=\"48\" height=\"48\" loading=\"lazy\"\/><\/div><div class=\"uagb-ifb-content\"><div class=\"uagb-ifb-title-wrap\"><\/div><p class=\"uagb-ifb-desc\">Pour acc\u00e9der \u00e0 l&rsquo;interface SMA Sunny Boy, connectez-vous \u00e0 l&rsquo;adresse IP de l&rsquo;onduleur, qui doit \u00eatre sur le m\u00eame r\u00e9seau local que votre ordinateur. D\u00e9couvrez <strong><a href=\"https:\/\/v2charge.com\/fr\/comment-trouver-lip-des-appareils-connectes-a-mon-reseau-local\/\">comment trouver l&rsquo;adresse IP des appareils connect\u00e9s \u00e0 votre r\u00e9seau<\/a><\/strong>.<\/p><\/div><\/div>\n\n\n\n<div class=\"wp-block-uagb-image aligncenter uagb-block-a1d26b2e wp-block-uagb-image--layout-default wp-block-uagb-image--effect-static wp-block-uagb-image--align-center\"><figure class=\"wp-block-uagb-image__figure\"><img decoding=\"async\" srcset=\"https:\/\/v2charge.com\/wp-content\/uploads\/2023\/12\/sunny-boy-ip.jpg ,https:\/\/v2charge.com\/wp-content\/uploads\/2023\/12\/sunny-boy-ip.jpg 780w, https:\/\/v2charge.com\/wp-content\/uploads\/2023\/12\/sunny-boy-ip.jpg 360w\" sizes=\"auto, (max-width: 480px) 150px\" src=\"https:\/\/v2charge.com\/wp-content\/uploads\/2023\/12\/sunny-boy-ip.jpg\" alt=\"\" class=\"uag-image-129066\" width=\"732\" height=\"295\" title=\"\" loading=\"lazy\" role=\"img\"\/><\/figure><\/div>\n\n\n\n<div class=\"wp-block-uagb-info-box uagb-block-b74fc743 uagb-infobox__content-wrap  uagb-infobox-icon-left uagb-infobox-left uagb-infobox-stacked-tablet uagb-infobox-image-valign-top\"><div class=\"uagb-ifb-image-content\"><img decoding=\"async\" src=\"https:\/\/v2charge.com\/wp-content\/uploads\/2023\/11\/numero-dos.png\" alt=\"\" width=\"48\" height=\"48\" loading=\"lazy\"\/><\/div><div class=\"uagb-ifb-content\"><div class=\"uagb-ifb-title-wrap\"><\/div><p class=\"uagb-ifb-desc\">Le mot de passe est inscrit sur le produit lors de l\u2019achat. Si ce n\u2019est pas le cas, contactez l\u2019installateur. En son absence, appelez SMA au : <a href=\"tel:935635099\">93 563 50 99.<\/a><\/p><\/div><\/div>\n\n\n\n<div class=\"wp-block-uagb-info-box uagb-block-05ba8063 uagb-infobox__content-wrap  uagb-infobox-icon-left uagb-infobox-left uagb-infobox-stacked-tablet uagb-infobox-image-valign-top\"><div class=\"uagb-ifb-image-content\"><img decoding=\"async\" src=\"https:\/\/v2charge.com\/wp-content\/uploads\/2023\/11\/numero-tres.png\" alt=\"\" width=\"48\" height=\"48\" loading=\"lazy\"\/><\/div><div class=\"uagb-ifb-content\"><div class=\"uagb-ifb-title-wrap\"><\/div><p class=\"uagb-ifb-desc\">Dans l\u2019arborescence du syst\u00e8me, choisissez l\u2019onduleur SMA que vous souhaitez configurer.<\/p><\/div><\/div>\n\n\n\n<div class=\"wp-block-uagb-info-box uagb-block-f515a8b1 uagb-infobox__content-wrap  uagb-infobox-icon-left uagb-infobox-left uagb-infobox-stacked-tablet uagb-infobox-image-valign-top\"><div class=\"uagb-ifb-image-content\"><img decoding=\"async\" src=\"https:\/\/v2charge.com\/wp-content\/uploads\/2023\/11\/numero-cuatro.png\" alt=\"\" width=\"48\" height=\"48\" loading=\"lazy\"\/><\/div><div class=\"uagb-ifb-content\"><div class=\"uagb-ifb-title-wrap\"><\/div><p class=\"uagb-ifb-desc\">Acc\u00e9dez \u00e0 l\u2019onglet <em>Configuration<\/em>, s\u00e9lectionnez le groupe de param\u00e8tres <em>Communication Externe<\/em>, puis cliquez sur <em>Modifier<\/em>. <em>Activez le serveur TCP<\/em> <em>dans les param\u00e8tres du groupe<\/em> <em>Modbus<\/em> \u2013 Serveur TCP (Activ\u00e9 \u2013 Oui).<\/p><\/div><\/div>\n\n\n\n<h3 class=\"wp-block-heading\">Associez le point de recharge Trydan avec l\u2019onduleur SMA Sunny Boy<\/h3>\n\n\n\n<hr class=\"wp-block-separator has-alpha-channel-opacity\"\/>\n\n\n\n<div class=\"wp-block-uagb-container uagb-block-e1ccf0ef alignfull uagb-is-root-container\"><div class=\"uagb-container-inner-blocks-wrap\">\n<div class=\"wp-block-uagb-container uagb-block-f312fe50\">\n<p>Ouvrez l\u2019application V2C Cloud, s\u00e9lectionnez le point de recharge, puis acc\u00e9dez \u00e0 la section des param\u00e8tres.<br><br>Rendez-vous dans la section \u00ab\u00a0Contr\u00f4le dynamique de puissance\u00a0\u00bb et s\u00e9lectionnez l&rsquo;onduleur SMA Sunny.<\/p>\n<\/div>\n\n\n\n<div class=\"wp-block-uagb-container uagb-block-d4e5e05c\">\n<div class=\"wp-block-uagb-image aligncenter uagb-block-62fb1510 wp-block-uagb-image--layout-default wp-block-uagb-image--effect-static wp-block-uagb-image--align-center\"><figure class=\"wp-block-uagb-image__figure\"><img decoding=\"async\" srcset=\"https:\/\/v2charge.com\/wp-content\/uploads\/2024\/01\/sma-inversor.jpg ,https:\/\/v2charge.com\/wp-content\/uploads\/2024\/01\/sma-inversor.jpg 780w, https:\/\/v2charge.com\/wp-content\/uploads\/2024\/01\/sma-inversor.jpg 360w\" sizes=\"auto, (max-width: 480px) 150px\" src=\"https:\/\/v2charge.com\/wp-content\/uploads\/2024\/01\/sma-inversor.jpg\" alt=\"\" class=\"uag-image-133283\" width=\"400\" height=\"684\" title=\"\" loading=\"lazy\" role=\"img\"\/><\/figure><\/div>\n<\/div>\n<\/div><\/div>\n<\/div><\/div>\n\n\n\n<div style=\"height:60px\" aria-hidden=\"true\" class=\"wp-block-spacer\"><\/div>\n\n\n\n<div class=\"wp-block-uagb-container uagb-block-42edce15 alignfull uagb-is-root-container\"><div class=\"uagb-container-inner-blocks-wrap\">\n<div class=\"wp-block-uagb-advanced-heading uagb-block-d3dd4728\"><h2 class=\"uagb-heading-text\"><strong><strong><strong>Avez-vous besoin d&rsquo;une assistance technique ?<\/strong><\/strong><\/strong><\/h2><\/div>\n\n\n\n<div class=\"wp-block-uagb-advanced-heading uagb-block-fd1495e7\"><p class=\"uagb-heading-text\">Gen\u00e9rez une demande dans le centre de support et nous vous contacterons d\u00e8s que possible pour vous offrir la meilleure solution. <\/p><\/div>\n\n\n\n<div class=\"wp-block-uagb-buttons uagb-buttons__outer-wrap uagb-btn__default-btn uagb-btn-tablet__default-btn uagb-btn-mobile__default-btn uagb-block-b89c557b\"><div class=\"uagb-buttons__wrap uagb-buttons-layout-wrap \">\n<div class=\"wp-block-uagb-buttons-child uagb-buttons__outer-wrap uagb-block-614067a9 wp-block-button\"><div class=\"uagb-button__wrapper\"><a class=\"uagb-buttons-repeater wp-block-button__link\" aria-label=\"\" href=\"https:\/\/v2charge.atlassian.net\/servicedesk\/customer\/portal\/3\" rel=\"follow noopener\" target=\"_self\" role=\"button\"><div class=\"uagb-button__link\">Contacter le support technique<\/div><\/a><\/div><\/div>\n<\/div><\/div>\n<\/div><\/div>\n","protected":false},"excerpt":{"rendered":"<p>Connexion de l&rsquo;onduleur SMA Sunny Boy avec Trydan Si vous avez un onduleur SMA Sunny Boy, vous pouvez l&rsquo;int\u00e9grer \u00e0 votre point de recharge Trydan pour optimiser l&rsquo;utilisation de l&rsquo;\u00e9nergie solaire de votre installation. L&rsquo;utilisation de&nbsp;r\u00e9p\u00e9teurs Wi-Fi&nbsp;ou de&nbsp;r\u00e9seaux mesh&nbsp;peut affecter le bon fonctionnement du syst\u00e8me. Nous recommandons d\u2019utiliser un&nbsp;r\u00e9seau Wi-Fi stable&nbsp;et&nbsp;direct&nbsp;afin de garantir une connexion &#8230; <a title=\"Connexion de l&rsquo;onduleur SMA Sunny Boy avec Trydan\" class=\"read-more\" href=\"https:\/\/v2charge.com\/fr\/support\/controle-puissance\/dynamique\/photovoltaique\/onduleur-sma-sunny-boy\/\" aria-label=\"Read more about Connexion de l&rsquo;onduleur SMA Sunny Boy avec Trydan\">Lire la suite<\/a><\/p>\n","protected":false},"author":1,"featured_media":0,"parent":129646,"menu_order":0,"comment_status":"closed","ping_status":"closed","template":"","meta":{"_eb_attr":"","content-type":"","_uag_custom_page_level_css":"","footnotes":""},"class_list":["post-96726","page","type-page","status-publish"],"yoast_head":"<!-- This site is optimized with the Yoast SEO plugin v25.3.1 - https:\/\/yoast.com\/wordpress\/plugins\/seo\/ -->\n<title>Conexi\u00f3n Inversor SMA Sunny Boy con Trydan | V2C Soporte<\/title>\n<meta name=\"description\" content=\"Conecta tu inversor SMA Sunny Boy con el punto de recarga Trydan para aprovechar la energ\u00eda solar de tu instalaci\u00f3n.\" \/>\n<meta name=\"robots\" content=\"index, follow, max-snippet:-1, max-image-preview:large, max-video-preview:-1\" \/>\n<link rel=\"canonical\" href=\"https:\/\/v2charge.com\/fr\/support\/controle-puissance\/dynamique\/photovoltaique\/onduleur-sma-sunny-boy\/\" \/>\n<meta property=\"og:locale\" content=\"fr_FR\" \/>\n<meta property=\"og:type\" content=\"article\" \/>\n<meta property=\"og:title\" content=\"Conexi\u00f3n Inversor SMA Sunny Boy con Trydan | V2C Soporte\" \/>\n<meta property=\"og:description\" content=\"Conecta tu inversor SMA Sunny Boy con el punto de recarga Trydan para aprovechar la energ\u00eda solar de tu instalaci\u00f3n.\" \/>\n<meta property=\"og:url\" content=\"https:\/\/v2charge.com\/fr\/support\/controle-puissance\/dynamique\/photovoltaique\/onduleur-sma-sunny-boy\/\" \/>\n<meta property=\"og:site_name\" content=\"V2C\" \/>\n<meta property=\"article:publisher\" content=\"https:\/\/www.facebook.com\/V2C.Charge\" \/>\n<meta property=\"article:modified_time\" content=\"2025-07-18T13:13:51+00:00\" \/>\n<meta property=\"og:image\" content=\"https:\/\/v2charge.com\/wp-content\/uploads\/2023\/12\/sma-logo.png\" \/>\n<meta name=\"twitter:card\" content=\"summary_large_image\" \/>\n<meta name=\"twitter:site\" content=\"@V2C_Charge\" \/>\n<meta name=\"twitter:label1\" content=\"Dur\u00e9e de lecture estim\u00e9e\" \/>\n\t<meta name=\"twitter:data1\" content=\"3 minutes\" \/>\n<script type=\"application\/ld+json\" class=\"yoast-schema-graph\">{\"@context\":\"https:\/\/schema.org\",\"@graph\":[{\"@type\":\"WebPage\",\"@id\":\"https:\/\/v2charge.com\/fr\/support\/controle-puissance\/dynamique\/photovoltaique\/onduleur-sma-sunny-boy\/\",\"url\":\"https:\/\/v2charge.com\/fr\/support\/controle-puissance\/dynamique\/photovoltaique\/onduleur-sma-sunny-boy\/\",\"name\":\"Conexi\u00f3n Inversor SMA Sunny Boy con Trydan | V2C Soporte\",\"isPartOf\":{\"@id\":\"https:\/\/v2charge.com\/fr\/#website\"},\"primaryImageOfPage\":{\"@id\":\"https:\/\/v2charge.com\/fr\/support\/controle-puissance\/dynamique\/photovoltaique\/onduleur-sma-sunny-boy\/#primaryimage\"},\"image\":{\"@id\":\"https:\/\/v2charge.com\/fr\/support\/controle-puissance\/dynamique\/photovoltaique\/onduleur-sma-sunny-boy\/#primaryimage\"},\"thumbnailUrl\":\"https:\/\/v2charge.com\/wp-content\/uploads\/2023\/12\/sma-logo.png\",\"datePublished\":\"2023-03-24T16:56:23+00:00\",\"dateModified\":\"2025-07-18T13:13:51+00:00\",\"description\":\"Conecta tu inversor SMA Sunny Boy con el punto de recarga Trydan para aprovechar la energ\u00eda solar de tu instalaci\u00f3n.\",\"breadcrumb\":{\"@id\":\"https:\/\/v2charge.com\/fr\/support\/controle-puissance\/dynamique\/photovoltaique\/onduleur-sma-sunny-boy\/#breadcrumb\"},\"inLanguage\":\"fr-FR\",\"potentialAction\":[{\"@type\":\"ReadAction\",\"target\":[\"https:\/\/v2charge.com\/fr\/support\/controle-puissance\/dynamique\/photovoltaique\/onduleur-sma-sunny-boy\/\"]}]},{\"@type\":\"ImageObject\",\"inLanguage\":\"fr-FR\",\"@id\":\"https:\/\/v2charge.com\/fr\/support\/controle-puissance\/dynamique\/photovoltaique\/onduleur-sma-sunny-boy\/#primaryimage\",\"url\":\"https:\/\/v2charge.com\/wp-content\/uploads\/2023\/12\/sma-logo.png\",\"contentUrl\":\"https:\/\/v2charge.com\/wp-content\/uploads\/2023\/12\/sma-logo.png\"},{\"@type\":\"BreadcrumbList\",\"@id\":\"https:\/\/v2charge.com\/fr\/support\/controle-puissance\/dynamique\/photovoltaique\/onduleur-sma-sunny-boy\/#breadcrumb\",\"itemListElement\":[{\"@type\":\"ListItem\",\"position\":1,\"name\":\"V2C\",\"item\":\"https:\/\/v2charge.com\/fr\/\"},{\"@type\":\"ListItem\",\"position\":2,\"name\":\"Support Area\",\"item\":\"https:\/\/v2charge.com\/fr\/support\/\"},{\"@type\":\"ListItem\",\"position\":3,\"name\":\"Contr\u00f4le de puissance\",\"item\":\"https:\/\/v2charge.com\/fr\/support\/controle-puissance\/\"},{\"@type\":\"ListItem\",\"position\":4,\"name\":\"Dynamique\",\"item\":\"https:\/\/v2charge.com\/fr\/support\/controle-puissance\/dynamique\/\"},{\"@type\":\"ListItem\",\"position\":5,\"name\":\"Photovoltaique\",\"item\":\"https:\/\/v2charge.com\/fr\/support\/controle-puissance\/dynamique\/photovoltaique\/\"},{\"@type\":\"ListItem\",\"position\":6,\"name\":\"Connexion de l&#8217;onduleur SMA Sunny Boy avec Trydan\"}]},{\"@type\":\"WebSite\",\"@id\":\"https:\/\/v2charge.com\/fr\/#website\",\"url\":\"https:\/\/v2charge.com\/fr\/\",\"name\":\"V2C\",\"description\":\"#CargandoElMa\u00f1ana\",\"publisher\":{\"@id\":\"https:\/\/v2charge.com\/fr\/#organization\"},\"potentialAction\":[{\"@type\":\"SearchAction\",\"target\":{\"@type\":\"EntryPoint\",\"urlTemplate\":\"https:\/\/v2charge.com\/fr\/?s={search_term_string}\"},\"query-input\":{\"@type\":\"PropertyValueSpecification\",\"valueRequired\":true,\"valueName\":\"search_term_string\"}}],\"inLanguage\":\"fr-FR\"},{\"@type\":\"Organization\",\"@id\":\"https:\/\/v2charge.com\/fr\/#organization\",\"name\":\"V2C\",\"url\":\"https:\/\/v2charge.com\/fr\/\",\"logo\":{\"@type\":\"ImageObject\",\"inLanguage\":\"fr-FR\",\"@id\":\"https:\/\/v2charge.com\/fr\/#\/schema\/logo\/image\/\",\"url\":\"https:\/\/v2charge.com\/wp-content\/uploads\/2024\/11\/cropped-v2c-charge-logo-menu.png\",\"contentUrl\":\"https:\/\/v2charge.com\/wp-content\/uploads\/2024\/11\/cropped-v2c-charge-logo-menu.png\",\"width\":984,\"height\":431,\"caption\":\"V2C\"},\"image\":{\"@id\":\"https:\/\/v2charge.com\/fr\/#\/schema\/logo\/image\/\"},\"sameAs\":[\"https:\/\/www.facebook.com\/V2C.Charge\",\"https:\/\/x.com\/V2C_Charge\",\"https:\/\/www.instagram.com\/v2c.charge\/\",\"https:\/\/www.youtube.com\/@V2C\",\"https:\/\/www.linkedin.com\/company\/v2c-chargers\/\"]}]}<\/script>\n<!-- \/ Yoast SEO plugin. -->","yoast_head_json":{"title":"Conexi\u00f3n Inversor SMA Sunny Boy con Trydan | V2C Soporte","description":"Conecta tu inversor SMA Sunny Boy con el punto de recarga Trydan para aprovechar la energ\u00eda solar de tu instalaci\u00f3n.","robots":{"index":"index","follow":"follow","max-snippet":"max-snippet:-1","max-image-preview":"max-image-preview:large","max-video-preview":"max-video-preview:-1"},"canonical":"https:\/\/v2charge.com\/fr\/support\/controle-puissance\/dynamique\/photovoltaique\/onduleur-sma-sunny-boy\/","og_locale":"fr_FR","og_type":"article","og_title":"Conexi\u00f3n Inversor SMA Sunny Boy con Trydan | V2C Soporte","og_description":"Conecta tu inversor SMA Sunny Boy con el punto de recarga Trydan para aprovechar la energ\u00eda solar de tu instalaci\u00f3n.","og_url":"https:\/\/v2charge.com\/fr\/support\/controle-puissance\/dynamique\/photovoltaique\/onduleur-sma-sunny-boy\/","og_site_name":"V2C","article_publisher":"https:\/\/www.facebook.com\/V2C.Charge","article_modified_time":"2025-07-18T13:13:51+00:00","og_image":[{"url":"https:\/\/v2charge.com\/wp-content\/uploads\/2023\/12\/sma-logo.png","type":"","width":"","height":""}],"twitter_card":"summary_large_image","twitter_site":"@V2C_Charge","twitter_misc":{"Dur\u00e9e de lecture estim\u00e9e":"3 minutes"},"schema":{"@context":"https:\/\/schema.org","@graph":[{"@type":"WebPage","@id":"https:\/\/v2charge.com\/fr\/support\/controle-puissance\/dynamique\/photovoltaique\/onduleur-sma-sunny-boy\/","url":"https:\/\/v2charge.com\/fr\/support\/controle-puissance\/dynamique\/photovoltaique\/onduleur-sma-sunny-boy\/","name":"Conexi\u00f3n Inversor SMA Sunny Boy con Trydan | V2C Soporte","isPartOf":{"@id":"https:\/\/v2charge.com\/fr\/#website"},"primaryImageOfPage":{"@id":"https:\/\/v2charge.com\/fr\/support\/controle-puissance\/dynamique\/photovoltaique\/onduleur-sma-sunny-boy\/#primaryimage"},"image":{"@id":"https:\/\/v2charge.com\/fr\/support\/controle-puissance\/dynamique\/photovoltaique\/onduleur-sma-sunny-boy\/#primaryimage"},"thumbnailUrl":"https:\/\/v2charge.com\/wp-content\/uploads\/2023\/12\/sma-logo.png","datePublished":"2023-03-24T16:56:23+00:00","dateModified":"2025-07-18T13:13:51+00:00","description":"Conecta tu inversor SMA Sunny Boy con el punto de recarga Trydan para aprovechar la energ\u00eda solar de tu instalaci\u00f3n.","breadcrumb":{"@id":"https:\/\/v2charge.com\/fr\/support\/controle-puissance\/dynamique\/photovoltaique\/onduleur-sma-sunny-boy\/#breadcrumb"},"inLanguage":"fr-FR","potentialAction":[{"@type":"ReadAction","target":["https:\/\/v2charge.com\/fr\/support\/controle-puissance\/dynamique\/photovoltaique\/onduleur-sma-sunny-boy\/"]}]},{"@type":"ImageObject","inLanguage":"fr-FR","@id":"https:\/\/v2charge.com\/fr\/support\/controle-puissance\/dynamique\/photovoltaique\/onduleur-sma-sunny-boy\/#primaryimage","url":"https:\/\/v2charge.com\/wp-content\/uploads\/2023\/12\/sma-logo.png","contentUrl":"https:\/\/v2charge.com\/wp-content\/uploads\/2023\/12\/sma-logo.png"},{"@type":"BreadcrumbList","@id":"https:\/\/v2charge.com\/fr\/support\/controle-puissance\/dynamique\/photovoltaique\/onduleur-sma-sunny-boy\/#breadcrumb","itemListElement":[{"@type":"ListItem","position":1,"name":"V2C","item":"https:\/\/v2charge.com\/fr\/"},{"@type":"ListItem","position":2,"name":"Support Area","item":"https:\/\/v2charge.com\/fr\/support\/"},{"@type":"ListItem","position":3,"name":"Contr\u00f4le de puissance","item":"https:\/\/v2charge.com\/fr\/support\/controle-puissance\/"},{"@type":"ListItem","position":4,"name":"Dynamique","item":"https:\/\/v2charge.com\/fr\/support\/controle-puissance\/dynamique\/"},{"@type":"ListItem","position":5,"name":"Photovoltaique","item":"https:\/\/v2charge.com\/fr\/support\/controle-puissance\/dynamique\/photovoltaique\/"},{"@type":"ListItem","position":6,"name":"Connexion de l&#8217;onduleur SMA Sunny Boy avec Trydan"}]},{"@type":"WebSite","@id":"https:\/\/v2charge.com\/fr\/#website","url":"https:\/\/v2charge.com\/fr\/","name":"V2C","description":"#CargandoElMa\u00f1ana","publisher":{"@id":"https:\/\/v2charge.com\/fr\/#organization"},"potentialAction":[{"@type":"SearchAction","target":{"@type":"EntryPoint","urlTemplate":"https:\/\/v2charge.com\/fr\/?s={search_term_string}"},"query-input":{"@type":"PropertyValueSpecification","valueRequired":true,"valueName":"search_term_string"}}],"inLanguage":"fr-FR"},{"@type":"Organization","@id":"https:\/\/v2charge.com\/fr\/#organization","name":"V2C","url":"https:\/\/v2charge.com\/fr\/","logo":{"@type":"ImageObject","inLanguage":"fr-FR","@id":"https:\/\/v2charge.com\/fr\/#\/schema\/logo\/image\/","url":"https:\/\/v2charge.com\/wp-content\/uploads\/2024\/11\/cropped-v2c-charge-logo-menu.png","contentUrl":"https:\/\/v2charge.com\/wp-content\/uploads\/2024\/11\/cropped-v2c-charge-logo-menu.png","width":984,"height":431,"caption":"V2C"},"image":{"@id":"https:\/\/v2charge.com\/fr\/#\/schema\/logo\/image\/"},"sameAs":["https:\/\/www.facebook.com\/V2C.Charge","https:\/\/x.com\/V2C_Charge","https:\/\/www.instagram.com\/v2c.charge\/","https:\/\/www.youtube.com\/@V2C","https:\/\/www.linkedin.com\/company\/v2c-chargers\/"]}]}},"uagb_featured_image_src":{"full":false,"thumbnail":false,"medium":false,"medium_large":false,"large":false,"gs-tiny":false,"xl":false,"xxl":false,"xxxl":false,"xxxxl":false,"xxxxxl":false,"1536x1536":false,"2048x2048":false},"uagb_author_info":{"display_name":"V2C","author_link":"https:\/\/v2charge.com\/fr\/author\/root_k4eu7ki8\/"},"uagb_comment_info":0,"uagb_excerpt":"Connexion de l&rsquo;onduleur SMA Sunny Boy avec Trydan Si vous avez un onduleur SMA Sunny Boy, vous pouvez l&rsquo;int\u00e9grer \u00e0 votre point de recharge Trydan pour optimiser l&rsquo;utilisation de l&rsquo;\u00e9nergie solaire de votre installation. L&rsquo;utilisation de&nbsp;r\u00e9p\u00e9teurs Wi-Fi&nbsp;ou de&nbsp;r\u00e9seaux mesh&nbsp;peut affecter le bon fonctionnement du syst\u00e8me. Nous recommandons d\u2019utiliser un&nbsp;r\u00e9seau Wi-Fi stable&nbsp;et&nbsp;direct&nbsp;afin de garantir une connexion\u2026","_links":{"self":[{"href":"https:\/\/v2charge.com\/fr\/wp-json\/wp\/v2\/pages\/96726","targetHints":{"allow":["GET"]}}],"collection":[{"href":"https:\/\/v2charge.com\/fr\/wp-json\/wp\/v2\/pages"}],"about":[{"href":"https:\/\/v2charge.com\/fr\/wp-json\/wp\/v2\/types\/page"}],"author":[{"embeddable":true,"href":"https:\/\/v2charge.com\/fr\/wp-json\/wp\/v2\/users\/1"}],"replies":[{"embeddable":true,"href":"https:\/\/v2charge.com\/fr\/wp-json\/wp\/v2\/comments?post=96726"}],"version-history":[{"count":4,"href":"https:\/\/v2charge.com\/fr\/wp-json\/wp\/v2\/pages\/96726\/revisions"}],"predecessor-version":[{"id":238731,"href":"https:\/\/v2charge.com\/fr\/wp-json\/wp\/v2\/pages\/96726\/revisions\/238731"}],"up":[{"embeddable":true,"href":"https:\/\/v2charge.com\/fr\/wp-json\/wp\/v2\/pages\/129646"}],"wp:attachment":[{"href":"https:\/\/v2charge.com\/fr\/wp-json\/wp\/v2\/media?parent=96726"}],"curies":[{"name":"wp","href":"https:\/\/api.w.org\/{rel}","templated":true}]}}