{"id":322317,"date":"2018-05-31T15:46:08","date_gmt":"2018-05-31T15:46:08","guid":{"rendered":""},"modified":"2023-07-14T08:11:48","modified_gmt":"2023-07-14T08:11:48","slug":"aviso-legal-y-politica-de-privacidad-hr","status":"publish","type":"page","link":"https:\/\/v2charge.com\/hr\/aviso-legal-y-politica-de-privacidad-hr\/","title":{"rendered":"Aviso legal y pol\u00edtica de privacidad\n\n\n    Aviso legal i politika privatnosti\n    Ovdje mo\u017eete prona\u0107i informacije o pravnim uvjetima i na\u0161oj politici privatnosti."},"content":{"rendered":"<p><strong>Politika privatnosti, Kori\u0161tenje kola\u010di\u0107a i vi\u0161e informacija<\/strong><\/p>\n<p>Politika privatnosti V2Charge (V2C). Ova web stranica je u vlasni\u0161tvu NEGOCIOS INTELIGENTES 7EXPERIENCE S.L. (u daljnjem tekstu \u201cV2C\u201d), sa sjedi\u0161tem na Avenida Cam\u00ed Nou 268 Xirivella (Valencia), s CIF brojem B98496706. U skladu sa Zakonom 15\/99 od 13. prosinca o za\u0161titi podataka, obavje\u0161tavamo vas da su svi va\u0161i podaci dio datoteke u vlasni\u0161tvu NEGOCIOS INTELIGENTES 7 EXPERIENCE S.L. s ciljem rje\u0161avanja bilo kojeg upita koji nam postavite, upravljanja poslovnim odnosom i slanja novosti o proizvodima i uslugama Dru\u0161tva putem bilo kojeg sredstva, uklju\u010duju\u0107i elektroni\u010dko.<\/p>\n<p>Ne pohranjujemo podatke o kreditnim karticama niti dijelimo osobne podatke korisnika s tre\u0107im stranama. Ne prodajemo, ne iznajmljujemo niti ustupamo osobne podatke koji vas mogu identificirati, niti \u0107emo to \u010diniti u budu\u0107nosti, tre\u0107im stranama bez va\u0161eg pristanka. Me\u0111utim, u nekim slu\u010dajevima mo\u017eemo koristiti dobavlja\u010de, suradnike ili agencije za obradu va\u0161ih osobnih informacija u na\u0161e ime, uvijek slijede\u0107i na\u0161e upute i zahtijevaju\u0107i po\u0161tivanje najstro\u017eih sigurnosnih standarda.<\/p>\n<p>Ako u budu\u0107nosti pokrenemo nove poslovne aktivnosti koje ovise o na\u0161oj tvrtki (NEGOCIOS INTELIGENTES 7EXPERIENCE S.L.) ili o drugim tvrtkama u vlasni\u0161tvu iste, a koje su povezane s proizvodima i uslugama koje pru\u017ea V2C, koristit \u0107emo va\u0161e osobne podatke kako bismo vas obavijestili o njihovom pokretanju i olak\u0161ali vam kori\u0161tenje ili ugovaranje istih. U tom slu\u010daju, unaprijed \u0107emo vas obavijestiti kako biste mogli, ako \u017eelite, otkazati svoje podatke u tim uslugama.<\/p>\n<p>Kada se registrirate ili nas kontaktirate putem na\u0161e web stranice, prikupljat \u0107emo dva tipa informacija: 1) Osobne informacije kao \u0161to su va\u0161e ime, adresa, broj telefona i adresa e-po\u0161te koje nam dobrovoljno pru\u017eite. 2) IP adresu va\u0161eg ra\u010dunala i anonimne informacije prikupljene putem kola\u010di\u0107a kada pregledavate na\u0161u web stranicu kako bismo nam pomogli razumjeti kako pobolj\u0161ati na\u0161u web stranicu i usluge. Ako \u017eelite saznati vi\u0161e o tome kako koristimo na\u0161e kola\u010di\u0107e, molimo vas da posjetite web stranicu \/hr\/Legal\/Cookies&#8221;.<\/p>\n<p><strong>Va\u0161a prava<\/strong><\/p>\n<p>Propisi o za\u0161titi podataka zahtijevaju, izme\u0111u ostalog, da se va\u0161i osobni podaci obra\u0111uju na po\u0161ten, prikladan, to\u010dan i ne pretjeran na\u010din. Osobni podaci trebaju biti a\u017eurirani i \u010duvani tijekom razdoblja koje nije du\u017ee od potrebnog. Tako\u0111er, moraju se \u010duvati na siguran na\u010din kako bi se sprije\u010dio neovla\u0161teni pristup od strane drugih osoba, a imate pravo znati koje informacije imamo o vama i ispraviti neto\u010dne podatke. U bilo kojem trenutku mo\u017eete ostvariti svoja prava na pristup, ispravak, prigovor ili otkazivanje slanjem zahtjeva na info@v2charge.com ili putem po\u0161te na adresu NEGOCIOS INTELIGENTES 7EXPERIENCE S.L., Avenida Cam\u00ed Nou 268 Xirivella 46950, prila\u017eu\u0107i kopiju va\u0161eg osobnog identifikacijskog dokumenta (DNI) ili ekvivalentne dokumentacije.&#8221;<\/p>\n<p><strong>Kola\u010di\u0107i<\/strong><\/p>\n<p>Ponekad koristimo funkcionalnost va\u0161eg internetskog preglednika nazvanu \u201ckola\u010di\u0107\u201d na web stranici V2C. \u201cKola\u010di\u0107\u201d je vrlo mala tekstualna datoteka koju va\u0161 preglednik postavlja na tvrdi disk va\u0161eg ra\u010dunala, koja nam omogu\u0107uje da maksimalno iskoristimo va\u0161e posjete na\u0161oj web stranici i pobolj\u0161amo korisni\u010dko iskustvo. \u201cKola\u010di\u0107\u201d se mo\u017ee smatrati identifikacijskom karticom koja web stranici javlja kada ste se vratili.<\/p>\n<p>V2C obra\u0111uje sve informacije s maksimalnom pa\u017enjom i sigurno\u0161\u0107u. U nijednom trenutku ne pohranjujemo ili obra\u0111ujemo va\u0161e bankovne podatke ili podatke o kreditnim karticama, ve\u0107 \u0107e te informacije izravno upravljati na\u0161i dobavlja\u010di platnih sredstava, koji ispunjavaju sve sigurnosne i zakonske zahtjeve. Molimo vas da zapamtite da \u0107emo vas kontaktirati samo kako bismo zatra\u017eili potvrdu o detaljima va\u0161eg ra\u010duna kada va\u0161a kartica bude odbijena prilikom pla\u0107anja. Kada vas kontaktiramo, nikada ne\u0107emo tra\u017eiti va\u0161u lozinku niti PIN va\u0161e kartice. Savjetujemo vam da nikada ne unosite svoj broj ra\u010duna ili lozinku u e-mail ili nakon \u0161to kliknete na poveznicu iz e-maila.<\/p>\n<p><strong>Izmjena politike privatnosti<\/strong><\/p>\n<p>A\u017euriranje i izmjena ove politike privatnosti bit \u0107e regulirano pravilima predvi\u0111enim u uvjetima kori\u0161tenja za a\u017euriranje i izmjenu istih.<\/p>\n","protected":false},"excerpt":{"rendered":"<p>Politika privatnosti, Kori\u0161tenje kola\u010di\u0107a i vi\u0161e informacija Politika privatnosti V2Charge (V2C). Ova web stranica je u vlasni\u0161tvu NEGOCIOS INTELIGENTES 7EXPERIENCE S.L. (u daljnjem tekstu \u201cV2C\u201d), sa sjedi\u0161tem na Avenida Cam\u00ed Nou 268 Xirivella (Valencia), s CIF brojem B98496706. U skladu sa Zakonom 15\/99 od 13. prosinca o za\u0161titi podataka, obavje\u0161tavamo vas da su svi va\u0161i &#8230; <a title=\"Aviso legal y pol\u00edtica de privacidad\n\n\n    Aviso legal i politika privatnosti\n    Ovdje mo\u017eete prona\u0107i informacije o pravnim uvjetima i na\u0161oj politici privatnosti.\" class=\"read-more\" href=\"https:\/\/v2charge.com\/hr\/aviso-legal-y-politica-de-privacidad-hr\/\" aria-label=\"Read more about Aviso legal y pol\u00edtica de privacidad\n\n\n    Aviso legal i politika privatnosti\n    Ovdje mo\u017eete prona\u0107i informacije o pravnim uvjetima i na\u0161oj politici privatnosti.\">Read more<\/a><\/p>\n","protected":false},"author":1,"featured_media":170354,"parent":0,"menu_order":0,"comment_status":"closed","ping_status":"closed","template":"","meta":{"_eb_attr":"","content-type":"","_uag_custom_page_level_css":"","footnotes":""},"class_list":["post-322317","page","type-page","status-publish","has-post-thumbnail"],"yoast_head":"<!-- This site is optimized with the Yoast SEO plugin v25.3.1 - https:\/\/yoast.com\/wordpress\/plugins\/seo\/ -->\n<title>Aviso legal y pol\u00edtica de privacidad    Aviso legal i politika privatnosti   Ovdje mo\u017eete prona\u0107i informacije o pravnim uvjetima i na\u0161oj politici privatnosti. - V2C Punten za punjenje<\/title>\n<meta name=\"robots\" content=\"noindex, follow\" \/>\n<meta property=\"og:locale\" content=\"hr_HR\" \/>\n<meta property=\"og:type\" content=\"article\" \/>\n<meta property=\"og:title\" content=\"Aviso legal y pol\u00edtica de privacidad    Aviso legal i politika privatnosti   Ovdje mo\u017eete prona\u0107i informacije o pravnim uvjetima i na\u0161oj politici privatnosti. - V2C Punten za punjenje\" \/>\n<meta property=\"og:description\" content=\"Politika privatnosti, Kori\u0161tenje kola\u010di\u0107a i vi\u0161e informacija Politika privatnosti V2Charge (V2C). Ova web stranica je u vlasni\u0161tvu NEGOCIOS INTELIGENTES 7EXPERIENCE S.L. (u daljnjem tekstu \u201cV2C\u201d), sa sjedi\u0161tem na Avenida Cam\u00ed Nou 268 Xirivella (Valencia), s CIF brojem B98496706. U skladu sa Zakonom 15\/99 od 13. prosinca o za\u0161titi podataka, obavje\u0161tavamo vas da su svi va\u0161i ... Read more\" \/>\n<meta property=\"og:url\" content=\"https:\/\/v2charge.com\/hr\/aviso-legal-y-politica-de-privacidad-hr\/\" \/>\n<meta property=\"og:site_name\" content=\"V2C\" \/>\n<meta property=\"article:publisher\" content=\"https:\/\/www.facebook.com\/V2C.Charge\" \/>\n<meta property=\"article:modified_time\" content=\"2023-07-14T08:11:48+00:00\" \/>\n<meta property=\"og:image\" content=\"https:\/\/v2charge.com\/wp-content\/uploads\/2024\/07\/v2c-electric-chargers.jpg\" \/>\n\t<meta property=\"og:image:width\" content=\"1200\" \/>\n\t<meta property=\"og:image:height\" content=\"675\" \/>\n\t<meta property=\"og:image:type\" content=\"image\/jpeg\" \/>\n<meta name=\"twitter:card\" content=\"summary_large_image\" \/>\n<meta name=\"twitter:site\" content=\"@V2C_Charge\" \/>\n<meta name=\"twitter:label1\" content=\"Est. reading time\" \/>\n\t<meta name=\"twitter:data1\" content=\"4 minute\" \/>\n<script type=\"application\/ld+json\" class=\"yoast-schema-graph\">{\"@context\":\"https:\/\/schema.org\",\"@graph\":[{\"@type\":\"WebPage\",\"@id\":\"https:\/\/v2charge.com\/hr\/aviso-legal-y-politica-de-privacidad-hr\/\",\"url\":\"https:\/\/v2charge.com\/hr\/aviso-legal-y-politica-de-privacidad-hr\/\",\"name\":\"Aviso legal y pol\u00edtica de privacidad Aviso legal i politika privatnosti Ovdje mo\u017eete prona\u0107i informacije o pravnim uvjetima i na\u0161oj politici privatnosti. - V2C Punten za punjenje\",\"isPartOf\":{\"@id\":\"https:\/\/v2charge.com\/hr\/#website\"},\"primaryImageOfPage\":{\"@id\":\"https:\/\/v2charge.com\/hr\/aviso-legal-y-politica-de-privacidad-hr\/#primaryimage\"},\"image\":{\"@id\":\"https:\/\/v2charge.com\/hr\/aviso-legal-y-politica-de-privacidad-hr\/#primaryimage\"},\"thumbnailUrl\":\"https:\/\/v2charge.com\/wp-content\/uploads\/2024\/07\/v2c-electric-chargers.jpg\",\"datePublished\":\"2018-05-31T15:46:08+00:00\",\"dateModified\":\"2023-07-14T08:11:48+00:00\",\"breadcrumb\":{\"@id\":\"https:\/\/v2charge.com\/hr\/aviso-legal-y-politica-de-privacidad-hr\/#breadcrumb\"},\"inLanguage\":\"hr\",\"potentialAction\":[{\"@type\":\"ReadAction\",\"target\":[\"https:\/\/v2charge.com\/hr\/aviso-legal-y-politica-de-privacidad-hr\/\"]}]},{\"@type\":\"ImageObject\",\"inLanguage\":\"hr\",\"@id\":\"https:\/\/v2charge.com\/hr\/aviso-legal-y-politica-de-privacidad-hr\/#primaryimage\",\"url\":\"https:\/\/v2charge.com\/wp-content\/uploads\/2024\/07\/v2c-electric-chargers.jpg\",\"contentUrl\":\"https:\/\/v2charge.com\/wp-content\/uploads\/2024\/07\/v2c-electric-chargers.jpg\",\"width\":1200,\"height\":675,\"caption\":\"V2C Electric Chargers\"},{\"@type\":\"BreadcrumbList\",\"@id\":\"https:\/\/v2charge.com\/hr\/aviso-legal-y-politica-de-privacidad-hr\/#breadcrumb\",\"itemListElement\":[{\"@type\":\"ListItem\",\"position\":1,\"name\":\"V2C\",\"item\":\"https:\/\/v2charge.com\/hr\/\"},{\"@type\":\"ListItem\",\"position\":2,\"name\":\"Aviso legal y pol\u00edtica de privacidad Aviso legal i politika privatnosti Ovdje mo\u017eete prona\u0107i informacije o pravnim uvjetima i na\u0161oj politici privatnosti.\"}]},{\"@type\":\"WebSite\",\"@id\":\"https:\/\/v2charge.com\/hr\/#website\",\"url\":\"https:\/\/v2charge.com\/hr\/\",\"name\":\"V2C\",\"description\":\"#CargandoElMa\u00f1ana\",\"publisher\":{\"@id\":\"https:\/\/v2charge.com\/hr\/#organization\"},\"potentialAction\":[{\"@type\":\"SearchAction\",\"target\":{\"@type\":\"EntryPoint\",\"urlTemplate\":\"https:\/\/v2charge.com\/hr\/?s={search_term_string}\"},\"query-input\":{\"@type\":\"PropertyValueSpecification\",\"valueRequired\":true,\"valueName\":\"search_term_string\"}}],\"inLanguage\":\"hr\"},{\"@type\":\"Organization\",\"@id\":\"https:\/\/v2charge.com\/hr\/#organization\",\"name\":\"V2C\",\"url\":\"https:\/\/v2charge.com\/hr\/\",\"logo\":{\"@type\":\"ImageObject\",\"inLanguage\":\"hr\",\"@id\":\"https:\/\/v2charge.com\/hr\/#\/schema\/logo\/image\/\",\"url\":\"https:\/\/v2charge.com\/wp-content\/uploads\/2024\/11\/cropped-v2c-charge-logo-menu.png\",\"contentUrl\":\"https:\/\/v2charge.com\/wp-content\/uploads\/2024\/11\/cropped-v2c-charge-logo-menu.png\",\"width\":984,\"height\":431,\"caption\":\"V2C\"},\"image\":{\"@id\":\"https:\/\/v2charge.com\/hr\/#\/schema\/logo\/image\/\"},\"sameAs\":[\"https:\/\/www.facebook.com\/V2C.Charge\",\"https:\/\/x.com\/V2C_Charge\",\"https:\/\/www.instagram.com\/v2c.charge\/\",\"https:\/\/www.youtube.com\/@V2C\",\"https:\/\/www.linkedin.com\/company\/v2c-chargers\/\"]}]}<\/script>\n<!-- \/ Yoast SEO plugin. -->","yoast_head_json":{"title":"Aviso legal y pol\u00edtica de privacidad    Aviso legal i politika privatnosti   Ovdje mo\u017eete prona\u0107i informacije o pravnim uvjetima i na\u0161oj politici privatnosti. - V2C Punten za punjenje","robots":{"index":"noindex","follow":"follow"},"og_locale":"hr_HR","og_type":"article","og_title":"Aviso legal y pol\u00edtica de privacidad    Aviso legal i politika privatnosti   Ovdje mo\u017eete prona\u0107i informacije o pravnim uvjetima i na\u0161oj politici privatnosti. - V2C Punten za punjenje","og_description":"Politika privatnosti, Kori\u0161tenje kola\u010di\u0107a i vi\u0161e informacija Politika privatnosti V2Charge (V2C). Ova web stranica je u vlasni\u0161tvu NEGOCIOS INTELIGENTES 7EXPERIENCE S.L. (u daljnjem tekstu \u201cV2C\u201d), sa sjedi\u0161tem na Avenida Cam\u00ed Nou 268 Xirivella (Valencia), s CIF brojem B98496706. U skladu sa Zakonom 15\/99 od 13. prosinca o za\u0161titi podataka, obavje\u0161tavamo vas da su svi va\u0161i ... Read more","og_url":"https:\/\/v2charge.com\/hr\/aviso-legal-y-politica-de-privacidad-hr\/","og_site_name":"V2C","article_publisher":"https:\/\/www.facebook.com\/V2C.Charge","article_modified_time":"2023-07-14T08:11:48+00:00","og_image":[{"width":1200,"height":675,"url":"https:\/\/v2charge.com\/wp-content\/uploads\/2024\/07\/v2c-electric-chargers.jpg","type":"image\/jpeg"}],"twitter_card":"summary_large_image","twitter_site":"@V2C_Charge","twitter_misc":{"Est. reading time":"4 minute"},"schema":{"@context":"https:\/\/schema.org","@graph":[{"@type":"WebPage","@id":"https:\/\/v2charge.com\/hr\/aviso-legal-y-politica-de-privacidad-hr\/","url":"https:\/\/v2charge.com\/hr\/aviso-legal-y-politica-de-privacidad-hr\/","name":"Aviso legal y pol\u00edtica de privacidad Aviso legal i politika privatnosti Ovdje mo\u017eete prona\u0107i informacije o pravnim uvjetima i na\u0161oj politici privatnosti. - V2C Punten za punjenje","isPartOf":{"@id":"https:\/\/v2charge.com\/hr\/#website"},"primaryImageOfPage":{"@id":"https:\/\/v2charge.com\/hr\/aviso-legal-y-politica-de-privacidad-hr\/#primaryimage"},"image":{"@id":"https:\/\/v2charge.com\/hr\/aviso-legal-y-politica-de-privacidad-hr\/#primaryimage"},"thumbnailUrl":"https:\/\/v2charge.com\/wp-content\/uploads\/2024\/07\/v2c-electric-chargers.jpg","datePublished":"2018-05-31T15:46:08+00:00","dateModified":"2023-07-14T08:11:48+00:00","breadcrumb":{"@id":"https:\/\/v2charge.com\/hr\/aviso-legal-y-politica-de-privacidad-hr\/#breadcrumb"},"inLanguage":"hr","potentialAction":[{"@type":"ReadAction","target":["https:\/\/v2charge.com\/hr\/aviso-legal-y-politica-de-privacidad-hr\/"]}]},{"@type":"ImageObject","inLanguage":"hr","@id":"https:\/\/v2charge.com\/hr\/aviso-legal-y-politica-de-privacidad-hr\/#primaryimage","url":"https:\/\/v2charge.com\/wp-content\/uploads\/2024\/07\/v2c-electric-chargers.jpg","contentUrl":"https:\/\/v2charge.com\/wp-content\/uploads\/2024\/07\/v2c-electric-chargers.jpg","width":1200,"height":675,"caption":"V2C Electric Chargers"},{"@type":"BreadcrumbList","@id":"https:\/\/v2charge.com\/hr\/aviso-legal-y-politica-de-privacidad-hr\/#breadcrumb","itemListElement":[{"@type":"ListItem","position":1,"name":"V2C","item":"https:\/\/v2charge.com\/hr\/"},{"@type":"ListItem","position":2,"name":"Aviso legal y pol\u00edtica de privacidad Aviso legal i politika privatnosti Ovdje mo\u017eete prona\u0107i informacije o pravnim uvjetima i na\u0161oj politici privatnosti."}]},{"@type":"WebSite","@id":"https:\/\/v2charge.com\/hr\/#website","url":"https:\/\/v2charge.com\/hr\/","name":"V2C","description":"#CargandoElMa\u00f1ana","publisher":{"@id":"https:\/\/v2charge.com\/hr\/#organization"},"potentialAction":[{"@type":"SearchAction","target":{"@type":"EntryPoint","urlTemplate":"https:\/\/v2charge.com\/hr\/?s={search_term_string}"},"query-input":{"@type":"PropertyValueSpecification","valueRequired":true,"valueName":"search_term_string"}}],"inLanguage":"hr"},{"@type":"Organization","@id":"https:\/\/v2charge.com\/hr\/#organization","name":"V2C","url":"https:\/\/v2charge.com\/hr\/","logo":{"@type":"ImageObject","inLanguage":"hr","@id":"https:\/\/v2charge.com\/hr\/#\/schema\/logo\/image\/","url":"https:\/\/v2charge.com\/wp-content\/uploads\/2024\/11\/cropped-v2c-charge-logo-menu.png","contentUrl":"https:\/\/v2charge.com\/wp-content\/uploads\/2024\/11\/cropped-v2c-charge-logo-menu.png","width":984,"height":431,"caption":"V2C"},"image":{"@id":"https:\/\/v2charge.com\/hr\/#\/schema\/logo\/image\/"},"sameAs":["https:\/\/www.facebook.com\/V2C.Charge","https:\/\/x.com\/V2C_Charge","https:\/\/www.instagram.com\/v2c.charge\/","https:\/\/www.youtube.com\/@V2C","https:\/\/www.linkedin.com\/company\/v2c-chargers\/"]}]}},"uagb_featured_image_src":{"full":["https:\/\/v2charge.com\/wp-content\/uploads\/2024\/07\/v2c-electric-chargers.jpg",1200,675,false],"thumbnail":["https:\/\/v2charge.com\/wp-content\/uploads\/2024\/07\/v2c-electric-chargers-150x150.jpg",150,150,true],"medium":["https:\/\/v2charge.com\/wp-content\/uploads\/2024\/07\/v2c-electric-chargers-300x169.jpg",300,169,true],"medium_large":["https:\/\/v2charge.com\/wp-content\/uploads\/2024\/07\/v2c-electric-chargers-768x432.jpg",768,432,true],"large":["https:\/\/v2charge.com\/wp-content\/uploads\/2024\/07\/v2c-electric-chargers-1024x576.jpg",1024,576,true],"gs-tiny":["https:\/\/v2charge.com\/wp-content\/uploads\/2024\/07\/v2c-electric-chargers.jpg",50,28,false],"xl":["https:\/\/v2charge.com\/wp-content\/uploads\/2024\/07\/v2c-electric-chargers.jpg",1200,675,false],"xxl":["https:\/\/v2charge.com\/wp-content\/uploads\/2024\/07\/v2c-electric-chargers.jpg",1200,675,false],"xxxl":["https:\/\/v2charge.com\/wp-content\/uploads\/2024\/07\/v2c-electric-chargers.jpg",1200,675,false],"xxxxl":["https:\/\/v2charge.com\/wp-content\/uploads\/2024\/07\/v2c-electric-chargers.jpg",1200,675,false],"xxxxxl":["https:\/\/v2charge.com\/wp-content\/uploads\/2024\/07\/v2c-electric-chargers.jpg",1200,675,false],"1536x1536":["https:\/\/v2charge.com\/wp-content\/uploads\/2024\/07\/v2c-electric-chargers.jpg",1200,675,false],"2048x2048":["https:\/\/v2charge.com\/wp-content\/uploads\/2024\/07\/v2c-electric-chargers.jpg",1200,675,false]},"uagb_author_info":{"display_name":"V2C","author_link":"https:\/\/v2charge.com\/hr\/author\/root_k4eu7ki8\/"},"uagb_comment_info":0,"uagb_excerpt":"Politika privatnosti, Kori\u0161tenje kola\u010di\u0107a i vi\u0161e informacija Politika privatnosti V2Charge (V2C). Ova web stranica je u vlasni\u0161tvu NEGOCIOS INTELIGENTES 7EXPERIENCE S.L. (u daljnjem tekstu \u201cV2C\u201d), sa sjedi\u0161tem na Avenida Cam\u00ed Nou 268 Xirivella (Valencia), s CIF brojem B98496706. U skladu sa Zakonom 15\/99 od 13. prosinca o za\u0161titi podataka, obavje\u0161tavamo vas da su svi va\u0161i&hellip;","_links":{"self":[{"href":"https:\/\/v2charge.com\/hr\/wp-json\/wp\/v2\/pages\/322317","targetHints":{"allow":["GET"]}}],"collection":[{"href":"https:\/\/v2charge.com\/hr\/wp-json\/wp\/v2\/pages"}],"about":[{"href":"https:\/\/v2charge.com\/hr\/wp-json\/wp\/v2\/types\/page"}],"author":[{"embeddable":true,"href":"https:\/\/v2charge.com\/hr\/wp-json\/wp\/v2\/users\/1"}],"replies":[{"embeddable":true,"href":"https:\/\/v2charge.com\/hr\/wp-json\/wp\/v2\/comments?post=322317"}],"version-history":[{"count":0,"href":"https:\/\/v2charge.com\/hr\/wp-json\/wp\/v2\/pages\/322317\/revisions"}],"wp:featuredmedia":[{"embeddable":true,"href":"https:\/\/v2charge.com\/hr\/wp-json\/wp\/v2\/media\/170354"}],"wp:attachment":[{"href":"https:\/\/v2charge.com\/hr\/wp-json\/wp\/v2\/media?parent=322317"}],"curies":[{"name":"wp","href":"https:\/\/api.w.org\/{rel}","templated":true}]}}