{"id":322318,"date":"2018-06-01T09:43:28","date_gmt":"2018-06-01T09:43:28","guid":{"rendered":""},"modified":"2023-05-24T10:41:00","modified_gmt":"2023-05-24T10:41:00","slug":"politika-kola-i-a","status":"publish","type":"page","link":"https:\/\/v2charge.com\/hr\/politika-kola-i-a\/","title":{"rendered":"Politika kola\u010di\u0107a"},"content":{"rendered":"<p>Ova web stranica je u vlasni\u0161tvu NEGOCIOS INTELIGENTES 7 EXPERIENCE S.L.. Pristupom ovoj stranici prihva\u0107ate politiku privatnosti. U skladu s \u010dlankom 10. Zakona 34\/2002, od 11. srpnja, o uslugama informacijskog dru\u0161tva i elektroni\u010dkoj trgovini (LSSI) iznose se identifikacijski podaci.<\/p>\n<h2>\u0160to su kola\u010di\u0107i?<\/h2>\n<p>Kola\u010di\u0107 je datoteka koja se preuzima na va\u0161e ra\u010dunalo ili ure\u0111aj prilikom pristupa na\u0161oj web stranici. Kola\u010di\u0107i nam omogu\u0107uju, izme\u0111u ostalog, pohranu i preuzimanje informacija o navikama pregledavanja korisnika ili njegovog ure\u0111aja i, ovisno o informacijama koje sadr\u017ee i na\u010dinu na koji korisnik koristi svoj ure\u0111aj, mogu se koristiti za prepoznavanje korisnika.<\/p>\n<h2>Koje vrste kola\u010di\u0107a koristi na\u0161a web stranica?<\/h2>\n<p>Vlastiti kola\u010di\u0107i: To su oni koje \u0161aljemo na va\u0161e ra\u010dunalo ili ure\u0111aj s na\u0161e web stranice.<br \/>Kola\u010di\u0107i tre\u0107ih strana: To su oni koji se \u0161alju na va\u0161e ra\u010dunalo ili ure\u0111aj s domene ili web stranice koju ne upravljamo mi, ve\u0107 druga entitet koja obra\u0111uje podatke prikupljene putem kola\u010di\u0107a.<br \/>Analiti\u010dki kola\u010di\u0107i: To su oni koje, obra\u0111ene od strane nas ili tre\u0107ih strana, omogu\u0107uju kvantificiranje broja korisnika i provo\u0111enje mjerenja i statisti\u010dke analize kori\u0161tenja koje korisnici rade na na\u0161oj web stranici. U tu svrhu analiziramo pregledavanje na na\u0161oj web stranici kako bismo pobolj\u0161ali ponudu proizvoda ili usluga koje nudimo.<\/p>\n<h2>Kola\u010di\u0107i kori\u0161teni na www.v2charge.com su:<\/h2>\n<p>Kola\u010di\u0107i koji su strogo potrebni, kao \u0161to su oni koji omogu\u0107uju ispravno pregledavanje i osiguravaju da se sadr\u017eaj web stranice u\u010ditava u\u010dinkovito. PHPSESSID SESION \u2013 Ovaj kola\u010di\u0107 se koristi za uspostavljanje sesije korisnika koji posje\u0107uje neku od na\u0161ih web stranica. To je na\u010din identifikacije i upravljanja stanjem \u2013 varijablama sesije \u2013 za odre\u0111enog korisnika, te omogu\u0107uje prijenos tih informacija kroz stranice na\u0161ih web stranica. WordPress_test_cookie SESION \u2013 Ovaj kola\u010di\u0107 se koristi kako bi sustav za upravljanje sadr\u017eajem WordPress provjerio ima li preglednik aktivirane kola\u010di\u0107e. Wp-settings-{time}-`{`UID`}` \u2013 UID koji se nalazi na kraju imena kola\u010di\u0107a sadr\u017ei ID korisnika pohranjen u WordPress bazi podataka. Koristi se za pohranu izgleda administratorskog su\u010delja i mo\u017ee se koristiti za pohranu izgleda glavne stranice. WordPress_logged_in_`{`hash`}` \u2013 Nakon prijave, WordPress aktivira kola\u010di\u0107 wordpress_logged_in_`{`hash`}`, koji ozna\u010dava kada ste se prijavili i tko ste, a koristi se za WordPress su\u010delje. WordPress_`{`hash`}` \u2013 Ovaj kola\u010di\u0107 se aktivira tijekom prijave i pohranjuje detalje autentifikacije. Njegova upotreba je ograni\u010dena na podru\u010dje administracije, \/wp-config\/<\/p>\n<p>Kola\u010di\u0107i tre\u0107ih strana, kao \u0161to su oni koje koriste dru\u0161tvene mre\u017ee ili vanjski dodaci sadr\u017eaja poput Google Maps. _NID, _PREF \u2013 Ovi kola\u010di\u0107i Google Maps bilje\u017ee izvor korisnika, kao i klju\u010dne rije\u010di. HSID, SSID, APISID, SAPISID, BEAT, OTZ, BEAT \u2013 Omogu\u0107uju dijeljenje sadr\u017eaja na dru\u0161tvenim mre\u017eama. __ga, __utma, __utmb, __utmc, __utmv, __utmz, _twitter_sess, external_referer, guest_id \u2013 Ovi kola\u010di\u0107i instalira Twitter za remarketing, pra\u0107enje korisnika i analitiku korisnika.<\/p>\n<p>Analiti\u010dki kola\u010di\u0107i, to su kola\u010di\u0107i koje koristi Google Analytics za analizu, istra\u017eivanje ili statistiku s ciljem pobolj\u0161anja iskustva na web stranici. Kori\u0161tenjem ovih kola\u010di\u0107a mo\u017ee se prikazati relevantnije informacije posjetiteljima. __hstc, hubspotutk, __hssc, __hssrc, __hs_opt_out, __hs_do_not_track, __hs_testcookie, hsPagesViewedThisSession, hsfirstvisit: kola\u010di\u0107i Hubspota, alata za web analitiku, online marketing za analizu kori\u0161tenja i mjerenje na\u0161e web stranice kako bismo pobolj\u0161ali na\u0161e usluge. _utma, _utmb, _utmz, _utmc, _utmt: Glavna svrha je identificirati broj posjeta, razdoblje pretra\u017eivanja, pretra\u017eiva\u010d kori\u0161ten za pristup web stranici, kori\u0161tene klju\u010dne rije\u010di, globalnu lokaciju posjetitelja, sadr\u017eaje posje\u0107ene na web stranici, kao i druge parametre prometa na web stranici, uvijek anonimno. Google pohranjuje ove informacije prikupljene putem kola\u010di\u0107a na na\u010din da se nijedan korisnik ne identificira. _hjIncludedInSample i _hjUserId: kola\u010di\u0107i Hotjara, alata za web analitiku, za analizu kori\u0161tenja i mjerenje na\u0161e web stranice kako bismo pobolj\u0161ali na\u0161e usluge.<\/p>\n<p>Analiti\u010dki kola\u010di\u0107i, to su kola\u010di\u0107i koje koristi Google Analytics za analizu, istra\u017eivanje ili statistiku s ciljem pobolj\u0161anja iskustva na web stranici. Kori\u0161tenjem ovih kola\u010di\u0107a mo\u017ee se prikazati relevantnije informacije posjetiteljima. __hstc, hubspotutk, __hssc, __hssrc, __hs_opt_out, __hs_do_not_track, __hs_testcookie, hsPagesViewedThisSession, hsfirstvisit: kola\u010di\u0107i Hubspota, alata za web analitiku, online marketing za analizu kori\u0161tenja i mjerenje na\u0161e web stranice kako bismo pobolj\u0161ali na\u0161e usluge. _utma, _utmb, _utmz, _utmc, _utmt: Glavna svrha je identificirati broj posjeta, razdoblje pretra\u017eivanja, pretra\u017eiva\u010d kori\u0161ten za pristup web stranici, kori\u0161tene klju\u010dne rije\u010di, globalnu lokaciju posjetitelja, sadr\u017eaje posje\u0107ene na web stranici, kao i druge parametre prometa na web stranici, uvijek anonimno. Google pohranjuje ove informacije prikupljene putem kola\u010di\u0107a na na\u010din da se nijedan korisnik ne identificira. _hjIncludedInSample i _hjUserId: kola\u010di\u0107i Hotjara, alata za web analitiku, za analizu kori\u0161tenja i mjerenje na\u0161e web stranice kako bismo pobolj\u0161ali na\u0161e usluge.<\/p>\n<p>Na temelju opcije koju odaberete u vezi s kori\u0161tenjem kola\u010di\u0107a na ovoj web stranici, bit \u0107e vam poslan dodatni kola\u010di\u0107 kako biste sa\u010duvali svoj izbor i kako ne biste morali prihvatiti kori\u0161tenje kola\u010di\u0107a svaki put kada pristupite na\u0161oj web stranici. Cilj ove liste kola\u010di\u0107a je pomo\u0107i vam da prepoznate kola\u010di\u0107e pohranjene u va\u0161em pregledniku kada posjetite na\u0161u web stranicu ili kada vidite na\u0161e oglase na drugim stranicama. Poku\u0161ali smo uklju\u010diti sve kola\u010di\u0107e koje koristimo, kako mi, tako i na\u0161i tehnolo\u0161ki partneri, ali imajte na umu da ponekad mo\u017eemo kasniti s a\u017euriranjem popisa. Ako primijetite bilo kakvu neslaganje ili smatrate da neki kola\u010di\u0107 nedostaje, slobodno nam javite.<\/p>\n<div style=\"height:100px\" aria-hidden=\"true\" class=\"wp-block-spacer\"><\/div>\n","protected":false},"excerpt":{"rendered":"<p>Ova web stranica je u vlasni\u0161tvu NEGOCIOS INTELIGENTES 7 EXPERIENCE S.L.. Pristupom ovoj stranici prihva\u0107ate politiku privatnosti. U skladu s \u010dlankom 10. Zakona 34\/2002, od 11. srpnja, o uslugama informacijskog dru\u0161tva i elektroni\u010dkoj trgovini (LSSI) iznose se identifikacijski podaci. \u0160to su kola\u010di\u0107i? Kola\u010di\u0107 je datoteka koja se preuzima na va\u0161e ra\u010dunalo ili ure\u0111aj prilikom pristupa &#8230; <a title=\"Politika kola\u010di\u0107a\" class=\"read-more\" href=\"https:\/\/v2charge.com\/hr\/politika-kola-i-a\/\" aria-label=\"Read more about Politika kola\u010di\u0107a\">Read more<\/a><\/p>\n","protected":false},"author":1,"featured_media":170354,"parent":0,"menu_order":0,"comment_status":"closed","ping_status":"closed","template":"","meta":{"_eb_attr":"","content-type":"","_uag_custom_page_level_css":"","footnotes":""},"class_list":["post-322318","page","type-page","status-publish","has-post-thumbnail"],"yoast_head":"<!-- This site is optimized with the Yoast SEO plugin v25.3.1 - https:\/\/yoast.com\/wordpress\/plugins\/seo\/ -->\n<title>Cookies | V2C Punja\u010di za Elektri\u010dna Vozila<\/title>\n<meta name=\"robots\" content=\"noindex, follow\" \/>\n<meta property=\"og:locale\" content=\"hr_HR\" \/>\n<meta property=\"og:type\" content=\"article\" \/>\n<meta property=\"og:title\" content=\"Cookies | V2C Punja\u010di za Elektri\u010dna Vozila\" \/>\n<meta property=\"og:description\" content=\"Ova web stranica je u vlasni\u0161tvu NEGOCIOS INTELIGENTES 7 EXPERIENCE S.L.. Pristupom ovoj stranici prihva\u0107ate politiku privatnosti. U skladu s \u010dlankom 10. Zakona 34\/2002, od 11. srpnja, o uslugama informacijskog dru\u0161tva i elektroni\u010dkoj trgovini (LSSI) iznose se identifikacijski podaci. \u0160to su kola\u010di\u0107i? Kola\u010di\u0107 je datoteka koja se preuzima na va\u0161e ra\u010dunalo ili ure\u0111aj prilikom pristupa ... Read more\" \/>\n<meta property=\"og:url\" content=\"https:\/\/v2charge.com\/hr\/politika-kola-i-a\/\" \/>\n<meta property=\"og:site_name\" content=\"V2C\" \/>\n<meta property=\"article:publisher\" content=\"https:\/\/www.facebook.com\/V2C.Charge\" \/>\n<meta property=\"article:modified_time\" content=\"2023-05-24T10:41:00+00:00\" \/>\n<meta property=\"og:image\" content=\"https:\/\/v2charge.com\/wp-content\/uploads\/2024\/07\/v2c-electric-chargers.jpg\" \/>\n\t<meta property=\"og:image:width\" content=\"1200\" \/>\n\t<meta property=\"og:image:height\" content=\"675\" \/>\n\t<meta property=\"og:image:type\" content=\"image\/jpeg\" \/>\n<meta name=\"twitter:card\" content=\"summary_large_image\" \/>\n<meta name=\"twitter:site\" content=\"@V2C_Charge\" \/>\n<meta name=\"twitter:label1\" content=\"Est. reading time\" \/>\n\t<meta name=\"twitter:data1\" content=\"9 minuta\" \/>\n<script type=\"application\/ld+json\" class=\"yoast-schema-graph\">{\"@context\":\"https:\/\/schema.org\",\"@graph\":[{\"@type\":\"WebPage\",\"@id\":\"https:\/\/v2charge.com\/hr\/politika-kola-i-a\/\",\"url\":\"https:\/\/v2charge.com\/hr\/politika-kola-i-a\/\",\"name\":\"Cookies | V2C Punja\u010di za Elektri\u010dna Vozila\",\"isPartOf\":{\"@id\":\"https:\/\/v2charge.com\/hr\/#website\"},\"primaryImageOfPage\":{\"@id\":\"https:\/\/v2charge.com\/hr\/politika-kola-i-a\/#primaryimage\"},\"image\":{\"@id\":\"https:\/\/v2charge.com\/hr\/politika-kola-i-a\/#primaryimage\"},\"thumbnailUrl\":\"https:\/\/v2charge.com\/wp-content\/uploads\/2024\/07\/v2c-electric-chargers.jpg\",\"datePublished\":\"2018-06-01T09:43:28+00:00\",\"dateModified\":\"2023-05-24T10:41:00+00:00\",\"breadcrumb\":{\"@id\":\"https:\/\/v2charge.com\/hr\/politika-kola-i-a\/#breadcrumb\"},\"inLanguage\":\"hr\",\"potentialAction\":[{\"@type\":\"ReadAction\",\"target\":[\"https:\/\/v2charge.com\/hr\/politika-kola-i-a\/\"]}]},{\"@type\":\"ImageObject\",\"inLanguage\":\"hr\",\"@id\":\"https:\/\/v2charge.com\/hr\/politika-kola-i-a\/#primaryimage\",\"url\":\"https:\/\/v2charge.com\/wp-content\/uploads\/2024\/07\/v2c-electric-chargers.jpg\",\"contentUrl\":\"https:\/\/v2charge.com\/wp-content\/uploads\/2024\/07\/v2c-electric-chargers.jpg\",\"width\":1200,\"height\":675,\"caption\":\"V2C Electric Chargers\"},{\"@type\":\"BreadcrumbList\",\"@id\":\"https:\/\/v2charge.com\/hr\/politika-kola-i-a\/#breadcrumb\",\"itemListElement\":[{\"@type\":\"ListItem\",\"position\":1,\"name\":\"V2C\",\"item\":\"https:\/\/v2charge.com\/hr\/\"},{\"@type\":\"ListItem\",\"position\":2,\"name\":\"Politika kola\u010di\u0107a\"}]},{\"@type\":\"WebSite\",\"@id\":\"https:\/\/v2charge.com\/hr\/#website\",\"url\":\"https:\/\/v2charge.com\/hr\/\",\"name\":\"V2C\",\"description\":\"#CargandoElMa\u00f1ana\",\"publisher\":{\"@id\":\"https:\/\/v2charge.com\/hr\/#organization\"},\"potentialAction\":[{\"@type\":\"SearchAction\",\"target\":{\"@type\":\"EntryPoint\",\"urlTemplate\":\"https:\/\/v2charge.com\/hr\/?s={search_term_string}\"},\"query-input\":{\"@type\":\"PropertyValueSpecification\",\"valueRequired\":true,\"valueName\":\"search_term_string\"}}],\"inLanguage\":\"hr\"},{\"@type\":\"Organization\",\"@id\":\"https:\/\/v2charge.com\/hr\/#organization\",\"name\":\"V2C\",\"url\":\"https:\/\/v2charge.com\/hr\/\",\"logo\":{\"@type\":\"ImageObject\",\"inLanguage\":\"hr\",\"@id\":\"https:\/\/v2charge.com\/hr\/#\/schema\/logo\/image\/\",\"url\":\"https:\/\/v2charge.com\/wp-content\/uploads\/2024\/11\/cropped-v2c-charge-logo-menu.png\",\"contentUrl\":\"https:\/\/v2charge.com\/wp-content\/uploads\/2024\/11\/cropped-v2c-charge-logo-menu.png\",\"width\":984,\"height\":431,\"caption\":\"V2C\"},\"image\":{\"@id\":\"https:\/\/v2charge.com\/hr\/#\/schema\/logo\/image\/\"},\"sameAs\":[\"https:\/\/www.facebook.com\/V2C.Charge\",\"https:\/\/x.com\/V2C_Charge\",\"https:\/\/www.instagram.com\/v2c.charge\/\",\"https:\/\/www.youtube.com\/@V2C\",\"https:\/\/www.linkedin.com\/company\/v2c-chargers\/\"]}]}<\/script>\n<!-- \/ Yoast SEO plugin. -->","yoast_head_json":{"title":"Cookies | V2C Punja\u010di za Elektri\u010dna Vozila","robots":{"index":"noindex","follow":"follow"},"og_locale":"hr_HR","og_type":"article","og_title":"Cookies | V2C Punja\u010di za Elektri\u010dna Vozila","og_description":"Ova web stranica je u vlasni\u0161tvu NEGOCIOS INTELIGENTES 7 EXPERIENCE S.L.. Pristupom ovoj stranici prihva\u0107ate politiku privatnosti. U skladu s \u010dlankom 10. Zakona 34\/2002, od 11. srpnja, o uslugama informacijskog dru\u0161tva i elektroni\u010dkoj trgovini (LSSI) iznose se identifikacijski podaci. \u0160to su kola\u010di\u0107i? Kola\u010di\u0107 je datoteka koja se preuzima na va\u0161e ra\u010dunalo ili ure\u0111aj prilikom pristupa ... Read more","og_url":"https:\/\/v2charge.com\/hr\/politika-kola-i-a\/","og_site_name":"V2C","article_publisher":"https:\/\/www.facebook.com\/V2C.Charge","article_modified_time":"2023-05-24T10:41:00+00:00","og_image":[{"width":1200,"height":675,"url":"https:\/\/v2charge.com\/wp-content\/uploads\/2024\/07\/v2c-electric-chargers.jpg","type":"image\/jpeg"}],"twitter_card":"summary_large_image","twitter_site":"@V2C_Charge","twitter_misc":{"Est. reading time":"9 minuta"},"schema":{"@context":"https:\/\/schema.org","@graph":[{"@type":"WebPage","@id":"https:\/\/v2charge.com\/hr\/politika-kola-i-a\/","url":"https:\/\/v2charge.com\/hr\/politika-kola-i-a\/","name":"Cookies | V2C Punja\u010di za Elektri\u010dna Vozila","isPartOf":{"@id":"https:\/\/v2charge.com\/hr\/#website"},"primaryImageOfPage":{"@id":"https:\/\/v2charge.com\/hr\/politika-kola-i-a\/#primaryimage"},"image":{"@id":"https:\/\/v2charge.com\/hr\/politika-kola-i-a\/#primaryimage"},"thumbnailUrl":"https:\/\/v2charge.com\/wp-content\/uploads\/2024\/07\/v2c-electric-chargers.jpg","datePublished":"2018-06-01T09:43:28+00:00","dateModified":"2023-05-24T10:41:00+00:00","breadcrumb":{"@id":"https:\/\/v2charge.com\/hr\/politika-kola-i-a\/#breadcrumb"},"inLanguage":"hr","potentialAction":[{"@type":"ReadAction","target":["https:\/\/v2charge.com\/hr\/politika-kola-i-a\/"]}]},{"@type":"ImageObject","inLanguage":"hr","@id":"https:\/\/v2charge.com\/hr\/politika-kola-i-a\/#primaryimage","url":"https:\/\/v2charge.com\/wp-content\/uploads\/2024\/07\/v2c-electric-chargers.jpg","contentUrl":"https:\/\/v2charge.com\/wp-content\/uploads\/2024\/07\/v2c-electric-chargers.jpg","width":1200,"height":675,"caption":"V2C Electric Chargers"},{"@type":"BreadcrumbList","@id":"https:\/\/v2charge.com\/hr\/politika-kola-i-a\/#breadcrumb","itemListElement":[{"@type":"ListItem","position":1,"name":"V2C","item":"https:\/\/v2charge.com\/hr\/"},{"@type":"ListItem","position":2,"name":"Politika kola\u010di\u0107a"}]},{"@type":"WebSite","@id":"https:\/\/v2charge.com\/hr\/#website","url":"https:\/\/v2charge.com\/hr\/","name":"V2C","description":"#CargandoElMa\u00f1ana","publisher":{"@id":"https:\/\/v2charge.com\/hr\/#organization"},"potentialAction":[{"@type":"SearchAction","target":{"@type":"EntryPoint","urlTemplate":"https:\/\/v2charge.com\/hr\/?s={search_term_string}"},"query-input":{"@type":"PropertyValueSpecification","valueRequired":true,"valueName":"search_term_string"}}],"inLanguage":"hr"},{"@type":"Organization","@id":"https:\/\/v2charge.com\/hr\/#organization","name":"V2C","url":"https:\/\/v2charge.com\/hr\/","logo":{"@type":"ImageObject","inLanguage":"hr","@id":"https:\/\/v2charge.com\/hr\/#\/schema\/logo\/image\/","url":"https:\/\/v2charge.com\/wp-content\/uploads\/2024\/11\/cropped-v2c-charge-logo-menu.png","contentUrl":"https:\/\/v2charge.com\/wp-content\/uploads\/2024\/11\/cropped-v2c-charge-logo-menu.png","width":984,"height":431,"caption":"V2C"},"image":{"@id":"https:\/\/v2charge.com\/hr\/#\/schema\/logo\/image\/"},"sameAs":["https:\/\/www.facebook.com\/V2C.Charge","https:\/\/x.com\/V2C_Charge","https:\/\/www.instagram.com\/v2c.charge\/","https:\/\/www.youtube.com\/@V2C","https:\/\/www.linkedin.com\/company\/v2c-chargers\/"]}]}},"uagb_featured_image_src":{"full":["https:\/\/v2charge.com\/wp-content\/uploads\/2024\/07\/v2c-electric-chargers.jpg",1200,675,false],"thumbnail":["https:\/\/v2charge.com\/wp-content\/uploads\/2024\/07\/v2c-electric-chargers-150x150.jpg",150,150,true],"medium":["https:\/\/v2charge.com\/wp-content\/uploads\/2024\/07\/v2c-electric-chargers-300x169.jpg",300,169,true],"medium_large":["https:\/\/v2charge.com\/wp-content\/uploads\/2024\/07\/v2c-electric-chargers-768x432.jpg",768,432,true],"large":["https:\/\/v2charge.com\/wp-content\/uploads\/2024\/07\/v2c-electric-chargers-1024x576.jpg",1024,576,true],"gs-tiny":["https:\/\/v2charge.com\/wp-content\/uploads\/2024\/07\/v2c-electric-chargers.jpg",50,28,false],"xl":["https:\/\/v2charge.com\/wp-content\/uploads\/2024\/07\/v2c-electric-chargers.jpg",1200,675,false],"xxl":["https:\/\/v2charge.com\/wp-content\/uploads\/2024\/07\/v2c-electric-chargers.jpg",1200,675,false],"xxxl":["https:\/\/v2charge.com\/wp-content\/uploads\/2024\/07\/v2c-electric-chargers.jpg",1200,675,false],"xxxxl":["https:\/\/v2charge.com\/wp-content\/uploads\/2024\/07\/v2c-electric-chargers.jpg",1200,675,false],"xxxxxl":["https:\/\/v2charge.com\/wp-content\/uploads\/2024\/07\/v2c-electric-chargers.jpg",1200,675,false],"1536x1536":["https:\/\/v2charge.com\/wp-content\/uploads\/2024\/07\/v2c-electric-chargers.jpg",1200,675,false],"2048x2048":["https:\/\/v2charge.com\/wp-content\/uploads\/2024\/07\/v2c-electric-chargers.jpg",1200,675,false]},"uagb_author_info":{"display_name":"V2C","author_link":"https:\/\/v2charge.com\/hr\/author\/root_k4eu7ki8\/"},"uagb_comment_info":0,"uagb_excerpt":"Ova web stranica je u vlasni\u0161tvu NEGOCIOS INTELIGENTES 7 EXPERIENCE S.L.. Pristupom ovoj stranici prihva\u0107ate politiku privatnosti. U skladu s \u010dlankom 10. Zakona 34\/2002, od 11. srpnja, o uslugama informacijskog dru\u0161tva i elektroni\u010dkoj trgovini (LSSI) iznose se identifikacijski podaci. \u0160to su kola\u010di\u0107i? Kola\u010di\u0107 je datoteka koja se preuzima na va\u0161e ra\u010dunalo ili ure\u0111aj prilikom pristupa&hellip;","_links":{"self":[{"href":"https:\/\/v2charge.com\/hr\/wp-json\/wp\/v2\/pages\/322318","targetHints":{"allow":["GET"]}}],"collection":[{"href":"https:\/\/v2charge.com\/hr\/wp-json\/wp\/v2\/pages"}],"about":[{"href":"https:\/\/v2charge.com\/hr\/wp-json\/wp\/v2\/types\/page"}],"author":[{"embeddable":true,"href":"https:\/\/v2charge.com\/hr\/wp-json\/wp\/v2\/users\/1"}],"replies":[{"embeddable":true,"href":"https:\/\/v2charge.com\/hr\/wp-json\/wp\/v2\/comments?post=322318"}],"version-history":[{"count":0,"href":"https:\/\/v2charge.com\/hr\/wp-json\/wp\/v2\/pages\/322318\/revisions"}],"wp:featuredmedia":[{"embeddable":true,"href":"https:\/\/v2charge.com\/hr\/wp-json\/wp\/v2\/media\/170354"}],"wp:attachment":[{"href":"https:\/\/v2charge.com\/hr\/wp-json\/wp\/v2\/media?parent=322318"}],"curies":[{"name":"wp","href":"https:\/\/api.w.org\/{rel}","templated":true}]}}