{"id":322322,"date":"2021-12-31T13:08:13","date_gmt":"2021-12-31T13:08:13","guid":{"rendered":""},"modified":"2023-10-02T13:21:33","modified_gmt":"2023-10-02T11:21:33","slug":"kako-povezati-svoj-v2c-punja-na-wifi","status":"publish","type":"page","link":"https:\/\/v2charge.com\/hr\/kako-povezati-svoj-v2c-punja-na-wifi\/","title":{"rendered":"Kako povezati svoj V2C punja\u010d na wifi?"},"content":{"rendered":"\n<div style=\"height:60px\" aria-hidden=\"true\" class=\"wp-block-spacer\"><\/div>\n<h1>Kako povezati svoju V2C punionicu na wifi?<\/h1><p>Ovisno o modela koji imate, proces \u0107e se odvijati na jedan ili drugi na\u010din. Ipak, zajedni\u010dko svima je da se mora obaviti putem mobilne aplikacije, a Bluetooth mora biti uklju\u010den.<\/p>\n\n\n<blockquote class=\"wp-block-quote is-layout-flow wp-block-quote-is-layout-flow\"><p>Kori\u0161tenje Bluetooth-a zahtijeva omogu\u0107avanje lokacije na ve\u0107ini Android ure\u0111aja.<\/p><\/blockquote>\n\n\n<p>Veza izme\u0111u punne to\u010dke i aplikacije ostvaruje se putem Bluetootha, <\/p>\n\n\n<ol class=\"wp-block-list\"><li>Prva opcija je postaviti ga tijekom uparivanja ure\u0111aja, (morate imati uklju\u010den Bluetooth i biti na nekoliko metara od njega). Ako uparivanje ne uspije pored ure\u0111aja ili nemate uklju\u010den Bluetooth u tom trenutku, mo\u017eete to presko\u010diti i u\u010diniti kasnije).<\/li>\n\n<li>Druga opcija je putem izbornika.<\/li><\/ol>\n\n\n<p>Ako je punja\u010dka stanica povezana na internet, u aplikaciji \u0107e se prikazati signali u obliku valova. Ako je Bluetooth veza mogu\u0107a, u aplikaciji \u0107e se prikazati simbol za Bluetooth.<\/p>\n\n<div class=\"wp-block-image\">\n<figure class=\"aligncenter size-large is-resized\"><img loading=\"lazy\" decoding=\"async\" src=\"https:\/\/v2charge.com\/wp-content\/uploads\/2022\/12\/v2c-internet-bluetooth-731x1024.jpg\" alt=\"V2C APP Conexiones\" class=\"wp-image-90736\" width=\"366\" height=\"512\" srcset=\"https:\/\/v2charge.com\/wp-content\/uploads\/2022\/12\/v2c-internet-bluetooth-731x1024.jpg 731w, https:\/\/v2charge.com\/wp-content\/uploads\/2022\/12\/v2c-internet-bluetooth-214x300.jpg 214w, https:\/\/v2charge.com\/wp-content\/uploads\/2022\/12\/v2c-internet-bluetooth-768x1075.jpg 768w, https:\/\/v2charge.com\/wp-content\/uploads\/2022\/12\/v2c-internet-bluetooth-1097x1536.jpg 1097w, https:\/\/v2charge.com\/wp-content\/uploads\/2022\/12\/v2c-internet-bluetooth.jpg 1385w\" sizes=\"auto, (max-width: 366px) 100vw, 366px\" \/><\/figure>\n<\/div>\n\n<p>Ako imamo Bluetooth vezu, mo\u017eemo pristupiti ure\u0111aju na njegovom glavnom ekranu. U\u0107i \u0107emo u to\u010dku punjenja u Bluetooth modu. Pristupite kartici postavke.<\/p>\n\n<blockquote class=\"is-layout-flow wp-block-quote-is-layout-flow\"><p>Ure\u0111aji koji se ne mogu koristiti putem bluetootha, izravno \u0107e pristupiti stranici za postavljanje Wifi-a.<\/p><\/blockquote>\n\n\n<figure><img loading=\"lazy\" decoding=\"async\" src=\"https:\/\/v2charge.com\/wp-content\/uploads\/2022\/12\/v2c-app-ajustes-731x1024.jpg\" alt=\"Ajustes V2C App\" width=\"366\" height=\"512\"\/><\/figure>\n\n\n<p>Pristupaju\u0107i izborniku postavki na dnu, mo\u017eemo odabrati WIFI postavke.<\/p>\n\n\n<figure><img loading=\"lazy\" decoding=\"async\" src=\"https:\/\/v2charge.com\/wp-content\/uploads\/2022\/12\/configuracio\u0301n-app-v2c-731x1024.jpg\" alt=\"Configuraci\u00f3n App\" width=\"366\" height=\"512\"\/><\/figure>\n\n\n\n<figure><img loading=\"lazy\" decoding=\"async\" src=\"https:\/\/v2charge.com\/wp-content\/uploads\/2022\/12\/v2c-app-wifi-conectar-731x1024.jpg\" alt=\"V2C App Wi-Fi\" width=\"366\" height=\"512\"\/><\/figure>\n\n\n<p>Na Android ure\u0111ajima, ako je Wifi uklju\u010dena, automatski \u0107e ti prikazati dostupne mre\u017ee, ina\u010de treba\u0161 upisati naziv Wifi SSID, onako kako dolazi s usmjeriva\u010da (po\u0161tuju\u0107i velika i mala slova). Unesi lozinku.<\/p>\n\n<p>Ovisno o opremi, ponovno \u0107e se pokrenuti u tom trenutku. Nakon nekoliko minuta od ponovnog pokretanja, trebao bi se pojaviti punja\u010d s internet vezom u aplikaciji. Ako to nije slu\u010daj, provjerite je li lozinka ispravna. Vi\u0161e informacija o tome kako provjeriti je li moja oprema povezana mo\u017eete prona\u0107i u priru\u010dniku punja\u010da.<\/p>\n\n<blockquote class=\"is-layout-flow wp-block-quote-is-layout-flow\"><p>Uvijek pove\u017eite ure\u0111aj na wifi mre\u017eu koja ima dobar signal ili instalirajte wifi repetitor, ina\u010de \u0107ete imati problema s prekidima veze ili lo\u0161im radom. <\/p><p>Wifi mre\u017ee s nekim oblikom sigurnosne za\u0161tite (firewall), blokadom DHCP-a, zatvaranjem portova itd&#8230; obi\u010dno povezane s tvrtkama, ovu konfiguraciju treba izvr\u0161iti s odgovornom osobom za tehniku. Za vi\u0161e informacija obratite se na\u0161oj korisni\u010dkoj podr\u0161ci. <\/p><\/blockquote>\n\n\n<div style=\"height:60px\" aria-hidden=\"true\" class=\"wp-block-spacer\"><\/div>\n","protected":false},"excerpt":{"rendered":"<p>Kako povezati svoju V2C punionicu na wifi? Ovisno o modela koji imate, proces \u0107e se odvijati na jedan ili drugi na\u010din. Ipak, zajedni\u010dko svima je da se mora obaviti putem mobilne aplikacije, a Bluetooth mora biti uklju\u010den. Kori\u0161tenje Bluetooth-a zahtijeva omogu\u0107avanje lokacije na ve\u0107ini Android ure\u0111aja. Veza izme\u0111u punne to\u010dke i aplikacije ostvaruje se putem &#8230; <a title=\"Kako povezati svoj V2C punja\u010d na wifi?\" class=\"read-more\" href=\"https:\/\/v2charge.com\/hr\/kako-povezati-svoj-v2c-punja-na-wifi\/\" aria-label=\"Read more about Kako povezati svoj V2C punja\u010d na wifi?\">Read more<\/a><\/p>\n","protected":false},"author":1,"featured_media":170354,"parent":0,"menu_order":0,"comment_status":"closed","ping_status":"closed","template":"","meta":{"_eb_attr":"","content-type":"","_uag_custom_page_level_css":"","footnotes":""},"class_list":["post-322322","page","type-page","status-publish","has-post-thumbnail"],"yoast_head":"<!-- This site is optimized with the Yoast SEO plugin v25.3.1 - https:\/\/yoast.com\/wordpress\/plugins\/seo\/ -->\n<title>Kako povezati svoju elektri\u010dnu punionicu na WiFi? | V2C<\/title>\n<meta name=\"description\" content=\"Obja\u0161njavamo kako se va\u0161 V2C elektri\u010dni punja\u010d povezuje na Wifi. U\u017eivajte u najnovijoj tehnologiji s na\u0161im e-Chargerima.\" \/>\n<meta name=\"robots\" content=\"index, follow, max-snippet:-1, max-image-preview:large, max-video-preview:-1\" \/>\n<link rel=\"canonical\" href=\"https:\/\/v2charge.com\/hr\/kako-povezati-svoj-v2c-punja-na-wifi\/\" \/>\n<meta property=\"og:locale\" content=\"hr_HR\" \/>\n<meta property=\"og:type\" content=\"article\" \/>\n<meta property=\"og:title\" content=\"Kako povezati svoju elektri\u010dnu punionicu na WiFi? | V2C\" \/>\n<meta property=\"og:description\" content=\"Obja\u0161njavamo kako se va\u0161 V2C elektri\u010dni punja\u010d povezuje na Wifi. U\u017eivajte u najnovijoj tehnologiji s na\u0161im e-Chargerima.\" \/>\n<meta property=\"og:url\" content=\"https:\/\/v2charge.com\/hr\/kako-povezati-svoj-v2c-punja-na-wifi\/\" \/>\n<meta property=\"og:site_name\" content=\"V2C\" \/>\n<meta property=\"article:publisher\" content=\"https:\/\/www.facebook.com\/V2C.Charge\" \/>\n<meta property=\"article:modified_time\" content=\"2023-10-02T11:21:33+00:00\" \/>\n<meta property=\"og:image\" content=\"https:\/\/v2charge.com\/wp-content\/uploads\/2024\/07\/v2c-electric-chargers.jpg\" \/>\n\t<meta property=\"og:image:width\" content=\"1200\" \/>\n\t<meta property=\"og:image:height\" content=\"675\" \/>\n\t<meta property=\"og:image:type\" content=\"image\/jpeg\" \/>\n<meta name=\"twitter:card\" content=\"summary_large_image\" \/>\n<meta name=\"twitter:site\" content=\"@V2C_Charge\" \/>\n<meta name=\"twitter:label1\" content=\"Est. reading time\" \/>\n\t<meta name=\"twitter:data1\" content=\"3 minute\" \/>\n<script type=\"application\/ld+json\" class=\"yoast-schema-graph\">{\"@context\":\"https:\/\/schema.org\",\"@graph\":[{\"@type\":\"WebPage\",\"@id\":\"https:\/\/v2charge.com\/hr\/kako-povezati-svoj-v2c-punja-na-wifi\/\",\"url\":\"https:\/\/v2charge.com\/hr\/kako-povezati-svoj-v2c-punja-na-wifi\/\",\"name\":\"Kako povezati svoju elektri\u010dnu punionicu na WiFi? | V2C\",\"isPartOf\":{\"@id\":\"https:\/\/v2charge.com\/hr\/#website\"},\"primaryImageOfPage\":{\"@id\":\"https:\/\/v2charge.com\/hr\/kako-povezati-svoj-v2c-punja-na-wifi\/#primaryimage\"},\"image\":{\"@id\":\"https:\/\/v2charge.com\/hr\/kako-povezati-svoj-v2c-punja-na-wifi\/#primaryimage\"},\"thumbnailUrl\":\"https:\/\/v2charge.com\/wp-content\/uploads\/2024\/07\/v2c-electric-chargers.jpg\",\"datePublished\":\"2021-12-31T13:08:13+00:00\",\"dateModified\":\"2023-10-02T11:21:33+00:00\",\"description\":\"Obja\u0161njavamo kako se va\u0161 V2C elektri\u010dni punja\u010d povezuje na Wifi. U\u017eivajte u najnovijoj tehnologiji s na\u0161im e-Chargerima.\",\"breadcrumb\":{\"@id\":\"https:\/\/v2charge.com\/hr\/kako-povezati-svoj-v2c-punja-na-wifi\/#breadcrumb\"},\"inLanguage\":\"hr\",\"potentialAction\":[{\"@type\":\"ReadAction\",\"target\":[\"https:\/\/v2charge.com\/hr\/kako-povezati-svoj-v2c-punja-na-wifi\/\"]}]},{\"@type\":\"ImageObject\",\"inLanguage\":\"hr\",\"@id\":\"https:\/\/v2charge.com\/hr\/kako-povezati-svoj-v2c-punja-na-wifi\/#primaryimage\",\"url\":\"https:\/\/v2charge.com\/wp-content\/uploads\/2024\/07\/v2c-electric-chargers.jpg\",\"contentUrl\":\"https:\/\/v2charge.com\/wp-content\/uploads\/2024\/07\/v2c-electric-chargers.jpg\",\"width\":1200,\"height\":675,\"caption\":\"V2C Electric Chargers\"},{\"@type\":\"BreadcrumbList\",\"@id\":\"https:\/\/v2charge.com\/hr\/kako-povezati-svoj-v2c-punja-na-wifi\/#breadcrumb\",\"itemListElement\":[{\"@type\":\"ListItem\",\"position\":1,\"name\":\"V2C\",\"item\":\"https:\/\/v2charge.com\/hr\/\"},{\"@type\":\"ListItem\",\"position\":2,\"name\":\"Kako povezati svoj V2C punja\u010d na wifi?\"}]},{\"@type\":\"WebSite\",\"@id\":\"https:\/\/v2charge.com\/hr\/#website\",\"url\":\"https:\/\/v2charge.com\/hr\/\",\"name\":\"V2C\",\"description\":\"#CargandoElMa\u00f1ana\",\"publisher\":{\"@id\":\"https:\/\/v2charge.com\/hr\/#organization\"},\"potentialAction\":[{\"@type\":\"SearchAction\",\"target\":{\"@type\":\"EntryPoint\",\"urlTemplate\":\"https:\/\/v2charge.com\/hr\/?s={search_term_string}\"},\"query-input\":{\"@type\":\"PropertyValueSpecification\",\"valueRequired\":true,\"valueName\":\"search_term_string\"}}],\"inLanguage\":\"hr\"},{\"@type\":\"Organization\",\"@id\":\"https:\/\/v2charge.com\/hr\/#organization\",\"name\":\"V2C\",\"url\":\"https:\/\/v2charge.com\/hr\/\",\"logo\":{\"@type\":\"ImageObject\",\"inLanguage\":\"hr\",\"@id\":\"https:\/\/v2charge.com\/hr\/#\/schema\/logo\/image\/\",\"url\":\"https:\/\/v2charge.com\/wp-content\/uploads\/2024\/11\/cropped-v2c-charge-logo-menu.png\",\"contentUrl\":\"https:\/\/v2charge.com\/wp-content\/uploads\/2024\/11\/cropped-v2c-charge-logo-menu.png\",\"width\":984,\"height\":431,\"caption\":\"V2C\"},\"image\":{\"@id\":\"https:\/\/v2charge.com\/hr\/#\/schema\/logo\/image\/\"},\"sameAs\":[\"https:\/\/www.facebook.com\/V2C.Charge\",\"https:\/\/x.com\/V2C_Charge\",\"https:\/\/www.instagram.com\/v2c.charge\/\",\"https:\/\/www.youtube.com\/@V2C\",\"https:\/\/www.linkedin.com\/company\/v2c-chargers\/\"]}]}<\/script>\n<!-- \/ Yoast SEO plugin. -->","yoast_head_json":{"title":"Kako povezati svoju elektri\u010dnu punionicu na WiFi? | V2C","description":"Obja\u0161njavamo kako se va\u0161 V2C elektri\u010dni punja\u010d povezuje na Wifi. U\u017eivajte u najnovijoj tehnologiji s na\u0161im e-Chargerima.","robots":{"index":"index","follow":"follow","max-snippet":"max-snippet:-1","max-image-preview":"max-image-preview:large","max-video-preview":"max-video-preview:-1"},"canonical":"https:\/\/v2charge.com\/hr\/kako-povezati-svoj-v2c-punja-na-wifi\/","og_locale":"hr_HR","og_type":"article","og_title":"Kako povezati svoju elektri\u010dnu punionicu na WiFi? | V2C","og_description":"Obja\u0161njavamo kako se va\u0161 V2C elektri\u010dni punja\u010d povezuje na Wifi. U\u017eivajte u najnovijoj tehnologiji s na\u0161im e-Chargerima.","og_url":"https:\/\/v2charge.com\/hr\/kako-povezati-svoj-v2c-punja-na-wifi\/","og_site_name":"V2C","article_publisher":"https:\/\/www.facebook.com\/V2C.Charge","article_modified_time":"2023-10-02T11:21:33+00:00","og_image":[{"width":1200,"height":675,"url":"https:\/\/v2charge.com\/wp-content\/uploads\/2024\/07\/v2c-electric-chargers.jpg","type":"image\/jpeg"}],"twitter_card":"summary_large_image","twitter_site":"@V2C_Charge","twitter_misc":{"Est. reading time":"3 minute"},"schema":{"@context":"https:\/\/schema.org","@graph":[{"@type":"WebPage","@id":"https:\/\/v2charge.com\/hr\/kako-povezati-svoj-v2c-punja-na-wifi\/","url":"https:\/\/v2charge.com\/hr\/kako-povezati-svoj-v2c-punja-na-wifi\/","name":"Kako povezati svoju elektri\u010dnu punionicu na WiFi? | V2C","isPartOf":{"@id":"https:\/\/v2charge.com\/hr\/#website"},"primaryImageOfPage":{"@id":"https:\/\/v2charge.com\/hr\/kako-povezati-svoj-v2c-punja-na-wifi\/#primaryimage"},"image":{"@id":"https:\/\/v2charge.com\/hr\/kako-povezati-svoj-v2c-punja-na-wifi\/#primaryimage"},"thumbnailUrl":"https:\/\/v2charge.com\/wp-content\/uploads\/2024\/07\/v2c-electric-chargers.jpg","datePublished":"2021-12-31T13:08:13+00:00","dateModified":"2023-10-02T11:21:33+00:00","description":"Obja\u0161njavamo kako se va\u0161 V2C elektri\u010dni punja\u010d povezuje na Wifi. U\u017eivajte u najnovijoj tehnologiji s na\u0161im e-Chargerima.","breadcrumb":{"@id":"https:\/\/v2charge.com\/hr\/kako-povezati-svoj-v2c-punja-na-wifi\/#breadcrumb"},"inLanguage":"hr","potentialAction":[{"@type":"ReadAction","target":["https:\/\/v2charge.com\/hr\/kako-povezati-svoj-v2c-punja-na-wifi\/"]}]},{"@type":"ImageObject","inLanguage":"hr","@id":"https:\/\/v2charge.com\/hr\/kako-povezati-svoj-v2c-punja-na-wifi\/#primaryimage","url":"https:\/\/v2charge.com\/wp-content\/uploads\/2024\/07\/v2c-electric-chargers.jpg","contentUrl":"https:\/\/v2charge.com\/wp-content\/uploads\/2024\/07\/v2c-electric-chargers.jpg","width":1200,"height":675,"caption":"V2C Electric Chargers"},{"@type":"BreadcrumbList","@id":"https:\/\/v2charge.com\/hr\/kako-povezati-svoj-v2c-punja-na-wifi\/#breadcrumb","itemListElement":[{"@type":"ListItem","position":1,"name":"V2C","item":"https:\/\/v2charge.com\/hr\/"},{"@type":"ListItem","position":2,"name":"Kako povezati svoj V2C punja\u010d na wifi?"}]},{"@type":"WebSite","@id":"https:\/\/v2charge.com\/hr\/#website","url":"https:\/\/v2charge.com\/hr\/","name":"V2C","description":"#CargandoElMa\u00f1ana","publisher":{"@id":"https:\/\/v2charge.com\/hr\/#organization"},"potentialAction":[{"@type":"SearchAction","target":{"@type":"EntryPoint","urlTemplate":"https:\/\/v2charge.com\/hr\/?s={search_term_string}"},"query-input":{"@type":"PropertyValueSpecification","valueRequired":true,"valueName":"search_term_string"}}],"inLanguage":"hr"},{"@type":"Organization","@id":"https:\/\/v2charge.com\/hr\/#organization","name":"V2C","url":"https:\/\/v2charge.com\/hr\/","logo":{"@type":"ImageObject","inLanguage":"hr","@id":"https:\/\/v2charge.com\/hr\/#\/schema\/logo\/image\/","url":"https:\/\/v2charge.com\/wp-content\/uploads\/2024\/11\/cropped-v2c-charge-logo-menu.png","contentUrl":"https:\/\/v2charge.com\/wp-content\/uploads\/2024\/11\/cropped-v2c-charge-logo-menu.png","width":984,"height":431,"caption":"V2C"},"image":{"@id":"https:\/\/v2charge.com\/hr\/#\/schema\/logo\/image\/"},"sameAs":["https:\/\/www.facebook.com\/V2C.Charge","https:\/\/x.com\/V2C_Charge","https:\/\/www.instagram.com\/v2c.charge\/","https:\/\/www.youtube.com\/@V2C","https:\/\/www.linkedin.com\/company\/v2c-chargers\/"]}]}},"uagb_featured_image_src":{"full":["https:\/\/v2charge.com\/wp-content\/uploads\/2024\/07\/v2c-electric-chargers.jpg",1200,675,false],"thumbnail":["https:\/\/v2charge.com\/wp-content\/uploads\/2024\/07\/v2c-electric-chargers-150x150.jpg",150,150,true],"medium":["https:\/\/v2charge.com\/wp-content\/uploads\/2024\/07\/v2c-electric-chargers-300x169.jpg",300,169,true],"medium_large":["https:\/\/v2charge.com\/wp-content\/uploads\/2024\/07\/v2c-electric-chargers-768x432.jpg",768,432,true],"large":["https:\/\/v2charge.com\/wp-content\/uploads\/2024\/07\/v2c-electric-chargers-1024x576.jpg",1024,576,true],"gs-tiny":["https:\/\/v2charge.com\/wp-content\/uploads\/2024\/07\/v2c-electric-chargers.jpg",50,28,false],"xl":["https:\/\/v2charge.com\/wp-content\/uploads\/2024\/07\/v2c-electric-chargers.jpg",1200,675,false],"xxl":["https:\/\/v2charge.com\/wp-content\/uploads\/2024\/07\/v2c-electric-chargers.jpg",1200,675,false],"xxxl":["https:\/\/v2charge.com\/wp-content\/uploads\/2024\/07\/v2c-electric-chargers.jpg",1200,675,false],"xxxxl":["https:\/\/v2charge.com\/wp-content\/uploads\/2024\/07\/v2c-electric-chargers.jpg",1200,675,false],"xxxxxl":["https:\/\/v2charge.com\/wp-content\/uploads\/2024\/07\/v2c-electric-chargers.jpg",1200,675,false],"1536x1536":["https:\/\/v2charge.com\/wp-content\/uploads\/2024\/07\/v2c-electric-chargers.jpg",1200,675,false],"2048x2048":["https:\/\/v2charge.com\/wp-content\/uploads\/2024\/07\/v2c-electric-chargers.jpg",1200,675,false]},"uagb_author_info":{"display_name":"V2C","author_link":"https:\/\/v2charge.com\/hr\/author\/root_k4eu7ki8\/"},"uagb_comment_info":0,"uagb_excerpt":"Kako povezati svoju V2C punionicu na wifi? Ovisno o modela koji imate, proces \u0107e se odvijati na jedan ili drugi na\u010din. Ipak, zajedni\u010dko svima je da se mora obaviti putem mobilne aplikacije, a Bluetooth mora biti uklju\u010den. Kori\u0161tenje Bluetooth-a zahtijeva omogu\u0107avanje lokacije na ve\u0107ini Android ure\u0111aja. Veza izme\u0111u punne to\u010dke i aplikacije ostvaruje se putem&hellip;","_links":{"self":[{"href":"https:\/\/v2charge.com\/hr\/wp-json\/wp\/v2\/pages\/322322","targetHints":{"allow":["GET"]}}],"collection":[{"href":"https:\/\/v2charge.com\/hr\/wp-json\/wp\/v2\/pages"}],"about":[{"href":"https:\/\/v2charge.com\/hr\/wp-json\/wp\/v2\/types\/page"}],"author":[{"embeddable":true,"href":"https:\/\/v2charge.com\/hr\/wp-json\/wp\/v2\/users\/1"}],"replies":[{"embeddable":true,"href":"https:\/\/v2charge.com\/hr\/wp-json\/wp\/v2\/comments?post=322322"}],"version-history":[{"count":0,"href":"https:\/\/v2charge.com\/hr\/wp-json\/wp\/v2\/pages\/322322\/revisions"}],"wp:featuredmedia":[{"embeddable":true,"href":"https:\/\/v2charge.com\/hr\/wp-json\/wp\/v2\/media\/170354"}],"wp:attachment":[{"href":"https:\/\/v2charge.com\/hr\/wp-json\/wp\/v2\/media?parent=322322"}],"curies":[{"name":"wp","href":"https:\/\/api.w.org\/{rel}","templated":true}]}}