{"id":322328,"date":"2022-01-24T22:32:04","date_gmt":"2022-01-24T22:32:04","guid":{"rendered":""},"modified":"2023-07-19T09:13:26","modified_gmt":"2023-07-19T09:13:26","slug":"za-to-moj-punja-smanjuje-snagu-punjenja-tijekom-posljednje","status":"publish","type":"page","link":"https:\/\/v2charge.com\/hr\/za-to-moj-punja-smanjuje-snagu-punjenja-tijekom-posljednje\/","title":{"rendered":"Za\u0161to moj punja\u010d smanjuje snagu punjenja tijekom posljednje minute punjenja?"},"content":{"rendered":"<p>Kako bismo maksimalno produ\u017eili vijek trajanja va\u0161eg punja\u010da, izbjegavamo ve\u0107inu situacija u kojima mo\u017ee do\u0107i do elektri\u010dnih lukova na kontaktima. Zato, kada znamo kada \u0107e punjenje zavr\u0161iti, smanjujemo snagu punjenja na minimum, izbjegavaju\u0107i elektri\u010dni luk na otvaranju.  <\/p>\n<div style=\"height:100px\" aria-hidden=\"true\" class=\"wp-block-spacer\"><\/div>\n","protected":false},"excerpt":{"rendered":"<p>Kako bismo maksimalno produ\u017eili vijek trajanja va\u0161eg punja\u010da, izbjegavamo ve\u0107inu situacija u kojima mo\u017ee do\u0107i do elektri\u010dnih lukova na kontaktima. Zato, kada znamo kada \u0107e punjenje zavr\u0161iti, smanjujemo snagu punjenja na minimum, izbjegavaju\u0107i elektri\u010dni luk na otvaranju.<\/p>\n","protected":false},"author":1,"featured_media":170354,"parent":0,"menu_order":0,"comment_status":"closed","ping_status":"closed","template":"","meta":{"_eb_attr":"","content-type":"","_uag_custom_page_level_css":"","footnotes":""},"class_list":["post-322328","page","type-page","status-publish","has-post-thumbnail"],"yoast_head":"<!-- This site is optimized with the Yoast SEO plugin v25.3.1 - https:\/\/yoast.com\/wordpress\/plugins\/seo\/ -->\n<title>Za\u0161to moj e-Charger smanjuje snagu u posljednjoj minuti? | V2C<\/title>\n<meta name=\"description\" content=\"Obja\u0161njavamo za\u0161to tvoja punna stanica smanjuje snagu tijekom posljednje minute punjenja: Na\u010din za produ\u017eenje vijeka trajanja punja\u010da.\" \/>\n<meta name=\"robots\" content=\"index, follow, max-snippet:-1, max-image-preview:large, max-video-preview:-1\" \/>\n<link rel=\"canonical\" href=\"https:\/\/v2charge.com\/hr\/za-to-moj-punja-smanjuje-snagu-punjenja-tijekom-posljednje\/\" \/>\n<meta property=\"og:locale\" content=\"hr_HR\" \/>\n<meta property=\"og:type\" content=\"article\" \/>\n<meta property=\"og:title\" content=\"Za\u0161to moj e-Charger smanjuje snagu u posljednjoj minuti? | V2C\" \/>\n<meta property=\"og:description\" content=\"Obja\u0161njavamo za\u0161to tvoja punna stanica smanjuje snagu tijekom posljednje minute punjenja: Na\u010din za produ\u017eenje vijeka trajanja punja\u010da.\" \/>\n<meta property=\"og:url\" content=\"https:\/\/v2charge.com\/hr\/za-to-moj-punja-smanjuje-snagu-punjenja-tijekom-posljednje\/\" \/>\n<meta property=\"og:site_name\" content=\"V2C\" \/>\n<meta property=\"article:publisher\" content=\"https:\/\/www.facebook.com\/V2C.Charge\" \/>\n<meta property=\"article:modified_time\" content=\"2023-07-19T09:13:26+00:00\" \/>\n<meta property=\"og:image\" content=\"https:\/\/v2charge.com\/wp-content\/uploads\/2024\/07\/v2c-electric-chargers.jpg\" \/>\n\t<meta property=\"og:image:width\" content=\"1200\" \/>\n\t<meta property=\"og:image:height\" content=\"675\" \/>\n\t<meta property=\"og:image:type\" content=\"image\/jpeg\" \/>\n<meta name=\"twitter:card\" content=\"summary_large_image\" \/>\n<meta name=\"twitter:site\" content=\"@V2C_Charge\" \/>\n<meta name=\"twitter:label1\" content=\"Est. reading time\" \/>\n\t<meta name=\"twitter:data1\" content=\"1 minuta\" \/>\n<script type=\"application\/ld+json\" class=\"yoast-schema-graph\">{\"@context\":\"https:\/\/schema.org\",\"@graph\":[{\"@type\":\"WebPage\",\"@id\":\"https:\/\/v2charge.com\/hr\/za-to-moj-punja-smanjuje-snagu-punjenja-tijekom-posljednje\/\",\"url\":\"https:\/\/v2charge.com\/hr\/za-to-moj-punja-smanjuje-snagu-punjenja-tijekom-posljednje\/\",\"name\":\"Za\u0161to moj e-Charger smanjuje snagu u posljednjoj minuti? | V2C\",\"isPartOf\":{\"@id\":\"https:\/\/v2charge.com\/hr\/#website\"},\"primaryImageOfPage\":{\"@id\":\"https:\/\/v2charge.com\/hr\/za-to-moj-punja-smanjuje-snagu-punjenja-tijekom-posljednje\/#primaryimage\"},\"image\":{\"@id\":\"https:\/\/v2charge.com\/hr\/za-to-moj-punja-smanjuje-snagu-punjenja-tijekom-posljednje\/#primaryimage\"},\"thumbnailUrl\":\"https:\/\/v2charge.com\/wp-content\/uploads\/2024\/07\/v2c-electric-chargers.jpg\",\"datePublished\":\"2022-01-24T22:32:04+00:00\",\"dateModified\":\"2023-07-19T09:13:26+00:00\",\"description\":\"Obja\u0161njavamo za\u0161to tvoja punna stanica smanjuje snagu tijekom posljednje minute punjenja: Na\u010din za produ\u017eenje vijeka trajanja punja\u010da.\",\"breadcrumb\":{\"@id\":\"https:\/\/v2charge.com\/hr\/za-to-moj-punja-smanjuje-snagu-punjenja-tijekom-posljednje\/#breadcrumb\"},\"inLanguage\":\"hr\",\"potentialAction\":[{\"@type\":\"ReadAction\",\"target\":[\"https:\/\/v2charge.com\/hr\/za-to-moj-punja-smanjuje-snagu-punjenja-tijekom-posljednje\/\"]}]},{\"@type\":\"ImageObject\",\"inLanguage\":\"hr\",\"@id\":\"https:\/\/v2charge.com\/hr\/za-to-moj-punja-smanjuje-snagu-punjenja-tijekom-posljednje\/#primaryimage\",\"url\":\"https:\/\/v2charge.com\/wp-content\/uploads\/2024\/07\/v2c-electric-chargers.jpg\",\"contentUrl\":\"https:\/\/v2charge.com\/wp-content\/uploads\/2024\/07\/v2c-electric-chargers.jpg\",\"width\":1200,\"height\":675,\"caption\":\"V2C Electric Chargers\"},{\"@type\":\"BreadcrumbList\",\"@id\":\"https:\/\/v2charge.com\/hr\/za-to-moj-punja-smanjuje-snagu-punjenja-tijekom-posljednje\/#breadcrumb\",\"itemListElement\":[{\"@type\":\"ListItem\",\"position\":1,\"name\":\"V2C\",\"item\":\"https:\/\/v2charge.com\/hr\/\"},{\"@type\":\"ListItem\",\"position\":2,\"name\":\"Za\u0161to moj punja\u010d smanjuje snagu punjenja tijekom posljednje minute punjenja?\"}]},{\"@type\":\"WebSite\",\"@id\":\"https:\/\/v2charge.com\/hr\/#website\",\"url\":\"https:\/\/v2charge.com\/hr\/\",\"name\":\"V2C\",\"description\":\"#CargandoElMa\u00f1ana\",\"publisher\":{\"@id\":\"https:\/\/v2charge.com\/hr\/#organization\"},\"potentialAction\":[{\"@type\":\"SearchAction\",\"target\":{\"@type\":\"EntryPoint\",\"urlTemplate\":\"https:\/\/v2charge.com\/hr\/?s={search_term_string}\"},\"query-input\":{\"@type\":\"PropertyValueSpecification\",\"valueRequired\":true,\"valueName\":\"search_term_string\"}}],\"inLanguage\":\"hr\"},{\"@type\":\"Organization\",\"@id\":\"https:\/\/v2charge.com\/hr\/#organization\",\"name\":\"V2C\",\"url\":\"https:\/\/v2charge.com\/hr\/\",\"logo\":{\"@type\":\"ImageObject\",\"inLanguage\":\"hr\",\"@id\":\"https:\/\/v2charge.com\/hr\/#\/schema\/logo\/image\/\",\"url\":\"https:\/\/v2charge.com\/wp-content\/uploads\/2024\/11\/cropped-v2c-charge-logo-menu.png\",\"contentUrl\":\"https:\/\/v2charge.com\/wp-content\/uploads\/2024\/11\/cropped-v2c-charge-logo-menu.png\",\"width\":984,\"height\":431,\"caption\":\"V2C\"},\"image\":{\"@id\":\"https:\/\/v2charge.com\/hr\/#\/schema\/logo\/image\/\"},\"sameAs\":[\"https:\/\/www.facebook.com\/V2C.Charge\",\"https:\/\/x.com\/V2C_Charge\",\"https:\/\/www.instagram.com\/v2c.charge\/\",\"https:\/\/www.youtube.com\/@V2C\",\"https:\/\/www.linkedin.com\/company\/v2c-chargers\/\"]}]}<\/script>\n<!-- \/ Yoast SEO plugin. -->","yoast_head_json":{"title":"Za\u0161to moj e-Charger smanjuje snagu u posljednjoj minuti? | V2C","description":"Obja\u0161njavamo za\u0161to tvoja punna stanica smanjuje snagu tijekom posljednje minute punjenja: Na\u010din za produ\u017eenje vijeka trajanja punja\u010da.","robots":{"index":"index","follow":"follow","max-snippet":"max-snippet:-1","max-image-preview":"max-image-preview:large","max-video-preview":"max-video-preview:-1"},"canonical":"https:\/\/v2charge.com\/hr\/za-to-moj-punja-smanjuje-snagu-punjenja-tijekom-posljednje\/","og_locale":"hr_HR","og_type":"article","og_title":"Za\u0161to moj e-Charger smanjuje snagu u posljednjoj minuti? | V2C","og_description":"Obja\u0161njavamo za\u0161to tvoja punna stanica smanjuje snagu tijekom posljednje minute punjenja: Na\u010din za produ\u017eenje vijeka trajanja punja\u010da.","og_url":"https:\/\/v2charge.com\/hr\/za-to-moj-punja-smanjuje-snagu-punjenja-tijekom-posljednje\/","og_site_name":"V2C","article_publisher":"https:\/\/www.facebook.com\/V2C.Charge","article_modified_time":"2023-07-19T09:13:26+00:00","og_image":[{"width":1200,"height":675,"url":"https:\/\/v2charge.com\/wp-content\/uploads\/2024\/07\/v2c-electric-chargers.jpg","type":"image\/jpeg"}],"twitter_card":"summary_large_image","twitter_site":"@V2C_Charge","twitter_misc":{"Est. reading time":"1 minuta"},"schema":{"@context":"https:\/\/schema.org","@graph":[{"@type":"WebPage","@id":"https:\/\/v2charge.com\/hr\/za-to-moj-punja-smanjuje-snagu-punjenja-tijekom-posljednje\/","url":"https:\/\/v2charge.com\/hr\/za-to-moj-punja-smanjuje-snagu-punjenja-tijekom-posljednje\/","name":"Za\u0161to moj e-Charger smanjuje snagu u posljednjoj minuti? | V2C","isPartOf":{"@id":"https:\/\/v2charge.com\/hr\/#website"},"primaryImageOfPage":{"@id":"https:\/\/v2charge.com\/hr\/za-to-moj-punja-smanjuje-snagu-punjenja-tijekom-posljednje\/#primaryimage"},"image":{"@id":"https:\/\/v2charge.com\/hr\/za-to-moj-punja-smanjuje-snagu-punjenja-tijekom-posljednje\/#primaryimage"},"thumbnailUrl":"https:\/\/v2charge.com\/wp-content\/uploads\/2024\/07\/v2c-electric-chargers.jpg","datePublished":"2022-01-24T22:32:04+00:00","dateModified":"2023-07-19T09:13:26+00:00","description":"Obja\u0161njavamo za\u0161to tvoja punna stanica smanjuje snagu tijekom posljednje minute punjenja: Na\u010din za produ\u017eenje vijeka trajanja punja\u010da.","breadcrumb":{"@id":"https:\/\/v2charge.com\/hr\/za-to-moj-punja-smanjuje-snagu-punjenja-tijekom-posljednje\/#breadcrumb"},"inLanguage":"hr","potentialAction":[{"@type":"ReadAction","target":["https:\/\/v2charge.com\/hr\/za-to-moj-punja-smanjuje-snagu-punjenja-tijekom-posljednje\/"]}]},{"@type":"ImageObject","inLanguage":"hr","@id":"https:\/\/v2charge.com\/hr\/za-to-moj-punja-smanjuje-snagu-punjenja-tijekom-posljednje\/#primaryimage","url":"https:\/\/v2charge.com\/wp-content\/uploads\/2024\/07\/v2c-electric-chargers.jpg","contentUrl":"https:\/\/v2charge.com\/wp-content\/uploads\/2024\/07\/v2c-electric-chargers.jpg","width":1200,"height":675,"caption":"V2C Electric Chargers"},{"@type":"BreadcrumbList","@id":"https:\/\/v2charge.com\/hr\/za-to-moj-punja-smanjuje-snagu-punjenja-tijekom-posljednje\/#breadcrumb","itemListElement":[{"@type":"ListItem","position":1,"name":"V2C","item":"https:\/\/v2charge.com\/hr\/"},{"@type":"ListItem","position":2,"name":"Za\u0161to moj punja\u010d smanjuje snagu punjenja tijekom posljednje minute punjenja?"}]},{"@type":"WebSite","@id":"https:\/\/v2charge.com\/hr\/#website","url":"https:\/\/v2charge.com\/hr\/","name":"V2C","description":"#CargandoElMa\u00f1ana","publisher":{"@id":"https:\/\/v2charge.com\/hr\/#organization"},"potentialAction":[{"@type":"SearchAction","target":{"@type":"EntryPoint","urlTemplate":"https:\/\/v2charge.com\/hr\/?s={search_term_string}"},"query-input":{"@type":"PropertyValueSpecification","valueRequired":true,"valueName":"search_term_string"}}],"inLanguage":"hr"},{"@type":"Organization","@id":"https:\/\/v2charge.com\/hr\/#organization","name":"V2C","url":"https:\/\/v2charge.com\/hr\/","logo":{"@type":"ImageObject","inLanguage":"hr","@id":"https:\/\/v2charge.com\/hr\/#\/schema\/logo\/image\/","url":"https:\/\/v2charge.com\/wp-content\/uploads\/2024\/11\/cropped-v2c-charge-logo-menu.png","contentUrl":"https:\/\/v2charge.com\/wp-content\/uploads\/2024\/11\/cropped-v2c-charge-logo-menu.png","width":984,"height":431,"caption":"V2C"},"image":{"@id":"https:\/\/v2charge.com\/hr\/#\/schema\/logo\/image\/"},"sameAs":["https:\/\/www.facebook.com\/V2C.Charge","https:\/\/x.com\/V2C_Charge","https:\/\/www.instagram.com\/v2c.charge\/","https:\/\/www.youtube.com\/@V2C","https:\/\/www.linkedin.com\/company\/v2c-chargers\/"]}]}},"uagb_featured_image_src":{"full":["https:\/\/v2charge.com\/wp-content\/uploads\/2024\/07\/v2c-electric-chargers.jpg",1200,675,false],"thumbnail":["https:\/\/v2charge.com\/wp-content\/uploads\/2024\/07\/v2c-electric-chargers-150x150.jpg",150,150,true],"medium":["https:\/\/v2charge.com\/wp-content\/uploads\/2024\/07\/v2c-electric-chargers-300x169.jpg",300,169,true],"medium_large":["https:\/\/v2charge.com\/wp-content\/uploads\/2024\/07\/v2c-electric-chargers-768x432.jpg",768,432,true],"large":["https:\/\/v2charge.com\/wp-content\/uploads\/2024\/07\/v2c-electric-chargers-1024x576.jpg",1024,576,true],"gs-tiny":["https:\/\/v2charge.com\/wp-content\/uploads\/2024\/07\/v2c-electric-chargers.jpg",50,28,false],"xl":["https:\/\/v2charge.com\/wp-content\/uploads\/2024\/07\/v2c-electric-chargers.jpg",1200,675,false],"xxl":["https:\/\/v2charge.com\/wp-content\/uploads\/2024\/07\/v2c-electric-chargers.jpg",1200,675,false],"xxxl":["https:\/\/v2charge.com\/wp-content\/uploads\/2024\/07\/v2c-electric-chargers.jpg",1200,675,false],"xxxxl":["https:\/\/v2charge.com\/wp-content\/uploads\/2024\/07\/v2c-electric-chargers.jpg",1200,675,false],"xxxxxl":["https:\/\/v2charge.com\/wp-content\/uploads\/2024\/07\/v2c-electric-chargers.jpg",1200,675,false],"1536x1536":["https:\/\/v2charge.com\/wp-content\/uploads\/2024\/07\/v2c-electric-chargers.jpg",1200,675,false],"2048x2048":["https:\/\/v2charge.com\/wp-content\/uploads\/2024\/07\/v2c-electric-chargers.jpg",1200,675,false]},"uagb_author_info":{"display_name":"V2C","author_link":"https:\/\/v2charge.com\/hr\/author\/root_k4eu7ki8\/"},"uagb_comment_info":0,"uagb_excerpt":"Kako bismo maksimalno produ\u017eili vijek trajanja va\u0161eg punja\u010da, izbjegavamo ve\u0107inu situacija u kojima mo\u017ee do\u0107i do elektri\u010dnih lukova na kontaktima. Zato, kada znamo kada \u0107e punjenje zavr\u0161iti, smanjujemo snagu punjenja na minimum, izbjegavaju\u0107i elektri\u010dni luk na otvaranju.","_links":{"self":[{"href":"https:\/\/v2charge.com\/hr\/wp-json\/wp\/v2\/pages\/322328","targetHints":{"allow":["GET"]}}],"collection":[{"href":"https:\/\/v2charge.com\/hr\/wp-json\/wp\/v2\/pages"}],"about":[{"href":"https:\/\/v2charge.com\/hr\/wp-json\/wp\/v2\/types\/page"}],"author":[{"embeddable":true,"href":"https:\/\/v2charge.com\/hr\/wp-json\/wp\/v2\/users\/1"}],"replies":[{"embeddable":true,"href":"https:\/\/v2charge.com\/hr\/wp-json\/wp\/v2\/comments?post=322328"}],"version-history":[{"count":0,"href":"https:\/\/v2charge.com\/hr\/wp-json\/wp\/v2\/pages\/322328\/revisions"}],"wp:featuredmedia":[{"embeddable":true,"href":"https:\/\/v2charge.com\/hr\/wp-json\/wp\/v2\/media\/170354"}],"wp:attachment":[{"href":"https:\/\/v2charge.com\/hr\/wp-json\/wp\/v2\/media?parent=322328"}],"curies":[{"name":"wp","href":"https:\/\/api.w.org\/{rel}","templated":true}]}}