{"id":322337,"date":"2022-03-02T12:26:43","date_gmt":"2022-03-02T12:26:43","guid":{"rendered":""},"modified":"2026-04-21T09:49:26","modified_gmt":"2026-04-21T07:49:26","slug":"funkcionalne-komande-za-alexa","status":"publish","type":"page","link":"https:\/\/v2charge.com\/hr\/funkcionalne-komande-za-alexa\/","title":{"rendered":"Funkcionalne komande za Alexa"},"content":{"rendered":"\n<div class=\"wp-block-uagb-container uagb-block-c29b15eb alignfull uagb-is-root-container\"><div class=\"uagb-container-inner-blocks-wrap\">\n<div class=\"wp-block-uagb-container uagb-block-6846d829\">\n<div class=\"wp-block-uagb-container uagb-block-8a2137db\"><\/div>\n\n\n\n<div class=\"wp-block-uagb-container uagb-block-5ccae1ed\"><div class=\"wp-block-uagb-advanced-heading uagb-block-572af4b3\"><h1 class=\"uagb-heading-text\">Funkcionalne komande za Alexa<\/h1><\/div>\n\n<div class=\"wp-block-uagb-advanced-heading uagb-block-008d543e\"><h2 class=\"uagb-heading-text\">Uronite u<br>tehnolo\u0161ko iskustvo<\/h2><\/div>\n\n<p class=\"has-text-color\" style=\"color:#c2c0c0;font-size:16px\">Ovladavajte svim funkcionalnim naredbama Alexe za kontrolu e-Charger-a glasom. Inovacija, trenutnost i udobnost za jedinstveno iskustvo punjenja.<\/p>\n\n\n<div class=\"wp-block-buttons is-layout-flex wp-block-buttons-is-layout-flex\"><div class=\"wp-block-button is-style-fill\"><a class=\"wp-block-button__link has-contrast-color has-base-3-background-color has-text-color has-background has-link-color wp-element-button\" href=\"https:\/\/v2charge.com\/wp-content\/uploads\/2022\/05\/Vincular-Alexa.pdf\" style=\"border-top-left-radius:8px;border-top-right-radius:8px;border-bottom-left-radius:8px;border-bottom-right-radius:8px\" target=\"_blank\" rel=\"noreferrer noopener\">Pove\u017ei svoj e-Charger s Alexom<\/a><\/div><\/div>\n<\/div>\n<\/div>\n<\/div><\/div>\n\n\n\n<div style=\"height:30px\" aria-hidden=\"true\" class=\"wp-block-spacer\"><\/div>\n\n\n\n<div class=\"wp-block-uagb-container uagb-block-5bf65f41 alignfull uagb-is-root-container\"><div class=\"uagb-container-inner-blocks-wrap\">\n<div class=\"wp-block-uagb-container uagb-block-da71c77d default uagb-is-root-container\">\n<div class=\"wp-block-uagb-container uagb-block-0ddc93fc\">\n<div class=\"wp-block-uagb-image aligncenter uagb-block-d4d8c154 wp-block-uagb-image--layout-default wp-block-uagb-image--effect-static wp-block-uagb-image--align-center\"><figure class=\"wp-block-uagb-image__figure\"><img decoding=\"async\" srcset=\"https:\/\/v2charge.com\/wp-content\/uploads\/2023\/11\/icon-important.png ,https:\/\/v2charge.com\/wp-content\/uploads\/2023\/11\/icon-important.png 780w, https:\/\/v2charge.com\/wp-content\/uploads\/2023\/11\/icon-important.png 360w\" sizes=\"auto, (max-width: 480px) 150px\" src=\"https:\/\/v2charge.com\/wp-content\/uploads\/2023\/11\/icon-important.png\" alt=\"\" class=\"uag-image-125013\" width=\"50\" height=\"50\" title=\"\" loading=\"lazy\" role=\"img\"\/><\/figure><\/div>\n<\/div>\n\n\n\n<div class=\"wp-block-uagb-container uagb-block-67cf4dad\"><div class=\"wp-block-uagb-advanced-heading uagb-block-459cee5f\"><p class=\"uagb-heading-text\"><strong><strong>Op\u0107i obrazac je: &#8220;Alexa, postavi [naziv punja\u010da] u na\u010din [rije\u010d].<\/strong><\/strong><\/p><\/div><\/div>\n<\/div>\n<\/div><\/div>\n\n\n\n<div style=\"height:30px\" aria-hidden=\"true\" class=\"wp-block-spacer\"><\/div>\n\n\n\n<div class=\"wp-block-uagb-container uagb-block-ccfebc02 alignfull uagb-is-root-container\"><div class=\"uagb-container-inner-blocks-wrap\"><div class=\"wp-block-uagb-advanced-heading uagb-block-bd6206dc\"><h2 class=\"uagb-heading-text\">Blokiraj punja\u010d<\/h2><\/div>\n\n<p>&#8220;\u2026u na\u010dinu Blokiranja&#8221;<\/p><\/div><\/div>\n\n\n\n<div style=\"height:40px\" aria-hidden=\"true\" class=\"wp-block-spacer\"><\/div>\n\n\n\n<div class=\"wp-block-uagb-container uagb-block-9ac41ac8 alignfull uagb-is-root-container\"><div class=\"uagb-container-inner-blocks-wrap\"><div class=\"wp-block-uagb-advanced-heading uagb-block-0287eec7\"><h2 class=\"uagb-heading-text\">Otklju\u010davanje punja\u010da<\/h2><\/div>\n\n<p>&#8220;\u2026u na\u010dinu Otklju\u010davanje&#8221;<\/p><\/div><\/div>\n\n\n\n<div style=\"height:40px\" aria-hidden=\"true\" class=\"wp-block-spacer\"><\/div>\n\n\n\n<div class=\"wp-block-uagb-container uagb-block-10fa5e64 alignfull uagb-is-root-container\"><div class=\"uagb-container-inner-blocks-wrap\"><div class=\"wp-block-uagb-advanced-heading uagb-block-d62318d2\"><h2 class=\"uagb-heading-text\">Pauziranje punjenja<\/h2><\/div>\n\n<p>&#8220;\u2026u na\u010dinu Pauza&#8221; \/ &#8220;\u2026u na\u010dinu Pauziranje&#8221; \/ &#8220;\u2026u na\u010dinu Na Pauzi&#8221; <\/p>\n\n<p>&#8220;\u2026u na\u010dinu Pauza punjenja&#8221; \/ &#8220;\u2026u na\u010dinu Pauziraj punjenje&#8221; <\/p>\n\n<p>&#8220;\u2026u na\u010dinu Zaustavi punjenje&#8221; \/ &#8220;\u2026u na\u010dinu Pauza&#8221; \/ &#8220;\u2026u na\u010dinu Pauziraj&#8221;<\/p><\/div><\/div>\n\n\n\n<div style=\"height:40px\" aria-hidden=\"true\" class=\"wp-block-spacer\"><\/div>\n\n\n\n<div class=\"wp-block-uagb-container uagb-block-59c2256a alignfull uagb-is-root-container\"><div class=\"uagb-container-inner-blocks-wrap\"><div class=\"wp-block-uagb-advanced-heading uagb-block-bb56ec01\"><h2 class=\"uagb-heading-text\">Nastaviti punjenje<\/h2><\/div>\n\n<p>&#8220;\u2026u na\u010dinu Nastavi&#8221; \/ &#8220;\u2026u na\u010dinu Nastavi&#8221; \/ &#8220;\u2026u na\u010dinu Nastavi me&#8221; <\/p>\n\n<p>&#8220;\u2026u na\u010dinu Nastavi punjenje&#8221; \/ &#8220;\u2026u na\u010dinu Nastavi punjenje&#8221; <\/p>\n\n<p>&#8220;\u2026u na\u010dinu Nastavi punjenje&#8221; \/ &#8220;\u2026u na\u010dinu Nastavi&#8221; \/ &#8220;\u2026u na\u010dinu Nastavi&#8221;<\/p><\/div><\/div>\n\n\n\n<div style=\"height:49px\" aria-hidden=\"true\" class=\"wp-block-spacer\"><\/div>\n\n\n\n<div class=\"wp-block-uagb-container uagb-block-0038c469 alignfull uagb-is-root-container\"><div class=\"uagb-container-inner-blocks-wrap\"><div class=\"wp-block-uagb-advanced-heading uagb-block-705e418c\"><h2 class=\"uagb-heading-text\">Provjerite stanje<\/h2><\/div>\n\n<p>&#8220;Alexa, koji je status [naziv punja\u010da]?&#8221;<\/p>\n\n<p><strong> mogu\u0107i odgovori: <\/strong><br><br><strong>Povezano elektri\u010dno vozilo<\/strong> &#8211; Auto priklju\u010deno, ali se ne puni (Standby)<br><strong>\u010cekanje na elektri\u010dno vozilo<\/strong> &#8211; Punja\u010d spreman, bez priklju\u010denog automobila <br><strong>Elektri\u010dno vozilo se puni<\/strong> &#8211; Aktivno punjenje u tijeku<br><strong>Punjenje pauzirano<\/strong> &#8211; Punjenje pauzirano ru\u010dno <br><strong>Punja\u010d zaklju\u010dan<\/strong> &#8211; Punja\u010d je zaklju\u010dan <br><strong>Punja\u010d bez internetske veze<\/strong> &#8211; Punja\u010d je offline<\/p>\n\n<p><em><strong>VA\u017dNO<\/strong>: Pauza funkcionira samo ako se automobil aktivno puni. Nastavak funkcionira samo ako je punjenje pauzirano. Ako je punja\u010d izvan mre\u017ee, Alexa odgovara s gre\u0161kom ENDPOINT_UNREACHABLE.<\/em><\/p><\/div><\/div>\n\n\n\n<div style=\"height:30px\" aria-hidden=\"true\" class=\"wp-block-spacer\"><\/div>\n","protected":false},"excerpt":{"rendered":"<p>Funkcionalne komande za Alexa Uronite utehnolo\u0161ko iskustvo Ovladavajte svim funkcionalnim naredbama Alexe za kontrolu e-Charger-a glasom. Inovacija, trenutnost i udobnost za jedinstveno iskustvo punjenja. Op\u0107i obrazac je: &#8220;Alexa, postavi [naziv punja\u010da] u na\u010din [rije\u010d]. Blokiraj punja\u010d &#8220;\u2026u na\u010dinu Blokiranja&#8221; Otklju\u010davanje punja\u010da &#8220;\u2026u na\u010dinu Otklju\u010davanje&#8221; Pauziranje punjenja &#8220;\u2026u na\u010dinu Pauza&#8221; \/ &#8220;\u2026u na\u010dinu Pauziranje&#8221; \/ &#8220;\u2026u &#8230; <a title=\"Funkcionalne komande za Alexa\" class=\"read-more\" href=\"https:\/\/v2charge.com\/hr\/funkcionalne-komande-za-alexa\/\" aria-label=\"Read more about Funkcionalne komande za Alexa\">Read more<\/a><\/p>\n","protected":false},"author":1,"featured_media":170354,"parent":0,"menu_order":0,"comment_status":"closed","ping_status":"closed","template":"","meta":{"_eb_attr":"","content-type":"","_uag_custom_page_level_css":"","footnotes":""},"class_list":["post-322337","page","type-page","status-publish","has-post-thumbnail"],"yoast_head":"<!-- This site is optimized with the Yoast SEO plugin v25.3.1 - https:\/\/yoast.com\/wordpress\/plugins\/seo\/ -->\n<title>Komande za funkcionalnost Alexe za V2C Cloud | V2C \u00ae<\/title>\n<meta name=\"description\" content=\"Upoznajte funkcionalne naredbe Alexe za va\u0161 elektri\u010dni punja\u010d V2C i po\u010dnite upravljati punjenjem va\u0161eg vozila u stvarnom vremenu.\" \/>\n<meta name=\"robots\" content=\"index, follow, max-snippet:-1, max-image-preview:large, max-video-preview:-1\" \/>\n<link rel=\"canonical\" href=\"https:\/\/v2charge.com\/hr\/funkcionalne-komande-za-alexa\/\" \/>\n<meta property=\"og:locale\" content=\"hr_HR\" \/>\n<meta property=\"og:type\" content=\"article\" \/>\n<meta property=\"og:title\" content=\"Komande za funkcionalnost Alexe za V2C Cloud | V2C \u00ae\" \/>\n<meta property=\"og:description\" content=\"Upoznajte funkcionalne naredbe Alexe za va\u0161 elektri\u010dni punja\u010d V2C i po\u010dnite upravljati punjenjem va\u0161eg vozila u stvarnom vremenu.\" \/>\n<meta property=\"og:url\" content=\"https:\/\/v2charge.com\/hr\/funkcionalne-komande-za-alexa\/\" \/>\n<meta property=\"og:site_name\" content=\"V2C\" \/>\n<meta property=\"article:publisher\" content=\"https:\/\/www.facebook.com\/V2C.Charge\" \/>\n<meta property=\"article:modified_time\" content=\"2026-04-21T07:49:26+00:00\" \/>\n<meta property=\"og:image\" content=\"https:\/\/v2charge.com\/wp-content\/uploads\/2024\/07\/v2c-electric-chargers.jpg\" \/>\n\t<meta property=\"og:image:width\" content=\"1200\" \/>\n\t<meta property=\"og:image:height\" content=\"675\" \/>\n\t<meta property=\"og:image:type\" content=\"image\/jpeg\" \/>\n<meta name=\"twitter:card\" content=\"summary_large_image\" \/>\n<meta name=\"twitter:site\" content=\"@V2C_Charge\" \/>\n<meta name=\"twitter:label1\" content=\"Est. reading time\" \/>\n\t<meta name=\"twitter:data1\" content=\"2 minute\" \/>\n<script type=\"application\/ld+json\" class=\"yoast-schema-graph\">{\"@context\":\"https:\/\/schema.org\",\"@graph\":[{\"@type\":\"WebPage\",\"@id\":\"https:\/\/v2charge.com\/hr\/funkcionalne-komande-za-alexa\/\",\"url\":\"https:\/\/v2charge.com\/hr\/funkcionalne-komande-za-alexa\/\",\"name\":\"Komande za funkcionalnost Alexe za V2C Cloud | V2C \u00ae\",\"isPartOf\":{\"@id\":\"https:\/\/v2charge.com\/hr\/#website\"},\"primaryImageOfPage\":{\"@id\":\"https:\/\/v2charge.com\/hr\/funkcionalne-komande-za-alexa\/#primaryimage\"},\"image\":{\"@id\":\"https:\/\/v2charge.com\/hr\/funkcionalne-komande-za-alexa\/#primaryimage\"},\"thumbnailUrl\":\"https:\/\/v2charge.com\/wp-content\/uploads\/2024\/07\/v2c-electric-chargers.jpg\",\"datePublished\":\"2022-03-02T12:26:43+00:00\",\"dateModified\":\"2026-04-21T07:49:26+00:00\",\"description\":\"Upoznajte funkcionalne naredbe Alexe za va\u0161 elektri\u010dni punja\u010d V2C i po\u010dnite upravljati punjenjem va\u0161eg vozila u stvarnom vremenu.\",\"breadcrumb\":{\"@id\":\"https:\/\/v2charge.com\/hr\/funkcionalne-komande-za-alexa\/#breadcrumb\"},\"inLanguage\":\"hr\",\"potentialAction\":[{\"@type\":\"ReadAction\",\"target\":[\"https:\/\/v2charge.com\/hr\/funkcionalne-komande-za-alexa\/\"]}]},{\"@type\":\"ImageObject\",\"inLanguage\":\"hr\",\"@id\":\"https:\/\/v2charge.com\/hr\/funkcionalne-komande-za-alexa\/#primaryimage\",\"url\":\"https:\/\/v2charge.com\/wp-content\/uploads\/2024\/07\/v2c-electric-chargers.jpg\",\"contentUrl\":\"https:\/\/v2charge.com\/wp-content\/uploads\/2024\/07\/v2c-electric-chargers.jpg\",\"width\":1200,\"height\":675,\"caption\":\"V2C Electric Chargers\"},{\"@type\":\"BreadcrumbList\",\"@id\":\"https:\/\/v2charge.com\/hr\/funkcionalne-komande-za-alexa\/#breadcrumb\",\"itemListElement\":[{\"@type\":\"ListItem\",\"position\":1,\"name\":\"V2C\",\"item\":\"https:\/\/v2charge.com\/hr\/\"},{\"@type\":\"ListItem\",\"position\":2,\"name\":\"Funkcionalne komande za Alexa\"}]},{\"@type\":\"WebSite\",\"@id\":\"https:\/\/v2charge.com\/hr\/#website\",\"url\":\"https:\/\/v2charge.com\/hr\/\",\"name\":\"V2C\",\"description\":\"#CargandoElMa\u00f1ana\",\"publisher\":{\"@id\":\"https:\/\/v2charge.com\/hr\/#organization\"},\"potentialAction\":[{\"@type\":\"SearchAction\",\"target\":{\"@type\":\"EntryPoint\",\"urlTemplate\":\"https:\/\/v2charge.com\/hr\/?s={search_term_string}\"},\"query-input\":{\"@type\":\"PropertyValueSpecification\",\"valueRequired\":true,\"valueName\":\"search_term_string\"}}],\"inLanguage\":\"hr\"},{\"@type\":\"Organization\",\"@id\":\"https:\/\/v2charge.com\/hr\/#organization\",\"name\":\"V2C\",\"url\":\"https:\/\/v2charge.com\/hr\/\",\"logo\":{\"@type\":\"ImageObject\",\"inLanguage\":\"hr\",\"@id\":\"https:\/\/v2charge.com\/hr\/#\/schema\/logo\/image\/\",\"url\":\"https:\/\/v2charge.com\/wp-content\/uploads\/2024\/11\/cropped-v2c-charge-logo-menu.png\",\"contentUrl\":\"https:\/\/v2charge.com\/wp-content\/uploads\/2024\/11\/cropped-v2c-charge-logo-menu.png\",\"width\":984,\"height\":431,\"caption\":\"V2C\"},\"image\":{\"@id\":\"https:\/\/v2charge.com\/hr\/#\/schema\/logo\/image\/\"},\"sameAs\":[\"https:\/\/www.facebook.com\/V2C.Charge\",\"https:\/\/x.com\/V2C_Charge\",\"https:\/\/www.instagram.com\/v2c.charge\/\",\"https:\/\/www.youtube.com\/@V2C\",\"https:\/\/www.linkedin.com\/company\/v2c-chargers\/\"]}]}<\/script>\n<!-- \/ Yoast SEO plugin. -->","yoast_head_json":{"title":"Komande za funkcionalnost Alexe za V2C Cloud | V2C \u00ae","description":"Upoznajte funkcionalne naredbe Alexe za va\u0161 elektri\u010dni punja\u010d V2C i po\u010dnite upravljati punjenjem va\u0161eg vozila u stvarnom vremenu.","robots":{"index":"index","follow":"follow","max-snippet":"max-snippet:-1","max-image-preview":"max-image-preview:large","max-video-preview":"max-video-preview:-1"},"canonical":"https:\/\/v2charge.com\/hr\/funkcionalne-komande-za-alexa\/","og_locale":"hr_HR","og_type":"article","og_title":"Komande za funkcionalnost Alexe za V2C Cloud | V2C \u00ae","og_description":"Upoznajte funkcionalne naredbe Alexe za va\u0161 elektri\u010dni punja\u010d V2C i po\u010dnite upravljati punjenjem va\u0161eg vozila u stvarnom vremenu.","og_url":"https:\/\/v2charge.com\/hr\/funkcionalne-komande-za-alexa\/","og_site_name":"V2C","article_publisher":"https:\/\/www.facebook.com\/V2C.Charge","article_modified_time":"2026-04-21T07:49:26+00:00","og_image":[{"width":1200,"height":675,"url":"https:\/\/v2charge.com\/wp-content\/uploads\/2024\/07\/v2c-electric-chargers.jpg","type":"image\/jpeg"}],"twitter_card":"summary_large_image","twitter_site":"@V2C_Charge","twitter_misc":{"Est. reading time":"2 minute"},"schema":{"@context":"https:\/\/schema.org","@graph":[{"@type":"WebPage","@id":"https:\/\/v2charge.com\/hr\/funkcionalne-komande-za-alexa\/","url":"https:\/\/v2charge.com\/hr\/funkcionalne-komande-za-alexa\/","name":"Komande za funkcionalnost Alexe za V2C Cloud | V2C \u00ae","isPartOf":{"@id":"https:\/\/v2charge.com\/hr\/#website"},"primaryImageOfPage":{"@id":"https:\/\/v2charge.com\/hr\/funkcionalne-komande-za-alexa\/#primaryimage"},"image":{"@id":"https:\/\/v2charge.com\/hr\/funkcionalne-komande-za-alexa\/#primaryimage"},"thumbnailUrl":"https:\/\/v2charge.com\/wp-content\/uploads\/2024\/07\/v2c-electric-chargers.jpg","datePublished":"2022-03-02T12:26:43+00:00","dateModified":"2026-04-21T07:49:26+00:00","description":"Upoznajte funkcionalne naredbe Alexe za va\u0161 elektri\u010dni punja\u010d V2C i po\u010dnite upravljati punjenjem va\u0161eg vozila u stvarnom vremenu.","breadcrumb":{"@id":"https:\/\/v2charge.com\/hr\/funkcionalne-komande-za-alexa\/#breadcrumb"},"inLanguage":"hr","potentialAction":[{"@type":"ReadAction","target":["https:\/\/v2charge.com\/hr\/funkcionalne-komande-za-alexa\/"]}]},{"@type":"ImageObject","inLanguage":"hr","@id":"https:\/\/v2charge.com\/hr\/funkcionalne-komande-za-alexa\/#primaryimage","url":"https:\/\/v2charge.com\/wp-content\/uploads\/2024\/07\/v2c-electric-chargers.jpg","contentUrl":"https:\/\/v2charge.com\/wp-content\/uploads\/2024\/07\/v2c-electric-chargers.jpg","width":1200,"height":675,"caption":"V2C Electric Chargers"},{"@type":"BreadcrumbList","@id":"https:\/\/v2charge.com\/hr\/funkcionalne-komande-za-alexa\/#breadcrumb","itemListElement":[{"@type":"ListItem","position":1,"name":"V2C","item":"https:\/\/v2charge.com\/hr\/"},{"@type":"ListItem","position":2,"name":"Funkcionalne komande za Alexa"}]},{"@type":"WebSite","@id":"https:\/\/v2charge.com\/hr\/#website","url":"https:\/\/v2charge.com\/hr\/","name":"V2C","description":"#CargandoElMa\u00f1ana","publisher":{"@id":"https:\/\/v2charge.com\/hr\/#organization"},"potentialAction":[{"@type":"SearchAction","target":{"@type":"EntryPoint","urlTemplate":"https:\/\/v2charge.com\/hr\/?s={search_term_string}"},"query-input":{"@type":"PropertyValueSpecification","valueRequired":true,"valueName":"search_term_string"}}],"inLanguage":"hr"},{"@type":"Organization","@id":"https:\/\/v2charge.com\/hr\/#organization","name":"V2C","url":"https:\/\/v2charge.com\/hr\/","logo":{"@type":"ImageObject","inLanguage":"hr","@id":"https:\/\/v2charge.com\/hr\/#\/schema\/logo\/image\/","url":"https:\/\/v2charge.com\/wp-content\/uploads\/2024\/11\/cropped-v2c-charge-logo-menu.png","contentUrl":"https:\/\/v2charge.com\/wp-content\/uploads\/2024\/11\/cropped-v2c-charge-logo-menu.png","width":984,"height":431,"caption":"V2C"},"image":{"@id":"https:\/\/v2charge.com\/hr\/#\/schema\/logo\/image\/"},"sameAs":["https:\/\/www.facebook.com\/V2C.Charge","https:\/\/x.com\/V2C_Charge","https:\/\/www.instagram.com\/v2c.charge\/","https:\/\/www.youtube.com\/@V2C","https:\/\/www.linkedin.com\/company\/v2c-chargers\/"]}]}},"uagb_featured_image_src":{"full":["https:\/\/v2charge.com\/wp-content\/uploads\/2024\/07\/v2c-electric-chargers.jpg",1200,675,false],"thumbnail":["https:\/\/v2charge.com\/wp-content\/uploads\/2024\/07\/v2c-electric-chargers-150x150.jpg",150,150,true],"medium":["https:\/\/v2charge.com\/wp-content\/uploads\/2024\/07\/v2c-electric-chargers-300x169.jpg",300,169,true],"medium_large":["https:\/\/v2charge.com\/wp-content\/uploads\/2024\/07\/v2c-electric-chargers-768x432.jpg",768,432,true],"large":["https:\/\/v2charge.com\/wp-content\/uploads\/2024\/07\/v2c-electric-chargers-1024x576.jpg",1024,576,true],"gs-tiny":["https:\/\/v2charge.com\/wp-content\/uploads\/2024\/07\/v2c-electric-chargers.jpg",50,28,false],"xl":["https:\/\/v2charge.com\/wp-content\/uploads\/2024\/07\/v2c-electric-chargers.jpg",1200,675,false],"xxl":["https:\/\/v2charge.com\/wp-content\/uploads\/2024\/07\/v2c-electric-chargers.jpg",1200,675,false],"xxxl":["https:\/\/v2charge.com\/wp-content\/uploads\/2024\/07\/v2c-electric-chargers.jpg",1200,675,false],"xxxxl":["https:\/\/v2charge.com\/wp-content\/uploads\/2024\/07\/v2c-electric-chargers.jpg",1200,675,false],"xxxxxl":["https:\/\/v2charge.com\/wp-content\/uploads\/2024\/07\/v2c-electric-chargers.jpg",1200,675,false],"1536x1536":["https:\/\/v2charge.com\/wp-content\/uploads\/2024\/07\/v2c-electric-chargers.jpg",1200,675,false],"2048x2048":["https:\/\/v2charge.com\/wp-content\/uploads\/2024\/07\/v2c-electric-chargers.jpg",1200,675,false]},"uagb_author_info":{"display_name":"V2C","author_link":"https:\/\/v2charge.com\/hr\/author\/root_k4eu7ki8\/"},"uagb_comment_info":0,"uagb_excerpt":"Funkcionalne komande za Alexa Uronite utehnolo\u0161ko iskustvo Ovladavajte svim funkcionalnim naredbama Alexe za kontrolu e-Charger-a glasom. Inovacija, trenutnost i udobnost za jedinstveno iskustvo punjenja. Op\u0107i obrazac je: &#8220;Alexa, postavi [naziv punja\u010da] u na\u010din [rije\u010d]. Blokiraj punja\u010d &#8220;\u2026u na\u010dinu Blokiranja&#8221; Otklju\u010davanje punja\u010da &#8220;\u2026u na\u010dinu Otklju\u010davanje&#8221; Pauziranje punjenja &#8220;\u2026u na\u010dinu Pauza&#8221; \/ &#8220;\u2026u na\u010dinu Pauziranje&#8221; \/ &#8220;\u2026u&hellip;","_links":{"self":[{"href":"https:\/\/v2charge.com\/hr\/wp-json\/wp\/v2\/pages\/322337","targetHints":{"allow":["GET"]}}],"collection":[{"href":"https:\/\/v2charge.com\/hr\/wp-json\/wp\/v2\/pages"}],"about":[{"href":"https:\/\/v2charge.com\/hr\/wp-json\/wp\/v2\/types\/page"}],"author":[{"embeddable":true,"href":"https:\/\/v2charge.com\/hr\/wp-json\/wp\/v2\/users\/1"}],"replies":[{"embeddable":true,"href":"https:\/\/v2charge.com\/hr\/wp-json\/wp\/v2\/comments?post=322337"}],"version-history":[{"count":0,"href":"https:\/\/v2charge.com\/hr\/wp-json\/wp\/v2\/pages\/322337\/revisions"}],"wp:featuredmedia":[{"embeddable":true,"href":"https:\/\/v2charge.com\/hr\/wp-json\/wp\/v2\/media\/170354"}],"wp:attachment":[{"href":"https:\/\/v2charge.com\/hr\/wp-json\/wp\/v2\/media?parent=322337"}],"curies":[{"name":"wp","href":"https:\/\/api.w.org\/{rel}","templated":true}]}}