{"id":322361,"date":"2023-01-24T17:06:03","date_gmt":"2023-01-24T15:06:03","guid":{"rendered":""},"modified":"2025-07-18T14:00:55","modified_gmt":"2025-07-18T12:00:55","slug":"conexija-kostal-piko-s-trydanom","status":"publish","type":"page","link":"https:\/\/v2charge.com\/hr\/conexija-kostal-piko-s-trydanom\/","title":{"rendered":"Conexija Kostal PIKO s Trydanom"},"content":{"rendered":"\n<div class=\"wp-block-uagb-container uagb-block-f5a1ed0e alignfull uagb-is-root-container\"><div class=\"uagb-container-inner-blocks-wrap\"><div class=\"yoast-breadcrumbs\"><span><span><a href=\"https:\/\/v2charge.com\/hr\/\">V2C<\/a><\/span> \u00bb <span class=\"breadcrumb_last\" aria-current=\"page\">Conexija Kostal PIKO s Trydanom<\/span><\/span><\/div>\n\n<h1 class=\"wp-block-heading\">Povezivanje Kostal PIKO s Trydanom<\/h1>\n\n\n<div class=\"wp-block-uagb-container uagb-block-9be67121 alignfull uagb-is-root-container\"><div class=\"uagb-container-inner-blocks-wrap\">\n<div class=\"wp-block-uagb-container uagb-block-b71a8b6f\"><p>Povezivanje Kostal PIKO s Trydanom vr\u0161i se putem HTTP zahtjeva, a za to na\u0161 inverter mora biti kompatibilan. U na\u010delu, svi Kostal PIKO inverteri su kompatibilni. U slu\u010daju da nisu, preporu\u010dujemo a\u017euriranje verzije firmvera na najnoviju dostupnu verziju.<\/p><\/div>\n\n\n\n<div class=\"wp-block-uagb-container uagb-block-7f58fcab\">\n<div class=\"wp-block-uagb-image uagb-block-8632899f wp-block-uagb-image--layout-default wp-block-uagb-image--effect-static wp-block-uagb-image--align-none\"><figure class=\"wp-block-uagb-image__figure\"><img decoding=\"async\" srcset=\"https:\/\/v2charge.com\/wp-content\/uploads\/2023\/12\/kostal-logo.png ,https:\/\/v2charge.com\/wp-content\/uploads\/2023\/12\/kostal-logo.png 780w, https:\/\/v2charge.com\/wp-content\/uploads\/2023\/12\/kostal-logo.png 360w\" sizes=\"auto, (max-width: 480px) 150px\" src=\"https:\/\/v2charge.com\/wp-content\/uploads\/2023\/12\/kostal-logo.png\" alt=\"\" class=\"uag-image-128994\" width=\"250\" height=\"65\" title=\"\" loading=\"lazy\" role=\"img\"\/><\/figure><\/div>\n<\/div>\n<\/div><\/div>\n\n\n\n<div class=\"wp-block-uagb-container uagb-block-333fb119 alignfull uagb-is-root-container\"><div class=\"uagb-container-inner-blocks-wrap\">\n<div class=\"wp-block-uagb-container uagb-block-2ff110d0 default uagb-is-root-container\">\n<div class=\"wp-block-uagb-container uagb-block-cd442c87\">\n<div class=\"wp-block-uagb-image aligncenter uagb-block-4bb46c59 wp-block-uagb-image--layout-default wp-block-uagb-image--effect-static wp-block-uagb-image--align-center\"><figure class=\"wp-block-uagb-image__figure\"><img decoding=\"async\" srcset=\"https:\/\/v2charge.com\/wp-content\/uploads\/2023\/11\/icon-important.png ,https:\/\/v2charge.com\/wp-content\/uploads\/2023\/11\/icon-important.png 780w, https:\/\/v2charge.com\/wp-content\/uploads\/2023\/11\/icon-important.png 360w\" sizes=\"auto, (max-width: 480px) 150px\" src=\"https:\/\/v2charge.com\/wp-content\/uploads\/2023\/11\/icon-important.png\" alt=\"\" class=\"uag-image-125013\" width=\"50\" height=\"50\" title=\"\" loading=\"lazy\" role=\"img\"\/><\/figure><\/div>\n<\/div>\n\n\n\n<div class=\"wp-block-uagb-container uagb-block-38de7166\"><div class=\"wp-block-uagb-advanced-heading uagb-block-37ab01f0\"><p class=\"uagb-heading-text\">Kori\u0161tenje&nbsp;<strong>Wi-Fi repetitora<\/strong>&nbsp;ili&nbsp;<strong>mesh mre\u017ea<\/strong>&nbsp;mo\u017ee utjecati na ispravno funkcioniranje sustava. Preporu\u010dujemo kori\u0161tenje&nbsp;<strong>stabilne Wi-Fi mre\u017ee<\/strong>&nbsp;i<strong> izravne<\/strong>&nbsp;veze kako bismo osigurali optimalnu povezanost izme\u0111u punja\u010da i invertera.<\/p><\/div><\/div>\n<\/div>\n\n\n\n<div style=\"height:5px\" aria-hidden=\"true\" class=\"wp-block-spacer\"><\/div>\n<\/div><\/div>\n\n\n\n<div class=\"wp-block-uagb-separator uagb-block-f70b14a7\"><div class=\"wp-block-uagb-separator__inner\" style=\"--my-background-image:\"><\/div><\/div>\n\n\n<h2 class=\"wp-block-heading\">Jesmo li kompatibilni s inverterom Kostal PIKO?<\/h2>\n\n<p>Da bismo provjerili jesmo li kompatibilni, na ra\u010dunalu povezanom na istu lokalnu mre\u017eu upisat \u0107emo sljede\u0107u adresu u preglednik:&nbsp;<a href=\"http:\/\/192.168.x.x\/measurements.xml\" target=\"_blank\" rel=\"noreferrer noopener\">http:\/\/192.168.5.1:80\/measurements.xml<\/a>, zamjenjuju\u0107i IP adresu s onom od invertera.<\/p>\n\n\n<hr class=\"wp-block-separator has-alpha-channel-opacity\"\/>\n\n\n<h2 class=\"wp-block-heading\">Kako saznati IP adresu Kostal PIKO?<\/h2>\n\n<p>IP adresa Kostal PIKO mo\u017ee se saznati na mnogo na\u010dina. Glavni na\u010din bi bio da se pove\u017eemo na na\u0161 router i da nam prika\u017ee popis povezanih ure\u0111aja. Ovdje bi trebala biti prikazana IP adresa Kostal, kao i ona od Trydan. Tako\u0111er se mo\u017ee saznati putem drugih programa, kao \u0161to su softver za PC \u00abAngry IP\u00bb, aplikacija za Android \u00abNetwork Ip Scanner\u00bb ili aplikacija za Apple \u00abIP Scanner\u00bb.&nbsp;<\/p>\n\n\n<div class=\"wp-block-uagb-buttons uagb-buttons__outer-wrap uagb-btn__default-btn uagb-btn-tablet__default-btn uagb-btn-mobile__default-btn uagb-block-cff7e0d9\"><div class=\"uagb-buttons__wrap uagb-buttons-layout-wrap \"><div class=\"wp-block-uagb-buttons-child uagb-buttons__outer-wrap uagb-block-b3b0e0d0 wp-block-button\"><div class=\"uagb-button__wrapper\"><a class=\"uagb-buttons-repeater wp-block-button__link\" aria-label=\"\" href=\"https:\/\/v2charge.com\/hr\/como-buscar-la-ip-de-los-dispositivos-conectados-a-mi-red-local\/\" rel=\"follow noopener\" target=\"_self\" role=\"button\"><div class=\"uagb-button__link\">Kako prona\u0107i IP adrese ure\u0111aja povezanih na moju lokalnu mre\u017eu?<\/div><\/a><\/div><\/div><\/div><\/div>\n\n\n<p>Odgovor na gornji zahtjev trebao bi biti sli\u010dan sljede\u0107oj slici:<\/p>\n\n\n<div class=\"wp-block-uagb-image aligncenter uagb-block-b1d2aad0 wp-block-uagb-image--layout-default wp-block-uagb-image--effect-static wp-block-uagb-image--align-center\"><figure class=\"wp-block-uagb-image__figure\"><img decoding=\"async\" srcset=\"https:\/\/v2charge.com\/wp-content\/uploads\/2023\/12\/ip-kostal-piko.jpeg ,https:\/\/v2charge.com\/wp-content\/uploads\/2023\/12\/ip-kostal-piko.jpeg 780w, https:\/\/v2charge.com\/wp-content\/uploads\/2023\/12\/ip-kostal-piko.jpeg 360w\" sizes=\"auto, (max-width: 480px) 150px\" src=\"https:\/\/v2charge.com\/wp-content\/uploads\/2023\/12\/ip-kostal-piko.jpeg\" alt=\"\" class=\"uag-image-129003\" width=\"959\" height=\"241\" title=\"\" loading=\"lazy\" role=\"img\"\/><\/figure><\/div>\n\n\n\n<hr class=\"wp-block-separator has-alpha-channel-opacity\"\/>\n\n\n<h2 class=\"wp-block-heading\">Kako se Kostal povezuje na punnu stanicu Trydan?<\/h2>\n\n\n<div class=\"wp-block-uagb-container uagb-block-39b84a3d alignfull uagb-is-root-container\"><div class=\"uagb-container-inner-blocks-wrap\">\n<div class=\"wp-block-uagb-container uagb-block-26fb7b33 alignfull uagb-is-root-container\"><div class=\"uagb-container-inner-blocks-wrap\">\n<div class=\"wp-block-uagb-container uagb-block-85cc70cf\"><div class=\"wp-block-uagb-info-box uagb-block-87944ae9 uagb-infobox__content-wrap  uagb-infobox-icon-left uagb-infobox-left uagb-infobox-stacked-tablet uagb-infobox-image-valign-top\"><div class=\"uagb-ifb-image-content\"><img decoding=\"async\" src=\"https:\/\/v2charge.com\/wp-content\/uploads\/2023\/11\/numero-uno.png\" alt=\"\" width=\"48\" height=\"48\" loading=\"lazy\"\/><\/div><div class=\"uagb-ifb-content\"><div class=\"uagb-ifb-title-wrap\"><\/div><p class=\"uagb-ifb-desc\">Prijavite se na aplikaciju <a href=\"https:\/\/v2charge.com\/hr\/v2c-cloud\/\">V2C Cloud<\/a><\/p><\/div><\/div>\n\n<div class=\"wp-block-uagb-info-box uagb-block-311fed58 uagb-infobox__content-wrap  uagb-infobox-icon-left uagb-infobox-left uagb-infobox-stacked-tablet uagb-infobox-image-valign-top\"><div class=\"uagb-ifb-image-content\"><img decoding=\"async\" src=\"https:\/\/v2charge.com\/wp-content\/uploads\/2023\/11\/numero-dos.png\" alt=\"\" width=\"48\" height=\"48\" loading=\"lazy\"\/><\/div><div class=\"uagb-ifb-content\"><div class=\"uagb-ifb-title-wrap\"><\/div><p class=\"uagb-ifb-desc\">Odaberite to\u010dku punjenja.<\/p><\/div><\/div>\n\n<div class=\"wp-block-uagb-info-box uagb-block-6d10e026 uagb-infobox__content-wrap  uagb-infobox-icon-left uagb-infobox-left uagb-infobox-stacked-tablet uagb-infobox-image-valign-top\"><div class=\"uagb-ifb-image-content\"><img decoding=\"async\" src=\"https:\/\/v2charge.com\/wp-content\/uploads\/2023\/11\/numero-tres.png\" alt=\"\" width=\"48\" height=\"48\" loading=\"lazy\"\/><\/div><div class=\"uagb-ifb-content\"><div class=\"uagb-ifb-title-wrap\"><\/div><p class=\"uagb-ifb-desc\">Pristupite odjeljku za postavke<\/p><\/div><\/div>\n\n<div class=\"wp-block-uagb-info-box uagb-block-f604bca7 uagb-infobox__content-wrap  uagb-infobox-icon-left uagb-infobox-left uagb-infobox-stacked-tablet uagb-infobox-image-valign-top\"><div class=\"uagb-ifb-image-content\"><img decoding=\"async\" src=\"https:\/\/v2charge.com\/wp-content\/uploads\/2023\/11\/numero-cuatro.png\" alt=\"\" width=\"48\" height=\"48\" loading=\"lazy\"\/><\/div><div class=\"uagb-ifb-content\"><div class=\"uagb-ifb-title-wrap\"><\/div><p class=\"uagb-ifb-desc\">U\u0111ite u <a href=\"https:\/\/v2charge.com\/hr\/soporte\/trydan\/control-dinamico-potencia\/\">Dinami\u010dku Kontrolu Snage<\/a> i odaberite Kostal na mjera\u010du.<\/p><\/div><\/div>\n\n<div class=\"wp-block-uagb-info-box uagb-block-7ad446bd uagb-infobox__content-wrap  uagb-infobox-icon-left uagb-infobox-left uagb-infobox-stacked-tablet uagb-infobox-image-valign-top\"><div class=\"uagb-ifb-image-content\"><img decoding=\"async\" src=\"https:\/\/v2charge.com\/wp-content\/uploads\/2023\/12\/numero-5.png\" alt=\"\" width=\"48\" height=\"48\" loading=\"lazy\"\/><\/div><div class=\"uagb-ifb-content\"><div class=\"uagb-ifb-title-wrap\"><\/div><p class=\"uagb-ifb-desc\">Odaberite vrstu instalacije.<\/p><\/div><\/div><\/div>\n\n\n\n<div class=\"wp-block-uagb-container uagb-block-45a48f3d\">\n<div class=\"wp-block-uagb-image aligncenter uagb-block-a6f5a186 wp-block-uagb-image--layout-default wp-block-uagb-image--effect-static wp-block-uagb-image--align-center\"><figure class=\"wp-block-uagb-image__figure\"><img decoding=\"async\" srcset=\"https:\/\/v2charge.com\/wp-content\/uploads\/2024\/01\/kostal-piko-inversor.jpg ,https:\/\/v2charge.com\/wp-content\/uploads\/2024\/01\/kostal-piko-inversor.jpg 780w, https:\/\/v2charge.com\/wp-content\/uploads\/2024\/01\/kostal-piko-inversor.jpg 360w\" sizes=\"auto, (max-width: 480px) 150px\" src=\"https:\/\/v2charge.com\/wp-content\/uploads\/2024\/01\/kostal-piko-inversor.jpg\" alt=\"\" class=\"uag-image-133262\" width=\"400\" height=\"684\" title=\"\" loading=\"lazy\" role=\"img\"\/><\/figure><\/div>\n<\/div>\n<\/div><\/div>\n<\/div><\/div>\n<\/div><\/div>\n\n\n\n<div class=\"wp-block-uagb-container uagb-block-c6f38013 alignfull uagb-is-root-container\"><div class=\"uagb-container-inner-blocks-wrap\"><div class=\"wp-block-uagb-advanced-heading uagb-block-6963d70c\"><h2 class=\"uagb-heading-text\"><strong>Treba\u0161 tehni\u010dku podr\u0161ku?<\/strong><\/h2><\/div>\n\n<div class=\"wp-block-uagb-advanced-heading uagb-block-408243eb\"><p class=\"uagb-heading-text\">Generirajte zahtjev u Tehni\u010dkoj podr\u0161ci i kontaktirat \u0107emo vas \u0161to je prije mogu\u0107e kako bismo vam ponudili najbolje rje\u0161enje.<\/p><\/div>\n\n\n<div class=\"wp-block-uagb-buttons uagb-buttons__outer-wrap uagb-btn__default-btn uagb-btn-tablet__default-btn uagb-btn-mobile__default-btn uagb-block-ba1e67d1\"><div class=\"uagb-buttons__wrap uagb-buttons-layout-wrap \"><div class=\"wp-block-uagb-buttons-child uagb-buttons__outer-wrap uagb-block-23cfb623 wp-block-button\"><div class=\"uagb-button__wrapper\"><a class=\"uagb-buttons-repeater wp-block-button__link\" aria-label=\"\" href=\"https:\/\/v2charge.atlassian.net\/servicedesk\/customer\/portal\/3\" rel=\"follow noopener\" target=\"_self\" role=\"button\"><div class=\"uagb-button__link\">Kontaktirajte Tehni\u010dku Podr\u0161ku<\/div><\/a><\/div><\/div><\/div><\/div>\n<\/div><\/div>\n","protected":false},"excerpt":{"rendered":"<p>Povezivanje Kostal PIKO s Trydanom Povezivanje Kostal PIKO s Trydanom vr\u0161i se putem HTTP zahtjeva, a za to na\u0161 inverter mora biti kompatibilan. U na\u010delu, svi Kostal PIKO inverteri su kompatibilni. U slu\u010daju da nisu, preporu\u010dujemo a\u017euriranje verzije firmvera na najnoviju dostupnu verziju. Kori\u0161tenje&nbsp;Wi-Fi repetitora&nbsp;ili&nbsp;mesh mre\u017ea&nbsp;mo\u017ee utjecati na ispravno funkcioniranje sustava. Preporu\u010dujemo kori\u0161tenje&nbsp;stabilne Wi-Fi mre\u017ee&nbsp;i &#8230; <a title=\"Conexija Kostal PIKO s Trydanom\" class=\"read-more\" href=\"https:\/\/v2charge.com\/hr\/conexija-kostal-piko-s-trydanom\/\" aria-label=\"Read more about Conexija Kostal PIKO s Trydanom\">Read more<\/a><\/p>\n","protected":false},"author":1,"featured_media":170354,"parent":0,"menu_order":0,"comment_status":"closed","ping_status":"closed","template":"","meta":{"_eb_attr":"","content-type":"","_uag_custom_page_level_css":"","footnotes":""},"class_list":["post-322361","page","type-page","status-publish","has-post-thumbnail"],"yoast_head":"<!-- This site is optimized with the Yoast SEO plugin v25.3.1 - https:\/\/yoast.com\/wordpress\/plugins\/seo\/ -->\n<title>Conexija Kostal PIKO s Trydanom - V2C<\/title>\n<meta name=\"description\" content=\"Veza Kostal PIKO s Trydanom ostvaruje se putem HTTP zahtjeva i, za to, na\u0161 inverter mora biti kompatibilan.\" \/>\n<meta name=\"robots\" content=\"index, follow, max-snippet:-1, max-image-preview:large, max-video-preview:-1\" \/>\n<link rel=\"canonical\" href=\"https:\/\/v2charge.com\/hr\/soporte\/trydan\/integracion-fotovoltaica\/inversor-kostal-piko\/\" \/>\n<meta property=\"og:locale\" content=\"hr_HR\" \/>\n<meta property=\"og:type\" content=\"article\" \/>\n<meta property=\"og:title\" content=\"Conexija Kostal PIKO s Trydanom - V2C\" \/>\n<meta property=\"og:description\" content=\"Veza Kostal PIKO s Trydanom ostvaruje se putem HTTP zahtjeva i, za to, na\u0161 inverter mora biti kompatibilan.\" \/>\n<meta property=\"og:url\" content=\"https:\/\/v2charge.com\/hr\/soporte\/trydan\/integracion-fotovoltaica\/inversor-kostal-piko\/\" \/>\n<meta property=\"og:site_name\" content=\"V2C\" \/>\n<meta property=\"article:publisher\" content=\"https:\/\/www.facebook.com\/V2C.Charge\" \/>\n<meta property=\"article:modified_time\" content=\"2025-07-18T12:00:55+00:00\" \/>\n<meta property=\"og:image\" content=\"https:\/\/v2charge.com\/wp-content\/uploads\/2024\/07\/v2c-electric-chargers.jpg\" \/>\n\t<meta property=\"og:image:width\" content=\"1200\" \/>\n\t<meta property=\"og:image:height\" content=\"675\" \/>\n\t<meta property=\"og:image:type\" content=\"image\/jpeg\" \/>\n<meta name=\"twitter:card\" content=\"summary_large_image\" \/>\n<meta name=\"twitter:site\" content=\"@V2C_Charge\" \/>\n<meta name=\"twitter:label1\" content=\"Est. reading time\" \/>\n\t<meta name=\"twitter:data1\" content=\"4 minute\" \/>\n<script type=\"application\/ld+json\" class=\"yoast-schema-graph\">{\"@context\":\"https:\/\/schema.org\",\"@graph\":[{\"@type\":\"WebPage\",\"@id\":\"https:\/\/v2charge.com\/hr\/conexija-kostal-piko-s-trydanom\/\",\"url\":\"https:\/\/v2charge.com\/hr\/soporte\/trydan\/integracion-fotovoltaica\/inversor-kostal-piko\/\",\"name\":\"Conexija Kostal PIKO s Trydanom - V2C\",\"isPartOf\":{\"@id\":\"https:\/\/v2charge.com\/hr\/#website\"},\"primaryImageOfPage\":{\"@id\":\"https:\/\/v2charge.com\/hr\/soporte\/trydan\/integracion-fotovoltaica\/inversor-kostal-piko\/#primaryimage\"},\"image\":{\"@id\":\"https:\/\/v2charge.com\/hr\/soporte\/trydan\/integracion-fotovoltaica\/inversor-kostal-piko\/#primaryimage\"},\"thumbnailUrl\":\"https:\/\/v2charge.com\/wp-content\/uploads\/2024\/07\/v2c-electric-chargers.jpg\",\"datePublished\":\"2023-01-24T15:06:03+00:00\",\"dateModified\":\"2025-07-18T12:00:55+00:00\",\"description\":\"Veza Kostal PIKO s Trydanom ostvaruje se putem HTTP zahtjeva i, za to, na\u0161 inverter mora biti kompatibilan.\",\"breadcrumb\":{\"@id\":\"https:\/\/v2charge.com\/hr\/soporte\/trydan\/integracion-fotovoltaica\/inversor-kostal-piko\/#breadcrumb\"},\"inLanguage\":\"hr\",\"potentialAction\":[{\"@type\":\"ReadAction\",\"target\":[\"https:\/\/v2charge.com\/hr\/soporte\/trydan\/integracion-fotovoltaica\/inversor-kostal-piko\/\"]}]},{\"@type\":\"ImageObject\",\"inLanguage\":\"hr\",\"@id\":\"https:\/\/v2charge.com\/hr\/soporte\/trydan\/integracion-fotovoltaica\/inversor-kostal-piko\/#primaryimage\",\"url\":\"https:\/\/v2charge.com\/wp-content\/uploads\/2024\/07\/v2c-electric-chargers.jpg\",\"contentUrl\":\"https:\/\/v2charge.com\/wp-content\/uploads\/2024\/07\/v2c-electric-chargers.jpg\",\"width\":1200,\"height\":675,\"caption\":\"V2C Electric Chargers\"},{\"@type\":\"BreadcrumbList\",\"@id\":\"https:\/\/v2charge.com\/hr\/soporte\/trydan\/integracion-fotovoltaica\/inversor-kostal-piko\/#breadcrumb\",\"itemListElement\":[{\"@type\":\"ListItem\",\"position\":1,\"name\":\"V2C\",\"item\":\"https:\/\/v2charge.com\/hr\/\"},{\"@type\":\"ListItem\",\"position\":2,\"name\":\"Conexija Kostal PIKO s Trydanom\"}]},{\"@type\":\"WebSite\",\"@id\":\"https:\/\/v2charge.com\/hr\/#website\",\"url\":\"https:\/\/v2charge.com\/hr\/\",\"name\":\"V2C\",\"description\":\"#CargandoElMa\u00f1ana\",\"publisher\":{\"@id\":\"https:\/\/v2charge.com\/hr\/#organization\"},\"potentialAction\":[{\"@type\":\"SearchAction\",\"target\":{\"@type\":\"EntryPoint\",\"urlTemplate\":\"https:\/\/v2charge.com\/hr\/?s={search_term_string}\"},\"query-input\":{\"@type\":\"PropertyValueSpecification\",\"valueRequired\":true,\"valueName\":\"search_term_string\"}}],\"inLanguage\":\"hr\"},{\"@type\":\"Organization\",\"@id\":\"https:\/\/v2charge.com\/hr\/#organization\",\"name\":\"V2C\",\"url\":\"https:\/\/v2charge.com\/hr\/\",\"logo\":{\"@type\":\"ImageObject\",\"inLanguage\":\"hr\",\"@id\":\"https:\/\/v2charge.com\/hr\/#\/schema\/logo\/image\/\",\"url\":\"https:\/\/v2charge.com\/wp-content\/uploads\/2024\/11\/cropped-v2c-charge-logo-menu.png\",\"contentUrl\":\"https:\/\/v2charge.com\/wp-content\/uploads\/2024\/11\/cropped-v2c-charge-logo-menu.png\",\"width\":984,\"height\":431,\"caption\":\"V2C\"},\"image\":{\"@id\":\"https:\/\/v2charge.com\/hr\/#\/schema\/logo\/image\/\"},\"sameAs\":[\"https:\/\/www.facebook.com\/V2C.Charge\",\"https:\/\/x.com\/V2C_Charge\",\"https:\/\/www.instagram.com\/v2c.charge\/\",\"https:\/\/www.youtube.com\/@V2C\",\"https:\/\/www.linkedin.com\/company\/v2c-chargers\/\"]}]}<\/script>\n<!-- \/ Yoast SEO plugin. -->","yoast_head_json":{"title":"Conexija Kostal PIKO s Trydanom - V2C","description":"Veza Kostal PIKO s Trydanom ostvaruje se putem HTTP zahtjeva i, za to, na\u0161 inverter mora biti kompatibilan.","robots":{"index":"index","follow":"follow","max-snippet":"max-snippet:-1","max-image-preview":"max-image-preview:large","max-video-preview":"max-video-preview:-1"},"canonical":"https:\/\/v2charge.com\/hr\/soporte\/trydan\/integracion-fotovoltaica\/inversor-kostal-piko\/","og_locale":"hr_HR","og_type":"article","og_title":"Conexija Kostal PIKO s Trydanom - V2C","og_description":"Veza Kostal PIKO s Trydanom ostvaruje se putem HTTP zahtjeva i, za to, na\u0161 inverter mora biti kompatibilan.","og_url":"https:\/\/v2charge.com\/hr\/soporte\/trydan\/integracion-fotovoltaica\/inversor-kostal-piko\/","og_site_name":"V2C","article_publisher":"https:\/\/www.facebook.com\/V2C.Charge","article_modified_time":"2025-07-18T12:00:55+00:00","og_image":[{"width":1200,"height":675,"url":"https:\/\/v2charge.com\/wp-content\/uploads\/2024\/07\/v2c-electric-chargers.jpg","type":"image\/jpeg"}],"twitter_card":"summary_large_image","twitter_site":"@V2C_Charge","twitter_misc":{"Est. reading time":"4 minute"},"schema":{"@context":"https:\/\/schema.org","@graph":[{"@type":"WebPage","@id":"https:\/\/v2charge.com\/hr\/conexija-kostal-piko-s-trydanom\/","url":"https:\/\/v2charge.com\/hr\/soporte\/trydan\/integracion-fotovoltaica\/inversor-kostal-piko\/","name":"Conexija Kostal PIKO s Trydanom - V2C","isPartOf":{"@id":"https:\/\/v2charge.com\/hr\/#website"},"primaryImageOfPage":{"@id":"https:\/\/v2charge.com\/hr\/soporte\/trydan\/integracion-fotovoltaica\/inversor-kostal-piko\/#primaryimage"},"image":{"@id":"https:\/\/v2charge.com\/hr\/soporte\/trydan\/integracion-fotovoltaica\/inversor-kostal-piko\/#primaryimage"},"thumbnailUrl":"https:\/\/v2charge.com\/wp-content\/uploads\/2024\/07\/v2c-electric-chargers.jpg","datePublished":"2023-01-24T15:06:03+00:00","dateModified":"2025-07-18T12:00:55+00:00","description":"Veza Kostal PIKO s Trydanom ostvaruje se putem HTTP zahtjeva i, za to, na\u0161 inverter mora biti kompatibilan.","breadcrumb":{"@id":"https:\/\/v2charge.com\/hr\/soporte\/trydan\/integracion-fotovoltaica\/inversor-kostal-piko\/#breadcrumb"},"inLanguage":"hr","potentialAction":[{"@type":"ReadAction","target":["https:\/\/v2charge.com\/hr\/soporte\/trydan\/integracion-fotovoltaica\/inversor-kostal-piko\/"]}]},{"@type":"ImageObject","inLanguage":"hr","@id":"https:\/\/v2charge.com\/hr\/soporte\/trydan\/integracion-fotovoltaica\/inversor-kostal-piko\/#primaryimage","url":"https:\/\/v2charge.com\/wp-content\/uploads\/2024\/07\/v2c-electric-chargers.jpg","contentUrl":"https:\/\/v2charge.com\/wp-content\/uploads\/2024\/07\/v2c-electric-chargers.jpg","width":1200,"height":675,"caption":"V2C Electric Chargers"},{"@type":"BreadcrumbList","@id":"https:\/\/v2charge.com\/hr\/soporte\/trydan\/integracion-fotovoltaica\/inversor-kostal-piko\/#breadcrumb","itemListElement":[{"@type":"ListItem","position":1,"name":"V2C","item":"https:\/\/v2charge.com\/hr\/"},{"@type":"ListItem","position":2,"name":"Conexija Kostal PIKO s Trydanom"}]},{"@type":"WebSite","@id":"https:\/\/v2charge.com\/hr\/#website","url":"https:\/\/v2charge.com\/hr\/","name":"V2C","description":"#CargandoElMa\u00f1ana","publisher":{"@id":"https:\/\/v2charge.com\/hr\/#organization"},"potentialAction":[{"@type":"SearchAction","target":{"@type":"EntryPoint","urlTemplate":"https:\/\/v2charge.com\/hr\/?s={search_term_string}"},"query-input":{"@type":"PropertyValueSpecification","valueRequired":true,"valueName":"search_term_string"}}],"inLanguage":"hr"},{"@type":"Organization","@id":"https:\/\/v2charge.com\/hr\/#organization","name":"V2C","url":"https:\/\/v2charge.com\/hr\/","logo":{"@type":"ImageObject","inLanguage":"hr","@id":"https:\/\/v2charge.com\/hr\/#\/schema\/logo\/image\/","url":"https:\/\/v2charge.com\/wp-content\/uploads\/2024\/11\/cropped-v2c-charge-logo-menu.png","contentUrl":"https:\/\/v2charge.com\/wp-content\/uploads\/2024\/11\/cropped-v2c-charge-logo-menu.png","width":984,"height":431,"caption":"V2C"},"image":{"@id":"https:\/\/v2charge.com\/hr\/#\/schema\/logo\/image\/"},"sameAs":["https:\/\/www.facebook.com\/V2C.Charge","https:\/\/x.com\/V2C_Charge","https:\/\/www.instagram.com\/v2c.charge\/","https:\/\/www.youtube.com\/@V2C","https:\/\/www.linkedin.com\/company\/v2c-chargers\/"]}]}},"uagb_featured_image_src":{"full":["https:\/\/v2charge.com\/wp-content\/uploads\/2024\/07\/v2c-electric-chargers.jpg",1200,675,false],"thumbnail":["https:\/\/v2charge.com\/wp-content\/uploads\/2024\/07\/v2c-electric-chargers-150x150.jpg",150,150,true],"medium":["https:\/\/v2charge.com\/wp-content\/uploads\/2024\/07\/v2c-electric-chargers-300x169.jpg",300,169,true],"medium_large":["https:\/\/v2charge.com\/wp-content\/uploads\/2024\/07\/v2c-electric-chargers-768x432.jpg",768,432,true],"large":["https:\/\/v2charge.com\/wp-content\/uploads\/2024\/07\/v2c-electric-chargers-1024x576.jpg",1024,576,true],"gs-tiny":["https:\/\/v2charge.com\/wp-content\/uploads\/2024\/07\/v2c-electric-chargers.jpg",50,28,false],"xl":["https:\/\/v2charge.com\/wp-content\/uploads\/2024\/07\/v2c-electric-chargers.jpg",1200,675,false],"xxl":["https:\/\/v2charge.com\/wp-content\/uploads\/2024\/07\/v2c-electric-chargers.jpg",1200,675,false],"xxxl":["https:\/\/v2charge.com\/wp-content\/uploads\/2024\/07\/v2c-electric-chargers.jpg",1200,675,false],"xxxxl":["https:\/\/v2charge.com\/wp-content\/uploads\/2024\/07\/v2c-electric-chargers.jpg",1200,675,false],"xxxxxl":["https:\/\/v2charge.com\/wp-content\/uploads\/2024\/07\/v2c-electric-chargers.jpg",1200,675,false],"1536x1536":["https:\/\/v2charge.com\/wp-content\/uploads\/2024\/07\/v2c-electric-chargers.jpg",1200,675,false],"2048x2048":["https:\/\/v2charge.com\/wp-content\/uploads\/2024\/07\/v2c-electric-chargers.jpg",1200,675,false]},"uagb_author_info":{"display_name":"V2C","author_link":"https:\/\/v2charge.com\/hr\/author\/root_k4eu7ki8\/"},"uagb_comment_info":0,"uagb_excerpt":"Povezivanje Kostal PIKO s Trydanom Povezivanje Kostal PIKO s Trydanom vr\u0161i se putem HTTP zahtjeva, a za to na\u0161 inverter mora biti kompatibilan. U na\u010delu, svi Kostal PIKO inverteri su kompatibilni. U slu\u010daju da nisu, preporu\u010dujemo a\u017euriranje verzije firmvera na najnoviju dostupnu verziju. Kori\u0161tenje&nbsp;Wi-Fi repetitora&nbsp;ili&nbsp;mesh mre\u017ea&nbsp;mo\u017ee utjecati na ispravno funkcioniranje sustava. Preporu\u010dujemo kori\u0161tenje&nbsp;stabilne Wi-Fi mre\u017ee&nbsp;i&hellip;","_links":{"self":[{"href":"https:\/\/v2charge.com\/hr\/wp-json\/wp\/v2\/pages\/322361","targetHints":{"allow":["GET"]}}],"collection":[{"href":"https:\/\/v2charge.com\/hr\/wp-json\/wp\/v2\/pages"}],"about":[{"href":"https:\/\/v2charge.com\/hr\/wp-json\/wp\/v2\/types\/page"}],"author":[{"embeddable":true,"href":"https:\/\/v2charge.com\/hr\/wp-json\/wp\/v2\/users\/1"}],"replies":[{"embeddable":true,"href":"https:\/\/v2charge.com\/hr\/wp-json\/wp\/v2\/comments?post=322361"}],"version-history":[{"count":0,"href":"https:\/\/v2charge.com\/hr\/wp-json\/wp\/v2\/pages\/322361\/revisions"}],"wp:featuredmedia":[{"embeddable":true,"href":"https:\/\/v2charge.com\/hr\/wp-json\/wp\/v2\/media\/170354"}],"wp:attachment":[{"href":"https:\/\/v2charge.com\/hr\/wp-json\/wp\/v2\/media?parent=322361"}],"curies":[{"name":"wp","href":"https:\/\/api.w.org\/{rel}","templated":true}]}}