{"id":322403,"date":"2024-03-26T12:40:28","date_gmt":"2024-03-26T10:40:28","guid":{"rendered":""},"modified":"2026-01-09T16:57:25","modified_gmt":"2026-01-09T14:57:25","slug":"jednopolni-dijagram-trydan","status":"publish","type":"page","link":"https:\/\/v2charge.com\/hr\/soporte-trydan\/jednopolni-dijagram-trydan\/","title":{"rendered":"Jednopolni dijagram Trydan"},"content":{"rendered":"\n<div class=\"wp-block-uagb-container uagb-block-4e29f302 alignfull uagb-is-root-container\"><div class=\"uagb-container-inner-blocks-wrap\"><div class=\"yoast-breadcrumbs\"><span><span><a href=\"https:\/\/v2charge.com\/hr\/\">V2C<\/a><\/span> \u00bb <span><a href=\"https:\/\/v2charge.com\/hr\/soporte-trydan\/\">Soporte para Trydan<\/a><\/span> \u00bb <span class=\"breadcrumb_last\" aria-current=\"page\">Esquema unifilar<\/span><\/span><\/div>\n\n<div class=\"wp-block-uagb-advanced-heading uagb-block-eb8d37cd\"><h1 class=\"uagb-heading-text\">Jednofazna shema s za\u0161titama Trydan<\/h1><\/div>\n\n<p>Jednosmjerni dijagram elektri\u010dnog punja\u010da Trydan pru\u017ea jasnu i detaljnu vizualnu reprezentaciju rasporeda i povezivanja svih elektri\u010dnih komponenti koje \u010dine ovaj napredni ure\u0111aj za punjenje.<br><br>Ovaj jednosmjerni dijagram je temeljni alat za razumijevanje elektri\u010dne arhitekture punja\u010da Trydan. <strong>Olak\u0161ava identifikaciju svake komponente<\/strong> i njezine funkcije unutar elektri\u010dnog sustava, \u0161to je <strong>klju\u010dno za odr\u017eavanje<\/strong>, <strong>popravak i dijagnosticiranje mogu\u0107ih problema<\/strong>. S ovom vizualnom reprezentacijom, in\u017eenjeri i tehni\u010dari mogu lako obavljati zadatke preventivnog odr\u017eavanja, kao i identificirati i rije\u0161iti bilo kakve pote\u0161ko\u0107e koje se mogu pojaviti tijekom rada elektri\u010dnog punja\u010da Trydan.<\/p>\n\n<div class=\"wp-block-uagb-advanced-heading uagb-block-d9d51112\"><h2 class=\"uagb-heading-text\">Punja\u010d bez schuko<\/h2><\/div>\n\n\n<div class=\"wp-block-uagb-container uagb-block-115ba7b4 alignfull uagb-is-root-container\"><div class=\"uagb-container-inner-blocks-wrap\">\n<div class=\"wp-block-uagb-container uagb-block-bf8267bf\">\n<div class=\"wp-block-uagb-image aligncenter uagb-block-9c978f55 wp-block-uagb-image--layout-default wp-block-uagb-image--effect-static wp-block-uagb-image--align-center\"><figure class=\"wp-block-uagb-image__figure\"><img decoding=\"async\" srcset=\"https:\/\/v2charge.com\/wp-content\/uploads\/2024\/03\/single-line-diagram-trydan.jpg ,https:\/\/v2charge.com\/wp-content\/uploads\/2024\/03\/single-line-diagram-trydan.jpg 780w, https:\/\/v2charge.com\/wp-content\/uploads\/2024\/03\/single-line-diagram-trydan.jpg 360w\" sizes=\"auto, (max-width: 480px) 150px\" src=\"https:\/\/v2charge.com\/wp-content\/uploads\/2024\/03\/single-line-diagram-trydan.jpg\" alt=\"\" class=\"uag-image-143035\" width=\"410\" height=\"800\" title=\"\" loading=\"lazy\" role=\"img\"\/><\/figure><\/div>\n<\/div>\n\n\n\n<div class=\"wp-block-uagb-container uagb-block-2c38e434\"><div class=\"wp-block-uagb-info-box uagb-block-f4bc3d17 uagb-infobox__content-wrap  uagb-infobox-icon-left uagb-infobox-left uagb-infobox-stacked-tablet uagb-infobox-image-valign-top\"><div class=\"uagb-ifb-image-content\"><img decoding=\"async\" src=\"https:\/\/v2charge.com\/wp-content\/uploads\/2023\/11\/numero-uno.png\" alt=\"\" width=\"25\" height=\"25\" loading=\"lazy\"\/><\/div><div class=\"uagb-ifb-content\"><div class=\"uagb-ifb-title-wrap\"><\/div><p class=\"uagb-ifb-desc\">Magnetotermi\u010dki (IGA) + prijelazne i trajne prenapone. Kombiniran s Diferencijalom (ispod)<\/p><\/div><\/div>\n\n<div class=\"wp-block-uagb-info-box uagb-block-be4b7ee4 uagb-infobox__content-wrap  uagb-infobox-icon-left uagb-infobox-left uagb-infobox-stacked-tablet uagb-infobox-image-valign-top\"><div class=\"uagb-ifb-image-content\"><img decoding=\"async\" src=\"https:\/\/v2charge.com\/wp-content\/uploads\/2023\/11\/numero-dos.png\" alt=\"\" width=\"25\" height=\"25\" loading=\"lazy\"\/><\/div><div class=\"uagb-ifb-content\"><div class=\"uagb-ifb-title-wrap\"><\/div><p class=\"uagb-ifb-desc\">2P<br>Krivulja C<br>In: 40 A<br>Icu: 6 kA<br>Tip II<br>Imax=5kA<br>EN61643<\/p><\/div><\/div>\n\n<div class=\"wp-block-uagb-info-box uagb-block-19cce819 uagb-infobox__content-wrap  uagb-infobox-icon-left uagb-infobox-left uagb-infobox-stacked-tablet uagb-infobox-image-valign-top\"><div class=\"uagb-ifb-image-content\"><img decoding=\"async\" src=\"https:\/\/v2charge.com\/wp-content\/uploads\/2023\/11\/numero-tres.png\" alt=\"\" width=\"25\" height=\"25\" loading=\"lazy\"\/><\/div><div class=\"uagb-ifb-content\"><div class=\"uagb-ifb-title-wrap\"><\/div><p class=\"uagb-ifb-desc\">Diferenccijal 2P<br>In: 40 A<br>30 mA<br>instantano<br>Klasa A &#8216;DA&#8217;<\/p><\/div><\/div>\n\n<div class=\"wp-block-uagb-info-box uagb-block-db49fce1 uagb-infobox__content-wrap  uagb-infobox-icon-left uagb-infobox-left uagb-infobox-stacked-tablet uagb-infobox-image-valign-top\"><div class=\"uagb-ifb-image-content\"><img decoding=\"async\" src=\"https:\/\/v2charge.com\/wp-content\/uploads\/2023\/11\/numero-cuatro.png\" alt=\"\" width=\"25\" height=\"25\" loading=\"lazy\"\/><\/div><div class=\"uagb-ifb-content\"><div class=\"uagb-ifb-title-wrap\"><\/div><p class=\"uagb-ifb-desc\">To\u010dka punjenja<br>7,36kW<\/p><\/div><\/div><\/div>\n<\/div><\/div>\n\n\n<div class=\"wp-block-uagb-advanced-heading uagb-block-1d853114\"><h2 class=\"uagb-heading-text\">Punja\u010d s schuko<\/h2><\/div>\n\n\n<div class=\"wp-block-uagb-container uagb-block-56c16a6f alignfull uagb-is-root-container\"><div class=\"uagb-container-inner-blocks-wrap\">\n<div class=\"wp-block-uagb-container uagb-block-7bae537e\">\n<div class=\"wp-block-uagb-image aligncenter uagb-block-d1cd0477 wp-block-uagb-image--layout-default wp-block-uagb-image--effect-static wp-block-uagb-image--align-center\"><figure class=\"wp-block-uagb-image__figure\"><img decoding=\"async\" srcset=\"https:\/\/v2charge.com\/wp-content\/uploads\/2025\/02\/esquema-unifilar-trydan-protecciones-schuko.jpg ,https:\/\/v2charge.com\/wp-content\/uploads\/2025\/02\/esquema-unifilar-trydan-protecciones-schuko.jpg 780w, https:\/\/v2charge.com\/wp-content\/uploads\/2025\/02\/esquema-unifilar-trydan-protecciones-schuko.jpg 360w\" sizes=\"auto, (max-width: 480px) 150px\" src=\"https:\/\/v2charge.com\/wp-content\/uploads\/2025\/02\/esquema-unifilar-trydan-protecciones-schuko.jpg\" alt=\"\" class=\"uag-image-206577\" width=\"519\" height=\"666\" title=\"esquema-unifilar-trydan-protecciones-schuko\" loading=\"lazy\" role=\"img\"\/><\/figure><\/div>\n<\/div>\n\n\n\n<div class=\"wp-block-uagb-container uagb-block-30011c0f\"><div class=\"wp-block-uagb-info-box uagb-block-7383f999 uagb-infobox__content-wrap  uagb-infobox-icon-left uagb-infobox-left uagb-infobox-stacked-tablet uagb-infobox-image-valign-top\"><div class=\"uagb-ifb-image-content\"><img decoding=\"async\" src=\"https:\/\/v2charge.com\/wp-content\/uploads\/2023\/11\/numero-uno.png\" alt=\"\" width=\"25\" height=\"25\" loading=\"lazy\"\/><\/div><div class=\"uagb-ifb-content\"><div class=\"uagb-ifb-title-wrap\"><\/div><p class=\"uagb-ifb-desc\">Magnetotermi\u010dki (IGA) + prenaponske za\u0161tite i trajne prenaponske za\u0161tite. Kombinirano s Diferencijalom (ispod)<\/p><\/div><\/div>\n\n<div class=\"wp-block-uagb-info-box uagb-block-f27286f1 uagb-infobox__content-wrap  uagb-infobox-icon-left uagb-infobox-left uagb-infobox-stacked-tablet uagb-infobox-image-valign-top\"><div class=\"uagb-ifb-image-content\"><img decoding=\"async\" src=\"https:\/\/v2charge.com\/wp-content\/uploads\/2023\/11\/numero-dos.png\" alt=\"\" width=\"25\" height=\"25\" loading=\"lazy\"\/><\/div><div class=\"uagb-ifb-content\"><div class=\"uagb-ifb-title-wrap\"><\/div><p class=\"uagb-ifb-desc\">2P<br>Curva C<br>In: 32 A<br>Icu: 6 kA<br>Tip II<br>Imax=5kA<br>EN61643<\/p><\/div><\/div>\n\n<div class=\"wp-block-uagb-info-box uagb-block-d7f20f31 uagb-infobox__content-wrap  uagb-infobox-icon-left uagb-infobox-left uagb-infobox-stacked-tablet uagb-infobox-image-valign-top\"><div class=\"uagb-ifb-image-content\"><img decoding=\"async\" src=\"https:\/\/v2charge.com\/wp-content\/uploads\/2023\/11\/numero-tres.png\" alt=\"\" width=\"25\" height=\"25\" loading=\"lazy\"\/><\/div><div class=\"uagb-ifb-content\"><div class=\"uagb-ifb-title-wrap\"><\/div><p class=\"uagb-ifb-desc\">Diferenijal 2P<br>In: 40 A<br>30 mA<br>instantano<br>Klasa A &#8216;DA&#8217;<\/p><\/div><\/div>\n\n<div class=\"wp-block-uagb-info-box uagb-block-c7338ebe uagb-infobox__content-wrap  uagb-infobox-icon-left uagb-infobox-left uagb-infobox-stacked-tablet uagb-infobox-image-valign-top\"><div class=\"uagb-ifb-image-content\"><img decoding=\"async\" src=\"https:\/\/v2charge.com\/wp-content\/uploads\/2023\/11\/numero-cuatro.png\" alt=\"\" width=\"25\" height=\"25\" loading=\"lazy\"\/><\/div><div class=\"uagb-ifb-content\"><div class=\"uagb-ifb-title-wrap\"><\/div><p class=\"uagb-ifb-desc\">Schuko<br>IP + N<br>Ulaz: 10 A<br>Curva C<\/p><\/div><\/div>\n\n<div class=\"wp-block-uagb-info-box uagb-block-6359aaec uagb-infobox__content-wrap  uagb-infobox-icon-left uagb-infobox-left uagb-infobox-stacked-tablet uagb-infobox-image-valign-top\"><div class=\"uagb-ifb-image-content\"><img decoding=\"async\" src=\"https:\/\/v2charge.com\/wp-content\/uploads\/2023\/11\/numero-cinco.png\" alt=\"\" width=\"25\" height=\"25\" loading=\"lazy\"\/><\/div><div class=\"uagb-ifb-content\"><div class=\"uagb-ifb-title-wrap\"><\/div><p class=\"uagb-ifb-desc\">Punja\u010d<br>7,36kW<\/p><\/div><\/div><\/div>\n<\/div><\/div>\n<\/div><\/div>\n\n\n\n<div style=\"height:50px\" aria-hidden=\"true\" class=\"wp-block-spacer\"><\/div>\n\n\n\n<div class=\"wp-block-uagb-container uagb-block-c6f38013 alignfull uagb-is-root-container\"><div class=\"uagb-container-inner-blocks-wrap\"><div class=\"wp-block-uagb-advanced-heading uagb-block-6963d70c\"><h2 class=\"uagb-heading-text\"><strong>Treba\u0161 tehni\u010dku podr\u0161ku?<\/strong><\/h2><\/div>\n\n<div class=\"wp-block-uagb-advanced-heading uagb-block-408243eb\"><p class=\"uagb-heading-text\">Rije\u0161i svoj problem odmah putem na\u0161eg \u010cata s AI. Ako se ne rije\u0161i, generiraj zahtjev u Tehni\u010dkoj podr\u0161ci i kontaktirat \u0107emo te \u0161to je prije mogu\u0107e kako bismo ti ponudili najbolje rje\u0161enje.<\/p><\/div>\n\n<div class=\"wp-block-uagb-info-box uagb-block-12e3cf1c uagb-infobox__content-wrap  uagb-infobox-icon-left uagb-infobox-left uagb-infobox-image-valign-top wp-block-uagb-info-box--has-margin ai-chatbot-button\"><div class=\"uagb-infobox-margin-wrapper\"><div class=\"uagb-ifb-image-content\"><img decoding=\"async\" src=\"https:\/\/v2charge.com\/wp-content\/uploads\/2026\/01\/support-ai-chatbot.png\" alt=\"\" width=\"20\" height=\"19\" loading=\"lazy\"\/><\/div><div class=\"uagb-ifb-content\"><div class=\"uagb-ifb-title-wrap\"><\/div><div class=\"uagb-ifb-button-wrapper wp-block-button\"><a href=\"https:\/\/v2charge.com\/hr\/v2c-support-web\/\" class=\"uagb-infobox-cta-link wp-block-button__link\" target=\"_blank\" rel=\"noopener noreferrer\" onclick=\"return true;\"><span class=\"uagb-inline-editing\">Pitaj na\u0161 AI Chat<\/span><\/a><\/div><\/div><\/div><\/div>\n\n\n<div class=\"wp-block-uagb-buttons uagb-buttons__outer-wrap uagb-btn__default-btn uagb-btn-tablet__default-btn uagb-btn-mobile__default-btn uagb-block-ba1e67d1\"><div class=\"uagb-buttons__wrap uagb-buttons-layout-wrap \"><div class=\"wp-block-uagb-buttons-child uagb-buttons__outer-wrap uagb-block-23cfb623 wp-block-button\"><div class=\"uagb-button__wrapper\"><a class=\"uagb-buttons-repeater wp-block-button__link\" aria-label=\"\" href=\"https:\/\/v2charge.atlassian.net\/servicedesk\/customer\/portal\/3\" rel=\"follow noopener\" target=\"_blank\" role=\"button\"><div class=\"uagb-button__link\">Kontaktirajte Tehni\u010dku Podr\u0161ku<\/div><\/a><\/div><\/div><\/div><\/div>\n<\/div><\/div>\n","protected":false},"excerpt":{"rendered":"<p>Jednofazna shema s za\u0161titama Trydan Jednosmjerni dijagram elektri\u010dnog punja\u010da Trydan pru\u017ea jasnu i detaljnu vizualnu reprezentaciju rasporeda i povezivanja svih elektri\u010dnih komponenti koje \u010dine ovaj napredni ure\u0111aj za punjenje. Ovaj jednosmjerni dijagram je temeljni alat za razumijevanje elektri\u010dne arhitekture punja\u010da Trydan. Olak\u0161ava identifikaciju svake komponente i njezine funkcije unutar elektri\u010dnog sustava, \u0161to je klju\u010dno za &#8230; <a title=\"Jednopolni dijagram Trydan\" class=\"read-more\" href=\"https:\/\/v2charge.com\/hr\/soporte-trydan\/jednopolni-dijagram-trydan\/\" aria-label=\"Read more about Jednopolni dijagram Trydan\">Read more<\/a><\/p>\n","protected":false},"author":400,"featured_media":170354,"parent":322325,"menu_order":0,"comment_status":"closed","ping_status":"closed","template":"","meta":{"_eb_attr":"","content-type":"","_uag_custom_page_level_css":"","footnotes":""},"class_list":["post-322403","page","type-page","status-publish","has-post-thumbnail"],"yoast_head":"<!-- This site is optimized with the Yoast SEO plugin v25.3.1 - https:\/\/yoast.com\/wordpress\/plugins\/seo\/ -->\n<title>Shema jednofaznog punja\u010da Trydan V2C<\/title>\n<meta name=\"description\" content=\"Prikazuje raspored i povezivanje elektri\u010dnih komponenti punja\u010da Trydan. Savr\u0161eno za odr\u017eavanje i identifikaciju problema.\" \/>\n<meta name=\"robots\" content=\"index, follow, max-snippet:-1, max-image-preview:large, max-video-preview:-1\" \/>\n<link rel=\"canonical\" href=\"https:\/\/v2charge.com\/hr\/soporte-trydan\/jednopolni-dijagram-trydan\/\" \/>\n<meta property=\"og:locale\" content=\"hr_HR\" \/>\n<meta property=\"og:type\" content=\"article\" \/>\n<meta property=\"og:title\" content=\"Shema jednofaznog punja\u010da Trydan V2C\" \/>\n<meta property=\"og:description\" content=\"Prikazuje raspored i povezivanje elektri\u010dnih komponenti punja\u010da Trydan. Savr\u0161eno za odr\u017eavanje i identifikaciju problema.\" \/>\n<meta property=\"og:url\" content=\"https:\/\/v2charge.com\/hr\/soporte-trydan\/jednopolni-dijagram-trydan\/\" \/>\n<meta property=\"og:site_name\" content=\"V2C\" \/>\n<meta property=\"article:publisher\" content=\"https:\/\/www.facebook.com\/V2C.Charge\" \/>\n<meta property=\"article:modified_time\" content=\"2026-01-09T14:57:25+00:00\" \/>\n<meta property=\"og:image\" content=\"https:\/\/v2charge.com\/wp-content\/uploads\/2024\/07\/v2c-electric-chargers.jpg\" \/>\n\t<meta property=\"og:image:width\" content=\"1200\" \/>\n\t<meta property=\"og:image:height\" content=\"675\" \/>\n\t<meta property=\"og:image:type\" content=\"image\/jpeg\" \/>\n<meta name=\"twitter:card\" content=\"summary_large_image\" \/>\n<meta name=\"twitter:site\" content=\"@V2C_Charge\" \/>\n<meta name=\"twitter:label1\" content=\"Est. reading time\" \/>\n\t<meta name=\"twitter:data1\" content=\"4 minute\" \/>\n<script type=\"application\/ld+json\" class=\"yoast-schema-graph\">{\"@context\":\"https:\/\/schema.org\",\"@graph\":[{\"@type\":\"WebPage\",\"@id\":\"https:\/\/v2charge.com\/hr\/soporte-trydan\/jednopolni-dijagram-trydan\/\",\"url\":\"https:\/\/v2charge.com\/hr\/soporte-trydan\/jednopolni-dijagram-trydan\/\",\"name\":\"Shema jednofaznog punja\u010da Trydan V2C\",\"isPartOf\":{\"@id\":\"https:\/\/v2charge.com\/hr\/#website\"},\"primaryImageOfPage\":{\"@id\":\"https:\/\/v2charge.com\/hr\/soporte-trydan\/jednopolni-dijagram-trydan\/#primaryimage\"},\"image\":{\"@id\":\"https:\/\/v2charge.com\/hr\/soporte-trydan\/jednopolni-dijagram-trydan\/#primaryimage\"},\"thumbnailUrl\":\"https:\/\/v2charge.com\/wp-content\/uploads\/2024\/07\/v2c-electric-chargers.jpg\",\"datePublished\":\"2024-03-26T10:40:28+00:00\",\"dateModified\":\"2026-01-09T14:57:25+00:00\",\"description\":\"Prikazuje raspored i povezivanje elektri\u010dnih komponenti punja\u010da Trydan. Savr\u0161eno za odr\u017eavanje i identifikaciju problema.\",\"breadcrumb\":{\"@id\":\"https:\/\/v2charge.com\/hr\/soporte-trydan\/jednopolni-dijagram-trydan\/#breadcrumb\"},\"inLanguage\":\"hr\",\"potentialAction\":[{\"@type\":\"ReadAction\",\"target\":[\"https:\/\/v2charge.com\/hr\/soporte-trydan\/jednopolni-dijagram-trydan\/\"]}]},{\"@type\":\"ImageObject\",\"inLanguage\":\"hr\",\"@id\":\"https:\/\/v2charge.com\/hr\/soporte-trydan\/jednopolni-dijagram-trydan\/#primaryimage\",\"url\":\"https:\/\/v2charge.com\/wp-content\/uploads\/2024\/07\/v2c-electric-chargers.jpg\",\"contentUrl\":\"https:\/\/v2charge.com\/wp-content\/uploads\/2024\/07\/v2c-electric-chargers.jpg\",\"width\":1200,\"height\":675,\"caption\":\"V2C Electric Chargers\"},{\"@type\":\"BreadcrumbList\",\"@id\":\"https:\/\/v2charge.com\/hr\/soporte-trydan\/jednopolni-dijagram-trydan\/#breadcrumb\",\"itemListElement\":[{\"@type\":\"ListItem\",\"position\":1,\"name\":\"V2C\",\"item\":\"https:\/\/v2charge.com\/hr\/\"},{\"@type\":\"ListItem\",\"position\":2,\"name\":\"Soporte para Trydan\",\"item\":\"https:\/\/v2charge.com\/hr\/soporte-trydan\/\"},{\"@type\":\"ListItem\",\"position\":3,\"name\":\"Esquema unifilar\"}]},{\"@type\":\"WebSite\",\"@id\":\"https:\/\/v2charge.com\/hr\/#website\",\"url\":\"https:\/\/v2charge.com\/hr\/\",\"name\":\"V2C\",\"description\":\"#CargandoElMa\u00f1ana\",\"publisher\":{\"@id\":\"https:\/\/v2charge.com\/hr\/#organization\"},\"potentialAction\":[{\"@type\":\"SearchAction\",\"target\":{\"@type\":\"EntryPoint\",\"urlTemplate\":\"https:\/\/v2charge.com\/hr\/?s={search_term_string}\"},\"query-input\":{\"@type\":\"PropertyValueSpecification\",\"valueRequired\":true,\"valueName\":\"search_term_string\"}}],\"inLanguage\":\"hr\"},{\"@type\":\"Organization\",\"@id\":\"https:\/\/v2charge.com\/hr\/#organization\",\"name\":\"V2C\",\"url\":\"https:\/\/v2charge.com\/hr\/\",\"logo\":{\"@type\":\"ImageObject\",\"inLanguage\":\"hr\",\"@id\":\"https:\/\/v2charge.com\/hr\/#\/schema\/logo\/image\/\",\"url\":\"https:\/\/v2charge.com\/wp-content\/uploads\/2024\/11\/cropped-v2c-charge-logo-menu.png\",\"contentUrl\":\"https:\/\/v2charge.com\/wp-content\/uploads\/2024\/11\/cropped-v2c-charge-logo-menu.png\",\"width\":984,\"height\":431,\"caption\":\"V2C\"},\"image\":{\"@id\":\"https:\/\/v2charge.com\/hr\/#\/schema\/logo\/image\/\"},\"sameAs\":[\"https:\/\/www.facebook.com\/V2C.Charge\",\"https:\/\/x.com\/V2C_Charge\",\"https:\/\/www.instagram.com\/v2c.charge\/\",\"https:\/\/www.youtube.com\/@V2C\",\"https:\/\/www.linkedin.com\/company\/v2c-chargers\/\"]}]}<\/script>\n<!-- \/ Yoast SEO plugin. -->","yoast_head_json":{"title":"Shema jednofaznog punja\u010da Trydan V2C","description":"Prikazuje raspored i povezivanje elektri\u010dnih komponenti punja\u010da Trydan. Savr\u0161eno za odr\u017eavanje i identifikaciju problema.","robots":{"index":"index","follow":"follow","max-snippet":"max-snippet:-1","max-image-preview":"max-image-preview:large","max-video-preview":"max-video-preview:-1"},"canonical":"https:\/\/v2charge.com\/hr\/soporte-trydan\/jednopolni-dijagram-trydan\/","og_locale":"hr_HR","og_type":"article","og_title":"Shema jednofaznog punja\u010da Trydan V2C","og_description":"Prikazuje raspored i povezivanje elektri\u010dnih komponenti punja\u010da Trydan. Savr\u0161eno za odr\u017eavanje i identifikaciju problema.","og_url":"https:\/\/v2charge.com\/hr\/soporte-trydan\/jednopolni-dijagram-trydan\/","og_site_name":"V2C","article_publisher":"https:\/\/www.facebook.com\/V2C.Charge","article_modified_time":"2026-01-09T14:57:25+00:00","og_image":[{"width":1200,"height":675,"url":"https:\/\/v2charge.com\/wp-content\/uploads\/2024\/07\/v2c-electric-chargers.jpg","type":"image\/jpeg"}],"twitter_card":"summary_large_image","twitter_site":"@V2C_Charge","twitter_misc":{"Est. reading time":"4 minute"},"schema":{"@context":"https:\/\/schema.org","@graph":[{"@type":"WebPage","@id":"https:\/\/v2charge.com\/hr\/soporte-trydan\/jednopolni-dijagram-trydan\/","url":"https:\/\/v2charge.com\/hr\/soporte-trydan\/jednopolni-dijagram-trydan\/","name":"Shema jednofaznog punja\u010da Trydan V2C","isPartOf":{"@id":"https:\/\/v2charge.com\/hr\/#website"},"primaryImageOfPage":{"@id":"https:\/\/v2charge.com\/hr\/soporte-trydan\/jednopolni-dijagram-trydan\/#primaryimage"},"image":{"@id":"https:\/\/v2charge.com\/hr\/soporte-trydan\/jednopolni-dijagram-trydan\/#primaryimage"},"thumbnailUrl":"https:\/\/v2charge.com\/wp-content\/uploads\/2024\/07\/v2c-electric-chargers.jpg","datePublished":"2024-03-26T10:40:28+00:00","dateModified":"2026-01-09T14:57:25+00:00","description":"Prikazuje raspored i povezivanje elektri\u010dnih komponenti punja\u010da Trydan. Savr\u0161eno za odr\u017eavanje i identifikaciju problema.","breadcrumb":{"@id":"https:\/\/v2charge.com\/hr\/soporte-trydan\/jednopolni-dijagram-trydan\/#breadcrumb"},"inLanguage":"hr","potentialAction":[{"@type":"ReadAction","target":["https:\/\/v2charge.com\/hr\/soporte-trydan\/jednopolni-dijagram-trydan\/"]}]},{"@type":"ImageObject","inLanguage":"hr","@id":"https:\/\/v2charge.com\/hr\/soporte-trydan\/jednopolni-dijagram-trydan\/#primaryimage","url":"https:\/\/v2charge.com\/wp-content\/uploads\/2024\/07\/v2c-electric-chargers.jpg","contentUrl":"https:\/\/v2charge.com\/wp-content\/uploads\/2024\/07\/v2c-electric-chargers.jpg","width":1200,"height":675,"caption":"V2C Electric Chargers"},{"@type":"BreadcrumbList","@id":"https:\/\/v2charge.com\/hr\/soporte-trydan\/jednopolni-dijagram-trydan\/#breadcrumb","itemListElement":[{"@type":"ListItem","position":1,"name":"V2C","item":"https:\/\/v2charge.com\/hr\/"},{"@type":"ListItem","position":2,"name":"Soporte para Trydan","item":"https:\/\/v2charge.com\/hr\/soporte-trydan\/"},{"@type":"ListItem","position":3,"name":"Esquema unifilar"}]},{"@type":"WebSite","@id":"https:\/\/v2charge.com\/hr\/#website","url":"https:\/\/v2charge.com\/hr\/","name":"V2C","description":"#CargandoElMa\u00f1ana","publisher":{"@id":"https:\/\/v2charge.com\/hr\/#organization"},"potentialAction":[{"@type":"SearchAction","target":{"@type":"EntryPoint","urlTemplate":"https:\/\/v2charge.com\/hr\/?s={search_term_string}"},"query-input":{"@type":"PropertyValueSpecification","valueRequired":true,"valueName":"search_term_string"}}],"inLanguage":"hr"},{"@type":"Organization","@id":"https:\/\/v2charge.com\/hr\/#organization","name":"V2C","url":"https:\/\/v2charge.com\/hr\/","logo":{"@type":"ImageObject","inLanguage":"hr","@id":"https:\/\/v2charge.com\/hr\/#\/schema\/logo\/image\/","url":"https:\/\/v2charge.com\/wp-content\/uploads\/2024\/11\/cropped-v2c-charge-logo-menu.png","contentUrl":"https:\/\/v2charge.com\/wp-content\/uploads\/2024\/11\/cropped-v2c-charge-logo-menu.png","width":984,"height":431,"caption":"V2C"},"image":{"@id":"https:\/\/v2charge.com\/hr\/#\/schema\/logo\/image\/"},"sameAs":["https:\/\/www.facebook.com\/V2C.Charge","https:\/\/x.com\/V2C_Charge","https:\/\/www.instagram.com\/v2c.charge\/","https:\/\/www.youtube.com\/@V2C","https:\/\/www.linkedin.com\/company\/v2c-chargers\/"]}]}},"uagb_featured_image_src":{"full":["https:\/\/v2charge.com\/wp-content\/uploads\/2024\/07\/v2c-electric-chargers.jpg",1200,675,false],"thumbnail":["https:\/\/v2charge.com\/wp-content\/uploads\/2024\/07\/v2c-electric-chargers-150x150.jpg",150,150,true],"medium":["https:\/\/v2charge.com\/wp-content\/uploads\/2024\/07\/v2c-electric-chargers-300x169.jpg",300,169,true],"medium_large":["https:\/\/v2charge.com\/wp-content\/uploads\/2024\/07\/v2c-electric-chargers-768x432.jpg",768,432,true],"large":["https:\/\/v2charge.com\/wp-content\/uploads\/2024\/07\/v2c-electric-chargers-1024x576.jpg",1024,576,true],"gs-tiny":["https:\/\/v2charge.com\/wp-content\/uploads\/2024\/07\/v2c-electric-chargers.jpg",50,28,false],"xl":["https:\/\/v2charge.com\/wp-content\/uploads\/2024\/07\/v2c-electric-chargers.jpg",1200,675,false],"xxl":["https:\/\/v2charge.com\/wp-content\/uploads\/2024\/07\/v2c-electric-chargers.jpg",1200,675,false],"xxxl":["https:\/\/v2charge.com\/wp-content\/uploads\/2024\/07\/v2c-electric-chargers.jpg",1200,675,false],"xxxxl":["https:\/\/v2charge.com\/wp-content\/uploads\/2024\/07\/v2c-electric-chargers.jpg",1200,675,false],"xxxxxl":["https:\/\/v2charge.com\/wp-content\/uploads\/2024\/07\/v2c-electric-chargers.jpg",1200,675,false],"1536x1536":["https:\/\/v2charge.com\/wp-content\/uploads\/2024\/07\/v2c-electric-chargers.jpg",1200,675,false],"2048x2048":["https:\/\/v2charge.com\/wp-content\/uploads\/2024\/07\/v2c-electric-chargers.jpg",1200,675,false]},"uagb_author_info":{"display_name":"V2C","author_link":"https:\/\/v2charge.com\/hr\/author\/marketing\/"},"uagb_comment_info":0,"uagb_excerpt":"Jednofazna shema s za\u0161titama Trydan Jednosmjerni dijagram elektri\u010dnog punja\u010da Trydan pru\u017ea jasnu i detaljnu vizualnu reprezentaciju rasporeda i povezivanja svih elektri\u010dnih komponenti koje \u010dine ovaj napredni ure\u0111aj za punjenje. Ovaj jednosmjerni dijagram je temeljni alat za razumijevanje elektri\u010dne arhitekture punja\u010da Trydan. Olak\u0161ava identifikaciju svake komponente i njezine funkcije unutar elektri\u010dnog sustava, \u0161to je klju\u010dno za&hellip;","_links":{"self":[{"href":"https:\/\/v2charge.com\/hr\/wp-json\/wp\/v2\/pages\/322403","targetHints":{"allow":["GET"]}}],"collection":[{"href":"https:\/\/v2charge.com\/hr\/wp-json\/wp\/v2\/pages"}],"about":[{"href":"https:\/\/v2charge.com\/hr\/wp-json\/wp\/v2\/types\/page"}],"author":[{"embeddable":true,"href":"https:\/\/v2charge.com\/hr\/wp-json\/wp\/v2\/users\/400"}],"replies":[{"embeddable":true,"href":"https:\/\/v2charge.com\/hr\/wp-json\/wp\/v2\/comments?post=322403"}],"version-history":[{"count":0,"href":"https:\/\/v2charge.com\/hr\/wp-json\/wp\/v2\/pages\/322403\/revisions"}],"up":[{"embeddable":true,"href":"https:\/\/v2charge.com\/hr\/wp-json\/wp\/v2\/pages\/322325"}],"wp:featuredmedia":[{"embeddable":true,"href":"https:\/\/v2charge.com\/hr\/wp-json\/wp\/v2\/media\/170354"}],"wp:attachment":[{"href":"https:\/\/v2charge.com\/hr\/wp-json\/wp\/v2\/media?parent=322403"}],"curies":[{"name":"wp","href":"https:\/\/api.w.org\/{rel}","templated":true}]}}