{"id":322422,"date":"2024-09-02T13:15:42","date_gmt":"2024-09-02T11:15:42","guid":{"rendered":""},"modified":"2026-01-09T17:26:50","modified_gmt":"2026-01-09T15:26:50","slug":"rad-tpv-a","status":"publish","type":"page","link":"https:\/\/v2charge.com\/hr\/rad-tpv-a\/","title":{"rendered":"Rad TPV-a"},"content":{"rendered":"\n<div class=\"wp-block-uagb-container uagb-block-e3a6ec3a alignfull uagb-is-root-container\"><div class=\"uagb-container-inner-blocks-wrap\"><div class=\"yoast-breadcrumbs\"><span><span><a href=\"https:\/\/v2charge.com\/hr\/\">V2C<\/a><\/span> \u00bb <span class=\"breadcrumb_last\" aria-current=\"page\">Rad TPV-a<\/span><\/span><\/div>\n\n<div class=\"wp-block-uagb-advanced-heading uagb-block-52db0405\"><h1 class=\"uagb-heading-text\">\u0160to je i kako funkcionira TPV?<\/h1><\/div>\n\n<p>TPV je na\u0161 <strong>novi terminal za pla\u0107anje<\/strong>, ugra\u0111en u <strong>Pole Pro<\/strong> kako bi dodatno olak\u0161ao pla\u0107anje <strong>kreditnom ili debitnom karticom<\/strong>. Bez registracija, bez aplikacija i bez komplikacija. Novi na\u010din pla\u0107anja V2C Payments dizajniran je za pojednostavljenje i olak\u0161avanje punjenja elektri\u010dnih vozila, \u010dine\u0107i ga dostupnijim kako na javnim tako i na privatnim mjestima.<\/p>\n\n<p>Sad, s e-Charger Pole Pro, mo\u017ee\u0161 <strong>monetizirati svoj punja\u010d na najjednostavniji na\u010din<\/strong>. Ovaj integrirani sustav pla\u0107anja omogu\u0107uje drugim korisnicima e-mobilnosti da iskoriste tvoj e-Charger bez potrebe za aplikacijama ili prethodnim registracijama, jednostavno pla\u0107aju i pune.<\/p><\/div><\/div>\n\n\n\n<div class=\"wp-block-uagb-container uagb-block-fc8cc1d7 alignfull uagb-is-root-container\"><div class=\"uagb-container-inner-blocks-wrap\"><iframe loading=\"lazy\" class=\"tpv-video\" width=\"560\" height=\"600\" src=\"https:\/\/www.youtube.com\/embed\/4rurgA2YQ50?si=4lzd8p2AJ3Xjeae3\" title=\"YouTube video player\" frameborder=\"0\" allow=\"accelerometer; autoplay; clipboard-write; encrypted-media; gyroscope; picture-in-picture; web-share\" referrerpolicy=\"strict-origin-when-cross-origin\" allowfullscreen><\/iframe>\n\n<style>\n.tpv-video{\nborder-radius: 20px;\n}\n@media only screen and (max-width: 976px){\n.tpv-video{\nheight: 350px!important;\n}\n}\n<\/style><\/div><\/div>\n\n\n\n<div class=\"wp-block-uagb-container uagb-block-dfb1d7c5 alignfull uagb-is-root-container\"><div class=\"uagb-container-inner-blocks-wrap\">\n<div class=\"wp-block-uagb-separator uagb-block-ff6ecbbb\"><div class=\"wp-block-uagb-separator__inner\" style=\"--my-background-image:\"><\/div><\/div>\n\n\n<div class=\"wp-block-uagb-advanced-heading uagb-block-415d765e\"><h2 class=\"uagb-heading-text\">Funkcioniranje za korisnike<\/h2><\/div>\n\n<div class=\"wp-block-uagb-advanced-heading uagb-block-9e95494c\"><h3 class=\"uagb-heading-text\">Korak po korak za punjenje va\u0161eg vozila s TPV-om<\/h3><\/div>\n\n<p>TPV omogu\u0107uje svakom korisniku da <strong>puniti na jednostavniji i br\u017ei na\u010din<\/strong>.<\/p>\n\n<div class=\"wp-block-uagb-info-box uagb-block-2fb88c6e uagb-infobox__content-wrap  uagb-infobox-icon-left uagb-infobox-left uagb-infobox-stacked-tablet uagb-infobox-image-valign-top acordeon-tpv\"><div class=\"uagb-ifb-image-content\"><img decoding=\"async\" src=\"https:\/\/v2charge.com\/wp-content\/uploads\/2023\/11\/numero-uno.png\" alt=\"\" width=\"30\" height=\"30\" loading=\"lazy\"\/><\/div><div class=\"uagb-ifb-content\"><div class=\"uagb-ifb-title-wrap\"><\/div><p class=\"uagb-ifb-desc\">Za po\u010detak, <strong>priklju\u010di kabel svog elektri\u010dnog vozila na jedan od dostupnih priklju\u010daka na Pole Pro<\/strong>. Ovo je prvi bitan korak za zapo\u010dinjanje punjenja tvog automobila.<br><strong>Provjeri da li je tvoje vozilo ispravno povezano<\/strong> i da indikator na dnu najbli\u017eeg ekrana odabranom priklju\u010dku svijetli zeleno. Tako\u0111er, umjesto &#8216;slobodno&#8217;, trebala bi se pojaviti &#8216;povezano&#8217;, \u0161to potvr\u0111uje da je sve spremno za nastavak.<\/p><\/div><\/div>\n\n<div class=\"wp-block-uagb-info-box uagb-block-e79fbc24 uagb-infobox__content-wrap  uagb-infobox-icon-left uagb-infobox-left uagb-infobox-stacked-tablet uagb-infobox-image-valign-top acordeon-tpv\"><div class=\"uagb-ifb-image-content\"><img decoding=\"async\" src=\"https:\/\/v2charge.com\/wp-content\/uploads\/2023\/11\/numero-dos.png\" alt=\"\" width=\"30\" height=\"30\" loading=\"lazy\"\/><\/div><div class=\"uagb-ifb-content\"><div class=\"uagb-ifb-title-wrap\"><\/div><p class=\"uagb-ifb-desc\"><strong>Na ekranu punja\u010da bit \u0107e prikazane cijene u eurima po kW i po satu<\/strong>, tako\u0111er \u0107e ti biti nazna\u010deno da <strong>pribli\u017ei\u0161 svoju karticu terminalu za pla\u0107anje<\/strong>. To \u0107e ti omogu\u0107iti da sazna\u0161 to\u010dan tro\u0161ak punjenja prije nego \u0161to nastavi\u0161*.<\/p><\/div><\/div>\n\n\n<div class=\"wp-block-uagb-container uagb-block-83e4d2ae default uagb-is-root-container\">\n<div class=\"wp-block-uagb-container uagb-block-ef18bae5\">\n<div class=\"wp-block-uagb-image aligncenter uagb-block-e2135782 wp-block-uagb-image--layout-default wp-block-uagb-image--effect-static wp-block-uagb-image--align-center\"><figure class=\"wp-block-uagb-image__figure\"><img decoding=\"async\" srcset=\"https:\/\/v2charge.com\/wp-content\/uploads\/2023\/11\/icon-important.png ,https:\/\/v2charge.com\/wp-content\/uploads\/2023\/11\/icon-important.png 780w, https:\/\/v2charge.com\/wp-content\/uploads\/2023\/11\/icon-important.png 360w\" sizes=\"auto, (max-width: 480px) 150px\" src=\"https:\/\/v2charge.com\/wp-content\/uploads\/2023\/11\/icon-important.png\" alt=\"\" class=\"uag-image-125013\" width=\"50\" height=\"50\" title=\"\" loading=\"lazy\" role=\"img\"\/><\/figure><\/div>\n<\/div>\n\n\n\n<div class=\"wp-block-uagb-container uagb-block-5e01c4d4\"><div class=\"wp-block-uagb-advanced-heading uagb-block-c31a64a4\"><p class=\"uagb-heading-text\">Prilikom pla\u0107anja, <strong>bit \u0107e zadr\u017ean privremeni iznos na va\u0161oj kartici<\/strong>. Me\u0111utim, naplatit \u0107e se samo to\u010dan iznos koji odgovara energiji koju ste koristili za punjenje va\u0161eg vozila.<\/p><\/div><\/div>\n<\/div>\n\n\n<div class=\"wp-block-uagb-info-box uagb-block-47c5cf93 uagb-infobox__content-wrap  uagb-infobox-icon-left uagb-infobox-left uagb-infobox-stacked-tablet uagb-infobox-image-valign-top wp-block-uagb-info-box--has-margin acordeon-tpv\"><div class=\"uagb-infobox-margin-wrapper\"><div class=\"uagb-ifb-image-content\"><img decoding=\"async\" src=\"https:\/\/v2charge.com\/wp-content\/uploads\/2023\/11\/numero-tres.png\" alt=\"\" width=\"30\" height=\"30\" loading=\"lazy\"\/><\/div><div class=\"uagb-ifb-content\"><div class=\"uagb-ifb-title-wrap\"><\/div><p class=\"uagb-ifb-desc\"><strong>Ako je uplata ispravna, punjenje \u0107e zapo\u010deti<\/strong> i na ekranu \u0107e nam pokazati vrijeme punjenja, potro\u0161enu energiju i snagu. <strong>Indikator na dnu ekrana trebao bi se pojaviti u plavoj boji s porukom &#8216;punjenje&#8217;. <\/strong><br>Ako uplata nije ispravno obra\u0111ena, sustav \u0107e automatski ponovo pokrenuti proces.<\/p><\/div><\/div><\/div>\n\n\n<hr class=\"wp-block-separator has-alpha-channel-opacity\"\/>\n\n\n\n<div class=\"wp-block-uagb-container uagb-block-dcbcdbda default uagb-is-root-container\">\n<div class=\"wp-block-uagb-container uagb-block-f35922e9\">\t\t\t\t\t<div\n\t\t\t\t\t\tclass=\"wp-block-uagb-image-gallery uagb-block-7c3fd192     \"\n\t\t\t\t\t\tstyle=\"\"\n\t\t\t\t\t>\n\t\t\t\t\t\t\t\t\t\t\t<div class=\"spectra-image-gallery spectra-image-gallery__layout--carousel\">\n\t\t\t\t\t\t\t\t<div class=\"uagb-slick-carousel uagb-block-7c3fd192\">\n\t\t\t\t\t\t\t\t\t\t\t\t<div class='spectra-image-gallery__media-wrapper' data-spectra-gallery-image-id='175098'>\n\t\t\t\t\t\t\t<div class=\"spectra-image-gallery__media spectra-image-gallery__media--carousel\">\n\t\t\t\t<picture>\n\t\t\t\t\t<source media=\"(min-width: 1024px)\" srcset=\"https:\/\/v2charge.com\/wp-content\/uploads\/2024\/08\/qr-informacion-cargando.jpg\">\n\t\t\t\t\t<source media=\"(min-width: 768px)\" srcset=\"https:\/\/v2charge.com\/wp-content\/uploads\/2024\/08\/qr-informacion-cargando.jpg\">\n\t\t\t\t\t<img decoding=\"async\" class=\"spectra-image-gallery__media-thumbnail spectra-image-gallery__media-thumbnail--carousel\" src=\"https:\/\/v2charge.com\/wp-content\/uploads\/2024\/08\/qr-informacion-cargando.jpg\" alt=\"\" loading=\"lazy\" \/>\n\t\t\t\t<\/picture>\n\t\t\t\t<div class=\"spectra-image-gallery__media-thumbnail-blurrer\"><\/div>\n\t\t\t\t\t\t\t\t\t\t\t<div class=\"spectra-image-gallery__media-thumbnail-caption-wrapper spectra-image-gallery__media-thumbnail-caption-wrapper--overlay\"><\/div>\n\t\t\t\t\t\t\t\t<\/div>\n\t\t\t\t\t\t<\/div>\n\t\t\t\t\t\t<div class='spectra-image-gallery__media-wrapper' data-spectra-gallery-image-id='175108'>\n\t\t\t\t\t\t\t<div class=\"spectra-image-gallery__media spectra-image-gallery__media--carousel\">\n\t\t\t\t<picture>\n\t\t\t\t\t<source media=\"(min-width: 1024px)\" srcset=\"https:\/\/v2charge.com\/wp-content\/uploads\/2024\/08\/qr-informacion-carga-finalizada.jpg\">\n\t\t\t\t\t<source media=\"(min-width: 768px)\" srcset=\"https:\/\/v2charge.com\/wp-content\/uploads\/2024\/08\/qr-informacion-carga-finalizada.jpg\">\n\t\t\t\t\t<img decoding=\"async\" class=\"spectra-image-gallery__media-thumbnail spectra-image-gallery__media-thumbnail--carousel\" src=\"https:\/\/v2charge.com\/wp-content\/uploads\/2024\/08\/qr-informacion-carga-finalizada.jpg\" alt=\"\" loading=\"lazy\" \/>\n\t\t\t\t<\/picture>\n\t\t\t\t<div class=\"spectra-image-gallery__media-thumbnail-blurrer\"><\/div>\n\t\t\t\t\t\t\t\t\t\t\t<div class=\"spectra-image-gallery__media-thumbnail-caption-wrapper spectra-image-gallery__media-thumbnail-caption-wrapper--overlay\"><\/div>\n\t\t\t\t\t\t\t\t<\/div>\n\t\t\t\t\t\t<\/div>\n\t\t\t\t\t\t\t\t\t\t\t<\/div>\n\t\t\t\t\t\t\t<\/div>\n\t\t\t\t\t\t\t\t\t\t\t<\/div>\n\t\t\t\t\t\t\t\t\t<\/div>\n\n\n\n<div class=\"wp-block-uagb-container uagb-block-99878bcf\"><div class=\"wp-block-uagb-advanced-heading uagb-block-4e7dff0c\"><h3 class=\"uagb-heading-text\">Kontrola punjenja za korisnike<\/h3><\/div>\n\n<p><strong>Kao korisnik, mo\u017eete jednostavno i udobno nadzirati rad u svakom trenutku, jednostavno skeniranjem QR koda koji se pojavljuje na ekranu tijekom punjenja.<\/strong><\/p>\n\n<p>Dok se va\u0161e vozilo puni, mo\u0107i \u0107ete vidjeti snagu, akumulirane kWh, proteklo vrijeme i pribli\u017enu cijenu u eurima.<\/p>\n\n<p>Na kraju punjenja, prikazat \u0107e se sve ukupne vrijednosti, a imat \u0107ete mogu\u0107nost preuzimanja ra\u010duna jednim klikom na gumb &#8216;Preuzmi ra\u010dun&#8217;.<\/p><\/div>\n<\/div>\n\n\n\n<div class=\"wp-block-uagb-separator uagb-block-95e7e532\"><div class=\"wp-block-uagb-separator__inner\" style=\"--my-background-image:\"><\/div><\/div>\n\n\n<div class=\"wp-block-uagb-advanced-heading uagb-block-c374bc71\"><h2 class=\"uagb-heading-text\">Funkcioniranje za promotor<\/h2><\/div>\n\n<p>TPV je jedan od sustava pla\u0107anja integriranih u na\u0161u platformu V2C Payments. <strong>Za konfiguraciju i prilagodbu svog e-Charger-a jednostavno pristupite odjeljku <a href=\"https:\/\/v2charge.com\/hr\/soporte\/v2c-cloud\/configuracion-v2c-payments\/#promotor-payments\">promotor V2C Payments<\/a>.<\/strong><\/p><\/div><\/div>\n\n\n\n<div style=\"height:30px\" aria-hidden=\"true\" class=\"wp-block-spacer\"><\/div>\n\n\n\n<div class=\"wp-block-uagb-container uagb-block-c6f38013 alignfull uagb-is-root-container\"><div class=\"uagb-container-inner-blocks-wrap\"><div class=\"wp-block-uagb-advanced-heading uagb-block-6963d70c\"><h2 class=\"uagb-heading-text\"><strong>Treba\u0161 tehni\u010dku podr\u0161ku?<\/strong><\/h2><\/div>\n\n<div class=\"wp-block-uagb-advanced-heading uagb-block-408243eb\"><p class=\"uagb-heading-text\">Odmah rije\u0161ite svoj problem putem na\u0161eg Chat-a s AI. Ako se ne rije\u0161i, generirajte zahtjev u Tehni\u010dkoj podr\u0161ci i kontaktirat \u0107emo vas \u0161to je prije mogu\u0107e kako bismo vam ponudili najbolje rje\u0161enje.<\/p><\/div>\n\n<div class=\"wp-block-uagb-info-box uagb-block-12e3cf1c uagb-infobox__content-wrap  uagb-infobox-icon-left uagb-infobox-left uagb-infobox-image-valign-top wp-block-uagb-info-box--has-margin ai-chatbot-button\"><div class=\"uagb-infobox-margin-wrapper\"><div class=\"uagb-ifb-image-content\"><img decoding=\"async\" src=\"https:\/\/v2charge.com\/wp-content\/uploads\/2026\/01\/support-ai-chatbot.png\" alt=\"\" width=\"20\" height=\"19\" loading=\"lazy\"\/><\/div><div class=\"uagb-ifb-content\"><div class=\"uagb-ifb-title-wrap\"><\/div><div class=\"uagb-ifb-button-wrapper wp-block-button\"><a href=\"https:\/\/v2charge.com\/hr\/v2c-support-web\/\" class=\"uagb-infobox-cta-link wp-block-button__link\" target=\"_blank\" rel=\"noopener noreferrer\" onclick=\"return true;\"><span class=\"uagb-inline-editing\">Pitajte na\u0161eg Chatbota s AI<\/span><\/a><\/div><\/div><\/div><\/div>\n\n\n<div class=\"wp-block-uagb-buttons uagb-buttons__outer-wrap uagb-btn__default-btn uagb-btn-tablet__default-btn uagb-btn-mobile__default-btn uagb-block-ba1e67d1\"><div class=\"uagb-buttons__wrap uagb-buttons-layout-wrap \"><div class=\"wp-block-uagb-buttons-child uagb-buttons__outer-wrap uagb-block-23cfb623 wp-block-button\"><div class=\"uagb-button__wrapper\"><a class=\"uagb-buttons-repeater wp-block-button__link\" aria-label=\"\" href=\"https:\/\/v2charge.atlassian.net\/servicedesk\/customer\/portal\/3\" rel=\"follow noopener\" target=\"_blank\" role=\"button\"><div class=\"uagb-button__link\">Kontaktirajte Tehni\u010dku Podr\u0161ku<\/div><\/a><\/div><\/div><\/div><\/div>\n<\/div><\/div>\n","protected":false},"excerpt":{"rendered":"<p>\u0160to je i kako funkcionira TPV? TPV je na\u0161 novi terminal za pla\u0107anje, ugra\u0111en u Pole Pro kako bi dodatno olak\u0161ao pla\u0107anje kreditnom ili debitnom karticom. Bez registracija, bez aplikacija i bez komplikacija. Novi na\u010din pla\u0107anja V2C Payments dizajniran je za pojednostavljenje i olak\u0161avanje punjenja elektri\u010dnih vozila, \u010dine\u0107i ga dostupnijim kako na javnim tako i &#8230; <a title=\"Rad TPV-a\" class=\"read-more\" href=\"https:\/\/v2charge.com\/hr\/rad-tpv-a\/\" aria-label=\"Read more about Rad TPV-a\">Read more<\/a><\/p>\n","protected":false},"author":400,"featured_media":170354,"parent":0,"menu_order":0,"comment_status":"closed","ping_status":"closed","template":"","meta":{"_eb_attr":"","content-type":"","_uag_custom_page_level_css":"","footnotes":""},"class_list":["post-322422","page","type-page","status-publish","has-post-thumbnail"],"yoast_head":"<!-- This site is optimized with the Yoast SEO plugin v25.3.1 - https:\/\/yoast.com\/wordpress\/plugins\/seo\/ -->\n<title>Kako funkcionira V2C TPV? Korak po korak<\/title>\n<meta name=\"description\" content=\"Otkrivite \u0161to je i kako funkcionira integrirani POS u na\u0161im punja\u010dima za elektri\u010dna vozila. Korak po korak [Podr\u0161ka V2C]\" \/>\n<meta name=\"robots\" content=\"index, follow, max-snippet:-1, max-image-preview:large, max-video-preview:-1\" \/>\n<link rel=\"canonical\" href=\"https:\/\/v2charge.com\/hr\/rad-tpv-a\/\" \/>\n<meta property=\"og:locale\" content=\"hr_HR\" \/>\n<meta property=\"og:type\" content=\"article\" \/>\n<meta property=\"og:title\" content=\"Kako funkcionira V2C TPV? Korak po korak\" \/>\n<meta property=\"og:description\" content=\"Otkrivite \u0161to je i kako funkcionira integrirani POS u na\u0161im punja\u010dima za elektri\u010dna vozila. Korak po korak [Podr\u0161ka V2C]\" \/>\n<meta property=\"og:url\" content=\"https:\/\/v2charge.com\/hr\/rad-tpv-a\/\" \/>\n<meta property=\"og:site_name\" content=\"V2C\" \/>\n<meta property=\"article:publisher\" content=\"https:\/\/www.facebook.com\/V2C.Charge\" \/>\n<meta property=\"article:modified_time\" content=\"2026-01-09T15:26:50+00:00\" \/>\n<meta property=\"og:image\" content=\"https:\/\/v2charge.com\/wp-content\/uploads\/2024\/07\/v2c-electric-chargers.jpg\" \/>\n\t<meta property=\"og:image:width\" content=\"1200\" \/>\n\t<meta property=\"og:image:height\" content=\"675\" \/>\n\t<meta property=\"og:image:type\" content=\"image\/jpeg\" \/>\n<meta name=\"twitter:card\" content=\"summary_large_image\" \/>\n<meta name=\"twitter:site\" content=\"@V2C_Charge\" \/>\n<meta name=\"twitter:label1\" content=\"Est. reading time\" \/>\n\t<meta name=\"twitter:data1\" content=\"4 minute\" \/>\n<script type=\"application\/ld+json\" class=\"yoast-schema-graph\">{\"@context\":\"https:\/\/schema.org\",\"@graph\":[{\"@type\":\"WebPage\",\"@id\":\"https:\/\/v2charge.com\/hr\/rad-tpv-a\/\",\"url\":\"https:\/\/v2charge.com\/hr\/rad-tpv-a\/\",\"name\":\"Kako funkcionira V2C TPV? Korak po korak\",\"isPartOf\":{\"@id\":\"https:\/\/v2charge.com\/hr\/#website\"},\"primaryImageOfPage\":{\"@id\":\"https:\/\/v2charge.com\/hr\/rad-tpv-a\/#primaryimage\"},\"image\":{\"@id\":\"https:\/\/v2charge.com\/hr\/rad-tpv-a\/#primaryimage\"},\"thumbnailUrl\":\"https:\/\/v2charge.com\/wp-content\/uploads\/2024\/07\/v2c-electric-chargers.jpg\",\"datePublished\":\"2024-09-02T11:15:42+00:00\",\"dateModified\":\"2026-01-09T15:26:50+00:00\",\"description\":\"Otkrivite \u0161to je i kako funkcionira integrirani POS u na\u0161im punja\u010dima za elektri\u010dna vozila. Korak po korak [Podr\u0161ka V2C]\",\"breadcrumb\":{\"@id\":\"https:\/\/v2charge.com\/hr\/rad-tpv-a\/#breadcrumb\"},\"inLanguage\":\"hr\",\"potentialAction\":[{\"@type\":\"ReadAction\",\"target\":[\"https:\/\/v2charge.com\/hr\/rad-tpv-a\/\"]}]},{\"@type\":\"ImageObject\",\"inLanguage\":\"hr\",\"@id\":\"https:\/\/v2charge.com\/hr\/rad-tpv-a\/#primaryimage\",\"url\":\"https:\/\/v2charge.com\/wp-content\/uploads\/2024\/07\/v2c-electric-chargers.jpg\",\"contentUrl\":\"https:\/\/v2charge.com\/wp-content\/uploads\/2024\/07\/v2c-electric-chargers.jpg\",\"width\":1200,\"height\":675,\"caption\":\"V2C Electric Chargers\"},{\"@type\":\"BreadcrumbList\",\"@id\":\"https:\/\/v2charge.com\/hr\/rad-tpv-a\/#breadcrumb\",\"itemListElement\":[{\"@type\":\"ListItem\",\"position\":1,\"name\":\"V2C\",\"item\":\"https:\/\/v2charge.com\/hr\/\"},{\"@type\":\"ListItem\",\"position\":2,\"name\":\"Rad TPV-a\"}]},{\"@type\":\"WebSite\",\"@id\":\"https:\/\/v2charge.com\/hr\/#website\",\"url\":\"https:\/\/v2charge.com\/hr\/\",\"name\":\"V2C\",\"description\":\"#CargandoElMa\u00f1ana\",\"publisher\":{\"@id\":\"https:\/\/v2charge.com\/hr\/#organization\"},\"potentialAction\":[{\"@type\":\"SearchAction\",\"target\":{\"@type\":\"EntryPoint\",\"urlTemplate\":\"https:\/\/v2charge.com\/hr\/?s={search_term_string}\"},\"query-input\":{\"@type\":\"PropertyValueSpecification\",\"valueRequired\":true,\"valueName\":\"search_term_string\"}}],\"inLanguage\":\"hr\"},{\"@type\":\"Organization\",\"@id\":\"https:\/\/v2charge.com\/hr\/#organization\",\"name\":\"V2C\",\"url\":\"https:\/\/v2charge.com\/hr\/\",\"logo\":{\"@type\":\"ImageObject\",\"inLanguage\":\"hr\",\"@id\":\"https:\/\/v2charge.com\/hr\/#\/schema\/logo\/image\/\",\"url\":\"https:\/\/v2charge.com\/wp-content\/uploads\/2024\/11\/cropped-v2c-charge-logo-menu.png\",\"contentUrl\":\"https:\/\/v2charge.com\/wp-content\/uploads\/2024\/11\/cropped-v2c-charge-logo-menu.png\",\"width\":984,\"height\":431,\"caption\":\"V2C\"},\"image\":{\"@id\":\"https:\/\/v2charge.com\/hr\/#\/schema\/logo\/image\/\"},\"sameAs\":[\"https:\/\/www.facebook.com\/V2C.Charge\",\"https:\/\/x.com\/V2C_Charge\",\"https:\/\/www.instagram.com\/v2c.charge\/\",\"https:\/\/www.youtube.com\/@V2C\",\"https:\/\/www.linkedin.com\/company\/v2c-chargers\/\"]}]}<\/script>\n<!-- \/ Yoast SEO plugin. -->","yoast_head_json":{"title":"Kako funkcionira V2C TPV? Korak po korak","description":"Otkrivite \u0161to je i kako funkcionira integrirani POS u na\u0161im punja\u010dima za elektri\u010dna vozila. Korak po korak [Podr\u0161ka V2C]","robots":{"index":"index","follow":"follow","max-snippet":"max-snippet:-1","max-image-preview":"max-image-preview:large","max-video-preview":"max-video-preview:-1"},"canonical":"https:\/\/v2charge.com\/hr\/rad-tpv-a\/","og_locale":"hr_HR","og_type":"article","og_title":"Kako funkcionira V2C TPV? Korak po korak","og_description":"Otkrivite \u0161to je i kako funkcionira integrirani POS u na\u0161im punja\u010dima za elektri\u010dna vozila. Korak po korak [Podr\u0161ka V2C]","og_url":"https:\/\/v2charge.com\/hr\/rad-tpv-a\/","og_site_name":"V2C","article_publisher":"https:\/\/www.facebook.com\/V2C.Charge","article_modified_time":"2026-01-09T15:26:50+00:00","og_image":[{"width":1200,"height":675,"url":"https:\/\/v2charge.com\/wp-content\/uploads\/2024\/07\/v2c-electric-chargers.jpg","type":"image\/jpeg"}],"twitter_card":"summary_large_image","twitter_site":"@V2C_Charge","twitter_misc":{"Est. reading time":"4 minute"},"schema":{"@context":"https:\/\/schema.org","@graph":[{"@type":"WebPage","@id":"https:\/\/v2charge.com\/hr\/rad-tpv-a\/","url":"https:\/\/v2charge.com\/hr\/rad-tpv-a\/","name":"Kako funkcionira V2C TPV? Korak po korak","isPartOf":{"@id":"https:\/\/v2charge.com\/hr\/#website"},"primaryImageOfPage":{"@id":"https:\/\/v2charge.com\/hr\/rad-tpv-a\/#primaryimage"},"image":{"@id":"https:\/\/v2charge.com\/hr\/rad-tpv-a\/#primaryimage"},"thumbnailUrl":"https:\/\/v2charge.com\/wp-content\/uploads\/2024\/07\/v2c-electric-chargers.jpg","datePublished":"2024-09-02T11:15:42+00:00","dateModified":"2026-01-09T15:26:50+00:00","description":"Otkrivite \u0161to je i kako funkcionira integrirani POS u na\u0161im punja\u010dima za elektri\u010dna vozila. Korak po korak [Podr\u0161ka V2C]","breadcrumb":{"@id":"https:\/\/v2charge.com\/hr\/rad-tpv-a\/#breadcrumb"},"inLanguage":"hr","potentialAction":[{"@type":"ReadAction","target":["https:\/\/v2charge.com\/hr\/rad-tpv-a\/"]}]},{"@type":"ImageObject","inLanguage":"hr","@id":"https:\/\/v2charge.com\/hr\/rad-tpv-a\/#primaryimage","url":"https:\/\/v2charge.com\/wp-content\/uploads\/2024\/07\/v2c-electric-chargers.jpg","contentUrl":"https:\/\/v2charge.com\/wp-content\/uploads\/2024\/07\/v2c-electric-chargers.jpg","width":1200,"height":675,"caption":"V2C Electric Chargers"},{"@type":"BreadcrumbList","@id":"https:\/\/v2charge.com\/hr\/rad-tpv-a\/#breadcrumb","itemListElement":[{"@type":"ListItem","position":1,"name":"V2C","item":"https:\/\/v2charge.com\/hr\/"},{"@type":"ListItem","position":2,"name":"Rad TPV-a"}]},{"@type":"WebSite","@id":"https:\/\/v2charge.com\/hr\/#website","url":"https:\/\/v2charge.com\/hr\/","name":"V2C","description":"#CargandoElMa\u00f1ana","publisher":{"@id":"https:\/\/v2charge.com\/hr\/#organization"},"potentialAction":[{"@type":"SearchAction","target":{"@type":"EntryPoint","urlTemplate":"https:\/\/v2charge.com\/hr\/?s={search_term_string}"},"query-input":{"@type":"PropertyValueSpecification","valueRequired":true,"valueName":"search_term_string"}}],"inLanguage":"hr"},{"@type":"Organization","@id":"https:\/\/v2charge.com\/hr\/#organization","name":"V2C","url":"https:\/\/v2charge.com\/hr\/","logo":{"@type":"ImageObject","inLanguage":"hr","@id":"https:\/\/v2charge.com\/hr\/#\/schema\/logo\/image\/","url":"https:\/\/v2charge.com\/wp-content\/uploads\/2024\/11\/cropped-v2c-charge-logo-menu.png","contentUrl":"https:\/\/v2charge.com\/wp-content\/uploads\/2024\/11\/cropped-v2c-charge-logo-menu.png","width":984,"height":431,"caption":"V2C"},"image":{"@id":"https:\/\/v2charge.com\/hr\/#\/schema\/logo\/image\/"},"sameAs":["https:\/\/www.facebook.com\/V2C.Charge","https:\/\/x.com\/V2C_Charge","https:\/\/www.instagram.com\/v2c.charge\/","https:\/\/www.youtube.com\/@V2C","https:\/\/www.linkedin.com\/company\/v2c-chargers\/"]}]}},"uagb_featured_image_src":{"full":["https:\/\/v2charge.com\/wp-content\/uploads\/2024\/07\/v2c-electric-chargers.jpg",1200,675,false],"thumbnail":["https:\/\/v2charge.com\/wp-content\/uploads\/2024\/07\/v2c-electric-chargers-150x150.jpg",150,150,true],"medium":["https:\/\/v2charge.com\/wp-content\/uploads\/2024\/07\/v2c-electric-chargers-300x169.jpg",300,169,true],"medium_large":["https:\/\/v2charge.com\/wp-content\/uploads\/2024\/07\/v2c-electric-chargers-768x432.jpg",768,432,true],"large":["https:\/\/v2charge.com\/wp-content\/uploads\/2024\/07\/v2c-electric-chargers-1024x576.jpg",1024,576,true],"gs-tiny":["https:\/\/v2charge.com\/wp-content\/uploads\/2024\/07\/v2c-electric-chargers.jpg",50,28,false],"xl":["https:\/\/v2charge.com\/wp-content\/uploads\/2024\/07\/v2c-electric-chargers.jpg",1200,675,false],"xxl":["https:\/\/v2charge.com\/wp-content\/uploads\/2024\/07\/v2c-electric-chargers.jpg",1200,675,false],"xxxl":["https:\/\/v2charge.com\/wp-content\/uploads\/2024\/07\/v2c-electric-chargers.jpg",1200,675,false],"xxxxl":["https:\/\/v2charge.com\/wp-content\/uploads\/2024\/07\/v2c-electric-chargers.jpg",1200,675,false],"xxxxxl":["https:\/\/v2charge.com\/wp-content\/uploads\/2024\/07\/v2c-electric-chargers.jpg",1200,675,false],"1536x1536":["https:\/\/v2charge.com\/wp-content\/uploads\/2024\/07\/v2c-electric-chargers.jpg",1200,675,false],"2048x2048":["https:\/\/v2charge.com\/wp-content\/uploads\/2024\/07\/v2c-electric-chargers.jpg",1200,675,false]},"uagb_author_info":{"display_name":"V2C","author_link":"https:\/\/v2charge.com\/hr\/author\/marketing\/"},"uagb_comment_info":0,"uagb_excerpt":"\u0160to je i kako funkcionira TPV? TPV je na\u0161 novi terminal za pla\u0107anje, ugra\u0111en u Pole Pro kako bi dodatno olak\u0161ao pla\u0107anje kreditnom ili debitnom karticom. Bez registracija, bez aplikacija i bez komplikacija. Novi na\u010din pla\u0107anja V2C Payments dizajniran je za pojednostavljenje i olak\u0161avanje punjenja elektri\u010dnih vozila, \u010dine\u0107i ga dostupnijim kako na javnim tako i&hellip;","_links":{"self":[{"href":"https:\/\/v2charge.com\/hr\/wp-json\/wp\/v2\/pages\/322422","targetHints":{"allow":["GET"]}}],"collection":[{"href":"https:\/\/v2charge.com\/hr\/wp-json\/wp\/v2\/pages"}],"about":[{"href":"https:\/\/v2charge.com\/hr\/wp-json\/wp\/v2\/types\/page"}],"author":[{"embeddable":true,"href":"https:\/\/v2charge.com\/hr\/wp-json\/wp\/v2\/users\/400"}],"replies":[{"embeddable":true,"href":"https:\/\/v2charge.com\/hr\/wp-json\/wp\/v2\/comments?post=322422"}],"version-history":[{"count":0,"href":"https:\/\/v2charge.com\/hr\/wp-json\/wp\/v2\/pages\/322422\/revisions"}],"wp:featuredmedia":[{"embeddable":true,"href":"https:\/\/v2charge.com\/hr\/wp-json\/wp\/v2\/media\/170354"}],"wp:attachment":[{"href":"https:\/\/v2charge.com\/hr\/wp-json\/wp\/v2\/media?parent=322422"}],"curies":[{"name":"wp","href":"https:\/\/api.w.org\/{rel}","templated":true}]}}