{"id":322435,"date":"2025-04-01T16:11:07","date_gmt":"2025-04-01T14:11:07","guid":{"rendered":""},"modified":"2025-04-01T16:48:50","modified_gmt":"2025-04-01T14:48:50","slug":"modeli-bim-hr-1778308681","status":"publish","type":"page","link":"https:\/\/v2charge.com\/hr\/modeli-bim-hr-1778308681\/","title":{"rendered":"Modeli BIM"},"content":{"rendered":"\n<div class=\"wp-block-uagb-container uagb-block-44ca084c alignfull uagb-is-root-container\"><div class=\"uagb-container-inner-blocks-wrap\">\n<div style=\"height:30px\" aria-hidden=\"true\" class=\"wp-block-spacer\"><\/div>\n\n\n<div class=\"yoast-breadcrumbs\"><span><span><a href=\"https:\/\/v2charge.com\/hr\/\">V2C<\/a><\/span> \u00bb <span class=\"breadcrumb_last\" aria-current=\"page\">Modeli BIM<\/span><\/span><\/div>\n\n<h1 class=\"wp-block-heading\">BIM modeli e-Chargera V2C<\/h1>\n\n\n<div style=\"height:10px\" aria-hidden=\"true\" class=\"wp-block-spacer\"><\/div>\n\n\n<p>Stavljamo vam na raspolaganje modele na\u0161ih punja\u010da u razli\u010ditim formatima kako bismo olak\u0161ali njihovu integraciju u <strong>projektima dizajna<\/strong>, <strong>planiranju<\/strong> i <strong>vizualizaciji<\/strong>, optimiziraju\u0107i BIM radni tok i interoperabilnost s drugim programima.<\/p><\/div><\/div>\n\n\n\n<div class=\"wp-block-uagb-container uagb-block-b176aab5 alignfull uagb-is-root-container\"><div class=\"uagb-container-inner-blocks-wrap\"><div class=\"wp-block-uagb-advanced-heading uagb-block-7fd068b1\"><h2 class=\"uagb-heading-text\">BIM modeli u formatima <mark class=\"uagb-highlight\">.rfa<\/mark>, <mark class=\"uagb-highlight\">.ifc<\/mark> i <mark class=\"uagb-highlight\">.fbx<\/mark><\/h2><\/div>\n\n\n<div class=\"wp-block-uagb-container uagb-block-37f6c5b2 alignfull uagb-is-root-container\"><div class=\"uagb-container-inner-blocks-wrap\">\n<div class=\"wp-block-uagb-container uagb-block-15c9f608\"><div class=\"wp-block-uagb-info-box uagb-block-291e2156 uagb-infobox__content-wrap  uagb-infobox-icon-above-title uagb-infobox-image-valign-top\"><div class=\"uagb-ifb-content\"><div class=\"uagb-ifb-image-content\"><img decoding=\"async\" src=\"https:\/\/v2charge.com\/wp-content\/uploads\/2025\/04\/icono-trydan.png\" alt=\"\" width=\"70\" height=\"70\" loading=\"lazy\"\/><\/div><div class=\"uagb-ifb-title-wrap\"><h3 class=\"uagb-ifb-title\">Trydan \/ Trydan Pro<\/h3><\/div><div class=\"uagb-ifb-button-wrapper wp-block-button\"><a href=\"https:\/\/drive.google.com\/uc?id=1KhJLWR4fHfdInNfg-uTbODUMwlcMHtcF&amp;export=download\" target=\"_self\" onclick=\"return true;\" class=\"uagb-infobox-cta-link\" rel=\"noopener noreferrer\" alt=\"\"><span class=\"uagb-inline-editing\">RFA<\/span><svg xmlns=\"https:\/\/www.w3.org\/2000\/svg\" viewBox=\"0 0 256 512\"><path d=\"M118.6 105.4l128 127.1C252.9 239.6 256 247.8 256 255.1s-3.125 16.38-9.375 22.63l-128 127.1c-9.156 9.156-22.91 11.9-34.88 6.943S64 396.9 64 383.1V128c0-12.94 7.781-24.62 19.75-29.58S109.5 96.23 118.6 105.4z\"><\/path><\/svg><\/a><\/div><\/div><\/div>\n\n<div class=\"wp-block-uagb-info-box uagb-block-457c5a46 uagb-infobox__content-wrap  uagb-infobox-icon-above-title uagb-infobox-image-valign-top\"><div class=\"uagb-ifb-content\"><div class=\"uagb-ifb-title-wrap\"><\/div><div class=\"uagb-ifb-button-wrapper wp-block-button\"><a href=\"https:\/\/drive.google.com\/uc?id=1f3GjVWbhbYmNvQUBZAawKRMeOjX5v1AI&amp;export=download\" target=\"_self\" onclick=\"return true;\" class=\"uagb-infobox-cta-link\" rel=\"noopener noreferrer\" alt=\"\"><span class=\"uagb-inline-editing\">IFC<\/span><svg xmlns=\"https:\/\/www.w3.org\/2000\/svg\" viewBox=\"0 0 256 512\"><path d=\"M118.6 105.4l128 127.1C252.9 239.6 256 247.8 256 255.1s-3.125 16.38-9.375 22.63l-128 127.1c-9.156 9.156-22.91 11.9-34.88 6.943S64 396.9 64 383.1V128c0-12.94 7.781-24.62 19.75-29.58S109.5 96.23 118.6 105.4z\"><\/path><\/svg><\/a><\/div><\/div><\/div>\n\n<div class=\"wp-block-uagb-info-box uagb-block-457c5a46 uagb-infobox__content-wrap  uagb-infobox-icon-above-title uagb-infobox-image-valign-top\"><div class=\"uagb-ifb-content\"><div class=\"uagb-ifb-title-wrap\"><\/div><div class=\"uagb-ifb-button-wrapper wp-block-button\"><a href=\"https:\/\/drive.google.com\/uc?id=1Ih48GyuvypGqnQLrwlObc1xNKO4TDEHA&amp;export=download\" target=\"_self\" onclick=\"return true;\" class=\"uagb-infobox-cta-link\" rel=\"noopener noreferrer\" alt=\"\"><span class=\"uagb-inline-editing\">FBX<\/span><svg xmlns=\"https:\/\/www.w3.org\/2000\/svg\" viewBox=\"0 0 256 512\"><path d=\"M118.6 105.4l128 127.1C252.9 239.6 256 247.8 256 255.1s-3.125 16.38-9.375 22.63l-128 127.1c-9.156 9.156-22.91 11.9-34.88 6.943S64 396.9 64 383.1V128c0-12.94 7.781-24.62 19.75-29.58S109.5 96.23 118.6 105.4z\"><\/path><\/svg><\/a><\/div><\/div><\/div><\/div>\n\n\n\n<div class=\"wp-block-uagb-container uagb-block-10f97eaf\"><div class=\"wp-block-uagb-info-box uagb-block-2b3929ee uagb-infobox__content-wrap  uagb-infobox-icon-above-title uagb-infobox-image-valign-top\"><div class=\"uagb-ifb-content\"><div class=\"uagb-ifb-image-content\"><img decoding=\"async\" src=\"https:\/\/v2charge.com\/wp-content\/uploads\/2025\/04\/icono-pole-pro-floor.png\" alt=\"\" width=\"70\" height=\"70\" loading=\"lazy\"\/><\/div><div class=\"uagb-ifb-title-wrap\"><h3 class=\"uagb-ifb-title\">Pole Pro (verzija za tlo)<\/h3><\/div><div class=\"uagb-ifb-button-wrapper wp-block-button\"><a href=\"https:\/\/drive.google.com\/uc?id=1Dbf2M6Z4wPzfe8CNAV5Wk_KMrqocSLf_&amp;export=download\" target=\"_self\" onclick=\"return true;\" class=\"uagb-infobox-cta-link\" rel=\"noopener noreferrer\" alt=\"\"><span class=\"uagb-inline-editing\">RFA<\/span><svg xmlns=\"https:\/\/www.w3.org\/2000\/svg\" viewBox=\"0 0 256 512\"><path d=\"M118.6 105.4l128 127.1C252.9 239.6 256 247.8 256 255.1s-3.125 16.38-9.375 22.63l-128 127.1c-9.156 9.156-22.91 11.9-34.88 6.943S64 396.9 64 383.1V128c0-12.94 7.781-24.62 19.75-29.58S109.5 96.23 118.6 105.4z\"><\/path><\/svg><\/a><\/div><\/div><\/div>\n\n<div class=\"wp-block-uagb-info-box uagb-block-457c5a46 uagb-infobox__content-wrap  uagb-infobox-icon-above-title uagb-infobox-image-valign-top\"><div class=\"uagb-ifb-content\"><div class=\"uagb-ifb-title-wrap\"><\/div><div class=\"uagb-ifb-button-wrapper wp-block-button\"><a href=\"https:\/\/drive.google.com\/uc?id=1RReGC68bZ8WvVTPerw6rlFODwT4lCVPM&amp;export=download\" target=\"_self\" onclick=\"return true;\" class=\"uagb-infobox-cta-link\" rel=\"noopener noreferrer\" alt=\"\"><span class=\"uagb-inline-editing\">IFC<\/span><svg xmlns=\"https:\/\/www.w3.org\/2000\/svg\" viewBox=\"0 0 256 512\"><path d=\"M118.6 105.4l128 127.1C252.9 239.6 256 247.8 256 255.1s-3.125 16.38-9.375 22.63l-128 127.1c-9.156 9.156-22.91 11.9-34.88 6.943S64 396.9 64 383.1V128c0-12.94 7.781-24.62 19.75-29.58S109.5 96.23 118.6 105.4z\"><\/path><\/svg><\/a><\/div><\/div><\/div>\n\n<div class=\"wp-block-uagb-info-box uagb-block-457c5a46 uagb-infobox__content-wrap  uagb-infobox-icon-above-title uagb-infobox-image-valign-top\"><div class=\"uagb-ifb-content\"><div class=\"uagb-ifb-title-wrap\"><\/div><div class=\"uagb-ifb-button-wrapper wp-block-button\"><a href=\"https:\/\/drive.google.com\/uc?id=1knKbf2Ad7EYeBkjaKZlsIf5hKPZhxG6D&amp;export=download\" target=\"_self\" onclick=\"return true;\" class=\"uagb-infobox-cta-link\" rel=\"noopener noreferrer\" alt=\"\"><span class=\"uagb-inline-editing\">FBX<\/span><svg xmlns=\"https:\/\/www.w3.org\/2000\/svg\" viewBox=\"0 0 256 512\"><path d=\"M118.6 105.4l128 127.1C252.9 239.6 256 247.8 256 255.1s-3.125 16.38-9.375 22.63l-128 127.1c-9.156 9.156-22.91 11.9-34.88 6.943S64 396.9 64 383.1V128c0-12.94 7.781-24.62 19.75-29.58S109.5 96.23 118.6 105.4z\"><\/path><\/svg><\/a><\/div><\/div><\/div><\/div>\n\n\n\n<div class=\"wp-block-uagb-container uagb-block-38eee56b\"><div class=\"wp-block-uagb-info-box uagb-block-0726c098 uagb-infobox__content-wrap  uagb-infobox-icon-above-title uagb-infobox-image-valign-top\"><div class=\"uagb-ifb-content\"><div class=\"uagb-ifb-image-content\"><img decoding=\"async\" src=\"https:\/\/v2charge.com\/wp-content\/uploads\/2025\/04\/icono-pole-pro-wall.png\" alt=\"\" width=\"70\" height=\"70\" loading=\"lazy\"\/><\/div><div class=\"uagb-ifb-title-wrap\"><h3 class=\"uagb-ifb-title\">Pole Pro (verzija zid)<\/h3><\/div><div class=\"uagb-ifb-button-wrapper wp-block-button\"><a href=\"https:\/\/drive.google.com\/uc?id=16eYBM97j23gtQ3NjDTtb4UzF8XLatWp_&amp;export=download\" target=\"_self\" onclick=\"return true;\" class=\"uagb-infobox-cta-link\" rel=\"noopener noreferrer\" alt=\"\"><span class=\"uagb-inline-editing\">RFA<\/span><svg xmlns=\"https:\/\/www.w3.org\/2000\/svg\" viewBox=\"0 0 256 512\"><path d=\"M118.6 105.4l128 127.1C252.9 239.6 256 247.8 256 255.1s-3.125 16.38-9.375 22.63l-128 127.1c-9.156 9.156-22.91 11.9-34.88 6.943S64 396.9 64 383.1V128c0-12.94 7.781-24.62 19.75-29.58S109.5 96.23 118.6 105.4z\"><\/path><\/svg><\/a><\/div><\/div><\/div>\n\n<div class=\"wp-block-uagb-info-box uagb-block-457c5a46 uagb-infobox__content-wrap  uagb-infobox-icon-above-title uagb-infobox-image-valign-top\"><div class=\"uagb-ifb-content\"><div class=\"uagb-ifb-title-wrap\"><\/div><div class=\"uagb-ifb-button-wrapper wp-block-button\"><a href=\"https:\/\/drive.google.com\/uc?id=15lVWsk-sUtQkjRysFXuDQek3aag03RJW&amp;export=download\" target=\"_self\" onclick=\"return true;\" class=\"uagb-infobox-cta-link\" rel=\"noopener noreferrer\" alt=\"\"><span class=\"uagb-inline-editing\">IFC<\/span><svg xmlns=\"https:\/\/www.w3.org\/2000\/svg\" viewBox=\"0 0 256 512\"><path d=\"M118.6 105.4l128 127.1C252.9 239.6 256 247.8 256 255.1s-3.125 16.38-9.375 22.63l-128 127.1c-9.156 9.156-22.91 11.9-34.88 6.943S64 396.9 64 383.1V128c0-12.94 7.781-24.62 19.75-29.58S109.5 96.23 118.6 105.4z\"><\/path><\/svg><\/a><\/div><\/div><\/div>\n\n<div class=\"wp-block-uagb-info-box uagb-block-457c5a46 uagb-infobox__content-wrap  uagb-infobox-icon-above-title uagb-infobox-image-valign-top\"><div class=\"uagb-ifb-content\"><div class=\"uagb-ifb-title-wrap\"><\/div><div class=\"uagb-ifb-button-wrapper wp-block-button\"><a href=\"https:\/\/drive.google.com\/uc?id=1AceiE0C_y0pGL9lMFf5w5agG5FSQYTHi&amp;export=download\" target=\"_self\" onclick=\"return true;\" class=\"uagb-infobox-cta-link\" rel=\"noopener noreferrer\" alt=\"\"><span class=\"uagb-inline-editing\">FBX<\/span><svg xmlns=\"https:\/\/www.w3.org\/2000\/svg\" viewBox=\"0 0 256 512\"><path d=\"M118.6 105.4l128 127.1C252.9 239.6 256 247.8 256 255.1s-3.125 16.38-9.375 22.63l-128 127.1c-9.156 9.156-22.91 11.9-34.88 6.943S64 396.9 64 383.1V128c0-12.94 7.781-24.62 19.75-29.58S109.5 96.23 118.6 105.4z\"><\/path><\/svg><\/a><\/div><\/div><\/div><\/div>\n\n\n\n<div class=\"wp-block-uagb-container uagb-block-3a0bfb68\"><div class=\"wp-block-uagb-info-box uagb-block-17bb2f63 uagb-infobox__content-wrap  uagb-infobox-icon-above-title uagb-infobox-image-valign-top\"><div class=\"uagb-ifb-content\"><div class=\"uagb-ifb-image-content\"><img decoding=\"async\" src=\"https:\/\/v2charge.com\/wp-content\/uploads\/2025\/04\/icono-denka.png\" alt=\"\" width=\"70\" height=\"70\" loading=\"lazy\"\/><\/div><div class=\"uagb-ifb-title-wrap\"><h3 class=\"uagb-ifb-title\">Denka<\/h3><\/div><div class=\"uagb-ifb-button-wrapper wp-block-button\"><a href=\"https:\/\/drive.google.com\/uc?id=1J47EcX_Oo8s3xW-n7loyzcz6igmRcv-b&amp;export=download\" target=\"_self\" onclick=\"return true;\" class=\"uagb-infobox-cta-link\" rel=\"noopener noreferrer\" alt=\"\"><span class=\"uagb-inline-editing\">RFA<\/span><svg xmlns=\"https:\/\/www.w3.org\/2000\/svg\" viewBox=\"0 0 256 512\"><path d=\"M118.6 105.4l128 127.1C252.9 239.6 256 247.8 256 255.1s-3.125 16.38-9.375 22.63l-128 127.1c-9.156 9.156-22.91 11.9-34.88 6.943S64 396.9 64 383.1V128c0-12.94 7.781-24.62 19.75-29.58S109.5 96.23 118.6 105.4z\"><\/path><\/svg><\/a><\/div><\/div><\/div>\n\n<div class=\"wp-block-uagb-info-box uagb-block-1742e86c uagb-infobox__content-wrap  uagb-infobox-icon-above-title uagb-infobox-image-valign-top\"><div class=\"uagb-ifb-content\"><div class=\"uagb-ifb-title-wrap\"><\/div><div class=\"uagb-ifb-button-wrapper wp-block-button\"><a href=\"https:\/\/drive.google.com\/uc?id=1YUlkUl3QSVU042e9QM6qV3OXiwZxVbQd&amp;export=download\" target=\"_self\" onclick=\"return true;\" class=\"uagb-infobox-cta-link\" rel=\"noopener noreferrer\" alt=\"\"><span class=\"uagb-inline-editing\">IFC<\/span><svg xmlns=\"https:\/\/www.w3.org\/2000\/svg\" viewBox=\"0 0 256 512\"><path d=\"M118.6 105.4l128 127.1C252.9 239.6 256 247.8 256 255.1s-3.125 16.38-9.375 22.63l-128 127.1c-9.156 9.156-22.91 11.9-34.88 6.943S64 396.9 64 383.1V128c0-12.94 7.781-24.62 19.75-29.58S109.5 96.23 118.6 105.4z\"><\/path><\/svg><\/a><\/div><\/div><\/div>\n\n<div class=\"wp-block-uagb-info-box uagb-block-1a360d42 uagb-infobox__content-wrap  uagb-infobox-icon-above-title uagb-infobox-image-valign-top\"><div class=\"uagb-ifb-content\"><div class=\"uagb-ifb-title-wrap\"><\/div><div class=\"uagb-ifb-button-wrapper wp-block-button\"><a href=\"https:\/\/drive.google.com\/uc?id=1CL91_uXpa7czQtl585w6XZjgIky0BFQ3&amp;export=download\" target=\"_self\" onclick=\"return true;\" class=\"uagb-infobox-cta-link\" rel=\"noopener noreferrer\" alt=\"\"><span class=\"uagb-inline-editing\">FBX<\/span><svg xmlns=\"https:\/\/www.w3.org\/2000\/svg\" viewBox=\"0 0 256 512\"><path d=\"M118.6 105.4l128 127.1C252.9 239.6 256 247.8 256 255.1s-3.125 16.38-9.375 22.63l-128 127.1c-9.156 9.156-22.91 11.9-34.88 6.943S64 396.9 64 383.1V128c0-12.94 7.781-24.62 19.75-29.58S109.5 96.23 118.6 105.4z\"><\/path><\/svg><\/a><\/div><\/div><\/div><\/div>\n<\/div><\/div>\n<\/div><\/div>\n\n\n\n<div class=\"wp-block-uagb-container uagb-block-5e6dcf38 alignfull uagb-is-root-container\"><div class=\"uagb-container-inner-blocks-wrap\"><div class=\"wp-block-uagb-advanced-heading uagb-block-ddceaf7c\"><h2 class=\"uagb-heading-text\">Vi\u0161e informacija o razli\u010ditim formatima<\/h2><\/div>\n\n\n<div class=\"wp-block-uagb-container uagb-block-9f062c9f\"><div class=\"wp-block-uagb-advanced-heading uagb-block-c7cace08\"><h3 class=\"uagb-heading-text\"><mark class=\"uagb-highlight\">.rfa<\/mark> &#8211; Revit obitelj datoteka<\/h3><\/div>\n\n\n<ul class=\"wp-block-list\"><li><strong>Glavna upotreba:<\/strong> Revit obitelji (pojedina\u010dne komponente poput vrata, prozora, namje\u0161taja itd.).<\/li>\n\n<li><strong>Karakteristike:<\/strong> Sadr\u017ei parametarske informacije, materijale, geometriju i pona\u0161anje objekta.<\/li>\n\n<li><strong>Otvara se s:<\/strong> Revit.<\/li><\/ul>\n<\/div>\n\n\n\n<div class=\"wp-block-uagb-container uagb-block-808c453a\"><div class=\"wp-block-uagb-advanced-heading uagb-block-10f765f8\"><h3 class=\"uagb-heading-text\"><mark class=\"uagb-highlight\">.ifc<\/mark> &#8211; Klase industrijske osnove<\/h3><\/div>\n\n\n<ul class=\"wp-block-list\"><li><strong>Glavna upotreba:<\/strong> Razmjena modela izme\u0111u razli\u010ditih BIM platformi.<\/li>\n\n<li><strong>Otvoreni standard:<\/strong> Da, razvijen od strane <strong>buildingSMART<\/strong>.<\/li>\n\n<li><strong>Idealno za:<\/strong> Suradnju izme\u0111u razli\u010ditih disciplina ili softvera (Revit, Archicad, Tekla, itd.).<\/li>\n\n<li><strong>Otvara se s:<\/strong> Mnogim BIM programima.<\/li><\/ul>\n<\/div>\n\n\n\n<div class=\"wp-block-uagb-container uagb-block-7141972a\"><div class=\"wp-block-uagb-advanced-heading uagb-block-72c1cfea\"><h3 class=\"uagb-heading-text\"><mark class=\"uagb-highlight\">.fbx<\/mark> &#8211; Filmbox<\/h3><\/div>\n\n\n<ul class=\"wp-block-list\"><li><strong>Glavna upotreba:<\/strong> Izvoz 3D modela za vizualizaciju u grafi\u010dkim motorima (Unity, Unreal Engine, 3ds Max, itd.).<\/li>\n\n<li><strong>Idealno za:<\/strong> Virtualnu stvarnost, napredne rendere, animacije.<\/li>\n\n<li><strong>Ne odr\u017eava:<\/strong> BIM informacije kao parametre ili napredne materijale iz Revita.<\/li>\n\n<li><strong>Otvara se s:<\/strong> Softverima za animaciju i vizualizaciju.<\/li><\/ul>\n<\/div>\n<\/div><\/div>\n","protected":false},"excerpt":{"rendered":"<p>BIM modeli e-Chargera V2C Stavljamo vam na raspolaganje modele na\u0161ih punja\u010da u razli\u010ditim formatima kako bismo olak\u0161ali njihovu integraciju u projektima dizajna, planiranju i vizualizaciji, optimiziraju\u0107i BIM radni tok i interoperabilnost s drugim programima. BIM modeli u formatima .rfa, .ifc i .fbx Vi\u0161e informacija o razli\u010ditim formatima .rfa &#8211; Revit obitelj datoteka .ifc &#8211; Klase &#8230; <a title=\"Modeli BIM\" class=\"read-more\" href=\"https:\/\/v2charge.com\/hr\/modeli-bim-hr-1778308681\/\" aria-label=\"Read more about Modeli BIM\">Read more<\/a><\/p>\n","protected":false},"author":400,"featured_media":0,"parent":0,"menu_order":0,"comment_status":"closed","ping_status":"closed","template":"","meta":{"_eb_attr":"","content-type":"","_uag_custom_page_level_css":"","footnotes":""},"class_list":["post-322435","page","type-page","status-publish"],"yoast_head":"<!-- This site is optimized with the Yoast SEO plugin v25.3.1 - https:\/\/yoast.com\/wordpress\/plugins\/seo\/ -->\n<title>Modeli BIM e-Chargera V2C<\/title>\n<meta name=\"description\" content=\"Preuzmite BIM modele V2C punja\u010da za integraciju u projekte dizajna, planiranja i vizualizacije\" \/>\n<meta name=\"robots\" content=\"index, follow, max-snippet:-1, max-image-preview:large, max-video-preview:-1\" \/>\n<link rel=\"canonical\" href=\"https:\/\/v2charge.com\/hr\/modeli-bim-hr-1778308681\/\" \/>\n<meta property=\"og:locale\" content=\"hr_HR\" \/>\n<meta property=\"og:type\" content=\"article\" \/>\n<meta property=\"og:title\" content=\"Modeli BIM e-Chargera V2C\" \/>\n<meta property=\"og:description\" content=\"Preuzmite BIM modele V2C punja\u010da za integraciju u projekte dizajna, planiranja i vizualizacije\" \/>\n<meta property=\"og:url\" content=\"https:\/\/v2charge.com\/hr\/modeli-bim-hr-1778308681\/\" \/>\n<meta property=\"og:site_name\" content=\"V2C\" \/>\n<meta property=\"article:publisher\" content=\"https:\/\/www.facebook.com\/V2C.Charge\" \/>\n<meta property=\"article:modified_time\" content=\"2025-04-01T14:48:50+00:00\" \/>\n<meta property=\"og:image\" content=\"https:\/\/v2charge.com\/wp-content\/uploads\/2025\/04\/icono-trydan.png\" \/>\n<meta name=\"twitter:card\" content=\"summary_large_image\" \/>\n<meta name=\"twitter:site\" content=\"@V2C_Charge\" \/>\n<meta name=\"twitter:label1\" content=\"Est. reading time\" \/>\n\t<meta name=\"twitter:data1\" content=\"2 minute\" \/>\n<script type=\"application\/ld+json\" class=\"yoast-schema-graph\">{\"@context\":\"https:\/\/schema.org\",\"@graph\":[{\"@type\":\"WebPage\",\"@id\":\"https:\/\/v2charge.com\/hr\/modeli-bim-hr-1778308681\/\",\"url\":\"https:\/\/v2charge.com\/hr\/modeli-bim-hr-1778308681\/\",\"name\":\"Modeli BIM e-Chargera V2C\",\"isPartOf\":{\"@id\":\"https:\/\/v2charge.com\/hr\/#website\"},\"primaryImageOfPage\":{\"@id\":\"https:\/\/v2charge.com\/hr\/modeli-bim-hr-1778308681\/#primaryimage\"},\"image\":{\"@id\":\"https:\/\/v2charge.com\/hr\/modeli-bim-hr-1778308681\/#primaryimage\"},\"thumbnailUrl\":\"https:\/\/v2charge.com\/wp-content\/uploads\/2025\/04\/icono-trydan.png\",\"datePublished\":\"2025-04-01T14:11:07+00:00\",\"dateModified\":\"2025-04-01T14:48:50+00:00\",\"description\":\"Preuzmite BIM modele V2C punja\u010da za integraciju u projekte dizajna, planiranja i vizualizacije\",\"breadcrumb\":{\"@id\":\"https:\/\/v2charge.com\/hr\/modeli-bim-hr-1778308681\/#breadcrumb\"},\"inLanguage\":\"hr\",\"potentialAction\":[{\"@type\":\"ReadAction\",\"target\":[\"https:\/\/v2charge.com\/hr\/modeli-bim-hr-1778308681\/\"]}]},{\"@type\":\"ImageObject\",\"inLanguage\":\"hr\",\"@id\":\"https:\/\/v2charge.com\/hr\/modeli-bim-hr-1778308681\/#primaryimage\",\"url\":\"https:\/\/v2charge.com\/wp-content\/uploads\/2025\/04\/icono-trydan.png\",\"contentUrl\":\"https:\/\/v2charge.com\/wp-content\/uploads\/2025\/04\/icono-trydan.png\"},{\"@type\":\"BreadcrumbList\",\"@id\":\"https:\/\/v2charge.com\/hr\/modeli-bim-hr-1778308681\/#breadcrumb\",\"itemListElement\":[{\"@type\":\"ListItem\",\"position\":1,\"name\":\"V2C\",\"item\":\"https:\/\/v2charge.com\/hr\/\"},{\"@type\":\"ListItem\",\"position\":2,\"name\":\"Modeli BIM\"}]},{\"@type\":\"WebSite\",\"@id\":\"https:\/\/v2charge.com\/hr\/#website\",\"url\":\"https:\/\/v2charge.com\/hr\/\",\"name\":\"V2C\",\"description\":\"#CargandoElMa\u00f1ana\",\"publisher\":{\"@id\":\"https:\/\/v2charge.com\/hr\/#organization\"},\"potentialAction\":[{\"@type\":\"SearchAction\",\"target\":{\"@type\":\"EntryPoint\",\"urlTemplate\":\"https:\/\/v2charge.com\/hr\/?s={search_term_string}\"},\"query-input\":{\"@type\":\"PropertyValueSpecification\",\"valueRequired\":true,\"valueName\":\"search_term_string\"}}],\"inLanguage\":\"hr\"},{\"@type\":\"Organization\",\"@id\":\"https:\/\/v2charge.com\/hr\/#organization\",\"name\":\"V2C\",\"url\":\"https:\/\/v2charge.com\/hr\/\",\"logo\":{\"@type\":\"ImageObject\",\"inLanguage\":\"hr\",\"@id\":\"https:\/\/v2charge.com\/hr\/#\/schema\/logo\/image\/\",\"url\":\"https:\/\/v2charge.com\/wp-content\/uploads\/2024\/11\/cropped-v2c-charge-logo-menu.png\",\"contentUrl\":\"https:\/\/v2charge.com\/wp-content\/uploads\/2024\/11\/cropped-v2c-charge-logo-menu.png\",\"width\":984,\"height\":431,\"caption\":\"V2C\"},\"image\":{\"@id\":\"https:\/\/v2charge.com\/hr\/#\/schema\/logo\/image\/\"},\"sameAs\":[\"https:\/\/www.facebook.com\/V2C.Charge\",\"https:\/\/x.com\/V2C_Charge\",\"https:\/\/www.instagram.com\/v2c.charge\/\",\"https:\/\/www.youtube.com\/@V2C\",\"https:\/\/www.linkedin.com\/company\/v2c-chargers\/\"]}]}<\/script>\n<!-- \/ Yoast SEO plugin. -->","yoast_head_json":{"title":"Modeli BIM e-Chargera V2C","description":"Preuzmite BIM modele V2C punja\u010da za integraciju u projekte dizajna, planiranja i vizualizacije","robots":{"index":"index","follow":"follow","max-snippet":"max-snippet:-1","max-image-preview":"max-image-preview:large","max-video-preview":"max-video-preview:-1"},"canonical":"https:\/\/v2charge.com\/hr\/modeli-bim-hr-1778308681\/","og_locale":"hr_HR","og_type":"article","og_title":"Modeli BIM e-Chargera V2C","og_description":"Preuzmite BIM modele V2C punja\u010da za integraciju u projekte dizajna, planiranja i vizualizacije","og_url":"https:\/\/v2charge.com\/hr\/modeli-bim-hr-1778308681\/","og_site_name":"V2C","article_publisher":"https:\/\/www.facebook.com\/V2C.Charge","article_modified_time":"2025-04-01T14:48:50+00:00","og_image":[{"url":"https:\/\/v2charge.com\/wp-content\/uploads\/2025\/04\/icono-trydan.png","type":"","width":"","height":""}],"twitter_card":"summary_large_image","twitter_site":"@V2C_Charge","twitter_misc":{"Est. reading time":"2 minute"},"schema":{"@context":"https:\/\/schema.org","@graph":[{"@type":"WebPage","@id":"https:\/\/v2charge.com\/hr\/modeli-bim-hr-1778308681\/","url":"https:\/\/v2charge.com\/hr\/modeli-bim-hr-1778308681\/","name":"Modeli BIM e-Chargera V2C","isPartOf":{"@id":"https:\/\/v2charge.com\/hr\/#website"},"primaryImageOfPage":{"@id":"https:\/\/v2charge.com\/hr\/modeli-bim-hr-1778308681\/#primaryimage"},"image":{"@id":"https:\/\/v2charge.com\/hr\/modeli-bim-hr-1778308681\/#primaryimage"},"thumbnailUrl":"https:\/\/v2charge.com\/wp-content\/uploads\/2025\/04\/icono-trydan.png","datePublished":"2025-04-01T14:11:07+00:00","dateModified":"2025-04-01T14:48:50+00:00","description":"Preuzmite BIM modele V2C punja\u010da za integraciju u projekte dizajna, planiranja i vizualizacije","breadcrumb":{"@id":"https:\/\/v2charge.com\/hr\/modeli-bim-hr-1778308681\/#breadcrumb"},"inLanguage":"hr","potentialAction":[{"@type":"ReadAction","target":["https:\/\/v2charge.com\/hr\/modeli-bim-hr-1778308681\/"]}]},{"@type":"ImageObject","inLanguage":"hr","@id":"https:\/\/v2charge.com\/hr\/modeli-bim-hr-1778308681\/#primaryimage","url":"https:\/\/v2charge.com\/wp-content\/uploads\/2025\/04\/icono-trydan.png","contentUrl":"https:\/\/v2charge.com\/wp-content\/uploads\/2025\/04\/icono-trydan.png"},{"@type":"BreadcrumbList","@id":"https:\/\/v2charge.com\/hr\/modeli-bim-hr-1778308681\/#breadcrumb","itemListElement":[{"@type":"ListItem","position":1,"name":"V2C","item":"https:\/\/v2charge.com\/hr\/"},{"@type":"ListItem","position":2,"name":"Modeli BIM"}]},{"@type":"WebSite","@id":"https:\/\/v2charge.com\/hr\/#website","url":"https:\/\/v2charge.com\/hr\/","name":"V2C","description":"#CargandoElMa\u00f1ana","publisher":{"@id":"https:\/\/v2charge.com\/hr\/#organization"},"potentialAction":[{"@type":"SearchAction","target":{"@type":"EntryPoint","urlTemplate":"https:\/\/v2charge.com\/hr\/?s={search_term_string}"},"query-input":{"@type":"PropertyValueSpecification","valueRequired":true,"valueName":"search_term_string"}}],"inLanguage":"hr"},{"@type":"Organization","@id":"https:\/\/v2charge.com\/hr\/#organization","name":"V2C","url":"https:\/\/v2charge.com\/hr\/","logo":{"@type":"ImageObject","inLanguage":"hr","@id":"https:\/\/v2charge.com\/hr\/#\/schema\/logo\/image\/","url":"https:\/\/v2charge.com\/wp-content\/uploads\/2024\/11\/cropped-v2c-charge-logo-menu.png","contentUrl":"https:\/\/v2charge.com\/wp-content\/uploads\/2024\/11\/cropped-v2c-charge-logo-menu.png","width":984,"height":431,"caption":"V2C"},"image":{"@id":"https:\/\/v2charge.com\/hr\/#\/schema\/logo\/image\/"},"sameAs":["https:\/\/www.facebook.com\/V2C.Charge","https:\/\/x.com\/V2C_Charge","https:\/\/www.instagram.com\/v2c.charge\/","https:\/\/www.youtube.com\/@V2C","https:\/\/www.linkedin.com\/company\/v2c-chargers\/"]}]}},"uagb_featured_image_src":{"full":false,"thumbnail":false,"medium":false,"medium_large":false,"large":false,"gs-tiny":false,"xl":false,"xxl":false,"xxxl":false,"xxxxl":false,"xxxxxl":false,"1536x1536":false,"2048x2048":false},"uagb_author_info":{"display_name":"V2C","author_link":"https:\/\/v2charge.com\/hr\/author\/marketing\/"},"uagb_comment_info":0,"uagb_excerpt":"BIM modeli e-Chargera V2C Stavljamo vam na raspolaganje modele na\u0161ih punja\u010da u razli\u010ditim formatima kako bismo olak\u0161ali njihovu integraciju u projektima dizajna, planiranju i vizualizaciji, optimiziraju\u0107i BIM radni tok i interoperabilnost s drugim programima. BIM modeli u formatima .rfa, .ifc i .fbx Vi\u0161e informacija o razli\u010ditim formatima .rfa &#8211; Revit obitelj datoteka .ifc &#8211; Klase&hellip;","_links":{"self":[{"href":"https:\/\/v2charge.com\/hr\/wp-json\/wp\/v2\/pages\/322435","targetHints":{"allow":["GET"]}}],"collection":[{"href":"https:\/\/v2charge.com\/hr\/wp-json\/wp\/v2\/pages"}],"about":[{"href":"https:\/\/v2charge.com\/hr\/wp-json\/wp\/v2\/types\/page"}],"author":[{"embeddable":true,"href":"https:\/\/v2charge.com\/hr\/wp-json\/wp\/v2\/users\/400"}],"replies":[{"embeddable":true,"href":"https:\/\/v2charge.com\/hr\/wp-json\/wp\/v2\/comments?post=322435"}],"version-history":[{"count":0,"href":"https:\/\/v2charge.com\/hr\/wp-json\/wp\/v2\/pages\/322435\/revisions"}],"wp:attachment":[{"href":"https:\/\/v2charge.com\/hr\/wp-json\/wp\/v2\/media?parent=322435"}],"curies":[{"name":"wp","href":"https:\/\/api.w.org\/{rel}","templated":true}]}}